{"id":130182,"date":"2024-01-27T15:08:58","date_gmt":"2024-01-27T14:08:58","guid":{"rendered":"https:\/\/www.jootjeshaakcadeautjes.nl\/?post_type=product&p=130182"},"modified":"2025-03-11T04:58:55","modified_gmt":"2025-03-11T03:58:55","slug":"perles-de-silicone-blot-de-vache-dalmatier-impression","status":"publish","type":"product","link":"https:\/\/www.jootjeshaakcadeautjes.nl\/fr\/produit\/perles-de-silicone-blot-de-vache-dalmatier-impression\/","title":{"rendered":"Perles en silicone &#8211; Imprim\u00e9 tache de vache\/dalmatien &#8211; Acheter par couleur"},"content":{"rendered":"<h2>Achats par couleur &#8211; Tache de vache\/Imprim\u00e9 dalmatien<\/h2>\n<p>Dans cette pr\u00e9sentation de produits, nous avons regroup\u00e9 tous nos accessoires assortis aux perles imprim\u00e9es Tache de vache\/Dalmatien en un seul produit. Vous pouvez ainsi commander facilement et rapidement toutes les perles de base et les perles de luxe monocolores disponibles dans l&#8217;impression Cow Spot\/Dalmatian. Il est ainsi beaucoup plus facile d&#8217;acheter tous vos articles pr\u00e9f\u00e9r\u00e9s en perles de silicone dans une seule et m\u00eame couleur.<\/p>\n","protected":false},"excerpt":{"rendered":"<p>Couleur : Cowslip\/Dalmatian print<br \/>\nForme : s\u00e9lectionnez la forme et la taille souhait\u00e9es.<br \/>\nMat\u00e9riau : 100% silicone sans danger pour les b\u00e9b\u00e9s, sans bpa, test\u00e9 en toute s\u00e9curit\u00e9 conform\u00e9ment aux directives EN-71 et donc adapt\u00e9 aux produits finis certifi\u00e9s CE.<\/p>\n","protected":false},"featured_media":80269,"template":"","meta":[],"product_brand":[],"product_cat":[7192,10112,6992],"product_tag":[10120,7476,7384,10143,7401,10126,7424,7455,7463,10138,10132,7418,7440,10518,10512,7513,10140,10115,10515,7619,10136,7408],"class_list":{"0":"post-130182","1":"product","2":"type-product","3":"status-publish","4":"has-post-thumbnail","6":"product_cat-gamme-complete","7":"product_cat-perles-de-silicone-boutique-par-couleur","8":"product_cat-perles-en-silicone-sans-bpa-grossiste","9":"product_tag-achats","10":"product_tag-acheter","11":"product_tag-anneau-de-dentition","12":"product_tag-anneau-de-dentition-3d","13":"product_tag-bebe","14":"product_tag-bouchon-de-vin","15":"product_tag-bpa-fr","16":"product_tag-chaine-de-landau","17":"product_tag-commerce-de-gros","18":"product_tag-crochet-pour-sac-fr","19":"product_tag-decapsuleur","20":"product_tag-faux-cordon","21":"product_tag-gratuit","22":"product_tag-happy-feet-print-fr","23":"product_tag-heureux","24":"product_tag-imprimer","25":"product_tag-jaszipper-fr","26":"product_tag-perles-de-silicone","27":"product_tag-pieds","28":"product_tag-porte-cles","29":"product_tag-rapide","30":"product_tag-sur","32":"first","33":"instock","34":"taxable","35":"shipping-taxable","36":"product-type-grouped"},"bundled_by":[],"bundle_stock_status":"instock","bundle_stock_quantity":null,"bundle_virtual":false,"bundle_layout":"","bundle_add_to_cart_form_location":"","bundle_editable_in_cart":false,"bundle_sold_individually_context":"","bundle_item_grouping":"","bundle_min_size":"","bundle_max_size":"","bundle_price":[],"bundled_items":[],"bundle_sell_ids":[],"yoast_head":"<!-- This site is optimized with the Yoast SEO Premium plugin v27.6 (Yoast SEO v27.6) - https:\/\/yoast.com\/product\/yoast-seo-premium-wordpress\/ -->\n<title>Perles en silicone - Happy Feet Print<\/title>\n<meta name=\"description\" content=\"Achetez nos perles de silicone en couleur Happy Feet Print pour les utiliser comme cordon de t\u00e9tine, anneau de dentition, balan\u00e7oire de landau, porte-cl\u00e9s et bien d&#039;autres choses encore.\" \/>\n<meta name=\"robots\" content=\"index, follow, max-snippet:-1, max-image-preview:large, max-video-preview:-1\" \/>\n<link rel=\"canonical\" href=\"https:\/\/www.jootjeshaakcadeautjes.nl\/fr\/produit\/perles-de-silicone-blot-de-vache-dalmatier-impression\/\" \/>\n<meta property=\"og:locale\" content=\"fr_FR\" \/>\n<meta property=\"og:type\" content=\"article\" \/>\n<meta property=\"og:title\" content=\"Perles en silicone - Imprim\u00e9 tache de vache\/dalmatien - Acheter par couleur\" \/>\n<meta property=\"og:description\" content=\"Achetez nos perles de silicone en couleur Happy Feet Print pour les utiliser comme cordon de t\u00e9tine, anneau de dentition, balan\u00e7oire de landau, porte-cl\u00e9s et bien d&#039;autres choses encore.\" \/>\n<meta property=\"og:url\" content=\"https:\/\/www.jootjeshaakcadeautjes.nl\/fr\/produit\/perles-de-silicone-blot-de-vache-dalmatier-impression\/\" \/>\n<meta property=\"og:site_name\" content=\"Jootjes Haakcadeautjes\" \/>\n<meta property=\"article:modified_time\" content=\"2025-03-11T03:58:55+00:00\" \/>\n<meta property=\"og:image\" content=\"https:\/\/www.jootjeshaakcadeautjes.nl\/wp-content\/uploads\/2022\/05\/20220501_110805.jpg\" \/>\n\t<meta property=\"og:image:width\" content=\"1539\" \/>\n\t<meta property=\"og:image:height\" content=\"1539\" \/>\n\t<meta property=\"og:image:type\" content=\"image\/jpeg\" \/>\n<meta name=\"twitter:card\" content=\"summary_large_image\" \/>\n<meta name=\"twitter:label1\" content=\"Disponibilit\u00e9\" \/>\n\t<meta name=\"twitter:data1\" content=\"En stock\" \/>\n<script type=\"application\/ld+json\" class=\"yoast-schema-graph\">{\"@context\":\"https:\\\/\\\/schema.org\",\"@graph\":[{\"@type\":\"WebPage\",\"@id\":\"https:\\\/\\\/www.jootjeshaakcadeautjes.nl\\\/fr\\\/produit\\\/perles-de-silicone-blot-de-vache-dalmatier-impression\\\/\",\"url\":\"https:\\\/\\\/www.jootjeshaakcadeautjes.nl\\\/fr\\\/produit\\\/perles-de-silicone-blot-de-vache-dalmatier-impression\\\/\",\"name\":\"Perles en silicone - Happy Feet Print\",\"isPartOf\":{\"@id\":\"https:\\\/\\\/www.jootjeshaakcadeautjes.nl\\\/fr\\\/#website\"},\"primaryImageOfPage\":{\"@id\":\"https:\\\/\\\/www.jootjeshaakcadeautjes.nl\\\/fr\\\/produit\\\/perles-de-silicone-blot-de-vache-dalmatier-impression\\\/#primaryimage\"},\"image\":{\"@id\":\"https:\\\/\\\/www.jootjeshaakcadeautjes.nl\\\/fr\\\/produit\\\/perles-de-silicone-blot-de-vache-dalmatier-impression\\\/#primaryimage\"},\"thumbnailUrl\":\"https:\\\/\\\/d1dyryakdmle7o.cloudfront.net\\\/wp-content\\\/uploads\\\/2022\\\/05\\\/20220501_110805.jpg\",\"datePublished\":\"2024-01-27T14:08:58+00:00\",\"dateModified\":\"2025-03-11T03:58:55+00:00\",\"description\":\"Achetez nos perles de silicone en couleur Happy Feet Print pour les utiliser comme cordon de t\u00e9tine, anneau de dentition, balan\u00e7oire de landau, porte-cl\u00e9s et bien d'autres choses encore.\",\"breadcrumb\":{\"@id\":\"https:\\\/\\\/www.jootjeshaakcadeautjes.nl\\\/fr\\\/produit\\\/perles-de-silicone-blot-de-vache-dalmatier-impression\\\/#breadcrumb\"},\"inLanguage\":\"fr-FR\",\"potentialAction\":[{\"@type\":\"ReadAction\",\"target\":[\"https:\\\/\\\/www.jootjeshaakcadeautjes.nl\\\/fr\\\/produit\\\/perles-de-silicone-blot-de-vache-dalmatier-impression\\\/\"]}]},{\"@type\":\"ImageObject\",\"inLanguage\":\"fr-FR\",\"@id\":\"https:\\\/\\\/www.jootjeshaakcadeautjes.nl\\\/fr\\\/produit\\\/perles-de-silicone-blot-de-vache-dalmatier-impression\\\/#primaryimage\",\"url\":\"https:\\\/\\\/d1dyryakdmle7o.cloudfront.net\\\/wp-content\\\/uploads\\\/2022\\\/05\\\/20220501_110805.jpg\",\"contentUrl\":\"https:\\\/\\\/d1dyryakdmle7o.cloudfront.net\\\/wp-content\\\/uploads\\\/2022\\\/05\\\/20220501_110805.jpg\",\"width\":1539,\"height\":1539,\"caption\":\"Perles en silicone impression animaux pieds heureux chien achat en gros ronde\"},{\"@type\":\"BreadcrumbList\",\"@id\":\"https:\\\/\\\/www.jootjeshaakcadeautjes.nl\\\/fr\\\/produit\\\/perles-de-silicone-blot-de-vache-dalmatier-impression\\\/#breadcrumb\",\"itemListElement\":[{\"@type\":\"ListItem\",\"position\":1,\"name\":\"Accueil\",\"item\":\"https:\\\/\\\/www.jootjeshaakcadeautjes.nl\\\/fr\\\/\"},{\"@type\":\"ListItem\",\"position\":2,\"name\":\"Commerce de gros de perles en silicone &#8211; Entreprises et consommateurs\",\"item\":\"https:\\\/\\\/www.jootjeshaakcadeautjes.nl\\\/fr\\\/boutique\\\/\"},{\"@type\":\"ListItem\",\"position\":3,\"name\":\"Perles en silicone &#8211; Imprim\u00e9 tache de vache\\\/dalmatien &#8211; Acheter par couleur\"}]},{\"@type\":\"WebSite\",\"@id\":\"https:\\\/\\\/www.jootjeshaakcadeautjes.nl\\\/fr\\\/#website\",\"url\":\"https:\\\/\\\/www.jootjeshaakcadeautjes.nl\\\/fr\\\/\",\"name\":\"Jootjes Haakcadeautjes\",\"description\":\"Grossiste en perles de silicone\",\"publisher\":{\"@id\":\"https:\\\/\\\/www.jootjeshaakcadeautjes.nl\\\/fr\\\/#organization\"},\"potentialAction\":[{\"@type\":\"SearchAction\",\"target\":{\"@type\":\"EntryPoint\",\"urlTemplate\":\"https:\\\/\\\/www.jootjeshaakcadeautjes.nl\\\/fr\\\/?s={search_term_string}\"},\"query-input\":{\"@type\":\"PropertyValueSpecification\",\"valueRequired\":true,\"valueName\":\"search_term_string\"}}],\"inLanguage\":\"fr-FR\"},{\"@type\":\"Organization\",\"@id\":\"https:\\\/\\\/www.jootjeshaakcadeautjes.nl\\\/fr\\\/#organization\",\"name\":\"Jootjes Haakcadeautjes\",\"url\":\"https:\\\/\\\/www.jootjeshaakcadeautjes.nl\\\/fr\\\/\",\"logo\":{\"@type\":\"ImageObject\",\"inLanguage\":\"fr-FR\",\"@id\":\"https:\\\/\\\/www.jootjeshaakcadeautjes.nl\\\/fr\\\/#\\\/schema\\\/logo\\\/image\\\/\",\"url\":\"https:\\\/\\\/d1dyryakdmle7o.cloudfront.net\\\/wp-content\\\/uploads\\\/2023\\\/05\\\/Logo-rond.png\",\"contentUrl\":\"https:\\\/\\\/d1dyryakdmle7o.cloudfront.net\\\/wp-content\\\/uploads\\\/2023\\\/05\\\/Logo-rond.png\",\"width\":1222,\"height\":1222,\"caption\":\"Jootjes Haakcadeautjes\"},\"image\":{\"@id\":\"https:\\\/\\\/www.jootjeshaakcadeautjes.nl\\\/fr\\\/#\\\/schema\\\/logo\\\/image\\\/\"}}]}<\/script>\n<meta property=\"og:availability\" content=\"instock\" \/>\n<meta property=\"product:availability\" content=\"instock\" \/>\n<meta property=\"product:retailer_item_id\" content=\"SLK-KRA-HAF-1\" \/>\n<meta property=\"product:condition\" content=\"new\" \/>\n<!-- \/ Yoast SEO Premium plugin. -->","yoast_head_json":{"title":"Perles en silicone - Happy Feet Print","description":"Achetez nos perles de silicone en couleur Happy Feet Print pour les utiliser comme cordon de t\u00e9tine, anneau de dentition, balan\u00e7oire de landau, porte-cl\u00e9s et bien d'autres choses encore.","robots":{"index":"index","follow":"follow","max-snippet":"max-snippet:-1","max-image-preview":"max-image-preview:large","max-video-preview":"max-video-preview:-1"},"canonical":"https:\/\/www.jootjeshaakcadeautjes.nl\/fr\/produit\/perles-de-silicone-blot-de-vache-dalmatier-impression\/","og_locale":"fr_FR","og_type":"article","og_title":"Perles en silicone - Imprim\u00e9 tache de vache\/dalmatien - Acheter par couleur","og_description":"Achetez nos perles de silicone en couleur Happy Feet Print pour les utiliser comme cordon de t\u00e9tine, anneau de dentition, balan\u00e7oire de landau, porte-cl\u00e9s et bien d'autres choses encore.","og_url":"https:\/\/www.jootjeshaakcadeautjes.nl\/fr\/produit\/perles-de-silicone-blot-de-vache-dalmatier-impression\/","og_site_name":"Jootjes Haakcadeautjes","article_modified_time":"2025-03-11T03:58:55+00:00","og_image":[{"width":1539,"height":1539,"url":"https:\/\/www.jootjeshaakcadeautjes.nl\/wp-content\/uploads\/2022\/05\/20220501_110805.jpg","type":"image\/jpeg"}],"twitter_card":"summary_large_image","twitter_misc":{"Disponibilit\u00e9":"En stock"},"schema":{"@context":"https:\/\/schema.org","@graph":[{"@type":"WebPage","@id":"https:\/\/www.jootjeshaakcadeautjes.nl\/fr\/produit\/perles-de-silicone-blot-de-vache-dalmatier-impression\/","url":"https:\/\/www.jootjeshaakcadeautjes.nl\/fr\/produit\/perles-de-silicone-blot-de-vache-dalmatier-impression\/","name":"Perles en silicone - Happy Feet Print","isPartOf":{"@id":"https:\/\/www.jootjeshaakcadeautjes.nl\/fr\/#website"},"primaryImageOfPage":{"@id":"https:\/\/www.jootjeshaakcadeautjes.nl\/fr\/produit\/perles-de-silicone-blot-de-vache-dalmatier-impression\/#primaryimage"},"image":{"@id":"https:\/\/www.jootjeshaakcadeautjes.nl\/fr\/produit\/perles-de-silicone-blot-de-vache-dalmatier-impression\/#primaryimage"},"thumbnailUrl":"https:\/\/d1dyryakdmle7o.cloudfront.net\/wp-content\/uploads\/2022\/05\/20220501_110805.jpg","datePublished":"2024-01-27T14:08:58+00:00","dateModified":"2025-03-11T03:58:55+00:00","description":"Achetez nos perles de silicone en couleur Happy Feet Print pour les utiliser comme cordon de t\u00e9tine, anneau de dentition, balan\u00e7oire de landau, porte-cl\u00e9s et bien d'autres choses encore.","breadcrumb":{"@id":"https:\/\/www.jootjeshaakcadeautjes.nl\/fr\/produit\/perles-de-silicone-blot-de-vache-dalmatier-impression\/#breadcrumb"},"inLanguage":"fr-FR","potentialAction":[{"@type":"ReadAction","target":["https:\/\/www.jootjeshaakcadeautjes.nl\/fr\/produit\/perles-de-silicone-blot-de-vache-dalmatier-impression\/"]}]},{"@type":"ImageObject","inLanguage":"fr-FR","@id":"https:\/\/www.jootjeshaakcadeautjes.nl\/fr\/produit\/perles-de-silicone-blot-de-vache-dalmatier-impression\/#primaryimage","url":"https:\/\/d1dyryakdmle7o.cloudfront.net\/wp-content\/uploads\/2022\/05\/20220501_110805.jpg","contentUrl":"https:\/\/d1dyryakdmle7o.cloudfront.net\/wp-content\/uploads\/2022\/05\/20220501_110805.jpg","width":1539,"height":1539,"caption":"Perles en silicone impression animaux pieds heureux chien achat en gros ronde"},{"@type":"BreadcrumbList","@id":"https:\/\/www.jootjeshaakcadeautjes.nl\/fr\/produit\/perles-de-silicone-blot-de-vache-dalmatier-impression\/#breadcrumb","itemListElement":[{"@type":"ListItem","position":1,"name":"Accueil","item":"https:\/\/www.jootjeshaakcadeautjes.nl\/fr\/"},{"@type":"ListItem","position":2,"name":"Commerce de gros de perles en silicone &#8211; Entreprises et consommateurs","item":"https:\/\/www.jootjeshaakcadeautjes.nl\/fr\/boutique\/"},{"@type":"ListItem","position":3,"name":"Perles en silicone &#8211; Imprim\u00e9 tache de vache\/dalmatien &#8211; Acheter par couleur"}]},{"@type":"WebSite","@id":"https:\/\/www.jootjeshaakcadeautjes.nl\/fr\/#website","url":"https:\/\/www.jootjeshaakcadeautjes.nl\/fr\/","name":"Jootjes Haakcadeautjes","description":"Grossiste en perles de silicone","publisher":{"@id":"https:\/\/www.jootjeshaakcadeautjes.nl\/fr\/#organization"},"potentialAction":[{"@type":"SearchAction","target":{"@type":"EntryPoint","urlTemplate":"https:\/\/www.jootjeshaakcadeautjes.nl\/fr\/?s={search_term_string}"},"query-input":{"@type":"PropertyValueSpecification","valueRequired":true,"valueName":"search_term_string"}}],"inLanguage":"fr-FR"},{"@type":"Organization","@id":"https:\/\/www.jootjeshaakcadeautjes.nl\/fr\/#organization","name":"Jootjes Haakcadeautjes","url":"https:\/\/www.jootjeshaakcadeautjes.nl\/fr\/","logo":{"@type":"ImageObject","inLanguage":"fr-FR","@id":"https:\/\/www.jootjeshaakcadeautjes.nl\/fr\/#\/schema\/logo\/image\/","url":"https:\/\/d1dyryakdmle7o.cloudfront.net\/wp-content\/uploads\/2023\/05\/Logo-rond.png","contentUrl":"https:\/\/d1dyryakdmle7o.cloudfront.net\/wp-content\/uploads\/2023\/05\/Logo-rond.png","width":1222,"height":1222,"caption":"Jootjes Haakcadeautjes"},"image":{"@id":"https:\/\/www.jootjeshaakcadeautjes.nl\/fr\/#\/schema\/logo\/image\/"}}]},"og_availability":"instock","product_availability":"instock","product_retailer_item_id":"SLK-KRA-HAF-1","product_condition":"new"},"_links":{"self":[{"href":"https:\/\/www.jootjeshaakcadeautjes.nl\/fr\/wp-json\/wp\/v2\/product\/130182","targetHints":{"allow":["GET"]}}],"collection":[{"href":"https:\/\/www.jootjeshaakcadeautjes.nl\/fr\/wp-json\/wp\/v2\/product"}],"about":[{"href":"https:\/\/www.jootjeshaakcadeautjes.nl\/fr\/wp-json\/wp\/v2\/types\/product"}],"version-history":[{"count":0,"href":"https:\/\/www.jootjeshaakcadeautjes.nl\/fr\/wp-json\/wp\/v2\/product\/130182\/revisions"}],"wp:featuredmedia":[{"embeddable":true,"href":"https:\/\/www.jootjeshaakcadeautjes.nl\/fr\/wp-json\/wp\/v2\/media\/80269"}],"wp:attachment":[{"href":"https:\/\/www.jootjeshaakcadeautjes.nl\/fr\/wp-json\/wp\/v2\/media?parent=130182"}],"wp:term":[{"taxonomy":"product_brand","embeddable":true,"href":"https:\/\/www.jootjeshaakcadeautjes.nl\/fr\/wp-json\/wp\/v2\/product_brand?post=130182"},{"taxonomy":"product_cat","embeddable":true,"href":"https:\/\/www.jootjeshaakcadeautjes.nl\/fr\/wp-json\/wp\/v2\/product_cat?post=130182"},{"taxonomy":"product_tag","embeddable":true,"href":"https:\/\/www.jootjeshaakcadeautjes.nl\/fr\/wp-json\/wp\/v2\/product_tag?post=130182"}],"curies":[{"name":"wp","href":"https:\/\/api.w.org\/{rel}","templated":true}]}}