{"id":130186,"date":"2024-04-04T14:15:12","date_gmt":"2024-04-04T13:15:12","guid":{"rendered":"https:\/\/www.jootjeshaakcadeautjes.nl\/product\/bagues-en-hetre-10-cm-15mm-epais-lustre-et-non-traite\/"},"modified":"2025-08-26T15:48:27","modified_gmt":"2025-08-26T13:48:27","slug":"bagues-en-hetre-10-cm-15mm-epais-lustre-et-non-traite","status":"publish","type":"product","link":"https:\/\/www.jootjeshaakcadeautjes.nl\/fr\/produit\/bagues-en-hetre-10-cm-15mm-epais-lustre-et-non-traite\/","title":{"rendered":"Anneaux en bois de h\u00eatre &#8211; 10 cm &#8211; 15 mm d&#8217;\u00e9paisseur &#8211; Lisses, brillants et non trait\u00e9s"},"content":{"rendered":"<h3><span style=\"color: #48046d;\">Anneaux en h\u00eatre 10 cm &#8211; Anneau en bois de h\u00eatre de 10 cm, 15 mm d&#8217;\u00e9paisseur &#8211; Cr\u00e9ez votre propre anneau de dentition en bois &#8211; Extra lisse et brillant mais non trait\u00e9.<\/span><\/h3>\n<p><strong>Nom : <\/strong>Anneaux de h\u00eatre vierges\/non trait\u00e9s de 10 cm de diam\u00e8tre (diam\u00e8tre ext\u00e9rieur), lisses et brillants sans traitement. Grain de bois visible.<br \/>\n<strong>Mat\u00e9riau : <\/strong>H\u00eatre naturel de haute qualit\u00e9, non trait\u00e9, d&#8217;une \u00e9paisseur de 15 mm. Fabriqu\u00e9 exclusivement <span style=\"text-decoration: underline;\">sans<\/span> utilisation de produits chimiques, contrairement aux anneaux pour rideaux et autres anneaux de moindre qualit\u00e9.<br \/>\n<strong>Transformation\/taille : <\/strong>parfaitement rond, 10 cm \/ 100 mm. \u00e9paisseur 15 mm.<\/p>\n<p style=\"text-align: center;\">\n","protected":false},"excerpt":{"rendered":"<h4><span style=\"color: #48046d;\">Anneaux en bois de h\u00eatre 10,0 cm \/ 100 mm\/ 15 mm d&#8217;\u00e9paisseur<\/span><\/h4>\n<ul>\n<li><span style=\"color: #000000;\">Anneau en bois de h\u00eatre.<\/span><\/li>\n<li><span style=\"color: #000000;\">Finition lisse et brillante avec des veines de bois visibles sans traitement.<\/span><\/li>\n<li><span style=\"color: #000000;\">Produit naturel  <\/span><\/li>\n<li><span style=\"color: #000000;\">Test\u00e9 chimiquement et totalement s\u00fbr<\/span><\/li>\n<\/ul>\n<p><span style=\"color: #000000;\">Taille ext\u00e9rieure 10,0 cm\/100 mm, \u00e9paisseur 15 mm<br \/>\nTaille id\u00e9ale de l&#8217;anneau en bois pour la fabrication d&#8217;un anneau de dentition en bois crochet\u00e9.<br \/>\n<\/span><span style=\"color: #000000;\">d&#8217;un anneau de dentition en bois crochet\u00e9.<\/span><\/p>\n<p>&nbsp;<\/p>\n","protected":false},"featured_media":89639,"template":"","meta":[],"product_brand":[],"product_cat":[12293,12292,12294,7378],"product_tag":[12297,12325,12307,12298,12317,7384,12300,12312,10409,12316,7455,7421,7197,7418,10286,12313,12321,12301,12299,12303],"class_list":{"0":"post-130186","1":"product","2":"type-product","3":"status-publish","4":"has-post-thumbnail","6":"product_cat-anneaux-de-dentition-bebe-silicone-et-bois","7":"product_cat-anneaux-en-bois","8":"product_cat-anneaux-en-bois-pour-le-macrame-et-le-crochet","9":"product_cat-fabrication-de-jouets-de-dentition-pour-bebe-cordon-de-sucette-et-anneaux-de-dentition","10":"product_tag-10-fr","11":"product_tag-10-cm-fr","12":"product_tag-15-mm-fr","13":"product_tag-anneau","14":"product_tag-anneau-au-crochet","15":"product_tag-anneau-de-dentition","16":"product_tag-anneaux","17":"product_tag-babygym-fr","18":"product_tag-bois-fr","19":"product_tag-brut","20":"product_tag-chaine-de-landau","21":"product_tag-cm-fr","22":"product_tag-en-bois","23":"product_tag-faux-cordon","24":"product_tag-faux-cordon-fr","25":"product_tag-gymnastique-pour-bebes","26":"product_tag-hochet-fr","27":"product_tag-hochet","28":"product_tag-morsure-fr","29":"product_tag-oreilles-de-lapin","31":"first","32":"instock","33":"taxable","34":"shipping-taxable","35":"purchasable","36":"product-type-simple"},"bundled_by":[],"bundle_stock_status":"instock","bundle_stock_quantity":205,"bundle_virtual":false,"bundle_layout":"","bundle_add_to_cart_form_location":"","bundle_editable_in_cart":false,"bundle_sold_individually_context":"","bundle_item_grouping":"","bundle_min_size":"","bundle_max_size":"","bundle_price":[],"bundled_items":[],"bundle_sell_ids":[],"yoast_head":"<!-- This site is optimized with the Yoast SEO Premium plugin v27.6 (Yoast SEO v27.6) - https:\/\/yoast.com\/product\/yoast-seo-premium-wordpress\/ -->\n<title>Anneaux en bois 7 cm - Anneau en bois 7 cm - Cr\u00e9ez votre propre anneau de dentition en bois<\/title>\n<meta name=\"description\" content=\"Vous cherchez des anneaux en bois de 7 cm pour fabriquer votre propre anneau de dentition en bois ou un anneau en bois de 70 mm pour un hochet en bois ? Anneau en bois 7 cm \u20ac0.80\/pi\u00e8ce !\" \/>\n<meta name=\"robots\" content=\"index, follow, max-snippet:-1, max-image-preview:large, max-video-preview:-1\" \/>\n<link rel=\"canonical\" href=\"https:\/\/www.jootjeshaakcadeautjes.nl\/fr\/produit\/bagues-en-hetre-10-cm-15mm-epais-lustre-et-non-traite\/\" \/>\n<meta property=\"og:locale\" content=\"fr_FR\" \/>\n<meta property=\"og:type\" content=\"article\" \/>\n<meta property=\"og:title\" content=\"Anneaux en bois de h\u00eatre - 10 cm - 15 mm d&#039;\u00e9paisseur - Lisses, brillants et non trait\u00e9s\" \/>\n<meta property=\"og:description\" content=\"Vous cherchez des anneaux en bois de 7 cm pour fabriquer votre propre anneau de dentition en bois ou un anneau en bois de 70 mm pour un hochet en bois ? Anneau en bois 7 cm \u20ac0.80\/pi\u00e8ce !\" \/>\n<meta property=\"og:url\" content=\"https:\/\/www.jootjeshaakcadeautjes.nl\/fr\/produit\/bagues-en-hetre-10-cm-15mm-epais-lustre-et-non-traite\/\" \/>\n<meta property=\"og:site_name\" content=\"Jootjes Haakcadeautjes\" \/>\n<meta property=\"article:modified_time\" content=\"2025-08-26T13:48:27+00:00\" \/>\n<meta property=\"og:image\" content=\"https:\/\/www.jootjeshaakcadeautjes.nl\/wp-content\/uploads\/2023\/07\/20200612_170146-2.jpg\" \/>\n\t<meta property=\"og:image:width\" content=\"2048\" \/>\n\t<meta property=\"og:image:height\" content=\"2048\" \/>\n\t<meta property=\"og:image:type\" content=\"image\/jpeg\" \/>\n<meta name=\"twitter:card\" content=\"summary_large_image\" \/>\n<meta name=\"twitter:label1\" content=\"Prix\" \/>\n\t<meta name=\"twitter:data1\" content=\"&euro;1.90 TTC\" \/>\n\t<meta name=\"twitter:label2\" content=\"Disponibilit\u00e9\" \/>\n\t<meta name=\"twitter:data2\" content=\"En stock\" \/>\n<script type=\"application\/ld+json\" class=\"yoast-schema-graph\">{\"@context\":\"https:\\\/\\\/schema.org\",\"@graph\":[{\"@type\":\"WebPage\",\"@id\":\"https:\\\/\\\/www.jootjeshaakcadeautjes.nl\\\/fr\\\/produit\\\/bagues-en-hetre-10-cm-15mm-epais-lustre-et-non-traite\\\/\",\"url\":\"https:\\\/\\\/www.jootjeshaakcadeautjes.nl\\\/fr\\\/produit\\\/bagues-en-hetre-10-cm-15mm-epais-lustre-et-non-traite\\\/\",\"name\":\"Anneaux en bois 7 cm - Anneau en bois 7 cm - Cr\u00e9ez votre propre anneau de dentition en bois\",\"isPartOf\":{\"@id\":\"https:\\\/\\\/www.jootjeshaakcadeautjes.nl\\\/fr\\\/#website\"},\"primaryImageOfPage\":{\"@id\":\"https:\\\/\\\/www.jootjeshaakcadeautjes.nl\\\/fr\\\/produit\\\/bagues-en-hetre-10-cm-15mm-epais-lustre-et-non-traite\\\/#primaryimage\"},\"image\":{\"@id\":\"https:\\\/\\\/www.jootjeshaakcadeautjes.nl\\\/fr\\\/produit\\\/bagues-en-hetre-10-cm-15mm-epais-lustre-et-non-traite\\\/#primaryimage\"},\"thumbnailUrl\":\"https:\\\/\\\/d1dyryakdmle7o.cloudfront.net\\\/wp-content\\\/uploads\\\/2023\\\/07\\\/20200612_170146-2.jpg\",\"datePublished\":\"2024-04-04T13:15:12+00:00\",\"dateModified\":\"2025-08-26T13:48:27+00:00\",\"description\":\"Vous cherchez des anneaux en bois de 7 cm pour fabriquer votre propre anneau de dentition en bois ou un anneau en bois de 70 mm pour un hochet en bois ? Anneau en bois 7 cm \u20ac0.80\\\/pi\u00e8ce !\",\"breadcrumb\":{\"@id\":\"https:\\\/\\\/www.jootjeshaakcadeautjes.nl\\\/fr\\\/produit\\\/bagues-en-hetre-10-cm-15mm-epais-lustre-et-non-traite\\\/#breadcrumb\"},\"inLanguage\":\"fr-FR\",\"potentialAction\":[{\"@type\":\"ReadAction\",\"target\":[\"https:\\\/\\\/www.jootjeshaakcadeautjes.nl\\\/fr\\\/produit\\\/bagues-en-hetre-10-cm-15mm-epais-lustre-et-non-traite\\\/\"]}]},{\"@type\":\"ImageObject\",\"inLanguage\":\"fr-FR\",\"@id\":\"https:\\\/\\\/www.jootjeshaakcadeautjes.nl\\\/fr\\\/produit\\\/bagues-en-hetre-10-cm-15mm-epais-lustre-et-non-traite\\\/#primaryimage\",\"url\":\"https:\\\/\\\/d1dyryakdmle7o.cloudfront.net\\\/wp-content\\\/uploads\\\/2023\\\/07\\\/20200612_170146-2.jpg\",\"contentUrl\":\"https:\\\/\\\/d1dyryakdmle7o.cloudfront.net\\\/wp-content\\\/uploads\\\/2023\\\/07\\\/20200612_170146-2.jpg\",\"width\":2048,\"height\":2048,\"caption\":\"Anneaux de dentition en bois de h\u00eatre bpa free baby wholesale dummy cord babygym\"},{\"@type\":\"BreadcrumbList\",\"@id\":\"https:\\\/\\\/www.jootjeshaakcadeautjes.nl\\\/fr\\\/produit\\\/bagues-en-hetre-10-cm-15mm-epais-lustre-et-non-traite\\\/#breadcrumb\",\"itemListElement\":[{\"@type\":\"ListItem\",\"position\":1,\"name\":\"Accueil\",\"item\":\"https:\\\/\\\/www.jootjeshaakcadeautjes.nl\\\/fr\\\/\"},{\"@type\":\"ListItem\",\"position\":2,\"name\":\"Commerce de gros de perles en silicone &#8211; Entreprises et consommateurs\",\"item\":\"https:\\\/\\\/www.jootjeshaakcadeautjes.nl\\\/fr\\\/boutique\\\/\"},{\"@type\":\"ListItem\",\"position\":3,\"name\":\"Anneaux en bois de h\u00eatre &#8211; 10 cm &#8211; 15 mm d&#8217;\u00e9paisseur &#8211; Lisses, brillants et non trait\u00e9s\"}]},{\"@type\":\"WebSite\",\"@id\":\"https:\\\/\\\/www.jootjeshaakcadeautjes.nl\\\/fr\\\/#website\",\"url\":\"https:\\\/\\\/www.jootjeshaakcadeautjes.nl\\\/fr\\\/\",\"name\":\"Jootjes Haakcadeautjes\",\"description\":\"Grossiste en perles de silicone\",\"publisher\":{\"@id\":\"https:\\\/\\\/www.jootjeshaakcadeautjes.nl\\\/fr\\\/#organization\"},\"potentialAction\":[{\"@type\":\"SearchAction\",\"target\":{\"@type\":\"EntryPoint\",\"urlTemplate\":\"https:\\\/\\\/www.jootjeshaakcadeautjes.nl\\\/fr\\\/?s={search_term_string}\"},\"query-input\":{\"@type\":\"PropertyValueSpecification\",\"valueRequired\":true,\"valueName\":\"search_term_string\"}}],\"inLanguage\":\"fr-FR\"},{\"@type\":\"Organization\",\"@id\":\"https:\\\/\\\/www.jootjeshaakcadeautjes.nl\\\/fr\\\/#organization\",\"name\":\"Jootjes Haakcadeautjes\",\"url\":\"https:\\\/\\\/www.jootjeshaakcadeautjes.nl\\\/fr\\\/\",\"logo\":{\"@type\":\"ImageObject\",\"inLanguage\":\"fr-FR\",\"@id\":\"https:\\\/\\\/www.jootjeshaakcadeautjes.nl\\\/fr\\\/#\\\/schema\\\/logo\\\/image\\\/\",\"url\":\"https:\\\/\\\/d1dyryakdmle7o.cloudfront.net\\\/wp-content\\\/uploads\\\/2023\\\/05\\\/Logo-rond.png\",\"contentUrl\":\"https:\\\/\\\/d1dyryakdmle7o.cloudfront.net\\\/wp-content\\\/uploads\\\/2023\\\/05\\\/Logo-rond.png\",\"width\":1222,\"height\":1222,\"caption\":\"Jootjes Haakcadeautjes\"},\"image\":{\"@id\":\"https:\\\/\\\/www.jootjeshaakcadeautjes.nl\\\/fr\\\/#\\\/schema\\\/logo\\\/image\\\/\"}}]}<\/script>\n<meta property=\"product:price:amount\" content=\"1.90\" \/>\n<meta property=\"product:price:currency\" content=\"EUR\" \/>\n<meta property=\"og:availability\" content=\"instock\" \/>\n<meta property=\"product:availability\" content=\"instock\" \/>\n<meta property=\"product:retailer_item_id\" content=\"RIN-BHO-010-15\" \/>\n<meta property=\"product:condition\" content=\"new\" \/>\n<!-- \/ Yoast SEO Premium plugin. -->","yoast_head_json":{"title":"Anneaux en bois 7 cm - Anneau en bois 7 cm - Cr\u00e9ez votre propre anneau de dentition en bois","description":"Vous cherchez des anneaux en bois de 7 cm pour fabriquer votre propre anneau de dentition en bois ou un anneau en bois de 70 mm pour un hochet en bois ? Anneau en bois 7 cm \u20ac0.80\/pi\u00e8ce !","robots":{"index":"index","follow":"follow","max-snippet":"max-snippet:-1","max-image-preview":"max-image-preview:large","max-video-preview":"max-video-preview:-1"},"canonical":"https:\/\/www.jootjeshaakcadeautjes.nl\/fr\/produit\/bagues-en-hetre-10-cm-15mm-epais-lustre-et-non-traite\/","og_locale":"fr_FR","og_type":"article","og_title":"Anneaux en bois de h\u00eatre - 10 cm - 15 mm d'\u00e9paisseur - Lisses, brillants et non trait\u00e9s","og_description":"Vous cherchez des anneaux en bois de 7 cm pour fabriquer votre propre anneau de dentition en bois ou un anneau en bois de 70 mm pour un hochet en bois ? Anneau en bois 7 cm \u20ac0.80\/pi\u00e8ce !","og_url":"https:\/\/www.jootjeshaakcadeautjes.nl\/fr\/produit\/bagues-en-hetre-10-cm-15mm-epais-lustre-et-non-traite\/","og_site_name":"Jootjes Haakcadeautjes","article_modified_time":"2025-08-26T13:48:27+00:00","og_image":[{"width":2048,"height":2048,"url":"https:\/\/www.jootjeshaakcadeautjes.nl\/wp-content\/uploads\/2023\/07\/20200612_170146-2.jpg","type":"image\/jpeg"}],"twitter_card":"summary_large_image","twitter_misc":{"Prix":"&euro;1.90 TTC","Disponibilit\u00e9":"En stock"},"schema":{"@context":"https:\/\/schema.org","@graph":[{"@type":"WebPage","@id":"https:\/\/www.jootjeshaakcadeautjes.nl\/fr\/produit\/bagues-en-hetre-10-cm-15mm-epais-lustre-et-non-traite\/","url":"https:\/\/www.jootjeshaakcadeautjes.nl\/fr\/produit\/bagues-en-hetre-10-cm-15mm-epais-lustre-et-non-traite\/","name":"Anneaux en bois 7 cm - Anneau en bois 7 cm - Cr\u00e9ez votre propre anneau de dentition en bois","isPartOf":{"@id":"https:\/\/www.jootjeshaakcadeautjes.nl\/fr\/#website"},"primaryImageOfPage":{"@id":"https:\/\/www.jootjeshaakcadeautjes.nl\/fr\/produit\/bagues-en-hetre-10-cm-15mm-epais-lustre-et-non-traite\/#primaryimage"},"image":{"@id":"https:\/\/www.jootjeshaakcadeautjes.nl\/fr\/produit\/bagues-en-hetre-10-cm-15mm-epais-lustre-et-non-traite\/#primaryimage"},"thumbnailUrl":"https:\/\/d1dyryakdmle7o.cloudfront.net\/wp-content\/uploads\/2023\/07\/20200612_170146-2.jpg","datePublished":"2024-04-04T13:15:12+00:00","dateModified":"2025-08-26T13:48:27+00:00","description":"Vous cherchez des anneaux en bois de 7 cm pour fabriquer votre propre anneau de dentition en bois ou un anneau en bois de 70 mm pour un hochet en bois ? Anneau en bois 7 cm \u20ac0.80\/pi\u00e8ce !","breadcrumb":{"@id":"https:\/\/www.jootjeshaakcadeautjes.nl\/fr\/produit\/bagues-en-hetre-10-cm-15mm-epais-lustre-et-non-traite\/#breadcrumb"},"inLanguage":"fr-FR","potentialAction":[{"@type":"ReadAction","target":["https:\/\/www.jootjeshaakcadeautjes.nl\/fr\/produit\/bagues-en-hetre-10-cm-15mm-epais-lustre-et-non-traite\/"]}]},{"@type":"ImageObject","inLanguage":"fr-FR","@id":"https:\/\/www.jootjeshaakcadeautjes.nl\/fr\/produit\/bagues-en-hetre-10-cm-15mm-epais-lustre-et-non-traite\/#primaryimage","url":"https:\/\/d1dyryakdmle7o.cloudfront.net\/wp-content\/uploads\/2023\/07\/20200612_170146-2.jpg","contentUrl":"https:\/\/d1dyryakdmle7o.cloudfront.net\/wp-content\/uploads\/2023\/07\/20200612_170146-2.jpg","width":2048,"height":2048,"caption":"Anneaux de dentition en bois de h\u00eatre bpa free baby wholesale dummy cord babygym"},{"@type":"BreadcrumbList","@id":"https:\/\/www.jootjeshaakcadeautjes.nl\/fr\/produit\/bagues-en-hetre-10-cm-15mm-epais-lustre-et-non-traite\/#breadcrumb","itemListElement":[{"@type":"ListItem","position":1,"name":"Accueil","item":"https:\/\/www.jootjeshaakcadeautjes.nl\/fr\/"},{"@type":"ListItem","position":2,"name":"Commerce de gros de perles en silicone &#8211; Entreprises et consommateurs","item":"https:\/\/www.jootjeshaakcadeautjes.nl\/fr\/boutique\/"},{"@type":"ListItem","position":3,"name":"Anneaux en bois de h\u00eatre &#8211; 10 cm &#8211; 15 mm d&#8217;\u00e9paisseur &#8211; Lisses, brillants et non trait\u00e9s"}]},{"@type":"WebSite","@id":"https:\/\/www.jootjeshaakcadeautjes.nl\/fr\/#website","url":"https:\/\/www.jootjeshaakcadeautjes.nl\/fr\/","name":"Jootjes Haakcadeautjes","description":"Grossiste en perles de silicone","publisher":{"@id":"https:\/\/www.jootjeshaakcadeautjes.nl\/fr\/#organization"},"potentialAction":[{"@type":"SearchAction","target":{"@type":"EntryPoint","urlTemplate":"https:\/\/www.jootjeshaakcadeautjes.nl\/fr\/?s={search_term_string}"},"query-input":{"@type":"PropertyValueSpecification","valueRequired":true,"valueName":"search_term_string"}}],"inLanguage":"fr-FR"},{"@type":"Organization","@id":"https:\/\/www.jootjeshaakcadeautjes.nl\/fr\/#organization","name":"Jootjes Haakcadeautjes","url":"https:\/\/www.jootjeshaakcadeautjes.nl\/fr\/","logo":{"@type":"ImageObject","inLanguage":"fr-FR","@id":"https:\/\/www.jootjeshaakcadeautjes.nl\/fr\/#\/schema\/logo\/image\/","url":"https:\/\/d1dyryakdmle7o.cloudfront.net\/wp-content\/uploads\/2023\/05\/Logo-rond.png","contentUrl":"https:\/\/d1dyryakdmle7o.cloudfront.net\/wp-content\/uploads\/2023\/05\/Logo-rond.png","width":1222,"height":1222,"caption":"Jootjes Haakcadeautjes"},"image":{"@id":"https:\/\/www.jootjeshaakcadeautjes.nl\/fr\/#\/schema\/logo\/image\/"}}]},"product_price_amount":"1.90","product_price_currency":"EUR","og_availability":"instock","product_availability":"instock","product_retailer_item_id":"RIN-BHO-010-15","product_condition":"new"},"_links":{"self":[{"href":"https:\/\/www.jootjeshaakcadeautjes.nl\/fr\/wp-json\/wp\/v2\/product\/130186","targetHints":{"allow":["GET"]}}],"collection":[{"href":"https:\/\/www.jootjeshaakcadeautjes.nl\/fr\/wp-json\/wp\/v2\/product"}],"about":[{"href":"https:\/\/www.jootjeshaakcadeautjes.nl\/fr\/wp-json\/wp\/v2\/types\/product"}],"version-history":[{"count":0,"href":"https:\/\/www.jootjeshaakcadeautjes.nl\/fr\/wp-json\/wp\/v2\/product\/130186\/revisions"}],"wp:featuredmedia":[{"embeddable":true,"href":"https:\/\/www.jootjeshaakcadeautjes.nl\/fr\/wp-json\/wp\/v2\/media\/89639"}],"wp:attachment":[{"href":"https:\/\/www.jootjeshaakcadeautjes.nl\/fr\/wp-json\/wp\/v2\/media?parent=130186"}],"wp:term":[{"taxonomy":"product_brand","embeddable":true,"href":"https:\/\/www.jootjeshaakcadeautjes.nl\/fr\/wp-json\/wp\/v2\/product_brand?post=130186"},{"taxonomy":"product_cat","embeddable":true,"href":"https:\/\/www.jootjeshaakcadeautjes.nl\/fr\/wp-json\/wp\/v2\/product_cat?post=130186"},{"taxonomy":"product_tag","embeddable":true,"href":"https:\/\/www.jootjeshaakcadeautjes.nl\/fr\/wp-json\/wp\/v2\/product_tag?post=130186"}],"curies":[{"name":"wp","href":"https:\/\/api.w.org\/{rel}","templated":true}]}}