{"id":130221,"date":"2024-01-05T13:16:03","date_gmt":"2024-01-05T12:16:03","guid":{"rendered":"https:\/\/www.jootjeshaakcadeautjes.nl\/product\/dentier-cloud-en-bois-avec-deux-trous-grand-cintre-pendentif-figure-dentaire-hetre\/"},"modified":"2025-09-03T16:46:15","modified_gmt":"2025-09-03T14:46:15","slug":"dentier-cloud-en-bois-avec-deux-trous-grand-cintre-pendentif-figure-dentaire-hetre","status":"publish","type":"product","link":"https:\/\/www.jootjeshaakcadeautjes.nl\/fr\/produit\/dentier-cloud-en-bois-avec-deux-trous-grand-cintre-pendentif-figure-dentaire-hetre\/","title":{"rendered":"Anneau de dentition en bois &#8211; Nuage \u00e0 deux trous Grand &#8211; Pendentif lanyard &#8211; Figurine de dentition &#8211; Bois de h\u00eatre"},"content":{"rendered":"<h1><strong>Anneau de dentition en bois &#8211; Nuage avec deux trous Grand &#8211; pendentif ficelle de jeu &#8211; Figurine de dentition<\/strong><\/h1>\n<p><span style=\"color: #000000;\">Le pendentif ou la bague en bois en forme de nuage \u00e0 deux trous Large est fabriqu\u00e9 en bois de h\u00eatre non trait\u00e9 (ni laqu\u00e9, ni teint\u00e9, ni huil\u00e9).  <\/span><\/p>\n<p><span style=\"color: #000000;\">La variante de la figurine de dentition en bois Nuage avec deux trous Large est fabriqu\u00e9e \u00e0 partir d&#8217;un produit naturel. Par cons\u00e9quent, ils peuvent parfois pr\u00e9senter des anomalies minimes.  <\/span><span style=\"color: #000000;\">Si l&#8217;\u00e9cart est inacceptable, nous recyclerons les produits et ils ne seront pas vendus. Ainsi, nous pouvons toujours vous offrir des produits de haute qualit\u00e9  <\/span><span style=\"color: #000000;\">anneau en bois\/pendentif en bois garantie.<\/span><\/p>\n<p><span style=\"color: #000000;\">Les appliques en bois sont souvent utilis\u00e9es pour fabriquer des jouets en bois pour b\u00e9b\u00e9s, tels que des anneaux de dentition en bois, des hochets, des colliers d&#8217;allaitement, des attaches pour t\u00e9tines faites \u00e0 la main ou des boucles de landau.  <\/span><\/p>\n<div id=\"attachment_318\" class=\"wp-caption aligncenter\">Vous pouvez \u00e9galement faire passer un cordon perl\u00e9 dans les deux trous.<\/div>\n<p>&nbsp;<\/p>\n","protected":false},"excerpt":{"rendered":"<ul>\n<li>Fabriqu\u00e9 en bois brut (non laqu\u00e9, teint\u00e9 ou huil\u00e9)<\/li>\n<li>Variante de l&#8217;anneau en bois : Nuage avec deux trous Grand<\/li>\n<\/ul>\n<p>Commandez un joli nuage \u00e0 deux trous grand format pour vos jouets de dentition faits \u00e0 la main !<\/p>\n<p>Pour plus d&#8217;informations sur la fa\u00e7on de l&#8217;utiliser, lisez le bas de la page.<\/p>\n","protected":false},"featured_media":72687,"template":"","meta":[],"product_brand":[],"product_cat":[],"product_tag":[],"class_list":{"0":"post-130221","1":"product","2":"type-product","3":"status-publish","4":"has-post-thumbnail","7":"first","8":"outofstock","9":"sale","10":"taxable","11":"shipping-taxable","12":"purchasable","13":"product-type-simple"},"bundled_by":[],"bundle_stock_status":"outofstock","bundle_stock_quantity":0,"bundle_virtual":false,"bundle_layout":"","bundle_add_to_cart_form_location":"","bundle_editable_in_cart":false,"bundle_sold_individually_context":"","bundle_item_grouping":"","bundle_min_size":"","bundle_max_size":"","bundle_price":[],"bundled_items":[],"bundle_sell_ids":[],"yoast_head":"<!-- This site is optimized with the Yoast SEO Premium plugin v26.4 (Yoast SEO v26.9) - https:\/\/yoast.com\/product\/yoast-seo-premium-wordpress\/ -->\n<title>Anneau de dentition en bois - Nuage avec deux trous - Fabrication de jouets en bois pour b\u00e9b\u00e9<\/title>\n<meta name=\"description\" content=\"Figurine de dentition en bois Nuage avec deux trous pour vos jouets de b\u00e9b\u00e9 faits \u00e0 la main. Par exemple, pour un anneau de dentition, un hochet ou un porte-b\u00e9b\u00e9 en bois.\" \/>\n<meta name=\"robots\" content=\"index, follow, max-snippet:-1, max-image-preview:large, max-video-preview:-1\" \/>\n<link rel=\"canonical\" href=\"https:\/\/www.jootjeshaakcadeautjes.nl\/fr\/produit\/dentier-cloud-en-bois-avec-deux-trous-grand-cintre-pendentif-figure-dentaire-hetre\/\" \/>\n<meta property=\"og:locale\" content=\"fr_FR\" \/>\n<meta property=\"og:type\" content=\"article\" \/>\n<meta property=\"og:title\" content=\"Anneau de dentition en bois - Nuage \u00e0 deux trous Grand - Pendentif lanyard - Figurine de dentition - Bois de h\u00eatre\" \/>\n<meta property=\"og:description\" content=\"Figurine de dentition en bois Nuage avec deux trous pour vos jouets de b\u00e9b\u00e9 faits \u00e0 la main. Par exemple, pour un anneau de dentition, un hochet ou un porte-b\u00e9b\u00e9 en bois.\" \/>\n<meta property=\"og:url\" content=\"https:\/\/www.jootjeshaakcadeautjes.nl\/fr\/produit\/dentier-cloud-en-bois-avec-deux-trous-grand-cintre-pendentif-figure-dentaire-hetre\/\" \/>\n<meta property=\"og:site_name\" content=\"Jootjes Haakcadeautjes\" \/>\n<meta property=\"article:modified_time\" content=\"2025-09-03T14:46:15+00:00\" \/>\n<meta property=\"og:image\" content=\"https:\/\/www.jootjeshaakcadeautjes.nl\/wp-content\/uploads\/2020\/10\/20201004_201554.jpg\" \/>\n\t<meta property=\"og:image:width\" content=\"1415\" \/>\n\t<meta property=\"og:image:height\" content=\"1415\" \/>\n\t<meta property=\"og:image:type\" content=\"image\/jpeg\" \/>\n<meta name=\"twitter:card\" content=\"summary_large_image\" \/>\n<meta name=\"twitter:label1\" content=\"Prix\" \/>\n\t<meta name=\"twitter:data1\" content=\"&euro;1.20 TTC\" \/>\n\t<meta name=\"twitter:label2\" content=\"Disponibilit\u00e9\" \/>\n\t<meta name=\"twitter:data2\" content=\"Rupture de stock\" \/>\n<script type=\"application\/ld+json\" class=\"yoast-schema-graph\">{\"@context\":\"https:\/\/schema.org\",\"@graph\":[{\"@type\":\"WebPage\",\"@id\":\"https:\/\/www.jootjeshaakcadeautjes.nl\/fr\/produit\/dentier-cloud-en-bois-avec-deux-trous-grand-cintre-pendentif-figure-dentaire-hetre\/\",\"url\":\"https:\/\/www.jootjeshaakcadeautjes.nl\/fr\/produit\/dentier-cloud-en-bois-avec-deux-trous-grand-cintre-pendentif-figure-dentaire-hetre\/\",\"name\":\"Anneau de dentition en bois - Nuage avec deux trous - Fabrication de jouets en bois pour b\u00e9b\u00e9\",\"isPartOf\":{\"@id\":\"https:\/\/www.jootjeshaakcadeautjes.nl\/fr\/#website\"},\"primaryImageOfPage\":{\"@id\":\"https:\/\/www.jootjeshaakcadeautjes.nl\/fr\/produit\/dentier-cloud-en-bois-avec-deux-trous-grand-cintre-pendentif-figure-dentaire-hetre\/#primaryimage\"},\"image\":{\"@id\":\"https:\/\/www.jootjeshaakcadeautjes.nl\/fr\/produit\/dentier-cloud-en-bois-avec-deux-trous-grand-cintre-pendentif-figure-dentaire-hetre\/#primaryimage\"},\"thumbnailUrl\":\"https:\/\/d1dyryakdmle7o.cloudfront.net\/wp-content\/uploads\/2020\/10\/20201004_201554.jpg\",\"datePublished\":\"2024-01-05T12:16:03+00:00\",\"dateModified\":\"2025-09-03T14:46:15+00:00\",\"description\":\"Figurine de dentition en bois Nuage avec deux trous pour vos jouets de b\u00e9b\u00e9 faits \u00e0 la main. Par exemple, pour un anneau de dentition, un hochet ou un porte-b\u00e9b\u00e9 en bois.\",\"breadcrumb\":{\"@id\":\"https:\/\/www.jootjeshaakcadeautjes.nl\/fr\/produit\/dentier-cloud-en-bois-avec-deux-trous-grand-cintre-pendentif-figure-dentaire-hetre\/#breadcrumb\"},\"inLanguage\":\"fr-FR\",\"potentialAction\":[{\"@type\":\"ReadAction\",\"target\":[\"https:\/\/www.jootjeshaakcadeautjes.nl\/fr\/produit\/dentier-cloud-en-bois-avec-deux-trous-grand-cintre-pendentif-figure-dentaire-hetre\/\"]}]},{\"@type\":\"ImageObject\",\"inLanguage\":\"fr-FR\",\"@id\":\"https:\/\/www.jootjeshaakcadeautjes.nl\/fr\/produit\/dentier-cloud-en-bois-avec-deux-trous-grand-cintre-pendentif-figure-dentaire-hetre\/#primaryimage\",\"url\":\"https:\/\/d1dyryakdmle7o.cloudfront.net\/wp-content\/uploads\/2020\/10\/20201004_201554.jpg\",\"contentUrl\":\"https:\/\/d1dyryakdmle7o.cloudfront.net\/wp-content\/uploads\/2020\/10\/20201004_201554.jpg\",\"width\":1415,\"height\":1415,\"caption\":\"Figurine de dentition en bois avec 2 trous en bois de h\u00eatre s\u00e9curit\u00e9 b\u00e9b\u00e9 en gros\"},{\"@type\":\"BreadcrumbList\",\"@id\":\"https:\/\/www.jootjeshaakcadeautjes.nl\/fr\/produit\/dentier-cloud-en-bois-avec-deux-trous-grand-cintre-pendentif-figure-dentaire-hetre\/#breadcrumb\",\"itemListElement\":[{\"@type\":\"ListItem\",\"position\":1,\"name\":\"Accueil\",\"item\":\"https:\/\/www.jootjeshaakcadeautjes.nl\/fr\/\"},{\"@type\":\"ListItem\",\"position\":2,\"name\":\"Commerce de gros de perles en silicone &#8211; Entreprises et consommateurs\",\"item\":\"https:\/\/www.jootjeshaakcadeautjes.nl\/fr\/boutique\/\"},{\"@type\":\"ListItem\",\"position\":3,\"name\":\"Anneau de dentition en bois &#8211; Nuage \u00e0 deux trous Grand &#8211; Pendentif lanyard &#8211; Figurine de dentition &#8211; Bois de h\u00eatre\"}]},{\"@type\":\"WebSite\",\"@id\":\"https:\/\/www.jootjeshaakcadeautjes.nl\/fr\/#website\",\"url\":\"https:\/\/www.jootjeshaakcadeautjes.nl\/fr\/\",\"name\":\"Jootjes Haakcadeautjes\",\"description\":\"Grossiste en perles de silicone\",\"publisher\":{\"@id\":\"https:\/\/www.jootjeshaakcadeautjes.nl\/fr\/#organization\"},\"potentialAction\":[{\"@type\":\"SearchAction\",\"target\":{\"@type\":\"EntryPoint\",\"urlTemplate\":\"https:\/\/www.jootjeshaakcadeautjes.nl\/fr\/?s={search_term_string}\"},\"query-input\":{\"@type\":\"PropertyValueSpecification\",\"valueRequired\":true,\"valueName\":\"search_term_string\"}}],\"inLanguage\":\"fr-FR\"},{\"@type\":\"Organization\",\"@id\":\"https:\/\/www.jootjeshaakcadeautjes.nl\/fr\/#organization\",\"name\":\"Jootjes Haakcadeautjes\",\"url\":\"https:\/\/www.jootjeshaakcadeautjes.nl\/fr\/\",\"logo\":{\"@type\":\"ImageObject\",\"inLanguage\":\"fr-FR\",\"@id\":\"https:\/\/www.jootjeshaakcadeautjes.nl\/fr\/#\/schema\/logo\/image\/\",\"url\":\"https:\/\/jootjes-haakcadeautjes-media.s3.amazonaws.com\/wp-content\/uploads\/2023\/05\/Logo-rond.png\",\"contentUrl\":\"https:\/\/jootjes-haakcadeautjes-media.s3.amazonaws.com\/wp-content\/uploads\/2023\/05\/Logo-rond.png\",\"width\":1222,\"height\":1222,\"caption\":\"Jootjes Haakcadeautjes\"},\"image\":{\"@id\":\"https:\/\/www.jootjeshaakcadeautjes.nl\/fr\/#\/schema\/logo\/image\/\"}}]}<\/script>\n<meta property=\"product:price:amount\" content=\"1.20\" \/>\n<meta property=\"product:price:currency\" content=\"EUR\" \/>\n<meta property=\"og:availability\" content=\"out of stock\" \/>\n<meta property=\"product:availability\" content=\"out of stock\" \/>\n<meta property=\"product:retailer_item_id\" content=\"HOU-BTF-WMTG\" \/>\n<meta property=\"product:condition\" content=\"new\" \/>\n<!-- \/ Yoast SEO Premium plugin. -->","yoast_head_json":{"title":"Anneau de dentition en bois - Nuage avec deux trous - Fabrication de jouets en bois pour b\u00e9b\u00e9","description":"Figurine de dentition en bois Nuage avec deux trous pour vos jouets de b\u00e9b\u00e9 faits \u00e0 la main. Par exemple, pour un anneau de dentition, un hochet ou un porte-b\u00e9b\u00e9 en bois.","robots":{"index":"index","follow":"follow","max-snippet":"max-snippet:-1","max-image-preview":"max-image-preview:large","max-video-preview":"max-video-preview:-1"},"canonical":"https:\/\/www.jootjeshaakcadeautjes.nl\/fr\/produit\/dentier-cloud-en-bois-avec-deux-trous-grand-cintre-pendentif-figure-dentaire-hetre\/","og_locale":"fr_FR","og_type":"article","og_title":"Anneau de dentition en bois - Nuage \u00e0 deux trous Grand - Pendentif lanyard - Figurine de dentition - Bois de h\u00eatre","og_description":"Figurine de dentition en bois Nuage avec deux trous pour vos jouets de b\u00e9b\u00e9 faits \u00e0 la main. Par exemple, pour un anneau de dentition, un hochet ou un porte-b\u00e9b\u00e9 en bois.","og_url":"https:\/\/www.jootjeshaakcadeautjes.nl\/fr\/produit\/dentier-cloud-en-bois-avec-deux-trous-grand-cintre-pendentif-figure-dentaire-hetre\/","og_site_name":"Jootjes Haakcadeautjes","article_modified_time":"2025-09-03T14:46:15+00:00","og_image":[{"width":1415,"height":1415,"url":"https:\/\/www.jootjeshaakcadeautjes.nl\/wp-content\/uploads\/2020\/10\/20201004_201554.jpg","type":"image\/jpeg"}],"twitter_card":"summary_large_image","twitter_misc":{"Prix":"&euro;1.20 TTC","Disponibilit\u00e9":"Rupture de stock"},"schema":{"@context":"https:\/\/schema.org","@graph":[{"@type":"WebPage","@id":"https:\/\/www.jootjeshaakcadeautjes.nl\/fr\/produit\/dentier-cloud-en-bois-avec-deux-trous-grand-cintre-pendentif-figure-dentaire-hetre\/","url":"https:\/\/www.jootjeshaakcadeautjes.nl\/fr\/produit\/dentier-cloud-en-bois-avec-deux-trous-grand-cintre-pendentif-figure-dentaire-hetre\/","name":"Anneau de dentition en bois - Nuage avec deux trous - Fabrication de jouets en bois pour b\u00e9b\u00e9","isPartOf":{"@id":"https:\/\/www.jootjeshaakcadeautjes.nl\/fr\/#website"},"primaryImageOfPage":{"@id":"https:\/\/www.jootjeshaakcadeautjes.nl\/fr\/produit\/dentier-cloud-en-bois-avec-deux-trous-grand-cintre-pendentif-figure-dentaire-hetre\/#primaryimage"},"image":{"@id":"https:\/\/www.jootjeshaakcadeautjes.nl\/fr\/produit\/dentier-cloud-en-bois-avec-deux-trous-grand-cintre-pendentif-figure-dentaire-hetre\/#primaryimage"},"thumbnailUrl":"https:\/\/d1dyryakdmle7o.cloudfront.net\/wp-content\/uploads\/2020\/10\/20201004_201554.jpg","datePublished":"2024-01-05T12:16:03+00:00","dateModified":"2025-09-03T14:46:15+00:00","description":"Figurine de dentition en bois Nuage avec deux trous pour vos jouets de b\u00e9b\u00e9 faits \u00e0 la main. Par exemple, pour un anneau de dentition, un hochet ou un porte-b\u00e9b\u00e9 en bois.","breadcrumb":{"@id":"https:\/\/www.jootjeshaakcadeautjes.nl\/fr\/produit\/dentier-cloud-en-bois-avec-deux-trous-grand-cintre-pendentif-figure-dentaire-hetre\/#breadcrumb"},"inLanguage":"fr-FR","potentialAction":[{"@type":"ReadAction","target":["https:\/\/www.jootjeshaakcadeautjes.nl\/fr\/produit\/dentier-cloud-en-bois-avec-deux-trous-grand-cintre-pendentif-figure-dentaire-hetre\/"]}]},{"@type":"ImageObject","inLanguage":"fr-FR","@id":"https:\/\/www.jootjeshaakcadeautjes.nl\/fr\/produit\/dentier-cloud-en-bois-avec-deux-trous-grand-cintre-pendentif-figure-dentaire-hetre\/#primaryimage","url":"https:\/\/d1dyryakdmle7o.cloudfront.net\/wp-content\/uploads\/2020\/10\/20201004_201554.jpg","contentUrl":"https:\/\/d1dyryakdmle7o.cloudfront.net\/wp-content\/uploads\/2020\/10\/20201004_201554.jpg","width":1415,"height":1415,"caption":"Figurine de dentition en bois avec 2 trous en bois de h\u00eatre s\u00e9curit\u00e9 b\u00e9b\u00e9 en gros"},{"@type":"BreadcrumbList","@id":"https:\/\/www.jootjeshaakcadeautjes.nl\/fr\/produit\/dentier-cloud-en-bois-avec-deux-trous-grand-cintre-pendentif-figure-dentaire-hetre\/#breadcrumb","itemListElement":[{"@type":"ListItem","position":1,"name":"Accueil","item":"https:\/\/www.jootjeshaakcadeautjes.nl\/fr\/"},{"@type":"ListItem","position":2,"name":"Commerce de gros de perles en silicone &#8211; Entreprises et consommateurs","item":"https:\/\/www.jootjeshaakcadeautjes.nl\/fr\/boutique\/"},{"@type":"ListItem","position":3,"name":"Anneau de dentition en bois &#8211; Nuage \u00e0 deux trous Grand &#8211; Pendentif lanyard &#8211; Figurine de dentition &#8211; Bois de h\u00eatre"}]},{"@type":"WebSite","@id":"https:\/\/www.jootjeshaakcadeautjes.nl\/fr\/#website","url":"https:\/\/www.jootjeshaakcadeautjes.nl\/fr\/","name":"Jootjes Haakcadeautjes","description":"Grossiste en perles de silicone","publisher":{"@id":"https:\/\/www.jootjeshaakcadeautjes.nl\/fr\/#organization"},"potentialAction":[{"@type":"SearchAction","target":{"@type":"EntryPoint","urlTemplate":"https:\/\/www.jootjeshaakcadeautjes.nl\/fr\/?s={search_term_string}"},"query-input":{"@type":"PropertyValueSpecification","valueRequired":true,"valueName":"search_term_string"}}],"inLanguage":"fr-FR"},{"@type":"Organization","@id":"https:\/\/www.jootjeshaakcadeautjes.nl\/fr\/#organization","name":"Jootjes Haakcadeautjes","url":"https:\/\/www.jootjeshaakcadeautjes.nl\/fr\/","logo":{"@type":"ImageObject","inLanguage":"fr-FR","@id":"https:\/\/www.jootjeshaakcadeautjes.nl\/fr\/#\/schema\/logo\/image\/","url":"https:\/\/jootjes-haakcadeautjes-media.s3.amazonaws.com\/wp-content\/uploads\/2023\/05\/Logo-rond.png","contentUrl":"https:\/\/jootjes-haakcadeautjes-media.s3.amazonaws.com\/wp-content\/uploads\/2023\/05\/Logo-rond.png","width":1222,"height":1222,"caption":"Jootjes Haakcadeautjes"},"image":{"@id":"https:\/\/www.jootjeshaakcadeautjes.nl\/fr\/#\/schema\/logo\/image\/"}}]},"product_price_amount":"1.20","product_price_currency":"EUR","og_availability":"out of stock","product_availability":"out of stock","product_retailer_item_id":"HOU-BTF-WMTG","product_condition":"new"},"_links":{"self":[{"href":"https:\/\/www.jootjeshaakcadeautjes.nl\/fr\/wp-json\/wp\/v2\/product\/130221","targetHints":{"allow":["GET"]}}],"collection":[{"href":"https:\/\/www.jootjeshaakcadeautjes.nl\/fr\/wp-json\/wp\/v2\/product"}],"about":[{"href":"https:\/\/www.jootjeshaakcadeautjes.nl\/fr\/wp-json\/wp\/v2\/types\/product"}],"version-history":[{"count":0,"href":"https:\/\/www.jootjeshaakcadeautjes.nl\/fr\/wp-json\/wp\/v2\/product\/130221\/revisions"}],"wp:featuredmedia":[{"embeddable":true,"href":"https:\/\/www.jootjeshaakcadeautjes.nl\/fr\/wp-json\/wp\/v2\/media\/72687"}],"wp:attachment":[{"href":"https:\/\/www.jootjeshaakcadeautjes.nl\/fr\/wp-json\/wp\/v2\/media?parent=130221"}],"wp:term":[{"taxonomy":"product_brand","embeddable":true,"href":"https:\/\/www.jootjeshaakcadeautjes.nl\/fr\/wp-json\/wp\/v2\/product_brand?post=130221"},{"taxonomy":"product_cat","embeddable":true,"href":"https:\/\/www.jootjeshaakcadeautjes.nl\/fr\/wp-json\/wp\/v2\/product_cat?post=130221"},{"taxonomy":"product_tag","embeddable":true,"href":"https:\/\/www.jootjeshaakcadeautjes.nl\/fr\/wp-json\/wp\/v2\/product_tag?post=130221"}],"curies":[{"name":"wp","href":"https:\/\/api.w.org\/{rel}","templated":true}]}}