{"id":130233,"date":"2023-12-21T20:23:01","date_gmt":"2023-12-21T18:23:01","guid":{"rendered":"https:\/\/www.jootjeshaakcadeautjes.nl\/product\/feuille-de-perles-en-silicone-petit-champagne-naturel-petite-pepite\/"},"modified":"2026-02-18T09:32:42","modified_gmt":"2026-02-18T08:32:42","slug":"feuille-de-perles-en-silicone-petit-champagne-naturel-petite-pepite","status":"publish","type":"product","link":"https:\/\/www.jootjeshaakcadeautjes.nl\/fr\/produit\/feuille-de-perles-en-silicone-petit-champagne-naturel-petite-pepite\/","title":{"rendered":"Perle de silicone &#8211; Feuille &#8211; Naturelle &#8211; Petite &#8211; P\u00e9pite de champagne"},"content":{"rendered":"<h2>Perle de silicone &#8211; Feuille &#8211; Naturelle &#8211; Petite &#8211; P\u00e9pite de champagne<\/h2>\n<p><strong>Mati\u00e8re :<\/strong> Silicone, sans BPA, sans phtalate, sans PVC, sans plomb, sans cadmium, sans aluminium, sans plomb, etc. G\u00e9n\u00e9ralement consid\u00e9r\u00e9 comme non toxique selon la certification EN-71 pour les jouets de b\u00e9b\u00e9s et d&#8217;enfants.<\/p>\n<p>C<strong>ertification :<\/strong> FDA, CE, EN 71 (EN71-1, 2 et 3 ; propri\u00e9t\u00e9s m\u00e9caniques et physiques, inflammabilit\u00e9 et migration des \u00e9l\u00e9ments).<\/p>\n<p><strong>Dimensions : <\/strong>30 mm de haut x 20 mm de large et 11 mm d&#8217;\u00e9paisseur<\/p>\n<p><strong>Code couleur : Champagne Nugget<\/strong><\/p>\n<p><strong>Utilisation : <\/strong>Ces perles de feuilles en silicone sont perc\u00e9es de part en part. C&#8217;est pourquoi elles sont toujours utilis\u00e9es en ligne. Ces perles en silicone en forme de feuille sont donc souvent utilis\u00e9es dans un cordon de t\u00e9tine, un cordon de landau, un mobile de parc ou un pendentif.<\/p>\n<p><em>Toutes les perles cod\u00e9es Champagne Nugget sont presque de la m\u00eame couleur. De tr\u00e8s l\u00e9g\u00e8res d\u00e9viations peuvent tr\u00e8s occasionnellement se produire en raison d&#8217;un lot de production modifi\u00e9. Toutefois, ce ph\u00e9nom\u00e8ne est minime et ne se remarque pas \u00e0 l&#8217;usage. Les photos figurant sur le site web sont ajust\u00e9es autant que possible pour garantir la fid\u00e9lit\u00e9 des couleurs. Toutefois, cela varie en fonction de l&#8217;appareil (ordinateur, tablette ou mobile) et de l&#8217;affichage. Les couleurs peuvent varier l\u00e9g\u00e8rement par rapport aux images.<\/em><\/p>\n<p><em>Tous les produits Jootjes Haakcadeautjes sont sans danger pour les enfants. Veuillez noter que les produits finis (anneaux de dentition, cordons de t\u00e9tine, boucles de poussette, etc.) doivent r\u00e9pondre \u00e0 des crit\u00e8res de s\u00e9curit\u00e9 qui leur sont propres. Jootjes Haakcadeautjes ne garantit que les mat\u00e9riaux et non le produit fini. Jootjes Haakcadeautjes n&#8217;est donc en aucun cas responsable des dommages r\u00e9sultant de l&#8217;utilisation du produit fini. Ne jamais utiliser de perles libres. Contr\u00f4ler r\u00e9guli\u00e8rement la s\u00e9curit\u00e9 du produit fini. Ne l&#8217;utilisez que sous la surveillance d&#8217;un adulte. Ne laissez pas votre enfant sans surveillance avec ce produit et ne dormez pas avec.  <\/em><\/p>\n","protected":false},"excerpt":{"rendered":"<p><strong>Mati\u00e8re :<\/strong> Silicone, sans BPA, sans phtalate, sans PVC, sans plomb, sans cadmium, sans aluminium, sans plomb, etc. G\u00e9n\u00e9ralement consid\u00e9r\u00e9 comme non toxique selon la certification EN-71 pour les jouets de b\u00e9b\u00e9s et d&#8217;enfants.<br \/>\n<strong>Certification :<\/strong> FDA, CE, EN 71<br \/>\n<strong>Dimensions : <\/strong>30 mm de haut x 20 mm de large et 11 mm d&#8217;\u00e9paisseur<br \/>\n<strong>Code couleur : Champagne Nugget<\/strong><\/p>\n<p>Pour plus d&#8217;informations, lisez la suite au bas de la page.<\/p>\n","protected":false},"featured_media":112536,"template":"","meta":[],"product_brand":[],"product_cat":[7378,7185,10238,12371,6992,7398],"product_tag":[7424,10295,7455,10504,7463,10223,12379,12375,9997,7440,7526,12386,12382,10124,7395,7200,12372,7212],"class_list":{"0":"post-130233","1":"product","2":"type-product","3":"status-publish","4":"has-post-thumbnail","6":"product_cat-fabrication-de-jouets-de-dentition-pour-bebe-cordon-de-sucette-et-anneaux-de-dentition","7":"product_cat-nouveaux-produits","8":"product_cat-perles-en-silicone-exclusivement-chez-jootjes","9":"product_cat-perles-en-silicone-feuille","10":"product_cat-perles-en-silicone-sans-bpa-grossiste","11":"product_cat-perles-en-silicone-toutes-les-perles-de-luxe-multicolores","12":"product_tag-bpa-fr","13":"product_tag-certifie-fr","14":"product_tag-chaine-de-landau","15":"product_tag-champagne-fr","16":"product_tag-commerce-de-gros","17":"product_tag-crochet-de-wagon","18":"product_tag-fda-fr","19":"product_tag-feuille","20":"product_tag-fr-71","21":"product_tag-gratuit","22":"product_tag-lumiere","23":"product_tag-naturel-fr","24":"product_tag-parc-mobile","25":"product_tag-pepite","26":"product_tag-perle","27":"product_tag-perles","28":"product_tag-petit","29":"product_tag-silicone-fr","31":"first","32":"instock","33":"taxable","34":"shipping-taxable","35":"purchasable","36":"product-type-simple"},"bundled_by":[],"bundle_stock_status":"instock","bundle_stock_quantity":404,"bundle_virtual":false,"bundle_layout":"","bundle_add_to_cart_form_location":"","bundle_editable_in_cart":false,"bundle_sold_individually_context":"","bundle_item_grouping":"","bundle_min_size":"","bundle_max_size":"","bundle_price":[],"bundled_items":[],"bundle_sell_ids":[],"yoast_head":"<!-- This site is optimized with the Yoast SEO Premium plugin v27.4 (Yoast SEO v27.5) - https:\/\/yoast.com\/product\/yoast-seo-premium-wordpress\/ -->\n<title>Perle de silicone - Feuille - Naturelle - Petite - P\u00e9pite de champagne - sans BPA<\/title>\n<meta name=\"description\" content=\"Perle de silicone feuille naturelle petit bleu poudre clair. Pour cordon de t\u00e9tine, mobile de parc ou suspension de landau. Sans BPA, certifi\u00e9 CE et FDA.\" \/>\n<meta name=\"robots\" content=\"index, follow, max-snippet:-1, max-image-preview:large, max-video-preview:-1\" \/>\n<link rel=\"canonical\" href=\"https:\/\/www.jootjeshaakcadeautjes.nl\/fr\/produit\/feuille-de-perles-en-silicone-petit-champagne-naturel-petite-pepite\/\" \/>\n<meta property=\"og:locale\" content=\"fr_FR\" \/>\n<meta property=\"og:type\" content=\"article\" \/>\n<meta property=\"og:title\" content=\"Perle de silicone - Feuille - Naturelle - Petite - P\u00e9pite de champagne\" \/>\n<meta property=\"og:description\" content=\"Perle de silicone feuille naturelle petit bleu poudre clair. Pour cordon de t\u00e9tine, mobile de parc ou suspension de landau. Sans BPA, certifi\u00e9 CE et FDA.\" \/>\n<meta property=\"og:url\" content=\"https:\/\/www.jootjeshaakcadeautjes.nl\/fr\/produit\/feuille-de-perles-en-silicone-petit-champagne-naturel-petite-pepite\/\" \/>\n<meta property=\"og:site_name\" content=\"Jootjes Haakcadeautjes\" \/>\n<meta property=\"article:modified_time\" content=\"2026-02-18T08:32:42+00:00\" \/>\n<meta property=\"og:image\" content=\"https:\/\/www.jootjeshaakcadeautjes.nl\/wp-content\/uploads\/2023\/12\/Remove-background-project-6.jpg\" \/>\n\t<meta property=\"og:image:width\" content=\"2048\" \/>\n\t<meta property=\"og:image:height\" content=\"2048\" \/>\n\t<meta property=\"og:image:type\" content=\"image\/jpeg\" \/>\n<meta name=\"twitter:card\" content=\"summary_large_image\" \/>\n<meta name=\"twitter:label1\" content=\"Prix\" \/>\n\t<meta name=\"twitter:data1\" content=\"&euro;0.75 TTC\" \/>\n\t<meta name=\"twitter:label2\" content=\"Disponibilit\u00e9\" \/>\n\t<meta name=\"twitter:data2\" content=\"En stock\" \/>\n<script type=\"application\/ld+json\" class=\"yoast-schema-graph\">{\"@context\":\"https:\\\/\\\/schema.org\",\"@graph\":[{\"@type\":\"WebPage\",\"@id\":\"https:\\\/\\\/www.jootjeshaakcadeautjes.nl\\\/fr\\\/produit\\\/feuille-de-perles-en-silicone-petit-champagne-naturel-petite-pepite\\\/\",\"url\":\"https:\\\/\\\/www.jootjeshaakcadeautjes.nl\\\/fr\\\/produit\\\/feuille-de-perles-en-silicone-petit-champagne-naturel-petite-pepite\\\/\",\"name\":\"Perle de silicone - Feuille - Naturelle - Petite - P\u00e9pite de champagne - sans BPA\",\"isPartOf\":{\"@id\":\"https:\\\/\\\/www.jootjeshaakcadeautjes.nl\\\/fr\\\/#website\"},\"primaryImageOfPage\":{\"@id\":\"https:\\\/\\\/www.jootjeshaakcadeautjes.nl\\\/fr\\\/produit\\\/feuille-de-perles-en-silicone-petit-champagne-naturel-petite-pepite\\\/#primaryimage\"},\"image\":{\"@id\":\"https:\\\/\\\/www.jootjeshaakcadeautjes.nl\\\/fr\\\/produit\\\/feuille-de-perles-en-silicone-petit-champagne-naturel-petite-pepite\\\/#primaryimage\"},\"thumbnailUrl\":\"https:\\\/\\\/d1dyryakdmle7o.cloudfront.net\\\/wp-content\\\/uploads\\\/2023\\\/12\\\/Remove-background-project-6.jpg\",\"datePublished\":\"2023-12-21T18:23:01+00:00\",\"dateModified\":\"2026-02-18T08:32:42+00:00\",\"description\":\"Perle de silicone feuille naturelle petit bleu poudre clair. Pour cordon de t\u00e9tine, mobile de parc ou suspension de landau. Sans BPA, certifi\u00e9 CE et FDA.\",\"breadcrumb\":{\"@id\":\"https:\\\/\\\/www.jootjeshaakcadeautjes.nl\\\/fr\\\/produit\\\/feuille-de-perles-en-silicone-petit-champagne-naturel-petite-pepite\\\/#breadcrumb\"},\"inLanguage\":\"fr-FR\",\"potentialAction\":[{\"@type\":\"ReadAction\",\"target\":[\"https:\\\/\\\/www.jootjeshaakcadeautjes.nl\\\/fr\\\/produit\\\/feuille-de-perles-en-silicone-petit-champagne-naturel-petite-pepite\\\/\"]}]},{\"@type\":\"ImageObject\",\"inLanguage\":\"fr-FR\",\"@id\":\"https:\\\/\\\/www.jootjeshaakcadeautjes.nl\\\/fr\\\/produit\\\/feuille-de-perles-en-silicone-petit-champagne-naturel-petite-pepite\\\/#primaryimage\",\"url\":\"https:\\\/\\\/d1dyryakdmle7o.cloudfront.net\\\/wp-content\\\/uploads\\\/2023\\\/12\\\/Remove-background-project-6.jpg\",\"contentUrl\":\"https:\\\/\\\/d1dyryakdmle7o.cloudfront.net\\\/wp-content\\\/uploads\\\/2023\\\/12\\\/Remove-background-project-6.jpg\",\"width\":2048,\"height\":2048},{\"@type\":\"BreadcrumbList\",\"@id\":\"https:\\\/\\\/www.jootjeshaakcadeautjes.nl\\\/fr\\\/produit\\\/feuille-de-perles-en-silicone-petit-champagne-naturel-petite-pepite\\\/#breadcrumb\",\"itemListElement\":[{\"@type\":\"ListItem\",\"position\":1,\"name\":\"Accueil\",\"item\":\"https:\\\/\\\/www.jootjeshaakcadeautjes.nl\\\/fr\\\/\"},{\"@type\":\"ListItem\",\"position\":2,\"name\":\"Commerce de gros de perles en silicone &#8211; Entreprises et consommateurs\",\"item\":\"https:\\\/\\\/www.jootjeshaakcadeautjes.nl\\\/fr\\\/boutique\\\/\"},{\"@type\":\"ListItem\",\"position\":3,\"name\":\"Perle de silicone &#8211; Feuille &#8211; Naturelle &#8211; Petite &#8211; P\u00e9pite de champagne\"}]},{\"@type\":\"WebSite\",\"@id\":\"https:\\\/\\\/www.jootjeshaakcadeautjes.nl\\\/fr\\\/#website\",\"url\":\"https:\\\/\\\/www.jootjeshaakcadeautjes.nl\\\/fr\\\/\",\"name\":\"Jootjes Haakcadeautjes\",\"description\":\"Grossiste en perles de silicone\",\"publisher\":{\"@id\":\"https:\\\/\\\/www.jootjeshaakcadeautjes.nl\\\/fr\\\/#organization\"},\"potentialAction\":[{\"@type\":\"SearchAction\",\"target\":{\"@type\":\"EntryPoint\",\"urlTemplate\":\"https:\\\/\\\/www.jootjeshaakcadeautjes.nl\\\/fr\\\/?s={search_term_string}\"},\"query-input\":{\"@type\":\"PropertyValueSpecification\",\"valueRequired\":true,\"valueName\":\"search_term_string\"}}],\"inLanguage\":\"fr-FR\"},{\"@type\":\"Organization\",\"@id\":\"https:\\\/\\\/www.jootjeshaakcadeautjes.nl\\\/fr\\\/#organization\",\"name\":\"Jootjes Haakcadeautjes\",\"url\":\"https:\\\/\\\/www.jootjeshaakcadeautjes.nl\\\/fr\\\/\",\"logo\":{\"@type\":\"ImageObject\",\"inLanguage\":\"fr-FR\",\"@id\":\"https:\\\/\\\/www.jootjeshaakcadeautjes.nl\\\/fr\\\/#\\\/schema\\\/logo\\\/image\\\/\",\"url\":\"https:\\\/\\\/jootjes-haakcadeautjes-media.s3.amazonaws.com\\\/wp-content\\\/uploads\\\/2023\\\/05\\\/Logo-rond.png\",\"contentUrl\":\"https:\\\/\\\/jootjes-haakcadeautjes-media.s3.amazonaws.com\\\/wp-content\\\/uploads\\\/2023\\\/05\\\/Logo-rond.png\",\"width\":1222,\"height\":1222,\"caption\":\"Jootjes Haakcadeautjes\"},\"image\":{\"@id\":\"https:\\\/\\\/www.jootjeshaakcadeautjes.nl\\\/fr\\\/#\\\/schema\\\/logo\\\/image\\\/\"}}]}<\/script>\n<meta property=\"product:price:amount\" content=\"0.75\" \/>\n<meta property=\"product:price:currency\" content=\"EUR\" \/>\n<meta property=\"og:availability\" content=\"instock\" \/>\n<meta property=\"product:availability\" content=\"instock\" \/>\n<meta property=\"product:retailer_item_id\" content=\"SIL-BNK-CNU\" \/>\n<meta property=\"product:condition\" content=\"new\" \/>\n<!-- \/ Yoast SEO Premium plugin. -->","yoast_head_json":{"title":"Perle de silicone - Feuille - Naturelle - Petite - P\u00e9pite de champagne - sans BPA","description":"Perle de silicone feuille naturelle petit bleu poudre clair. Pour cordon de t\u00e9tine, mobile de parc ou suspension de landau. Sans BPA, certifi\u00e9 CE et FDA.","robots":{"index":"index","follow":"follow","max-snippet":"max-snippet:-1","max-image-preview":"max-image-preview:large","max-video-preview":"max-video-preview:-1"},"canonical":"https:\/\/www.jootjeshaakcadeautjes.nl\/fr\/produit\/feuille-de-perles-en-silicone-petit-champagne-naturel-petite-pepite\/","og_locale":"fr_FR","og_type":"article","og_title":"Perle de silicone - Feuille - Naturelle - Petite - P\u00e9pite de champagne","og_description":"Perle de silicone feuille naturelle petit bleu poudre clair. Pour cordon de t\u00e9tine, mobile de parc ou suspension de landau. Sans BPA, certifi\u00e9 CE et FDA.","og_url":"https:\/\/www.jootjeshaakcadeautjes.nl\/fr\/produit\/feuille-de-perles-en-silicone-petit-champagne-naturel-petite-pepite\/","og_site_name":"Jootjes Haakcadeautjes","article_modified_time":"2026-02-18T08:32:42+00:00","og_image":[{"width":2048,"height":2048,"url":"https:\/\/www.jootjeshaakcadeautjes.nl\/wp-content\/uploads\/2023\/12\/Remove-background-project-6.jpg","type":"image\/jpeg"}],"twitter_card":"summary_large_image","twitter_misc":{"Prix":"&euro;0.75 TTC","Disponibilit\u00e9":"En stock"},"schema":{"@context":"https:\/\/schema.org","@graph":[{"@type":"WebPage","@id":"https:\/\/www.jootjeshaakcadeautjes.nl\/fr\/produit\/feuille-de-perles-en-silicone-petit-champagne-naturel-petite-pepite\/","url":"https:\/\/www.jootjeshaakcadeautjes.nl\/fr\/produit\/feuille-de-perles-en-silicone-petit-champagne-naturel-petite-pepite\/","name":"Perle de silicone - Feuille - Naturelle - Petite - P\u00e9pite de champagne - sans BPA","isPartOf":{"@id":"https:\/\/www.jootjeshaakcadeautjes.nl\/fr\/#website"},"primaryImageOfPage":{"@id":"https:\/\/www.jootjeshaakcadeautjes.nl\/fr\/produit\/feuille-de-perles-en-silicone-petit-champagne-naturel-petite-pepite\/#primaryimage"},"image":{"@id":"https:\/\/www.jootjeshaakcadeautjes.nl\/fr\/produit\/feuille-de-perles-en-silicone-petit-champagne-naturel-petite-pepite\/#primaryimage"},"thumbnailUrl":"https:\/\/d1dyryakdmle7o.cloudfront.net\/wp-content\/uploads\/2023\/12\/Remove-background-project-6.jpg","datePublished":"2023-12-21T18:23:01+00:00","dateModified":"2026-02-18T08:32:42+00:00","description":"Perle de silicone feuille naturelle petit bleu poudre clair. Pour cordon de t\u00e9tine, mobile de parc ou suspension de landau. Sans BPA, certifi\u00e9 CE et FDA.","breadcrumb":{"@id":"https:\/\/www.jootjeshaakcadeautjes.nl\/fr\/produit\/feuille-de-perles-en-silicone-petit-champagne-naturel-petite-pepite\/#breadcrumb"},"inLanguage":"fr-FR","potentialAction":[{"@type":"ReadAction","target":["https:\/\/www.jootjeshaakcadeautjes.nl\/fr\/produit\/feuille-de-perles-en-silicone-petit-champagne-naturel-petite-pepite\/"]}]},{"@type":"ImageObject","inLanguage":"fr-FR","@id":"https:\/\/www.jootjeshaakcadeautjes.nl\/fr\/produit\/feuille-de-perles-en-silicone-petit-champagne-naturel-petite-pepite\/#primaryimage","url":"https:\/\/d1dyryakdmle7o.cloudfront.net\/wp-content\/uploads\/2023\/12\/Remove-background-project-6.jpg","contentUrl":"https:\/\/d1dyryakdmle7o.cloudfront.net\/wp-content\/uploads\/2023\/12\/Remove-background-project-6.jpg","width":2048,"height":2048},{"@type":"BreadcrumbList","@id":"https:\/\/www.jootjeshaakcadeautjes.nl\/fr\/produit\/feuille-de-perles-en-silicone-petit-champagne-naturel-petite-pepite\/#breadcrumb","itemListElement":[{"@type":"ListItem","position":1,"name":"Accueil","item":"https:\/\/www.jootjeshaakcadeautjes.nl\/fr\/"},{"@type":"ListItem","position":2,"name":"Commerce de gros de perles en silicone &#8211; Entreprises et consommateurs","item":"https:\/\/www.jootjeshaakcadeautjes.nl\/fr\/boutique\/"},{"@type":"ListItem","position":3,"name":"Perle de silicone &#8211; Feuille &#8211; Naturelle &#8211; Petite &#8211; P\u00e9pite de champagne"}]},{"@type":"WebSite","@id":"https:\/\/www.jootjeshaakcadeautjes.nl\/fr\/#website","url":"https:\/\/www.jootjeshaakcadeautjes.nl\/fr\/","name":"Jootjes Haakcadeautjes","description":"Grossiste en perles de silicone","publisher":{"@id":"https:\/\/www.jootjeshaakcadeautjes.nl\/fr\/#organization"},"potentialAction":[{"@type":"SearchAction","target":{"@type":"EntryPoint","urlTemplate":"https:\/\/www.jootjeshaakcadeautjes.nl\/fr\/?s={search_term_string}"},"query-input":{"@type":"PropertyValueSpecification","valueRequired":true,"valueName":"search_term_string"}}],"inLanguage":"fr-FR"},{"@type":"Organization","@id":"https:\/\/www.jootjeshaakcadeautjes.nl\/fr\/#organization","name":"Jootjes Haakcadeautjes","url":"https:\/\/www.jootjeshaakcadeautjes.nl\/fr\/","logo":{"@type":"ImageObject","inLanguage":"fr-FR","@id":"https:\/\/www.jootjeshaakcadeautjes.nl\/fr\/#\/schema\/logo\/image\/","url":"https:\/\/jootjes-haakcadeautjes-media.s3.amazonaws.com\/wp-content\/uploads\/2023\/05\/Logo-rond.png","contentUrl":"https:\/\/jootjes-haakcadeautjes-media.s3.amazonaws.com\/wp-content\/uploads\/2023\/05\/Logo-rond.png","width":1222,"height":1222,"caption":"Jootjes Haakcadeautjes"},"image":{"@id":"https:\/\/www.jootjeshaakcadeautjes.nl\/fr\/#\/schema\/logo\/image\/"}}]},"product_price_amount":"0.75","product_price_currency":"EUR","og_availability":"instock","product_availability":"instock","product_retailer_item_id":"SIL-BNK-CNU","product_condition":"new"},"_links":{"self":[{"href":"https:\/\/www.jootjeshaakcadeautjes.nl\/fr\/wp-json\/wp\/v2\/product\/130233","targetHints":{"allow":["GET"]}}],"collection":[{"href":"https:\/\/www.jootjeshaakcadeautjes.nl\/fr\/wp-json\/wp\/v2\/product"}],"about":[{"href":"https:\/\/www.jootjeshaakcadeautjes.nl\/fr\/wp-json\/wp\/v2\/types\/product"}],"version-history":[{"count":0,"href":"https:\/\/www.jootjeshaakcadeautjes.nl\/fr\/wp-json\/wp\/v2\/product\/130233\/revisions"}],"wp:featuredmedia":[{"embeddable":true,"href":"https:\/\/www.jootjeshaakcadeautjes.nl\/fr\/wp-json\/wp\/v2\/media\/112536"}],"wp:attachment":[{"href":"https:\/\/www.jootjeshaakcadeautjes.nl\/fr\/wp-json\/wp\/v2\/media?parent=130233"}],"wp:term":[{"taxonomy":"product_brand","embeddable":true,"href":"https:\/\/www.jootjeshaakcadeautjes.nl\/fr\/wp-json\/wp\/v2\/product_brand?post=130233"},{"taxonomy":"product_cat","embeddable":true,"href":"https:\/\/www.jootjeshaakcadeautjes.nl\/fr\/wp-json\/wp\/v2\/product_cat?post=130233"},{"taxonomy":"product_tag","embeddable":true,"href":"https:\/\/www.jootjeshaakcadeautjes.nl\/fr\/wp-json\/wp\/v2\/product_tag?post=130233"}],"curies":[{"name":"wp","href":"https:\/\/api.w.org\/{rel}","templated":true}]}}