{"id":130241,"date":"2024-01-10T12:24:09","date_gmt":"2024-01-10T11:24:09","guid":{"rendered":"https:\/\/www.jootjeshaakcadeautjes.nl\/product\/bagues-en-bois-grave-7-cm-en12586-own-brand-gravure-personnalisee-de-36-pieces\/"},"modified":"2026-03-19T00:59:34","modified_gmt":"2026-03-18T23:59:34","slug":"bagues-en-bois-grave-7-cm-en12586-own-brand-gravure-personnalisee-de-36-pieces","status":"publish","type":"product","link":"https:\/\/www.jootjeshaakcadeautjes.nl\/fr\/produit\/bagues-en-bois-grave-7-cm-en12586-own-brand-gravure-personnalisee-de-36-pieces\/","title":{"rendered":"Anneaux en bois grav\u00e9s 7 cm &#8211; Marque propre &#8211; Gravure personnalis\u00e9e ! &#8211; A partir de 36 pi\u00e8ces"},"content":{"rendered":"<h1>Bagues en bois grav\u00e9es &#8211; Marque propre &#8211; Gravure personnalis\u00e9e !<\/h1>\n<ul>\n<li>Anneaux de taille 7 cm<\/li>\n<li>A partir de 36 pi\u00e8ces*<\/li>\n<li>Gravure avec logo.<\/li>\n<li>La gravure + l&#8217;anneau co\u00fbtent 2,30\/chacun. La bague est bien s\u00fbr incluse dans le prix.<\/li>\n<\/ul>\n<p>*Par 36 pi\u00e8ces, \u00e9chantillons inclus. Les exigences et le positionnement sont convenus \u00e0 l&#8217;avance. Si nous faisons un mauvais \u00e9chantillonnage de notre c\u00f4t\u00e9, il sera produit \u00e0 nouveau. Si des modifications sont apport\u00e9es malgr\u00e9 les souhaits et le positionnement des accords, elles seront d\u00e9duites du nombre total. Supposons qu&#8217;un \u00e9chantillon produise \u00e0 nouveau 35 anneaux et ainsi de suite.<\/p>\n<p>La livraison du logo doit se faire dans la meilleure qualit\u00e9 possible. De pr\u00e9f\u00e9rence en noir et blanc. De pr\u00e9f\u00e9rence, un fichier du cr\u00e9ateur original (vectoriel, EPS, AI, PDF, JPG, SVG, PNG). Si le fichier n&#8217;est pas imm\u00e9diatement utilisable pour la production, une consultation suppl\u00e9mentaire aura lieu concernant la n\u00e9cessit\u00e9 d&#8217;une conception graphique. Nous pouvons nous en charger pour vous, mais cela peut entra\u00eener des frais suppl\u00e9mentaires. Dans certains cas, le logo est trop grand ou trop complexe (par exemple, avec du texte et une image). Dans ce cas, nous pouvons vous consulter pour graver uniquement le texte ou l&#8217;image.<\/p>\n<p>Des photos peuvent \u00eatre prises de ce projet personnalis\u00e9 pour le b\u00e9n\u00e9fice de notre portefeuille. Jootjes Haakcadeautjes n&#8217;est jamais propri\u00e9taire de votre marque ou de votre logo et ne le revendique pas. En faisant r\u00e9aliser ces bagues par nos soins, vous acceptez que nous utilisions des photos des bagues personnalis\u00e9es que nous avons r\u00e9alis\u00e9es dans le but de promouvoir nos services de gravure personnalis\u00e9e \/ gravure personnalis\u00e9e.<\/p>\n","protected":false},"excerpt":{"rendered":"<ul>\n<li>Anneaux de taille 7 cm<\/li>\n<li>A partir de 36 pi\u00e8ces*<\/li>\n<li>Gravure avec logo.<\/li>\n<li>La gravure + l&#8217;anneau co\u00fbtent 2,30\/chacun. La bague est bien s\u00fbr incluse dans le prix.<\/li>\n<\/ul>\n","protected":false},"featured_media":85787,"template":"","meta":[],"product_brand":[],"product_cat":[12397,12294,6994,12398],"product_tag":[12409,10419,12298,12421,12417,12427,7421,12410,7402,12403,12412,12424,12402,12419,12416,10453,10452,10242],"class_list":{"0":"post-130241","1":"product","2":"type-product","3":"status-publish","4":"has-post-thumbnail","6":"product_cat-anneaux-en-bois-graves-pour-cordon-de-sucette-et-anneau-de-dentition","7":"product_cat-anneaux-en-bois-pour-le-macrame-et-le-crochet","8":"product_cat-gravure-au-laser-produits-cadeaux","9":"product_cat-gravure-au-laser-pour-wish-texte-image-ou-marque-de-votre-choix","10":"product_tag-7-fr","11":"product_tag-a-fr-3","12":"product_tag-anneau","13":"product_tag-au-laser-fr","14":"product_tag-avec-logo","15":"product_tag-brandits-fr","16":"product_tag-cm-fr","17":"product_tag-fr12586","18":"product_tag-grave","19":"product_tag-gravure","20":"product_tag-gravure-fr","21":"product_tag-image-de-marque","22":"product_tag-laser-fr","23":"product_tag-logo-fr","24":"product_tag-marque","25":"product_tag-propre","26":"product_tag-souhait","27":"product_tag-sur-mesure","29":"first","30":"instock","31":"taxable","32":"shipping-taxable","33":"purchasable","34":"product-type-simple"},"bundled_by":[],"bundle_stock_status":"instock","bundle_stock_quantity":36,"bundle_virtual":false,"bundle_layout":"","bundle_add_to_cart_form_location":"","bundle_editable_in_cart":false,"bundle_sold_individually_context":"","bundle_item_grouping":"","bundle_min_size":"","bundle_max_size":"","bundle_price":[],"bundled_items":[],"bundle_sell_ids":[],"yoast_head":"<!-- This site is optimized with the Yoast SEO Premium plugin v27.4 (Yoast SEO v27.4) - https:\/\/yoast.com\/product\/yoast-seo-premium-wordpress\/ -->\n<title>Anneaux en bois grav\u00e9s 7 cm - Marque propre - Gravure personnalis\u00e9e ! - A partir de 36 pi\u00e8ces - Jootjes Haakcadeautjes<\/title>\n<meta name=\"description\" content=\"Anneaux en bois de 7 cm grav\u00e9s \u00e0 la marque de l&#039;artiste. Rapidement grav\u00e9 par Jootjes Crochet Gifts et Brandits Laser. Gravure laser personnalis\u00e9e.\" \/>\n<meta name=\"robots\" content=\"index, follow, max-snippet:-1, max-image-preview:large, max-video-preview:-1\" \/>\n<link rel=\"canonical\" href=\"https:\/\/www.jootjeshaakcadeautjes.nl\/fr\/produit\/bagues-en-bois-grave-7-cm-en12586-own-brand-gravure-personnalisee-de-36-pieces\/\" \/>\n<meta property=\"og:locale\" content=\"fr_FR\" \/>\n<meta property=\"og:type\" content=\"article\" \/>\n<meta property=\"og:title\" content=\"Anneaux en bois grav\u00e9s 7 cm - Marque propre - Gravure personnalis\u00e9e ! - A partir de 36 pi\u00e8ces\" \/>\n<meta property=\"og:description\" content=\"Anneaux en bois de 7 cm grav\u00e9s \u00e0 la marque de l&#039;artiste. Rapidement grav\u00e9 par Jootjes Crochet Gifts et Brandits Laser. Gravure laser personnalis\u00e9e.\" \/>\n<meta property=\"og:url\" content=\"https:\/\/www.jootjeshaakcadeautjes.nl\/fr\/produit\/bagues-en-bois-grave-7-cm-en12586-own-brand-gravure-personnalisee-de-36-pieces\/\" \/>\n<meta property=\"og:site_name\" content=\"Jootjes Haakcadeautjes\" \/>\n<meta property=\"article:modified_time\" content=\"2026-03-18T23:59:34+00:00\" \/>\n<meta property=\"og:image\" content=\"https:\/\/www.jootjeshaakcadeautjes.nl\/wp-content\/uploads\/2022\/12\/20221215_175445.jpg\" \/>\n\t<meta property=\"og:image:width\" content=\"2048\" \/>\n\t<meta property=\"og:image:height\" content=\"2048\" \/>\n\t<meta property=\"og:image:type\" content=\"image\/jpeg\" \/>\n<meta name=\"twitter:card\" content=\"summary_large_image\" \/>\n<meta name=\"twitter:label1\" content=\"Prix\" \/>\n\t<meta name=\"twitter:data1\" content=\"&euro;2.30 TTC\" \/>\n\t<meta name=\"twitter:label2\" content=\"Disponibilit\u00e9\" \/>\n\t<meta name=\"twitter:data2\" content=\"En stock\" \/>\n<script type=\"application\/ld+json\" class=\"yoast-schema-graph\">{\"@context\":\"https:\\\/\\\/schema.org\",\"@graph\":[{\"@type\":\"WebPage\",\"@id\":\"https:\\\/\\\/www.jootjeshaakcadeautjes.nl\\\/fr\\\/produit\\\/bagues-en-bois-grave-7-cm-en12586-own-brand-gravure-personnalisee-de-36-pieces\\\/\",\"url\":\"https:\\\/\\\/www.jootjeshaakcadeautjes.nl\\\/fr\\\/produit\\\/bagues-en-bois-grave-7-cm-en12586-own-brand-gravure-personnalisee-de-36-pieces\\\/\",\"name\":\"Anneaux en bois grav\u00e9s 7 cm - Marque propre - Gravure personnalis\u00e9e ! - A partir de 36 pi\u00e8ces - Jootjes Haakcadeautjes\",\"isPartOf\":{\"@id\":\"https:\\\/\\\/www.jootjeshaakcadeautjes.nl\\\/fr\\\/#website\"},\"primaryImageOfPage\":{\"@id\":\"https:\\\/\\\/www.jootjeshaakcadeautjes.nl\\\/fr\\\/produit\\\/bagues-en-bois-grave-7-cm-en12586-own-brand-gravure-personnalisee-de-36-pieces\\\/#primaryimage\"},\"image\":{\"@id\":\"https:\\\/\\\/www.jootjeshaakcadeautjes.nl\\\/fr\\\/produit\\\/bagues-en-bois-grave-7-cm-en12586-own-brand-gravure-personnalisee-de-36-pieces\\\/#primaryimage\"},\"thumbnailUrl\":\"https:\\\/\\\/d1dyryakdmle7o.cloudfront.net\\\/wp-content\\\/uploads\\\/2022\\\/12\\\/20221215_175445.jpg\",\"datePublished\":\"2024-01-10T11:24:09+00:00\",\"dateModified\":\"2026-03-18T23:59:34+00:00\",\"description\":\"Anneaux en bois de 7 cm grav\u00e9s \u00e0 la marque de l'artiste. Rapidement grav\u00e9 par Jootjes Crochet Gifts et Brandits Laser. Gravure laser personnalis\u00e9e.\",\"breadcrumb\":{\"@id\":\"https:\\\/\\\/www.jootjeshaakcadeautjes.nl\\\/fr\\\/produit\\\/bagues-en-bois-grave-7-cm-en12586-own-brand-gravure-personnalisee-de-36-pieces\\\/#breadcrumb\"},\"inLanguage\":\"fr-FR\",\"potentialAction\":[{\"@type\":\"ReadAction\",\"target\":[\"https:\\\/\\\/www.jootjeshaakcadeautjes.nl\\\/fr\\\/produit\\\/bagues-en-bois-grave-7-cm-en12586-own-brand-gravure-personnalisee-de-36-pieces\\\/\"]}]},{\"@type\":\"ImageObject\",\"inLanguage\":\"fr-FR\",\"@id\":\"https:\\\/\\\/www.jootjeshaakcadeautjes.nl\\\/fr\\\/produit\\\/bagues-en-bois-grave-7-cm-en12586-own-brand-gravure-personnalisee-de-36-pieces\\\/#primaryimage\",\"url\":\"https:\\\/\\\/d1dyryakdmle7o.cloudfront.net\\\/wp-content\\\/uploads\\\/2022\\\/12\\\/20221215_175445.jpg\",\"contentUrl\":\"https:\\\/\\\/d1dyryakdmle7o.cloudfront.net\\\/wp-content\\\/uploads\\\/2022\\\/12\\\/20221215_175445.jpg\",\"width\":2048,\"height\":2048,\"caption\":\"Anneaux grav\u00e9s avec anneau de dentition de marque personnalis\u00e9\"},{\"@type\":\"BreadcrumbList\",\"@id\":\"https:\\\/\\\/www.jootjeshaakcadeautjes.nl\\\/fr\\\/produit\\\/bagues-en-bois-grave-7-cm-en12586-own-brand-gravure-personnalisee-de-36-pieces\\\/#breadcrumb\",\"itemListElement\":[{\"@type\":\"ListItem\",\"position\":1,\"name\":\"Accueil\",\"item\":\"https:\\\/\\\/www.jootjeshaakcadeautjes.nl\\\/fr\\\/\"},{\"@type\":\"ListItem\",\"position\":2,\"name\":\"Commerce de gros de perles en silicone &#8211; Entreprises et consommateurs\",\"item\":\"https:\\\/\\\/www.jootjeshaakcadeautjes.nl\\\/fr\\\/boutique\\\/\"},{\"@type\":\"ListItem\",\"position\":3,\"name\":\"Anneaux en bois grav\u00e9s 7 cm &#8211; Marque propre &#8211; Gravure personnalis\u00e9e ! &#8211; A partir de 36 pi\u00e8ces\"}]},{\"@type\":\"WebSite\",\"@id\":\"https:\\\/\\\/www.jootjeshaakcadeautjes.nl\\\/fr\\\/#website\",\"url\":\"https:\\\/\\\/www.jootjeshaakcadeautjes.nl\\\/fr\\\/\",\"name\":\"Jootjes Haakcadeautjes\",\"description\":\"Grossiste en perles de silicone\",\"publisher\":{\"@id\":\"https:\\\/\\\/www.jootjeshaakcadeautjes.nl\\\/fr\\\/#organization\"},\"potentialAction\":[{\"@type\":\"SearchAction\",\"target\":{\"@type\":\"EntryPoint\",\"urlTemplate\":\"https:\\\/\\\/www.jootjeshaakcadeautjes.nl\\\/fr\\\/?s={search_term_string}\"},\"query-input\":{\"@type\":\"PropertyValueSpecification\",\"valueRequired\":true,\"valueName\":\"search_term_string\"}}],\"inLanguage\":\"fr-FR\"},{\"@type\":\"Organization\",\"@id\":\"https:\\\/\\\/www.jootjeshaakcadeautjes.nl\\\/fr\\\/#organization\",\"name\":\"Jootjes Haakcadeautjes\",\"url\":\"https:\\\/\\\/www.jootjeshaakcadeautjes.nl\\\/fr\\\/\",\"logo\":{\"@type\":\"ImageObject\",\"inLanguage\":\"fr-FR\",\"@id\":\"https:\\\/\\\/www.jootjeshaakcadeautjes.nl\\\/fr\\\/#\\\/schema\\\/logo\\\/image\\\/\",\"url\":\"https:\\\/\\\/jootjes-haakcadeautjes-media.s3.amazonaws.com\\\/wp-content\\\/uploads\\\/2023\\\/05\\\/Logo-rond.png\",\"contentUrl\":\"https:\\\/\\\/jootjes-haakcadeautjes-media.s3.amazonaws.com\\\/wp-content\\\/uploads\\\/2023\\\/05\\\/Logo-rond.png\",\"width\":1222,\"height\":1222,\"caption\":\"Jootjes Haakcadeautjes\"},\"image\":{\"@id\":\"https:\\\/\\\/www.jootjeshaakcadeautjes.nl\\\/fr\\\/#\\\/schema\\\/logo\\\/image\\\/\"}}]}<\/script>\n<meta property=\"product:price:amount\" content=\"2.30\" \/>\n<meta property=\"product:price:currency\" content=\"EUR\" \/>\n<meta property=\"og:availability\" content=\"instock\" \/>\n<meta property=\"product:availability\" content=\"instock\" \/>\n<meta property=\"product:retailer_item_id\" content=\"GEG-RIN-77c\" \/>\n<meta property=\"product:condition\" content=\"new\" \/>\n<!-- \/ Yoast SEO Premium plugin. -->","yoast_head_json":{"title":"Anneaux en bois grav\u00e9s 7 cm - Marque propre - Gravure personnalis\u00e9e ! - A partir de 36 pi\u00e8ces - Jootjes Haakcadeautjes","description":"Anneaux en bois de 7 cm grav\u00e9s \u00e0 la marque de l'artiste. Rapidement grav\u00e9 par Jootjes Crochet Gifts et Brandits Laser. Gravure laser personnalis\u00e9e.","robots":{"index":"index","follow":"follow","max-snippet":"max-snippet:-1","max-image-preview":"max-image-preview:large","max-video-preview":"max-video-preview:-1"},"canonical":"https:\/\/www.jootjeshaakcadeautjes.nl\/fr\/produit\/bagues-en-bois-grave-7-cm-en12586-own-brand-gravure-personnalisee-de-36-pieces\/","og_locale":"fr_FR","og_type":"article","og_title":"Anneaux en bois grav\u00e9s 7 cm - Marque propre - Gravure personnalis\u00e9e ! - A partir de 36 pi\u00e8ces","og_description":"Anneaux en bois de 7 cm grav\u00e9s \u00e0 la marque de l'artiste. Rapidement grav\u00e9 par Jootjes Crochet Gifts et Brandits Laser. Gravure laser personnalis\u00e9e.","og_url":"https:\/\/www.jootjeshaakcadeautjes.nl\/fr\/produit\/bagues-en-bois-grave-7-cm-en12586-own-brand-gravure-personnalisee-de-36-pieces\/","og_site_name":"Jootjes Haakcadeautjes","article_modified_time":"2026-03-18T23:59:34+00:00","og_image":[{"width":2048,"height":2048,"url":"https:\/\/www.jootjeshaakcadeautjes.nl\/wp-content\/uploads\/2022\/12\/20221215_175445.jpg","type":"image\/jpeg"}],"twitter_card":"summary_large_image","twitter_misc":{"Prix":"&euro;2.30 TTC","Disponibilit\u00e9":"En stock"},"schema":{"@context":"https:\/\/schema.org","@graph":[{"@type":"WebPage","@id":"https:\/\/www.jootjeshaakcadeautjes.nl\/fr\/produit\/bagues-en-bois-grave-7-cm-en12586-own-brand-gravure-personnalisee-de-36-pieces\/","url":"https:\/\/www.jootjeshaakcadeautjes.nl\/fr\/produit\/bagues-en-bois-grave-7-cm-en12586-own-brand-gravure-personnalisee-de-36-pieces\/","name":"Anneaux en bois grav\u00e9s 7 cm - Marque propre - Gravure personnalis\u00e9e ! - A partir de 36 pi\u00e8ces - Jootjes Haakcadeautjes","isPartOf":{"@id":"https:\/\/www.jootjeshaakcadeautjes.nl\/fr\/#website"},"primaryImageOfPage":{"@id":"https:\/\/www.jootjeshaakcadeautjes.nl\/fr\/produit\/bagues-en-bois-grave-7-cm-en12586-own-brand-gravure-personnalisee-de-36-pieces\/#primaryimage"},"image":{"@id":"https:\/\/www.jootjeshaakcadeautjes.nl\/fr\/produit\/bagues-en-bois-grave-7-cm-en12586-own-brand-gravure-personnalisee-de-36-pieces\/#primaryimage"},"thumbnailUrl":"https:\/\/d1dyryakdmle7o.cloudfront.net\/wp-content\/uploads\/2022\/12\/20221215_175445.jpg","datePublished":"2024-01-10T11:24:09+00:00","dateModified":"2026-03-18T23:59:34+00:00","description":"Anneaux en bois de 7 cm grav\u00e9s \u00e0 la marque de l'artiste. Rapidement grav\u00e9 par Jootjes Crochet Gifts et Brandits Laser. Gravure laser personnalis\u00e9e.","breadcrumb":{"@id":"https:\/\/www.jootjeshaakcadeautjes.nl\/fr\/produit\/bagues-en-bois-grave-7-cm-en12586-own-brand-gravure-personnalisee-de-36-pieces\/#breadcrumb"},"inLanguage":"fr-FR","potentialAction":[{"@type":"ReadAction","target":["https:\/\/www.jootjeshaakcadeautjes.nl\/fr\/produit\/bagues-en-bois-grave-7-cm-en12586-own-brand-gravure-personnalisee-de-36-pieces\/"]}]},{"@type":"ImageObject","inLanguage":"fr-FR","@id":"https:\/\/www.jootjeshaakcadeautjes.nl\/fr\/produit\/bagues-en-bois-grave-7-cm-en12586-own-brand-gravure-personnalisee-de-36-pieces\/#primaryimage","url":"https:\/\/d1dyryakdmle7o.cloudfront.net\/wp-content\/uploads\/2022\/12\/20221215_175445.jpg","contentUrl":"https:\/\/d1dyryakdmle7o.cloudfront.net\/wp-content\/uploads\/2022\/12\/20221215_175445.jpg","width":2048,"height":2048,"caption":"Anneaux grav\u00e9s avec anneau de dentition de marque personnalis\u00e9"},{"@type":"BreadcrumbList","@id":"https:\/\/www.jootjeshaakcadeautjes.nl\/fr\/produit\/bagues-en-bois-grave-7-cm-en12586-own-brand-gravure-personnalisee-de-36-pieces\/#breadcrumb","itemListElement":[{"@type":"ListItem","position":1,"name":"Accueil","item":"https:\/\/www.jootjeshaakcadeautjes.nl\/fr\/"},{"@type":"ListItem","position":2,"name":"Commerce de gros de perles en silicone &#8211; Entreprises et consommateurs","item":"https:\/\/www.jootjeshaakcadeautjes.nl\/fr\/boutique\/"},{"@type":"ListItem","position":3,"name":"Anneaux en bois grav\u00e9s 7 cm &#8211; Marque propre &#8211; Gravure personnalis\u00e9e ! &#8211; A partir de 36 pi\u00e8ces"}]},{"@type":"WebSite","@id":"https:\/\/www.jootjeshaakcadeautjes.nl\/fr\/#website","url":"https:\/\/www.jootjeshaakcadeautjes.nl\/fr\/","name":"Jootjes Haakcadeautjes","description":"Grossiste en perles de silicone","publisher":{"@id":"https:\/\/www.jootjeshaakcadeautjes.nl\/fr\/#organization"},"potentialAction":[{"@type":"SearchAction","target":{"@type":"EntryPoint","urlTemplate":"https:\/\/www.jootjeshaakcadeautjes.nl\/fr\/?s={search_term_string}"},"query-input":{"@type":"PropertyValueSpecification","valueRequired":true,"valueName":"search_term_string"}}],"inLanguage":"fr-FR"},{"@type":"Organization","@id":"https:\/\/www.jootjeshaakcadeautjes.nl\/fr\/#organization","name":"Jootjes Haakcadeautjes","url":"https:\/\/www.jootjeshaakcadeautjes.nl\/fr\/","logo":{"@type":"ImageObject","inLanguage":"fr-FR","@id":"https:\/\/www.jootjeshaakcadeautjes.nl\/fr\/#\/schema\/logo\/image\/","url":"https:\/\/jootjes-haakcadeautjes-media.s3.amazonaws.com\/wp-content\/uploads\/2023\/05\/Logo-rond.png","contentUrl":"https:\/\/jootjes-haakcadeautjes-media.s3.amazonaws.com\/wp-content\/uploads\/2023\/05\/Logo-rond.png","width":1222,"height":1222,"caption":"Jootjes Haakcadeautjes"},"image":{"@id":"https:\/\/www.jootjeshaakcadeautjes.nl\/fr\/#\/schema\/logo\/image\/"}}]},"product_price_amount":"2.30","product_price_currency":"EUR","og_availability":"instock","product_availability":"instock","product_retailer_item_id":"GEG-RIN-77c","product_condition":"new"},"_links":{"self":[{"href":"https:\/\/www.jootjeshaakcadeautjes.nl\/fr\/wp-json\/wp\/v2\/product\/130241","targetHints":{"allow":["GET"]}}],"collection":[{"href":"https:\/\/www.jootjeshaakcadeautjes.nl\/fr\/wp-json\/wp\/v2\/product"}],"about":[{"href":"https:\/\/www.jootjeshaakcadeautjes.nl\/fr\/wp-json\/wp\/v2\/types\/product"}],"version-history":[{"count":0,"href":"https:\/\/www.jootjeshaakcadeautjes.nl\/fr\/wp-json\/wp\/v2\/product\/130241\/revisions"}],"wp:featuredmedia":[{"embeddable":true,"href":"https:\/\/www.jootjeshaakcadeautjes.nl\/fr\/wp-json\/wp\/v2\/media\/85787"}],"wp:attachment":[{"href":"https:\/\/www.jootjeshaakcadeautjes.nl\/fr\/wp-json\/wp\/v2\/media?parent=130241"}],"wp:term":[{"taxonomy":"product_brand","embeddable":true,"href":"https:\/\/www.jootjeshaakcadeautjes.nl\/fr\/wp-json\/wp\/v2\/product_brand?post=130241"},{"taxonomy":"product_cat","embeddable":true,"href":"https:\/\/www.jootjeshaakcadeautjes.nl\/fr\/wp-json\/wp\/v2\/product_cat?post=130241"},{"taxonomy":"product_tag","embeddable":true,"href":"https:\/\/www.jootjeshaakcadeautjes.nl\/fr\/wp-json\/wp\/v2\/product_tag?post=130241"}],"curies":[{"name":"wp","href":"https:\/\/api.w.org\/{rel}","templated":true}]}}