{"id":130252,"date":"2024-01-09T20:21:32","date_gmt":"2024-01-09T18:21:32","guid":{"rendered":"https:\/\/www.jootjeshaakcadeautjes.nl\/product\/tapis-de-travail-silicone-hobby-mat-craft-mat-raspberry\/"},"modified":"2026-04-20T11:31:10","modified_gmt":"2026-04-20T09:31:10","slug":"tapis-de-travail-silicone-hobby-mat-craft-mat-raspberry","status":"publish","type":"product","link":"https:\/\/www.jootjeshaakcadeautjes.nl\/fr\/produit\/tapis-de-travail-silicone-hobby-mat-craft-mat-raspberry\/","title":{"rendered":"Tapis de travail en silicone &#8211; Tapis de bricolage &#8211; 39,5 x 30 cm &#8211; Framboise"},"content":{"rendered":"<h2>Tapis de travail en silicone &#8211; Tapis de bricolage &#8211; Framboise<\/h2>\n<ul>\n<li><strong>Couleur :<\/strong> framboise<\/li>\n<li><strong>Mat\u00e9riau :<\/strong> silicone de haute qualit\u00e9<\/li>\n<li><strong>R\u00e9sistant \u00e0 la chaleur et \u00e0 l&#8217;abrasion<\/strong><\/li>\n<\/ul>\n","protected":false},"excerpt":{"rendered":"<ul>\n<li><strong>Couleur :<\/strong> framboise<\/li>\n<li><strong>Mat\u00e9riau :<\/strong> silicone de haute qualit\u00e9<\/li>\n<li><strong>R\u00e9sistant \u00e0 la chaleur et \u00e0 l&#8217;abrasion<br \/>\n<\/strong><\/li>\n<li><strong>Taille :<\/strong> 39,5 x 30 cm<\/li>\n<\/ul>\n","protected":false},"featured_media":114256,"template":"","meta":[],"product_brand":[],"product_cat":[7378,12308,12376,19509,12374],"product_tag":[7384,10126,7424,12378,7463,12393,12406,12408,7215,7418,10366,7440,7203,12380,19618,7230,12399,7212,12390,12385,7217],"class_list":{"0":"post-130252","1":"product","2":"type-product","3":"status-publish","4":"has-post-thumbnail","6":"product_cat-fabrication-de-jouets-de-dentition-pour-bebe-cordon-de-sucette-et-anneaux-de-dentition","7":"product_cat-materiel-de-bricolage-et-de-crochet","8":"product_cat-outils-tapis-de-travail-et-planche-a-perles-cordon-de-sucette-anneau-de-dentition-et-plus-encore","9":"product_cat-sets-de-table","10":"product_cat-tous-les-outils-aiguilles-pinces-combinees-ciseaux-tous","11":"product_tag-anneau-de-dentition","12":"product_tag-bouchon-de-vin","13":"product_tag-bpa-fr","14":"product_tag-ciseaux","15":"product_tag-commerce-de-gros","16":"product_tag-de-haute-qualite","17":"product_tag-decoration-fr","18":"product_tag-espace","19":"product_tag-faire","20":"product_tag-faux-cordon","21":"product_tag-framboise","22":"product_tag-gratuit","23":"product_tag-hobby-fr","24":"product_tag-materiel-de-loisirs","25":"product_tag-personalisierte","26":"product_tag-personnalisation","27":"product_tag-resistant-a-la-chaleur","28":"product_tag-silicone-fr","29":"product_tag-tapis-de-loisirs","30":"product_tag-tapis-de-travail","31":"product_tag-toi-meme","33":"first","34":"instock","35":"taxable","36":"shipping-taxable","37":"purchasable","38":"product-type-simple"},"bundled_by":[],"bundle_stock_status":"instock","bundle_stock_quantity":4,"bundle_virtual":false,"bundle_layout":"","bundle_add_to_cart_form_location":"","bundle_editable_in_cart":false,"bundle_sold_individually_context":"","bundle_item_grouping":"","bundle_min_size":"","bundle_max_size":"","bundle_price":[],"bundled_items":[],"bundle_sell_ids":[],"yoast_head":"<!-- This site is optimized with the Yoast SEO Premium plugin v27.6 (Yoast SEO v27.6) - https:\/\/yoast.com\/product\/yoast-seo-premium-wordpress\/ -->\n<title>Tapis de travail en silicone - Tapis de bricolage - 39,5 x 30 cm - Framboise - Jootjes Haakcadeautjes<\/title>\n<meta name=\"description\" content=\"Achetez le tapis de travail en silicone de couleur framboise pour fabriquer des cordons de t\u00e9tine et des anneaux de dentition ici. Commandez avant 16h00 aujourd&#039;hui !\" \/>\n<meta name=\"robots\" content=\"index, follow, max-snippet:-1, max-image-preview:large, max-video-preview:-1\" \/>\n<link rel=\"canonical\" href=\"https:\/\/www.jootjeshaakcadeautjes.nl\/fr\/produit\/tapis-de-travail-silicone-hobby-mat-craft-mat-raspberry\/\" \/>\n<meta property=\"og:locale\" content=\"fr_FR\" \/>\n<meta property=\"og:type\" content=\"article\" \/>\n<meta property=\"og:title\" content=\"Tapis de travail en silicone - Tapis de bricolage - 39,5 x 30 cm - Framboise\" \/>\n<meta property=\"og:description\" content=\"Achetez le tapis de travail en silicone de couleur framboise pour fabriquer des cordons de t\u00e9tine et des anneaux de dentition ici. Commandez avant 16h00 aujourd&#039;hui !\" \/>\n<meta property=\"og:url\" content=\"https:\/\/www.jootjeshaakcadeautjes.nl\/fr\/produit\/tapis-de-travail-silicone-hobby-mat-craft-mat-raspberry\/\" \/>\n<meta property=\"og:site_name\" content=\"Jootjes Haakcadeautjes\" \/>\n<meta property=\"article:modified_time\" content=\"2026-04-20T09:31:10+00:00\" \/>\n<meta property=\"og:image\" content=\"https:\/\/d1dyryakdmle7o.cloudfront.net\/wp-content\/uploads\/2024\/01\/IMG-20231229-WA0022.jpg\" \/>\n\t<meta property=\"og:image:width\" content=\"800\" \/>\n\t<meta property=\"og:image:height\" content=\"800\" \/>\n\t<meta property=\"og:image:type\" content=\"image\/jpeg\" \/>\n<meta name=\"twitter:card\" content=\"summary_large_image\" \/>\n<meta name=\"twitter:label1\" content=\"Prix\" \/>\n\t<meta name=\"twitter:data1\" content=\"&euro;9.95 TTC\" \/>\n\t<meta name=\"twitter:label2\" content=\"Disponibilit\u00e9\" \/>\n\t<meta name=\"twitter:data2\" content=\"En stock\" \/>\n<script type=\"application\/ld+json\" class=\"yoast-schema-graph\">{\"@context\":\"https:\\\/\\\/schema.org\",\"@graph\":[{\"@type\":\"WebPage\",\"@id\":\"https:\\\/\\\/www.jootjeshaakcadeautjes.nl\\\/fr\\\/produit\\\/tapis-de-travail-silicone-hobby-mat-craft-mat-raspberry\\\/\",\"url\":\"https:\\\/\\\/www.jootjeshaakcadeautjes.nl\\\/fr\\\/produit\\\/tapis-de-travail-silicone-hobby-mat-craft-mat-raspberry\\\/\",\"name\":\"Tapis de travail en silicone - Tapis de bricolage - 39,5 x 30 cm - Framboise - Jootjes Haakcadeautjes\",\"isPartOf\":{\"@id\":\"https:\\\/\\\/www.jootjeshaakcadeautjes.nl\\\/fr\\\/#website\"},\"primaryImageOfPage\":{\"@id\":\"https:\\\/\\\/www.jootjeshaakcadeautjes.nl\\\/fr\\\/produit\\\/tapis-de-travail-silicone-hobby-mat-craft-mat-raspberry\\\/#primaryimage\"},\"image\":{\"@id\":\"https:\\\/\\\/www.jootjeshaakcadeautjes.nl\\\/fr\\\/produit\\\/tapis-de-travail-silicone-hobby-mat-craft-mat-raspberry\\\/#primaryimage\"},\"thumbnailUrl\":\"https:\\\/\\\/d1dyryakdmle7o.cloudfront.net\\\/wp-content\\\/uploads\\\/2024\\\/01\\\/IMG-20231229-WA0022.jpg\",\"datePublished\":\"2024-01-09T18:21:32+00:00\",\"dateModified\":\"2026-04-20T09:31:10+00:00\",\"description\":\"Achetez le tapis de travail en silicone de couleur framboise pour fabriquer des cordons de t\u00e9tine et des anneaux de dentition ici. Commandez avant 16h00 aujourd'hui !\",\"breadcrumb\":{\"@id\":\"https:\\\/\\\/www.jootjeshaakcadeautjes.nl\\\/fr\\\/produit\\\/tapis-de-travail-silicone-hobby-mat-craft-mat-raspberry\\\/#breadcrumb\"},\"inLanguage\":\"fr-FR\",\"potentialAction\":[{\"@type\":\"ReadAction\",\"target\":[\"https:\\\/\\\/www.jootjeshaakcadeautjes.nl\\\/fr\\\/produit\\\/tapis-de-travail-silicone-hobby-mat-craft-mat-raspberry\\\/\"]}]},{\"@type\":\"ImageObject\",\"inLanguage\":\"fr-FR\",\"@id\":\"https:\\\/\\\/www.jootjeshaakcadeautjes.nl\\\/fr\\\/produit\\\/tapis-de-travail-silicone-hobby-mat-craft-mat-raspberry\\\/#primaryimage\",\"url\":\"https:\\\/\\\/d1dyryakdmle7o.cloudfront.net\\\/wp-content\\\/uploads\\\/2024\\\/01\\\/IMG-20231229-WA0022.jpg\",\"contentUrl\":\"https:\\\/\\\/d1dyryakdmle7o.cloudfront.net\\\/wp-content\\\/uploads\\\/2024\\\/01\\\/IMG-20231229-WA0022.jpg\",\"width\":800,\"height\":800,\"caption\":\"Tapis de travail en silicone pour anneaux de dentition anneaux de dentition anneaux de dentition perles en silicone en gros en couleur framboise\"},{\"@type\":\"BreadcrumbList\",\"@id\":\"https:\\\/\\\/www.jootjeshaakcadeautjes.nl\\\/fr\\\/produit\\\/tapis-de-travail-silicone-hobby-mat-craft-mat-raspberry\\\/#breadcrumb\",\"itemListElement\":[{\"@type\":\"ListItem\",\"position\":1,\"name\":\"Accueil\",\"item\":\"https:\\\/\\\/www.jootjeshaakcadeautjes.nl\\\/fr\\\/\"},{\"@type\":\"ListItem\",\"position\":2,\"name\":\"Commerce de gros de perles en silicone &#8211; Entreprises et consommateurs\",\"item\":\"https:\\\/\\\/www.jootjeshaakcadeautjes.nl\\\/fr\\\/boutique\\\/\"},{\"@type\":\"ListItem\",\"position\":3,\"name\":\"Tapis de travail en silicone &#8211; Tapis de bricolage &#8211; 39,5 x 30 cm &#8211; Framboise\"}]},{\"@type\":\"WebSite\",\"@id\":\"https:\\\/\\\/www.jootjeshaakcadeautjes.nl\\\/fr\\\/#website\",\"url\":\"https:\\\/\\\/www.jootjeshaakcadeautjes.nl\\\/fr\\\/\",\"name\":\"Jootjes Haakcadeautjes\",\"description\":\"Grossiste en perles de silicone\",\"publisher\":{\"@id\":\"https:\\\/\\\/www.jootjeshaakcadeautjes.nl\\\/fr\\\/#organization\"},\"potentialAction\":[{\"@type\":\"SearchAction\",\"target\":{\"@type\":\"EntryPoint\",\"urlTemplate\":\"https:\\\/\\\/www.jootjeshaakcadeautjes.nl\\\/fr\\\/?s={search_term_string}\"},\"query-input\":{\"@type\":\"PropertyValueSpecification\",\"valueRequired\":true,\"valueName\":\"search_term_string\"}}],\"inLanguage\":\"fr-FR\"},{\"@type\":\"Organization\",\"@id\":\"https:\\\/\\\/www.jootjeshaakcadeautjes.nl\\\/fr\\\/#organization\",\"name\":\"Jootjes Haakcadeautjes\",\"url\":\"https:\\\/\\\/www.jootjeshaakcadeautjes.nl\\\/fr\\\/\",\"logo\":{\"@type\":\"ImageObject\",\"inLanguage\":\"fr-FR\",\"@id\":\"https:\\\/\\\/www.jootjeshaakcadeautjes.nl\\\/fr\\\/#\\\/schema\\\/logo\\\/image\\\/\",\"url\":\"https:\\\/\\\/d1dyryakdmle7o.cloudfront.net\\\/wp-content\\\/uploads\\\/2023\\\/05\\\/Logo-rond.png\",\"contentUrl\":\"https:\\\/\\\/d1dyryakdmle7o.cloudfront.net\\\/wp-content\\\/uploads\\\/2023\\\/05\\\/Logo-rond.png\",\"width\":1222,\"height\":1222,\"caption\":\"Jootjes Haakcadeautjes\"},\"image\":{\"@id\":\"https:\\\/\\\/www.jootjeshaakcadeautjes.nl\\\/fr\\\/#\\\/schema\\\/logo\\\/image\\\/\"}}]}<\/script>\n<meta property=\"product:price:amount\" content=\"9.95\" \/>\n<meta property=\"product:price:currency\" content=\"EUR\" \/>\n<meta property=\"og:availability\" content=\"instock\" \/>\n<meta property=\"product:availability\" content=\"instock\" \/>\n<meta property=\"product:retailer_item_id\" content=\"SIL-WRK-MAT-FRA\" \/>\n<meta property=\"product:condition\" content=\"new\" \/>\n<!-- \/ Yoast SEO Premium plugin. -->","yoast_head_json":{"title":"Tapis de travail en silicone - Tapis de bricolage - 39,5 x 30 cm - Framboise - Jootjes Haakcadeautjes","description":"Achetez le tapis de travail en silicone de couleur framboise pour fabriquer des cordons de t\u00e9tine et des anneaux de dentition ici. Commandez avant 16h00 aujourd'hui !","robots":{"index":"index","follow":"follow","max-snippet":"max-snippet:-1","max-image-preview":"max-image-preview:large","max-video-preview":"max-video-preview:-1"},"canonical":"https:\/\/www.jootjeshaakcadeautjes.nl\/fr\/produit\/tapis-de-travail-silicone-hobby-mat-craft-mat-raspberry\/","og_locale":"fr_FR","og_type":"article","og_title":"Tapis de travail en silicone - Tapis de bricolage - 39,5 x 30 cm - Framboise","og_description":"Achetez le tapis de travail en silicone de couleur framboise pour fabriquer des cordons de t\u00e9tine et des anneaux de dentition ici. Commandez avant 16h00 aujourd'hui !","og_url":"https:\/\/www.jootjeshaakcadeautjes.nl\/fr\/produit\/tapis-de-travail-silicone-hobby-mat-craft-mat-raspberry\/","og_site_name":"Jootjes Haakcadeautjes","article_modified_time":"2026-04-20T09:31:10+00:00","og_image":[{"width":800,"height":800,"url":"https:\/\/d1dyryakdmle7o.cloudfront.net\/wp-content\/uploads\/2024\/01\/IMG-20231229-WA0022.jpg","type":"image\/jpeg"}],"twitter_card":"summary_large_image","twitter_misc":{"Prix":"&euro;9.95 TTC","Disponibilit\u00e9":"En stock"},"schema":{"@context":"https:\/\/schema.org","@graph":[{"@type":"WebPage","@id":"https:\/\/www.jootjeshaakcadeautjes.nl\/fr\/produit\/tapis-de-travail-silicone-hobby-mat-craft-mat-raspberry\/","url":"https:\/\/www.jootjeshaakcadeautjes.nl\/fr\/produit\/tapis-de-travail-silicone-hobby-mat-craft-mat-raspberry\/","name":"Tapis de travail en silicone - Tapis de bricolage - 39,5 x 30 cm - Framboise - Jootjes Haakcadeautjes","isPartOf":{"@id":"https:\/\/www.jootjeshaakcadeautjes.nl\/fr\/#website"},"primaryImageOfPage":{"@id":"https:\/\/www.jootjeshaakcadeautjes.nl\/fr\/produit\/tapis-de-travail-silicone-hobby-mat-craft-mat-raspberry\/#primaryimage"},"image":{"@id":"https:\/\/www.jootjeshaakcadeautjes.nl\/fr\/produit\/tapis-de-travail-silicone-hobby-mat-craft-mat-raspberry\/#primaryimage"},"thumbnailUrl":"https:\/\/d1dyryakdmle7o.cloudfront.net\/wp-content\/uploads\/2024\/01\/IMG-20231229-WA0022.jpg","datePublished":"2024-01-09T18:21:32+00:00","dateModified":"2026-04-20T09:31:10+00:00","description":"Achetez le tapis de travail en silicone de couleur framboise pour fabriquer des cordons de t\u00e9tine et des anneaux de dentition ici. Commandez avant 16h00 aujourd'hui !","breadcrumb":{"@id":"https:\/\/www.jootjeshaakcadeautjes.nl\/fr\/produit\/tapis-de-travail-silicone-hobby-mat-craft-mat-raspberry\/#breadcrumb"},"inLanguage":"fr-FR","potentialAction":[{"@type":"ReadAction","target":["https:\/\/www.jootjeshaakcadeautjes.nl\/fr\/produit\/tapis-de-travail-silicone-hobby-mat-craft-mat-raspberry\/"]}]},{"@type":"ImageObject","inLanguage":"fr-FR","@id":"https:\/\/www.jootjeshaakcadeautjes.nl\/fr\/produit\/tapis-de-travail-silicone-hobby-mat-craft-mat-raspberry\/#primaryimage","url":"https:\/\/d1dyryakdmle7o.cloudfront.net\/wp-content\/uploads\/2024\/01\/IMG-20231229-WA0022.jpg","contentUrl":"https:\/\/d1dyryakdmle7o.cloudfront.net\/wp-content\/uploads\/2024\/01\/IMG-20231229-WA0022.jpg","width":800,"height":800,"caption":"Tapis de travail en silicone pour anneaux de dentition anneaux de dentition anneaux de dentition perles en silicone en gros en couleur framboise"},{"@type":"BreadcrumbList","@id":"https:\/\/www.jootjeshaakcadeautjes.nl\/fr\/produit\/tapis-de-travail-silicone-hobby-mat-craft-mat-raspberry\/#breadcrumb","itemListElement":[{"@type":"ListItem","position":1,"name":"Accueil","item":"https:\/\/www.jootjeshaakcadeautjes.nl\/fr\/"},{"@type":"ListItem","position":2,"name":"Commerce de gros de perles en silicone &#8211; Entreprises et consommateurs","item":"https:\/\/www.jootjeshaakcadeautjes.nl\/fr\/boutique\/"},{"@type":"ListItem","position":3,"name":"Tapis de travail en silicone &#8211; Tapis de bricolage &#8211; 39,5 x 30 cm &#8211; Framboise"}]},{"@type":"WebSite","@id":"https:\/\/www.jootjeshaakcadeautjes.nl\/fr\/#website","url":"https:\/\/www.jootjeshaakcadeautjes.nl\/fr\/","name":"Jootjes Haakcadeautjes","description":"Grossiste en perles de silicone","publisher":{"@id":"https:\/\/www.jootjeshaakcadeautjes.nl\/fr\/#organization"},"potentialAction":[{"@type":"SearchAction","target":{"@type":"EntryPoint","urlTemplate":"https:\/\/www.jootjeshaakcadeautjes.nl\/fr\/?s={search_term_string}"},"query-input":{"@type":"PropertyValueSpecification","valueRequired":true,"valueName":"search_term_string"}}],"inLanguage":"fr-FR"},{"@type":"Organization","@id":"https:\/\/www.jootjeshaakcadeautjes.nl\/fr\/#organization","name":"Jootjes Haakcadeautjes","url":"https:\/\/www.jootjeshaakcadeautjes.nl\/fr\/","logo":{"@type":"ImageObject","inLanguage":"fr-FR","@id":"https:\/\/www.jootjeshaakcadeautjes.nl\/fr\/#\/schema\/logo\/image\/","url":"https:\/\/d1dyryakdmle7o.cloudfront.net\/wp-content\/uploads\/2023\/05\/Logo-rond.png","contentUrl":"https:\/\/d1dyryakdmle7o.cloudfront.net\/wp-content\/uploads\/2023\/05\/Logo-rond.png","width":1222,"height":1222,"caption":"Jootjes Haakcadeautjes"},"image":{"@id":"https:\/\/www.jootjeshaakcadeautjes.nl\/fr\/#\/schema\/logo\/image\/"}}]},"product_price_amount":"9.95","product_price_currency":"EUR","og_availability":"instock","product_availability":"instock","product_retailer_item_id":"SIL-WRK-MAT-FRA","product_condition":"new"},"_links":{"self":[{"href":"https:\/\/www.jootjeshaakcadeautjes.nl\/fr\/wp-json\/wp\/v2\/product\/130252","targetHints":{"allow":["GET"]}}],"collection":[{"href":"https:\/\/www.jootjeshaakcadeautjes.nl\/fr\/wp-json\/wp\/v2\/product"}],"about":[{"href":"https:\/\/www.jootjeshaakcadeautjes.nl\/fr\/wp-json\/wp\/v2\/types\/product"}],"version-history":[{"count":1,"href":"https:\/\/www.jootjeshaakcadeautjes.nl\/fr\/wp-json\/wp\/v2\/product\/130252\/revisions"}],"predecessor-version":[{"id":279637,"href":"https:\/\/www.jootjeshaakcadeautjes.nl\/fr\/wp-json\/wp\/v2\/product\/130252\/revisions\/279637"}],"wp:featuredmedia":[{"embeddable":true,"href":"https:\/\/www.jootjeshaakcadeautjes.nl\/fr\/wp-json\/wp\/v2\/media\/114256"}],"wp:attachment":[{"href":"https:\/\/www.jootjeshaakcadeautjes.nl\/fr\/wp-json\/wp\/v2\/media?parent=130252"}],"wp:term":[{"taxonomy":"product_brand","embeddable":true,"href":"https:\/\/www.jootjeshaakcadeautjes.nl\/fr\/wp-json\/wp\/v2\/product_brand?post=130252"},{"taxonomy":"product_cat","embeddable":true,"href":"https:\/\/www.jootjeshaakcadeautjes.nl\/fr\/wp-json\/wp\/v2\/product_cat?post=130252"},{"taxonomy":"product_tag","embeddable":true,"href":"https:\/\/www.jootjeshaakcadeautjes.nl\/fr\/wp-json\/wp\/v2\/product_tag?post=130252"}],"curies":[{"name":"wp","href":"https:\/\/api.w.org\/{rel}","templated":true}]}}