{"id":130325,"date":"2023-12-21T14:54:49","date_gmt":"2023-12-21T13:54:49","guid":{"rendered":"https:\/\/www.jootjeshaakcadeautjes.nl\/product\/perle-de-silicone-gravee-pepite-de-pivoine-rouge\/"},"modified":"2025-03-11T16:51:18","modified_gmt":"2025-03-11T15:51:18","slug":"perle-de-silicone-gravee-pepite-de-pivoine-rouge","status":"publish","type":"product","link":"https:\/\/www.jootjeshaakcadeautjes.nl\/fr\/produit\/perle-de-silicone-gravee-pepite-de-pivoine-rouge\/","title":{"rendered":"Perle en silicone &#8211; Grav\u00e9e &#8211; Peony &#8211; Red Nugget"},"content":{"rendered":"<h1>Perle en silicone &#8211; grav\u00e9e &#8211; pivoine &#8211; <span class=\"NormalTextRun SpellingErrorV2Themed SCXW242377394 BCX9\">p\u00e9pite<\/span> rouge &#8211; 20 mm<\/h1>\n<ul>\n<li>Perles en silicone sp\u00e9ciales sur mesure &#8211; 20 mm &#8211; Red Nugget<\/li>\n<li>Ces perles sont fabriqu\u00e9es \u00e0 l&#8217;aide d&#8217;une technique de fabrication unique et sp\u00e9ciale !<\/li>\n<li>Couleur p\u00e9pite rouge<\/li>\n<li>Grav\u00e9 d&#8217;une pivoine.<\/li>\n<li>Trou de haut en bas<\/li>\n<li>Silicone de haute qualit\u00e9 sans danger pour les b\u00e9b\u00e9s<\/li>\n<li>S\u00fbr selon les tests chimiques EN-71 !<\/li>\n<\/ul>\n<p>Parfait pour nos bouchons de vin, porte-cl\u00e9s, d\u00e9capsuleurs, cintres et autres.<\/p>\n","protected":false},"excerpt":{"rendered":"<ul>\n<li>Perles en silicone sp\u00e9ciales sur mesure &#8211; 20 mm &#8211; Peony &#8211; Red Nugget<\/li>\n<li>Ces perles sont fabriqu\u00e9es \u00e0 l&#8217;aide d&#8217;une technique de fabrication unique et sp\u00e9ciale !<\/li>\n<li>Couleur rouge Nugget<\/li>\n<li>Grav\u00e9 avec une pivoine !<\/li>\n<li>Trou de haut en bas<\/li>\n<li>Silicone de haute qualit\u00e9 sans danger pour les b\u00e9b\u00e9s<\/li>\n<li>S\u00fbr selon les tests chimiques EN-71 !<\/li>\n<\/ul>\n<p>Parfait pour nos bouchons de vin, porte-cl\u00e9s, d\u00e9capsuleurs, cintres et autres.<\/p>\n","protected":false},"featured_media":113397,"template":"","meta":[],"product_brand":[],"product_cat":[6994,16045],"product_tag":[10419,10436,10126,10422,12437,10455,10132,10438,7402,10124,10470,7200,19618,12479,7619,10447,10453,7227,7212,10452,10449,10028,10468],"class_list":{"0":"post-130325","1":"product","2":"type-product","3":"status-publish","4":"has-post-thumbnail","6":"product_cat-gravure-au-laser-produits-cadeaux","7":"product_cat-perles-de-silicone-gravees-pour-cordon-de-sucette-et-anneau-de-dentition","8":"product_tag-a-fr-3","9":"product_tag-au-laser","10":"product_tag-bouchon-de-vin","11":"product_tag-bouteille","12":"product_tag-carnet-de-notes","13":"product_tag-conception","14":"product_tag-decapsuleur","15":"product_tag-grave-fr","16":"product_tag-grave","17":"product_tag-pepite","18":"product_tag-pepite-rouge","19":"product_tag-perles","20":"product_tag-personalisierte","21":"product_tag-pivoine","22":"product_tag-porte-cles","23":"product_tag-presente-fr","24":"product_tag-propre","25":"product_tag-rangee","26":"product_tag-silicone-fr","27":"product_tag-souhait","28":"product_tag-sur-mesure-fr","29":"product_tag-taille","30":"product_tag-vacances","32":"first","33":"instock","34":"taxable","35":"shipping-taxable","36":"purchasable","37":"product-type-simple"},"bundled_by":[],"bundle_stock_status":"instock","bundle_stock_quantity":37,"bundle_virtual":false,"bundle_layout":"","bundle_add_to_cart_form_location":"","bundle_editable_in_cart":false,"bundle_sold_individually_context":"","bundle_item_grouping":"","bundle_min_size":"","bundle_max_size":"","bundle_price":[],"bundled_items":[],"bundle_sell_ids":[],"yoast_head":"<!-- This site is optimized with the Yoast SEO Premium plugin v27.6 (Yoast SEO v27.6) - https:\/\/yoast.com\/product\/yoast-seo-premium-wordpress\/ -->\n<title>Perle en silicone - Grav\u00e9e - Peony - Red Nugget<\/title>\n<meta name=\"description\" content=\"Perles en silicone grav\u00e9es P\u00e9pite mesurant 20 mm. Parfait pour un stylo en perles, un bouchon de vin ou un carnet de notes.\" \/>\n<meta name=\"robots\" content=\"index, follow, max-snippet:-1, max-image-preview:large, max-video-preview:-1\" \/>\n<link rel=\"canonical\" href=\"https:\/\/www.jootjeshaakcadeautjes.nl\/fr\/produit\/perle-de-silicone-gravee-pepite-de-pivoine-rouge\/\" \/>\n<meta property=\"og:locale\" content=\"fr_FR\" \/>\n<meta property=\"og:type\" content=\"article\" \/>\n<meta property=\"og:title\" content=\"Perle en silicone - Grav\u00e9e - Peony - Red Nugget\" \/>\n<meta property=\"og:description\" content=\"Perles en silicone grav\u00e9es P\u00e9pite mesurant 20 mm. Parfait pour un stylo en perles, un bouchon de vin ou un carnet de notes.\" \/>\n<meta property=\"og:url\" content=\"https:\/\/www.jootjeshaakcadeautjes.nl\/fr\/produit\/perle-de-silicone-gravee-pepite-de-pivoine-rouge\/\" \/>\n<meta property=\"og:site_name\" content=\"Jootjes Haakcadeautjes\" \/>\n<meta property=\"article:modified_time\" content=\"2025-03-11T15:51:18+00:00\" \/>\n<meta property=\"og:image\" content=\"https:\/\/www.jootjeshaakcadeautjes.nl\/wp-content\/uploads\/2023\/12\/20231221_150345.jpg\" \/>\n\t<meta property=\"og:image:width\" content=\"2048\" \/>\n\t<meta property=\"og:image:height\" content=\"2048\" \/>\n\t<meta property=\"og:image:type\" content=\"image\/jpeg\" \/>\n<meta name=\"twitter:card\" content=\"summary_large_image\" \/>\n<meta name=\"twitter:label1\" content=\"Prix\" \/>\n\t<meta name=\"twitter:data1\" content=\"&euro;1.25 TTC\" \/>\n\t<meta name=\"twitter:label2\" content=\"Disponibilit\u00e9\" \/>\n\t<meta name=\"twitter:data2\" content=\"En stock\" \/>\n<script type=\"application\/ld+json\" class=\"yoast-schema-graph\">{\"@context\":\"https:\\\/\\\/schema.org\",\"@graph\":[{\"@type\":\"WebPage\",\"@id\":\"https:\\\/\\\/www.jootjeshaakcadeautjes.nl\\\/fr\\\/produit\\\/perle-de-silicone-gravee-pepite-de-pivoine-rouge\\\/\",\"url\":\"https:\\\/\\\/www.jootjeshaakcadeautjes.nl\\\/fr\\\/produit\\\/perle-de-silicone-gravee-pepite-de-pivoine-rouge\\\/\",\"name\":\"Perle en silicone - Grav\u00e9e - Peony - Red Nugget\",\"isPartOf\":{\"@id\":\"https:\\\/\\\/www.jootjeshaakcadeautjes.nl\\\/fr\\\/#website\"},\"primaryImageOfPage\":{\"@id\":\"https:\\\/\\\/www.jootjeshaakcadeautjes.nl\\\/fr\\\/produit\\\/perle-de-silicone-gravee-pepite-de-pivoine-rouge\\\/#primaryimage\"},\"image\":{\"@id\":\"https:\\\/\\\/www.jootjeshaakcadeautjes.nl\\\/fr\\\/produit\\\/perle-de-silicone-gravee-pepite-de-pivoine-rouge\\\/#primaryimage\"},\"thumbnailUrl\":\"https:\\\/\\\/d1dyryakdmle7o.cloudfront.net\\\/wp-content\\\/uploads\\\/2023\\\/12\\\/20231221_150345.jpg\",\"datePublished\":\"2023-12-21T13:54:49+00:00\",\"dateModified\":\"2025-03-11T15:51:18+00:00\",\"description\":\"Perles en silicone grav\u00e9es P\u00e9pite mesurant 20 mm. Parfait pour un stylo en perles, un bouchon de vin ou un carnet de notes.\",\"breadcrumb\":{\"@id\":\"https:\\\/\\\/www.jootjeshaakcadeautjes.nl\\\/fr\\\/produit\\\/perle-de-silicone-gravee-pepite-de-pivoine-rouge\\\/#breadcrumb\"},\"inLanguage\":\"fr-FR\",\"potentialAction\":[{\"@type\":\"ReadAction\",\"target\":[\"https:\\\/\\\/www.jootjeshaakcadeautjes.nl\\\/fr\\\/produit\\\/perle-de-silicone-gravee-pepite-de-pivoine-rouge\\\/\"]}]},{\"@type\":\"ImageObject\",\"inLanguage\":\"fr-FR\",\"@id\":\"https:\\\/\\\/www.jootjeshaakcadeautjes.nl\\\/fr\\\/produit\\\/perle-de-silicone-gravee-pepite-de-pivoine-rouge\\\/#primaryimage\",\"url\":\"https:\\\/\\\/d1dyryakdmle7o.cloudfront.net\\\/wp-content\\\/uploads\\\/2023\\\/12\\\/20231221_150345.jpg\",\"contentUrl\":\"https:\\\/\\\/d1dyryakdmle7o.cloudfront.net\\\/wp-content\\\/uploads\\\/2023\\\/12\\\/20231221_150345.jpg\",\"width\":2048,\"height\":2048},{\"@type\":\"BreadcrumbList\",\"@id\":\"https:\\\/\\\/www.jootjeshaakcadeautjes.nl\\\/fr\\\/produit\\\/perle-de-silicone-gravee-pepite-de-pivoine-rouge\\\/#breadcrumb\",\"itemListElement\":[{\"@type\":\"ListItem\",\"position\":1,\"name\":\"Accueil\",\"item\":\"https:\\\/\\\/www.jootjeshaakcadeautjes.nl\\\/fr\\\/\"},{\"@type\":\"ListItem\",\"position\":2,\"name\":\"Commerce de gros de perles en silicone &#8211; Entreprises et consommateurs\",\"item\":\"https:\\\/\\\/www.jootjeshaakcadeautjes.nl\\\/fr\\\/boutique\\\/\"},{\"@type\":\"ListItem\",\"position\":3,\"name\":\"Perle en silicone &#8211; Grav\u00e9e &#8211; Peony &#8211; Red Nugget\"}]},{\"@type\":\"WebSite\",\"@id\":\"https:\\\/\\\/www.jootjeshaakcadeautjes.nl\\\/fr\\\/#website\",\"url\":\"https:\\\/\\\/www.jootjeshaakcadeautjes.nl\\\/fr\\\/\",\"name\":\"Jootjes Haakcadeautjes\",\"description\":\"Grossiste en perles de silicone\",\"publisher\":{\"@id\":\"https:\\\/\\\/www.jootjeshaakcadeautjes.nl\\\/fr\\\/#organization\"},\"potentialAction\":[{\"@type\":\"SearchAction\",\"target\":{\"@type\":\"EntryPoint\",\"urlTemplate\":\"https:\\\/\\\/www.jootjeshaakcadeautjes.nl\\\/fr\\\/?s={search_term_string}\"},\"query-input\":{\"@type\":\"PropertyValueSpecification\",\"valueRequired\":true,\"valueName\":\"search_term_string\"}}],\"inLanguage\":\"fr-FR\"},{\"@type\":\"Organization\",\"@id\":\"https:\\\/\\\/www.jootjeshaakcadeautjes.nl\\\/fr\\\/#organization\",\"name\":\"Jootjes Haakcadeautjes\",\"url\":\"https:\\\/\\\/www.jootjeshaakcadeautjes.nl\\\/fr\\\/\",\"logo\":{\"@type\":\"ImageObject\",\"inLanguage\":\"fr-FR\",\"@id\":\"https:\\\/\\\/www.jootjeshaakcadeautjes.nl\\\/fr\\\/#\\\/schema\\\/logo\\\/image\\\/\",\"url\":\"https:\\\/\\\/d1dyryakdmle7o.cloudfront.net\\\/wp-content\\\/uploads\\\/2023\\\/05\\\/Logo-rond.png\",\"contentUrl\":\"https:\\\/\\\/d1dyryakdmle7o.cloudfront.net\\\/wp-content\\\/uploads\\\/2023\\\/05\\\/Logo-rond.png\",\"width\":1222,\"height\":1222,\"caption\":\"Jootjes Haakcadeautjes\"},\"image\":{\"@id\":\"https:\\\/\\\/www.jootjeshaakcadeautjes.nl\\\/fr\\\/#\\\/schema\\\/logo\\\/image\\\/\"}}]}<\/script>\n<meta property=\"product:price:amount\" content=\"1.25\" \/>\n<meta property=\"product:price:currency\" content=\"EUR\" \/>\n<meta property=\"og:availability\" content=\"instock\" \/>\n<meta property=\"product:availability\" content=\"instock\" \/>\n<meta property=\"product:retailer_item_id\" content=\"GKRS-020-RNP\" \/>\n<meta property=\"product:condition\" content=\"new\" \/>\n<!-- \/ Yoast SEO Premium plugin. -->","yoast_head_json":{"title":"Perle en silicone - Grav\u00e9e - Peony - Red Nugget","description":"Perles en silicone grav\u00e9es P\u00e9pite mesurant 20 mm. Parfait pour un stylo en perles, un bouchon de vin ou un carnet de notes.","robots":{"index":"index","follow":"follow","max-snippet":"max-snippet:-1","max-image-preview":"max-image-preview:large","max-video-preview":"max-video-preview:-1"},"canonical":"https:\/\/www.jootjeshaakcadeautjes.nl\/fr\/produit\/perle-de-silicone-gravee-pepite-de-pivoine-rouge\/","og_locale":"fr_FR","og_type":"article","og_title":"Perle en silicone - Grav\u00e9e - Peony - Red Nugget","og_description":"Perles en silicone grav\u00e9es P\u00e9pite mesurant 20 mm. Parfait pour un stylo en perles, un bouchon de vin ou un carnet de notes.","og_url":"https:\/\/www.jootjeshaakcadeautjes.nl\/fr\/produit\/perle-de-silicone-gravee-pepite-de-pivoine-rouge\/","og_site_name":"Jootjes Haakcadeautjes","article_modified_time":"2025-03-11T15:51:18+00:00","og_image":[{"width":2048,"height":2048,"url":"https:\/\/www.jootjeshaakcadeautjes.nl\/wp-content\/uploads\/2023\/12\/20231221_150345.jpg","type":"image\/jpeg"}],"twitter_card":"summary_large_image","twitter_misc":{"Prix":"&euro;1.25 TTC","Disponibilit\u00e9":"En stock"},"schema":{"@context":"https:\/\/schema.org","@graph":[{"@type":"WebPage","@id":"https:\/\/www.jootjeshaakcadeautjes.nl\/fr\/produit\/perle-de-silicone-gravee-pepite-de-pivoine-rouge\/","url":"https:\/\/www.jootjeshaakcadeautjes.nl\/fr\/produit\/perle-de-silicone-gravee-pepite-de-pivoine-rouge\/","name":"Perle en silicone - Grav\u00e9e - Peony - Red Nugget","isPartOf":{"@id":"https:\/\/www.jootjeshaakcadeautjes.nl\/fr\/#website"},"primaryImageOfPage":{"@id":"https:\/\/www.jootjeshaakcadeautjes.nl\/fr\/produit\/perle-de-silicone-gravee-pepite-de-pivoine-rouge\/#primaryimage"},"image":{"@id":"https:\/\/www.jootjeshaakcadeautjes.nl\/fr\/produit\/perle-de-silicone-gravee-pepite-de-pivoine-rouge\/#primaryimage"},"thumbnailUrl":"https:\/\/d1dyryakdmle7o.cloudfront.net\/wp-content\/uploads\/2023\/12\/20231221_150345.jpg","datePublished":"2023-12-21T13:54:49+00:00","dateModified":"2025-03-11T15:51:18+00:00","description":"Perles en silicone grav\u00e9es P\u00e9pite mesurant 20 mm. Parfait pour un stylo en perles, un bouchon de vin ou un carnet de notes.","breadcrumb":{"@id":"https:\/\/www.jootjeshaakcadeautjes.nl\/fr\/produit\/perle-de-silicone-gravee-pepite-de-pivoine-rouge\/#breadcrumb"},"inLanguage":"fr-FR","potentialAction":[{"@type":"ReadAction","target":["https:\/\/www.jootjeshaakcadeautjes.nl\/fr\/produit\/perle-de-silicone-gravee-pepite-de-pivoine-rouge\/"]}]},{"@type":"ImageObject","inLanguage":"fr-FR","@id":"https:\/\/www.jootjeshaakcadeautjes.nl\/fr\/produit\/perle-de-silicone-gravee-pepite-de-pivoine-rouge\/#primaryimage","url":"https:\/\/d1dyryakdmle7o.cloudfront.net\/wp-content\/uploads\/2023\/12\/20231221_150345.jpg","contentUrl":"https:\/\/d1dyryakdmle7o.cloudfront.net\/wp-content\/uploads\/2023\/12\/20231221_150345.jpg","width":2048,"height":2048},{"@type":"BreadcrumbList","@id":"https:\/\/www.jootjeshaakcadeautjes.nl\/fr\/produit\/perle-de-silicone-gravee-pepite-de-pivoine-rouge\/#breadcrumb","itemListElement":[{"@type":"ListItem","position":1,"name":"Accueil","item":"https:\/\/www.jootjeshaakcadeautjes.nl\/fr\/"},{"@type":"ListItem","position":2,"name":"Commerce de gros de perles en silicone &#8211; Entreprises et consommateurs","item":"https:\/\/www.jootjeshaakcadeautjes.nl\/fr\/boutique\/"},{"@type":"ListItem","position":3,"name":"Perle en silicone &#8211; Grav\u00e9e &#8211; Peony &#8211; Red Nugget"}]},{"@type":"WebSite","@id":"https:\/\/www.jootjeshaakcadeautjes.nl\/fr\/#website","url":"https:\/\/www.jootjeshaakcadeautjes.nl\/fr\/","name":"Jootjes Haakcadeautjes","description":"Grossiste en perles de silicone","publisher":{"@id":"https:\/\/www.jootjeshaakcadeautjes.nl\/fr\/#organization"},"potentialAction":[{"@type":"SearchAction","target":{"@type":"EntryPoint","urlTemplate":"https:\/\/www.jootjeshaakcadeautjes.nl\/fr\/?s={search_term_string}"},"query-input":{"@type":"PropertyValueSpecification","valueRequired":true,"valueName":"search_term_string"}}],"inLanguage":"fr-FR"},{"@type":"Organization","@id":"https:\/\/www.jootjeshaakcadeautjes.nl\/fr\/#organization","name":"Jootjes Haakcadeautjes","url":"https:\/\/www.jootjeshaakcadeautjes.nl\/fr\/","logo":{"@type":"ImageObject","inLanguage":"fr-FR","@id":"https:\/\/www.jootjeshaakcadeautjes.nl\/fr\/#\/schema\/logo\/image\/","url":"https:\/\/d1dyryakdmle7o.cloudfront.net\/wp-content\/uploads\/2023\/05\/Logo-rond.png","contentUrl":"https:\/\/d1dyryakdmle7o.cloudfront.net\/wp-content\/uploads\/2023\/05\/Logo-rond.png","width":1222,"height":1222,"caption":"Jootjes Haakcadeautjes"},"image":{"@id":"https:\/\/www.jootjeshaakcadeautjes.nl\/fr\/#\/schema\/logo\/image\/"}}]},"product_price_amount":"1.25","product_price_currency":"EUR","og_availability":"instock","product_availability":"instock","product_retailer_item_id":"GKRS-020-RNP","product_condition":"new"},"_links":{"self":[{"href":"https:\/\/www.jootjeshaakcadeautjes.nl\/fr\/wp-json\/wp\/v2\/product\/130325","targetHints":{"allow":["GET"]}}],"collection":[{"href":"https:\/\/www.jootjeshaakcadeautjes.nl\/fr\/wp-json\/wp\/v2\/product"}],"about":[{"href":"https:\/\/www.jootjeshaakcadeautjes.nl\/fr\/wp-json\/wp\/v2\/types\/product"}],"version-history":[{"count":0,"href":"https:\/\/www.jootjeshaakcadeautjes.nl\/fr\/wp-json\/wp\/v2\/product\/130325\/revisions"}],"wp:featuredmedia":[{"embeddable":true,"href":"https:\/\/www.jootjeshaakcadeautjes.nl\/fr\/wp-json\/wp\/v2\/media\/113397"}],"wp:attachment":[{"href":"https:\/\/www.jootjeshaakcadeautjes.nl\/fr\/wp-json\/wp\/v2\/media?parent=130325"}],"wp:term":[{"taxonomy":"product_brand","embeddable":true,"href":"https:\/\/www.jootjeshaakcadeautjes.nl\/fr\/wp-json\/wp\/v2\/product_brand?post=130325"},{"taxonomy":"product_cat","embeddable":true,"href":"https:\/\/www.jootjeshaakcadeautjes.nl\/fr\/wp-json\/wp\/v2\/product_cat?post=130325"},{"taxonomy":"product_tag","embeddable":true,"href":"https:\/\/www.jootjeshaakcadeautjes.nl\/fr\/wp-json\/wp\/v2\/product_tag?post=130325"}],"curies":[{"name":"wp","href":"https:\/\/api.w.org\/{rel}","templated":true}]}}