{"id":130418,"date":"2023-12-06T18:38:58","date_gmt":"2023-12-06T17:38:58","guid":{"rendered":"https:\/\/www.jootjeshaakcadeautjes.nl\/product\/pinceau-maquillage-set-of-5-copper\/"},"modified":"2025-07-21T17:25:30","modified_gmt":"2025-07-21T15:25:30","slug":"pinceau-maquillage-set-of-5-copper","status":"publish","type":"product","link":"https:\/\/www.jootjeshaakcadeautjes.nl\/fr\/produit\/pinceau-maquillage-set-of-5-copper\/","title":{"rendered":"Pinceau de maquillage &#8211; Rowable &#8211; Lot de 5 &#8211; Cuivre"},"content":{"rendered":"<h2>Pinceau de maquillage &#8211; Rowable &#8211; Lot de 5 &#8211; Cuivre<\/h2>\n<p>  Type : Pinceau de maquillage Couleur : Cuivre Mat\u00e9riau : Acier inoxydable Pinceau : Synth\u00e9tique Cet ensemble complet est compos\u00e9 de 5 pinceaux de maquillage.  &nbsp;<\/p>\n","protected":false},"excerpt":{"rendered":"<p>Type : Pinceau de maquillage Couleur : Cuivre Mat\u00e9riau : Acier inoxydable Pinceau : Synth\u00e9tique Cet ensemble complet est compos\u00e9 de 5 pinceaux de maquillage.<\/p>\n","protected":false},"featured_media":111300,"template":"","meta":[],"product_brand":[],"product_cat":[12308,7185,12517,7195],"product_tag":[7206,12523,7396,12545,12533,12528,7203,12289,12571,12537,12535,12540,12520,7200,7230,7224,12525,10442,7227,7212],"class_list":{"0":"post-130418","1":"product","2":"type-product","3":"status-publish","4":"has-post-thumbnail","6":"product_cat-materiel-de-bricolage-et-de-crochet","7":"product_cat-nouveaux-produits","8":"product_cat-pinceaux-de-maquillage-rowable","9":"product_cat-produits-basteable-tous-les-produits-basteable","10":"product_tag-bricolage","11":"product_tag-brosse","12":"product_tag-cadeau-fr","13":"product_tag-cuivre-fr","14":"product_tag-faire-fr","15":"product_tag-fille-fr","16":"product_tag-hobby-fr","17":"product_tag-maman","18":"product_tag-maquillage","19":"product_tag-maquillage-de-mariage","20":"product_tag-mariage","21":"product_tag-mariee","22":"product_tag-monter","23":"product_tag-perles","24":"product_tag-personnalisation","25":"product_tag-personnalise","26":"product_tag-personnalise-fr","27":"product_tag-presente","28":"product_tag-rangee","29":"product_tag-silicone-fr","31":"first","32":"instock","33":"taxable","34":"shipping-taxable","35":"purchasable","36":"product-type-simple"},"bundled_by":["147552"],"bundle_stock_status":"instock","bundle_stock_quantity":4,"bundle_virtual":false,"bundle_layout":"","bundle_add_to_cart_form_location":"","bundle_editable_in_cart":false,"bundle_sold_individually_context":"","bundle_item_grouping":"","bundle_min_size":"","bundle_max_size":"","bundle_price":[],"bundled_items":[],"bundle_sell_ids":[],"yoast_head":"<!-- This site is optimized with the Yoast SEO Premium plugin v27.4 (Yoast SEO v27.5) - https:\/\/yoast.com\/product\/yoast-seo-premium-wordpress\/ -->\n<title>Pinceau de maquillage - Rowable - Lot de 5 - Cuivre - Jootjes Haakcadeautjes<\/title>\n<meta name=\"description\" content=\"Achetez vos pinceaux de maquillage enfilables en couleur cuivre ici. Cr\u00e9ez votre propre cadeau personnalis\u00e9 pour votre m\u00e8re, votre fille ou pour le maquillage de la mari\u00e9e.\" \/>\n<meta name=\"robots\" content=\"index, follow, max-snippet:-1, max-image-preview:large, max-video-preview:-1\" \/>\n<link rel=\"canonical\" href=\"https:\/\/www.jootjeshaakcadeautjes.nl\/fr\/produit\/pinceau-maquillage-set-of-5-copper\/\" \/>\n<meta property=\"og:locale\" content=\"fr_FR\" \/>\n<meta property=\"og:type\" content=\"article\" \/>\n<meta property=\"og:title\" content=\"Pinceau de maquillage - Rowable - Lot de 5 - Cuivre\" \/>\n<meta property=\"og:description\" content=\"Achetez vos pinceaux de maquillage enfilables en couleur cuivre ici. Cr\u00e9ez votre propre cadeau personnalis\u00e9 pour votre m\u00e8re, votre fille ou pour le maquillage de la mari\u00e9e.\" \/>\n<meta property=\"og:url\" content=\"https:\/\/www.jootjeshaakcadeautjes.nl\/fr\/produit\/pinceau-maquillage-set-of-5-copper\/\" \/>\n<meta property=\"og:site_name\" content=\"Jootjes Haakcadeautjes\" \/>\n<meta property=\"article:modified_time\" content=\"2025-07-21T15:25:30+00:00\" \/>\n<meta property=\"og:image\" content=\"https:\/\/www.jootjeshaakcadeautjes.nl\/wp-content\/uploads\/2023\/12\/20231128_224310.jpg\" \/>\n\t<meta property=\"og:image:width\" content=\"2048\" \/>\n\t<meta property=\"og:image:height\" content=\"2048\" \/>\n\t<meta property=\"og:image:type\" content=\"image\/jpeg\" \/>\n<meta name=\"twitter:card\" content=\"summary_large_image\" \/>\n<meta name=\"twitter:label1\" content=\"Prix\" \/>\n\t<meta name=\"twitter:data1\" content=\"&euro;7.95 TTC\" \/>\n\t<meta name=\"twitter:label2\" content=\"Disponibilit\u00e9\" \/>\n\t<meta name=\"twitter:data2\" content=\"En stock\" \/>\n<script type=\"application\/ld+json\" class=\"yoast-schema-graph\">{\"@context\":\"https:\\\/\\\/schema.org\",\"@graph\":[{\"@type\":\"WebPage\",\"@id\":\"https:\\\/\\\/www.jootjeshaakcadeautjes.nl\\\/fr\\\/produit\\\/pinceau-maquillage-set-of-5-copper\\\/\",\"url\":\"https:\\\/\\\/www.jootjeshaakcadeautjes.nl\\\/fr\\\/produit\\\/pinceau-maquillage-set-of-5-copper\\\/\",\"name\":\"Pinceau de maquillage - Rowable - Lot de 5 - Cuivre - Jootjes Haakcadeautjes\",\"isPartOf\":{\"@id\":\"https:\\\/\\\/www.jootjeshaakcadeautjes.nl\\\/fr\\\/#website\"},\"primaryImageOfPage\":{\"@id\":\"https:\\\/\\\/www.jootjeshaakcadeautjes.nl\\\/fr\\\/produit\\\/pinceau-maquillage-set-of-5-copper\\\/#primaryimage\"},\"image\":{\"@id\":\"https:\\\/\\\/www.jootjeshaakcadeautjes.nl\\\/fr\\\/produit\\\/pinceau-maquillage-set-of-5-copper\\\/#primaryimage\"},\"thumbnailUrl\":\"https:\\\/\\\/d1dyryakdmle7o.cloudfront.net\\\/wp-content\\\/uploads\\\/2023\\\/12\\\/20231128_224310.jpg\",\"datePublished\":\"2023-12-06T17:38:58+00:00\",\"dateModified\":\"2025-07-21T15:25:30+00:00\",\"description\":\"Achetez vos pinceaux de maquillage enfilables en couleur cuivre ici. Cr\u00e9ez votre propre cadeau personnalis\u00e9 pour votre m\u00e8re, votre fille ou pour le maquillage de la mari\u00e9e.\",\"breadcrumb\":{\"@id\":\"https:\\\/\\\/www.jootjeshaakcadeautjes.nl\\\/fr\\\/produit\\\/pinceau-maquillage-set-of-5-copper\\\/#breadcrumb\"},\"inLanguage\":\"fr-FR\",\"potentialAction\":[{\"@type\":\"ReadAction\",\"target\":[\"https:\\\/\\\/www.jootjeshaakcadeautjes.nl\\\/fr\\\/produit\\\/pinceau-maquillage-set-of-5-copper\\\/\"]}]},{\"@type\":\"ImageObject\",\"inLanguage\":\"fr-FR\",\"@id\":\"https:\\\/\\\/www.jootjeshaakcadeautjes.nl\\\/fr\\\/produit\\\/pinceau-maquillage-set-of-5-copper\\\/#primaryimage\",\"url\":\"https:\\\/\\\/d1dyryakdmle7o.cloudfront.net\\\/wp-content\\\/uploads\\\/2023\\\/12\\\/20231128_224310.jpg\",\"contentUrl\":\"https:\\\/\\\/d1dyryakdmle7o.cloudfront.net\\\/wp-content\\\/uploads\\\/2023\\\/12\\\/20231128_224310.jpg\",\"width\":2048,\"height\":2048,\"caption\":\"Makeup Makeup Copper Brush Rowable Silicone Beads Personalised Gift Mum Daughter Holiday Wedding\"},{\"@type\":\"BreadcrumbList\",\"@id\":\"https:\\\/\\\/www.jootjeshaakcadeautjes.nl\\\/fr\\\/produit\\\/pinceau-maquillage-set-of-5-copper\\\/#breadcrumb\",\"itemListElement\":[{\"@type\":\"ListItem\",\"position\":1,\"name\":\"Accueil\",\"item\":\"https:\\\/\\\/www.jootjeshaakcadeautjes.nl\\\/fr\\\/\"},{\"@type\":\"ListItem\",\"position\":2,\"name\":\"Commerce de gros de perles en silicone &#8211; Entreprises et consommateurs\",\"item\":\"https:\\\/\\\/www.jootjeshaakcadeautjes.nl\\\/fr\\\/boutique\\\/\"},{\"@type\":\"ListItem\",\"position\":3,\"name\":\"Pinceau de maquillage &#8211; Rowable &#8211; Lot de 5 &#8211; Cuivre\"}]},{\"@type\":\"WebSite\",\"@id\":\"https:\\\/\\\/www.jootjeshaakcadeautjes.nl\\\/fr\\\/#website\",\"url\":\"https:\\\/\\\/www.jootjeshaakcadeautjes.nl\\\/fr\\\/\",\"name\":\"Jootjes Haakcadeautjes\",\"description\":\"Grossiste en perles de silicone\",\"publisher\":{\"@id\":\"https:\\\/\\\/www.jootjeshaakcadeautjes.nl\\\/fr\\\/#organization\"},\"potentialAction\":[{\"@type\":\"SearchAction\",\"target\":{\"@type\":\"EntryPoint\",\"urlTemplate\":\"https:\\\/\\\/www.jootjeshaakcadeautjes.nl\\\/fr\\\/?s={search_term_string}\"},\"query-input\":{\"@type\":\"PropertyValueSpecification\",\"valueRequired\":true,\"valueName\":\"search_term_string\"}}],\"inLanguage\":\"fr-FR\"},{\"@type\":\"Organization\",\"@id\":\"https:\\\/\\\/www.jootjeshaakcadeautjes.nl\\\/fr\\\/#organization\",\"name\":\"Jootjes Haakcadeautjes\",\"url\":\"https:\\\/\\\/www.jootjeshaakcadeautjes.nl\\\/fr\\\/\",\"logo\":{\"@type\":\"ImageObject\",\"inLanguage\":\"fr-FR\",\"@id\":\"https:\\\/\\\/www.jootjeshaakcadeautjes.nl\\\/fr\\\/#\\\/schema\\\/logo\\\/image\\\/\",\"url\":\"https:\\\/\\\/jootjes-haakcadeautjes-media.s3.amazonaws.com\\\/wp-content\\\/uploads\\\/2023\\\/05\\\/Logo-rond.png\",\"contentUrl\":\"https:\\\/\\\/jootjes-haakcadeautjes-media.s3.amazonaws.com\\\/wp-content\\\/uploads\\\/2023\\\/05\\\/Logo-rond.png\",\"width\":1222,\"height\":1222,\"caption\":\"Jootjes Haakcadeautjes\"},\"image\":{\"@id\":\"https:\\\/\\\/www.jootjeshaakcadeautjes.nl\\\/fr\\\/#\\\/schema\\\/logo\\\/image\\\/\"}}]}<\/script>\n<meta property=\"product:price:amount\" content=\"7.95\" \/>\n<meta property=\"product:price:currency\" content=\"EUR\" \/>\n<meta property=\"og:availability\" content=\"instock\" \/>\n<meta property=\"product:availability\" content=\"instock\" \/>\n<meta property=\"product:retailer_item_id\" content=\"MAK-UPR-KOP\" \/>\n<meta property=\"product:condition\" content=\"new\" \/>\n<!-- \/ Yoast SEO Premium plugin. -->","yoast_head_json":{"title":"Pinceau de maquillage - Rowable - Lot de 5 - Cuivre - Jootjes Haakcadeautjes","description":"Achetez vos pinceaux de maquillage enfilables en couleur cuivre ici. Cr\u00e9ez votre propre cadeau personnalis\u00e9 pour votre m\u00e8re, votre fille ou pour le maquillage de la mari\u00e9e.","robots":{"index":"index","follow":"follow","max-snippet":"max-snippet:-1","max-image-preview":"max-image-preview:large","max-video-preview":"max-video-preview:-1"},"canonical":"https:\/\/www.jootjeshaakcadeautjes.nl\/fr\/produit\/pinceau-maquillage-set-of-5-copper\/","og_locale":"fr_FR","og_type":"article","og_title":"Pinceau de maquillage - Rowable - Lot de 5 - Cuivre","og_description":"Achetez vos pinceaux de maquillage enfilables en couleur cuivre ici. Cr\u00e9ez votre propre cadeau personnalis\u00e9 pour votre m\u00e8re, votre fille ou pour le maquillage de la mari\u00e9e.","og_url":"https:\/\/www.jootjeshaakcadeautjes.nl\/fr\/produit\/pinceau-maquillage-set-of-5-copper\/","og_site_name":"Jootjes Haakcadeautjes","article_modified_time":"2025-07-21T15:25:30+00:00","og_image":[{"width":2048,"height":2048,"url":"https:\/\/www.jootjeshaakcadeautjes.nl\/wp-content\/uploads\/2023\/12\/20231128_224310.jpg","type":"image\/jpeg"}],"twitter_card":"summary_large_image","twitter_misc":{"Prix":"&euro;7.95 TTC","Disponibilit\u00e9":"En stock"},"schema":{"@context":"https:\/\/schema.org","@graph":[{"@type":"WebPage","@id":"https:\/\/www.jootjeshaakcadeautjes.nl\/fr\/produit\/pinceau-maquillage-set-of-5-copper\/","url":"https:\/\/www.jootjeshaakcadeautjes.nl\/fr\/produit\/pinceau-maquillage-set-of-5-copper\/","name":"Pinceau de maquillage - Rowable - Lot de 5 - Cuivre - Jootjes Haakcadeautjes","isPartOf":{"@id":"https:\/\/www.jootjeshaakcadeautjes.nl\/fr\/#website"},"primaryImageOfPage":{"@id":"https:\/\/www.jootjeshaakcadeautjes.nl\/fr\/produit\/pinceau-maquillage-set-of-5-copper\/#primaryimage"},"image":{"@id":"https:\/\/www.jootjeshaakcadeautjes.nl\/fr\/produit\/pinceau-maquillage-set-of-5-copper\/#primaryimage"},"thumbnailUrl":"https:\/\/d1dyryakdmle7o.cloudfront.net\/wp-content\/uploads\/2023\/12\/20231128_224310.jpg","datePublished":"2023-12-06T17:38:58+00:00","dateModified":"2025-07-21T15:25:30+00:00","description":"Achetez vos pinceaux de maquillage enfilables en couleur cuivre ici. Cr\u00e9ez votre propre cadeau personnalis\u00e9 pour votre m\u00e8re, votre fille ou pour le maquillage de la mari\u00e9e.","breadcrumb":{"@id":"https:\/\/www.jootjeshaakcadeautjes.nl\/fr\/produit\/pinceau-maquillage-set-of-5-copper\/#breadcrumb"},"inLanguage":"fr-FR","potentialAction":[{"@type":"ReadAction","target":["https:\/\/www.jootjeshaakcadeautjes.nl\/fr\/produit\/pinceau-maquillage-set-of-5-copper\/"]}]},{"@type":"ImageObject","inLanguage":"fr-FR","@id":"https:\/\/www.jootjeshaakcadeautjes.nl\/fr\/produit\/pinceau-maquillage-set-of-5-copper\/#primaryimage","url":"https:\/\/d1dyryakdmle7o.cloudfront.net\/wp-content\/uploads\/2023\/12\/20231128_224310.jpg","contentUrl":"https:\/\/d1dyryakdmle7o.cloudfront.net\/wp-content\/uploads\/2023\/12\/20231128_224310.jpg","width":2048,"height":2048,"caption":"Makeup Makeup Copper Brush Rowable Silicone Beads Personalised Gift Mum Daughter Holiday Wedding"},{"@type":"BreadcrumbList","@id":"https:\/\/www.jootjeshaakcadeautjes.nl\/fr\/produit\/pinceau-maquillage-set-of-5-copper\/#breadcrumb","itemListElement":[{"@type":"ListItem","position":1,"name":"Accueil","item":"https:\/\/www.jootjeshaakcadeautjes.nl\/fr\/"},{"@type":"ListItem","position":2,"name":"Commerce de gros de perles en silicone &#8211; Entreprises et consommateurs","item":"https:\/\/www.jootjeshaakcadeautjes.nl\/fr\/boutique\/"},{"@type":"ListItem","position":3,"name":"Pinceau de maquillage &#8211; Rowable &#8211; Lot de 5 &#8211; Cuivre"}]},{"@type":"WebSite","@id":"https:\/\/www.jootjeshaakcadeautjes.nl\/fr\/#website","url":"https:\/\/www.jootjeshaakcadeautjes.nl\/fr\/","name":"Jootjes Haakcadeautjes","description":"Grossiste en perles de silicone","publisher":{"@id":"https:\/\/www.jootjeshaakcadeautjes.nl\/fr\/#organization"},"potentialAction":[{"@type":"SearchAction","target":{"@type":"EntryPoint","urlTemplate":"https:\/\/www.jootjeshaakcadeautjes.nl\/fr\/?s={search_term_string}"},"query-input":{"@type":"PropertyValueSpecification","valueRequired":true,"valueName":"search_term_string"}}],"inLanguage":"fr-FR"},{"@type":"Organization","@id":"https:\/\/www.jootjeshaakcadeautjes.nl\/fr\/#organization","name":"Jootjes Haakcadeautjes","url":"https:\/\/www.jootjeshaakcadeautjes.nl\/fr\/","logo":{"@type":"ImageObject","inLanguage":"fr-FR","@id":"https:\/\/www.jootjeshaakcadeautjes.nl\/fr\/#\/schema\/logo\/image\/","url":"https:\/\/jootjes-haakcadeautjes-media.s3.amazonaws.com\/wp-content\/uploads\/2023\/05\/Logo-rond.png","contentUrl":"https:\/\/jootjes-haakcadeautjes-media.s3.amazonaws.com\/wp-content\/uploads\/2023\/05\/Logo-rond.png","width":1222,"height":1222,"caption":"Jootjes Haakcadeautjes"},"image":{"@id":"https:\/\/www.jootjeshaakcadeautjes.nl\/fr\/#\/schema\/logo\/image\/"}}]},"product_price_amount":"7.95","product_price_currency":"EUR","og_availability":"instock","product_availability":"instock","product_retailer_item_id":"MAK-UPR-KOP","product_condition":"new"},"_links":{"self":[{"href":"https:\/\/www.jootjeshaakcadeautjes.nl\/fr\/wp-json\/wp\/v2\/product\/130418","targetHints":{"allow":["GET"]}}],"collection":[{"href":"https:\/\/www.jootjeshaakcadeautjes.nl\/fr\/wp-json\/wp\/v2\/product"}],"about":[{"href":"https:\/\/www.jootjeshaakcadeautjes.nl\/fr\/wp-json\/wp\/v2\/types\/product"}],"version-history":[{"count":0,"href":"https:\/\/www.jootjeshaakcadeautjes.nl\/fr\/wp-json\/wp\/v2\/product\/130418\/revisions"}],"wp:featuredmedia":[{"embeddable":true,"href":"https:\/\/www.jootjeshaakcadeautjes.nl\/fr\/wp-json\/wp\/v2\/media\/111300"}],"wp:attachment":[{"href":"https:\/\/www.jootjeshaakcadeautjes.nl\/fr\/wp-json\/wp\/v2\/media?parent=130418"}],"wp:term":[{"taxonomy":"product_brand","embeddable":true,"href":"https:\/\/www.jootjeshaakcadeautjes.nl\/fr\/wp-json\/wp\/v2\/product_brand?post=130418"},{"taxonomy":"product_cat","embeddable":true,"href":"https:\/\/www.jootjeshaakcadeautjes.nl\/fr\/wp-json\/wp\/v2\/product_cat?post=130418"},{"taxonomy":"product_tag","embeddable":true,"href":"https:\/\/www.jootjeshaakcadeautjes.nl\/fr\/wp-json\/wp\/v2\/product_tag?post=130418"}],"curies":[{"name":"wp","href":"https:\/\/api.w.org\/{rel}","templated":true}]}}