{"id":130490,"date":"2023-11-25T19:03:10","date_gmt":"2023-11-25T17:03:10","guid":{"rendered":"https:\/\/www.jootjeshaakcadeautjes.nl\/product\/perles-en-silicone-ovale-12-mm-impression-perle-du-foie\/"},"modified":"2025-03-11T04:51:35","modified_gmt":"2025-03-11T03:51:35","slug":"perles-en-silicone-ovale-12-mm-impression-perle-du-foie","status":"publish","type":"product","link":"https:\/\/www.jootjeshaakcadeautjes.nl\/fr\/produit\/perles-en-silicone-ovale-12-mm-impression-perle-du-foie\/","title":{"rendered":"Perles en silicone &#8211; Ovale &#8211; 12 mm &#8211; Imprim\u00e9 perle de foie"},"content":{"rendered":"<h1>Perles en silicone &#8211; Ovale &#8211; 12 mm &#8211; Perle de foie<\/h1>\n<h3>Sp\u00e9cifications :<\/h3>\n<ul>\n<li>Taille : 12 mm<\/li>\n<li>Type : Ovale, 12 mm, intercalaire pour perles de lettres<\/li>\n<li>Couleur : foie, effet perl\u00e9<\/li>\n<\/ul>\n<h3>Perles de silicone ovales de 12 mm s\u00fbres et durables<\/h3>\n<p>Nos perles ovales en silicone de 12 mm sont le choix id\u00e9al pour les b\u00e9b\u00e9s et les enfants plus \u00e2g\u00e9s qui ressentent le besoin de m\u00e2cher quelque chose. Ces perles, \u00e0 la fois souples et robustes, conviennent \u00e0 une grande vari\u00e9t\u00e9 d&#8217;applications. Ces perles ovales en silicone de 12 mm se combinent parfaitement avec le reste de notre gamme de <a href=\"https:\/\/www.jootjeshaakcadeautjes.nl\/fr\/product-categorie\/fabrication-de-jouets-de-dentition-pour-bebe-cordon-de-sucette-et-anneaux-de-dentition\/perles-en-silicone-sans-bpa-grossiste\/\">perles en silicone<\/a> et de <a href=\"https:\/\/www.jootjeshaakcadeautjes.nl\/fr\/product-categorie\/fabrication-de-jouets-de-dentition-pour-bebe-cordon-de-sucette-et-anneaux-de-dentition\/perles-en-bois-fil-de-sucette-et-anneau-de-dentition-toutes-les-perles-en-bois\/\">perles en bois<\/a>.<\/p>\n<p>Vous trouverez ici notre gamme de perles en silicone : <a href=\"https:\/\/www.jootjeshaakcadeautjes.nl\/fr\/product-categorie\/fabrication-de-jouets-de-dentition-pour-bebe-cordon-de-sucette-et-anneaux-de-dentition\/perles-en-silicone-sans-bpa-grossiste\/\">Perles en silicone<\/a><br \/>\nNotre gamme de perles en bois se trouve ici : <a href=\"https:\/\/www.jootjeshaakcadeautjes.nl\/fr\/product-categorie\/fabrication-de-jouets-de-dentition-pour-bebe-cordon-de-sucette-et-anneaux-de-dentition\/perles-en-bois-fil-de-sucette-et-anneau-de-dentition-toutes-les-perles-en-bois\/\">Perles en bois<\/a><br \/>\nNotre gamme de perles en bois grav\u00e9es se trouve ici : <a href=\"https:\/\/www.jootjeshaakcadeautjes.nl\/fr\/product-categorie\/gravure-au-laser-produits-cadeaux\/perles-en-bois-gravees-pour-cordon-de-sucette-et-anneau-de-dentition\/\">Perles en bois grav\u00e9es<\/a><\/p>\n<h3>Facile \u00e0 nettoyer et \u00e0 refroidir<\/h3>\n<p>Nos perles en silicone sont faciles \u00e0 entretenir. Ils peuvent \u00eatre plac\u00e9s dans le lave-vaisselle (dans le tiroir sup\u00e9rieur) pour un nettoyage complet, mais cela n&#8217;est n\u00e9cessaire qu&#8217;en cas de salissures importantes. Pour un usage quotidien, un l\u00e9ger moussage suffit. Veillez \u00e0 ce que les perles soient compl\u00e8tement s\u00e8ches avant de les donner \u00e0 votre enfant. De plus, vous pouvez refroidir les perles de silicone au r\u00e9frig\u00e9rateur, ce qui soulage les pouss\u00e9es dentaires.<\/p>\n<h3>La s\u00e9curit\u00e9 avant tout<\/h3>\n<p>La s\u00e9curit\u00e9 est notre priorit\u00e9. Veillez toujours \u00e0 ce que les perles de silicone soient solidement fix\u00e9es et v\u00e9rifiez r\u00e9guli\u00e8rement que vos cr\u00e9ations ne s&#8217;usent pas. Il est important de se rappeler que vous \u00eates responsable des produits que vous fabriquez. Jootjes Haakcadeautjes ne peut \u00eatre tenu responsable de tout dommage ou desserrement d\u00fb \u00e0 l&#8217;usure. Par cons\u00e9quent, nous recommandons que les jouets de dentition faits \u00e0 la main ne soient utilis\u00e9s que sous la surveillance d&#8217;un adulte afin de minimiser les risques.<\/p>\n<p><a href=\"https:\/\/www.jootjeshaakcadeautjes.nl\/fr\/fabriquer-des-jouets-pour-bebe-tutoriels\/anneau-de-dentition-manuel-de-fabrication\/\">Vous trouverez notre guide pour fabriquer votre propre anneau de dentition ici : Comment fabriquer un anneau de dentition.<\/a><\/p>\n<h2>D\u00e9couvrez la polyvalence et la s\u00e9curit\u00e9 de nos perles de silicone ovales<\/h2>\n<p>D\u00e9couvrez d\u00e8s maintenant les possibilit\u00e9s illimit\u00e9es de nos perles ovales en silicone et cr\u00e9ez en toute confiance les pi\u00e8ces artisanales les plus belles et les plus durables. La s\u00e9curit\u00e9, la durabilit\u00e9 et la polyvalence sont r\u00e9unies dans nos perles de haute qualit\u00e9, parfaites pour diverses applications. Que vous fabriquiez des anneaux de dentition, des sucettes, des cordons de t\u00e9tine ou des porte-cl\u00e9s (sensoriels), ces perles sont indispensables \u00e0 votre collection.<\/p>\n<h2>Qualit\u00e9 et s\u00e9curit\u00e9 de nos perles de silicone<\/h2>\n<p>Toutes nos perles en silicone sont :<\/p>\n<ul>\n<li>Sans BPA<\/li>\n<li>Sans phtalates ni toxines<\/li>\n<li>Sans PVC<\/li>\n<li>Sans plomb<\/li>\n<li>Convient aux produits finis certifi\u00e9s CE<\/li>\n<li>Perles de silicone de qualit\u00e9 m\u00e9dicale<\/li>\n<\/ul>\n","protected":false},"excerpt":{"rendered":"<p>Coloris : Foie, imprim\u00e9 perle<\/p>\n<p>&#8211; Type : Perles en silicone, ovales, \u00e9galement connues sous le nom de spacer.<br \/>\n&#8211; Taille : 12 mm<br \/>\n&#8211; Vendu \u00e0 l&#8217;unit\u00e9<br \/>\n&#8211; Exempt de BPA, de phtalates, de plomb, de PVC et de toxines<br \/>\n&#8211; Convient aux produits finis certifi\u00e9s CE<br \/>\n&#8211; Perles de silicone de qualit\u00e9 m\u00e9dicale<br \/>\n&#8211; Frais pour la dentition<br \/>\n&#8211; Lavable au lave-vaisselle<br \/>\n&#8211; Facile \u00e0 nettoyer avec un nettoyant pour le visage ou de l&#8217;eau savonneuse douce<\/p>\n<p>&nbsp;<\/p>\n","protected":false},"featured_media":99562,"template":"","meta":[],"product_brand":[],"product_cat":[7378,10482,6992,10236],"product_tag":[7406,7521,10450,7384,7401,7424,7470,7206,10295,10486,7463,7418,12598,7440,7513,10487,10178,7392,7512,7638,7200,10115,19618,10002,10490,10488,9993,7415,7212,7408],"class_list":{"0":"post-130490","1":"product","2":"type-product","3":"status-publish","4":"has-post-thumbnail","6":"product_cat-fabrication-de-jouets-de-dentition-pour-bebe-cordon-de-sucette-et-anneaux-de-dentition","7":"product_cat-perles-en-silicone-perles","8":"product_cat-perles-en-silicone-sans-bpa-grossiste","9":"product_cat-perles-en-silicone-avec-impression-toutes-les-impressions-leopard-panthere-girafe-zebre-roses-feuilles-et-autres","10":"product_tag-12-fr","11":"product_tag-12-mm-fr","12":"product_tag-12mm-fr","13":"product_tag-anneau-de-dentition","14":"product_tag-bebe","15":"product_tag-bpa-fr","16":"product_tag-bracelet","17":"product_tag-bricolage","18":"product_tag-certifie-fr","19":"product_tag-chaine","20":"product_tag-commerce-de-gros","21":"product_tag-faux-cordon","22":"product_tag-foie","23":"product_tag-gratuit","24":"product_tag-imprimer","25":"product_tag-le-faire-soi-meme","26":"product_tag-metallique","27":"product_tag-mm-fr","28":"product_tag-ovale","29":"product_tag-perle-fr","30":"product_tag-perles","31":"product_tag-perles-de-silicone","32":"product_tag-personalisierte","33":"product_tag-phtalate","34":"product_tag-pierre-de-lune","35":"product_tag-porte-cles-fr-2","36":"product_tag-pvc-fr","37":"product_tag-sans-bpa","38":"product_tag-silicone-fr","39":"product_tag-sur","41":"first","42":"instock","43":"taxable","44":"shipping-taxable","45":"purchasable","46":"product-type-simple"},"bundled_by":[],"bundle_stock_status":"instock","bundle_stock_quantity":343,"bundle_virtual":false,"bundle_layout":"","bundle_add_to_cart_form_location":"","bundle_editable_in_cart":false,"bundle_sold_individually_context":"","bundle_item_grouping":"","bundle_min_size":"","bundle_max_size":"","bundle_price":[],"bundled_items":[],"bundle_sell_ids":[],"yoast_head":"<!-- This site is optimized with the Yoast SEO Premium plugin v27.6 (Yoast SEO v27.6) - https:\/\/yoast.com\/product\/yoast-seo-premium-wordpress\/ -->\n<title>Perles en silicone - Ovale - 12 mm - Imprim\u00e9 perle de foie - Baby<\/title>\n<meta name=\"description\" content=\"Perles en silicone - Impression dor\u00e9e. Sans BPA, phtalate ni PVC. Directement de nous, le grossiste. Sans danger pour les b\u00e9b\u00e9s, pour le cordon de la t\u00e9tine et l&#039;anneau de dentition.\" \/>\n<meta name=\"robots\" content=\"index, follow, max-snippet:-1, max-image-preview:large, max-video-preview:-1\" \/>\n<link rel=\"canonical\" href=\"https:\/\/www.jootjeshaakcadeautjes.nl\/fr\/produit\/perles-en-silicone-ovale-12-mm-impression-perle-du-foie\/\" \/>\n<meta property=\"og:locale\" content=\"fr_FR\" \/>\n<meta property=\"og:type\" content=\"article\" \/>\n<meta property=\"og:title\" content=\"Perles en silicone - Ovale - 12 mm - Imprim\u00e9 perle de foie\" \/>\n<meta property=\"og:description\" content=\"Perles en silicone - Impression dor\u00e9e. Sans BPA, phtalate ni PVC. Directement de nous, le grossiste. Sans danger pour les b\u00e9b\u00e9s, pour le cordon de la t\u00e9tine et l&#039;anneau de dentition.\" \/>\n<meta property=\"og:url\" content=\"https:\/\/www.jootjeshaakcadeautjes.nl\/fr\/produit\/perles-en-silicone-ovale-12-mm-impression-perle-du-foie\/\" \/>\n<meta property=\"og:site_name\" content=\"Jootjes Haakcadeautjes\" \/>\n<meta property=\"article:modified_time\" content=\"2025-03-11T03:51:35+00:00\" \/>\n<meta property=\"og:image\" content=\"https:\/\/www.jootjeshaakcadeautjes.nl\/wp-content\/uploads\/2023\/08\/Foto-volgt-1.jpg\" \/>\n\t<meta property=\"og:image:width\" content=\"1080\" \/>\n\t<meta property=\"og:image:height\" content=\"1080\" \/>\n\t<meta property=\"og:image:type\" content=\"image\/jpeg\" \/>\n<meta name=\"twitter:card\" content=\"summary_large_image\" \/>\n<meta name=\"twitter:label1\" content=\"Prix\" \/>\n\t<meta name=\"twitter:data1\" content=\"&euro;0.26 TTC\" \/>\n\t<meta name=\"twitter:label2\" content=\"Disponibilit\u00e9\" \/>\n\t<meta name=\"twitter:data2\" content=\"En stock\" \/>\n<script type=\"application\/ld+json\" class=\"yoast-schema-graph\">{\"@context\":\"https:\\\/\\\/schema.org\",\"@graph\":[{\"@type\":\"WebPage\",\"@id\":\"https:\\\/\\\/www.jootjeshaakcadeautjes.nl\\\/fr\\\/produit\\\/perles-en-silicone-ovale-12-mm-impression-perle-du-foie\\\/\",\"url\":\"https:\\\/\\\/www.jootjeshaakcadeautjes.nl\\\/fr\\\/produit\\\/perles-en-silicone-ovale-12-mm-impression-perle-du-foie\\\/\",\"name\":\"Perles en silicone - Ovale - 12 mm - Imprim\u00e9 perle de foie - Baby\",\"isPartOf\":{\"@id\":\"https:\\\/\\\/www.jootjeshaakcadeautjes.nl\\\/fr\\\/#website\"},\"primaryImageOfPage\":{\"@id\":\"https:\\\/\\\/www.jootjeshaakcadeautjes.nl\\\/fr\\\/produit\\\/perles-en-silicone-ovale-12-mm-impression-perle-du-foie\\\/#primaryimage\"},\"image\":{\"@id\":\"https:\\\/\\\/www.jootjeshaakcadeautjes.nl\\\/fr\\\/produit\\\/perles-en-silicone-ovale-12-mm-impression-perle-du-foie\\\/#primaryimage\"},\"thumbnailUrl\":\"https:\\\/\\\/d1dyryakdmle7o.cloudfront.net\\\/wp-content\\\/uploads\\\/2023\\\/08\\\/Foto-volgt-1.jpg\",\"datePublished\":\"2023-11-25T17:03:10+00:00\",\"dateModified\":\"2025-03-11T03:51:35+00:00\",\"description\":\"Perles en silicone - Impression dor\u00e9e. Sans BPA, phtalate ni PVC. Directement de nous, le grossiste. Sans danger pour les b\u00e9b\u00e9s, pour le cordon de la t\u00e9tine et l'anneau de dentition.\",\"breadcrumb\":{\"@id\":\"https:\\\/\\\/www.jootjeshaakcadeautjes.nl\\\/fr\\\/produit\\\/perles-en-silicone-ovale-12-mm-impression-perle-du-foie\\\/#breadcrumb\"},\"inLanguage\":\"fr-FR\",\"potentialAction\":[{\"@type\":\"ReadAction\",\"target\":[\"https:\\\/\\\/www.jootjeshaakcadeautjes.nl\\\/fr\\\/produit\\\/perles-en-silicone-ovale-12-mm-impression-perle-du-foie\\\/\"]}]},{\"@type\":\"ImageObject\",\"inLanguage\":\"fr-FR\",\"@id\":\"https:\\\/\\\/www.jootjeshaakcadeautjes.nl\\\/fr\\\/produit\\\/perles-en-silicone-ovale-12-mm-impression-perle-du-foie\\\/#primaryimage\",\"url\":\"https:\\\/\\\/d1dyryakdmle7o.cloudfront.net\\\/wp-content\\\/uploads\\\/2023\\\/08\\\/Foto-volgt-1.jpg\",\"contentUrl\":\"https:\\\/\\\/d1dyryakdmle7o.cloudfront.net\\\/wp-content\\\/uploads\\\/2023\\\/08\\\/Foto-volgt-1.jpg\",\"width\":1080,\"height\":1080,\"caption\":\"suit\"},{\"@type\":\"BreadcrumbList\",\"@id\":\"https:\\\/\\\/www.jootjeshaakcadeautjes.nl\\\/fr\\\/produit\\\/perles-en-silicone-ovale-12-mm-impression-perle-du-foie\\\/#breadcrumb\",\"itemListElement\":[{\"@type\":\"ListItem\",\"position\":1,\"name\":\"Accueil\",\"item\":\"https:\\\/\\\/www.jootjeshaakcadeautjes.nl\\\/fr\\\/\"},{\"@type\":\"ListItem\",\"position\":2,\"name\":\"Commerce de gros de perles en silicone &#8211; Entreprises et consommateurs\",\"item\":\"https:\\\/\\\/www.jootjeshaakcadeautjes.nl\\\/fr\\\/boutique\\\/\"},{\"@type\":\"ListItem\",\"position\":3,\"name\":\"Perles en silicone &#8211; Ovale &#8211; 12 mm &#8211; Imprim\u00e9 perle de foie\"}]},{\"@type\":\"WebSite\",\"@id\":\"https:\\\/\\\/www.jootjeshaakcadeautjes.nl\\\/fr\\\/#website\",\"url\":\"https:\\\/\\\/www.jootjeshaakcadeautjes.nl\\\/fr\\\/\",\"name\":\"Jootjes Haakcadeautjes\",\"description\":\"Grossiste en perles de silicone\",\"publisher\":{\"@id\":\"https:\\\/\\\/www.jootjeshaakcadeautjes.nl\\\/fr\\\/#organization\"},\"potentialAction\":[{\"@type\":\"SearchAction\",\"target\":{\"@type\":\"EntryPoint\",\"urlTemplate\":\"https:\\\/\\\/www.jootjeshaakcadeautjes.nl\\\/fr\\\/?s={search_term_string}\"},\"query-input\":{\"@type\":\"PropertyValueSpecification\",\"valueRequired\":true,\"valueName\":\"search_term_string\"}}],\"inLanguage\":\"fr-FR\"},{\"@type\":\"Organization\",\"@id\":\"https:\\\/\\\/www.jootjeshaakcadeautjes.nl\\\/fr\\\/#organization\",\"name\":\"Jootjes Haakcadeautjes\",\"url\":\"https:\\\/\\\/www.jootjeshaakcadeautjes.nl\\\/fr\\\/\",\"logo\":{\"@type\":\"ImageObject\",\"inLanguage\":\"fr-FR\",\"@id\":\"https:\\\/\\\/www.jootjeshaakcadeautjes.nl\\\/fr\\\/#\\\/schema\\\/logo\\\/image\\\/\",\"url\":\"https:\\\/\\\/d1dyryakdmle7o.cloudfront.net\\\/wp-content\\\/uploads\\\/2023\\\/05\\\/Logo-rond.png\",\"contentUrl\":\"https:\\\/\\\/d1dyryakdmle7o.cloudfront.net\\\/wp-content\\\/uploads\\\/2023\\\/05\\\/Logo-rond.png\",\"width\":1222,\"height\":1222,\"caption\":\"Jootjes Haakcadeautjes\"},\"image\":{\"@id\":\"https:\\\/\\\/www.jootjeshaakcadeautjes.nl\\\/fr\\\/#\\\/schema\\\/logo\\\/image\\\/\"}}]}<\/script>\n<meta property=\"product:price:amount\" content=\"0.26\" \/>\n<meta property=\"product:price:currency\" content=\"EUR\" \/>\n<meta property=\"og:availability\" content=\"instock\" \/>\n<meta property=\"product:availability\" content=\"instock\" \/>\n<meta property=\"product:retailer_item_id\" content=\"SKR-012-OPLVR\" \/>\n<meta property=\"product:condition\" content=\"new\" \/>\n<!-- \/ Yoast SEO Premium plugin. -->","yoast_head_json":{"title":"Perles en silicone - Ovale - 12 mm - Imprim\u00e9 perle de foie - Baby","description":"Perles en silicone - Impression dor\u00e9e. Sans BPA, phtalate ni PVC. Directement de nous, le grossiste. Sans danger pour les b\u00e9b\u00e9s, pour le cordon de la t\u00e9tine et l'anneau de dentition.","robots":{"index":"index","follow":"follow","max-snippet":"max-snippet:-1","max-image-preview":"max-image-preview:large","max-video-preview":"max-video-preview:-1"},"canonical":"https:\/\/www.jootjeshaakcadeautjes.nl\/fr\/produit\/perles-en-silicone-ovale-12-mm-impression-perle-du-foie\/","og_locale":"fr_FR","og_type":"article","og_title":"Perles en silicone - Ovale - 12 mm - Imprim\u00e9 perle de foie","og_description":"Perles en silicone - Impression dor\u00e9e. Sans BPA, phtalate ni PVC. Directement de nous, le grossiste. Sans danger pour les b\u00e9b\u00e9s, pour le cordon de la t\u00e9tine et l'anneau de dentition.","og_url":"https:\/\/www.jootjeshaakcadeautjes.nl\/fr\/produit\/perles-en-silicone-ovale-12-mm-impression-perle-du-foie\/","og_site_name":"Jootjes Haakcadeautjes","article_modified_time":"2025-03-11T03:51:35+00:00","og_image":[{"width":1080,"height":1080,"url":"https:\/\/www.jootjeshaakcadeautjes.nl\/wp-content\/uploads\/2023\/08\/Foto-volgt-1.jpg","type":"image\/jpeg"}],"twitter_card":"summary_large_image","twitter_misc":{"Prix":"&euro;0.26 TTC","Disponibilit\u00e9":"En stock"},"schema":{"@context":"https:\/\/schema.org","@graph":[{"@type":"WebPage","@id":"https:\/\/www.jootjeshaakcadeautjes.nl\/fr\/produit\/perles-en-silicone-ovale-12-mm-impression-perle-du-foie\/","url":"https:\/\/www.jootjeshaakcadeautjes.nl\/fr\/produit\/perles-en-silicone-ovale-12-mm-impression-perle-du-foie\/","name":"Perles en silicone - Ovale - 12 mm - Imprim\u00e9 perle de foie - Baby","isPartOf":{"@id":"https:\/\/www.jootjeshaakcadeautjes.nl\/fr\/#website"},"primaryImageOfPage":{"@id":"https:\/\/www.jootjeshaakcadeautjes.nl\/fr\/produit\/perles-en-silicone-ovale-12-mm-impression-perle-du-foie\/#primaryimage"},"image":{"@id":"https:\/\/www.jootjeshaakcadeautjes.nl\/fr\/produit\/perles-en-silicone-ovale-12-mm-impression-perle-du-foie\/#primaryimage"},"thumbnailUrl":"https:\/\/d1dyryakdmle7o.cloudfront.net\/wp-content\/uploads\/2023\/08\/Foto-volgt-1.jpg","datePublished":"2023-11-25T17:03:10+00:00","dateModified":"2025-03-11T03:51:35+00:00","description":"Perles en silicone - Impression dor\u00e9e. Sans BPA, phtalate ni PVC. Directement de nous, le grossiste. Sans danger pour les b\u00e9b\u00e9s, pour le cordon de la t\u00e9tine et l'anneau de dentition.","breadcrumb":{"@id":"https:\/\/www.jootjeshaakcadeautjes.nl\/fr\/produit\/perles-en-silicone-ovale-12-mm-impression-perle-du-foie\/#breadcrumb"},"inLanguage":"fr-FR","potentialAction":[{"@type":"ReadAction","target":["https:\/\/www.jootjeshaakcadeautjes.nl\/fr\/produit\/perles-en-silicone-ovale-12-mm-impression-perle-du-foie\/"]}]},{"@type":"ImageObject","inLanguage":"fr-FR","@id":"https:\/\/www.jootjeshaakcadeautjes.nl\/fr\/produit\/perles-en-silicone-ovale-12-mm-impression-perle-du-foie\/#primaryimage","url":"https:\/\/d1dyryakdmle7o.cloudfront.net\/wp-content\/uploads\/2023\/08\/Foto-volgt-1.jpg","contentUrl":"https:\/\/d1dyryakdmle7o.cloudfront.net\/wp-content\/uploads\/2023\/08\/Foto-volgt-1.jpg","width":1080,"height":1080,"caption":"suit"},{"@type":"BreadcrumbList","@id":"https:\/\/www.jootjeshaakcadeautjes.nl\/fr\/produit\/perles-en-silicone-ovale-12-mm-impression-perle-du-foie\/#breadcrumb","itemListElement":[{"@type":"ListItem","position":1,"name":"Accueil","item":"https:\/\/www.jootjeshaakcadeautjes.nl\/fr\/"},{"@type":"ListItem","position":2,"name":"Commerce de gros de perles en silicone &#8211; Entreprises et consommateurs","item":"https:\/\/www.jootjeshaakcadeautjes.nl\/fr\/boutique\/"},{"@type":"ListItem","position":3,"name":"Perles en silicone &#8211; Ovale &#8211; 12 mm &#8211; Imprim\u00e9 perle de foie"}]},{"@type":"WebSite","@id":"https:\/\/www.jootjeshaakcadeautjes.nl\/fr\/#website","url":"https:\/\/www.jootjeshaakcadeautjes.nl\/fr\/","name":"Jootjes Haakcadeautjes","description":"Grossiste en perles de silicone","publisher":{"@id":"https:\/\/www.jootjeshaakcadeautjes.nl\/fr\/#organization"},"potentialAction":[{"@type":"SearchAction","target":{"@type":"EntryPoint","urlTemplate":"https:\/\/www.jootjeshaakcadeautjes.nl\/fr\/?s={search_term_string}"},"query-input":{"@type":"PropertyValueSpecification","valueRequired":true,"valueName":"search_term_string"}}],"inLanguage":"fr-FR"},{"@type":"Organization","@id":"https:\/\/www.jootjeshaakcadeautjes.nl\/fr\/#organization","name":"Jootjes Haakcadeautjes","url":"https:\/\/www.jootjeshaakcadeautjes.nl\/fr\/","logo":{"@type":"ImageObject","inLanguage":"fr-FR","@id":"https:\/\/www.jootjeshaakcadeautjes.nl\/fr\/#\/schema\/logo\/image\/","url":"https:\/\/d1dyryakdmle7o.cloudfront.net\/wp-content\/uploads\/2023\/05\/Logo-rond.png","contentUrl":"https:\/\/d1dyryakdmle7o.cloudfront.net\/wp-content\/uploads\/2023\/05\/Logo-rond.png","width":1222,"height":1222,"caption":"Jootjes Haakcadeautjes"},"image":{"@id":"https:\/\/www.jootjeshaakcadeautjes.nl\/fr\/#\/schema\/logo\/image\/"}}]},"product_price_amount":"0.26","product_price_currency":"EUR","og_availability":"instock","product_availability":"instock","product_retailer_item_id":"SKR-012-OPLVR","product_condition":"new"},"_links":{"self":[{"href":"https:\/\/www.jootjeshaakcadeautjes.nl\/fr\/wp-json\/wp\/v2\/product\/130490","targetHints":{"allow":["GET"]}}],"collection":[{"href":"https:\/\/www.jootjeshaakcadeautjes.nl\/fr\/wp-json\/wp\/v2\/product"}],"about":[{"href":"https:\/\/www.jootjeshaakcadeautjes.nl\/fr\/wp-json\/wp\/v2\/types\/product"}],"version-history":[{"count":0,"href":"https:\/\/www.jootjeshaakcadeautjes.nl\/fr\/wp-json\/wp\/v2\/product\/130490\/revisions"}],"wp:featuredmedia":[{"embeddable":true,"href":"https:\/\/www.jootjeshaakcadeautjes.nl\/fr\/wp-json\/wp\/v2\/media\/99562"}],"wp:attachment":[{"href":"https:\/\/www.jootjeshaakcadeautjes.nl\/fr\/wp-json\/wp\/v2\/media?parent=130490"}],"wp:term":[{"taxonomy":"product_brand","embeddable":true,"href":"https:\/\/www.jootjeshaakcadeautjes.nl\/fr\/wp-json\/wp\/v2\/product_brand?post=130490"},{"taxonomy":"product_cat","embeddable":true,"href":"https:\/\/www.jootjeshaakcadeautjes.nl\/fr\/wp-json\/wp\/v2\/product_cat?post=130490"},{"taxonomy":"product_tag","embeddable":true,"href":"https:\/\/www.jootjeshaakcadeautjes.nl\/fr\/wp-json\/wp\/v2\/product_tag?post=130490"}],"curies":[{"name":"wp","href":"https:\/\/api.w.org\/{rel}","templated":true}]}}