{"id":130520,"date":"2023-11-05T21:35:09","date_gmt":"2023-11-05T19:35:09","guid":{"rendered":"https:\/\/www.jootjeshaakcadeautjes.nl\/product\/perles-lettres-en-silicone-coconut-dark-rose-12-mm-lettres-speciales-par-piece\/"},"modified":"2026-03-01T19:02:56","modified_gmt":"2026-03-01T18:02:56","slug":"perles-lettres-en-silicone-coconut-dark-rose-12-mm-lettres-speciales-par-piece","status":"publish","type":"product","link":"https:\/\/www.jootjeshaakcadeautjes.nl\/fr\/produit\/perles-lettres-en-silicone-coconut-dark-rose-12-mm-lettres-speciales-par-piece\/","title":{"rendered":"Perles de lettres en silicone &#8211; Coconut \/ Dark Rose &#8211; 12 mm &#8211; Lettres sp\u00e9ciales \/ signes de lettres &#8211; Par pi\u00e8ce"},"content":{"rendered":"<h1>Perles lettres en silicone &#8211; 12 mm &#8211; Coconut \/ Dark Rose &#8211; Lettres sp\u00e9ciales<\/h1>\n<h2>Sp\u00e9cifications :<\/h2>\n<ul>\n<li>Taille 12 mm x 12 mm<\/li>\n<li>Perle de lettres carr\u00e9es en silicone coco avec des lettres \/ caract\u00e8res inhabituels de couleur Rose fonc\u00e9<\/li>\n<li>Dans les variantes \u00cb, \u00c9, \u00c8 et \u00cf.<\/li>\n<li>Sans BPA, phtalate, PVC, plomb ni toxines<\/li>\n<li>Certifi\u00e9 CE<\/li>\n<li>Les perles sont \u00e9galement disponibles sous forme de lettres A \u00e0 Z et peuvent \u00eatre combin\u00e9es sans probl\u00e8me avec ces derni\u00e8res.<\/li>\n<\/ul>\n<p>Ces jolies perles de lettres sp\u00e9ciales en silicone sont largement utilis\u00e9es pour ajouter un nom \u00e0 un cordon de t\u00e9tine, un anneau de dentition, une balan\u00e7oire de landau ou un babygym. Vous pouvez ainsi r\u00e9aliser en un rien de temps un magnifique cadeau de maternit\u00e9 personnalis\u00e9 ou un joli jouet pour votre propre enfant. Les perles en silicone sont parfaites pour \u00eatre combin\u00e9es avec nos perles en silicone ainsi qu&#8217;avec nos belles perles en bois ou en silicone. En pla\u00e7ant plusieurs perles carr\u00e9es c\u00f4te \u00e0 c\u00f4te, on obtient une pi\u00e8ce droite dans un anneau de dentition, au d\u00e9triment de la forme. En utilisant des perles de s\u00e9paration ovales, cette partie de l&#8217;anneau de dentition retrouve sa capacit\u00e9 \u00e0 se plier et fait \u00e0 nouveau partie d&#8217;un joli cercle.<\/p>\n<p>Les perles en silicone carr\u00e9es de 12 mm sont faciles \u00e0 nettoyer au lave-vaisselle et \u00e0 r\u00e9frig\u00e9rer en cas de pouss\u00e9es dentaires.<\/p>\n<h2>Qualit\u00e9 et s\u00e9curit\u00e9 :<\/h2>\n<p>Tous nos mat\u00e9riaux en silicone sont exempts de BPA et de phtalates. En outre, aucune autre substance nocive n&#8217;est utilis\u00e9e dans la production de ces perles num\u00e9rot\u00e9es en silicone. La perle num\u00e9rique convient donc aussi bien aux b\u00e9b\u00e9s qu&#8217;aux enfants plus \u00e2g\u00e9s qui aiment mordre dans quelque chose. Les perles sont certifi\u00e9es CE et sont robustes. Par cons\u00e9quent, ils ne s&#8217;usent pratiquement pas. En outre, les perles num\u00e9riques sont de bonne qualit\u00e9 et tr\u00e8s faciles \u00e0 nettoyer.<\/p>\n<p><em>Fixez toujours correctement les perles de silicone et v\u00e9rifiez r\u00e9guli\u00e8rement l&#8217;\u00e9tat d&#8217;usure de votre appareil. Vous en \u00eates vous-m\u00eame responsable. Jootjes Haakcadeautjes ne v\u00e9rifie pas le produit fini et ne peut donc pas assumer les dommages ou le rel\u00e2chement dus \u00e0 l&#8217;usure. Nous conseillons de n&#8217;utiliser les jouets de dentition faits \u00e0 la main que sous la surveillance d&#8217;un adulte afin d&#8217;\u00e9viter toute situation dangereuse.<\/em><\/p>\n","protected":false},"excerpt":{"rendered":"<ul>\n<li>Variante : \u00cb, \u00c9, \u00c8 ou \u00cf Ivoire \/ Coco \/ Rose fonc\u00e9 12 mm.<\/li>\n<li>Perles de silicone en silicone de qualit\u00e9 m\u00e9dicale.<\/li>\n<li>Sans BPA, phtalate, PVC, plomb ni toxines.<\/li>\n<li>Vendu \u00e0 l&#8217;unit\u00e9.<\/li>\n<li>Carr\u00e9, 12 mm x 12 mm, couleur Coconut \/ Dark Rose<\/li>\n<li>Ces lettres sont horizontales (les trous vont de gauche \u00e0 droite).<\/li>\n<li>Les lettres se trouvent sur les quatre c\u00f4t\u00e9s.<\/li>\n<li>Lavable au lave-vaisselle<\/li>\n<li>Frais pour les pouss\u00e9es dentaires.<\/li>\n<\/ul>\n","protected":false},"featured_media":105463,"template":"","meta":[],"product_brand":[],"product_cat":[7378,7185,12605,12602,12603,19512],"product_tag":[7406,10450,12627,7384,12625,12350,12612,7424,12621,12608,12613,12616,7418,7440,12618,12610,12606,7392,10499,12611,12624,10290,10260,12626,7212,12622,12620,12623],"class_list":{"0":"post-130520","1":"product","2":"type-product","3":"status-publish","4":"has-post-thumbnail","6":"product_cat-fabrication-de-jouets-de-dentition-pour-bebe-cordon-de-sucette-et-anneaux-de-dentition","7":"product_cat-nouveaux-produits","8":"product_cat-perles-de-lettres-caracteres-speciaux","9":"product_cat-perles-de-lettres-cordon-de-sucette-et-anneau-de-dentition","10":"product_cat-perles-de-lettres-en-silicone-12-mm-toutes-les-couleurs","11":"product_cat-perles-lettres-en-silicone-coco-rose-fonce-12-mm","12":"product_tag-12-fr","13":"product_tag-12mm-fr","14":"product_tag-a-lenvers","15":"product_tag-anneau-de-dentition","16":"product_tag-avant","17":"product_tag-avec","18":"product_tag-boites-aux-lettres","19":"product_tag-bpa-fr","20":"product_tag-caractere","21":"product_tag-carre","22":"product_tag-chiffre","23":"product_tag-e-fr","24":"product_tag-faux-cordon","25":"product_tag-gratuit","26":"product_tag-i-fr","27":"product_tag-lettre","28":"product_tag-lettres","29":"product_tag-mm-fr","30":"product_tag-noix-de-coco","31":"product_tag-nom","32":"product_tag-points","33":"product_tag-protection-des-enfants","34":"product_tag-rose-fonce","35":"product_tag-se-replier","36":"product_tag-silicone-fr","37":"product_tag-special-fr","38":"product_tag-tiret","39":"product_tag-trema-fr","41":"first","42":"instock","43":"taxable","44":"shipping-taxable","45":"purchasable","46":"product-type-variable"},"bundled_by":[],"bundle_stock_status":"instock","bundle_stock_quantity":null,"bundle_virtual":false,"bundle_layout":"","bundle_add_to_cart_form_location":"","bundle_editable_in_cart":false,"bundle_sold_individually_context":"","bundle_item_grouping":"","bundle_min_size":"","bundle_max_size":"","bundle_price":[],"bundled_items":[],"bundle_sell_ids":[],"yoast_head":"<!-- This site is optimized with the Yoast SEO Premium plugin v27.4 (Yoast SEO v27.5) - https:\/\/yoast.com\/product\/yoast-seo-premium-wordpress\/ -->\n<title>Perles de lettres en silicone - Coconut \/ Dark Rose - 12 mm - Lettres sp\u00e9ciales \/ signes de lettres - Par pi\u00e8ce -%.<\/title>\n<meta name=\"description\" content=\"Perle de silicone lettre noire \u00cf, \u00cb et \u00c9 et \u00c8 dans le m\u00eame style que les perles de silicone lettre carr\u00e9e 12 mm alphabet. Sans BPA et 100 % \u00e0 l&#039;\u00e9preuve des enfants.\" \/>\n<meta name=\"robots\" content=\"index, follow, max-snippet:-1, max-image-preview:large, max-video-preview:-1\" \/>\n<link rel=\"canonical\" href=\"https:\/\/www.jootjeshaakcadeautjes.nl\/fr\/produit\/perles-lettres-en-silicone-coconut-dark-rose-12-mm-lettres-speciales-par-piece\/\" \/>\n<meta property=\"og:locale\" content=\"fr_FR\" \/>\n<meta property=\"og:type\" content=\"article\" \/>\n<meta property=\"og:title\" content=\"Perles de lettres en silicone - Coconut \/ Dark Rose - 12 mm - Lettres sp\u00e9ciales \/ signes de lettres - Par pi\u00e8ce\" \/>\n<meta property=\"og:description\" content=\"Perle de silicone lettre noire \u00cf, \u00cb et \u00c9 et \u00c8 dans le m\u00eame style que les perles de silicone lettre carr\u00e9e 12 mm alphabet. Sans BPA et 100 % \u00e0 l&#039;\u00e9preuve des enfants.\" \/>\n<meta property=\"og:url\" content=\"https:\/\/www.jootjeshaakcadeautjes.nl\/fr\/produit\/perles-lettres-en-silicone-coconut-dark-rose-12-mm-lettres-speciales-par-piece\/\" \/>\n<meta property=\"og:site_name\" content=\"Jootjes Haakcadeautjes\" \/>\n<meta property=\"article:modified_time\" content=\"2026-03-01T18:02:56+00:00\" \/>\n<meta property=\"og:image\" content=\"https:\/\/www.jootjeshaakcadeautjes.nl\/wp-content\/uploads\/2023\/11\/Untitled-2-1.jpg\" \/>\n\t<meta property=\"og:image:width\" content=\"2048\" \/>\n\t<meta property=\"og:image:height\" content=\"2048\" \/>\n\t<meta property=\"og:image:type\" content=\"image\/jpeg\" \/>\n<meta name=\"twitter:card\" content=\"summary_large_image\" \/>\n<meta name=\"twitter:label1\" content=\"Disponibilit\u00e9\" \/>\n\t<meta name=\"twitter:data1\" content=\"En stock\" \/>\n<script type=\"application\/ld+json\" class=\"yoast-schema-graph\">{\"@context\":\"https:\\\/\\\/schema.org\",\"@graph\":[{\"@type\":\"WebPage\",\"@id\":\"https:\\\/\\\/www.jootjeshaakcadeautjes.nl\\\/fr\\\/produit\\\/perles-lettres-en-silicone-coconut-dark-rose-12-mm-lettres-speciales-par-piece\\\/\",\"url\":\"https:\\\/\\\/www.jootjeshaakcadeautjes.nl\\\/fr\\\/produit\\\/perles-lettres-en-silicone-coconut-dark-rose-12-mm-lettres-speciales-par-piece\\\/\",\"name\":\"Perles de lettres en silicone - Coconut \\\/ Dark Rose - 12 mm - Lettres sp\u00e9ciales \\\/ signes de lettres - Par pi\u00e8ce -%.\",\"isPartOf\":{\"@id\":\"https:\\\/\\\/www.jootjeshaakcadeautjes.nl\\\/fr\\\/#website\"},\"primaryImageOfPage\":{\"@id\":\"https:\\\/\\\/www.jootjeshaakcadeautjes.nl\\\/fr\\\/produit\\\/perles-lettres-en-silicone-coconut-dark-rose-12-mm-lettres-speciales-par-piece\\\/#primaryimage\"},\"image\":{\"@id\":\"https:\\\/\\\/www.jootjeshaakcadeautjes.nl\\\/fr\\\/produit\\\/perles-lettres-en-silicone-coconut-dark-rose-12-mm-lettres-speciales-par-piece\\\/#primaryimage\"},\"thumbnailUrl\":\"https:\\\/\\\/d1dyryakdmle7o.cloudfront.net\\\/wp-content\\\/uploads\\\/2023\\\/11\\\/Untitled-2-1.jpg\",\"datePublished\":\"2023-11-05T19:35:09+00:00\",\"dateModified\":\"2026-03-01T18:02:56+00:00\",\"description\":\"Perle de silicone lettre noire \u00cf, \u00cb et \u00c9 et \u00c8 dans le m\u00eame style que les perles de silicone lettre carr\u00e9e 12 mm alphabet. Sans BPA et 100 % \u00e0 l'\u00e9preuve des enfants.\",\"breadcrumb\":{\"@id\":\"https:\\\/\\\/www.jootjeshaakcadeautjes.nl\\\/fr\\\/produit\\\/perles-lettres-en-silicone-coconut-dark-rose-12-mm-lettres-speciales-par-piece\\\/#breadcrumb\"},\"inLanguage\":\"fr-FR\",\"potentialAction\":[{\"@type\":\"ReadAction\",\"target\":[\"https:\\\/\\\/www.jootjeshaakcadeautjes.nl\\\/fr\\\/produit\\\/perles-lettres-en-silicone-coconut-dark-rose-12-mm-lettres-speciales-par-piece\\\/\"]}]},{\"@type\":\"ImageObject\",\"inLanguage\":\"fr-FR\",\"@id\":\"https:\\\/\\\/www.jootjeshaakcadeautjes.nl\\\/fr\\\/produit\\\/perles-lettres-en-silicone-coconut-dark-rose-12-mm-lettres-speciales-par-piece\\\/#primaryimage\",\"url\":\"https:\\\/\\\/d1dyryakdmle7o.cloudfront.net\\\/wp-content\\\/uploads\\\/2023\\\/11\\\/Untitled-2-1.jpg\",\"contentUrl\":\"https:\\\/\\\/d1dyryakdmle7o.cloudfront.net\\\/wp-content\\\/uploads\\\/2023\\\/11\\\/Untitled-2-1.jpg\",\"width\":2048,\"height\":2048},{\"@type\":\"BreadcrumbList\",\"@id\":\"https:\\\/\\\/www.jootjeshaakcadeautjes.nl\\\/fr\\\/produit\\\/perles-lettres-en-silicone-coconut-dark-rose-12-mm-lettres-speciales-par-piece\\\/#breadcrumb\",\"itemListElement\":[{\"@type\":\"ListItem\",\"position\":1,\"name\":\"Accueil\",\"item\":\"https:\\\/\\\/www.jootjeshaakcadeautjes.nl\\\/fr\\\/\"},{\"@type\":\"ListItem\",\"position\":2,\"name\":\"Commerce de gros de perles en silicone &#8211; Entreprises et consommateurs\",\"item\":\"https:\\\/\\\/www.jootjeshaakcadeautjes.nl\\\/fr\\\/boutique\\\/\"},{\"@type\":\"ListItem\",\"position\":3,\"name\":\"Perles de lettres en silicone &#8211; Coconut \\\/ Dark Rose &#8211; 12 mm &#8211; Lettres sp\u00e9ciales \\\/ signes de lettres &#8211; Par pi\u00e8ce\"}]},{\"@type\":\"WebSite\",\"@id\":\"https:\\\/\\\/www.jootjeshaakcadeautjes.nl\\\/fr\\\/#website\",\"url\":\"https:\\\/\\\/www.jootjeshaakcadeautjes.nl\\\/fr\\\/\",\"name\":\"Jootjes Haakcadeautjes\",\"description\":\"Grossiste en perles de silicone\",\"publisher\":{\"@id\":\"https:\\\/\\\/www.jootjeshaakcadeautjes.nl\\\/fr\\\/#organization\"},\"potentialAction\":[{\"@type\":\"SearchAction\",\"target\":{\"@type\":\"EntryPoint\",\"urlTemplate\":\"https:\\\/\\\/www.jootjeshaakcadeautjes.nl\\\/fr\\\/?s={search_term_string}\"},\"query-input\":{\"@type\":\"PropertyValueSpecification\",\"valueRequired\":true,\"valueName\":\"search_term_string\"}}],\"inLanguage\":\"fr-FR\"},{\"@type\":\"Organization\",\"@id\":\"https:\\\/\\\/www.jootjeshaakcadeautjes.nl\\\/fr\\\/#organization\",\"name\":\"Jootjes Haakcadeautjes\",\"url\":\"https:\\\/\\\/www.jootjeshaakcadeautjes.nl\\\/fr\\\/\",\"logo\":{\"@type\":\"ImageObject\",\"inLanguage\":\"fr-FR\",\"@id\":\"https:\\\/\\\/www.jootjeshaakcadeautjes.nl\\\/fr\\\/#\\\/schema\\\/logo\\\/image\\\/\",\"url\":\"https:\\\/\\\/jootjes-haakcadeautjes-media.s3.amazonaws.com\\\/wp-content\\\/uploads\\\/2023\\\/05\\\/Logo-rond.png\",\"contentUrl\":\"https:\\\/\\\/jootjes-haakcadeautjes-media.s3.amazonaws.com\\\/wp-content\\\/uploads\\\/2023\\\/05\\\/Logo-rond.png\",\"width\":1222,\"height\":1222,\"caption\":\"Jootjes Haakcadeautjes\"},\"image\":{\"@id\":\"https:\\\/\\\/www.jootjeshaakcadeautjes.nl\\\/fr\\\/#\\\/schema\\\/logo\\\/image\\\/\"}}]}<\/script>\n<meta property=\"og:availability\" content=\"instock\" \/>\n<meta property=\"product:availability\" content=\"instock\" \/>\n<meta property=\"product:retailer_item_id\" content=\"SLK-Z12-KD\" \/>\n<meta property=\"product:condition\" content=\"new\" \/>\n<!-- \/ Yoast SEO Premium plugin. -->","yoast_head_json":{"title":"Perles de lettres en silicone - Coconut \/ Dark Rose - 12 mm - Lettres sp\u00e9ciales \/ signes de lettres - Par pi\u00e8ce -%.","description":"Perle de silicone lettre noire \u00cf, \u00cb et \u00c9 et \u00c8 dans le m\u00eame style que les perles de silicone lettre carr\u00e9e 12 mm alphabet. Sans BPA et 100 % \u00e0 l'\u00e9preuve des enfants.","robots":{"index":"index","follow":"follow","max-snippet":"max-snippet:-1","max-image-preview":"max-image-preview:large","max-video-preview":"max-video-preview:-1"},"canonical":"https:\/\/www.jootjeshaakcadeautjes.nl\/fr\/produit\/perles-lettres-en-silicone-coconut-dark-rose-12-mm-lettres-speciales-par-piece\/","og_locale":"fr_FR","og_type":"article","og_title":"Perles de lettres en silicone - Coconut \/ Dark Rose - 12 mm - Lettres sp\u00e9ciales \/ signes de lettres - Par pi\u00e8ce","og_description":"Perle de silicone lettre noire \u00cf, \u00cb et \u00c9 et \u00c8 dans le m\u00eame style que les perles de silicone lettre carr\u00e9e 12 mm alphabet. Sans BPA et 100 % \u00e0 l'\u00e9preuve des enfants.","og_url":"https:\/\/www.jootjeshaakcadeautjes.nl\/fr\/produit\/perles-lettres-en-silicone-coconut-dark-rose-12-mm-lettres-speciales-par-piece\/","og_site_name":"Jootjes Haakcadeautjes","article_modified_time":"2026-03-01T18:02:56+00:00","og_image":[{"width":2048,"height":2048,"url":"https:\/\/www.jootjeshaakcadeautjes.nl\/wp-content\/uploads\/2023\/11\/Untitled-2-1.jpg","type":"image\/jpeg"}],"twitter_card":"summary_large_image","twitter_misc":{"Disponibilit\u00e9":"En stock"},"schema":{"@context":"https:\/\/schema.org","@graph":[{"@type":"WebPage","@id":"https:\/\/www.jootjeshaakcadeautjes.nl\/fr\/produit\/perles-lettres-en-silicone-coconut-dark-rose-12-mm-lettres-speciales-par-piece\/","url":"https:\/\/www.jootjeshaakcadeautjes.nl\/fr\/produit\/perles-lettres-en-silicone-coconut-dark-rose-12-mm-lettres-speciales-par-piece\/","name":"Perles de lettres en silicone - Coconut \/ Dark Rose - 12 mm - Lettres sp\u00e9ciales \/ signes de lettres - Par pi\u00e8ce -%.","isPartOf":{"@id":"https:\/\/www.jootjeshaakcadeautjes.nl\/fr\/#website"},"primaryImageOfPage":{"@id":"https:\/\/www.jootjeshaakcadeautjes.nl\/fr\/produit\/perles-lettres-en-silicone-coconut-dark-rose-12-mm-lettres-speciales-par-piece\/#primaryimage"},"image":{"@id":"https:\/\/www.jootjeshaakcadeautjes.nl\/fr\/produit\/perles-lettres-en-silicone-coconut-dark-rose-12-mm-lettres-speciales-par-piece\/#primaryimage"},"thumbnailUrl":"https:\/\/d1dyryakdmle7o.cloudfront.net\/wp-content\/uploads\/2023\/11\/Untitled-2-1.jpg","datePublished":"2023-11-05T19:35:09+00:00","dateModified":"2026-03-01T18:02:56+00:00","description":"Perle de silicone lettre noire \u00cf, \u00cb et \u00c9 et \u00c8 dans le m\u00eame style que les perles de silicone lettre carr\u00e9e 12 mm alphabet. Sans BPA et 100 % \u00e0 l'\u00e9preuve des enfants.","breadcrumb":{"@id":"https:\/\/www.jootjeshaakcadeautjes.nl\/fr\/produit\/perles-lettres-en-silicone-coconut-dark-rose-12-mm-lettres-speciales-par-piece\/#breadcrumb"},"inLanguage":"fr-FR","potentialAction":[{"@type":"ReadAction","target":["https:\/\/www.jootjeshaakcadeautjes.nl\/fr\/produit\/perles-lettres-en-silicone-coconut-dark-rose-12-mm-lettres-speciales-par-piece\/"]}]},{"@type":"ImageObject","inLanguage":"fr-FR","@id":"https:\/\/www.jootjeshaakcadeautjes.nl\/fr\/produit\/perles-lettres-en-silicone-coconut-dark-rose-12-mm-lettres-speciales-par-piece\/#primaryimage","url":"https:\/\/d1dyryakdmle7o.cloudfront.net\/wp-content\/uploads\/2023\/11\/Untitled-2-1.jpg","contentUrl":"https:\/\/d1dyryakdmle7o.cloudfront.net\/wp-content\/uploads\/2023\/11\/Untitled-2-1.jpg","width":2048,"height":2048},{"@type":"BreadcrumbList","@id":"https:\/\/www.jootjeshaakcadeautjes.nl\/fr\/produit\/perles-lettres-en-silicone-coconut-dark-rose-12-mm-lettres-speciales-par-piece\/#breadcrumb","itemListElement":[{"@type":"ListItem","position":1,"name":"Accueil","item":"https:\/\/www.jootjeshaakcadeautjes.nl\/fr\/"},{"@type":"ListItem","position":2,"name":"Commerce de gros de perles en silicone &#8211; Entreprises et consommateurs","item":"https:\/\/www.jootjeshaakcadeautjes.nl\/fr\/boutique\/"},{"@type":"ListItem","position":3,"name":"Perles de lettres en silicone &#8211; Coconut \/ Dark Rose &#8211; 12 mm &#8211; Lettres sp\u00e9ciales \/ signes de lettres &#8211; Par pi\u00e8ce"}]},{"@type":"WebSite","@id":"https:\/\/www.jootjeshaakcadeautjes.nl\/fr\/#website","url":"https:\/\/www.jootjeshaakcadeautjes.nl\/fr\/","name":"Jootjes Haakcadeautjes","description":"Grossiste en perles de silicone","publisher":{"@id":"https:\/\/www.jootjeshaakcadeautjes.nl\/fr\/#organization"},"potentialAction":[{"@type":"SearchAction","target":{"@type":"EntryPoint","urlTemplate":"https:\/\/www.jootjeshaakcadeautjes.nl\/fr\/?s={search_term_string}"},"query-input":{"@type":"PropertyValueSpecification","valueRequired":true,"valueName":"search_term_string"}}],"inLanguage":"fr-FR"},{"@type":"Organization","@id":"https:\/\/www.jootjeshaakcadeautjes.nl\/fr\/#organization","name":"Jootjes Haakcadeautjes","url":"https:\/\/www.jootjeshaakcadeautjes.nl\/fr\/","logo":{"@type":"ImageObject","inLanguage":"fr-FR","@id":"https:\/\/www.jootjeshaakcadeautjes.nl\/fr\/#\/schema\/logo\/image\/","url":"https:\/\/jootjes-haakcadeautjes-media.s3.amazonaws.com\/wp-content\/uploads\/2023\/05\/Logo-rond.png","contentUrl":"https:\/\/jootjes-haakcadeautjes-media.s3.amazonaws.com\/wp-content\/uploads\/2023\/05\/Logo-rond.png","width":1222,"height":1222,"caption":"Jootjes Haakcadeautjes"},"image":{"@id":"https:\/\/www.jootjeshaakcadeautjes.nl\/fr\/#\/schema\/logo\/image\/"}}]},"og_availability":"instock","product_availability":"instock","product_retailer_item_id":"SLK-Z12-KD","product_condition":"new"},"_links":{"self":[{"href":"https:\/\/www.jootjeshaakcadeautjes.nl\/fr\/wp-json\/wp\/v2\/product\/130520","targetHints":{"allow":["GET"]}}],"collection":[{"href":"https:\/\/www.jootjeshaakcadeautjes.nl\/fr\/wp-json\/wp\/v2\/product"}],"about":[{"href":"https:\/\/www.jootjeshaakcadeautjes.nl\/fr\/wp-json\/wp\/v2\/types\/product"}],"version-history":[{"count":0,"href":"https:\/\/www.jootjeshaakcadeautjes.nl\/fr\/wp-json\/wp\/v2\/product\/130520\/revisions"}],"wp:featuredmedia":[{"embeddable":true,"href":"https:\/\/www.jootjeshaakcadeautjes.nl\/fr\/wp-json\/wp\/v2\/media\/105463"}],"wp:attachment":[{"href":"https:\/\/www.jootjeshaakcadeautjes.nl\/fr\/wp-json\/wp\/v2\/media?parent=130520"}],"wp:term":[{"taxonomy":"product_brand","embeddable":true,"href":"https:\/\/www.jootjeshaakcadeautjes.nl\/fr\/wp-json\/wp\/v2\/product_brand?post=130520"},{"taxonomy":"product_cat","embeddable":true,"href":"https:\/\/www.jootjeshaakcadeautjes.nl\/fr\/wp-json\/wp\/v2\/product_cat?post=130520"},{"taxonomy":"product_tag","embeddable":true,"href":"https:\/\/www.jootjeshaakcadeautjes.nl\/fr\/wp-json\/wp\/v2\/product_tag?post=130520"}],"curies":[{"name":"wp","href":"https:\/\/api.w.org\/{rel}","templated":true}]}}