{"id":130674,"date":"2023-11-05T14:38:52","date_gmt":"2023-11-05T12:38:52","guid":{"rendered":"https:\/\/www.jootjeshaakcadeautjes.nl\/product\/couronne-abeille-figure-hetre\/"},"modified":"2025-11-14T14:52:32","modified_gmt":"2025-11-14T13:52:32","slug":"couronne-abeille-figure-hetre","status":"publish","type":"product","link":"https:\/\/www.jootjeshaakcadeautjes.nl\/fr\/produit\/couronne-abeille-figure-hetre\/","title":{"rendered":"Anneau de dentition en bois &#8211; Figurine de dentition &#8211; Bois de h\u00eatre &#8211; Couronne"},"content":{"rendered":"<h1><strong>Anneau de dentition en bois &#8211; <span class=\"TextRun Highlight SCXW166152890 BCX9\" lang=\"NL-NL\" data-contrast=\"auto\"><br \/>\n  <span class=\"NormalTextRun SCXW166152890 BCX9\">Couronne<\/span><br \/>\n<\/span> &#8211; Pendentif de jeu &#8211; Anneau de dentition<\/strong><\/h1>\n<p><span style=\"color: #000000;\">Le pendentif ou l&#8217;anneau en bois en forme de couronne est fabriqu\u00e9 en bois brut (non laqu\u00e9, teint\u00e9 ou huil\u00e9).<\/span><\/p>\n<p><span style=\"color: #000000;\">La variante de la marque de morsure en bois <span class=\"TextRun Highlight SCXW166152890 BCX9\" lang=\"NL-NL\" data-contrast=\"auto\"><br \/>\n  <span class=\"NormalTextRun SCXW166152890 BCX9\">Couronne<\/span><br \/>\n<\/span> est fabriqu\u00e9e \u00e0 partir d&#8217;un produit naturel. Par cons\u00e9quent, ils peuvent parfois pr\u00e9senter des anomalies minimes.  <\/span><span style=\"color: #000000;\">Si l&#8217;\u00e9cart est inacceptable, nous recyclerons les produits et ils ne seront pas vendus. Ainsi, nous pouvons toujours vous offrir des produits de haute qualit\u00e9  <\/span><span style=\"color: #000000;\">anneau en bois\/pendentif en bois garantie.<\/span><\/p>\n<p><span style=\"color: #000000;\">Les appliques en bois sont souvent utilis\u00e9es pour fabriquer des jouets en bois pour b\u00e9b\u00e9s, tels que des anneaux de dentition en bois, des hochets, des colliers d&#8217;allaitement, des attaches pour t\u00e9tines faites \u00e0 la main ou des boucles de landau.  <\/span><\/p>\n<div id=\"attachment_318\" class=\"wp-caption aligncenter\"><\/div>\n<p>&nbsp;<\/p>\n","protected":false},"excerpt":{"rendered":"<ul>\n<li>Fabriqu\u00e9 en bois de h\u00eatre brut (non laqu\u00e9, teint\u00e9 ou huil\u00e9)<\/li>\n<li>Variante de l&#8217;anneau en bois :<\/li>\n<li>Taille : 60x80mm<\/li>\n<li>Diam\u00e8tre du trou : 25 mm.<\/li>\n<\/ul>\n<p>Pour plus d&#8217;informations sur la fa\u00e7on de l&#8217;utiliser, lisez le bas de la page.<\/p>\n","protected":false},"featured_media":86987,"template":"","meta":[],"product_brand":[],"product_cat":[12293,12339,12292,12294,7378],"product_tag":[7384,10409,12653,7455,12655,12650,7197,7418,10414,7508,10402],"class_list":{"0":"post-130674","1":"product","2":"type-product","3":"status-publish","4":"has-post-thumbnail","6":"product_cat-anneaux-de-dentition-bebe-silicone-et-bois","7":"product_cat-anneaux-de-dentition-en-bois-bois-de-hetre","8":"product_cat-anneaux-en-bois","9":"product_cat-anneaux-en-bois-pour-le-macrame-et-le-crochet","10":"product_cat-fabrication-de-jouets-de-dentition-pour-bebe-cordon-de-sucette-et-anneaux-de-dentition","11":"product_tag-anneau-de-dentition","12":"product_tag-bois-fr","13":"product_tag-bois-de-hetre-fr","14":"product_tag-chaine-de-landau","15":"product_tag-cool-fr","16":"product_tag-couronne","17":"product_tag-en-bois","18":"product_tag-faux-cordon","19":"product_tag-hetre","20":"product_tag-morsure","21":"product_tag-pendentif","23":"first","24":"outofstock","25":"taxable","26":"shipping-taxable","27":"purchasable","28":"product-type-simple"},"bundled_by":[],"bundle_stock_status":"outofstock","bundle_stock_quantity":0,"bundle_virtual":false,"bundle_layout":"","bundle_add_to_cart_form_location":"","bundle_editable_in_cart":false,"bundle_sold_individually_context":"","bundle_item_grouping":"","bundle_min_size":"","bundle_max_size":"","bundle_price":[],"bundled_items":[],"bundle_sell_ids":[],"yoast_head":"<!-- This site is optimized with the Yoast SEO Premium plugin v27.6 (Yoast SEO v27.6) - https:\/\/yoast.com\/product\/yoast-seo-premium-wordpress\/ -->\n<title>Anneau de dentition en bois - Monstera Leaf- Jouets b\u00e9b\u00e9 en bois figurine de dentition au crochet<\/title>\n<meta name=\"description\" content=\"Figurine de dentition en bois Monstera Leaf pour les jouets de b\u00e9b\u00e9 faits \u00e0 la main. Un anneau de dentition, un hochet ou un porte-b\u00e9b\u00e9. Marquage CE s\u00e9curit\u00e9 b\u00e9b\u00e9\" \/>\n<meta name=\"robots\" content=\"index, follow, max-snippet:-1, max-image-preview:large, max-video-preview:-1\" \/>\n<link rel=\"canonical\" href=\"https:\/\/www.jootjeshaakcadeautjes.nl\/fr\/produit\/couronne-abeille-figure-hetre\/\" \/>\n<meta property=\"og:locale\" content=\"fr_FR\" \/>\n<meta property=\"og:type\" content=\"article\" \/>\n<meta property=\"og:title\" content=\"Anneau de dentition en bois - Figurine de dentition - Bois de h\u00eatre - Couronne\" \/>\n<meta property=\"og:description\" content=\"Figurine de dentition en bois Monstera Leaf pour les jouets de b\u00e9b\u00e9 faits \u00e0 la main. Un anneau de dentition, un hochet ou un porte-b\u00e9b\u00e9. Marquage CE s\u00e9curit\u00e9 b\u00e9b\u00e9\" \/>\n<meta property=\"og:url\" content=\"https:\/\/www.jootjeshaakcadeautjes.nl\/fr\/produit\/couronne-abeille-figure-hetre\/\" \/>\n<meta property=\"og:site_name\" content=\"Jootjes Haakcadeautjes\" \/>\n<meta property=\"article:modified_time\" content=\"2025-11-14T13:52:32+00:00\" \/>\n<meta property=\"og:image\" content=\"https:\/\/www.jootjeshaakcadeautjes.nl\/wp-content\/uploads\/2023\/02\/20230129_115328-1.jpg\" \/>\n\t<meta property=\"og:image:width\" content=\"2048\" \/>\n\t<meta property=\"og:image:height\" content=\"2048\" \/>\n\t<meta property=\"og:image:type\" content=\"image\/jpeg\" \/>\n<meta name=\"twitter:card\" content=\"summary_large_image\" \/>\n<meta name=\"twitter:label1\" content=\"Prix\" \/>\n\t<meta name=\"twitter:data1\" content=\"&euro;2.00 TTC\" \/>\n\t<meta name=\"twitter:label2\" content=\"Disponibilit\u00e9\" \/>\n\t<meta name=\"twitter:data2\" content=\"Rupture de stock\" \/>\n<script type=\"application\/ld+json\" class=\"yoast-schema-graph\">{\"@context\":\"https:\\\/\\\/schema.org\",\"@graph\":[{\"@type\":\"WebPage\",\"@id\":\"https:\\\/\\\/www.jootjeshaakcadeautjes.nl\\\/fr\\\/produit\\\/couronne-abeille-figure-hetre\\\/\",\"url\":\"https:\\\/\\\/www.jootjeshaakcadeautjes.nl\\\/fr\\\/produit\\\/couronne-abeille-figure-hetre\\\/\",\"name\":\"Anneau de dentition en bois - Monstera Leaf- Jouets b\u00e9b\u00e9 en bois figurine de dentition au crochet\",\"isPartOf\":{\"@id\":\"https:\\\/\\\/www.jootjeshaakcadeautjes.nl\\\/fr\\\/#website\"},\"primaryImageOfPage\":{\"@id\":\"https:\\\/\\\/www.jootjeshaakcadeautjes.nl\\\/fr\\\/produit\\\/couronne-abeille-figure-hetre\\\/#primaryimage\"},\"image\":{\"@id\":\"https:\\\/\\\/www.jootjeshaakcadeautjes.nl\\\/fr\\\/produit\\\/couronne-abeille-figure-hetre\\\/#primaryimage\"},\"thumbnailUrl\":\"https:\\\/\\\/d1dyryakdmle7o.cloudfront.net\\\/wp-content\\\/uploads\\\/2023\\\/02\\\/20230129_115328-1.jpg\",\"datePublished\":\"2023-11-05T12:38:52+00:00\",\"dateModified\":\"2025-11-14T13:52:32+00:00\",\"description\":\"Figurine de dentition en bois Monstera Leaf pour les jouets de b\u00e9b\u00e9 faits \u00e0 la main. Un anneau de dentition, un hochet ou un porte-b\u00e9b\u00e9. Marquage CE s\u00e9curit\u00e9 b\u00e9b\u00e9\",\"breadcrumb\":{\"@id\":\"https:\\\/\\\/www.jootjeshaakcadeautjes.nl\\\/fr\\\/produit\\\/couronne-abeille-figure-hetre\\\/#breadcrumb\"},\"inLanguage\":\"fr-FR\",\"potentialAction\":[{\"@type\":\"ReadAction\",\"target\":[\"https:\\\/\\\/www.jootjeshaakcadeautjes.nl\\\/fr\\\/produit\\\/couronne-abeille-figure-hetre\\\/\"]}]},{\"@type\":\"ImageObject\",\"inLanguage\":\"fr-FR\",\"@id\":\"https:\\\/\\\/www.jootjeshaakcadeautjes.nl\\\/fr\\\/produit\\\/couronne-abeille-figure-hetre\\\/#primaryimage\",\"url\":\"https:\\\/\\\/d1dyryakdmle7o.cloudfront.net\\\/wp-content\\\/uploads\\\/2023\\\/02\\\/20230129_115328-1.jpg\",\"contentUrl\":\"https:\\\/\\\/d1dyryakdmle7o.cloudfront.net\\\/wp-content\\\/uploads\\\/2023\\\/02\\\/20230129_115328-1.jpg\",\"width\":2048,\"height\":2048},{\"@type\":\"BreadcrumbList\",\"@id\":\"https:\\\/\\\/www.jootjeshaakcadeautjes.nl\\\/fr\\\/produit\\\/couronne-abeille-figure-hetre\\\/#breadcrumb\",\"itemListElement\":[{\"@type\":\"ListItem\",\"position\":1,\"name\":\"Accueil\",\"item\":\"https:\\\/\\\/www.jootjeshaakcadeautjes.nl\\\/fr\\\/\"},{\"@type\":\"ListItem\",\"position\":2,\"name\":\"Commerce de gros de perles en silicone &#8211; Entreprises et consommateurs\",\"item\":\"https:\\\/\\\/www.jootjeshaakcadeautjes.nl\\\/fr\\\/boutique\\\/\"},{\"@type\":\"ListItem\",\"position\":3,\"name\":\"Anneau de dentition en bois &#8211; Figurine de dentition &#8211; Bois de h\u00eatre &#8211; Couronne\"}]},{\"@type\":\"WebSite\",\"@id\":\"https:\\\/\\\/www.jootjeshaakcadeautjes.nl\\\/fr\\\/#website\",\"url\":\"https:\\\/\\\/www.jootjeshaakcadeautjes.nl\\\/fr\\\/\",\"name\":\"Jootjes Haakcadeautjes\",\"description\":\"Grossiste en perles de silicone\",\"publisher\":{\"@id\":\"https:\\\/\\\/www.jootjeshaakcadeautjes.nl\\\/fr\\\/#organization\"},\"potentialAction\":[{\"@type\":\"SearchAction\",\"target\":{\"@type\":\"EntryPoint\",\"urlTemplate\":\"https:\\\/\\\/www.jootjeshaakcadeautjes.nl\\\/fr\\\/?s={search_term_string}\"},\"query-input\":{\"@type\":\"PropertyValueSpecification\",\"valueRequired\":true,\"valueName\":\"search_term_string\"}}],\"inLanguage\":\"fr-FR\"},{\"@type\":\"Organization\",\"@id\":\"https:\\\/\\\/www.jootjeshaakcadeautjes.nl\\\/fr\\\/#organization\",\"name\":\"Jootjes Haakcadeautjes\",\"url\":\"https:\\\/\\\/www.jootjeshaakcadeautjes.nl\\\/fr\\\/\",\"logo\":{\"@type\":\"ImageObject\",\"inLanguage\":\"fr-FR\",\"@id\":\"https:\\\/\\\/www.jootjeshaakcadeautjes.nl\\\/fr\\\/#\\\/schema\\\/logo\\\/image\\\/\",\"url\":\"https:\\\/\\\/d1dyryakdmle7o.cloudfront.net\\\/wp-content\\\/uploads\\\/2023\\\/05\\\/Logo-rond.png\",\"contentUrl\":\"https:\\\/\\\/d1dyryakdmle7o.cloudfront.net\\\/wp-content\\\/uploads\\\/2023\\\/05\\\/Logo-rond.png\",\"width\":1222,\"height\":1222,\"caption\":\"Jootjes Haakcadeautjes\"},\"image\":{\"@id\":\"https:\\\/\\\/www.jootjeshaakcadeautjes.nl\\\/fr\\\/#\\\/schema\\\/logo\\\/image\\\/\"}}]}<\/script>\n<meta property=\"product:price:amount\" content=\"2.00\" \/>\n<meta property=\"product:price:currency\" content=\"EUR\" \/>\n<meta property=\"og:availability\" content=\"out of stock\" \/>\n<meta property=\"product:availability\" content=\"out of stock\" \/>\n<meta property=\"product:retailer_item_id\" content=\"HOU-BTF-KRO\" \/>\n<meta property=\"product:condition\" content=\"new\" \/>\n<!-- \/ Yoast SEO Premium plugin. -->","yoast_head_json":{"title":"Anneau de dentition en bois - Monstera Leaf- Jouets b\u00e9b\u00e9 en bois figurine de dentition au crochet","description":"Figurine de dentition en bois Monstera Leaf pour les jouets de b\u00e9b\u00e9 faits \u00e0 la main. Un anneau de dentition, un hochet ou un porte-b\u00e9b\u00e9. Marquage CE s\u00e9curit\u00e9 b\u00e9b\u00e9","robots":{"index":"index","follow":"follow","max-snippet":"max-snippet:-1","max-image-preview":"max-image-preview:large","max-video-preview":"max-video-preview:-1"},"canonical":"https:\/\/www.jootjeshaakcadeautjes.nl\/fr\/produit\/couronne-abeille-figure-hetre\/","og_locale":"fr_FR","og_type":"article","og_title":"Anneau de dentition en bois - Figurine de dentition - Bois de h\u00eatre - Couronne","og_description":"Figurine de dentition en bois Monstera Leaf pour les jouets de b\u00e9b\u00e9 faits \u00e0 la main. Un anneau de dentition, un hochet ou un porte-b\u00e9b\u00e9. Marquage CE s\u00e9curit\u00e9 b\u00e9b\u00e9","og_url":"https:\/\/www.jootjeshaakcadeautjes.nl\/fr\/produit\/couronne-abeille-figure-hetre\/","og_site_name":"Jootjes Haakcadeautjes","article_modified_time":"2025-11-14T13:52:32+00:00","og_image":[{"width":2048,"height":2048,"url":"https:\/\/www.jootjeshaakcadeautjes.nl\/wp-content\/uploads\/2023\/02\/20230129_115328-1.jpg","type":"image\/jpeg"}],"twitter_card":"summary_large_image","twitter_misc":{"Prix":"&euro;2.00 TTC","Disponibilit\u00e9":"Rupture de stock"},"schema":{"@context":"https:\/\/schema.org","@graph":[{"@type":"WebPage","@id":"https:\/\/www.jootjeshaakcadeautjes.nl\/fr\/produit\/couronne-abeille-figure-hetre\/","url":"https:\/\/www.jootjeshaakcadeautjes.nl\/fr\/produit\/couronne-abeille-figure-hetre\/","name":"Anneau de dentition en bois - Monstera Leaf- Jouets b\u00e9b\u00e9 en bois figurine de dentition au crochet","isPartOf":{"@id":"https:\/\/www.jootjeshaakcadeautjes.nl\/fr\/#website"},"primaryImageOfPage":{"@id":"https:\/\/www.jootjeshaakcadeautjes.nl\/fr\/produit\/couronne-abeille-figure-hetre\/#primaryimage"},"image":{"@id":"https:\/\/www.jootjeshaakcadeautjes.nl\/fr\/produit\/couronne-abeille-figure-hetre\/#primaryimage"},"thumbnailUrl":"https:\/\/d1dyryakdmle7o.cloudfront.net\/wp-content\/uploads\/2023\/02\/20230129_115328-1.jpg","datePublished":"2023-11-05T12:38:52+00:00","dateModified":"2025-11-14T13:52:32+00:00","description":"Figurine de dentition en bois Monstera Leaf pour les jouets de b\u00e9b\u00e9 faits \u00e0 la main. Un anneau de dentition, un hochet ou un porte-b\u00e9b\u00e9. Marquage CE s\u00e9curit\u00e9 b\u00e9b\u00e9","breadcrumb":{"@id":"https:\/\/www.jootjeshaakcadeautjes.nl\/fr\/produit\/couronne-abeille-figure-hetre\/#breadcrumb"},"inLanguage":"fr-FR","potentialAction":[{"@type":"ReadAction","target":["https:\/\/www.jootjeshaakcadeautjes.nl\/fr\/produit\/couronne-abeille-figure-hetre\/"]}]},{"@type":"ImageObject","inLanguage":"fr-FR","@id":"https:\/\/www.jootjeshaakcadeautjes.nl\/fr\/produit\/couronne-abeille-figure-hetre\/#primaryimage","url":"https:\/\/d1dyryakdmle7o.cloudfront.net\/wp-content\/uploads\/2023\/02\/20230129_115328-1.jpg","contentUrl":"https:\/\/d1dyryakdmle7o.cloudfront.net\/wp-content\/uploads\/2023\/02\/20230129_115328-1.jpg","width":2048,"height":2048},{"@type":"BreadcrumbList","@id":"https:\/\/www.jootjeshaakcadeautjes.nl\/fr\/produit\/couronne-abeille-figure-hetre\/#breadcrumb","itemListElement":[{"@type":"ListItem","position":1,"name":"Accueil","item":"https:\/\/www.jootjeshaakcadeautjes.nl\/fr\/"},{"@type":"ListItem","position":2,"name":"Commerce de gros de perles en silicone &#8211; Entreprises et consommateurs","item":"https:\/\/www.jootjeshaakcadeautjes.nl\/fr\/boutique\/"},{"@type":"ListItem","position":3,"name":"Anneau de dentition en bois &#8211; Figurine de dentition &#8211; Bois de h\u00eatre &#8211; Couronne"}]},{"@type":"WebSite","@id":"https:\/\/www.jootjeshaakcadeautjes.nl\/fr\/#website","url":"https:\/\/www.jootjeshaakcadeautjes.nl\/fr\/","name":"Jootjes Haakcadeautjes","description":"Grossiste en perles de silicone","publisher":{"@id":"https:\/\/www.jootjeshaakcadeautjes.nl\/fr\/#organization"},"potentialAction":[{"@type":"SearchAction","target":{"@type":"EntryPoint","urlTemplate":"https:\/\/www.jootjeshaakcadeautjes.nl\/fr\/?s={search_term_string}"},"query-input":{"@type":"PropertyValueSpecification","valueRequired":true,"valueName":"search_term_string"}}],"inLanguage":"fr-FR"},{"@type":"Organization","@id":"https:\/\/www.jootjeshaakcadeautjes.nl\/fr\/#organization","name":"Jootjes Haakcadeautjes","url":"https:\/\/www.jootjeshaakcadeautjes.nl\/fr\/","logo":{"@type":"ImageObject","inLanguage":"fr-FR","@id":"https:\/\/www.jootjeshaakcadeautjes.nl\/fr\/#\/schema\/logo\/image\/","url":"https:\/\/d1dyryakdmle7o.cloudfront.net\/wp-content\/uploads\/2023\/05\/Logo-rond.png","contentUrl":"https:\/\/d1dyryakdmle7o.cloudfront.net\/wp-content\/uploads\/2023\/05\/Logo-rond.png","width":1222,"height":1222,"caption":"Jootjes Haakcadeautjes"},"image":{"@id":"https:\/\/www.jootjeshaakcadeautjes.nl\/fr\/#\/schema\/logo\/image\/"}}]},"product_price_amount":"2.00","product_price_currency":"EUR","og_availability":"out of stock","product_availability":"out of stock","product_retailer_item_id":"HOU-BTF-KRO","product_condition":"new"},"_links":{"self":[{"href":"https:\/\/www.jootjeshaakcadeautjes.nl\/fr\/wp-json\/wp\/v2\/product\/130674","targetHints":{"allow":["GET"]}}],"collection":[{"href":"https:\/\/www.jootjeshaakcadeautjes.nl\/fr\/wp-json\/wp\/v2\/product"}],"about":[{"href":"https:\/\/www.jootjeshaakcadeautjes.nl\/fr\/wp-json\/wp\/v2\/types\/product"}],"version-history":[{"count":0,"href":"https:\/\/www.jootjeshaakcadeautjes.nl\/fr\/wp-json\/wp\/v2\/product\/130674\/revisions"}],"wp:featuredmedia":[{"embeddable":true,"href":"https:\/\/www.jootjeshaakcadeautjes.nl\/fr\/wp-json\/wp\/v2\/media\/86987"}],"wp:attachment":[{"href":"https:\/\/www.jootjeshaakcadeautjes.nl\/fr\/wp-json\/wp\/v2\/media?parent=130674"}],"wp:term":[{"taxonomy":"product_brand","embeddable":true,"href":"https:\/\/www.jootjeshaakcadeautjes.nl\/fr\/wp-json\/wp\/v2\/product_brand?post=130674"},{"taxonomy":"product_cat","embeddable":true,"href":"https:\/\/www.jootjeshaakcadeautjes.nl\/fr\/wp-json\/wp\/v2\/product_cat?post=130674"},{"taxonomy":"product_tag","embeddable":true,"href":"https:\/\/www.jootjeshaakcadeautjes.nl\/fr\/wp-json\/wp\/v2\/product_tag?post=130674"}],"curies":[{"name":"wp","href":"https:\/\/api.w.org\/{rel}","templated":true}]}}