{"id":130756,"date":"2023-11-05T13:21:40","date_gmt":"2023-11-05T11:21:40","guid":{"rendered":"https:\/\/www.jootjeshaakcadeautjes.nl\/product\/barrette-pendentif-stringable-argent\/"},"modified":"2026-04-21T21:45:06","modified_gmt":"2026-04-21T19:45:06","slug":"barrette-pendentif-stringable-argent","status":"publish","type":"product","link":"https:\/\/www.jootjeshaakcadeautjes.nl\/fr\/produit\/barrette-pendentif-stringable-argent\/","title":{"rendered":"Pendentif filet\u00e9 &#8211; Tige &#8211; Argent"},"content":{"rendered":"<h1>Pendentif filet\u00e9 &#8211; Tige &#8211; Argent<\/h1>\n<ul>\n<li>Pendentif filet\u00e9 en acier inoxydable de couleur argent.<\/li>\n<li>La tige est munie d&#8217;une boule des deux c\u00f4t\u00e9s, que l&#8217;on visse.<\/li>\n<li>Toutes les perles (\u00e0 l&#8217;exception des perles de lettres en acrylique) s&#8217;y adaptent.<\/li>\n<li>La distance entre les sph\u00e8res est d&#8217;environ 6 cm.<\/li>\n<li>Tr\u00e8s joli comme ornement de No\u00ebl\/d\u00e9coration dans l&#8217;arbre de No\u00ebl.<\/li>\n<\/ul>\n","protected":false},"excerpt":{"rendered":"<ul>\n<li>Pendentif filet\u00e9 en acier inoxydable de couleur argent<\/li>\n<li>La tige est munie d&#8217;une boule des deux c\u00f4t\u00e9s, que l&#8217;on visse.<\/li>\n<li>Toutes les perles (\u00e0 l&#8217;exception des perles de lettres en acrylique) s&#8217;y adaptent.<\/li>\n<li>La distance entre les sph\u00e8res est d&#8217;environ 6 cm.<\/li>\n<li>Tr\u00e8s joli comme d\u00e9coration de No\u00ebl\/ornement dans l&#8217;arbre de No\u00ebl<\/li>\n<\/ul>\n","protected":false},"featured_media":277888,"template":"","meta":[],"product_brand":[],"product_cat":[12308,7185,18101,12309,7195],"product_tag":[7233,12365,10189,12368,7206,7463,7197,7215,7402,7516,10402,7200,7619,7227,7212,12373,7217],"class_list":{"0":"post-130756","1":"product","2":"type-product","3":"status-publish","4":"has-post-thumbnail","6":"product_cat-materiel-de-bricolage-et-de-crochet","7":"product_cat-nouveaux-produits","8":"product_cat-perles-et-articles-de-bricolage-noel","9":"product_cat-porte-cles-filetes-porte-cles-diy","10":"product_cat-produits-basteable-tous-les-produits-basteable","11":"product_tag-acier-inoxydable","12":"product_tag-arbre-de-noel","13":"product_tag-argent-fr","14":"product_tag-boules","15":"product_tag-bricolage","16":"product_tag-commerce-de-gros","17":"product_tag-en-bois","18":"product_tag-faire","19":"product_tag-grave","20":"product_tag-noel","21":"product_tag-pendentif","22":"product_tag-perles","23":"product_tag-porte-cles","24":"product_tag-rangee","25":"product_tag-silicone-fr","26":"product_tag-tige","27":"product_tag-toi-meme","29":"first","30":"instock","31":"taxable","32":"shipping-taxable","33":"purchasable","34":"product-type-simple"},"bundled_by":["138954","147645","148228","148215","150767","150858","157402","183088","183122","183554","183628","235725","236021","263500","263509","263539","263563","263586"],"bundle_stock_status":"instock","bundle_stock_quantity":292,"bundle_virtual":false,"bundle_layout":"","bundle_add_to_cart_form_location":"","bundle_editable_in_cart":false,"bundle_sold_individually_context":"","bundle_item_grouping":"","bundle_min_size":"","bundle_max_size":"","bundle_price":[],"bundled_items":[],"bundle_sell_ids":[],"yoast_head":"<!-- This site is optimized with the Yoast SEO Premium plugin v27.4 (Yoast SEO v27.5) - https:\/\/yoast.com\/product\/yoast-seo-premium-wordpress\/ -->\n<title>Pendentif filet\u00e9 - Tige - Argent - Jootjes Haakcadeautjes<\/title>\n<meta name=\"description\" content=\"Pendentifs DIY enfilables en couleur argent. Enfilez des perles sur la barre, cadeau personnalis\u00e9. Tr\u00e8s joli comme ornement de No\u00ebl\/d\u00e9coration dans l&#039;arbre de No\u00ebl\" \/>\n<meta name=\"robots\" content=\"index, follow, max-snippet:-1, max-image-preview:large, max-video-preview:-1\" \/>\n<link rel=\"canonical\" href=\"https:\/\/www.jootjeshaakcadeautjes.nl\/fr\/produit\/barrette-pendentif-stringable-argent\/\" \/>\n<meta property=\"og:locale\" content=\"fr_FR\" \/>\n<meta property=\"og:type\" content=\"article\" \/>\n<meta property=\"og:title\" content=\"Pendentif filet\u00e9 - Tige - Argent\" \/>\n<meta property=\"og:description\" content=\"Pendentifs DIY enfilables en couleur argent. Enfilez des perles sur la barre, cadeau personnalis\u00e9. Tr\u00e8s joli comme ornement de No\u00ebl\/d\u00e9coration dans l&#039;arbre de No\u00ebl\" \/>\n<meta property=\"og:url\" content=\"https:\/\/www.jootjeshaakcadeautjes.nl\/fr\/produit\/barrette-pendentif-stringable-argent\/\" \/>\n<meta property=\"og:site_name\" content=\"Jootjes Haakcadeautjes\" \/>\n<meta property=\"article:modified_time\" content=\"2026-04-21T19:45:06+00:00\" \/>\n<meta property=\"og:image\" content=\"https:\/\/d1dyryakdmle7o.cloudfront.net\/wp-content\/uploads\/2023\/11\/6d645364-8e18-42c2-abe4-3f898a195189.webp\" \/>\n\t<meta property=\"og:image:width\" content=\"1024\" \/>\n\t<meta property=\"og:image:height\" content=\"1024\" \/>\n\t<meta property=\"og:image:type\" content=\"image\/webp\" \/>\n<meta name=\"twitter:card\" content=\"summary_large_image\" \/>\n<meta name=\"twitter:label1\" content=\"Prix\" \/>\n\t<meta name=\"twitter:data1\" content=\"&euro;0.75 TTC\" \/>\n\t<meta name=\"twitter:label2\" content=\"Disponibilit\u00e9\" \/>\n\t<meta name=\"twitter:data2\" content=\"En stock\" \/>\n<script type=\"application\/ld+json\" class=\"yoast-schema-graph\">{\"@context\":\"https:\\\/\\\/schema.org\",\"@graph\":[{\"@type\":\"WebPage\",\"@id\":\"https:\\\/\\\/www.jootjeshaakcadeautjes.nl\\\/fr\\\/produit\\\/barrette-pendentif-stringable-argent\\\/\",\"url\":\"https:\\\/\\\/www.jootjeshaakcadeautjes.nl\\\/fr\\\/produit\\\/barrette-pendentif-stringable-argent\\\/\",\"name\":\"Pendentif filet\u00e9 - Tige - Argent - Jootjes Haakcadeautjes\",\"isPartOf\":{\"@id\":\"https:\\\/\\\/www.jootjeshaakcadeautjes.nl\\\/fr\\\/#website\"},\"primaryImageOfPage\":{\"@id\":\"https:\\\/\\\/www.jootjeshaakcadeautjes.nl\\\/fr\\\/produit\\\/barrette-pendentif-stringable-argent\\\/#primaryimage\"},\"image\":{\"@id\":\"https:\\\/\\\/www.jootjeshaakcadeautjes.nl\\\/fr\\\/produit\\\/barrette-pendentif-stringable-argent\\\/#primaryimage\"},\"thumbnailUrl\":\"https:\\\/\\\/d1dyryakdmle7o.cloudfront.net\\\/wp-content\\\/uploads\\\/2023\\\/11\\\/6d645364-8e18-42c2-abe4-3f898a195189.webp\",\"datePublished\":\"2023-11-05T11:21:40+00:00\",\"dateModified\":\"2026-04-21T19:45:06+00:00\",\"description\":\"Pendentifs DIY enfilables en couleur argent. Enfilez des perles sur la barre, cadeau personnalis\u00e9. Tr\u00e8s joli comme ornement de No\u00ebl\\\/d\u00e9coration dans l'arbre de No\u00ebl\",\"breadcrumb\":{\"@id\":\"https:\\\/\\\/www.jootjeshaakcadeautjes.nl\\\/fr\\\/produit\\\/barrette-pendentif-stringable-argent\\\/#breadcrumb\"},\"inLanguage\":\"fr-FR\",\"potentialAction\":[{\"@type\":\"ReadAction\",\"target\":[\"https:\\\/\\\/www.jootjeshaakcadeautjes.nl\\\/fr\\\/produit\\\/barrette-pendentif-stringable-argent\\\/\"]}]},{\"@type\":\"ImageObject\",\"inLanguage\":\"fr-FR\",\"@id\":\"https:\\\/\\\/www.jootjeshaakcadeautjes.nl\\\/fr\\\/produit\\\/barrette-pendentif-stringable-argent\\\/#primaryimage\",\"url\":\"https:\\\/\\\/d1dyryakdmle7o.cloudfront.net\\\/wp-content\\\/uploads\\\/2023\\\/11\\\/6d645364-8e18-42c2-abe4-3f898a195189.webp\",\"contentUrl\":\"https:\\\/\\\/d1dyryakdmle7o.cloudfront.net\\\/wp-content\\\/uploads\\\/2023\\\/11\\\/6d645364-8e18-42c2-abe4-3f898a195189.webp\",\"width\":1024,\"height\":1024},{\"@type\":\"BreadcrumbList\",\"@id\":\"https:\\\/\\\/www.jootjeshaakcadeautjes.nl\\\/fr\\\/produit\\\/barrette-pendentif-stringable-argent\\\/#breadcrumb\",\"itemListElement\":[{\"@type\":\"ListItem\",\"position\":1,\"name\":\"Accueil\",\"item\":\"https:\\\/\\\/www.jootjeshaakcadeautjes.nl\\\/fr\\\/\"},{\"@type\":\"ListItem\",\"position\":2,\"name\":\"Commerce de gros de perles en silicone &#8211; Entreprises et consommateurs\",\"item\":\"https:\\\/\\\/www.jootjeshaakcadeautjes.nl\\\/fr\\\/boutique\\\/\"},{\"@type\":\"ListItem\",\"position\":3,\"name\":\"Pendentif filet\u00e9 &#8211; Tige &#8211; Argent\"}]},{\"@type\":\"WebSite\",\"@id\":\"https:\\\/\\\/www.jootjeshaakcadeautjes.nl\\\/fr\\\/#website\",\"url\":\"https:\\\/\\\/www.jootjeshaakcadeautjes.nl\\\/fr\\\/\",\"name\":\"Jootjes Haakcadeautjes\",\"description\":\"Grossiste en perles de silicone\",\"publisher\":{\"@id\":\"https:\\\/\\\/www.jootjeshaakcadeautjes.nl\\\/fr\\\/#organization\"},\"potentialAction\":[{\"@type\":\"SearchAction\",\"target\":{\"@type\":\"EntryPoint\",\"urlTemplate\":\"https:\\\/\\\/www.jootjeshaakcadeautjes.nl\\\/fr\\\/?s={search_term_string}\"},\"query-input\":{\"@type\":\"PropertyValueSpecification\",\"valueRequired\":true,\"valueName\":\"search_term_string\"}}],\"inLanguage\":\"fr-FR\"},{\"@type\":\"Organization\",\"@id\":\"https:\\\/\\\/www.jootjeshaakcadeautjes.nl\\\/fr\\\/#organization\",\"name\":\"Jootjes Haakcadeautjes\",\"url\":\"https:\\\/\\\/www.jootjeshaakcadeautjes.nl\\\/fr\\\/\",\"logo\":{\"@type\":\"ImageObject\",\"inLanguage\":\"fr-FR\",\"@id\":\"https:\\\/\\\/www.jootjeshaakcadeautjes.nl\\\/fr\\\/#\\\/schema\\\/logo\\\/image\\\/\",\"url\":\"https:\\\/\\\/jootjes-haakcadeautjes-media.s3.amazonaws.com\\\/wp-content\\\/uploads\\\/2023\\\/05\\\/Logo-rond.png\",\"contentUrl\":\"https:\\\/\\\/jootjes-haakcadeautjes-media.s3.amazonaws.com\\\/wp-content\\\/uploads\\\/2023\\\/05\\\/Logo-rond.png\",\"width\":1222,\"height\":1222,\"caption\":\"Jootjes Haakcadeautjes\"},\"image\":{\"@id\":\"https:\\\/\\\/www.jootjeshaakcadeautjes.nl\\\/fr\\\/#\\\/schema\\\/logo\\\/image\\\/\"}}]}<\/script>\n<meta property=\"product:price:amount\" content=\"0.75\" \/>\n<meta property=\"product:price:currency\" content=\"EUR\" \/>\n<meta property=\"og:availability\" content=\"instock\" \/>\n<meta property=\"product:availability\" content=\"instock\" \/>\n<meta property=\"product:retailer_item_id\" content=\"RIJG-HAN-ZIL\" \/>\n<meta property=\"product:condition\" content=\"new\" \/>\n<!-- \/ Yoast SEO Premium plugin. -->","yoast_head_json":{"title":"Pendentif filet\u00e9 - Tige - Argent - Jootjes Haakcadeautjes","description":"Pendentifs DIY enfilables en couleur argent. Enfilez des perles sur la barre, cadeau personnalis\u00e9. Tr\u00e8s joli comme ornement de No\u00ebl\/d\u00e9coration dans l'arbre de No\u00ebl","robots":{"index":"index","follow":"follow","max-snippet":"max-snippet:-1","max-image-preview":"max-image-preview:large","max-video-preview":"max-video-preview:-1"},"canonical":"https:\/\/www.jootjeshaakcadeautjes.nl\/fr\/produit\/barrette-pendentif-stringable-argent\/","og_locale":"fr_FR","og_type":"article","og_title":"Pendentif filet\u00e9 - Tige - Argent","og_description":"Pendentifs DIY enfilables en couleur argent. Enfilez des perles sur la barre, cadeau personnalis\u00e9. Tr\u00e8s joli comme ornement de No\u00ebl\/d\u00e9coration dans l'arbre de No\u00ebl","og_url":"https:\/\/www.jootjeshaakcadeautjes.nl\/fr\/produit\/barrette-pendentif-stringable-argent\/","og_site_name":"Jootjes Haakcadeautjes","article_modified_time":"2026-04-21T19:45:06+00:00","og_image":[{"width":1024,"height":1024,"url":"https:\/\/d1dyryakdmle7o.cloudfront.net\/wp-content\/uploads\/2023\/11\/6d645364-8e18-42c2-abe4-3f898a195189.webp","type":"image\/webp"}],"twitter_card":"summary_large_image","twitter_misc":{"Prix":"&euro;0.75 TTC","Disponibilit\u00e9":"En stock"},"schema":{"@context":"https:\/\/schema.org","@graph":[{"@type":"WebPage","@id":"https:\/\/www.jootjeshaakcadeautjes.nl\/fr\/produit\/barrette-pendentif-stringable-argent\/","url":"https:\/\/www.jootjeshaakcadeautjes.nl\/fr\/produit\/barrette-pendentif-stringable-argent\/","name":"Pendentif filet\u00e9 - Tige - Argent - Jootjes Haakcadeautjes","isPartOf":{"@id":"https:\/\/www.jootjeshaakcadeautjes.nl\/fr\/#website"},"primaryImageOfPage":{"@id":"https:\/\/www.jootjeshaakcadeautjes.nl\/fr\/produit\/barrette-pendentif-stringable-argent\/#primaryimage"},"image":{"@id":"https:\/\/www.jootjeshaakcadeautjes.nl\/fr\/produit\/barrette-pendentif-stringable-argent\/#primaryimage"},"thumbnailUrl":"https:\/\/d1dyryakdmle7o.cloudfront.net\/wp-content\/uploads\/2023\/11\/6d645364-8e18-42c2-abe4-3f898a195189.webp","datePublished":"2023-11-05T11:21:40+00:00","dateModified":"2026-04-21T19:45:06+00:00","description":"Pendentifs DIY enfilables en couleur argent. Enfilez des perles sur la barre, cadeau personnalis\u00e9. Tr\u00e8s joli comme ornement de No\u00ebl\/d\u00e9coration dans l'arbre de No\u00ebl","breadcrumb":{"@id":"https:\/\/www.jootjeshaakcadeautjes.nl\/fr\/produit\/barrette-pendentif-stringable-argent\/#breadcrumb"},"inLanguage":"fr-FR","potentialAction":[{"@type":"ReadAction","target":["https:\/\/www.jootjeshaakcadeautjes.nl\/fr\/produit\/barrette-pendentif-stringable-argent\/"]}]},{"@type":"ImageObject","inLanguage":"fr-FR","@id":"https:\/\/www.jootjeshaakcadeautjes.nl\/fr\/produit\/barrette-pendentif-stringable-argent\/#primaryimage","url":"https:\/\/d1dyryakdmle7o.cloudfront.net\/wp-content\/uploads\/2023\/11\/6d645364-8e18-42c2-abe4-3f898a195189.webp","contentUrl":"https:\/\/d1dyryakdmle7o.cloudfront.net\/wp-content\/uploads\/2023\/11\/6d645364-8e18-42c2-abe4-3f898a195189.webp","width":1024,"height":1024},{"@type":"BreadcrumbList","@id":"https:\/\/www.jootjeshaakcadeautjes.nl\/fr\/produit\/barrette-pendentif-stringable-argent\/#breadcrumb","itemListElement":[{"@type":"ListItem","position":1,"name":"Accueil","item":"https:\/\/www.jootjeshaakcadeautjes.nl\/fr\/"},{"@type":"ListItem","position":2,"name":"Commerce de gros de perles en silicone &#8211; Entreprises et consommateurs","item":"https:\/\/www.jootjeshaakcadeautjes.nl\/fr\/boutique\/"},{"@type":"ListItem","position":3,"name":"Pendentif filet\u00e9 &#8211; Tige &#8211; Argent"}]},{"@type":"WebSite","@id":"https:\/\/www.jootjeshaakcadeautjes.nl\/fr\/#website","url":"https:\/\/www.jootjeshaakcadeautjes.nl\/fr\/","name":"Jootjes Haakcadeautjes","description":"Grossiste en perles de silicone","publisher":{"@id":"https:\/\/www.jootjeshaakcadeautjes.nl\/fr\/#organization"},"potentialAction":[{"@type":"SearchAction","target":{"@type":"EntryPoint","urlTemplate":"https:\/\/www.jootjeshaakcadeautjes.nl\/fr\/?s={search_term_string}"},"query-input":{"@type":"PropertyValueSpecification","valueRequired":true,"valueName":"search_term_string"}}],"inLanguage":"fr-FR"},{"@type":"Organization","@id":"https:\/\/www.jootjeshaakcadeautjes.nl\/fr\/#organization","name":"Jootjes Haakcadeautjes","url":"https:\/\/www.jootjeshaakcadeautjes.nl\/fr\/","logo":{"@type":"ImageObject","inLanguage":"fr-FR","@id":"https:\/\/www.jootjeshaakcadeautjes.nl\/fr\/#\/schema\/logo\/image\/","url":"https:\/\/jootjes-haakcadeautjes-media.s3.amazonaws.com\/wp-content\/uploads\/2023\/05\/Logo-rond.png","contentUrl":"https:\/\/jootjes-haakcadeautjes-media.s3.amazonaws.com\/wp-content\/uploads\/2023\/05\/Logo-rond.png","width":1222,"height":1222,"caption":"Jootjes Haakcadeautjes"},"image":{"@id":"https:\/\/www.jootjeshaakcadeautjes.nl\/fr\/#\/schema\/logo\/image\/"}}]},"product_price_amount":"0.75","product_price_currency":"EUR","og_availability":"instock","product_availability":"instock","product_retailer_item_id":"RIJG-HAN-ZIL","product_condition":"new"},"_links":{"self":[{"href":"https:\/\/www.jootjeshaakcadeautjes.nl\/fr\/wp-json\/wp\/v2\/product\/130756","targetHints":{"allow":["GET"]}}],"collection":[{"href":"https:\/\/www.jootjeshaakcadeautjes.nl\/fr\/wp-json\/wp\/v2\/product"}],"about":[{"href":"https:\/\/www.jootjeshaakcadeautjes.nl\/fr\/wp-json\/wp\/v2\/types\/product"}],"version-history":[{"count":0,"href":"https:\/\/www.jootjeshaakcadeautjes.nl\/fr\/wp-json\/wp\/v2\/product\/130756\/revisions"}],"wp:featuredmedia":[{"embeddable":true,"href":"https:\/\/www.jootjeshaakcadeautjes.nl\/fr\/wp-json\/wp\/v2\/media\/277888"}],"wp:attachment":[{"href":"https:\/\/www.jootjeshaakcadeautjes.nl\/fr\/wp-json\/wp\/v2\/media?parent=130756"}],"wp:term":[{"taxonomy":"product_brand","embeddable":true,"href":"https:\/\/www.jootjeshaakcadeautjes.nl\/fr\/wp-json\/wp\/v2\/product_brand?post=130756"},{"taxonomy":"product_cat","embeddable":true,"href":"https:\/\/www.jootjeshaakcadeautjes.nl\/fr\/wp-json\/wp\/v2\/product_cat?post=130756"},{"taxonomy":"product_tag","embeddable":true,"href":"https:\/\/www.jootjeshaakcadeautjes.nl\/fr\/wp-json\/wp\/v2\/product_tag?post=130756"}],"curies":[{"name":"wp","href":"https:\/\/api.w.org\/{rel}","templated":true}]}}