{"id":130765,"date":"2023-11-05T10:38:20","date_gmt":"2023-11-05T09:38:20","guid":{"rendered":"https:\/\/www.jootjeshaakcadeautjes.nl\/product\/figurine-a-mordre-silicone-figurine-a-mordre-mouton-bois-ivoire\/"},"modified":"2025-11-28T15:57:48","modified_gmt":"2025-11-28T14:57:48","slug":"figurine-a-mordre-silicone-figurine-a-mordre-mouton-bois-ivoire","status":"publish","type":"product","link":"https:\/\/www.jootjeshaakcadeautjes.nl\/fr\/produit\/figurine-a-mordre-silicone-figurine-a-mordre-mouton-bois-ivoire\/","title":{"rendered":"Figurine de dentition &#8211; Silicone et bois &#8211; Mouton &#8211; Ivoire"},"content":{"rendered":"<h2>Figurine de dentition en silicone &#8211; Bois &#8211; Mouton &#8211; Ivoire<\/h2>\n<ul>\n<li>Couleur : Ivoire<\/li>\n<li>Mat\u00e9riau : bois de h\u00eatre et silicone test\u00e9s EN-71, enti\u00e8rement sans BPA<\/li>\n<li>Mod\u00e8le : Mouton<\/li>\n<\/ul>\n<p>Cette figurine de dentition s&#8217;accorde parfaitement avec nos perles en bois de h\u00eatre, nos anneaux et nos perles en silicone Ivoire.<\/p>\n","protected":false},"excerpt":{"rendered":"<ul>\n<li>Couleur : Ivoire<\/li>\n<li>Mat\u00e9riau : bois de h\u00eatre et silicone test\u00e9s EN-71, enti\u00e8rement sans BPA<\/li>\n<li>Mod\u00e8le : Mouton<\/li>\n<\/ul>\n<p>Cette figurine de dentition s&#8217;accorde parfaitement avec nos perles en bois de h\u00eatre, nos anneaux et nos perles en silicone Ivoire.<\/p>\n","protected":false},"featured_media":82679,"template":"","meta":[],"product_brand":[],"product_cat":[12389],"product_tag":[7401,10409,7424,12391,12395,9997,7440,10414,7508,12707,12400,7212,7408,10267],"class_list":{"0":"post-130765","1":"product","2":"type-product","3":"status-publish","4":"has-post-thumbnail","6":"product_cat-anneaux-de-dentition-et-marques-de-morsure-en-silicone-et-en-bois","7":"product_tag-bebe","8":"product_tag-bois-fr","9":"product_tag-bpa-fr","10":"product_tag-dents","11":"product_tag-en-passant-par","12":"product_tag-fr-71","13":"product_tag-gratuit","14":"product_tag-hetre","15":"product_tag-morsure","16":"product_tag-mouton","17":"product_tag-refroidissement","18":"product_tag-silicone-fr","19":"product_tag-sur","20":"product_tag-taupe-fr","22":"first","23":"instock","24":"taxable","25":"shipping-taxable","26":"purchasable","27":"product-type-simple"},"bundled_by":[],"bundle_stock_status":"instock","bundle_stock_quantity":39,"bundle_virtual":false,"bundle_layout":"","bundle_add_to_cart_form_location":"","bundle_editable_in_cart":false,"bundle_sold_individually_context":"","bundle_item_grouping":"","bundle_min_size":"","bundle_max_size":"","bundle_price":[],"bundled_items":[],"bundle_sell_ids":[],"yoast_head":"<!-- This site is optimized with the Yoast SEO Premium plugin v27.6 (Yoast SEO v27.6) - https:\/\/yoast.com\/product\/yoast-seo-premium-wordpress\/ -->\n<title>Figurine de dentition - Silicone et bois - Mouton - Ivoire<\/title>\n<meta name=\"description\" content=\"Jouet de dentition en forme de mouton en silicone et bois de h\u00eatre de haute qualit\u00e9 et s\u00fbr pour les b\u00e9b\u00e9s, de couleur ivoire. Sans BPA.\" \/>\n<meta name=\"robots\" content=\"index, follow, max-snippet:-1, max-image-preview:large, max-video-preview:-1\" \/>\n<link rel=\"canonical\" href=\"https:\/\/www.jootjeshaakcadeautjes.nl\/fr\/produit\/figurine-a-mordre-silicone-figurine-a-mordre-mouton-bois-ivoire\/\" \/>\n<meta property=\"og:locale\" content=\"fr_FR\" \/>\n<meta property=\"og:type\" content=\"article\" \/>\n<meta property=\"og:title\" content=\"Figurine de dentition - Silicone et bois - Mouton - Ivoire\" \/>\n<meta property=\"og:description\" content=\"Jouet de dentition en forme de mouton en silicone et bois de h\u00eatre de haute qualit\u00e9 et s\u00fbr pour les b\u00e9b\u00e9s, de couleur ivoire. Sans BPA.\" \/>\n<meta property=\"og:url\" content=\"https:\/\/www.jootjeshaakcadeautjes.nl\/fr\/produit\/figurine-a-mordre-silicone-figurine-a-mordre-mouton-bois-ivoire\/\" \/>\n<meta property=\"og:site_name\" content=\"Jootjes Haakcadeautjes\" \/>\n<meta property=\"article:modified_time\" content=\"2025-11-28T14:57:48+00:00\" \/>\n<meta property=\"og:image\" content=\"https:\/\/www.jootjeshaakcadeautjes.nl\/wp-content\/uploads\/2022\/10\/Siliconen-bijtring-bijtfiguur-schaap-ivory-groothandel-bijtfiguur-hout-wagenspanner-bpa-vrij.jpg\" \/>\n\t<meta property=\"og:image:width\" content=\"2048\" \/>\n\t<meta property=\"og:image:height\" content=\"2048\" \/>\n\t<meta property=\"og:image:type\" content=\"image\/jpeg\" \/>\n<meta name=\"twitter:card\" content=\"summary_large_image\" \/>\n<meta name=\"twitter:label1\" content=\"Prix\" \/>\n\t<meta name=\"twitter:data1\" content=\"&euro;3.75 TTC\" \/>\n\t<meta name=\"twitter:label2\" content=\"Disponibilit\u00e9\" \/>\n\t<meta name=\"twitter:data2\" content=\"En stock\" \/>\n<script type=\"application\/ld+json\" class=\"yoast-schema-graph\">{\"@context\":\"https:\\\/\\\/schema.org\",\"@graph\":[{\"@type\":\"WebPage\",\"@id\":\"https:\\\/\\\/www.jootjeshaakcadeautjes.nl\\\/fr\\\/produit\\\/figurine-a-mordre-silicone-figurine-a-mordre-mouton-bois-ivoire\\\/\",\"url\":\"https:\\\/\\\/www.jootjeshaakcadeautjes.nl\\\/fr\\\/produit\\\/figurine-a-mordre-silicone-figurine-a-mordre-mouton-bois-ivoire\\\/\",\"name\":\"Figurine de dentition - Silicone et bois - Mouton - Ivoire\",\"isPartOf\":{\"@id\":\"https:\\\/\\\/www.jootjeshaakcadeautjes.nl\\\/fr\\\/#website\"},\"primaryImageOfPage\":{\"@id\":\"https:\\\/\\\/www.jootjeshaakcadeautjes.nl\\\/fr\\\/produit\\\/figurine-a-mordre-silicone-figurine-a-mordre-mouton-bois-ivoire\\\/#primaryimage\"},\"image\":{\"@id\":\"https:\\\/\\\/www.jootjeshaakcadeautjes.nl\\\/fr\\\/produit\\\/figurine-a-mordre-silicone-figurine-a-mordre-mouton-bois-ivoire\\\/#primaryimage\"},\"thumbnailUrl\":\"https:\\\/\\\/d1dyryakdmle7o.cloudfront.net\\\/wp-content\\\/uploads\\\/2022\\\/10\\\/Siliconen-bijtring-bijtfiguur-schaap-ivory-groothandel-bijtfiguur-hout-wagenspanner-bpa-vrij.jpg\",\"datePublished\":\"2023-11-05T09:38:20+00:00\",\"dateModified\":\"2025-11-28T14:57:48+00:00\",\"description\":\"Jouet de dentition en forme de mouton en silicone et bois de h\u00eatre de haute qualit\u00e9 et s\u00fbr pour les b\u00e9b\u00e9s, de couleur ivoire. Sans BPA.\",\"breadcrumb\":{\"@id\":\"https:\\\/\\\/www.jootjeshaakcadeautjes.nl\\\/fr\\\/produit\\\/figurine-a-mordre-silicone-figurine-a-mordre-mouton-bois-ivoire\\\/#breadcrumb\"},\"inLanguage\":\"fr-FR\",\"potentialAction\":[{\"@type\":\"ReadAction\",\"target\":[\"https:\\\/\\\/www.jootjeshaakcadeautjes.nl\\\/fr\\\/produit\\\/figurine-a-mordre-silicone-figurine-a-mordre-mouton-bois-ivoire\\\/\"]}]},{\"@type\":\"ImageObject\",\"inLanguage\":\"fr-FR\",\"@id\":\"https:\\\/\\\/www.jootjeshaakcadeautjes.nl\\\/fr\\\/produit\\\/figurine-a-mordre-silicone-figurine-a-mordre-mouton-bois-ivoire\\\/#primaryimage\",\"url\":\"https:\\\/\\\/d1dyryakdmle7o.cloudfront.net\\\/wp-content\\\/uploads\\\/2022\\\/10\\\/Siliconen-bijtring-bijtfiguur-schaap-ivory-groothandel-bijtfiguur-hout-wagenspanner-bpa-vrij.jpg\",\"contentUrl\":\"https:\\\/\\\/d1dyryakdmle7o.cloudfront.net\\\/wp-content\\\/uploads\\\/2022\\\/10\\\/Siliconen-bijtring-bijtfiguur-schaap-ivory-groothandel-bijtfiguur-hout-wagenspanner-bpa-vrij.jpg\",\"width\":2048,\"height\":2048,\"caption\":\"Anneau de dentition en silicone figurine de dentition mouton ivoire grossiste figurine de dentition bois landau spoiler bpa free\"},{\"@type\":\"BreadcrumbList\",\"@id\":\"https:\\\/\\\/www.jootjeshaakcadeautjes.nl\\\/fr\\\/produit\\\/figurine-a-mordre-silicone-figurine-a-mordre-mouton-bois-ivoire\\\/#breadcrumb\",\"itemListElement\":[{\"@type\":\"ListItem\",\"position\":1,\"name\":\"Accueil\",\"item\":\"https:\\\/\\\/www.jootjeshaakcadeautjes.nl\\\/fr\\\/\"},{\"@type\":\"ListItem\",\"position\":2,\"name\":\"Commerce de gros de perles en silicone &#8211; Entreprises et consommateurs\",\"item\":\"https:\\\/\\\/www.jootjeshaakcadeautjes.nl\\\/fr\\\/boutique\\\/\"},{\"@type\":\"ListItem\",\"position\":3,\"name\":\"Figurine de dentition &#8211; Silicone et bois &#8211; Mouton &#8211; Ivoire\"}]},{\"@type\":\"WebSite\",\"@id\":\"https:\\\/\\\/www.jootjeshaakcadeautjes.nl\\\/fr\\\/#website\",\"url\":\"https:\\\/\\\/www.jootjeshaakcadeautjes.nl\\\/fr\\\/\",\"name\":\"Jootjes Haakcadeautjes\",\"description\":\"Grossiste en perles de silicone\",\"publisher\":{\"@id\":\"https:\\\/\\\/www.jootjeshaakcadeautjes.nl\\\/fr\\\/#organization\"},\"potentialAction\":[{\"@type\":\"SearchAction\",\"target\":{\"@type\":\"EntryPoint\",\"urlTemplate\":\"https:\\\/\\\/www.jootjeshaakcadeautjes.nl\\\/fr\\\/?s={search_term_string}\"},\"query-input\":{\"@type\":\"PropertyValueSpecification\",\"valueRequired\":true,\"valueName\":\"search_term_string\"}}],\"inLanguage\":\"fr-FR\"},{\"@type\":\"Organization\",\"@id\":\"https:\\\/\\\/www.jootjeshaakcadeautjes.nl\\\/fr\\\/#organization\",\"name\":\"Jootjes Haakcadeautjes\",\"url\":\"https:\\\/\\\/www.jootjeshaakcadeautjes.nl\\\/fr\\\/\",\"logo\":{\"@type\":\"ImageObject\",\"inLanguage\":\"fr-FR\",\"@id\":\"https:\\\/\\\/www.jootjeshaakcadeautjes.nl\\\/fr\\\/#\\\/schema\\\/logo\\\/image\\\/\",\"url\":\"https:\\\/\\\/d1dyryakdmle7o.cloudfront.net\\\/wp-content\\\/uploads\\\/2023\\\/05\\\/Logo-rond.png\",\"contentUrl\":\"https:\\\/\\\/d1dyryakdmle7o.cloudfront.net\\\/wp-content\\\/uploads\\\/2023\\\/05\\\/Logo-rond.png\",\"width\":1222,\"height\":1222,\"caption\":\"Jootjes Haakcadeautjes\"},\"image\":{\"@id\":\"https:\\\/\\\/www.jootjeshaakcadeautjes.nl\\\/fr\\\/#\\\/schema\\\/logo\\\/image\\\/\"}}]}<\/script>\n<meta property=\"product:price:amount\" content=\"3.75\" \/>\n<meta property=\"product:price:currency\" content=\"EUR\" \/>\n<meta property=\"og:availability\" content=\"instock\" \/>\n<meta property=\"product:availability\" content=\"instock\" \/>\n<meta property=\"product:retailer_item_id\" content=\"SIL-BFH-IVO\" \/>\n<meta property=\"product:condition\" content=\"new\" \/>\n<!-- \/ Yoast SEO Premium plugin. -->","yoast_head_json":{"title":"Figurine de dentition - Silicone et bois - Mouton - Ivoire","description":"Jouet de dentition en forme de mouton en silicone et bois de h\u00eatre de haute qualit\u00e9 et s\u00fbr pour les b\u00e9b\u00e9s, de couleur ivoire. Sans BPA.","robots":{"index":"index","follow":"follow","max-snippet":"max-snippet:-1","max-image-preview":"max-image-preview:large","max-video-preview":"max-video-preview:-1"},"canonical":"https:\/\/www.jootjeshaakcadeautjes.nl\/fr\/produit\/figurine-a-mordre-silicone-figurine-a-mordre-mouton-bois-ivoire\/","og_locale":"fr_FR","og_type":"article","og_title":"Figurine de dentition - Silicone et bois - Mouton - Ivoire","og_description":"Jouet de dentition en forme de mouton en silicone et bois de h\u00eatre de haute qualit\u00e9 et s\u00fbr pour les b\u00e9b\u00e9s, de couleur ivoire. Sans BPA.","og_url":"https:\/\/www.jootjeshaakcadeautjes.nl\/fr\/produit\/figurine-a-mordre-silicone-figurine-a-mordre-mouton-bois-ivoire\/","og_site_name":"Jootjes Haakcadeautjes","article_modified_time":"2025-11-28T14:57:48+00:00","og_image":[{"width":2048,"height":2048,"url":"https:\/\/www.jootjeshaakcadeautjes.nl\/wp-content\/uploads\/2022\/10\/Siliconen-bijtring-bijtfiguur-schaap-ivory-groothandel-bijtfiguur-hout-wagenspanner-bpa-vrij.jpg","type":"image\/jpeg"}],"twitter_card":"summary_large_image","twitter_misc":{"Prix":"&euro;3.75 TTC","Disponibilit\u00e9":"En stock"},"schema":{"@context":"https:\/\/schema.org","@graph":[{"@type":"WebPage","@id":"https:\/\/www.jootjeshaakcadeautjes.nl\/fr\/produit\/figurine-a-mordre-silicone-figurine-a-mordre-mouton-bois-ivoire\/","url":"https:\/\/www.jootjeshaakcadeautjes.nl\/fr\/produit\/figurine-a-mordre-silicone-figurine-a-mordre-mouton-bois-ivoire\/","name":"Figurine de dentition - Silicone et bois - Mouton - Ivoire","isPartOf":{"@id":"https:\/\/www.jootjeshaakcadeautjes.nl\/fr\/#website"},"primaryImageOfPage":{"@id":"https:\/\/www.jootjeshaakcadeautjes.nl\/fr\/produit\/figurine-a-mordre-silicone-figurine-a-mordre-mouton-bois-ivoire\/#primaryimage"},"image":{"@id":"https:\/\/www.jootjeshaakcadeautjes.nl\/fr\/produit\/figurine-a-mordre-silicone-figurine-a-mordre-mouton-bois-ivoire\/#primaryimage"},"thumbnailUrl":"https:\/\/d1dyryakdmle7o.cloudfront.net\/wp-content\/uploads\/2022\/10\/Siliconen-bijtring-bijtfiguur-schaap-ivory-groothandel-bijtfiguur-hout-wagenspanner-bpa-vrij.jpg","datePublished":"2023-11-05T09:38:20+00:00","dateModified":"2025-11-28T14:57:48+00:00","description":"Jouet de dentition en forme de mouton en silicone et bois de h\u00eatre de haute qualit\u00e9 et s\u00fbr pour les b\u00e9b\u00e9s, de couleur ivoire. Sans BPA.","breadcrumb":{"@id":"https:\/\/www.jootjeshaakcadeautjes.nl\/fr\/produit\/figurine-a-mordre-silicone-figurine-a-mordre-mouton-bois-ivoire\/#breadcrumb"},"inLanguage":"fr-FR","potentialAction":[{"@type":"ReadAction","target":["https:\/\/www.jootjeshaakcadeautjes.nl\/fr\/produit\/figurine-a-mordre-silicone-figurine-a-mordre-mouton-bois-ivoire\/"]}]},{"@type":"ImageObject","inLanguage":"fr-FR","@id":"https:\/\/www.jootjeshaakcadeautjes.nl\/fr\/produit\/figurine-a-mordre-silicone-figurine-a-mordre-mouton-bois-ivoire\/#primaryimage","url":"https:\/\/d1dyryakdmle7o.cloudfront.net\/wp-content\/uploads\/2022\/10\/Siliconen-bijtring-bijtfiguur-schaap-ivory-groothandel-bijtfiguur-hout-wagenspanner-bpa-vrij.jpg","contentUrl":"https:\/\/d1dyryakdmle7o.cloudfront.net\/wp-content\/uploads\/2022\/10\/Siliconen-bijtring-bijtfiguur-schaap-ivory-groothandel-bijtfiguur-hout-wagenspanner-bpa-vrij.jpg","width":2048,"height":2048,"caption":"Anneau de dentition en silicone figurine de dentition mouton ivoire grossiste figurine de dentition bois landau spoiler bpa free"},{"@type":"BreadcrumbList","@id":"https:\/\/www.jootjeshaakcadeautjes.nl\/fr\/produit\/figurine-a-mordre-silicone-figurine-a-mordre-mouton-bois-ivoire\/#breadcrumb","itemListElement":[{"@type":"ListItem","position":1,"name":"Accueil","item":"https:\/\/www.jootjeshaakcadeautjes.nl\/fr\/"},{"@type":"ListItem","position":2,"name":"Commerce de gros de perles en silicone &#8211; Entreprises et consommateurs","item":"https:\/\/www.jootjeshaakcadeautjes.nl\/fr\/boutique\/"},{"@type":"ListItem","position":3,"name":"Figurine de dentition &#8211; Silicone et bois &#8211; Mouton &#8211; Ivoire"}]},{"@type":"WebSite","@id":"https:\/\/www.jootjeshaakcadeautjes.nl\/fr\/#website","url":"https:\/\/www.jootjeshaakcadeautjes.nl\/fr\/","name":"Jootjes Haakcadeautjes","description":"Grossiste en perles de silicone","publisher":{"@id":"https:\/\/www.jootjeshaakcadeautjes.nl\/fr\/#organization"},"potentialAction":[{"@type":"SearchAction","target":{"@type":"EntryPoint","urlTemplate":"https:\/\/www.jootjeshaakcadeautjes.nl\/fr\/?s={search_term_string}"},"query-input":{"@type":"PropertyValueSpecification","valueRequired":true,"valueName":"search_term_string"}}],"inLanguage":"fr-FR"},{"@type":"Organization","@id":"https:\/\/www.jootjeshaakcadeautjes.nl\/fr\/#organization","name":"Jootjes Haakcadeautjes","url":"https:\/\/www.jootjeshaakcadeautjes.nl\/fr\/","logo":{"@type":"ImageObject","inLanguage":"fr-FR","@id":"https:\/\/www.jootjeshaakcadeautjes.nl\/fr\/#\/schema\/logo\/image\/","url":"https:\/\/d1dyryakdmle7o.cloudfront.net\/wp-content\/uploads\/2023\/05\/Logo-rond.png","contentUrl":"https:\/\/d1dyryakdmle7o.cloudfront.net\/wp-content\/uploads\/2023\/05\/Logo-rond.png","width":1222,"height":1222,"caption":"Jootjes Haakcadeautjes"},"image":{"@id":"https:\/\/www.jootjeshaakcadeautjes.nl\/fr\/#\/schema\/logo\/image\/"}}]},"product_price_amount":"3.75","product_price_currency":"EUR","og_availability":"instock","product_availability":"instock","product_retailer_item_id":"SIL-BFH-IVO","product_condition":"new"},"_links":{"self":[{"href":"https:\/\/www.jootjeshaakcadeautjes.nl\/fr\/wp-json\/wp\/v2\/product\/130765","targetHints":{"allow":["GET"]}}],"collection":[{"href":"https:\/\/www.jootjeshaakcadeautjes.nl\/fr\/wp-json\/wp\/v2\/product"}],"about":[{"href":"https:\/\/www.jootjeshaakcadeautjes.nl\/fr\/wp-json\/wp\/v2\/types\/product"}],"version-history":[{"count":0,"href":"https:\/\/www.jootjeshaakcadeautjes.nl\/fr\/wp-json\/wp\/v2\/product\/130765\/revisions"}],"wp:featuredmedia":[{"embeddable":true,"href":"https:\/\/www.jootjeshaakcadeautjes.nl\/fr\/wp-json\/wp\/v2\/media\/82679"}],"wp:attachment":[{"href":"https:\/\/www.jootjeshaakcadeautjes.nl\/fr\/wp-json\/wp\/v2\/media?parent=130765"}],"wp:term":[{"taxonomy":"product_brand","embeddable":true,"href":"https:\/\/www.jootjeshaakcadeautjes.nl\/fr\/wp-json\/wp\/v2\/product_brand?post=130765"},{"taxonomy":"product_cat","embeddable":true,"href":"https:\/\/www.jootjeshaakcadeautjes.nl\/fr\/wp-json\/wp\/v2\/product_cat?post=130765"},{"taxonomy":"product_tag","embeddable":true,"href":"https:\/\/www.jootjeshaakcadeautjes.nl\/fr\/wp-json\/wp\/v2\/product_tag?post=130765"}],"curies":[{"name":"wp","href":"https:\/\/api.w.org\/{rel}","templated":true}]}}