{"id":130877,"date":"2023-11-03T16:45:45","date_gmt":"2023-11-03T14:45:45","guid":{"rendered":"https:\/\/www.jootjeshaakcadeautjes.nl\/product\/perles-de-silicone-bol-perle-metallique-blanc-trou-filete-vertical\/"},"modified":"2026-01-23T10:49:24","modified_gmt":"2026-01-23T09:49:24","slug":"perles-de-silicone-bol-perle-metallique-blanc-trou-filete-vertical","status":"publish","type":"product","link":"https:\/\/www.jootjeshaakcadeautjes.nl\/fr\/produit\/perles-de-silicone-bol-perle-metallique-blanc-trou-filete-vertical\/","title":{"rendered":"Perles en silicone &#8211; Bow &#8211; Metallic Pearl White &#8211; Vertical Threaded Hole"},"content":{"rendered":"<h2>Perles en silicone &#8211; Noeud &#8211; <span class=\"TextRun Highlight SCXW71288928 BCX9\" lang=\"EN-US\" data-contrast=\"auto\"><br \/>\n  <span class=\"NormalTextRun SCXW71288928 BCX9\">Blanc nacr\u00e9 m\u00e9tallis\u00e9<\/span><br \/>\n<\/span><span class=\"TextRun Highlight SCXW220957046 BCX9\" lang=\"EN-US\" data-contrast=\"auto\"><br \/>\n  <span class=\"NormalTextRun SCXW220957046 BCX9\"> <\/span><br \/>\n<\/span><span class=\"TextRun Highlight SCXW35544629 BCX9\" lang=\"EN-US\" data-contrast=\"auto\"><br \/>\n  <span class=\"NormalTextRun SCXW35544629 BCX9\"> <\/span><br \/>\n<\/span>&#8211; Vertical<\/h2>\n<p>Code couleur :  <span class=\"NormalTextRun SCXW195015249 BCX9\">Lumi\u00e8re <\/span><span class=\"NormalTextRun SpellingErrorV2Themed SCXW195015249 BCX9\">Poudre<\/span><span class=\"NormalTextRun SCXW195015249 BCX9\"> Bleu <\/span> <\/p>\n<p>Type : Bow Taille : 16 x 26 mm Mat\u00e9riau : Silicone, sans BPA, sans phtalates, sans PVC, sans cadmium Certifi\u00e9 : CE et EN-71<\/p>\n<p>&nbsp;<\/p>\n<p>&nbsp;<\/p>\n","protected":false},"excerpt":{"rendered":"<p>Code couleur : <span class=\"TextRun Highlight SCXW71288928 BCX9\" lang=\"EN-US\" data-contrast=\"auto\"><span class=\"NormalTextRun SCXW71288928 BCX9\">Blanc nacr\u00e9 m\u00e9tallis\u00e9<\/span><\/span><\/p>\n<p>Type : Bow Taille : 16 x 26 mm Mat\u00e9riau : Silicone, sans BPA, sans phtalates, sans PVC, sans cadmium Certifi\u00e9 : CE et EN-71<\/p>\n","protected":false},"featured_media":83123,"template":"","meta":[],"product_brand":[],"product_cat":[7378,10437,6992],"product_tag":[7384,10279,7533,10134,7424,10294,7455,7463,7418,10443,9997,7440,10178,7638,7395,7200,10002,9993,7212,10446,10439],"class_list":{"0":"post-130877","1":"product","2":"type-product","3":"status-publish","4":"has-post-thumbnail","6":"product_cat-fabrication-de-jouets-de-dentition-pour-bebe-cordon-de-sucette-et-anneaux-de-dentition","7":"product_cat-perles-en-silicone-arc-vertical","8":"product_cat-perles-en-silicone-sans-bpa-grossiste","9":"product_tag-anneau-de-dentition","10":"product_tag-arc","11":"product_tag-blanc","12":"product_tag-blanc-nacre-metallise","13":"product_tag-bpa-fr","14":"product_tag-certifie","15":"product_tag-chaine-de-landau","16":"product_tag-commerce-de-gros","17":"product_tag-faux-cordon","18":"product_tag-fil","19":"product_tag-fr-71","20":"product_tag-gratuit","21":"product_tag-metallique","22":"product_tag-perle-fr","23":"product_tag-perle","24":"product_tag-perles","25":"product_tag-phtalate","26":"product_tag-pvc-fr","27":"product_tag-silicone-fr","28":"product_tag-trou","29":"product_tag-vertical-fr","31":"first","32":"instock","33":"taxable","34":"shipping-taxable","35":"purchasable","36":"product-type-simple"},"bundled_by":["260417"],"bundle_stock_status":"instock","bundle_stock_quantity":68,"bundle_virtual":false,"bundle_layout":"","bundle_add_to_cart_form_location":"","bundle_editable_in_cart":false,"bundle_sold_individually_context":"","bundle_item_grouping":"","bundle_min_size":"","bundle_max_size":"","bundle_price":[],"bundled_items":[],"bundle_sell_ids":[],"yoast_head":"<!-- This site is optimized with the Yoast SEO Premium plugin v27.6 (Yoast SEO v27.6) - https:\/\/yoast.com\/product\/yoast-seo-premium-wordpress\/ -->\n<title>Perles en silicone - Bow - Metallic Pearl White - Vertical Threaded Hole %sep%% Vente en gros de perles pour b\u00e9b\u00e9s<\/title>\n<meta name=\"description\" content=\"Perle de silicone noire. Directement de notre grossiste, sans BPA, certifi\u00e9 CE. Pour le cordon de la t\u00e9tine ou l&#039;accroche du landau, entre autres.\" \/>\n<meta name=\"robots\" content=\"index, follow, max-snippet:-1, max-image-preview:large, max-video-preview:-1\" \/>\n<link rel=\"canonical\" href=\"https:\/\/www.jootjeshaakcadeautjes.nl\/fr\/produit\/perles-de-silicone-bol-perle-metallique-blanc-trou-filete-vertical\/\" \/>\n<meta property=\"og:locale\" content=\"fr_FR\" \/>\n<meta property=\"og:type\" content=\"article\" \/>\n<meta property=\"og:title\" content=\"Perles en silicone - Bow - Metallic Pearl White - Vertical Threaded Hole\" \/>\n<meta property=\"og:description\" content=\"Perle de silicone noire. Directement de notre grossiste, sans BPA, certifi\u00e9 CE. Pour le cordon de la t\u00e9tine ou l&#039;accroche du landau, entre autres.\" \/>\n<meta property=\"og:url\" content=\"https:\/\/www.jootjeshaakcadeautjes.nl\/fr\/produit\/perles-de-silicone-bol-perle-metallique-blanc-trou-filete-vertical\/\" \/>\n<meta property=\"og:site_name\" content=\"Jootjes Haakcadeautjes\" \/>\n<meta property=\"article:modified_time\" content=\"2026-01-23T09:49:24+00:00\" \/>\n<meta property=\"og:image\" content=\"https:\/\/www.jootjeshaakcadeautjes.nl\/wp-content\/uploads\/2022\/10\/Siliconen-kralen-bpa-vrij-Metallic-Parel-wit-strik-groothandel-speenkoord-bijtring.jpg\" \/>\n\t<meta property=\"og:image:width\" content=\"2048\" \/>\n\t<meta property=\"og:image:height\" content=\"2048\" \/>\n\t<meta property=\"og:image:type\" content=\"image\/jpeg\" \/>\n<meta name=\"twitter:card\" content=\"summary_large_image\" \/>\n<meta name=\"twitter:label1\" content=\"Prix\" \/>\n\t<meta name=\"twitter:data1\" content=\"&euro;0.85 TTC\" \/>\n\t<meta name=\"twitter:label2\" content=\"Disponibilit\u00e9\" \/>\n\t<meta name=\"twitter:data2\" content=\"En stock\" \/>\n<script type=\"application\/ld+json\" class=\"yoast-schema-graph\">{\"@context\":\"https:\\\/\\\/schema.org\",\"@graph\":[{\"@type\":\"WebPage\",\"@id\":\"https:\\\/\\\/www.jootjeshaakcadeautjes.nl\\\/fr\\\/produit\\\/perles-de-silicone-bol-perle-metallique-blanc-trou-filete-vertical\\\/\",\"url\":\"https:\\\/\\\/www.jootjeshaakcadeautjes.nl\\\/fr\\\/produit\\\/perles-de-silicone-bol-perle-metallique-blanc-trou-filete-vertical\\\/\",\"name\":\"Perles en silicone - Bow - Metallic Pearl White - Vertical Threaded Hole %sep%% Vente en gros de perles pour b\u00e9b\u00e9s\",\"isPartOf\":{\"@id\":\"https:\\\/\\\/www.jootjeshaakcadeautjes.nl\\\/fr\\\/#website\"},\"primaryImageOfPage\":{\"@id\":\"https:\\\/\\\/www.jootjeshaakcadeautjes.nl\\\/fr\\\/produit\\\/perles-de-silicone-bol-perle-metallique-blanc-trou-filete-vertical\\\/#primaryimage\"},\"image\":{\"@id\":\"https:\\\/\\\/www.jootjeshaakcadeautjes.nl\\\/fr\\\/produit\\\/perles-de-silicone-bol-perle-metallique-blanc-trou-filete-vertical\\\/#primaryimage\"},\"thumbnailUrl\":\"https:\\\/\\\/d1dyryakdmle7o.cloudfront.net\\\/wp-content\\\/uploads\\\/2022\\\/10\\\/Siliconen-kralen-bpa-vrij-Metallic-Parel-wit-strik-groothandel-speenkoord-bijtring.jpg\",\"datePublished\":\"2023-11-03T14:45:45+00:00\",\"dateModified\":\"2026-01-23T09:49:24+00:00\",\"description\":\"Perle de silicone noire. Directement de notre grossiste, sans BPA, certifi\u00e9 CE. Pour le cordon de la t\u00e9tine ou l'accroche du landau, entre autres.\",\"breadcrumb\":{\"@id\":\"https:\\\/\\\/www.jootjeshaakcadeautjes.nl\\\/fr\\\/produit\\\/perles-de-silicone-bol-perle-metallique-blanc-trou-filete-vertical\\\/#breadcrumb\"},\"inLanguage\":\"fr-FR\",\"potentialAction\":[{\"@type\":\"ReadAction\",\"target\":[\"https:\\\/\\\/www.jootjeshaakcadeautjes.nl\\\/fr\\\/produit\\\/perles-de-silicone-bol-perle-metallique-blanc-trou-filete-vertical\\\/\"]}]},{\"@type\":\"ImageObject\",\"inLanguage\":\"fr-FR\",\"@id\":\"https:\\\/\\\/www.jootjeshaakcadeautjes.nl\\\/fr\\\/produit\\\/perles-de-silicone-bol-perle-metallique-blanc-trou-filete-vertical\\\/#primaryimage\",\"url\":\"https:\\\/\\\/d1dyryakdmle7o.cloudfront.net\\\/wp-content\\\/uploads\\\/2022\\\/10\\\/Siliconen-kralen-bpa-vrij-Metallic-Parel-wit-strik-groothandel-speenkoord-bijtring.jpg\",\"contentUrl\":\"https:\\\/\\\/d1dyryakdmle7o.cloudfront.net\\\/wp-content\\\/uploads\\\/2022\\\/10\\\/Siliconen-kralen-bpa-vrij-Metallic-Parel-wit-strik-groothandel-speenkoord-bijtring.jpg\",\"width\":2048,\"height\":2048,\"caption\":\"Perles en silicone bpa free Metallic Pearl white bow wholesale dummy cord anneau de dentition\"},{\"@type\":\"BreadcrumbList\",\"@id\":\"https:\\\/\\\/www.jootjeshaakcadeautjes.nl\\\/fr\\\/produit\\\/perles-de-silicone-bol-perle-metallique-blanc-trou-filete-vertical\\\/#breadcrumb\",\"itemListElement\":[{\"@type\":\"ListItem\",\"position\":1,\"name\":\"Accueil\",\"item\":\"https:\\\/\\\/www.jootjeshaakcadeautjes.nl\\\/fr\\\/\"},{\"@type\":\"ListItem\",\"position\":2,\"name\":\"Commerce de gros de perles en silicone &#8211; Entreprises et consommateurs\",\"item\":\"https:\\\/\\\/www.jootjeshaakcadeautjes.nl\\\/fr\\\/boutique\\\/\"},{\"@type\":\"ListItem\",\"position\":3,\"name\":\"Perles en silicone &#8211; Bow &#8211; Metallic Pearl White &#8211; Vertical Threaded Hole\"}]},{\"@type\":\"WebSite\",\"@id\":\"https:\\\/\\\/www.jootjeshaakcadeautjes.nl\\\/fr\\\/#website\",\"url\":\"https:\\\/\\\/www.jootjeshaakcadeautjes.nl\\\/fr\\\/\",\"name\":\"Jootjes Haakcadeautjes\",\"description\":\"Grossiste en perles de silicone\",\"publisher\":{\"@id\":\"https:\\\/\\\/www.jootjeshaakcadeautjes.nl\\\/fr\\\/#organization\"},\"potentialAction\":[{\"@type\":\"SearchAction\",\"target\":{\"@type\":\"EntryPoint\",\"urlTemplate\":\"https:\\\/\\\/www.jootjeshaakcadeautjes.nl\\\/fr\\\/?s={search_term_string}\"},\"query-input\":{\"@type\":\"PropertyValueSpecification\",\"valueRequired\":true,\"valueName\":\"search_term_string\"}}],\"inLanguage\":\"fr-FR\"},{\"@type\":\"Organization\",\"@id\":\"https:\\\/\\\/www.jootjeshaakcadeautjes.nl\\\/fr\\\/#organization\",\"name\":\"Jootjes Haakcadeautjes\",\"url\":\"https:\\\/\\\/www.jootjeshaakcadeautjes.nl\\\/fr\\\/\",\"logo\":{\"@type\":\"ImageObject\",\"inLanguage\":\"fr-FR\",\"@id\":\"https:\\\/\\\/www.jootjeshaakcadeautjes.nl\\\/fr\\\/#\\\/schema\\\/logo\\\/image\\\/\",\"url\":\"https:\\\/\\\/d1dyryakdmle7o.cloudfront.net\\\/wp-content\\\/uploads\\\/2023\\\/05\\\/Logo-rond.png\",\"contentUrl\":\"https:\\\/\\\/d1dyryakdmle7o.cloudfront.net\\\/wp-content\\\/uploads\\\/2023\\\/05\\\/Logo-rond.png\",\"width\":1222,\"height\":1222,\"caption\":\"Jootjes Haakcadeautjes\"},\"image\":{\"@id\":\"https:\\\/\\\/www.jootjeshaakcadeautjes.nl\\\/fr\\\/#\\\/schema\\\/logo\\\/image\\\/\"}}]}<\/script>\n<meta property=\"product:price:amount\" content=\"0.85\" \/>\n<meta property=\"product:price:currency\" content=\"EUR\" \/>\n<meta property=\"og:availability\" content=\"instock\" \/>\n<meta property=\"product:availability\" content=\"instock\" \/>\n<meta property=\"product:retailer_item_id\" content=\"SKR-STRIK-VMPW\" \/>\n<meta property=\"product:condition\" content=\"new\" \/>\n<!-- \/ Yoast SEO Premium plugin. -->","yoast_head_json":{"title":"Perles en silicone - Bow - Metallic Pearl White - Vertical Threaded Hole %sep%% Vente en gros de perles pour b\u00e9b\u00e9s","description":"Perle de silicone noire. Directement de notre grossiste, sans BPA, certifi\u00e9 CE. Pour le cordon de la t\u00e9tine ou l'accroche du landau, entre autres.","robots":{"index":"index","follow":"follow","max-snippet":"max-snippet:-1","max-image-preview":"max-image-preview:large","max-video-preview":"max-video-preview:-1"},"canonical":"https:\/\/www.jootjeshaakcadeautjes.nl\/fr\/produit\/perles-de-silicone-bol-perle-metallique-blanc-trou-filete-vertical\/","og_locale":"fr_FR","og_type":"article","og_title":"Perles en silicone - Bow - Metallic Pearl White - Vertical Threaded Hole","og_description":"Perle de silicone noire. Directement de notre grossiste, sans BPA, certifi\u00e9 CE. Pour le cordon de la t\u00e9tine ou l'accroche du landau, entre autres.","og_url":"https:\/\/www.jootjeshaakcadeautjes.nl\/fr\/produit\/perles-de-silicone-bol-perle-metallique-blanc-trou-filete-vertical\/","og_site_name":"Jootjes Haakcadeautjes","article_modified_time":"2026-01-23T09:49:24+00:00","og_image":[{"width":2048,"height":2048,"url":"https:\/\/www.jootjeshaakcadeautjes.nl\/wp-content\/uploads\/2022\/10\/Siliconen-kralen-bpa-vrij-Metallic-Parel-wit-strik-groothandel-speenkoord-bijtring.jpg","type":"image\/jpeg"}],"twitter_card":"summary_large_image","twitter_misc":{"Prix":"&euro;0.85 TTC","Disponibilit\u00e9":"En stock"},"schema":{"@context":"https:\/\/schema.org","@graph":[{"@type":"WebPage","@id":"https:\/\/www.jootjeshaakcadeautjes.nl\/fr\/produit\/perles-de-silicone-bol-perle-metallique-blanc-trou-filete-vertical\/","url":"https:\/\/www.jootjeshaakcadeautjes.nl\/fr\/produit\/perles-de-silicone-bol-perle-metallique-blanc-trou-filete-vertical\/","name":"Perles en silicone - Bow - Metallic Pearl White - Vertical Threaded Hole %sep%% Vente en gros de perles pour b\u00e9b\u00e9s","isPartOf":{"@id":"https:\/\/www.jootjeshaakcadeautjes.nl\/fr\/#website"},"primaryImageOfPage":{"@id":"https:\/\/www.jootjeshaakcadeautjes.nl\/fr\/produit\/perles-de-silicone-bol-perle-metallique-blanc-trou-filete-vertical\/#primaryimage"},"image":{"@id":"https:\/\/www.jootjeshaakcadeautjes.nl\/fr\/produit\/perles-de-silicone-bol-perle-metallique-blanc-trou-filete-vertical\/#primaryimage"},"thumbnailUrl":"https:\/\/d1dyryakdmle7o.cloudfront.net\/wp-content\/uploads\/2022\/10\/Siliconen-kralen-bpa-vrij-Metallic-Parel-wit-strik-groothandel-speenkoord-bijtring.jpg","datePublished":"2023-11-03T14:45:45+00:00","dateModified":"2026-01-23T09:49:24+00:00","description":"Perle de silicone noire. Directement de notre grossiste, sans BPA, certifi\u00e9 CE. Pour le cordon de la t\u00e9tine ou l'accroche du landau, entre autres.","breadcrumb":{"@id":"https:\/\/www.jootjeshaakcadeautjes.nl\/fr\/produit\/perles-de-silicone-bol-perle-metallique-blanc-trou-filete-vertical\/#breadcrumb"},"inLanguage":"fr-FR","potentialAction":[{"@type":"ReadAction","target":["https:\/\/www.jootjeshaakcadeautjes.nl\/fr\/produit\/perles-de-silicone-bol-perle-metallique-blanc-trou-filete-vertical\/"]}]},{"@type":"ImageObject","inLanguage":"fr-FR","@id":"https:\/\/www.jootjeshaakcadeautjes.nl\/fr\/produit\/perles-de-silicone-bol-perle-metallique-blanc-trou-filete-vertical\/#primaryimage","url":"https:\/\/d1dyryakdmle7o.cloudfront.net\/wp-content\/uploads\/2022\/10\/Siliconen-kralen-bpa-vrij-Metallic-Parel-wit-strik-groothandel-speenkoord-bijtring.jpg","contentUrl":"https:\/\/d1dyryakdmle7o.cloudfront.net\/wp-content\/uploads\/2022\/10\/Siliconen-kralen-bpa-vrij-Metallic-Parel-wit-strik-groothandel-speenkoord-bijtring.jpg","width":2048,"height":2048,"caption":"Perles en silicone bpa free Metallic Pearl white bow wholesale dummy cord anneau de dentition"},{"@type":"BreadcrumbList","@id":"https:\/\/www.jootjeshaakcadeautjes.nl\/fr\/produit\/perles-de-silicone-bol-perle-metallique-blanc-trou-filete-vertical\/#breadcrumb","itemListElement":[{"@type":"ListItem","position":1,"name":"Accueil","item":"https:\/\/www.jootjeshaakcadeautjes.nl\/fr\/"},{"@type":"ListItem","position":2,"name":"Commerce de gros de perles en silicone &#8211; Entreprises et consommateurs","item":"https:\/\/www.jootjeshaakcadeautjes.nl\/fr\/boutique\/"},{"@type":"ListItem","position":3,"name":"Perles en silicone &#8211; Bow &#8211; Metallic Pearl White &#8211; Vertical Threaded Hole"}]},{"@type":"WebSite","@id":"https:\/\/www.jootjeshaakcadeautjes.nl\/fr\/#website","url":"https:\/\/www.jootjeshaakcadeautjes.nl\/fr\/","name":"Jootjes Haakcadeautjes","description":"Grossiste en perles de silicone","publisher":{"@id":"https:\/\/www.jootjeshaakcadeautjes.nl\/fr\/#organization"},"potentialAction":[{"@type":"SearchAction","target":{"@type":"EntryPoint","urlTemplate":"https:\/\/www.jootjeshaakcadeautjes.nl\/fr\/?s={search_term_string}"},"query-input":{"@type":"PropertyValueSpecification","valueRequired":true,"valueName":"search_term_string"}}],"inLanguage":"fr-FR"},{"@type":"Organization","@id":"https:\/\/www.jootjeshaakcadeautjes.nl\/fr\/#organization","name":"Jootjes Haakcadeautjes","url":"https:\/\/www.jootjeshaakcadeautjes.nl\/fr\/","logo":{"@type":"ImageObject","inLanguage":"fr-FR","@id":"https:\/\/www.jootjeshaakcadeautjes.nl\/fr\/#\/schema\/logo\/image\/","url":"https:\/\/d1dyryakdmle7o.cloudfront.net\/wp-content\/uploads\/2023\/05\/Logo-rond.png","contentUrl":"https:\/\/d1dyryakdmle7o.cloudfront.net\/wp-content\/uploads\/2023\/05\/Logo-rond.png","width":1222,"height":1222,"caption":"Jootjes Haakcadeautjes"},"image":{"@id":"https:\/\/www.jootjeshaakcadeautjes.nl\/fr\/#\/schema\/logo\/image\/"}}]},"product_price_amount":"0.85","product_price_currency":"EUR","og_availability":"instock","product_availability":"instock","product_retailer_item_id":"SKR-STRIK-VMPW","product_condition":"new"},"_links":{"self":[{"href":"https:\/\/www.jootjeshaakcadeautjes.nl\/fr\/wp-json\/wp\/v2\/product\/130877","targetHints":{"allow":["GET"]}}],"collection":[{"href":"https:\/\/www.jootjeshaakcadeautjes.nl\/fr\/wp-json\/wp\/v2\/product"}],"about":[{"href":"https:\/\/www.jootjeshaakcadeautjes.nl\/fr\/wp-json\/wp\/v2\/types\/product"}],"version-history":[{"count":0,"href":"https:\/\/www.jootjeshaakcadeautjes.nl\/fr\/wp-json\/wp\/v2\/product\/130877\/revisions"}],"wp:featuredmedia":[{"embeddable":true,"href":"https:\/\/www.jootjeshaakcadeautjes.nl\/fr\/wp-json\/wp\/v2\/media\/83123"}],"wp:attachment":[{"href":"https:\/\/www.jootjeshaakcadeautjes.nl\/fr\/wp-json\/wp\/v2\/media?parent=130877"}],"wp:term":[{"taxonomy":"product_brand","embeddable":true,"href":"https:\/\/www.jootjeshaakcadeautjes.nl\/fr\/wp-json\/wp\/v2\/product_brand?post=130877"},{"taxonomy":"product_cat","embeddable":true,"href":"https:\/\/www.jootjeshaakcadeautjes.nl\/fr\/wp-json\/wp\/v2\/product_cat?post=130877"},{"taxonomy":"product_tag","embeddable":true,"href":"https:\/\/www.jootjeshaakcadeautjes.nl\/fr\/wp-json\/wp\/v2\/product_tag?post=130877"}],"curies":[{"name":"wp","href":"https:\/\/api.w.org\/{rel}","templated":true}]}}