{"id":130951,"date":"2023-11-02T22:17:02","date_gmt":"2023-11-02T21:17:02","guid":{"rendered":"https:\/\/www.jootjeshaakcadeautjes.nl\/product\/perles-de-silicone-20-mm-visage-marionnette-chanceuse-oma-fille-femme-astilbe-gris-marbreux\/"},"modified":"2026-04-02T23:18:48","modified_gmt":"2026-04-02T21:18:48","slug":"perles-de-silicone-20-mm-visage-marionnette-chanceuse-oma-fille-femme-astilbe-gris-marbreux","status":"publish","type":"product","link":"https:\/\/www.jootjeshaakcadeautjes.nl\/fr\/produit\/perles-de-silicone-20-mm-visage-marionnette-chanceuse-oma-fille-femme-astilbe-gris-marbreux\/","title":{"rendered":"Perles en silicone &#8211; 20 mm &#8211; Visage\/Poup\u00e9e chanceuse &#8211; Mamie\/Fille\/Epouse Astilbe\/Gris marbr\u00e9"},"content":{"rendered":"<h1>Perles en silicone &#8211; 20 mm &#8211; Granny\/Girl\/Wife Astilbe\/Marble Grey<\/h1>\n<p>En exclusivit\u00e9 chez nous, de jolies perles joyeuses en forme de t\u00eate avec une forme et un aspect caract\u00e9ristiques. Vous ne trouverez nulle part ailleurs une telle qualit\u00e9 ! Ces perles de silicone pour poup\u00e9es porte-bonheur sont parfaites pour fabriquer des poup\u00e9es porte-bonheur, des porte-cl\u00e9s, des cordons de t\u00e9tine, des anneaux de dentition, des sucettes de landau et d&#8217;autres accessoires pour b\u00e9b\u00e9s faits \u00e0 la main. Les poup\u00e9es sont parfaitement finies avec de nombreux d\u00e9tails comme le regard. Nous avons \u00e9galement pass\u00e9 des mois \u00e0 concevoir ces magnifiques poup\u00e9es afin qu&#8217;elles puissent avoir de beaux yeux ouverts avec un iris\/une couleur d&#8217;\u0153il visible et une couleur de cheveux et de joues assortie sp\u00e9cialement choisie. En outre, il n&#8217;y a pas de m\u00e9lange de couleurs. Toutes les pi\u00e8ces sont parfaitement finies et ne pr\u00e9sentent pas d&#8217;imperfections au niveau des transitions de couleurs.<\/p>\n<h3>Sp\u00e9cifications :<\/h3>\n<ul>\n<li>Taille : 20 mm<\/li>\n<\/ul>\n<p>Toutes nos perles en silicone sont 100 % exemptes de BPA, de plomb, de toxines, de phtalates et de PVC. Par cons\u00e9quent, ces perles de silicone sont \u00e9galement de qualit\u00e9 m\u00e9dicale et peuvent \u00eatre utilis\u00e9es dans les jouets de dentition pour enfants. Les perles rondes de 20 mm sont parfaites pour fabriquer des anneaux de dentition, des cordons de t\u00e9tine, des colliers d&#8217;allaitement, des pendentifs de sac ou des gymnases pour b\u00e9b\u00e9s, entre autres.<\/p>\n<h3>Qualit\u00e9 et s\u00e9curit\u00e9 de nos perles de silicone<\/h3>\n<p>Toutes nos perles en silicone sont :<\/p>\n<ul>\n<li>Sans BPA<\/li>\n<li>Sans phtalates ni toxines<\/li>\n<li>Sans PVC<\/li>\n<li>Sans plomb<\/li>\n<li>Convient aux produits finis certifi\u00e9s CE<\/li>\n<li>Fabriqu\u00e9 \u00e0 partir de perles de silicone de qualit\u00e9 m\u00e9dicale<\/li>\n<\/ul>\n<h4>Fixation de ces perles en silicone pour les poup\u00e9es porte-bonheur :<\/h4>\n<p>Les perles en silicone sont faciles \u00e0 enfiler avec du cordon de cire ou du cordon de satin. Attachez l&#8217;anneau de dentition en perles de silicone tr\u00e8s bien et plusieurs fois.<\/p>\n<h4>Nettoyage :<\/h4>\n<p>Ces perles en silicone conviennent donc aussi bien aux b\u00e9b\u00e9s qu&#8217;aux enfants plus \u00e2g\u00e9s qui aiment mordre dans quelque chose. Par cons\u00e9quent, ils ne s&#8217;usent pratiquement pas. En outre, les perles sont faciles \u00e0 nettoyer. Ces perles de silicone peuvent facilement passer au lave-vaisselle ou \u00e0 l&#8217;eau savonneuse. Laissez-les ensuite s\u00e9cher compl\u00e8tement avant de les donner \u00e0 nouveau \u00e0 un enfant. Les perles de silicone peuvent \u00e9galement \u00eatre conserv\u00e9es au r\u00e9frig\u00e9rateur. Ils sont donc tr\u00e8s utiles pour soulager la douleur lors des pouss\u00e9es dentaires.<\/p>\n<p><em>Avis de non-responsabilit\u00e9 : Fixez toujours les perles de silicone de mani\u00e8re s\u00fbre et v\u00e9rifiez r\u00e9guli\u00e8rement l&#8217;\u00e9tat d&#8217;usure de votre appareil. Vous en \u00eates vous-m\u00eame responsable. Jootjes Haakcadeautjes ne v\u00e9rifie pas le produit fini et ne peut donc pas assumer les dommages ou le rel\u00e2chement dus \u00e0 l&#8217;usure. Nous conseillons de n&#8217;utiliser les jouets de dentition faits \u00e0 la main que sous la surveillance d&#8217;un adulte afin d&#8217;\u00e9viter toute situation dangereuse. Tous nos produits sont test\u00e9s \u00e0 100 % pour leur innocuit\u00e9 chimique. Le respect des exigences m\u00e9caniques (EN12586 pour les cordons de t\u00e9tine et EN-71 pour les anneaux de dentition) rel\u00e8ve de la responsabilit\u00e9 du client.  <\/em><\/p>\n<h3>Avec quoi ces perles se combinent-elles bien ?<\/h3>\n<p>Toutes nos perles se combinent bien entre elles. Nous stockons les m\u00eames couleurs dans le plus grand nombre possible de types de perles. Ce n&#8217;est pas toujours possible. Ce faisant, il est \u00e9galement amusant de combiner les couleurs et les formes. Cela a un effet stimulant sur le d\u00e9veloppement de l&#8217;enfant. Plus la fourrure est abondante, mieux c&#8217;est. Comme mentionn\u00e9 ci-dessus, ces perles se pr\u00eatent bien \u00e0 une utilisation en tant que poup\u00e9es Lucky et en porte-cl\u00e9s. Ces perles sont souvent combin\u00e9es avec nos &#8220;petits corps&#8221; uniques et avec, par exemple, notre vaste collection de pompons et de n\u0153uds verticaux.<\/p>\n","protected":false},"excerpt":{"rendered":"<p>Exclusivement chez Jootjes Crochet Gifts :<\/p>\n<p>&#8211; Coloris : Granny\/Homme\/Femme Astilbe\/Gris marbr\u00e9<br \/>\n&#8211; Type : Perles en silicone Poup\u00e9es chanceuses<br \/>\n&#8211; Taille : 20 mm<br \/>\n&#8211; Couleur : Visage : Astilbe (couleur d\u00e9velopp\u00e9e par nos soins), cheveux : gris marbr\u00e9<br \/>\n&#8211; Mod\u00e8le d\u00e9pos\u00e9 par Jootjes\u00ae.<br \/>\n&#8211; Vendu \u00e0 l&#8217;unit\u00e9, nulle part moins cher<br \/>\n&#8211; Exempt de BPA, de phtalates, de plomb, de PVC et de toxines<br \/>\n&#8211; Convient aux produits finis certifi\u00e9s CE<br \/>\n&#8211; Perles de silicone de qualit\u00e9 m\u00e9dicale<br \/>\n&#8211; A conserver au r\u00e9frig\u00e9rateur<br \/>\n&#8211; Lavable au lave-vaisselle<\/p>\n","protected":false},"featured_media":105567,"template":"","meta":[],"product_brand":[],"product_cat":[7378,7185,10238,12499,6992,7398,12310],"product_tag":[7457,7448,10489,7384,10245,7424,7455,7428,12508,7489,10433,7418,12604,10448,7440,10092,10435,10148,12609,7392,7395,7200,7482,12507,12505,7619,10431,12601,12607,7209,7415,7468,7212],"class_list":{"0":"post-130951","1":"product","2":"type-product","3":"status-publish","4":"has-post-thumbnail","6":"product_cat-fabrication-de-jouets-de-dentition-pour-bebe-cordon-de-sucette-et-anneaux-de-dentition","7":"product_cat-nouveaux-produits","8":"product_cat-perles-en-silicone-exclusivement-chez-jootjes","9":"product_cat-perles-en-silicone-luckyjos-luckyjos","10":"product_cat-perles-en-silicone-sans-bpa-grossiste","11":"product_cat-perles-en-silicone-toutes-les-perles-de-luxe-multicolores","12":"product_cat-poupees-chanceuses-diy-perles-et-fournitures","13":"product_tag-20-fr","14":"product_tag-20-mm-fr","15":"product_tag-20mm-fr","16":"product_tag-anneau-de-dentition","17":"product_tag-astilbe-fr","18":"product_tag-bpa-fr","19":"product_tag-chaine-de-landau","20":"product_tag-collier-dallaitement","21":"product_tag-corps-fr","22":"product_tag-crochet-pour-sac","23":"product_tag-de-fr","24":"product_tag-faux-cordon","25":"product_tag-femme","26":"product_tag-fille","27":"product_tag-gratuit","28":"product_tag-gris","29":"product_tag-le-bonheur","30":"product_tag-marbre","31":"product_tag-marionnette","32":"product_tag-mm-fr","33":"product_tag-perle","34":"product_tag-perles","35":"product_tag-phtalates","36":"product_tag-pompons-fr","37":"product_tag-popkes-fr","38":"product_tag-porte-cles","39":"product_tag-poupee","40":"product_tag-poupee-fr","41":"product_tag-poupee-porte-bonheur-fr-2","42":"product_tag-poupee-porte-bonheur","43":"product_tag-sans-bpa","44":"product_tag-silicone-fr-2","45":"product_tag-silicone-fr","47":"first","48":"instock","49":"taxable","50":"shipping-taxable","51":"purchasable","52":"product-type-simple"},"bundled_by":["130400"],"bundle_stock_status":"instock","bundle_stock_quantity":214,"bundle_virtual":false,"bundle_layout":"","bundle_add_to_cart_form_location":"","bundle_editable_in_cart":false,"bundle_sold_individually_context":"","bundle_item_grouping":"","bundle_min_size":"","bundle_max_size":"","bundle_price":[],"bundled_items":[],"bundle_sell_ids":[],"yoast_head":"<!-- This site is optimized with the Yoast SEO Premium plugin v27.4 (Yoast SEO v27.4) - https:\/\/yoast.com\/product\/yoast-seo-premium-wordpress\/ -->\n<title>Perles en silicone - 20 mm - Visage\/Poup\u00e9e chanceuse - Mamie\/Fille\/Epouse Astilbe\/Gris marbr\u00e9 %sep%% Jootjes Crochet Gifts<\/title>\n<meta name=\"description\" content=\"Les perles de silicone ovales de couleur vert sauge 12 mm sont exemptes de BPA, de plomb, de substances toxiques, de phtalates et de PVC, et sont marqu\u00e9es CE.\" \/>\n<meta name=\"robots\" content=\"index, follow, max-snippet:-1, max-image-preview:large, max-video-preview:-1\" \/>\n<link rel=\"canonical\" href=\"https:\/\/www.jootjeshaakcadeautjes.nl\/fr\/produit\/perles-de-silicone-20-mm-visage-marionnette-chanceuse-oma-fille-femme-astilbe-gris-marbreux\/\" \/>\n<meta property=\"og:locale\" content=\"fr_FR\" \/>\n<meta property=\"og:type\" content=\"article\" \/>\n<meta property=\"og:title\" content=\"Perles en silicone - 20 mm - Visage\/Poup\u00e9e chanceuse - Mamie\/Fille\/Epouse Astilbe\/Gris marbr\u00e9\" \/>\n<meta property=\"og:description\" content=\"Les perles de silicone ovales de couleur vert sauge 12 mm sont exemptes de BPA, de plomb, de substances toxiques, de phtalates et de PVC, et sont marqu\u00e9es CE.\" \/>\n<meta property=\"og:url\" content=\"https:\/\/www.jootjeshaakcadeautjes.nl\/fr\/produit\/perles-de-silicone-20-mm-visage-marionnette-chanceuse-oma-fille-femme-astilbe-gris-marbreux\/\" \/>\n<meta property=\"og:site_name\" content=\"Jootjes Haakcadeautjes\" \/>\n<meta property=\"article:modified_time\" content=\"2026-04-02T21:18:48+00:00\" \/>\n<meta property=\"og:image\" content=\"https:\/\/www.jootjeshaakcadeautjes.nl\/wp-content\/uploads\/2023\/11\/20231030_013753.jpg\" \/>\n\t<meta property=\"og:image:width\" content=\"2048\" \/>\n\t<meta property=\"og:image:height\" content=\"2048\" \/>\n\t<meta property=\"og:image:type\" content=\"image\/jpeg\" \/>\n<meta name=\"twitter:card\" content=\"summary_large_image\" \/>\n<meta name=\"twitter:label1\" content=\"Prix\" \/>\n\t<meta name=\"twitter:data1\" content=\"&euro;1.40 TTC\" \/>\n\t<meta name=\"twitter:label2\" content=\"Disponibilit\u00e9\" \/>\n\t<meta name=\"twitter:data2\" content=\"En stock\" \/>\n<script type=\"application\/ld+json\" class=\"yoast-schema-graph\">{\"@context\":\"https:\\\/\\\/schema.org\",\"@graph\":[{\"@type\":\"WebPage\",\"@id\":\"https:\\\/\\\/www.jootjeshaakcadeautjes.nl\\\/fr\\\/produit\\\/perles-de-silicone-20-mm-visage-marionnette-chanceuse-oma-fille-femme-astilbe-gris-marbreux\\\/\",\"url\":\"https:\\\/\\\/www.jootjeshaakcadeautjes.nl\\\/fr\\\/produit\\\/perles-de-silicone-20-mm-visage-marionnette-chanceuse-oma-fille-femme-astilbe-gris-marbreux\\\/\",\"name\":\"Perles en silicone - 20 mm - Visage\\\/Poup\u00e9e chanceuse - Mamie\\\/Fille\\\/Epouse Astilbe\\\/Gris marbr\u00e9 %sep%% Jootjes Crochet Gifts\",\"isPartOf\":{\"@id\":\"https:\\\/\\\/www.jootjeshaakcadeautjes.nl\\\/fr\\\/#website\"},\"primaryImageOfPage\":{\"@id\":\"https:\\\/\\\/www.jootjeshaakcadeautjes.nl\\\/fr\\\/produit\\\/perles-de-silicone-20-mm-visage-marionnette-chanceuse-oma-fille-femme-astilbe-gris-marbreux\\\/#primaryimage\"},\"image\":{\"@id\":\"https:\\\/\\\/www.jootjeshaakcadeautjes.nl\\\/fr\\\/produit\\\/perles-de-silicone-20-mm-visage-marionnette-chanceuse-oma-fille-femme-astilbe-gris-marbreux\\\/#primaryimage\"},\"thumbnailUrl\":\"https:\\\/\\\/d1dyryakdmle7o.cloudfront.net\\\/wp-content\\\/uploads\\\/2023\\\/11\\\/20231030_013753.jpg\",\"datePublished\":\"2023-11-02T21:17:02+00:00\",\"dateModified\":\"2026-04-02T21:18:48+00:00\",\"description\":\"Les perles de silicone ovales de couleur vert sauge 12 mm sont exemptes de BPA, de plomb, de substances toxiques, de phtalates et de PVC, et sont marqu\u00e9es CE.\",\"breadcrumb\":{\"@id\":\"https:\\\/\\\/www.jootjeshaakcadeautjes.nl\\\/fr\\\/produit\\\/perles-de-silicone-20-mm-visage-marionnette-chanceuse-oma-fille-femme-astilbe-gris-marbreux\\\/#breadcrumb\"},\"inLanguage\":\"fr-FR\",\"potentialAction\":[{\"@type\":\"ReadAction\",\"target\":[\"https:\\\/\\\/www.jootjeshaakcadeautjes.nl\\\/fr\\\/produit\\\/perles-de-silicone-20-mm-visage-marionnette-chanceuse-oma-fille-femme-astilbe-gris-marbreux\\\/\"]}]},{\"@type\":\"ImageObject\",\"inLanguage\":\"fr-FR\",\"@id\":\"https:\\\/\\\/www.jootjeshaakcadeautjes.nl\\\/fr\\\/produit\\\/perles-de-silicone-20-mm-visage-marionnette-chanceuse-oma-fille-femme-astilbe-gris-marbreux\\\/#primaryimage\",\"url\":\"https:\\\/\\\/d1dyryakdmle7o.cloudfront.net\\\/wp-content\\\/uploads\\\/2023\\\/11\\\/20231030_013753.jpg\",\"contentUrl\":\"https:\\\/\\\/d1dyryakdmle7o.cloudfront.net\\\/wp-content\\\/uploads\\\/2023\\\/11\\\/20231030_013753.jpg\",\"width\":2048,\"height\":2048},{\"@type\":\"BreadcrumbList\",\"@id\":\"https:\\\/\\\/www.jootjeshaakcadeautjes.nl\\\/fr\\\/produit\\\/perles-de-silicone-20-mm-visage-marionnette-chanceuse-oma-fille-femme-astilbe-gris-marbreux\\\/#breadcrumb\",\"itemListElement\":[{\"@type\":\"ListItem\",\"position\":1,\"name\":\"Accueil\",\"item\":\"https:\\\/\\\/www.jootjeshaakcadeautjes.nl\\\/fr\\\/\"},{\"@type\":\"ListItem\",\"position\":2,\"name\":\"Commerce de gros de perles en silicone &#8211; Entreprises et consommateurs\",\"item\":\"https:\\\/\\\/www.jootjeshaakcadeautjes.nl\\\/fr\\\/boutique\\\/\"},{\"@type\":\"ListItem\",\"position\":3,\"name\":\"Perles en silicone &#8211; 20 mm &#8211; Visage\\\/Poup\u00e9e chanceuse &#8211; Mamie\\\/Fille\\\/Epouse Astilbe\\\/Gris marbr\u00e9\"}]},{\"@type\":\"WebSite\",\"@id\":\"https:\\\/\\\/www.jootjeshaakcadeautjes.nl\\\/fr\\\/#website\",\"url\":\"https:\\\/\\\/www.jootjeshaakcadeautjes.nl\\\/fr\\\/\",\"name\":\"Jootjes Haakcadeautjes\",\"description\":\"Grossiste en perles de silicone\",\"publisher\":{\"@id\":\"https:\\\/\\\/www.jootjeshaakcadeautjes.nl\\\/fr\\\/#organization\"},\"potentialAction\":[{\"@type\":\"SearchAction\",\"target\":{\"@type\":\"EntryPoint\",\"urlTemplate\":\"https:\\\/\\\/www.jootjeshaakcadeautjes.nl\\\/fr\\\/?s={search_term_string}\"},\"query-input\":{\"@type\":\"PropertyValueSpecification\",\"valueRequired\":true,\"valueName\":\"search_term_string\"}}],\"inLanguage\":\"fr-FR\"},{\"@type\":\"Organization\",\"@id\":\"https:\\\/\\\/www.jootjeshaakcadeautjes.nl\\\/fr\\\/#organization\",\"name\":\"Jootjes Haakcadeautjes\",\"url\":\"https:\\\/\\\/www.jootjeshaakcadeautjes.nl\\\/fr\\\/\",\"logo\":{\"@type\":\"ImageObject\",\"inLanguage\":\"fr-FR\",\"@id\":\"https:\\\/\\\/www.jootjeshaakcadeautjes.nl\\\/fr\\\/#\\\/schema\\\/logo\\\/image\\\/\",\"url\":\"https:\\\/\\\/jootjes-haakcadeautjes-media.s3.amazonaws.com\\\/wp-content\\\/uploads\\\/2023\\\/05\\\/Logo-rond.png\",\"contentUrl\":\"https:\\\/\\\/jootjes-haakcadeautjes-media.s3.amazonaws.com\\\/wp-content\\\/uploads\\\/2023\\\/05\\\/Logo-rond.png\",\"width\":1222,\"height\":1222,\"caption\":\"Jootjes Haakcadeautjes\"},\"image\":{\"@id\":\"https:\\\/\\\/www.jootjeshaakcadeautjes.nl\\\/fr\\\/#\\\/schema\\\/logo\\\/image\\\/\"}}]}<\/script>\n<meta property=\"product:price:amount\" content=\"1.40\" \/>\n<meta property=\"product:price:currency\" content=\"EUR\" \/>\n<meta property=\"og:availability\" content=\"instock\" \/>\n<meta property=\"product:availability\" content=\"instock\" \/>\n<meta property=\"product:retailer_item_id\" content=\"SKR-LJO-OAMG\" \/>\n<meta property=\"product:condition\" content=\"new\" \/>\n<!-- \/ Yoast SEO Premium plugin. -->","yoast_head_json":{"title":"Perles en silicone - 20 mm - Visage\/Poup\u00e9e chanceuse - Mamie\/Fille\/Epouse Astilbe\/Gris marbr\u00e9 %sep%% Jootjes Crochet Gifts","description":"Les perles de silicone ovales de couleur vert sauge 12 mm sont exemptes de BPA, de plomb, de substances toxiques, de phtalates et de PVC, et sont marqu\u00e9es CE.","robots":{"index":"index","follow":"follow","max-snippet":"max-snippet:-1","max-image-preview":"max-image-preview:large","max-video-preview":"max-video-preview:-1"},"canonical":"https:\/\/www.jootjeshaakcadeautjes.nl\/fr\/produit\/perles-de-silicone-20-mm-visage-marionnette-chanceuse-oma-fille-femme-astilbe-gris-marbreux\/","og_locale":"fr_FR","og_type":"article","og_title":"Perles en silicone - 20 mm - Visage\/Poup\u00e9e chanceuse - Mamie\/Fille\/Epouse Astilbe\/Gris marbr\u00e9","og_description":"Les perles de silicone ovales de couleur vert sauge 12 mm sont exemptes de BPA, de plomb, de substances toxiques, de phtalates et de PVC, et sont marqu\u00e9es CE.","og_url":"https:\/\/www.jootjeshaakcadeautjes.nl\/fr\/produit\/perles-de-silicone-20-mm-visage-marionnette-chanceuse-oma-fille-femme-astilbe-gris-marbreux\/","og_site_name":"Jootjes Haakcadeautjes","article_modified_time":"2026-04-02T21:18:48+00:00","og_image":[{"width":2048,"height":2048,"url":"https:\/\/www.jootjeshaakcadeautjes.nl\/wp-content\/uploads\/2023\/11\/20231030_013753.jpg","type":"image\/jpeg"}],"twitter_card":"summary_large_image","twitter_misc":{"Prix":"&euro;1.40 TTC","Disponibilit\u00e9":"En stock"},"schema":{"@context":"https:\/\/schema.org","@graph":[{"@type":"WebPage","@id":"https:\/\/www.jootjeshaakcadeautjes.nl\/fr\/produit\/perles-de-silicone-20-mm-visage-marionnette-chanceuse-oma-fille-femme-astilbe-gris-marbreux\/","url":"https:\/\/www.jootjeshaakcadeautjes.nl\/fr\/produit\/perles-de-silicone-20-mm-visage-marionnette-chanceuse-oma-fille-femme-astilbe-gris-marbreux\/","name":"Perles en silicone - 20 mm - Visage\/Poup\u00e9e chanceuse - Mamie\/Fille\/Epouse Astilbe\/Gris marbr\u00e9 %sep%% Jootjes Crochet Gifts","isPartOf":{"@id":"https:\/\/www.jootjeshaakcadeautjes.nl\/fr\/#website"},"primaryImageOfPage":{"@id":"https:\/\/www.jootjeshaakcadeautjes.nl\/fr\/produit\/perles-de-silicone-20-mm-visage-marionnette-chanceuse-oma-fille-femme-astilbe-gris-marbreux\/#primaryimage"},"image":{"@id":"https:\/\/www.jootjeshaakcadeautjes.nl\/fr\/produit\/perles-de-silicone-20-mm-visage-marionnette-chanceuse-oma-fille-femme-astilbe-gris-marbreux\/#primaryimage"},"thumbnailUrl":"https:\/\/d1dyryakdmle7o.cloudfront.net\/wp-content\/uploads\/2023\/11\/20231030_013753.jpg","datePublished":"2023-11-02T21:17:02+00:00","dateModified":"2026-04-02T21:18:48+00:00","description":"Les perles de silicone ovales de couleur vert sauge 12 mm sont exemptes de BPA, de plomb, de substances toxiques, de phtalates et de PVC, et sont marqu\u00e9es CE.","breadcrumb":{"@id":"https:\/\/www.jootjeshaakcadeautjes.nl\/fr\/produit\/perles-de-silicone-20-mm-visage-marionnette-chanceuse-oma-fille-femme-astilbe-gris-marbreux\/#breadcrumb"},"inLanguage":"fr-FR","potentialAction":[{"@type":"ReadAction","target":["https:\/\/www.jootjeshaakcadeautjes.nl\/fr\/produit\/perles-de-silicone-20-mm-visage-marionnette-chanceuse-oma-fille-femme-astilbe-gris-marbreux\/"]}]},{"@type":"ImageObject","inLanguage":"fr-FR","@id":"https:\/\/www.jootjeshaakcadeautjes.nl\/fr\/produit\/perles-de-silicone-20-mm-visage-marionnette-chanceuse-oma-fille-femme-astilbe-gris-marbreux\/#primaryimage","url":"https:\/\/d1dyryakdmle7o.cloudfront.net\/wp-content\/uploads\/2023\/11\/20231030_013753.jpg","contentUrl":"https:\/\/d1dyryakdmle7o.cloudfront.net\/wp-content\/uploads\/2023\/11\/20231030_013753.jpg","width":2048,"height":2048},{"@type":"BreadcrumbList","@id":"https:\/\/www.jootjeshaakcadeautjes.nl\/fr\/produit\/perles-de-silicone-20-mm-visage-marionnette-chanceuse-oma-fille-femme-astilbe-gris-marbreux\/#breadcrumb","itemListElement":[{"@type":"ListItem","position":1,"name":"Accueil","item":"https:\/\/www.jootjeshaakcadeautjes.nl\/fr\/"},{"@type":"ListItem","position":2,"name":"Commerce de gros de perles en silicone &#8211; Entreprises et consommateurs","item":"https:\/\/www.jootjeshaakcadeautjes.nl\/fr\/boutique\/"},{"@type":"ListItem","position":3,"name":"Perles en silicone &#8211; 20 mm &#8211; Visage\/Poup\u00e9e chanceuse &#8211; Mamie\/Fille\/Epouse Astilbe\/Gris marbr\u00e9"}]},{"@type":"WebSite","@id":"https:\/\/www.jootjeshaakcadeautjes.nl\/fr\/#website","url":"https:\/\/www.jootjeshaakcadeautjes.nl\/fr\/","name":"Jootjes Haakcadeautjes","description":"Grossiste en perles de silicone","publisher":{"@id":"https:\/\/www.jootjeshaakcadeautjes.nl\/fr\/#organization"},"potentialAction":[{"@type":"SearchAction","target":{"@type":"EntryPoint","urlTemplate":"https:\/\/www.jootjeshaakcadeautjes.nl\/fr\/?s={search_term_string}"},"query-input":{"@type":"PropertyValueSpecification","valueRequired":true,"valueName":"search_term_string"}}],"inLanguage":"fr-FR"},{"@type":"Organization","@id":"https:\/\/www.jootjeshaakcadeautjes.nl\/fr\/#organization","name":"Jootjes Haakcadeautjes","url":"https:\/\/www.jootjeshaakcadeautjes.nl\/fr\/","logo":{"@type":"ImageObject","inLanguage":"fr-FR","@id":"https:\/\/www.jootjeshaakcadeautjes.nl\/fr\/#\/schema\/logo\/image\/","url":"https:\/\/jootjes-haakcadeautjes-media.s3.amazonaws.com\/wp-content\/uploads\/2023\/05\/Logo-rond.png","contentUrl":"https:\/\/jootjes-haakcadeautjes-media.s3.amazonaws.com\/wp-content\/uploads\/2023\/05\/Logo-rond.png","width":1222,"height":1222,"caption":"Jootjes Haakcadeautjes"},"image":{"@id":"https:\/\/www.jootjeshaakcadeautjes.nl\/fr\/#\/schema\/logo\/image\/"}}]},"product_price_amount":"1.40","product_price_currency":"EUR","og_availability":"instock","product_availability":"instock","product_retailer_item_id":"SKR-LJO-OAMG","product_condition":"new"},"_links":{"self":[{"href":"https:\/\/www.jootjeshaakcadeautjes.nl\/fr\/wp-json\/wp\/v2\/product\/130951","targetHints":{"allow":["GET"]}}],"collection":[{"href":"https:\/\/www.jootjeshaakcadeautjes.nl\/fr\/wp-json\/wp\/v2\/product"}],"about":[{"href":"https:\/\/www.jootjeshaakcadeautjes.nl\/fr\/wp-json\/wp\/v2\/types\/product"}],"version-history":[{"count":0,"href":"https:\/\/www.jootjeshaakcadeautjes.nl\/fr\/wp-json\/wp\/v2\/product\/130951\/revisions"}],"wp:featuredmedia":[{"embeddable":true,"href":"https:\/\/www.jootjeshaakcadeautjes.nl\/fr\/wp-json\/wp\/v2\/media\/105567"}],"wp:attachment":[{"href":"https:\/\/www.jootjeshaakcadeautjes.nl\/fr\/wp-json\/wp\/v2\/media?parent=130951"}],"wp:term":[{"taxonomy":"product_brand","embeddable":true,"href":"https:\/\/www.jootjeshaakcadeautjes.nl\/fr\/wp-json\/wp\/v2\/product_brand?post=130951"},{"taxonomy":"product_cat","embeddable":true,"href":"https:\/\/www.jootjeshaakcadeautjes.nl\/fr\/wp-json\/wp\/v2\/product_cat?post=130951"},{"taxonomy":"product_tag","embeddable":true,"href":"https:\/\/www.jootjeshaakcadeautjes.nl\/fr\/wp-json\/wp\/v2\/product_tag?post=130951"}],"curies":[{"name":"wp","href":"https:\/\/api.w.org\/{rel}","templated":true}]}}