{"id":130990,"date":"2023-11-02T19:42:10","date_gmt":"2023-11-02T17:42:10","guid":{"rendered":"https:\/\/www.jootjeshaakcadeautjes.nl\/product\/silicone-perles-chance-marionnette-costume-homme-obscurite-thym-silk-bois-vert\/"},"modified":"2025-03-28T12:56:20","modified_gmt":"2025-03-28T11:56:20","slug":"silicone-perles-chance-marionnette-costume-homme-obscurite-thym-silk-bois-vert","status":"publish","type":"product","link":"https:\/\/www.jootjeshaakcadeautjes.nl\/fr\/produit\/silicone-perles-chance-marionnette-costume-homme-obscurite-thym-silk-bois-vert\/","title":{"rendered":"Perles en silicone &#8211; Lucky doll &#8211; Costume masculin &#8211; Thym fonc\u00e9\/Vert sal\u00e9\/Bois"},"content":{"rendered":"<h1>Perles en silicone &#8211; 20 mm &#8211; Costume masculin &#8211; Thym fonc\u00e9\/Vert p\u00e2le\/Bois<\/h1>\n<p>Ces perles en silicone sont parfaitement assorties \u00e0 nos poup\u00e9es LuckyJo&#8217;s. Ces corps en silicone ont un creux \u00e0 l&#8217;extr\u00e9mit\u00e9 sup\u00e9rieure du cou, o\u00f9 la poup\u00e9e s&#8217;appuie. Ces corps sont sp\u00e9cialement con\u00e7us en termes de taille pour s&#8217;adapter \u00e0 nos t\u00eates LuckyJo. C&#8217;est pourquoi ils sont combin\u00e9s en toute proportion. En combinant une poup\u00e9e LuckyJo, un corps et un pompon, tu peux cr\u00e9er un magnifique porte-cl\u00e9s avec ta poup\u00e9e portant une belle robe en un rien de temps. C&#8217;est la touche finale de vos cr\u00e9ations !<\/p>\n<p>Ces perles corporelles uniques ont \u00e9t\u00e9 sp\u00e9cialement con\u00e7ues par Jootjes Haakcadeautjes. Les perles de silicone pour le corps sont un mod\u00e8le \u00e9tabli de Jootjes\u00ae. Ils ne sont donc disponibles qu&#8217;aupr\u00e8s de nous.<\/p>\n<h3>Sp\u00e9cifications :<\/h3>\n<ul>\n<li>Taille : 21,5 x 23 mm<\/li>\n<\/ul>\n<p>Toutes nos perles en silicone sont 100 % exemptes de BPA, de plomb, de toxines, de phtalates et de PVC. Nos perles de silicone sont donc de qualit\u00e9 m\u00e9dicale et conviennent aux jouets de dentition pour enfants. Les perles rondes de 20 mm sont parfaites pour fabriquer des anneaux de dentition, des cordons de t\u00e9tine, des colliers d&#8217;allaitement, des pendentifs de sac ou des gymnases pour b\u00e9b\u00e9s, entre autres.<\/p>\n<h3>Qualit\u00e9 et s\u00e9curit\u00e9 de nos perles de silicone<\/h3>\n<p>Toutes nos perles en silicone sont :<\/p>\n<ul>\n<li>Sans BPA<\/li>\n<li>Sans phtalates ni toxines<\/li>\n<li>Sans PVC<\/li>\n<li>Sans plomb<\/li>\n<li>Convient aux produits finis certifi\u00e9s CE<\/li>\n<li>Fabriqu\u00e9 \u00e0 partir de perles de silicone de qualit\u00e9 m\u00e9dicale<\/li>\n<\/ul>\n<h4>Fixation de ces perles en silicone pour les poup\u00e9es porte-bonheur :<\/h4>\n<p>Les perles en silicone sont faciles \u00e0 enfiler avec du cordon de cire ou du cordon de satin. Attachez l&#8217;anneau de dentition en perles de silicone tr\u00e8s bien et plusieurs fois.<\/p>\n<h4>Nettoyage :<\/h4>\n<p>Ces perles en silicone conviennent donc aussi bien aux b\u00e9b\u00e9s qu&#8217;aux enfants plus \u00e2g\u00e9s qui aiment mordre dans quelque chose. Par cons\u00e9quent, ils ne s&#8217;usent pratiquement pas. En outre, les perles sont faciles \u00e0 nettoyer. Ces perles de silicone peuvent facilement passer au lave-vaisselle ou \u00e0 l&#8217;eau savonneuse. Laissez-les ensuite s\u00e9cher compl\u00e8tement avant de les donner \u00e0 nouveau \u00e0 un enfant. Les perles de silicone peuvent \u00e9galement \u00eatre conserv\u00e9es au r\u00e9frig\u00e9rateur. Ils sont donc tr\u00e8s utiles pour soulager la douleur lors des pouss\u00e9es dentaires.<\/p>\n<p><em>Avis de non-responsabilit\u00e9 : Fixez toujours les perles de silicone de mani\u00e8re s\u00fbre et v\u00e9rifiez r\u00e9guli\u00e8rement l&#8217;\u00e9tat d&#8217;usure de votre appareil. Vous en \u00eates vous-m\u00eame responsable. Jootjes Haakcadeautjes ne v\u00e9rifie pas le produit fini et ne peut donc pas assumer les dommages ou le rel\u00e2chement dus \u00e0 l&#8217;usure. Nous conseillons de n&#8217;utiliser les jouets de dentition faits \u00e0 la main que sous la surveillance d&#8217;un adulte afin d&#8217;\u00e9viter toute situation dangereuse. Tous nos produits sont test\u00e9s \u00e0 100 % pour leur innocuit\u00e9 chimique. Le respect des exigences m\u00e9caniques (EN12586 pour les cordons de t\u00e9tine et EN-71 pour les anneaux de dentition) rel\u00e8ve de la responsabilit\u00e9 du client.  <\/em><\/p>\n<h3>Avec quoi ces perles se combinent-elles bien ?<\/h3>\n<p>Toutes nos perles se combinent bien entre elles. Nous stockons les m\u00eames couleurs dans le plus grand nombre possible de types de perles. Ce n&#8217;est pas toujours possible. Ce faisant, il est \u00e9galement amusant de combiner les couleurs et les formes. Cela a un effet stimulant sur le d\u00e9veloppement de l&#8217;enfant. Plus la fourrure est abondante, mieux c&#8217;est. Comme mentionn\u00e9 ci-dessus, ces perles se pr\u00eatent bien \u00e0 une utilisation en tant que poup\u00e9es Lucky et en porte-cl\u00e9s. Ces perles sont souvent combin\u00e9es avec nos &#8220;petits corps&#8221; uniques et avec, par exemple, notre vaste collection de pompons et de n\u0153uds verticaux.<\/p>\n<p>&nbsp;<\/p>\n<p>&nbsp;<\/p>\n","protected":false},"excerpt":{"rendered":"<p>Exclusivement chez Jootjes Crochet Gifts :<\/p>\n<p>&#8211; Coloris : Costume pour homme &#8211; Thym fonc\u00e9\/Vert p\u00e2le\/Bois<br \/>\n&#8211; Type : Perles de silicone<br \/>\n&#8211; Combinaison de couleurs\/costume : thym fonc\u00e9\/vert p\u00e2le\/bois<br \/>\n&#8211; Taille : 21,5 x 23 mm<br \/>\n&#8211; Mod\u00e8le d\u00e9pos\u00e9 par Jootjes\u00ae.<br \/>\n&#8211; Vendu \u00e0 l&#8217;unit\u00e9, nulle part moins cher<br \/>\n&#8211; Exempt de BPA, de phtalates, de plomb, de PVC et de toxines<br \/>\n&#8211; Convient aux produits finis certifi\u00e9s CE<br \/>\n&#8211; Perles de silicone de qualit\u00e9 m\u00e9dicale<br \/>\n&#8211; A conserver au r\u00e9frig\u00e9rateur<br \/>\n&#8211; Lavable au lave-vaisselle<\/p>\n","protected":false},"featured_media":105721,"template":"","meta":[],"product_brand":[],"product_cat":[7378,10238,12499,6992,7398,12310],"product_tag":[7457,7448,10489,7384,10015,7424,7455,7428,7463,12800,12508,12808,10444,7489,10433,7418,7440,10240,10435,12802,12609,7392,12807,7395,7200,12500,12661,7482,12801,7619,10431,7209,12593,7415,7468,7212,12804,10019,10319],"class_list":{"0":"post-130990","1":"product","2":"type-product","3":"status-publish","4":"has-post-thumbnail","6":"product_cat-fabrication-de-jouets-de-dentition-pour-bebe-cordon-de-sucette-et-anneaux-de-dentition","7":"product_cat-perles-en-silicone-exclusivement-chez-jootjes","8":"product_cat-perles-en-silicone-luckyjos-luckyjos","9":"product_cat-perles-en-silicone-sans-bpa-grossiste","10":"product_cat-perles-en-silicone-toutes-les-perles-de-luxe-multicolores","11":"product_cat-poupees-chanceuses-diy-perles-et-fournitures","12":"product_tag-20-fr","13":"product_tag-20-mm-fr","14":"product_tag-20mm-fr","15":"product_tag-anneau-de-dentition","16":"product_tag-bois","17":"product_tag-bpa-fr","18":"product_tag-chaine-de-landau","19":"product_tag-collier-dallaitement","20":"product_tag-commerce-de-gros","21":"product_tag-corps-fr-3","22":"product_tag-corps-fr","23":"product_tag-costume-fr","24":"product_tag-coup-de-pouce-de-la-chance","25":"product_tag-crochet-pour-sac","26":"product_tag-de-fr","27":"product_tag-faux-cordon","28":"product_tag-gratuit","29":"product_tag-joots-fr","30":"product_tag-le-bonheur","31":"product_tag-luckyjo-fr","32":"product_tag-marionnette","33":"product_tag-mm-fr","34":"product_tag-paquet-fr-2","35":"product_tag-perle","36":"product_tag-perles","37":"product_tag-petit-fr","38":"product_tag-petitjo","39":"product_tag-phtalates","40":"product_tag-popke-fr","41":"product_tag-porte-cles","42":"product_tag-poupee","43":"product_tag-poupee-porte-bonheur","44":"product_tag-sage-fr-2","45":"product_tag-sans-bpa","46":"product_tag-silicone-fr-2","47":"product_tag-silicone-fr","48":"product_tag-sombre-fr","49":"product_tag-thym","50":"product_tag-vert","52":"first","53":"instock","54":"taxable","55":"shipping-taxable","56":"purchasable","57":"product-type-simple"},"bundled_by":[],"bundle_stock_status":"instock","bundle_stock_quantity":387,"bundle_virtual":false,"bundle_layout":"","bundle_add_to_cart_form_location":"","bundle_editable_in_cart":false,"bundle_sold_individually_context":"","bundle_item_grouping":"","bundle_min_size":"","bundle_max_size":"","bundle_price":[],"bundled_items":[],"bundle_sell_ids":[],"yoast_head":"<!-- This site is optimized with the Yoast SEO Premium plugin v27.6 (Yoast SEO v27.6) - https:\/\/yoast.com\/product\/yoast-seo-premium-wordpress\/ -->\n<title>Perles en silicone - Lucky doll - Costume masculin - Thym fonc\u00e9\/Vert sal\u00e9\/Bois %sep%% Jootjes Crochet Gifts<\/title>\n<meta name=\"description\" content=\"Les perles de silicone ovales de couleur vert sauge 12 mm sont exemptes de BPA, de plomb, de substances toxiques, de phtalates et de PVC, et sont marqu\u00e9es CE.\" \/>\n<meta name=\"robots\" content=\"index, follow, max-snippet:-1, max-image-preview:large, max-video-preview:-1\" \/>\n<link rel=\"canonical\" href=\"https:\/\/www.jootjeshaakcadeautjes.nl\/fr\/produit\/silicone-perles-chance-marionnette-costume-homme-obscurite-thym-silk-bois-vert\/\" \/>\n<meta property=\"og:locale\" content=\"fr_FR\" \/>\n<meta property=\"og:type\" content=\"article\" \/>\n<meta property=\"og:title\" content=\"Perles en silicone - Lucky doll - Costume masculin - Thym fonc\u00e9\/Vert sal\u00e9\/Bois\" \/>\n<meta property=\"og:description\" content=\"Les perles de silicone ovales de couleur vert sauge 12 mm sont exemptes de BPA, de plomb, de substances toxiques, de phtalates et de PVC, et sont marqu\u00e9es CE.\" \/>\n<meta property=\"og:url\" content=\"https:\/\/www.jootjeshaakcadeautjes.nl\/fr\/produit\/silicone-perles-chance-marionnette-costume-homme-obscurite-thym-silk-bois-vert\/\" \/>\n<meta property=\"og:site_name\" content=\"Jootjes Haakcadeautjes\" \/>\n<meta property=\"article:modified_time\" content=\"2025-03-28T11:56:20+00:00\" \/>\n<meta property=\"og:image\" content=\"https:\/\/www.jootjeshaakcadeautjes.nl\/wp-content\/uploads\/2023\/11\/Untitled-29.jpg\" \/>\n\t<meta property=\"og:image:width\" content=\"2048\" \/>\n\t<meta property=\"og:image:height\" content=\"2048\" \/>\n\t<meta property=\"og:image:type\" content=\"image\/jpeg\" \/>\n<meta name=\"twitter:card\" content=\"summary_large_image\" \/>\n<meta name=\"twitter:label1\" content=\"Prix\" \/>\n\t<meta name=\"twitter:data1\" content=\"&euro;1.40 TTC\" \/>\n\t<meta name=\"twitter:label2\" content=\"Disponibilit\u00e9\" \/>\n\t<meta name=\"twitter:data2\" content=\"En stock\" \/>\n<script type=\"application\/ld+json\" class=\"yoast-schema-graph\">{\"@context\":\"https:\\\/\\\/schema.org\",\"@graph\":[{\"@type\":\"WebPage\",\"@id\":\"https:\\\/\\\/www.jootjeshaakcadeautjes.nl\\\/fr\\\/produit\\\/silicone-perles-chance-marionnette-costume-homme-obscurite-thym-silk-bois-vert\\\/\",\"url\":\"https:\\\/\\\/www.jootjeshaakcadeautjes.nl\\\/fr\\\/produit\\\/silicone-perles-chance-marionnette-costume-homme-obscurite-thym-silk-bois-vert\\\/\",\"name\":\"Perles en silicone - Lucky doll - Costume masculin - Thym fonc\u00e9\\\/Vert sal\u00e9\\\/Bois %sep%% Jootjes Crochet Gifts\",\"isPartOf\":{\"@id\":\"https:\\\/\\\/www.jootjeshaakcadeautjes.nl\\\/fr\\\/#website\"},\"primaryImageOfPage\":{\"@id\":\"https:\\\/\\\/www.jootjeshaakcadeautjes.nl\\\/fr\\\/produit\\\/silicone-perles-chance-marionnette-costume-homme-obscurite-thym-silk-bois-vert\\\/#primaryimage\"},\"image\":{\"@id\":\"https:\\\/\\\/www.jootjeshaakcadeautjes.nl\\\/fr\\\/produit\\\/silicone-perles-chance-marionnette-costume-homme-obscurite-thym-silk-bois-vert\\\/#primaryimage\"},\"thumbnailUrl\":\"https:\\\/\\\/d1dyryakdmle7o.cloudfront.net\\\/wp-content\\\/uploads\\\/2023\\\/11\\\/Untitled-29.jpg\",\"datePublished\":\"2023-11-02T17:42:10+00:00\",\"dateModified\":\"2025-03-28T11:56:20+00:00\",\"description\":\"Les perles de silicone ovales de couleur vert sauge 12 mm sont exemptes de BPA, de plomb, de substances toxiques, de phtalates et de PVC, et sont marqu\u00e9es CE.\",\"breadcrumb\":{\"@id\":\"https:\\\/\\\/www.jootjeshaakcadeautjes.nl\\\/fr\\\/produit\\\/silicone-perles-chance-marionnette-costume-homme-obscurite-thym-silk-bois-vert\\\/#breadcrumb\"},\"inLanguage\":\"fr-FR\",\"potentialAction\":[{\"@type\":\"ReadAction\",\"target\":[\"https:\\\/\\\/www.jootjeshaakcadeautjes.nl\\\/fr\\\/produit\\\/silicone-perles-chance-marionnette-costume-homme-obscurite-thym-silk-bois-vert\\\/\"]}]},{\"@type\":\"ImageObject\",\"inLanguage\":\"fr-FR\",\"@id\":\"https:\\\/\\\/www.jootjeshaakcadeautjes.nl\\\/fr\\\/produit\\\/silicone-perles-chance-marionnette-costume-homme-obscurite-thym-silk-bois-vert\\\/#primaryimage\",\"url\":\"https:\\\/\\\/d1dyryakdmle7o.cloudfront.net\\\/wp-content\\\/uploads\\\/2023\\\/11\\\/Untitled-29.jpg\",\"contentUrl\":\"https:\\\/\\\/d1dyryakdmle7o.cloudfront.net\\\/wp-content\\\/uploads\\\/2023\\\/11\\\/Untitled-29.jpg\",\"width\":2048,\"height\":2048},{\"@type\":\"BreadcrumbList\",\"@id\":\"https:\\\/\\\/www.jootjeshaakcadeautjes.nl\\\/fr\\\/produit\\\/silicone-perles-chance-marionnette-costume-homme-obscurite-thym-silk-bois-vert\\\/#breadcrumb\",\"itemListElement\":[{\"@type\":\"ListItem\",\"position\":1,\"name\":\"Accueil\",\"item\":\"https:\\\/\\\/www.jootjeshaakcadeautjes.nl\\\/fr\\\/\"},{\"@type\":\"ListItem\",\"position\":2,\"name\":\"Commerce de gros de perles en silicone &#8211; Entreprises et consommateurs\",\"item\":\"https:\\\/\\\/www.jootjeshaakcadeautjes.nl\\\/fr\\\/boutique\\\/\"},{\"@type\":\"ListItem\",\"position\":3,\"name\":\"Perles en silicone &#8211; Lucky doll &#8211; Costume masculin &#8211; Thym fonc\u00e9\\\/Vert sal\u00e9\\\/Bois\"}]},{\"@type\":\"WebSite\",\"@id\":\"https:\\\/\\\/www.jootjeshaakcadeautjes.nl\\\/fr\\\/#website\",\"url\":\"https:\\\/\\\/www.jootjeshaakcadeautjes.nl\\\/fr\\\/\",\"name\":\"Jootjes Haakcadeautjes\",\"description\":\"Grossiste en perles de silicone\",\"publisher\":{\"@id\":\"https:\\\/\\\/www.jootjeshaakcadeautjes.nl\\\/fr\\\/#organization\"},\"potentialAction\":[{\"@type\":\"SearchAction\",\"target\":{\"@type\":\"EntryPoint\",\"urlTemplate\":\"https:\\\/\\\/www.jootjeshaakcadeautjes.nl\\\/fr\\\/?s={search_term_string}\"},\"query-input\":{\"@type\":\"PropertyValueSpecification\",\"valueRequired\":true,\"valueName\":\"search_term_string\"}}],\"inLanguage\":\"fr-FR\"},{\"@type\":\"Organization\",\"@id\":\"https:\\\/\\\/www.jootjeshaakcadeautjes.nl\\\/fr\\\/#organization\",\"name\":\"Jootjes Haakcadeautjes\",\"url\":\"https:\\\/\\\/www.jootjeshaakcadeautjes.nl\\\/fr\\\/\",\"logo\":{\"@type\":\"ImageObject\",\"inLanguage\":\"fr-FR\",\"@id\":\"https:\\\/\\\/www.jootjeshaakcadeautjes.nl\\\/fr\\\/#\\\/schema\\\/logo\\\/image\\\/\",\"url\":\"https:\\\/\\\/d1dyryakdmle7o.cloudfront.net\\\/wp-content\\\/uploads\\\/2023\\\/05\\\/Logo-rond.png\",\"contentUrl\":\"https:\\\/\\\/d1dyryakdmle7o.cloudfront.net\\\/wp-content\\\/uploads\\\/2023\\\/05\\\/Logo-rond.png\",\"width\":1222,\"height\":1222,\"caption\":\"Jootjes Haakcadeautjes\"},\"image\":{\"@id\":\"https:\\\/\\\/www.jootjeshaakcadeautjes.nl\\\/fr\\\/#\\\/schema\\\/logo\\\/image\\\/\"}}]}<\/script>\n<meta property=\"product:price:amount\" content=\"1.40\" \/>\n<meta property=\"product:price:currency\" content=\"EUR\" \/>\n<meta property=\"og:availability\" content=\"instock\" \/>\n<meta property=\"product:availability\" content=\"instock\" \/>\n<meta property=\"product:retailer_item_id\" content=\"SKR-LJO-DTSGW\" \/>\n<meta property=\"product:condition\" content=\"new\" \/>\n<!-- \/ Yoast SEO Premium plugin. -->","yoast_head_json":{"title":"Perles en silicone - Lucky doll - Costume masculin - Thym fonc\u00e9\/Vert sal\u00e9\/Bois %sep%% Jootjes Crochet Gifts","description":"Les perles de silicone ovales de couleur vert sauge 12 mm sont exemptes de BPA, de plomb, de substances toxiques, de phtalates et de PVC, et sont marqu\u00e9es CE.","robots":{"index":"index","follow":"follow","max-snippet":"max-snippet:-1","max-image-preview":"max-image-preview:large","max-video-preview":"max-video-preview:-1"},"canonical":"https:\/\/www.jootjeshaakcadeautjes.nl\/fr\/produit\/silicone-perles-chance-marionnette-costume-homme-obscurite-thym-silk-bois-vert\/","og_locale":"fr_FR","og_type":"article","og_title":"Perles en silicone - Lucky doll - Costume masculin - Thym fonc\u00e9\/Vert sal\u00e9\/Bois","og_description":"Les perles de silicone ovales de couleur vert sauge 12 mm sont exemptes de BPA, de plomb, de substances toxiques, de phtalates et de PVC, et sont marqu\u00e9es CE.","og_url":"https:\/\/www.jootjeshaakcadeautjes.nl\/fr\/produit\/silicone-perles-chance-marionnette-costume-homme-obscurite-thym-silk-bois-vert\/","og_site_name":"Jootjes Haakcadeautjes","article_modified_time":"2025-03-28T11:56:20+00:00","og_image":[{"width":2048,"height":2048,"url":"https:\/\/www.jootjeshaakcadeautjes.nl\/wp-content\/uploads\/2023\/11\/Untitled-29.jpg","type":"image\/jpeg"}],"twitter_card":"summary_large_image","twitter_misc":{"Prix":"&euro;1.40 TTC","Disponibilit\u00e9":"En stock"},"schema":{"@context":"https:\/\/schema.org","@graph":[{"@type":"WebPage","@id":"https:\/\/www.jootjeshaakcadeautjes.nl\/fr\/produit\/silicone-perles-chance-marionnette-costume-homme-obscurite-thym-silk-bois-vert\/","url":"https:\/\/www.jootjeshaakcadeautjes.nl\/fr\/produit\/silicone-perles-chance-marionnette-costume-homme-obscurite-thym-silk-bois-vert\/","name":"Perles en silicone - Lucky doll - Costume masculin - Thym fonc\u00e9\/Vert sal\u00e9\/Bois %sep%% Jootjes Crochet Gifts","isPartOf":{"@id":"https:\/\/www.jootjeshaakcadeautjes.nl\/fr\/#website"},"primaryImageOfPage":{"@id":"https:\/\/www.jootjeshaakcadeautjes.nl\/fr\/produit\/silicone-perles-chance-marionnette-costume-homme-obscurite-thym-silk-bois-vert\/#primaryimage"},"image":{"@id":"https:\/\/www.jootjeshaakcadeautjes.nl\/fr\/produit\/silicone-perles-chance-marionnette-costume-homme-obscurite-thym-silk-bois-vert\/#primaryimage"},"thumbnailUrl":"https:\/\/d1dyryakdmle7o.cloudfront.net\/wp-content\/uploads\/2023\/11\/Untitled-29.jpg","datePublished":"2023-11-02T17:42:10+00:00","dateModified":"2025-03-28T11:56:20+00:00","description":"Les perles de silicone ovales de couleur vert sauge 12 mm sont exemptes de BPA, de plomb, de substances toxiques, de phtalates et de PVC, et sont marqu\u00e9es CE.","breadcrumb":{"@id":"https:\/\/www.jootjeshaakcadeautjes.nl\/fr\/produit\/silicone-perles-chance-marionnette-costume-homme-obscurite-thym-silk-bois-vert\/#breadcrumb"},"inLanguage":"fr-FR","potentialAction":[{"@type":"ReadAction","target":["https:\/\/www.jootjeshaakcadeautjes.nl\/fr\/produit\/silicone-perles-chance-marionnette-costume-homme-obscurite-thym-silk-bois-vert\/"]}]},{"@type":"ImageObject","inLanguage":"fr-FR","@id":"https:\/\/www.jootjeshaakcadeautjes.nl\/fr\/produit\/silicone-perles-chance-marionnette-costume-homme-obscurite-thym-silk-bois-vert\/#primaryimage","url":"https:\/\/d1dyryakdmle7o.cloudfront.net\/wp-content\/uploads\/2023\/11\/Untitled-29.jpg","contentUrl":"https:\/\/d1dyryakdmle7o.cloudfront.net\/wp-content\/uploads\/2023\/11\/Untitled-29.jpg","width":2048,"height":2048},{"@type":"BreadcrumbList","@id":"https:\/\/www.jootjeshaakcadeautjes.nl\/fr\/produit\/silicone-perles-chance-marionnette-costume-homme-obscurite-thym-silk-bois-vert\/#breadcrumb","itemListElement":[{"@type":"ListItem","position":1,"name":"Accueil","item":"https:\/\/www.jootjeshaakcadeautjes.nl\/fr\/"},{"@type":"ListItem","position":2,"name":"Commerce de gros de perles en silicone &#8211; Entreprises et consommateurs","item":"https:\/\/www.jootjeshaakcadeautjes.nl\/fr\/boutique\/"},{"@type":"ListItem","position":3,"name":"Perles en silicone &#8211; Lucky doll &#8211; Costume masculin &#8211; Thym fonc\u00e9\/Vert sal\u00e9\/Bois"}]},{"@type":"WebSite","@id":"https:\/\/www.jootjeshaakcadeautjes.nl\/fr\/#website","url":"https:\/\/www.jootjeshaakcadeautjes.nl\/fr\/","name":"Jootjes Haakcadeautjes","description":"Grossiste en perles de silicone","publisher":{"@id":"https:\/\/www.jootjeshaakcadeautjes.nl\/fr\/#organization"},"potentialAction":[{"@type":"SearchAction","target":{"@type":"EntryPoint","urlTemplate":"https:\/\/www.jootjeshaakcadeautjes.nl\/fr\/?s={search_term_string}"},"query-input":{"@type":"PropertyValueSpecification","valueRequired":true,"valueName":"search_term_string"}}],"inLanguage":"fr-FR"},{"@type":"Organization","@id":"https:\/\/www.jootjeshaakcadeautjes.nl\/fr\/#organization","name":"Jootjes Haakcadeautjes","url":"https:\/\/www.jootjeshaakcadeautjes.nl\/fr\/","logo":{"@type":"ImageObject","inLanguage":"fr-FR","@id":"https:\/\/www.jootjeshaakcadeautjes.nl\/fr\/#\/schema\/logo\/image\/","url":"https:\/\/d1dyryakdmle7o.cloudfront.net\/wp-content\/uploads\/2023\/05\/Logo-rond.png","contentUrl":"https:\/\/d1dyryakdmle7o.cloudfront.net\/wp-content\/uploads\/2023\/05\/Logo-rond.png","width":1222,"height":1222,"caption":"Jootjes Haakcadeautjes"},"image":{"@id":"https:\/\/www.jootjeshaakcadeautjes.nl\/fr\/#\/schema\/logo\/image\/"}}]},"product_price_amount":"1.40","product_price_currency":"EUR","og_availability":"instock","product_availability":"instock","product_retailer_item_id":"SKR-LJO-DTSGW","product_condition":"new"},"_links":{"self":[{"href":"https:\/\/www.jootjeshaakcadeautjes.nl\/fr\/wp-json\/wp\/v2\/product\/130990","targetHints":{"allow":["GET"]}}],"collection":[{"href":"https:\/\/www.jootjeshaakcadeautjes.nl\/fr\/wp-json\/wp\/v2\/product"}],"about":[{"href":"https:\/\/www.jootjeshaakcadeautjes.nl\/fr\/wp-json\/wp\/v2\/types\/product"}],"version-history":[{"count":0,"href":"https:\/\/www.jootjeshaakcadeautjes.nl\/fr\/wp-json\/wp\/v2\/product\/130990\/revisions"}],"wp:featuredmedia":[{"embeddable":true,"href":"https:\/\/www.jootjeshaakcadeautjes.nl\/fr\/wp-json\/wp\/v2\/media\/105721"}],"wp:attachment":[{"href":"https:\/\/www.jootjeshaakcadeautjes.nl\/fr\/wp-json\/wp\/v2\/media?parent=130990"}],"wp:term":[{"taxonomy":"product_brand","embeddable":true,"href":"https:\/\/www.jootjeshaakcadeautjes.nl\/fr\/wp-json\/wp\/v2\/product_brand?post=130990"},{"taxonomy":"product_cat","embeddable":true,"href":"https:\/\/www.jootjeshaakcadeautjes.nl\/fr\/wp-json\/wp\/v2\/product_cat?post=130990"},{"taxonomy":"product_tag","embeddable":true,"href":"https:\/\/www.jootjeshaakcadeautjes.nl\/fr\/wp-json\/wp\/v2\/product_tag?post=130990"}],"curies":[{"name":"wp","href":"https:\/\/api.w.org\/{rel}","templated":true}]}}