{"id":131049,"date":"2023-10-29T16:18:00","date_gmt":"2023-10-29T15:18:00","guid":{"rendered":"https:\/\/www.jootjeshaakcadeautjes.nl\/product\/fournitures-yarnkit-rattle-horse-knufl\/"},"modified":"2025-03-11T04:37:53","modified_gmt":"2025-03-11T03:37:53","slug":"fournitures-yarnkit-rattle-horse-knufl","status":"publish","type":"product","link":"https:\/\/www.jootjeshaakcadeautjes.nl\/fr\/produit\/fournitures-yarnkit-rattle-horse-knufl\/","title":{"rendered":"Fournitures \/ Paquet de fils &#8211; Rattle Horse &#8211; Knufl"},"content":{"rendered":"<h2>Fournitures \/ Paquet de fils &#8211; Rattle Horse &#8211; Knufl<\/h2>\n<p>Ce kit permet de r\u00e9aliser tr\u00e8s facilement le cheval \u00e0 sonnettes de Knufl.<\/p>\n<p>Non inclus :<\/p>\n<ul>\n<li><a href=\"https:\/\/www.jootjeshaakcadeautjes.nl\/fr\/produit\/animaux-crochet-pour-bebe-rosanne-briggeman-knufl\/\">Le livre Animaux au crochet pour b\u00e9b\u00e9. Si vous ne les avez pas encore, vous pouvez les acheter ici.  <\/a><\/li>\n<li><a href=\"https:\/\/www.jootjeshaakcadeautjes.nl\/fr\/produit\/set-daiguilles-a-crochet-soft-grip-large\/\">Crochet 2,5 mm &gt;&gt; Si vous n&#8217;avez pas encore de crochet, vous pouvez le trouver ici.<\/a><\/li>\n<li><a href=\"https:\/\/www.jootjeshaakcadeautjes.nl\/fr\/product-categorie\/materiel-de-bricolage-et-de-crochet\/ciseaux-a-broder\/\">Ciseaux de bricolage &gt;&gt; Si vous n&#8217;avez pas encore de ciseaux de broderie, vous les trouverez ici.<\/a><\/li>\n<li><a href=\"https:\/\/www.jootjeshaakcadeautjes.nl\/fr\/produit\/enfiler-laiguille\/\">Aiguille enfil\u00e9e &gt;&gt; Si vous n&#8217;en avez pas d\u00e9j\u00e0 une, vous pouvez la trouver ici.  <\/a><\/li>\n<li>Remplissage*<\/li>\n<\/ul>\n<p>*Nous recommandons un oreiller lavable bon march\u00e9, par exemple de la marque Action. Il peut \u00eatre facilement vid\u00e9 et est parfait pour \u00eatre utilis\u00e9 comme remplissage.<\/p>\n","protected":false},"excerpt":{"rendered":"<p>Ce kit permet de r\u00e9aliser tr\u00e8s facilement le cheval \u00e0 sonnettes de Knufl.<\/p>\n<p>Non inclus :<\/p>\n<ul>\n<li><a href=\"https:\/\/www.jootjeshaakcadeautjes.nl\/product\/dieren-haken-voor-de-baby-rosanne-briggeman-knufl\/\">Le livre Animaux au crochet pour b\u00e9b\u00e9. Si vous ne les avez pas encore, vous pouvez les acheter ici.  <\/a><\/li>\n<li><a href=\"https:\/\/www.jootjeshaakcadeautjes.nl\/product\/haaknaalden-set-softgrip-groot\/\">Crochet 2,5 mm &gt;&gt; Si vous n&#8217;avez pas encore de crochet, vous pouvez le trouver ici.<\/a><\/li>\n<li><a href=\"https:\/\/www.jootjeshaakcadeautjes.nl\/product-categorie\/haakbenodigdheden\/borduurschaartjes\/\">Ciseaux de bricolage &gt;&gt; Si vous n&#8217;avez pas encore de ciseaux de broderie, vous les trouverez ici.<\/a><\/li>\n<li><a href=\"https:\/\/www.jootjeshaakcadeautjes.nl\/product\/rijgnaald\/\">Aiguille enfil\u00e9e &gt;&gt; Si vous n&#8217;en avez pas d\u00e9j\u00e0 une, vous pouvez la trouver ici.  <\/a><\/li>\n<li>Remplissage*<\/li>\n<\/ul>\n<p>*Nous recommandons un oreiller lavable bon march\u00e9, par exemple de la marque Action. Il peut \u00eatre facilement vid\u00e9 et est parfait pour \u00eatre utilis\u00e9 comme remplissage.<\/p>\n","protected":false},"featured_media":101932,"template":"","meta":[],"product_brand":[],"product_cat":[12629,12308,18289],"product_tag":[12636,12466,7401,7206,12824,12821,12311,12829,12563,12301,12827,12460,7637,12634,12828,12428,12826],"class_list":{"0":"post-131049","1":"product","2":"type-product","3":"status-publish","4":"has-post-thumbnail","6":"product_cat-livres-et-kits-de-crochet","7":"product_cat-materiel-de-bricolage-et-de-crochet","8":"product_cat-thema-sinterklaas","9":"product_tag-animaux","10":"product_tag-animaux-au-crochet-pour-bebe","11":"product_tag-bebe","12":"product_tag-bricolage","13":"product_tag-briggeman-fr","14":"product_tag-cheval","15":"product_tag-crochets","16":"product_tag-doudou","17":"product_tag-fournitures","18":"product_tag-hochet","19":"product_tag-kit-de-crochet","20":"product_tag-knufl-fr","21":"product_tag-les","22":"product_tag-modele-de-crochet","23":"product_tag-paquet-de-fils","24":"product_tag-pour","25":"product_tag-rosanne-fr","27":"first","28":"instock","29":"virtual","30":"taxable","31":"purchasable","32":"product-type-bundle"},"bundled_by":[],"bundle_stock_status":"insufficientstock","bundle_stock_quantity":0,"bundle_virtual":false,"bundle_layout":"default","bundle_add_to_cart_form_location":"default","bundle_editable_in_cart":false,"bundle_sold_individually_context":"product","bundle_item_grouping":"parent","bundle_min_size":"","bundle_max_size":"","bundle_price":{"price":{"min":{"incl_tax":"10.5","excl_tax":"8.677686"},"max":{"incl_tax":"10.5","excl_tax":"8.677686"}},"regular_price":{"min":{"incl_tax":"10.5","excl_tax":"8.677686"},"max":{"incl_tax":"10.5","excl_tax":"8.677686"}}},"bundled_items":[{"bundled_item_id":261,"product_id":131117,"menu_order":5,"quantity_min":1,"quantity_max":1,"quantity_default":1,"priced_individually":false,"shipped_individually":false,"override_title":false,"title":null,"override_description":false,"description":null,"optional":false,"hide_thumbnail":false,"discount":"","override_variations":false,"allowed_variations":[""],"override_default_variation_attributes":false,"default_variation_attributes":[],"single_product_visibility":"visible","cart_visibility":"visible","order_visibility":"visible","single_product_price_visibility":"visible","cart_price_visibility":"visible","order_price_visibility":"visible","stock_status":"out_of_stock"}],"bundle_sell_ids":[],"yoast_head":"<!-- This site is optimized with the Yoast SEO Premium plugin v27.6 (Yoast SEO v27.6) - https:\/\/yoast.com\/product\/yoast-seo-premium-wordpress\/ -->\n<title>Fournitures \/ Paquet de fils - Rattle Horse - Knufl - Jootjes Haakcadeautjes<\/title>\n<meta name=\"description\" content=\"Commandez vos fournitures pour le Hochet Cheval Animaux au crochet pour b\u00e9b\u00e9 de Rosanne Briggeman \/ Knufl ici. Set Rattle Horse.\" \/>\n<meta name=\"robots\" content=\"index, follow, max-snippet:-1, max-image-preview:large, max-video-preview:-1\" \/>\n<link rel=\"canonical\" href=\"https:\/\/www.jootjeshaakcadeautjes.nl\/fr\/produit\/fournitures-yarnkit-rattle-horse-knufl\/\" \/>\n<meta property=\"og:locale\" content=\"fr_FR\" \/>\n<meta property=\"og:type\" content=\"article\" \/>\n<meta property=\"og:title\" content=\"Fournitures \/ Paquet de fils - Rattle Horse - Knufl\" \/>\n<meta property=\"og:description\" content=\"Commandez vos fournitures pour le Hochet Cheval Animaux au crochet pour b\u00e9b\u00e9 de Rosanne Briggeman \/ Knufl ici. Set Rattle Horse.\" \/>\n<meta property=\"og:url\" content=\"https:\/\/www.jootjeshaakcadeautjes.nl\/fr\/produit\/fournitures-yarnkit-rattle-horse-knufl\/\" \/>\n<meta property=\"og:site_name\" content=\"Jootjes Haakcadeautjes\" \/>\n<meta property=\"article:modified_time\" content=\"2025-03-11T03:37:53+00:00\" \/>\n<meta property=\"og:image\" content=\"https:\/\/www.jootjeshaakcadeautjes.nl\/wp-content\/uploads\/2023\/10\/Untitled.png\" \/>\n\t<meta property=\"og:image:width\" content=\"1080\" \/>\n\t<meta property=\"og:image:height\" content=\"1080\" \/>\n\t<meta property=\"og:image:type\" content=\"image\/png\" \/>\n<meta name=\"twitter:card\" content=\"summary_large_image\" \/>\n<meta name=\"twitter:label1\" content=\"Prix\" \/>\n\t<meta name=\"twitter:data1\" content=\"&euro;10.50 TTC\" \/>\n\t<meta name=\"twitter:label2\" content=\"Disponibilit\u00e9\" \/>\n\t<meta name=\"twitter:data2\" content=\"Rupture de stock\" \/>\n<script type=\"application\/ld+json\" class=\"yoast-schema-graph\">{\"@context\":\"https:\\\/\\\/schema.org\",\"@graph\":[{\"@type\":\"WebPage\",\"@id\":\"https:\\\/\\\/www.jootjeshaakcadeautjes.nl\\\/fr\\\/produit\\\/fournitures-yarnkit-rattle-horse-knufl\\\/\",\"url\":\"https:\\\/\\\/www.jootjeshaakcadeautjes.nl\\\/fr\\\/produit\\\/fournitures-yarnkit-rattle-horse-knufl\\\/\",\"name\":\"Fournitures \\\/ Paquet de fils - Rattle Horse - Knufl - Jootjes Haakcadeautjes\",\"isPartOf\":{\"@id\":\"https:\\\/\\\/www.jootjeshaakcadeautjes.nl\\\/fr\\\/#website\"},\"primaryImageOfPage\":{\"@id\":\"https:\\\/\\\/www.jootjeshaakcadeautjes.nl\\\/fr\\\/produit\\\/fournitures-yarnkit-rattle-horse-knufl\\\/#primaryimage\"},\"image\":{\"@id\":\"https:\\\/\\\/www.jootjeshaakcadeautjes.nl\\\/fr\\\/produit\\\/fournitures-yarnkit-rattle-horse-knufl\\\/#primaryimage\"},\"thumbnailUrl\":\"https:\\\/\\\/d1dyryakdmle7o.cloudfront.net\\\/wp-content\\\/uploads\\\/2023\\\/10\\\/Untitled.png\",\"datePublished\":\"2023-10-29T15:18:00+00:00\",\"dateModified\":\"2025-03-11T03:37:53+00:00\",\"description\":\"Commandez vos fournitures pour le Hochet Cheval Animaux au crochet pour b\u00e9b\u00e9 de Rosanne Briggeman \\\/ Knufl ici. Set Rattle Horse.\",\"breadcrumb\":{\"@id\":\"https:\\\/\\\/www.jootjeshaakcadeautjes.nl\\\/fr\\\/produit\\\/fournitures-yarnkit-rattle-horse-knufl\\\/#breadcrumb\"},\"inLanguage\":\"fr-FR\",\"potentialAction\":[{\"@type\":\"ReadAction\",\"target\":[\"https:\\\/\\\/www.jootjeshaakcadeautjes.nl\\\/fr\\\/produit\\\/fournitures-yarnkit-rattle-horse-knufl\\\/\"]}]},{\"@type\":\"ImageObject\",\"inLanguage\":\"fr-FR\",\"@id\":\"https:\\\/\\\/www.jootjeshaakcadeautjes.nl\\\/fr\\\/produit\\\/fournitures-yarnkit-rattle-horse-knufl\\\/#primaryimage\",\"url\":\"https:\\\/\\\/d1dyryakdmle7o.cloudfront.net\\\/wp-content\\\/uploads\\\/2023\\\/10\\\/Untitled.png\",\"contentUrl\":\"https:\\\/\\\/d1dyryakdmle7o.cloudfront.net\\\/wp-content\\\/uploads\\\/2023\\\/10\\\/Untitled.png\",\"width\":1080,\"height\":1080},{\"@type\":\"BreadcrumbList\",\"@id\":\"https:\\\/\\\/www.jootjeshaakcadeautjes.nl\\\/fr\\\/produit\\\/fournitures-yarnkit-rattle-horse-knufl\\\/#breadcrumb\",\"itemListElement\":[{\"@type\":\"ListItem\",\"position\":1,\"name\":\"Accueil\",\"item\":\"https:\\\/\\\/www.jootjeshaakcadeautjes.nl\\\/fr\\\/\"},{\"@type\":\"ListItem\",\"position\":2,\"name\":\"Commerce de gros de perles en silicone &#8211; Entreprises et consommateurs\",\"item\":\"https:\\\/\\\/www.jootjeshaakcadeautjes.nl\\\/fr\\\/boutique\\\/\"},{\"@type\":\"ListItem\",\"position\":3,\"name\":\"Fournitures \\\/ Paquet de fils &#8211; Rattle Horse &#8211; Knufl\"}]},{\"@type\":\"WebSite\",\"@id\":\"https:\\\/\\\/www.jootjeshaakcadeautjes.nl\\\/fr\\\/#website\",\"url\":\"https:\\\/\\\/www.jootjeshaakcadeautjes.nl\\\/fr\\\/\",\"name\":\"Jootjes Haakcadeautjes\",\"description\":\"Grossiste en perles de silicone\",\"publisher\":{\"@id\":\"https:\\\/\\\/www.jootjeshaakcadeautjes.nl\\\/fr\\\/#organization\"},\"potentialAction\":[{\"@type\":\"SearchAction\",\"target\":{\"@type\":\"EntryPoint\",\"urlTemplate\":\"https:\\\/\\\/www.jootjeshaakcadeautjes.nl\\\/fr\\\/?s={search_term_string}\"},\"query-input\":{\"@type\":\"PropertyValueSpecification\",\"valueRequired\":true,\"valueName\":\"search_term_string\"}}],\"inLanguage\":\"fr-FR\"},{\"@type\":\"Organization\",\"@id\":\"https:\\\/\\\/www.jootjeshaakcadeautjes.nl\\\/fr\\\/#organization\",\"name\":\"Jootjes Haakcadeautjes\",\"url\":\"https:\\\/\\\/www.jootjeshaakcadeautjes.nl\\\/fr\\\/\",\"logo\":{\"@type\":\"ImageObject\",\"inLanguage\":\"fr-FR\",\"@id\":\"https:\\\/\\\/www.jootjeshaakcadeautjes.nl\\\/fr\\\/#\\\/schema\\\/logo\\\/image\\\/\",\"url\":\"https:\\\/\\\/d1dyryakdmle7o.cloudfront.net\\\/wp-content\\\/uploads\\\/2023\\\/05\\\/Logo-rond.png\",\"contentUrl\":\"https:\\\/\\\/d1dyryakdmle7o.cloudfront.net\\\/wp-content\\\/uploads\\\/2023\\\/05\\\/Logo-rond.png\",\"width\":1222,\"height\":1222,\"caption\":\"Jootjes Haakcadeautjes\"},\"image\":{\"@id\":\"https:\\\/\\\/www.jootjeshaakcadeautjes.nl\\\/fr\\\/#\\\/schema\\\/logo\\\/image\\\/\"}}]}<\/script>\n<meta property=\"product:price:amount\" content=\"10.50\" \/>\n<meta property=\"product:price:currency\" content=\"EUR\" \/>\n<meta property=\"og:availability\" content=\"out of stock\" \/>\n<meta property=\"product:availability\" content=\"out of stock\" \/>\n<meta property=\"product:retailer_item_id\" content=\"PAK-RMP-KNF\" \/>\n<meta property=\"product:condition\" content=\"new\" \/>\n<!-- \/ Yoast SEO Premium plugin. -->","yoast_head_json":{"title":"Fournitures \/ Paquet de fils - Rattle Horse - Knufl - Jootjes Haakcadeautjes","description":"Commandez vos fournitures pour le Hochet Cheval Animaux au crochet pour b\u00e9b\u00e9 de Rosanne Briggeman \/ Knufl ici. Set Rattle Horse.","robots":{"index":"index","follow":"follow","max-snippet":"max-snippet:-1","max-image-preview":"max-image-preview:large","max-video-preview":"max-video-preview:-1"},"canonical":"https:\/\/www.jootjeshaakcadeautjes.nl\/fr\/produit\/fournitures-yarnkit-rattle-horse-knufl\/","og_locale":"fr_FR","og_type":"article","og_title":"Fournitures \/ Paquet de fils - Rattle Horse - Knufl","og_description":"Commandez vos fournitures pour le Hochet Cheval Animaux au crochet pour b\u00e9b\u00e9 de Rosanne Briggeman \/ Knufl ici. Set Rattle Horse.","og_url":"https:\/\/www.jootjeshaakcadeautjes.nl\/fr\/produit\/fournitures-yarnkit-rattle-horse-knufl\/","og_site_name":"Jootjes Haakcadeautjes","article_modified_time":"2025-03-11T03:37:53+00:00","og_image":[{"width":1080,"height":1080,"url":"https:\/\/www.jootjeshaakcadeautjes.nl\/wp-content\/uploads\/2023\/10\/Untitled.png","type":"image\/png"}],"twitter_card":"summary_large_image","twitter_misc":{"Prix":"&euro;10.50 TTC","Disponibilit\u00e9":"Rupture de stock"},"schema":{"@context":"https:\/\/schema.org","@graph":[{"@type":"WebPage","@id":"https:\/\/www.jootjeshaakcadeautjes.nl\/fr\/produit\/fournitures-yarnkit-rattle-horse-knufl\/","url":"https:\/\/www.jootjeshaakcadeautjes.nl\/fr\/produit\/fournitures-yarnkit-rattle-horse-knufl\/","name":"Fournitures \/ Paquet de fils - Rattle Horse - Knufl - Jootjes Haakcadeautjes","isPartOf":{"@id":"https:\/\/www.jootjeshaakcadeautjes.nl\/fr\/#website"},"primaryImageOfPage":{"@id":"https:\/\/www.jootjeshaakcadeautjes.nl\/fr\/produit\/fournitures-yarnkit-rattle-horse-knufl\/#primaryimage"},"image":{"@id":"https:\/\/www.jootjeshaakcadeautjes.nl\/fr\/produit\/fournitures-yarnkit-rattle-horse-knufl\/#primaryimage"},"thumbnailUrl":"https:\/\/d1dyryakdmle7o.cloudfront.net\/wp-content\/uploads\/2023\/10\/Untitled.png","datePublished":"2023-10-29T15:18:00+00:00","dateModified":"2025-03-11T03:37:53+00:00","description":"Commandez vos fournitures pour le Hochet Cheval Animaux au crochet pour b\u00e9b\u00e9 de Rosanne Briggeman \/ Knufl ici. Set Rattle Horse.","breadcrumb":{"@id":"https:\/\/www.jootjeshaakcadeautjes.nl\/fr\/produit\/fournitures-yarnkit-rattle-horse-knufl\/#breadcrumb"},"inLanguage":"fr-FR","potentialAction":[{"@type":"ReadAction","target":["https:\/\/www.jootjeshaakcadeautjes.nl\/fr\/produit\/fournitures-yarnkit-rattle-horse-knufl\/"]}]},{"@type":"ImageObject","inLanguage":"fr-FR","@id":"https:\/\/www.jootjeshaakcadeautjes.nl\/fr\/produit\/fournitures-yarnkit-rattle-horse-knufl\/#primaryimage","url":"https:\/\/d1dyryakdmle7o.cloudfront.net\/wp-content\/uploads\/2023\/10\/Untitled.png","contentUrl":"https:\/\/d1dyryakdmle7o.cloudfront.net\/wp-content\/uploads\/2023\/10\/Untitled.png","width":1080,"height":1080},{"@type":"BreadcrumbList","@id":"https:\/\/www.jootjeshaakcadeautjes.nl\/fr\/produit\/fournitures-yarnkit-rattle-horse-knufl\/#breadcrumb","itemListElement":[{"@type":"ListItem","position":1,"name":"Accueil","item":"https:\/\/www.jootjeshaakcadeautjes.nl\/fr\/"},{"@type":"ListItem","position":2,"name":"Commerce de gros de perles en silicone &#8211; Entreprises et consommateurs","item":"https:\/\/www.jootjeshaakcadeautjes.nl\/fr\/boutique\/"},{"@type":"ListItem","position":3,"name":"Fournitures \/ Paquet de fils &#8211; Rattle Horse &#8211; Knufl"}]},{"@type":"WebSite","@id":"https:\/\/www.jootjeshaakcadeautjes.nl\/fr\/#website","url":"https:\/\/www.jootjeshaakcadeautjes.nl\/fr\/","name":"Jootjes Haakcadeautjes","description":"Grossiste en perles de silicone","publisher":{"@id":"https:\/\/www.jootjeshaakcadeautjes.nl\/fr\/#organization"},"potentialAction":[{"@type":"SearchAction","target":{"@type":"EntryPoint","urlTemplate":"https:\/\/www.jootjeshaakcadeautjes.nl\/fr\/?s={search_term_string}"},"query-input":{"@type":"PropertyValueSpecification","valueRequired":true,"valueName":"search_term_string"}}],"inLanguage":"fr-FR"},{"@type":"Organization","@id":"https:\/\/www.jootjeshaakcadeautjes.nl\/fr\/#organization","name":"Jootjes Haakcadeautjes","url":"https:\/\/www.jootjeshaakcadeautjes.nl\/fr\/","logo":{"@type":"ImageObject","inLanguage":"fr-FR","@id":"https:\/\/www.jootjeshaakcadeautjes.nl\/fr\/#\/schema\/logo\/image\/","url":"https:\/\/d1dyryakdmle7o.cloudfront.net\/wp-content\/uploads\/2023\/05\/Logo-rond.png","contentUrl":"https:\/\/d1dyryakdmle7o.cloudfront.net\/wp-content\/uploads\/2023\/05\/Logo-rond.png","width":1222,"height":1222,"caption":"Jootjes Haakcadeautjes"},"image":{"@id":"https:\/\/www.jootjeshaakcadeautjes.nl\/fr\/#\/schema\/logo\/image\/"}}]},"product_price_amount":"10.50","product_price_currency":"EUR","og_availability":"out of stock","product_availability":"out of stock","product_retailer_item_id":"PAK-RMP-KNF","product_condition":"new"},"_links":{"self":[{"href":"https:\/\/www.jootjeshaakcadeautjes.nl\/fr\/wp-json\/wp\/v2\/product\/131049","targetHints":{"allow":["GET"]}}],"collection":[{"href":"https:\/\/www.jootjeshaakcadeautjes.nl\/fr\/wp-json\/wp\/v2\/product"}],"about":[{"href":"https:\/\/www.jootjeshaakcadeautjes.nl\/fr\/wp-json\/wp\/v2\/types\/product"}],"version-history":[{"count":0,"href":"https:\/\/www.jootjeshaakcadeautjes.nl\/fr\/wp-json\/wp\/v2\/product\/131049\/revisions"}],"wp:featuredmedia":[{"embeddable":true,"href":"https:\/\/www.jootjeshaakcadeautjes.nl\/fr\/wp-json\/wp\/v2\/media\/101932"}],"wp:attachment":[{"href":"https:\/\/www.jootjeshaakcadeautjes.nl\/fr\/wp-json\/wp\/v2\/media?parent=131049"}],"wp:term":[{"taxonomy":"product_brand","embeddable":true,"href":"https:\/\/www.jootjeshaakcadeautjes.nl\/fr\/wp-json\/wp\/v2\/product_brand?post=131049"},{"taxonomy":"product_cat","embeddable":true,"href":"https:\/\/www.jootjeshaakcadeautjes.nl\/fr\/wp-json\/wp\/v2\/product_cat?post=131049"},{"taxonomy":"product_tag","embeddable":true,"href":"https:\/\/www.jootjeshaakcadeautjes.nl\/fr\/wp-json\/wp\/v2\/product_tag?post=131049"}],"curies":[{"name":"wp","href":"https:\/\/api.w.org\/{rel}","templated":true}]}}