{"id":131175,"date":"2023-10-29T15:49:48","date_gmt":"2023-10-29T14:49:48","guid":{"rendered":"https:\/\/www.jootjeshaakcadeautjes.nl\/product\/fournitures-paquet-de-fils-tumbler-monkey-knufl\/"},"modified":"2025-03-11T04:37:53","modified_gmt":"2025-03-11T03:37:53","slug":"fournitures-paquet-de-fils-tumbler-monkey-knufl","status":"publish","type":"product","link":"https:\/\/www.jootjeshaakcadeautjes.nl\/fr\/produit\/fournitures-paquet-de-fils-tumbler-monkey-knufl\/","title":{"rendered":"Fournitures \/ Paquet de fils &#8211; Tumbler Monkey &#8211; Knufl"},"content":{"rendered":"<h2>Fournitures \/ Paquet de fils &#8211; Tumbler Monkey &#8211; Knufl<\/h2>\n<p>Ce kit permet de r\u00e9aliser tr\u00e8s facilement le Tumbler Monkey de Knufl.<\/p>\n<p>Non inclus :<\/p>\n<ul>\n<li><a href=\"https:\/\/www.jootjeshaakcadeautjes.nl\/fr\/produit\/animaux-crochet-pour-bebe-rosanne-briggeman-knufl\/\">Le livre Animaux au crochet pour b\u00e9b\u00e9. Si vous ne les avez pas encore, vous pouvez les acheter ici.  <\/a><\/li>\n<li><a href=\"https:\/\/www.jootjeshaakcadeautjes.nl\/fr\/produit\/set-daiguilles-a-crochet-soft-grip-large\/\">Crochet 2,5 mm &gt;&gt; Si vous n&#8217;avez pas encore de crochet, vous pouvez le trouver ici.<\/a><\/li>\n<li><a href=\"https:\/\/www.jootjeshaakcadeautjes.nl\/fr\/product-categorie\/materiel-de-bricolage-et-de-crochet\/ciseaux-a-broder\/\">Ciseaux de bricolage &gt;&gt; Si vous n&#8217;avez pas encore de ciseaux de broderie, vous les trouverez ici.<\/a><\/li>\n<li><a href=\"https:\/\/www.jootjeshaakcadeautjes.nl\/fr\/produit\/enfiler-laiguille\/\">Aiguille enfil\u00e9e &gt;&gt; Si vous n&#8217;en avez pas d\u00e9j\u00e0 une, vous pouvez la trouver ici.  <\/a><\/li>\n<li>Remplissage*<\/li>\n<\/ul>\n<p>*Nous recommandons un oreiller lavable bon march\u00e9, par exemple de la marque Action. Elle peut \u00eatre facilement vid\u00e9e et est parfaite pour le remplissage.<\/p>\n","protected":false},"excerpt":{"rendered":"<p>Ce kit permet de r\u00e9aliser tr\u00e8s facilement le Tumbler Monkey de Knufl.<\/p>\n<p>Non inclus :<\/p>\n<ul>\n<li><a href=\"https:\/\/www.jootjeshaakcadeautjes.nl\/product\/dieren-haken-voor-de-baby-rosanne-briggeman-knufl\/\">Le livre Animaux au crochet pour b\u00e9b\u00e9. Si vous ne les avez pas encore, vous pouvez les acheter ici.  <\/a><\/li>\n<li><a href=\"https:\/\/www.jootjeshaakcadeautjes.nl\/product\/haaknaalden-set-softgrip-groot\/\">Crochet 2,5 mm &gt;&gt; Si vous n&#8217;avez pas encore de crochet, vous pouvez le trouver ici.<\/a><\/li>\n<li><a href=\"https:\/\/www.jootjeshaakcadeautjes.nl\/product-categorie\/haakbenodigdheden\/borduurschaartjes\/\">Ciseaux de bricolage &gt;&gt; Si vous n&#8217;avez pas encore de ciseaux de broderie, vous les trouverez ici.<\/a><\/li>\n<li><a href=\"https:\/\/www.jootjeshaakcadeautjes.nl\/product\/rijgnaald\/\">Aiguille enfil\u00e9e &gt;&gt; Si vous n&#8217;en avez pas d\u00e9j\u00e0 une, vous pouvez la trouver ici.  <\/a><\/li>\n<li>Remplissage*<\/li>\n<\/ul>\n<p>&nbsp;<\/p>\n","protected":false},"featured_media":101889,"template":"","meta":[],"product_brand":[],"product_cat":[12629,12308],"product_tag":[12636,12466,7401,7206,12824,12855,12844,12311,12563,12851,12460,7637,12828,12428,12826,12456,12854],"class_list":{"0":"post-131175","1":"product","2":"type-product","3":"status-publish","4":"has-post-thumbnail","6":"product_cat-livres-et-kits-de-crochet","7":"product_cat-materiel-de-bricolage-et-de-crochet","8":"product_tag-animaux","9":"product_tag-animaux-au-crochet-pour-bebe","10":"product_tag-bebe","11":"product_tag-bricolage","12":"product_tag-briggeman-fr","13":"product_tag-crochet-pour-bebe-fr","14":"product_tag-crochet-pour-bebe","15":"product_tag-crochets","16":"product_tag-fournitures","17":"product_tag-gobelet","18":"product_tag-knufl-fr","19":"product_tag-les","20":"product_tag-paquet-de-fils","21":"product_tag-pour","22":"product_tag-rosanne-fr","23":"product_tag-rosanne-briggeman-fr","24":"product_tag-singe","26":"first","27":"instock","28":"virtual","29":"taxable","30":"product-type-bundle"},"bundled_by":[],"bundle_stock_status":"instock","bundle_stock_quantity":10,"bundle_virtual":false,"bundle_layout":"default","bundle_add_to_cart_form_location":"default","bundle_editable_in_cart":false,"bundle_sold_individually_context":"product","bundle_item_grouping":"parent","bundle_min_size":"","bundle_max_size":"","bundle_price":{"price":{"min":{"incl_tax":"11.35","excl_tax":"9.380165"},"max":{"incl_tax":"11.35","excl_tax":"9.380165"}},"regular_price":{"min":{"incl_tax":"11.35","excl_tax":"9.380165"},"max":{"incl_tax":"11.35","excl_tax":"9.380165"}}},"bundled_items":[],"bundle_sell_ids":[],"yoast_head":"<!-- This site is optimized with the Yoast SEO Premium plugin v27.6 (Yoast SEO v27.6) - https:\/\/yoast.com\/product\/yoast-seo-premium-wordpress\/ -->\n<title>Fournitures \/ Paquet de fils - Tumbler Monkey - Knufl - Jootjes Haakcadeautjes<\/title>\n<meta name=\"description\" content=\"Commandez vos fournitures pour le gobelet Monkey dans le livre Crocheting Animals for Baby de Rosanne Briggeman \/ Knufl ici. Gobelet Monkey.\" \/>\n<meta name=\"robots\" content=\"index, follow, max-snippet:-1, max-image-preview:large, max-video-preview:-1\" \/>\n<link rel=\"canonical\" href=\"https:\/\/www.jootjeshaakcadeautjes.nl\/fr\/produit\/fournitures-paquet-de-fils-tumbler-monkey-knufl\/\" \/>\n<meta property=\"og:locale\" content=\"fr_FR\" \/>\n<meta property=\"og:type\" content=\"article\" \/>\n<meta property=\"og:title\" content=\"Fournitures \/ Paquet de fils - Tumbler Monkey - Knufl\" \/>\n<meta property=\"og:description\" content=\"Commandez vos fournitures pour le gobelet Monkey dans le livre Crocheting Animals for Baby de Rosanne Briggeman \/ Knufl ici. Gobelet Monkey.\" \/>\n<meta property=\"og:url\" content=\"https:\/\/www.jootjeshaakcadeautjes.nl\/fr\/produit\/fournitures-paquet-de-fils-tumbler-monkey-knufl\/\" \/>\n<meta property=\"og:site_name\" content=\"Jootjes Haakcadeautjes\" \/>\n<meta property=\"article:modified_time\" content=\"2025-03-11T03:37:53+00:00\" \/>\n<meta property=\"og:image\" content=\"https:\/\/www.jootjeshaakcadeautjes.nl\/wp-content\/uploads\/2023\/10\/Tuimelaar-Aap-Rosanne-Briggeman-Knufl-Garenpakket-Benodigdheden.jpg\" \/>\n\t<meta property=\"og:image:width\" content=\"951\" \/>\n\t<meta property=\"og:image:height\" content=\"909\" \/>\n\t<meta property=\"og:image:type\" content=\"image\/jpeg\" \/>\n<meta name=\"twitter:card\" content=\"summary_large_image\" \/>\n<meta name=\"twitter:label1\" content=\"Prix\" \/>\n\t<meta name=\"twitter:data1\" content=\"&euro;11.35 TTC\" \/>\n\t<meta name=\"twitter:label2\" content=\"Disponibilit\u00e9\" \/>\n\t<meta name=\"twitter:data2\" content=\"En stock\" \/>\n<script type=\"application\/ld+json\" class=\"yoast-schema-graph\">{\"@context\":\"https:\\\/\\\/schema.org\",\"@graph\":[{\"@type\":\"WebPage\",\"@id\":\"https:\\\/\\\/www.jootjeshaakcadeautjes.nl\\\/fr\\\/produit\\\/fournitures-paquet-de-fils-tumbler-monkey-knufl\\\/\",\"url\":\"https:\\\/\\\/www.jootjeshaakcadeautjes.nl\\\/fr\\\/produit\\\/fournitures-paquet-de-fils-tumbler-monkey-knufl\\\/\",\"name\":\"Fournitures \\\/ Paquet de fils - Tumbler Monkey - Knufl - Jootjes Haakcadeautjes\",\"isPartOf\":{\"@id\":\"https:\\\/\\\/www.jootjeshaakcadeautjes.nl\\\/fr\\\/#website\"},\"primaryImageOfPage\":{\"@id\":\"https:\\\/\\\/www.jootjeshaakcadeautjes.nl\\\/fr\\\/produit\\\/fournitures-paquet-de-fils-tumbler-monkey-knufl\\\/#primaryimage\"},\"image\":{\"@id\":\"https:\\\/\\\/www.jootjeshaakcadeautjes.nl\\\/fr\\\/produit\\\/fournitures-paquet-de-fils-tumbler-monkey-knufl\\\/#primaryimage\"},\"thumbnailUrl\":\"https:\\\/\\\/d1dyryakdmle7o.cloudfront.net\\\/wp-content\\\/uploads\\\/2023\\\/10\\\/Tuimelaar-Aap-Rosanne-Briggeman-Knufl-Garenpakket-Benodigdheden.jpg\",\"datePublished\":\"2023-10-29T14:49:48+00:00\",\"dateModified\":\"2025-03-11T03:37:53+00:00\",\"description\":\"Commandez vos fournitures pour le gobelet Monkey dans le livre Crocheting Animals for Baby de Rosanne Briggeman \\\/ Knufl ici. Gobelet Monkey.\",\"breadcrumb\":{\"@id\":\"https:\\\/\\\/www.jootjeshaakcadeautjes.nl\\\/fr\\\/produit\\\/fournitures-paquet-de-fils-tumbler-monkey-knufl\\\/#breadcrumb\"},\"inLanguage\":\"fr-FR\",\"potentialAction\":[{\"@type\":\"ReadAction\",\"target\":[\"https:\\\/\\\/www.jootjeshaakcadeautjes.nl\\\/fr\\\/produit\\\/fournitures-paquet-de-fils-tumbler-monkey-knufl\\\/\"]}]},{\"@type\":\"ImageObject\",\"inLanguage\":\"fr-FR\",\"@id\":\"https:\\\/\\\/www.jootjeshaakcadeautjes.nl\\\/fr\\\/produit\\\/fournitures-paquet-de-fils-tumbler-monkey-knufl\\\/#primaryimage\",\"url\":\"https:\\\/\\\/d1dyryakdmle7o.cloudfront.net\\\/wp-content\\\/uploads\\\/2023\\\/10\\\/Tuimelaar-Aap-Rosanne-Briggeman-Knufl-Garenpakket-Benodigdheden.jpg\",\"contentUrl\":\"https:\\\/\\\/d1dyryakdmle7o.cloudfront.net\\\/wp-content\\\/uploads\\\/2023\\\/10\\\/Tuimelaar-Aap-Rosanne-Briggeman-Knufl-Garenpakket-Benodigdheden.jpg\",\"width\":951,\"height\":909,\"caption\":\"Tumbler Monkey Rosanne Briggeman Knufl Yarn Kit Supplies\"},{\"@type\":\"BreadcrumbList\",\"@id\":\"https:\\\/\\\/www.jootjeshaakcadeautjes.nl\\\/fr\\\/produit\\\/fournitures-paquet-de-fils-tumbler-monkey-knufl\\\/#breadcrumb\",\"itemListElement\":[{\"@type\":\"ListItem\",\"position\":1,\"name\":\"Accueil\",\"item\":\"https:\\\/\\\/www.jootjeshaakcadeautjes.nl\\\/fr\\\/\"},{\"@type\":\"ListItem\",\"position\":2,\"name\":\"Commerce de gros de perles en silicone &#8211; Entreprises et consommateurs\",\"item\":\"https:\\\/\\\/www.jootjeshaakcadeautjes.nl\\\/fr\\\/boutique\\\/\"},{\"@type\":\"ListItem\",\"position\":3,\"name\":\"Fournitures \\\/ Paquet de fils &#8211; Tumbler Monkey &#8211; Knufl\"}]},{\"@type\":\"WebSite\",\"@id\":\"https:\\\/\\\/www.jootjeshaakcadeautjes.nl\\\/fr\\\/#website\",\"url\":\"https:\\\/\\\/www.jootjeshaakcadeautjes.nl\\\/fr\\\/\",\"name\":\"Jootjes Haakcadeautjes\",\"description\":\"Grossiste en perles de silicone\",\"publisher\":{\"@id\":\"https:\\\/\\\/www.jootjeshaakcadeautjes.nl\\\/fr\\\/#organization\"},\"potentialAction\":[{\"@type\":\"SearchAction\",\"target\":{\"@type\":\"EntryPoint\",\"urlTemplate\":\"https:\\\/\\\/www.jootjeshaakcadeautjes.nl\\\/fr\\\/?s={search_term_string}\"},\"query-input\":{\"@type\":\"PropertyValueSpecification\",\"valueRequired\":true,\"valueName\":\"search_term_string\"}}],\"inLanguage\":\"fr-FR\"},{\"@type\":\"Organization\",\"@id\":\"https:\\\/\\\/www.jootjeshaakcadeautjes.nl\\\/fr\\\/#organization\",\"name\":\"Jootjes Haakcadeautjes\",\"url\":\"https:\\\/\\\/www.jootjeshaakcadeautjes.nl\\\/fr\\\/\",\"logo\":{\"@type\":\"ImageObject\",\"inLanguage\":\"fr-FR\",\"@id\":\"https:\\\/\\\/www.jootjeshaakcadeautjes.nl\\\/fr\\\/#\\\/schema\\\/logo\\\/image\\\/\",\"url\":\"https:\\\/\\\/d1dyryakdmle7o.cloudfront.net\\\/wp-content\\\/uploads\\\/2023\\\/05\\\/Logo-rond.png\",\"contentUrl\":\"https:\\\/\\\/d1dyryakdmle7o.cloudfront.net\\\/wp-content\\\/uploads\\\/2023\\\/05\\\/Logo-rond.png\",\"width\":1222,\"height\":1222,\"caption\":\"Jootjes Haakcadeautjes\"},\"image\":{\"@id\":\"https:\\\/\\\/www.jootjeshaakcadeautjes.nl\\\/fr\\\/#\\\/schema\\\/logo\\\/image\\\/\"}}]}<\/script>\n<meta property=\"product:price:amount\" content=\"11.35\" \/>\n<meta property=\"product:price:currency\" content=\"EUR\" \/>\n<meta property=\"og:availability\" content=\"instock\" \/>\n<meta property=\"product:availability\" content=\"instock\" \/>\n<meta property=\"product:retailer_item_id\" content=\"PAK-AAP-KNUFL-1\" \/>\n<meta property=\"product:condition\" content=\"new\" \/>\n<!-- \/ Yoast SEO Premium plugin. -->","yoast_head_json":{"title":"Fournitures \/ Paquet de fils - Tumbler Monkey - Knufl - Jootjes Haakcadeautjes","description":"Commandez vos fournitures pour le gobelet Monkey dans le livre Crocheting Animals for Baby de Rosanne Briggeman \/ Knufl ici. Gobelet Monkey.","robots":{"index":"index","follow":"follow","max-snippet":"max-snippet:-1","max-image-preview":"max-image-preview:large","max-video-preview":"max-video-preview:-1"},"canonical":"https:\/\/www.jootjeshaakcadeautjes.nl\/fr\/produit\/fournitures-paquet-de-fils-tumbler-monkey-knufl\/","og_locale":"fr_FR","og_type":"article","og_title":"Fournitures \/ Paquet de fils - Tumbler Monkey - Knufl","og_description":"Commandez vos fournitures pour le gobelet Monkey dans le livre Crocheting Animals for Baby de Rosanne Briggeman \/ Knufl ici. Gobelet Monkey.","og_url":"https:\/\/www.jootjeshaakcadeautjes.nl\/fr\/produit\/fournitures-paquet-de-fils-tumbler-monkey-knufl\/","og_site_name":"Jootjes Haakcadeautjes","article_modified_time":"2025-03-11T03:37:53+00:00","og_image":[{"width":951,"height":909,"url":"https:\/\/www.jootjeshaakcadeautjes.nl\/wp-content\/uploads\/2023\/10\/Tuimelaar-Aap-Rosanne-Briggeman-Knufl-Garenpakket-Benodigdheden.jpg","type":"image\/jpeg"}],"twitter_card":"summary_large_image","twitter_misc":{"Prix":"&euro;11.35 TTC","Disponibilit\u00e9":"En stock"},"schema":{"@context":"https:\/\/schema.org","@graph":[{"@type":"WebPage","@id":"https:\/\/www.jootjeshaakcadeautjes.nl\/fr\/produit\/fournitures-paquet-de-fils-tumbler-monkey-knufl\/","url":"https:\/\/www.jootjeshaakcadeautjes.nl\/fr\/produit\/fournitures-paquet-de-fils-tumbler-monkey-knufl\/","name":"Fournitures \/ Paquet de fils - Tumbler Monkey - Knufl - Jootjes Haakcadeautjes","isPartOf":{"@id":"https:\/\/www.jootjeshaakcadeautjes.nl\/fr\/#website"},"primaryImageOfPage":{"@id":"https:\/\/www.jootjeshaakcadeautjes.nl\/fr\/produit\/fournitures-paquet-de-fils-tumbler-monkey-knufl\/#primaryimage"},"image":{"@id":"https:\/\/www.jootjeshaakcadeautjes.nl\/fr\/produit\/fournitures-paquet-de-fils-tumbler-monkey-knufl\/#primaryimage"},"thumbnailUrl":"https:\/\/d1dyryakdmle7o.cloudfront.net\/wp-content\/uploads\/2023\/10\/Tuimelaar-Aap-Rosanne-Briggeman-Knufl-Garenpakket-Benodigdheden.jpg","datePublished":"2023-10-29T14:49:48+00:00","dateModified":"2025-03-11T03:37:53+00:00","description":"Commandez vos fournitures pour le gobelet Monkey dans le livre Crocheting Animals for Baby de Rosanne Briggeman \/ Knufl ici. Gobelet Monkey.","breadcrumb":{"@id":"https:\/\/www.jootjeshaakcadeautjes.nl\/fr\/produit\/fournitures-paquet-de-fils-tumbler-monkey-knufl\/#breadcrumb"},"inLanguage":"fr-FR","potentialAction":[{"@type":"ReadAction","target":["https:\/\/www.jootjeshaakcadeautjes.nl\/fr\/produit\/fournitures-paquet-de-fils-tumbler-monkey-knufl\/"]}]},{"@type":"ImageObject","inLanguage":"fr-FR","@id":"https:\/\/www.jootjeshaakcadeautjes.nl\/fr\/produit\/fournitures-paquet-de-fils-tumbler-monkey-knufl\/#primaryimage","url":"https:\/\/d1dyryakdmle7o.cloudfront.net\/wp-content\/uploads\/2023\/10\/Tuimelaar-Aap-Rosanne-Briggeman-Knufl-Garenpakket-Benodigdheden.jpg","contentUrl":"https:\/\/d1dyryakdmle7o.cloudfront.net\/wp-content\/uploads\/2023\/10\/Tuimelaar-Aap-Rosanne-Briggeman-Knufl-Garenpakket-Benodigdheden.jpg","width":951,"height":909,"caption":"Tumbler Monkey Rosanne Briggeman Knufl Yarn Kit Supplies"},{"@type":"BreadcrumbList","@id":"https:\/\/www.jootjeshaakcadeautjes.nl\/fr\/produit\/fournitures-paquet-de-fils-tumbler-monkey-knufl\/#breadcrumb","itemListElement":[{"@type":"ListItem","position":1,"name":"Accueil","item":"https:\/\/www.jootjeshaakcadeautjes.nl\/fr\/"},{"@type":"ListItem","position":2,"name":"Commerce de gros de perles en silicone &#8211; Entreprises et consommateurs","item":"https:\/\/www.jootjeshaakcadeautjes.nl\/fr\/boutique\/"},{"@type":"ListItem","position":3,"name":"Fournitures \/ Paquet de fils &#8211; Tumbler Monkey &#8211; Knufl"}]},{"@type":"WebSite","@id":"https:\/\/www.jootjeshaakcadeautjes.nl\/fr\/#website","url":"https:\/\/www.jootjeshaakcadeautjes.nl\/fr\/","name":"Jootjes Haakcadeautjes","description":"Grossiste en perles de silicone","publisher":{"@id":"https:\/\/www.jootjeshaakcadeautjes.nl\/fr\/#organization"},"potentialAction":[{"@type":"SearchAction","target":{"@type":"EntryPoint","urlTemplate":"https:\/\/www.jootjeshaakcadeautjes.nl\/fr\/?s={search_term_string}"},"query-input":{"@type":"PropertyValueSpecification","valueRequired":true,"valueName":"search_term_string"}}],"inLanguage":"fr-FR"},{"@type":"Organization","@id":"https:\/\/www.jootjeshaakcadeautjes.nl\/fr\/#organization","name":"Jootjes Haakcadeautjes","url":"https:\/\/www.jootjeshaakcadeautjes.nl\/fr\/","logo":{"@type":"ImageObject","inLanguage":"fr-FR","@id":"https:\/\/www.jootjeshaakcadeautjes.nl\/fr\/#\/schema\/logo\/image\/","url":"https:\/\/d1dyryakdmle7o.cloudfront.net\/wp-content\/uploads\/2023\/05\/Logo-rond.png","contentUrl":"https:\/\/d1dyryakdmle7o.cloudfront.net\/wp-content\/uploads\/2023\/05\/Logo-rond.png","width":1222,"height":1222,"caption":"Jootjes Haakcadeautjes"},"image":{"@id":"https:\/\/www.jootjeshaakcadeautjes.nl\/fr\/#\/schema\/logo\/image\/"}}]},"product_price_amount":"11.35","product_price_currency":"EUR","og_availability":"instock","product_availability":"instock","product_retailer_item_id":"PAK-AAP-KNUFL-1","product_condition":"new"},"_links":{"self":[{"href":"https:\/\/www.jootjeshaakcadeautjes.nl\/fr\/wp-json\/wp\/v2\/product\/131175","targetHints":{"allow":["GET"]}}],"collection":[{"href":"https:\/\/www.jootjeshaakcadeautjes.nl\/fr\/wp-json\/wp\/v2\/product"}],"about":[{"href":"https:\/\/www.jootjeshaakcadeautjes.nl\/fr\/wp-json\/wp\/v2\/types\/product"}],"version-history":[{"count":0,"href":"https:\/\/www.jootjeshaakcadeautjes.nl\/fr\/wp-json\/wp\/v2\/product\/131175\/revisions"}],"wp:featuredmedia":[{"embeddable":true,"href":"https:\/\/www.jootjeshaakcadeautjes.nl\/fr\/wp-json\/wp\/v2\/media\/101889"}],"wp:attachment":[{"href":"https:\/\/www.jootjeshaakcadeautjes.nl\/fr\/wp-json\/wp\/v2\/media?parent=131175"}],"wp:term":[{"taxonomy":"product_brand","embeddable":true,"href":"https:\/\/www.jootjeshaakcadeautjes.nl\/fr\/wp-json\/wp\/v2\/product_brand?post=131175"},{"taxonomy":"product_cat","embeddable":true,"href":"https:\/\/www.jootjeshaakcadeautjes.nl\/fr\/wp-json\/wp\/v2\/product_cat?post=131175"},{"taxonomy":"product_tag","embeddable":true,"href":"https:\/\/www.jootjeshaakcadeautjes.nl\/fr\/wp-json\/wp\/v2\/product_tag?post=131175"}],"curies":[{"name":"wp","href":"https:\/\/api.w.org\/{rel}","templated":true}]}}