{"id":131183,"date":"2023-10-26T21:54:30","date_gmt":"2023-10-26T19:54:30","guid":{"rendered":"https:\/\/www.jootjeshaakcadeautjes.nl\/product\/perles-lettres-bois-14-mm-rondes\/"},"modified":"2026-03-23T11:32:45","modified_gmt":"2026-03-23T10:32:45","slug":"perles-lettres-bois-14-mm-rondes","status":"publish","type":"product","link":"https:\/\/www.jootjeshaakcadeautjes.nl\/fr\/produit\/perles-lettres-bois-14-mm-rondes\/","title":{"rendered":"Perles lettres en bois &#8211; rondes &#8211; 14 mm &#8211; par pi\u00e8ce"},"content":{"rendered":"<h1>Perles lettres bois &#8211; 14 mm &#8211; rondes<\/h1>\n<h2>Sp\u00e9cifications :<\/h2>\n<ul>\n<li>Taille 14 mm rond<\/li>\n<li>Perles de lettres en bois de h\u00eatre brutes et s\u00e9curis\u00e9es avec gravure.<\/li>\n<li>Sans BPA, phtalate, PVC, plomb ni toxines<\/li>\n<li>Convient aux produits finis certifi\u00e9s CE<\/li>\n<li>Les perles de lettres sont disponibles dans toutes les lettres de l&#8217;alphabet.<\/li>\n<\/ul>\n<p>Ces belles perles de lettres en bois sont largement utilis\u00e9es pour ajouter un nom \u00e0 un cordon de t\u00e9tine, un anneau de dentition, une balan\u00e7oire de landau ou un babygym. Vous pouvez ainsi r\u00e9aliser en un rien de temps un magnifique cadeau de maternit\u00e9 personnalis\u00e9 ou un joli jouet pour votre propre enfant.<\/p>\n<h2>Qualit\u00e9 et s\u00e9curit\u00e9 :<\/h2>\n<p>Tous nos mat\u00e9riaux en bois sont totalement s\u00fbrs pour les enfants et non trait\u00e9s, avec une gravure sans danger pour les b\u00e9b\u00e9s. Ces perles de lettres conviennent donc aussi bien aux b\u00e9b\u00e9s qu&#8217;aux enfants plus \u00e2g\u00e9s qui aiment mordre dans quelque chose. Les perles sont adapt\u00e9es aux produits finis certifi\u00e9s CE et sont robustes. Par cons\u00e9quent, ils ne s&#8217;usent pratiquement pas. En outre, les perles de lettres en bois sont faciles \u00e0 nettoyer.<\/p>\n<p><em>Attachez toujours correctement toutes les perles et v\u00e9rifiez r\u00e9guli\u00e8rement votre fabrication, par exemple en cas d&#8217;usure ou de d\u00e9chirure. Vous en \u00eates vous-m\u00eame responsable. Jootjes Haakcadeautjes ne v\u00e9rifie pas le produit fini et ne peut donc pas assumer les dommages ou le rel\u00e2chement dus \u00e0 l&#8217;usure. Nous conseillons de n&#8217;utiliser les jouets de dentition faits \u00e0 la main que sous la surveillance d&#8217;un adulte afin d&#8217;\u00e9viter toute situation dangereuse.<\/em><\/p>\n","protected":false},"excerpt":{"rendered":"<ul>\n<li>Variante : lettres A \u00e0 Z.<\/li>\n<li>Perles de lettres en bois, alphabet complet.<\/li>\n<li>Sans BPA, phtalate, PVC, plomb ni toxines. Sans formald\u00e9hyde. Convient aux produits finis certifi\u00e9s CE.<\/li>\n<li>Vendu \u00e0 l&#8217;unit\u00e9.<\/li>\n<li>Rond, 14 mm.<\/li>\n<li>Les lettres sont horizontales (les trous vont de gauche \u00e0 droite).<\/li>\n<li>Les deux faces contiennent la lettre choisie.<\/li>\n<\/ul>\n","protected":false},"featured_media":68711,"template":"","meta":[],"product_brand":[],"product_cat":[7378,12602,12857,12858,10405],"product_tag":[7502,7384,7474,7401,10409,7396,12608,7455,7428,12863,7197,10286,7418,10414,12610,12859,12865,7392,12861,12822,7200,12823,19618,7224,7619,12860,7415,7408],"class_list":{"0":"post-131183","1":"product","2":"type-product","3":"status-publish","4":"has-post-thumbnail","6":"product_cat-fabrication-de-jouets-de-dentition-pour-bebe-cordon-de-sucette-et-anneaux-de-dentition","7":"product_cat-perles-de-lettres-cordon-de-sucette-et-anneau-de-dentition","8":"product_cat-perles-de-lettres-en-bois","9":"product_cat-perles-de-lettres-en-bois-rondes-et-carrees","10":"product_cat-perles-en-bois-fil-de-sucette-et-anneau-de-dentition-toutes-les-perles-en-bois","11":"product_tag-14-fr","12":"product_tag-anneau-de-dentition","13":"product_tag-autour-de","14":"product_tag-bebe","15":"product_tag-bois-fr","16":"product_tag-cadeau-fr","17":"product_tag-carre","18":"product_tag-chaine-de-landau","19":"product_tag-collier-dallaitement","20":"product_tag-eleve","21":"product_tag-en-bois","22":"product_tag-faux-cordon-fr","23":"product_tag-faux-cordon","24":"product_tag-hetre","25":"product_tag-lettre","26":"product_tag-mademoiselle","27":"product_tag-maitre","28":"product_tag-mm-fr","29":"product_tag-par-nom","30":"product_tag-perle-lettre","31":"product_tag-perles","32":"product_tag-perles-avec-lettres","33":"product_tag-personalisierte","34":"product_tag-personnalise","35":"product_tag-porte-cles","36":"product_tag-qualite","37":"product_tag-sans-bpa","38":"product_tag-sur","40":"first","41":"instock","42":"taxable","43":"shipping-taxable","44":"purchasable","45":"product-type-variable"},"bundled_by":[],"bundle_stock_status":"instock","bundle_stock_quantity":null,"bundle_virtual":false,"bundle_layout":"","bundle_add_to_cart_form_location":"","bundle_editable_in_cart":false,"bundle_sold_individually_context":"","bundle_item_grouping":"","bundle_min_size":"","bundle_max_size":"","bundle_price":[],"bundled_items":[],"bundle_sell_ids":[],"yoast_head":"<!-- This site is optimized with the Yoast SEO Premium plugin v27.6 (Yoast SEO v27.6) - https:\/\/yoast.com\/product\/yoast-seo-premium-wordpress\/ -->\n<title>Perles lettres en bois - rondes - 14 mm - par pi\u00e8ce - Jootjes Haakcadeautjes<\/title>\n<meta name=\"description\" content=\"Perles lettres en bois 14 mm rondes, lettres grav\u00e9es et s\u00fbres. Disponible en stock. Magnifique sur le cordon de la t\u00e9tine, le cordon du landau ou l&#039;anneau de dentition.\" \/>\n<meta name=\"robots\" content=\"index, follow, max-snippet:-1, max-image-preview:large, max-video-preview:-1\" \/>\n<link rel=\"canonical\" href=\"https:\/\/www.jootjeshaakcadeautjes.nl\/fr\/produit\/perles-lettres-bois-14-mm-rondes\/\" \/>\n<meta property=\"og:locale\" content=\"fr_FR\" \/>\n<meta property=\"og:type\" content=\"article\" \/>\n<meta property=\"og:title\" content=\"Perles lettres en bois - rondes - 14 mm - par pi\u00e8ce\" \/>\n<meta property=\"og:description\" content=\"Perles lettres en bois 14 mm rondes, lettres grav\u00e9es et s\u00fbres. Disponible en stock. Magnifique sur le cordon de la t\u00e9tine, le cordon du landau ou l&#039;anneau de dentition.\" \/>\n<meta property=\"og:url\" content=\"https:\/\/www.jootjeshaakcadeautjes.nl\/fr\/produit\/perles-lettres-bois-14-mm-rondes\/\" \/>\n<meta property=\"og:site_name\" content=\"Jootjes Haakcadeautjes\" \/>\n<meta property=\"article:modified_time\" content=\"2026-03-23T10:32:45+00:00\" \/>\n<meta property=\"og:image\" content=\"https:\/\/www.jootjeshaakcadeautjes.nl\/wp-content\/uploads\/2020\/04\/20200330_205613-2.jpg\" \/>\n\t<meta property=\"og:image:width\" content=\"1338\" \/>\n\t<meta property=\"og:image:height\" content=\"1338\" \/>\n\t<meta property=\"og:image:type\" content=\"image\/jpeg\" \/>\n<meta name=\"twitter:card\" content=\"summary_large_image\" \/>\n<meta name=\"twitter:label1\" content=\"Disponibilit\u00e9\" \/>\n\t<meta name=\"twitter:data1\" content=\"En stock\" \/>\n<script type=\"application\/ld+json\" class=\"yoast-schema-graph\">{\"@context\":\"https:\\\/\\\/schema.org\",\"@graph\":[{\"@type\":\"WebPage\",\"@id\":\"https:\\\/\\\/www.jootjeshaakcadeautjes.nl\\\/fr\\\/produit\\\/perles-lettres-bois-14-mm-rondes\\\/\",\"url\":\"https:\\\/\\\/www.jootjeshaakcadeautjes.nl\\\/fr\\\/produit\\\/perles-lettres-bois-14-mm-rondes\\\/\",\"name\":\"Perles lettres en bois - rondes - 14 mm - par pi\u00e8ce - Jootjes Haakcadeautjes\",\"isPartOf\":{\"@id\":\"https:\\\/\\\/www.jootjeshaakcadeautjes.nl\\\/fr\\\/#website\"},\"primaryImageOfPage\":{\"@id\":\"https:\\\/\\\/www.jootjeshaakcadeautjes.nl\\\/fr\\\/produit\\\/perles-lettres-bois-14-mm-rondes\\\/#primaryimage\"},\"image\":{\"@id\":\"https:\\\/\\\/www.jootjeshaakcadeautjes.nl\\\/fr\\\/produit\\\/perles-lettres-bois-14-mm-rondes\\\/#primaryimage\"},\"thumbnailUrl\":\"https:\\\/\\\/d1dyryakdmle7o.cloudfront.net\\\/wp-content\\\/uploads\\\/2020\\\/04\\\/20200330_205613-2.jpg\",\"datePublished\":\"2023-10-26T19:54:30+00:00\",\"dateModified\":\"2026-03-23T10:32:45+00:00\",\"description\":\"Perles lettres en bois 14 mm rondes, lettres grav\u00e9es et s\u00fbres. Disponible en stock. Magnifique sur le cordon de la t\u00e9tine, le cordon du landau ou l'anneau de dentition.\",\"breadcrumb\":{\"@id\":\"https:\\\/\\\/www.jootjeshaakcadeautjes.nl\\\/fr\\\/produit\\\/perles-lettres-bois-14-mm-rondes\\\/#breadcrumb\"},\"inLanguage\":\"fr-FR\",\"potentialAction\":[{\"@type\":\"ReadAction\",\"target\":[\"https:\\\/\\\/www.jootjeshaakcadeautjes.nl\\\/fr\\\/produit\\\/perles-lettres-bois-14-mm-rondes\\\/\"]}]},{\"@type\":\"ImageObject\",\"inLanguage\":\"fr-FR\",\"@id\":\"https:\\\/\\\/www.jootjeshaakcadeautjes.nl\\\/fr\\\/produit\\\/perles-lettres-bois-14-mm-rondes\\\/#primaryimage\",\"url\":\"https:\\\/\\\/d1dyryakdmle7o.cloudfront.net\\\/wp-content\\\/uploads\\\/2020\\\/04\\\/20200330_205613-2.jpg\",\"contentUrl\":\"https:\\\/\\\/d1dyryakdmle7o.cloudfront.net\\\/wp-content\\\/uploads\\\/2020\\\/04\\\/20200330_205613-2.jpg\",\"width\":1338,\"height\":1338,\"caption\":\"Perles lettres en bois rondes 14 mm\"},{\"@type\":\"BreadcrumbList\",\"@id\":\"https:\\\/\\\/www.jootjeshaakcadeautjes.nl\\\/fr\\\/produit\\\/perles-lettres-bois-14-mm-rondes\\\/#breadcrumb\",\"itemListElement\":[{\"@type\":\"ListItem\",\"position\":1,\"name\":\"Accueil\",\"item\":\"https:\\\/\\\/www.jootjeshaakcadeautjes.nl\\\/fr\\\/\"},{\"@type\":\"ListItem\",\"position\":2,\"name\":\"Commerce de gros de perles en silicone &#8211; Entreprises et consommateurs\",\"item\":\"https:\\\/\\\/www.jootjeshaakcadeautjes.nl\\\/fr\\\/boutique\\\/\"},{\"@type\":\"ListItem\",\"position\":3,\"name\":\"Perles lettres en bois &#8211; rondes &#8211; 14 mm &#8211; par pi\u00e8ce\"}]},{\"@type\":\"WebSite\",\"@id\":\"https:\\\/\\\/www.jootjeshaakcadeautjes.nl\\\/fr\\\/#website\",\"url\":\"https:\\\/\\\/www.jootjeshaakcadeautjes.nl\\\/fr\\\/\",\"name\":\"Jootjes Haakcadeautjes\",\"description\":\"Grossiste en perles de silicone\",\"publisher\":{\"@id\":\"https:\\\/\\\/www.jootjeshaakcadeautjes.nl\\\/fr\\\/#organization\"},\"potentialAction\":[{\"@type\":\"SearchAction\",\"target\":{\"@type\":\"EntryPoint\",\"urlTemplate\":\"https:\\\/\\\/www.jootjeshaakcadeautjes.nl\\\/fr\\\/?s={search_term_string}\"},\"query-input\":{\"@type\":\"PropertyValueSpecification\",\"valueRequired\":true,\"valueName\":\"search_term_string\"}}],\"inLanguage\":\"fr-FR\"},{\"@type\":\"Organization\",\"@id\":\"https:\\\/\\\/www.jootjeshaakcadeautjes.nl\\\/fr\\\/#organization\",\"name\":\"Jootjes Haakcadeautjes\",\"url\":\"https:\\\/\\\/www.jootjeshaakcadeautjes.nl\\\/fr\\\/\",\"logo\":{\"@type\":\"ImageObject\",\"inLanguage\":\"fr-FR\",\"@id\":\"https:\\\/\\\/www.jootjeshaakcadeautjes.nl\\\/fr\\\/#\\\/schema\\\/logo\\\/image\\\/\",\"url\":\"https:\\\/\\\/d1dyryakdmle7o.cloudfront.net\\\/wp-content\\\/uploads\\\/2023\\\/05\\\/Logo-rond.png\",\"contentUrl\":\"https:\\\/\\\/d1dyryakdmle7o.cloudfront.net\\\/wp-content\\\/uploads\\\/2023\\\/05\\\/Logo-rond.png\",\"width\":1222,\"height\":1222,\"caption\":\"Jootjes Haakcadeautjes\"},\"image\":{\"@id\":\"https:\\\/\\\/www.jootjeshaakcadeautjes.nl\\\/fr\\\/#\\\/schema\\\/logo\\\/image\\\/\"}}]}<\/script>\n<meta property=\"og:availability\" content=\"instock\" \/>\n<meta property=\"product:availability\" content=\"instock\" \/>\n<meta property=\"product:retailer_item_id\" content=\"HLK-014\" \/>\n<meta property=\"product:condition\" content=\"new\" \/>\n<!-- \/ Yoast SEO Premium plugin. -->","yoast_head_json":{"title":"Perles lettres en bois - rondes - 14 mm - par pi\u00e8ce - Jootjes Haakcadeautjes","description":"Perles lettres en bois 14 mm rondes, lettres grav\u00e9es et s\u00fbres. Disponible en stock. Magnifique sur le cordon de la t\u00e9tine, le cordon du landau ou l'anneau de dentition.","robots":{"index":"index","follow":"follow","max-snippet":"max-snippet:-1","max-image-preview":"max-image-preview:large","max-video-preview":"max-video-preview:-1"},"canonical":"https:\/\/www.jootjeshaakcadeautjes.nl\/fr\/produit\/perles-lettres-bois-14-mm-rondes\/","og_locale":"fr_FR","og_type":"article","og_title":"Perles lettres en bois - rondes - 14 mm - par pi\u00e8ce","og_description":"Perles lettres en bois 14 mm rondes, lettres grav\u00e9es et s\u00fbres. Disponible en stock. Magnifique sur le cordon de la t\u00e9tine, le cordon du landau ou l'anneau de dentition.","og_url":"https:\/\/www.jootjeshaakcadeautjes.nl\/fr\/produit\/perles-lettres-bois-14-mm-rondes\/","og_site_name":"Jootjes Haakcadeautjes","article_modified_time":"2026-03-23T10:32:45+00:00","og_image":[{"width":1338,"height":1338,"url":"https:\/\/www.jootjeshaakcadeautjes.nl\/wp-content\/uploads\/2020\/04\/20200330_205613-2.jpg","type":"image\/jpeg"}],"twitter_card":"summary_large_image","twitter_misc":{"Disponibilit\u00e9":"En stock"},"schema":{"@context":"https:\/\/schema.org","@graph":[{"@type":"WebPage","@id":"https:\/\/www.jootjeshaakcadeautjes.nl\/fr\/produit\/perles-lettres-bois-14-mm-rondes\/","url":"https:\/\/www.jootjeshaakcadeautjes.nl\/fr\/produit\/perles-lettres-bois-14-mm-rondes\/","name":"Perles lettres en bois - rondes - 14 mm - par pi\u00e8ce - Jootjes Haakcadeautjes","isPartOf":{"@id":"https:\/\/www.jootjeshaakcadeautjes.nl\/fr\/#website"},"primaryImageOfPage":{"@id":"https:\/\/www.jootjeshaakcadeautjes.nl\/fr\/produit\/perles-lettres-bois-14-mm-rondes\/#primaryimage"},"image":{"@id":"https:\/\/www.jootjeshaakcadeautjes.nl\/fr\/produit\/perles-lettres-bois-14-mm-rondes\/#primaryimage"},"thumbnailUrl":"https:\/\/d1dyryakdmle7o.cloudfront.net\/wp-content\/uploads\/2020\/04\/20200330_205613-2.jpg","datePublished":"2023-10-26T19:54:30+00:00","dateModified":"2026-03-23T10:32:45+00:00","description":"Perles lettres en bois 14 mm rondes, lettres grav\u00e9es et s\u00fbres. Disponible en stock. Magnifique sur le cordon de la t\u00e9tine, le cordon du landau ou l'anneau de dentition.","breadcrumb":{"@id":"https:\/\/www.jootjeshaakcadeautjes.nl\/fr\/produit\/perles-lettres-bois-14-mm-rondes\/#breadcrumb"},"inLanguage":"fr-FR","potentialAction":[{"@type":"ReadAction","target":["https:\/\/www.jootjeshaakcadeautjes.nl\/fr\/produit\/perles-lettres-bois-14-mm-rondes\/"]}]},{"@type":"ImageObject","inLanguage":"fr-FR","@id":"https:\/\/www.jootjeshaakcadeautjes.nl\/fr\/produit\/perles-lettres-bois-14-mm-rondes\/#primaryimage","url":"https:\/\/d1dyryakdmle7o.cloudfront.net\/wp-content\/uploads\/2020\/04\/20200330_205613-2.jpg","contentUrl":"https:\/\/d1dyryakdmle7o.cloudfront.net\/wp-content\/uploads\/2020\/04\/20200330_205613-2.jpg","width":1338,"height":1338,"caption":"Perles lettres en bois rondes 14 mm"},{"@type":"BreadcrumbList","@id":"https:\/\/www.jootjeshaakcadeautjes.nl\/fr\/produit\/perles-lettres-bois-14-mm-rondes\/#breadcrumb","itemListElement":[{"@type":"ListItem","position":1,"name":"Accueil","item":"https:\/\/www.jootjeshaakcadeautjes.nl\/fr\/"},{"@type":"ListItem","position":2,"name":"Commerce de gros de perles en silicone &#8211; Entreprises et consommateurs","item":"https:\/\/www.jootjeshaakcadeautjes.nl\/fr\/boutique\/"},{"@type":"ListItem","position":3,"name":"Perles lettres en bois &#8211; rondes &#8211; 14 mm &#8211; par pi\u00e8ce"}]},{"@type":"WebSite","@id":"https:\/\/www.jootjeshaakcadeautjes.nl\/fr\/#website","url":"https:\/\/www.jootjeshaakcadeautjes.nl\/fr\/","name":"Jootjes Haakcadeautjes","description":"Grossiste en perles de silicone","publisher":{"@id":"https:\/\/www.jootjeshaakcadeautjes.nl\/fr\/#organization"},"potentialAction":[{"@type":"SearchAction","target":{"@type":"EntryPoint","urlTemplate":"https:\/\/www.jootjeshaakcadeautjes.nl\/fr\/?s={search_term_string}"},"query-input":{"@type":"PropertyValueSpecification","valueRequired":true,"valueName":"search_term_string"}}],"inLanguage":"fr-FR"},{"@type":"Organization","@id":"https:\/\/www.jootjeshaakcadeautjes.nl\/fr\/#organization","name":"Jootjes Haakcadeautjes","url":"https:\/\/www.jootjeshaakcadeautjes.nl\/fr\/","logo":{"@type":"ImageObject","inLanguage":"fr-FR","@id":"https:\/\/www.jootjeshaakcadeautjes.nl\/fr\/#\/schema\/logo\/image\/","url":"https:\/\/d1dyryakdmle7o.cloudfront.net\/wp-content\/uploads\/2023\/05\/Logo-rond.png","contentUrl":"https:\/\/d1dyryakdmle7o.cloudfront.net\/wp-content\/uploads\/2023\/05\/Logo-rond.png","width":1222,"height":1222,"caption":"Jootjes Haakcadeautjes"},"image":{"@id":"https:\/\/www.jootjeshaakcadeautjes.nl\/fr\/#\/schema\/logo\/image\/"}}]},"og_availability":"instock","product_availability":"instock","product_retailer_item_id":"HLK-014","product_condition":"new"},"_links":{"self":[{"href":"https:\/\/www.jootjeshaakcadeautjes.nl\/fr\/wp-json\/wp\/v2\/product\/131183","targetHints":{"allow":["GET"]}}],"collection":[{"href":"https:\/\/www.jootjeshaakcadeautjes.nl\/fr\/wp-json\/wp\/v2\/product"}],"about":[{"href":"https:\/\/www.jootjeshaakcadeautjes.nl\/fr\/wp-json\/wp\/v2\/types\/product"}],"version-history":[{"count":0,"href":"https:\/\/www.jootjeshaakcadeautjes.nl\/fr\/wp-json\/wp\/v2\/product\/131183\/revisions"}],"wp:featuredmedia":[{"embeddable":true,"href":"https:\/\/www.jootjeshaakcadeautjes.nl\/fr\/wp-json\/wp\/v2\/media\/68711"}],"wp:attachment":[{"href":"https:\/\/www.jootjeshaakcadeautjes.nl\/fr\/wp-json\/wp\/v2\/media?parent=131183"}],"wp:term":[{"taxonomy":"product_brand","embeddable":true,"href":"https:\/\/www.jootjeshaakcadeautjes.nl\/fr\/wp-json\/wp\/v2\/product_brand?post=131183"},{"taxonomy":"product_cat","embeddable":true,"href":"https:\/\/www.jootjeshaakcadeautjes.nl\/fr\/wp-json\/wp\/v2\/product_cat?post=131183"},{"taxonomy":"product_tag","embeddable":true,"href":"https:\/\/www.jootjeshaakcadeautjes.nl\/fr\/wp-json\/wp\/v2\/product_tag?post=131183"}],"curies":[{"name":"wp","href":"https:\/\/api.w.org\/{rel}","templated":true}]}}