{"id":131519,"date":"2023-07-27T01:12:01","date_gmt":"2023-07-26T23:12:01","guid":{"rendered":"https:\/\/www.jootjeshaakcadeautjes.nl\/product\/silicone-anneau-monstre-feuille-signifie-bleu-poudre\/"},"modified":"2025-05-26T14:25:56","modified_gmt":"2025-05-26T12:25:56","slug":"silicone-anneau-monstre-feuille-signifie-bleu-poudre","status":"publish","type":"product","link":"https:\/\/www.jootjeshaakcadeautjes.nl\/fr\/produit\/silicone-anneau-monstre-feuille-signifie-bleu-poudre\/","title":{"rendered":"Anneau de dentition en silicone &#8211; Monstera Leaf &#8211; Medium Powder Blue"},"content":{"rendered":"<h3>Anneau de dentition en silicone &#8211; Monstera Leaf &#8211; Medium Powder Blue<\/h3>\n<p>L&#8217;anneau de dentition en silicone Monstera Leaf est fabriqu\u00e9 en silicone sans BPA. Cela signifie que les produits ont \u00e9t\u00e9 jug\u00e9s s\u00fbrs pour une utilisation dans les jouets pour enfants. L&#8217;application de silicone ne contient pas de substances nocives. Nos produits sont donc conformes \u00e0 toutes les certifications n\u00e9cessaires. Surveillez toujours l&#8217;usure des jouets et jetez-les si n\u00e9cessaire. Cela s&#8217;applique \u00e0 tout type de jouet pour b\u00e9b\u00e9.<\/p>\n<p>Ces feuilles de monstera sont disponibles dans de nombreuses couleurs diff\u00e9rentes : vert mousse, pistache, baie, rouge sang, vert pomme, jaune ocre, saule, rose p\u00eache, bleu poudre moyen, bleu poudre clair, rose champagne, p\u00eache, p\u00eache, p\u00eache en feuille, vieille dentelle, rose tendre, blanc et gris clair. Il y a \u00e9galement d&#8217;autres traces de morsures de diff\u00e9rentes couleurs, entre autres.<\/p>\n<p>Les appliques en silicone, comme les appliques en bois, sont souvent utilis\u00e9es pour fabriquer des jouets pour b\u00e9b\u00e9s \u00e0 la main. Les appliques se combinent bien avec nos perles en silicone.<\/p>\n<p>&nbsp;<\/p>\n","protected":false},"excerpt":{"rendered":"<p>Type : Anneau de dentition<br \/>\nVariante : Feuille de monstera bleu poudre moyen<\/p>\n<p>Fabriqu\u00e9 en silicone sans BPA.<br \/>\nTest\u00e9 chimiquement selon la norme EN-71, 100% s\u00fbr pour les enfants.<\/p>\n<p>Pour plus d&#8217;informations sur l&#8217;utilisation,<br \/>\nlire en bas de page.<\/p>\n","protected":false},"featured_media":131525,"template":"","meta":[],"product_brand":[],"product_cat":[7378,12682],"product_tag":[7384,12900,12894,12312,7401,7656,7424,10295,7463,12844,12311,7418,12375,12902,7440,12887,12460,10342,12889,12299,7508,12599,12359,10290,10261,7212,7408],"class_list":{"0":"post-131519","1":"product","2":"type-product","3":"status-publish","4":"has-post-thumbnail","6":"product_cat-fabrication-de-jouets-de-dentition-pour-bebe-cordon-de-sucette-et-anneaux-de-dentition","7":"product_cat-figurines-de-dentition-en-silicone-anneau-de-dentition-pendentif-de-dentition","8":"product_tag-anneau-de-dentition","9":"product_tag-anneaux-de-dentition","10":"product_tag-assis","11":"product_tag-babygym-fr","12":"product_tag-bebe","13":"product_tag-bleu","14":"product_tag-bpa-fr","15":"product_tag-certifie-fr","16":"product_tag-commerce-de-gros","17":"product_tag-crochet-pour-bebe","18":"product_tag-crochets","19":"product_tag-faux-cordon","20":"product_tag-feuille","21":"product_tag-feuille-de-monstera","22":"product_tag-gratuit","23":"product_tag-jookz-fr","24":"product_tag-knufl-fr","25":"product_tag-lanneau-de-prehension","26":"product_tag-monstera-fr","27":"product_tag-morsure-fr","28":"product_tag-morsure","29":"product_tag-paradisiaque","30":"product_tag-poudre","31":"product_tag-protection-des-enfants","32":"product_tag-ressource-fr","33":"product_tag-silicone-fr","34":"product_tag-sur","36":"first","37":"outofstock","38":"taxable","39":"shipping-taxable","40":"purchasable","41":"product-type-simple"},"bundled_by":[],"bundle_stock_status":"outofstock","bundle_stock_quantity":0,"bundle_virtual":false,"bundle_layout":"","bundle_add_to_cart_form_location":"","bundle_editable_in_cart":false,"bundle_sold_individually_context":"","bundle_item_grouping":"","bundle_min_size":"","bundle_max_size":"","bundle_price":[],"bundled_items":[],"bundle_sell_ids":[],"yoast_head":"<!-- This site is optimized with the Yoast SEO Premium plugin v27.6 (Yoast SEO v27.6) - https:\/\/yoast.com\/product\/yoast-seo-premium-wordpress\/ -->\n<title>Anneau de dentition en silicone - Monstera Leaf - Medium Powder Blue - Marque de morsure -<\/title>\n<meta name=\"description\" content=\"Figurine en silicone Monstera Leaf Medium Powder Blue Sans BPA, 100%% s\u00fbr pour les b\u00e9b\u00e9s. Pour anneau de dentition ou pour le cordon de la t\u00e9tine. Assorti aux perles de Monstera.\" \/>\n<meta name=\"robots\" content=\"index, follow, max-snippet:-1, max-image-preview:large, max-video-preview:-1\" \/>\n<link rel=\"canonical\" href=\"https:\/\/www.jootjeshaakcadeautjes.nl\/fr\/produit\/silicone-anneau-monstre-feuille-signifie-bleu-poudre\/\" \/>\n<meta property=\"og:locale\" content=\"fr_FR\" \/>\n<meta property=\"og:type\" content=\"article\" \/>\n<meta property=\"og:title\" content=\"Anneau de dentition en silicone - Monstera Leaf - Medium Powder Blue\" \/>\n<meta property=\"og:description\" content=\"Figurine en silicone Monstera Leaf Medium Powder Blue Sans BPA, 100%% s\u00fbr pour les b\u00e9b\u00e9s. Pour anneau de dentition ou pour le cordon de la t\u00e9tine. Assorti aux perles de Monstera.\" \/>\n<meta property=\"og:url\" content=\"https:\/\/www.jootjeshaakcadeautjes.nl\/fr\/produit\/silicone-anneau-monstre-feuille-signifie-bleu-poudre\/\" \/>\n<meta property=\"og:site_name\" content=\"Jootjes Haakcadeautjes\" \/>\n<meta property=\"article:modified_time\" content=\"2025-05-26T12:25:56+00:00\" \/>\n<meta property=\"og:image\" content=\"https:\/\/www.jootjeshaakcadeautjes.nl\/wp-content\/uploads\/2023\/08\/20201210_000107.jpg\" \/>\n\t<meta property=\"og:image:width\" content=\"1986\" \/>\n\t<meta property=\"og:image:height\" content=\"1986\" \/>\n\t<meta property=\"og:image:type\" content=\"image\/jpeg\" \/>\n<meta name=\"twitter:card\" content=\"summary_large_image\" \/>\n<meta name=\"twitter:label1\" content=\"Prix\" \/>\n\t<meta name=\"twitter:data1\" content=\"&euro;3.50 TTC\" \/>\n\t<meta name=\"twitter:label2\" content=\"Disponibilit\u00e9\" \/>\n\t<meta name=\"twitter:data2\" content=\"Rupture de stock\" \/>\n<script type=\"application\/ld+json\" class=\"yoast-schema-graph\">{\"@context\":\"https:\\\/\\\/schema.org\",\"@graph\":[{\"@type\":\"WebPage\",\"@id\":\"https:\\\/\\\/www.jootjeshaakcadeautjes.nl\\\/fr\\\/produit\\\/silicone-anneau-monstre-feuille-signifie-bleu-poudre\\\/\",\"url\":\"https:\\\/\\\/www.jootjeshaakcadeautjes.nl\\\/fr\\\/produit\\\/silicone-anneau-monstre-feuille-signifie-bleu-poudre\\\/\",\"name\":\"Anneau de dentition en silicone - Monstera Leaf - Medium Powder Blue - Marque de morsure -\",\"isPartOf\":{\"@id\":\"https:\\\/\\\/www.jootjeshaakcadeautjes.nl\\\/fr\\\/#website\"},\"primaryImageOfPage\":{\"@id\":\"https:\\\/\\\/www.jootjeshaakcadeautjes.nl\\\/fr\\\/produit\\\/silicone-anneau-monstre-feuille-signifie-bleu-poudre\\\/#primaryimage\"},\"image\":{\"@id\":\"https:\\\/\\\/www.jootjeshaakcadeautjes.nl\\\/fr\\\/produit\\\/silicone-anneau-monstre-feuille-signifie-bleu-poudre\\\/#primaryimage\"},\"thumbnailUrl\":\"https:\\\/\\\/d1dyryakdmle7o.cloudfront.net\\\/wp-content\\\/uploads\\\/2023\\\/08\\\/20201210_000107.jpg\",\"datePublished\":\"2023-07-26T23:12:01+00:00\",\"dateModified\":\"2025-05-26T12:25:56+00:00\",\"description\":\"Figurine en silicone Monstera Leaf Medium Powder Blue Sans BPA, 100%% s\u00fbr pour les b\u00e9b\u00e9s. Pour anneau de dentition ou pour le cordon de la t\u00e9tine. Assorti aux perles de Monstera.\",\"breadcrumb\":{\"@id\":\"https:\\\/\\\/www.jootjeshaakcadeautjes.nl\\\/fr\\\/produit\\\/silicone-anneau-monstre-feuille-signifie-bleu-poudre\\\/#breadcrumb\"},\"inLanguage\":\"fr-FR\",\"potentialAction\":[{\"@type\":\"ReadAction\",\"target\":[\"https:\\\/\\\/www.jootjeshaakcadeautjes.nl\\\/fr\\\/produit\\\/silicone-anneau-monstre-feuille-signifie-bleu-poudre\\\/\"]}]},{\"@type\":\"ImageObject\",\"inLanguage\":\"fr-FR\",\"@id\":\"https:\\\/\\\/www.jootjeshaakcadeautjes.nl\\\/fr\\\/produit\\\/silicone-anneau-monstre-feuille-signifie-bleu-poudre\\\/#primaryimage\",\"url\":\"https:\\\/\\\/d1dyryakdmle7o.cloudfront.net\\\/wp-content\\\/uploads\\\/2023\\\/08\\\/20201210_000107.jpg\",\"contentUrl\":\"https:\\\/\\\/d1dyryakdmle7o.cloudfront.net\\\/wp-content\\\/uploads\\\/2023\\\/08\\\/20201210_000107.jpg\",\"width\":1986,\"height\":1986,\"caption\":\"Feuille de monstera Jouet de dentition en silicone monstera medium powder blue wholesale baby safe\"},{\"@type\":\"BreadcrumbList\",\"@id\":\"https:\\\/\\\/www.jootjeshaakcadeautjes.nl\\\/fr\\\/produit\\\/silicone-anneau-monstre-feuille-signifie-bleu-poudre\\\/#breadcrumb\",\"itemListElement\":[{\"@type\":\"ListItem\",\"position\":1,\"name\":\"Accueil\",\"item\":\"https:\\\/\\\/www.jootjeshaakcadeautjes.nl\\\/fr\\\/\"},{\"@type\":\"ListItem\",\"position\":2,\"name\":\"Commerce de gros de perles en silicone &#8211; Entreprises et consommateurs\",\"item\":\"https:\\\/\\\/www.jootjeshaakcadeautjes.nl\\\/fr\\\/boutique\\\/\"},{\"@type\":\"ListItem\",\"position\":3,\"name\":\"Anneau de dentition en silicone &#8211; Monstera Leaf &#8211; Medium Powder Blue\"}]},{\"@type\":\"WebSite\",\"@id\":\"https:\\\/\\\/www.jootjeshaakcadeautjes.nl\\\/fr\\\/#website\",\"url\":\"https:\\\/\\\/www.jootjeshaakcadeautjes.nl\\\/fr\\\/\",\"name\":\"Jootjes Haakcadeautjes\",\"description\":\"Grossiste en perles de silicone\",\"publisher\":{\"@id\":\"https:\\\/\\\/www.jootjeshaakcadeautjes.nl\\\/fr\\\/#organization\"},\"potentialAction\":[{\"@type\":\"SearchAction\",\"target\":{\"@type\":\"EntryPoint\",\"urlTemplate\":\"https:\\\/\\\/www.jootjeshaakcadeautjes.nl\\\/fr\\\/?s={search_term_string}\"},\"query-input\":{\"@type\":\"PropertyValueSpecification\",\"valueRequired\":true,\"valueName\":\"search_term_string\"}}],\"inLanguage\":\"fr-FR\"},{\"@type\":\"Organization\",\"@id\":\"https:\\\/\\\/www.jootjeshaakcadeautjes.nl\\\/fr\\\/#organization\",\"name\":\"Jootjes Haakcadeautjes\",\"url\":\"https:\\\/\\\/www.jootjeshaakcadeautjes.nl\\\/fr\\\/\",\"logo\":{\"@type\":\"ImageObject\",\"inLanguage\":\"fr-FR\",\"@id\":\"https:\\\/\\\/www.jootjeshaakcadeautjes.nl\\\/fr\\\/#\\\/schema\\\/logo\\\/image\\\/\",\"url\":\"https:\\\/\\\/d1dyryakdmle7o.cloudfront.net\\\/wp-content\\\/uploads\\\/2023\\\/05\\\/Logo-rond.png\",\"contentUrl\":\"https:\\\/\\\/d1dyryakdmle7o.cloudfront.net\\\/wp-content\\\/uploads\\\/2023\\\/05\\\/Logo-rond.png\",\"width\":1222,\"height\":1222,\"caption\":\"Jootjes Haakcadeautjes\"},\"image\":{\"@id\":\"https:\\\/\\\/www.jootjeshaakcadeautjes.nl\\\/fr\\\/#\\\/schema\\\/logo\\\/image\\\/\"}}]}<\/script>\n<meta property=\"product:price:amount\" content=\"3.50\" \/>\n<meta property=\"product:price:currency\" content=\"EUR\" \/>\n<meta property=\"og:availability\" content=\"out of stock\" \/>\n<meta property=\"product:availability\" content=\"out of stock\" \/>\n<meta property=\"product:retailer_item_id\" content=\"SIL-MSB-MPB\" \/>\n<meta property=\"product:condition\" content=\"new\" \/>\n<!-- \/ Yoast SEO Premium plugin. -->","yoast_head_json":{"title":"Anneau de dentition en silicone - Monstera Leaf - Medium Powder Blue - Marque de morsure -","description":"Figurine en silicone Monstera Leaf Medium Powder Blue Sans BPA, 100%% s\u00fbr pour les b\u00e9b\u00e9s. Pour anneau de dentition ou pour le cordon de la t\u00e9tine. Assorti aux perles de Monstera.","robots":{"index":"index","follow":"follow","max-snippet":"max-snippet:-1","max-image-preview":"max-image-preview:large","max-video-preview":"max-video-preview:-1"},"canonical":"https:\/\/www.jootjeshaakcadeautjes.nl\/fr\/produit\/silicone-anneau-monstre-feuille-signifie-bleu-poudre\/","og_locale":"fr_FR","og_type":"article","og_title":"Anneau de dentition en silicone - Monstera Leaf - Medium Powder Blue","og_description":"Figurine en silicone Monstera Leaf Medium Powder Blue Sans BPA, 100%% s\u00fbr pour les b\u00e9b\u00e9s. Pour anneau de dentition ou pour le cordon de la t\u00e9tine. Assorti aux perles de Monstera.","og_url":"https:\/\/www.jootjeshaakcadeautjes.nl\/fr\/produit\/silicone-anneau-monstre-feuille-signifie-bleu-poudre\/","og_site_name":"Jootjes Haakcadeautjes","article_modified_time":"2025-05-26T12:25:56+00:00","og_image":[{"width":1986,"height":1986,"url":"https:\/\/www.jootjeshaakcadeautjes.nl\/wp-content\/uploads\/2023\/08\/20201210_000107.jpg","type":"image\/jpeg"}],"twitter_card":"summary_large_image","twitter_misc":{"Prix":"&euro;3.50 TTC","Disponibilit\u00e9":"Rupture de stock"},"schema":{"@context":"https:\/\/schema.org","@graph":[{"@type":"WebPage","@id":"https:\/\/www.jootjeshaakcadeautjes.nl\/fr\/produit\/silicone-anneau-monstre-feuille-signifie-bleu-poudre\/","url":"https:\/\/www.jootjeshaakcadeautjes.nl\/fr\/produit\/silicone-anneau-monstre-feuille-signifie-bleu-poudre\/","name":"Anneau de dentition en silicone - Monstera Leaf - Medium Powder Blue - Marque de morsure -","isPartOf":{"@id":"https:\/\/www.jootjeshaakcadeautjes.nl\/fr\/#website"},"primaryImageOfPage":{"@id":"https:\/\/www.jootjeshaakcadeautjes.nl\/fr\/produit\/silicone-anneau-monstre-feuille-signifie-bleu-poudre\/#primaryimage"},"image":{"@id":"https:\/\/www.jootjeshaakcadeautjes.nl\/fr\/produit\/silicone-anneau-monstre-feuille-signifie-bleu-poudre\/#primaryimage"},"thumbnailUrl":"https:\/\/d1dyryakdmle7o.cloudfront.net\/wp-content\/uploads\/2023\/08\/20201210_000107.jpg","datePublished":"2023-07-26T23:12:01+00:00","dateModified":"2025-05-26T12:25:56+00:00","description":"Figurine en silicone Monstera Leaf Medium Powder Blue Sans BPA, 100%% s\u00fbr pour les b\u00e9b\u00e9s. Pour anneau de dentition ou pour le cordon de la t\u00e9tine. Assorti aux perles de Monstera.","breadcrumb":{"@id":"https:\/\/www.jootjeshaakcadeautjes.nl\/fr\/produit\/silicone-anneau-monstre-feuille-signifie-bleu-poudre\/#breadcrumb"},"inLanguage":"fr-FR","potentialAction":[{"@type":"ReadAction","target":["https:\/\/www.jootjeshaakcadeautjes.nl\/fr\/produit\/silicone-anneau-monstre-feuille-signifie-bleu-poudre\/"]}]},{"@type":"ImageObject","inLanguage":"fr-FR","@id":"https:\/\/www.jootjeshaakcadeautjes.nl\/fr\/produit\/silicone-anneau-monstre-feuille-signifie-bleu-poudre\/#primaryimage","url":"https:\/\/d1dyryakdmle7o.cloudfront.net\/wp-content\/uploads\/2023\/08\/20201210_000107.jpg","contentUrl":"https:\/\/d1dyryakdmle7o.cloudfront.net\/wp-content\/uploads\/2023\/08\/20201210_000107.jpg","width":1986,"height":1986,"caption":"Feuille de monstera Jouet de dentition en silicone monstera medium powder blue wholesale baby safe"},{"@type":"BreadcrumbList","@id":"https:\/\/www.jootjeshaakcadeautjes.nl\/fr\/produit\/silicone-anneau-monstre-feuille-signifie-bleu-poudre\/#breadcrumb","itemListElement":[{"@type":"ListItem","position":1,"name":"Accueil","item":"https:\/\/www.jootjeshaakcadeautjes.nl\/fr\/"},{"@type":"ListItem","position":2,"name":"Commerce de gros de perles en silicone &#8211; Entreprises et consommateurs","item":"https:\/\/www.jootjeshaakcadeautjes.nl\/fr\/boutique\/"},{"@type":"ListItem","position":3,"name":"Anneau de dentition en silicone &#8211; Monstera Leaf &#8211; Medium Powder Blue"}]},{"@type":"WebSite","@id":"https:\/\/www.jootjeshaakcadeautjes.nl\/fr\/#website","url":"https:\/\/www.jootjeshaakcadeautjes.nl\/fr\/","name":"Jootjes Haakcadeautjes","description":"Grossiste en perles de silicone","publisher":{"@id":"https:\/\/www.jootjeshaakcadeautjes.nl\/fr\/#organization"},"potentialAction":[{"@type":"SearchAction","target":{"@type":"EntryPoint","urlTemplate":"https:\/\/www.jootjeshaakcadeautjes.nl\/fr\/?s={search_term_string}"},"query-input":{"@type":"PropertyValueSpecification","valueRequired":true,"valueName":"search_term_string"}}],"inLanguage":"fr-FR"},{"@type":"Organization","@id":"https:\/\/www.jootjeshaakcadeautjes.nl\/fr\/#organization","name":"Jootjes Haakcadeautjes","url":"https:\/\/www.jootjeshaakcadeautjes.nl\/fr\/","logo":{"@type":"ImageObject","inLanguage":"fr-FR","@id":"https:\/\/www.jootjeshaakcadeautjes.nl\/fr\/#\/schema\/logo\/image\/","url":"https:\/\/d1dyryakdmle7o.cloudfront.net\/wp-content\/uploads\/2023\/05\/Logo-rond.png","contentUrl":"https:\/\/d1dyryakdmle7o.cloudfront.net\/wp-content\/uploads\/2023\/05\/Logo-rond.png","width":1222,"height":1222,"caption":"Jootjes Haakcadeautjes"},"image":{"@id":"https:\/\/www.jootjeshaakcadeautjes.nl\/fr\/#\/schema\/logo\/image\/"}}]},"product_price_amount":"3.50","product_price_currency":"EUR","og_availability":"out of stock","product_availability":"out of stock","product_retailer_item_id":"SIL-MSB-MPB","product_condition":"new"},"_links":{"self":[{"href":"https:\/\/www.jootjeshaakcadeautjes.nl\/fr\/wp-json\/wp\/v2\/product\/131519","targetHints":{"allow":["GET"]}}],"collection":[{"href":"https:\/\/www.jootjeshaakcadeautjes.nl\/fr\/wp-json\/wp\/v2\/product"}],"about":[{"href":"https:\/\/www.jootjeshaakcadeautjes.nl\/fr\/wp-json\/wp\/v2\/types\/product"}],"version-history":[{"count":0,"href":"https:\/\/www.jootjeshaakcadeautjes.nl\/fr\/wp-json\/wp\/v2\/product\/131519\/revisions"}],"wp:featuredmedia":[{"embeddable":true,"href":"https:\/\/www.jootjeshaakcadeautjes.nl\/fr\/wp-json\/wp\/v2\/media\/131525"}],"wp:attachment":[{"href":"https:\/\/www.jootjeshaakcadeautjes.nl\/fr\/wp-json\/wp\/v2\/media?parent=131519"}],"wp:term":[{"taxonomy":"product_brand","embeddable":true,"href":"https:\/\/www.jootjeshaakcadeautjes.nl\/fr\/wp-json\/wp\/v2\/product_brand?post=131519"},{"taxonomy":"product_cat","embeddable":true,"href":"https:\/\/www.jootjeshaakcadeautjes.nl\/fr\/wp-json\/wp\/v2\/product_cat?post=131519"},{"taxonomy":"product_tag","embeddable":true,"href":"https:\/\/www.jootjeshaakcadeautjes.nl\/fr\/wp-json\/wp\/v2\/product_tag?post=131519"}],"curies":[{"name":"wp","href":"https:\/\/api.w.org\/{rel}","templated":true}]}}