{"id":131520,"date":"2023-08-11T20:30:57","date_gmt":"2023-08-11T19:30:57","guid":{"rendered":"https:\/\/www.jootjeshaakcadeautjes.nl\/product\/wobble-ball-tumbling-ball-65x80-mm-blanc-petit\/"},"modified":"2026-02-17T17:09:37","modified_gmt":"2026-02-17T16:09:37","slug":"wobble-ball-tumbling-ball-65x80-mm-blanc-petit","status":"publish","type":"product","link":"https:\/\/www.jootjeshaakcadeautjes.nl\/fr\/produit\/wobble-ball-tumbling-ball-65x80-mm-blanc-petit\/","title":{"rendered":"Boule \u00e0 bascule &#8211; Balle \u00e0 bascule &#8211; 65 x 80 mm (petit) &#8211; Blanc"},"content":{"rendered":"<h2>Boule \u00e0 bascule &#8211; Balle \u00e0 bascule &#8211; 65 x 80 mm (petit) &#8211; Blanc<\/h2>\n<p>Cr\u00e9ez votre propre gobelet avec ces boules oscillantes. Un gobelet fait \u00e0 la main constitue un cadeau de naissance id\u00e9al, par exemple pour une f\u00eate de maternit\u00e9 ou une baby shower. Il existe de nombreux mod\u00e8les magnifiques pour fabriquer votre propre gobelet. Consultez les mod\u00e8les de Rosanne Briggeman\/Knufl ou de Joke Postma\/Jookz, par exemple.<\/p>\n<p>Ces balles oscillantes \u00e9mettent un son tr\u00e8s mignon, ce qui en fait le jouet id\u00e9al pour votre enfant. Il suffit de peu de choses pour que cette balle oscillante fasse du bruit. Par cons\u00e9quent, ces boules oscillantes conviennent d\u00e9j\u00e0 aux tout-petits. Gr\u00e2ce \u00e0 sa grosse cloche lourde dont le centre de gravit\u00e9 se trouve en bas, cette balle va culbuter et tinter d&#8217;un c\u00f4t\u00e9 \u00e0 l&#8217;autre de mani\u00e8re extr\u00eamement amusante.<\/p>\n<p>Lorsque vous crochetez la boule, il est bon de tenir compte du fait que tout ce que vous ajoutez au sommet (qu&#8217;il s&#8217;agisse d&#8217;une t\u00eate, d&#8217;un corps ou d&#8217;un personnage crochet\u00e9, par exemple) doit \u00eatre plac\u00e9 correctement au milieu de la boule ondul\u00e9e (et ne doit pas \u00eatre crochet\u00e9 trop grand ou trop claquant). En effet, dans ce cas, la balle n&#8217;oscille pas aussi bien en raison de son manque d&#8217;\u00e9quilibre.<\/p>\n<p>Ces petites balles oscillantes mesurent 65 x 80 mm et sont de couleur blanche.<\/p>\n<p>Prix bas fixe de notre grossiste, nulle part ailleurs moins cher. Achetez votre balle Wobble ici !<\/p>\n","protected":false},"excerpt":{"rendered":"<p>Boule oscillante &#8211; Gobelet<\/p>\n<p>Taille : 65 x 80 mm<br \/>\nCouleur : blanc<\/p>\n<p>Convient aux mod\u00e8les de Joke Postma (Jookz) et Rosanne Briggeman (Knufl), entre autres.<\/p>\n","protected":false},"featured_media":131537,"template":"","meta":[],"product_brand":[],"product_cat":[12910,12308],"product_tag":[12918,12466,7569,12915,7533,12849,12844,12311,12917,12851,12912,12887,12372,12456,12854,12838,12916],"class_list":{"0":"post-131520","1":"product","2":"type-product","3":"status-publish","4":"has-post-thumbnail","6":"product_cat-boule-oscillante","7":"product_cat-materiel-de-bricolage-et-de-crochet","8":"product_tag-65x80-mm-fr","9":"product_tag-animaux-au-crochet-pour-bebe","10":"product_tag-balle","11":"product_tag-balle-culbuto","12":"product_tag-blanc","13":"product_tag-coccinelle","14":"product_tag-crochet-pour-bebe","15":"product_tag-crochets","16":"product_tag-crochets-pour-gobelets","17":"product_tag-gobelet","18":"product_tag-joke-postma-fr","19":"product_tag-jookz-fr","20":"product_tag-petit","21":"product_tag-rosanne-briggeman-fr","22":"product_tag-singe","23":"product_tag-tricot","24":"product_tag-vaciller","25":"product_shipping_class-envoi-de-colis-necessaire","27":"first","28":"instock","29":"taxable","30":"shipping-taxable","31":"purchasable","32":"product-type-simple"},"bundled_by":[],"bundle_stock_status":"instock","bundle_stock_quantity":50,"bundle_virtual":false,"bundle_layout":"","bundle_add_to_cart_form_location":"","bundle_editable_in_cart":false,"bundle_sold_individually_context":"","bundle_item_grouping":"","bundle_min_size":"","bundle_max_size":"","bundle_price":[],"bundled_items":[],"bundle_sell_ids":[],"yoast_head":"<!-- This site is optimized with the Yoast SEO Premium plugin v27.6 (Yoast SEO v27.6) - https:\/\/yoast.com\/product\/yoast-seo-premium-wordpress\/ -->\n<title>Boule \u00e0 bascule - Balle \u00e0 bascule - 65 x 80 mm (petit) - Blanc - Jootjes Haakcadeautjes<\/title>\n<meta name=\"description\" content=\"Boule oscillante blanche 65 x 80 mm. Tumble ball\/ tumbler pour les mod\u00e8les de crochet Joke Postma (Jookz) et Rosanne Briggeman (KNUFL). Gobelet pour b\u00e9b\u00e9 au crochet.\" \/>\n<meta name=\"robots\" content=\"index, follow, max-snippet:-1, max-image-preview:large, max-video-preview:-1\" \/>\n<link rel=\"canonical\" href=\"https:\/\/www.jootjeshaakcadeautjes.nl\/fr\/produit\/wobble-ball-tumbling-ball-65x80-mm-blanc-petit\/\" \/>\n<meta property=\"og:locale\" content=\"fr_FR\" \/>\n<meta property=\"og:type\" content=\"article\" \/>\n<meta property=\"og:title\" content=\"Boule \u00e0 bascule - Balle \u00e0 bascule - 65 x 80 mm (petit) - Blanc\" \/>\n<meta property=\"og:description\" content=\"Boule oscillante blanche 65 x 80 mm. Tumble ball\/ tumbler pour les mod\u00e8les de crochet Joke Postma (Jookz) et Rosanne Briggeman (KNUFL). Gobelet pour b\u00e9b\u00e9 au crochet.\" \/>\n<meta property=\"og:url\" content=\"https:\/\/www.jootjeshaakcadeautjes.nl\/fr\/produit\/wobble-ball-tumbling-ball-65x80-mm-blanc-petit\/\" \/>\n<meta property=\"og:site_name\" content=\"Jootjes Haakcadeautjes\" \/>\n<meta property=\"article:modified_time\" content=\"2026-02-17T16:09:37+00:00\" \/>\n<meta property=\"og:image\" content=\"https:\/\/www.jootjeshaakcadeautjes.nl\/wp-content\/uploads\/2023\/08\/63375-009_1.jpg\" \/>\n\t<meta property=\"og:image:width\" content=\"583\" \/>\n\t<meta property=\"og:image:height\" content=\"583\" \/>\n\t<meta property=\"og:image:type\" content=\"image\/jpeg\" \/>\n<meta name=\"twitter:card\" content=\"summary_large_image\" \/>\n<meta name=\"twitter:label1\" content=\"Prix\" \/>\n\t<meta name=\"twitter:data1\" content=\"&euro;5.95 TTC\" \/>\n\t<meta name=\"twitter:label2\" content=\"Disponibilit\u00e9\" \/>\n\t<meta name=\"twitter:data2\" content=\"En stock\" \/>\n<script type=\"application\/ld+json\" class=\"yoast-schema-graph\">{\"@context\":\"https:\\\/\\\/schema.org\",\"@graph\":[{\"@type\":\"WebPage\",\"@id\":\"https:\\\/\\\/www.jootjeshaakcadeautjes.nl\\\/fr\\\/produit\\\/wobble-ball-tumbling-ball-65x80-mm-blanc-petit\\\/\",\"url\":\"https:\\\/\\\/www.jootjeshaakcadeautjes.nl\\\/fr\\\/produit\\\/wobble-ball-tumbling-ball-65x80-mm-blanc-petit\\\/\",\"name\":\"Boule \u00e0 bascule - Balle \u00e0 bascule - 65 x 80 mm (petit) - Blanc - Jootjes Haakcadeautjes\",\"isPartOf\":{\"@id\":\"https:\\\/\\\/www.jootjeshaakcadeautjes.nl\\\/fr\\\/#website\"},\"primaryImageOfPage\":{\"@id\":\"https:\\\/\\\/www.jootjeshaakcadeautjes.nl\\\/fr\\\/produit\\\/wobble-ball-tumbling-ball-65x80-mm-blanc-petit\\\/#primaryimage\"},\"image\":{\"@id\":\"https:\\\/\\\/www.jootjeshaakcadeautjes.nl\\\/fr\\\/produit\\\/wobble-ball-tumbling-ball-65x80-mm-blanc-petit\\\/#primaryimage\"},\"thumbnailUrl\":\"https:\\\/\\\/d1dyryakdmle7o.cloudfront.net\\\/wp-content\\\/uploads\\\/2023\\\/08\\\/63375-009_1.jpg\",\"datePublished\":\"2023-08-11T19:30:57+00:00\",\"dateModified\":\"2026-02-17T16:09:37+00:00\",\"description\":\"Boule oscillante blanche 65 x 80 mm. Tumble ball\\\/ tumbler pour les mod\u00e8les de crochet Joke Postma (Jookz) et Rosanne Briggeman (KNUFL). Gobelet pour b\u00e9b\u00e9 au crochet.\",\"breadcrumb\":{\"@id\":\"https:\\\/\\\/www.jootjeshaakcadeautjes.nl\\\/fr\\\/produit\\\/wobble-ball-tumbling-ball-65x80-mm-blanc-petit\\\/#breadcrumb\"},\"inLanguage\":\"fr-FR\",\"potentialAction\":[{\"@type\":\"ReadAction\",\"target\":[\"https:\\\/\\\/www.jootjeshaakcadeautjes.nl\\\/fr\\\/produit\\\/wobble-ball-tumbling-ball-65x80-mm-blanc-petit\\\/\"]}]},{\"@type\":\"ImageObject\",\"inLanguage\":\"fr-FR\",\"@id\":\"https:\\\/\\\/www.jootjeshaakcadeautjes.nl\\\/fr\\\/produit\\\/wobble-ball-tumbling-ball-65x80-mm-blanc-petit\\\/#primaryimage\",\"url\":\"https:\\\/\\\/d1dyryakdmle7o.cloudfront.net\\\/wp-content\\\/uploads\\\/2023\\\/08\\\/63375-009_1.jpg\",\"contentUrl\":\"https:\\\/\\\/d1dyryakdmle7o.cloudfront.net\\\/wp-content\\\/uploads\\\/2023\\\/08\\\/63375-009_1.jpg\",\"width\":583,\"height\":583,\"caption\":\"Gobelet \u00e0 billes blanc petit 65 x 80 mm joke postma jookz rosanne briggeman knufl frog ladybird\"},{\"@type\":\"BreadcrumbList\",\"@id\":\"https:\\\/\\\/www.jootjeshaakcadeautjes.nl\\\/fr\\\/produit\\\/wobble-ball-tumbling-ball-65x80-mm-blanc-petit\\\/#breadcrumb\",\"itemListElement\":[{\"@type\":\"ListItem\",\"position\":1,\"name\":\"Accueil\",\"item\":\"https:\\\/\\\/www.jootjeshaakcadeautjes.nl\\\/fr\\\/\"},{\"@type\":\"ListItem\",\"position\":2,\"name\":\"Commerce de gros de perles en silicone &#8211; Entreprises et consommateurs\",\"item\":\"https:\\\/\\\/www.jootjeshaakcadeautjes.nl\\\/fr\\\/boutique\\\/\"},{\"@type\":\"ListItem\",\"position\":3,\"name\":\"Boule \u00e0 bascule &#8211; Balle \u00e0 bascule &#8211; 65 x 80 mm (petit) &#8211; Blanc\"}]},{\"@type\":\"WebSite\",\"@id\":\"https:\\\/\\\/www.jootjeshaakcadeautjes.nl\\\/fr\\\/#website\",\"url\":\"https:\\\/\\\/www.jootjeshaakcadeautjes.nl\\\/fr\\\/\",\"name\":\"Jootjes Haakcadeautjes\",\"description\":\"Grossiste en perles de silicone\",\"publisher\":{\"@id\":\"https:\\\/\\\/www.jootjeshaakcadeautjes.nl\\\/fr\\\/#organization\"},\"potentialAction\":[{\"@type\":\"SearchAction\",\"target\":{\"@type\":\"EntryPoint\",\"urlTemplate\":\"https:\\\/\\\/www.jootjeshaakcadeautjes.nl\\\/fr\\\/?s={search_term_string}\"},\"query-input\":{\"@type\":\"PropertyValueSpecification\",\"valueRequired\":true,\"valueName\":\"search_term_string\"}}],\"inLanguage\":\"fr-FR\"},{\"@type\":\"Organization\",\"@id\":\"https:\\\/\\\/www.jootjeshaakcadeautjes.nl\\\/fr\\\/#organization\",\"name\":\"Jootjes Haakcadeautjes\",\"url\":\"https:\\\/\\\/www.jootjeshaakcadeautjes.nl\\\/fr\\\/\",\"logo\":{\"@type\":\"ImageObject\",\"inLanguage\":\"fr-FR\",\"@id\":\"https:\\\/\\\/www.jootjeshaakcadeautjes.nl\\\/fr\\\/#\\\/schema\\\/logo\\\/image\\\/\",\"url\":\"https:\\\/\\\/d1dyryakdmle7o.cloudfront.net\\\/wp-content\\\/uploads\\\/2023\\\/05\\\/Logo-rond.png\",\"contentUrl\":\"https:\\\/\\\/d1dyryakdmle7o.cloudfront.net\\\/wp-content\\\/uploads\\\/2023\\\/05\\\/Logo-rond.png\",\"width\":1222,\"height\":1222,\"caption\":\"Jootjes Haakcadeautjes\"},\"image\":{\"@id\":\"https:\\\/\\\/www.jootjeshaakcadeautjes.nl\\\/fr\\\/#\\\/schema\\\/logo\\\/image\\\/\"}}]}<\/script>\n<meta property=\"product:price:amount\" content=\"5.95\" \/>\n<meta property=\"product:price:currency\" content=\"EUR\" \/>\n<meta property=\"og:availability\" content=\"instock\" \/>\n<meta property=\"product:availability\" content=\"instock\" \/>\n<meta property=\"product:retailer_item_id\" content=\"WBB-65X80-WIT\" \/>\n<meta property=\"product:condition\" content=\"new\" \/>\n<!-- \/ Yoast SEO Premium plugin. -->","yoast_head_json":{"title":"Boule \u00e0 bascule - Balle \u00e0 bascule - 65 x 80 mm (petit) - Blanc - Jootjes Haakcadeautjes","description":"Boule oscillante blanche 65 x 80 mm. Tumble ball\/ tumbler pour les mod\u00e8les de crochet Joke Postma (Jookz) et Rosanne Briggeman (KNUFL). Gobelet pour b\u00e9b\u00e9 au crochet.","robots":{"index":"index","follow":"follow","max-snippet":"max-snippet:-1","max-image-preview":"max-image-preview:large","max-video-preview":"max-video-preview:-1"},"canonical":"https:\/\/www.jootjeshaakcadeautjes.nl\/fr\/produit\/wobble-ball-tumbling-ball-65x80-mm-blanc-petit\/","og_locale":"fr_FR","og_type":"article","og_title":"Boule \u00e0 bascule - Balle \u00e0 bascule - 65 x 80 mm (petit) - Blanc","og_description":"Boule oscillante blanche 65 x 80 mm. Tumble ball\/ tumbler pour les mod\u00e8les de crochet Joke Postma (Jookz) et Rosanne Briggeman (KNUFL). Gobelet pour b\u00e9b\u00e9 au crochet.","og_url":"https:\/\/www.jootjeshaakcadeautjes.nl\/fr\/produit\/wobble-ball-tumbling-ball-65x80-mm-blanc-petit\/","og_site_name":"Jootjes Haakcadeautjes","article_modified_time":"2026-02-17T16:09:37+00:00","og_image":[{"width":583,"height":583,"url":"https:\/\/www.jootjeshaakcadeautjes.nl\/wp-content\/uploads\/2023\/08\/63375-009_1.jpg","type":"image\/jpeg"}],"twitter_card":"summary_large_image","twitter_misc":{"Prix":"&euro;5.95 TTC","Disponibilit\u00e9":"En stock"},"schema":{"@context":"https:\/\/schema.org","@graph":[{"@type":"WebPage","@id":"https:\/\/www.jootjeshaakcadeautjes.nl\/fr\/produit\/wobble-ball-tumbling-ball-65x80-mm-blanc-petit\/","url":"https:\/\/www.jootjeshaakcadeautjes.nl\/fr\/produit\/wobble-ball-tumbling-ball-65x80-mm-blanc-petit\/","name":"Boule \u00e0 bascule - Balle \u00e0 bascule - 65 x 80 mm (petit) - Blanc - Jootjes Haakcadeautjes","isPartOf":{"@id":"https:\/\/www.jootjeshaakcadeautjes.nl\/fr\/#website"},"primaryImageOfPage":{"@id":"https:\/\/www.jootjeshaakcadeautjes.nl\/fr\/produit\/wobble-ball-tumbling-ball-65x80-mm-blanc-petit\/#primaryimage"},"image":{"@id":"https:\/\/www.jootjeshaakcadeautjes.nl\/fr\/produit\/wobble-ball-tumbling-ball-65x80-mm-blanc-petit\/#primaryimage"},"thumbnailUrl":"https:\/\/d1dyryakdmle7o.cloudfront.net\/wp-content\/uploads\/2023\/08\/63375-009_1.jpg","datePublished":"2023-08-11T19:30:57+00:00","dateModified":"2026-02-17T16:09:37+00:00","description":"Boule oscillante blanche 65 x 80 mm. Tumble ball\/ tumbler pour les mod\u00e8les de crochet Joke Postma (Jookz) et Rosanne Briggeman (KNUFL). Gobelet pour b\u00e9b\u00e9 au crochet.","breadcrumb":{"@id":"https:\/\/www.jootjeshaakcadeautjes.nl\/fr\/produit\/wobble-ball-tumbling-ball-65x80-mm-blanc-petit\/#breadcrumb"},"inLanguage":"fr-FR","potentialAction":[{"@type":"ReadAction","target":["https:\/\/www.jootjeshaakcadeautjes.nl\/fr\/produit\/wobble-ball-tumbling-ball-65x80-mm-blanc-petit\/"]}]},{"@type":"ImageObject","inLanguage":"fr-FR","@id":"https:\/\/www.jootjeshaakcadeautjes.nl\/fr\/produit\/wobble-ball-tumbling-ball-65x80-mm-blanc-petit\/#primaryimage","url":"https:\/\/d1dyryakdmle7o.cloudfront.net\/wp-content\/uploads\/2023\/08\/63375-009_1.jpg","contentUrl":"https:\/\/d1dyryakdmle7o.cloudfront.net\/wp-content\/uploads\/2023\/08\/63375-009_1.jpg","width":583,"height":583,"caption":"Gobelet \u00e0 billes blanc petit 65 x 80 mm joke postma jookz rosanne briggeman knufl frog ladybird"},{"@type":"BreadcrumbList","@id":"https:\/\/www.jootjeshaakcadeautjes.nl\/fr\/produit\/wobble-ball-tumbling-ball-65x80-mm-blanc-petit\/#breadcrumb","itemListElement":[{"@type":"ListItem","position":1,"name":"Accueil","item":"https:\/\/www.jootjeshaakcadeautjes.nl\/fr\/"},{"@type":"ListItem","position":2,"name":"Commerce de gros de perles en silicone &#8211; Entreprises et consommateurs","item":"https:\/\/www.jootjeshaakcadeautjes.nl\/fr\/boutique\/"},{"@type":"ListItem","position":3,"name":"Boule \u00e0 bascule &#8211; Balle \u00e0 bascule &#8211; 65 x 80 mm (petit) &#8211; Blanc"}]},{"@type":"WebSite","@id":"https:\/\/www.jootjeshaakcadeautjes.nl\/fr\/#website","url":"https:\/\/www.jootjeshaakcadeautjes.nl\/fr\/","name":"Jootjes Haakcadeautjes","description":"Grossiste en perles de silicone","publisher":{"@id":"https:\/\/www.jootjeshaakcadeautjes.nl\/fr\/#organization"},"potentialAction":[{"@type":"SearchAction","target":{"@type":"EntryPoint","urlTemplate":"https:\/\/www.jootjeshaakcadeautjes.nl\/fr\/?s={search_term_string}"},"query-input":{"@type":"PropertyValueSpecification","valueRequired":true,"valueName":"search_term_string"}}],"inLanguage":"fr-FR"},{"@type":"Organization","@id":"https:\/\/www.jootjeshaakcadeautjes.nl\/fr\/#organization","name":"Jootjes Haakcadeautjes","url":"https:\/\/www.jootjeshaakcadeautjes.nl\/fr\/","logo":{"@type":"ImageObject","inLanguage":"fr-FR","@id":"https:\/\/www.jootjeshaakcadeautjes.nl\/fr\/#\/schema\/logo\/image\/","url":"https:\/\/d1dyryakdmle7o.cloudfront.net\/wp-content\/uploads\/2023\/05\/Logo-rond.png","contentUrl":"https:\/\/d1dyryakdmle7o.cloudfront.net\/wp-content\/uploads\/2023\/05\/Logo-rond.png","width":1222,"height":1222,"caption":"Jootjes Haakcadeautjes"},"image":{"@id":"https:\/\/www.jootjeshaakcadeautjes.nl\/fr\/#\/schema\/logo\/image\/"}}]},"product_price_amount":"5.95","product_price_currency":"EUR","og_availability":"instock","product_availability":"instock","product_retailer_item_id":"WBB-65X80-WIT","product_condition":"new"},"_links":{"self":[{"href":"https:\/\/www.jootjeshaakcadeautjes.nl\/fr\/wp-json\/wp\/v2\/product\/131520","targetHints":{"allow":["GET"]}}],"collection":[{"href":"https:\/\/www.jootjeshaakcadeautjes.nl\/fr\/wp-json\/wp\/v2\/product"}],"about":[{"href":"https:\/\/www.jootjeshaakcadeautjes.nl\/fr\/wp-json\/wp\/v2\/types\/product"}],"version-history":[{"count":0,"href":"https:\/\/www.jootjeshaakcadeautjes.nl\/fr\/wp-json\/wp\/v2\/product\/131520\/revisions"}],"wp:featuredmedia":[{"embeddable":true,"href":"https:\/\/www.jootjeshaakcadeautjes.nl\/fr\/wp-json\/wp\/v2\/media\/131537"}],"wp:attachment":[{"href":"https:\/\/www.jootjeshaakcadeautjes.nl\/fr\/wp-json\/wp\/v2\/media?parent=131520"}],"wp:term":[{"taxonomy":"product_brand","embeddable":true,"href":"https:\/\/www.jootjeshaakcadeautjes.nl\/fr\/wp-json\/wp\/v2\/product_brand?post=131520"},{"taxonomy":"product_cat","embeddable":true,"href":"https:\/\/www.jootjeshaakcadeautjes.nl\/fr\/wp-json\/wp\/v2\/product_cat?post=131520"},{"taxonomy":"product_tag","embeddable":true,"href":"https:\/\/www.jootjeshaakcadeautjes.nl\/fr\/wp-json\/wp\/v2\/product_tag?post=131520"}],"curies":[{"name":"wp","href":"https:\/\/api.w.org\/{rel}","templated":true}]}}