{"id":131531,"date":"2023-07-27T18:24:35","date_gmt":"2023-07-27T16:24:35","guid":{"rendered":"https:\/\/www.jootjeshaakcadeautjes.nl\/product\/fournitures-yarn-kit-rattle-and-wagon-puller-ladybird-knufl\/"},"modified":"2025-03-11T04:32:28","modified_gmt":"2025-03-11T03:32:28","slug":"fournitures-yarn-kit-rattle-and-wagon-puller-ladybird-knufl","status":"publish","type":"product","link":"https:\/\/www.jootjeshaakcadeautjes.nl\/fr\/produit\/fournitures-yarn-kit-rattle-and-wagon-puller-ladybird-knufl\/","title":{"rendered":"Fournitures \/ Paquet de fils &#8211; Rattle and Wagon Spanner Ladybird &#8211; Knufl"},"content":{"rendered":"<h2>Fournitures \/ Paquet de fils &#8211; Rattle and Wagon Spanner Ladybird &#8211; Knufl<\/h2>\n<p>Ce kit permet de fabriquer tr\u00e8s facilement le hochet de la coccinelle et le tendeur de poussette de Knufl. Le cordon en satin pour l&#8217;enfilage et la tension de la cha\u00eene de landau est fourni avec ce kit. En effet, nous consid\u00e9rons qu&#8217;il s&#8217;agit d&#8217;un produit meilleur et plus s\u00fbr que l&#8217;\u00e9lastique et que la colle textile ne doit pas \u00eatre utilis\u00e9e dans ce type de cr\u00e9ation.<\/p>\n<p>Non inclus :<\/p>\n<ul>\n<li><a href=\"https:\/\/www.jootjeshaakcadeautjes.nl\/fr\/produit\/animaux-crochet-pour-bebe-rosanne-briggeman-knufl\/\">Le livre Animaux au crochet pour b\u00e9b\u00e9. Si vous ne les avez pas encore, vous pouvez les acheter ici.  <\/a><\/li>\n<li><a href=\"https:\/\/www.jootjeshaakcadeautjes.nl\/fr\/produit\/set-daiguilles-a-crochet-soft-grip-large\/\">Crochet 2,5 mm &gt;&gt; Si vous n&#8217;avez pas encore de crochet, vous pouvez le trouver ici.<\/a><\/li>\n<li><a href=\"https:\/\/www.jootjeshaakcadeautjes.nl\/fr\/product-categorie\/materiel-de-bricolage-et-de-crochet\/ciseaux-a-broder\/\">Ciseaux de bricolage &gt;&gt; Si vous n&#8217;avez pas encore de ciseaux de broderie, vous les trouverez ici.<\/a><\/li>\n<li><a href=\"https:\/\/www.jootjeshaakcadeautjes.nl\/fr\/produit\/enfiler-laiguille\/\">Aiguille enfil\u00e9e &gt;&gt; Si vous n&#8217;en avez pas d\u00e9j\u00e0 une, vous pouvez la trouver ici.  <\/a><\/li>\n<li>Remplissage*<\/li>\n<\/ul>\n<p>*Nous recommandons un oreiller lavable bon march\u00e9, par exemple de la marque Action. Il peut \u00eatre facilement vid\u00e9 et est parfait pour \u00eatre utilis\u00e9 comme remplissage.<\/p>\n","protected":false},"excerpt":{"rendered":"<p>Ce kit permet de fabriquer tr\u00e8s facilement le hochet de la coccinelle et le tendeur de poussette de Knufl. Le cordon en satin pour l&#8217;enfilage et la tension de la cha\u00eene de landau est fourni avec ce kit. En effet, nous consid\u00e9rons qu&#8217;il s&#8217;agit d&#8217;un produit meilleur et plus s\u00fbr que l&#8217;\u00e9lastique et que la colle textile ne doit pas \u00eatre utilis\u00e9e dans ce type de cr\u00e9ation.<\/p>\n<p>Non inclus :<\/p>\n<ul>\n<li><a href=\"https:\/\/www.jootjeshaakcadeautjes.nl\/product\/dieren-haken-voor-de-baby-rosanne-briggeman-knufl\/\">Le livre Animaux au crochet pour b\u00e9b\u00e9. Si vous ne les avez pas encore, vous pouvez les acheter ici.  <\/a><\/li>\n<li><a href=\"https:\/\/www.jootjeshaakcadeautjes.nl\/product\/haaknaalden-set-softgrip-groot\/\">Crochet 2,5 mm &gt;&gt; Si vous n&#8217;avez pas encore de crochet, vous pouvez le trouver ici.<\/a><\/li>\n<li><a href=\"https:\/\/www.jootjeshaakcadeautjes.nl\/product-categorie\/haakbenodigdheden\/borduurschaartjes\/\">Ciseaux de bricolage &gt;&gt; Si vous n&#8217;avez pas encore de ciseaux de broderie, vous les trouverez ici.<\/a><\/li>\n<li><a href=\"https:\/\/www.jootjeshaakcadeautjes.nl\/product\/rijgnaald\/\">Aiguille enfil\u00e9e &gt;&gt; Si vous n&#8217;en avez pas d\u00e9j\u00e0 une, vous pouvez la trouver ici.  <\/a><\/li>\n<li>Remplissage*<\/li>\n<\/ul>\n<p>*Nous recommandons un oreiller lavable bon march\u00e9, par exemple de la marque Action. Il peut \u00eatre facilement vid\u00e9 et est parfait pour \u00eatre utilis\u00e9 comme remplissage.<\/p>\n","protected":false},"featured_media":131538,"template":"","meta":[],"product_brand":[],"product_cat":[12629,12308],"product_tag":[12636,12466,7401,12824,7455,12849,12311,12852,12850,12563,12301,12460,7637,12828,12428,12826,12660],"class_list":{"0":"post-131531","1":"product","2":"type-product","3":"status-publish","4":"has-post-thumbnail","6":"product_cat-livres-et-kits-de-crochet","7":"product_cat-materiel-de-bricolage-et-de-crochet","8":"product_tag-animaux","9":"product_tag-animaux-au-crochet-pour-bebe","10":"product_tag-bebe","11":"product_tag-briggeman-fr","12":"product_tag-chaine-de-landau","13":"product_tag-coccinelle","14":"product_tag-crochets","15":"product_tag-de-luxe","16":"product_tag-entiere","17":"product_tag-fournitures","18":"product_tag-hochet","19":"product_tag-knufl-fr","20":"product_tag-les","21":"product_tag-paquet-de-fils","22":"product_tag-pour","23":"product_tag-rosanne-fr","24":"product_tag-tour-dempilage","26":"first","27":"outofstock","28":"virtual","29":"taxable","30":"product-type-bundle"},"bundled_by":[],"bundle_stock_status":"outofstock","bundle_stock_quantity":0,"bundle_virtual":false,"bundle_layout":"default","bundle_add_to_cart_form_location":"default","bundle_editable_in_cart":false,"bundle_sold_individually_context":"product","bundle_item_grouping":"parent","bundle_min_size":"","bundle_max_size":"","bundle_price":{"price":{"min":{"incl_tax":"29.95","excl_tax":"24.752066"},"max":{"incl_tax":"29.95","excl_tax":"24.752066"}},"regular_price":{"min":{"incl_tax":"29.95","excl_tax":"24.752066"},"max":{"incl_tax":"29.95","excl_tax":"24.752066"}}},"bundled_items":[],"bundle_sell_ids":[],"yoast_head":"<!-- This site is optimized with the Yoast SEO Premium plugin v27.6 (Yoast SEO v27.6) - https:\/\/yoast.com\/product\/yoast-seo-premium-wordpress\/ -->\n<title>Fournitures \/ Paquet de fils - Rattle and Wagon Spanner Ladybird - Knufl - Jootjes Haakcadeautjes<\/title>\n<meta name=\"description\" content=\"Commandez vos fournitures pour le set Ladybird dans le livre Crocheting Animals for Baby de Rosanne Briggeman \/ Knufl ici.\" \/>\n<meta name=\"robots\" content=\"index, follow, max-snippet:-1, max-image-preview:large, max-video-preview:-1\" \/>\n<link rel=\"canonical\" href=\"https:\/\/www.jootjeshaakcadeautjes.nl\/fr\/produit\/fournitures-yarn-kit-rattle-and-wagon-puller-ladybird-knufl\/\" \/>\n<meta property=\"og:locale\" content=\"fr_FR\" \/>\n<meta property=\"og:type\" content=\"article\" \/>\n<meta property=\"og:title\" content=\"Fournitures \/ Paquet de fils - Rattle and Wagon Spanner Ladybird - Knufl\" \/>\n<meta property=\"og:description\" content=\"Commandez vos fournitures pour le set Ladybird dans le livre Crocheting Animals for Baby de Rosanne Briggeman \/ Knufl ici.\" \/>\n<meta property=\"og:url\" content=\"https:\/\/www.jootjeshaakcadeautjes.nl\/fr\/produit\/fournitures-yarn-kit-rattle-and-wagon-puller-ladybird-knufl\/\" \/>\n<meta property=\"og:site_name\" content=\"Jootjes Haakcadeautjes\" \/>\n<meta property=\"article:modified_time\" content=\"2025-03-11T03:32:28+00:00\" \/>\n<meta property=\"og:image\" content=\"https:\/\/www.jootjeshaakcadeautjes.nl\/wp-content\/uploads\/2023\/08\/Lieveheersbeestje-Deluxe-Rammelaar-en-Wagenspanner-Rosanne-Briggeman-Knufl-Garenpakket-Benodigdheden-Groothandel-Haken.jpg\" \/>\n\t<meta property=\"og:image:width\" content=\"951\" \/>\n\t<meta property=\"og:image:height\" content=\"909\" \/>\n\t<meta property=\"og:image:type\" content=\"image\/jpeg\" \/>\n<meta name=\"twitter:card\" content=\"summary_large_image\" \/>\n<meta name=\"twitter:label1\" content=\"Prix\" \/>\n\t<meta name=\"twitter:data1\" content=\"&euro;29.95 TTC\" \/>\n\t<meta name=\"twitter:label2\" content=\"Disponibilit\u00e9\" \/>\n\t<meta name=\"twitter:data2\" content=\"Rupture de stock\" \/>\n<script type=\"application\/ld+json\" class=\"yoast-schema-graph\">{\"@context\":\"https:\\\/\\\/schema.org\",\"@graph\":[{\"@type\":\"WebPage\",\"@id\":\"https:\\\/\\\/www.jootjeshaakcadeautjes.nl\\\/fr\\\/produit\\\/fournitures-yarn-kit-rattle-and-wagon-puller-ladybird-knufl\\\/\",\"url\":\"https:\\\/\\\/www.jootjeshaakcadeautjes.nl\\\/fr\\\/produit\\\/fournitures-yarn-kit-rattle-and-wagon-puller-ladybird-knufl\\\/\",\"name\":\"Fournitures \\\/ Paquet de fils - Rattle and Wagon Spanner Ladybird - Knufl - Jootjes Haakcadeautjes\",\"isPartOf\":{\"@id\":\"https:\\\/\\\/www.jootjeshaakcadeautjes.nl\\\/fr\\\/#website\"},\"primaryImageOfPage\":{\"@id\":\"https:\\\/\\\/www.jootjeshaakcadeautjes.nl\\\/fr\\\/produit\\\/fournitures-yarn-kit-rattle-and-wagon-puller-ladybird-knufl\\\/#primaryimage\"},\"image\":{\"@id\":\"https:\\\/\\\/www.jootjeshaakcadeautjes.nl\\\/fr\\\/produit\\\/fournitures-yarn-kit-rattle-and-wagon-puller-ladybird-knufl\\\/#primaryimage\"},\"thumbnailUrl\":\"https:\\\/\\\/d1dyryakdmle7o.cloudfront.net\\\/wp-content\\\/uploads\\\/2023\\\/08\\\/Lieveheersbeestje-Deluxe-Rammelaar-en-Wagenspanner-Rosanne-Briggeman-Knufl-Garenpakket-Benodigdheden-Groothandel-Haken.jpg\",\"datePublished\":\"2023-07-27T16:24:35+00:00\",\"dateModified\":\"2025-03-11T03:32:28+00:00\",\"description\":\"Commandez vos fournitures pour le set Ladybird dans le livre Crocheting Animals for Baby de Rosanne Briggeman \\\/ Knufl ici.\",\"breadcrumb\":{\"@id\":\"https:\\\/\\\/www.jootjeshaakcadeautjes.nl\\\/fr\\\/produit\\\/fournitures-yarn-kit-rattle-and-wagon-puller-ladybird-knufl\\\/#breadcrumb\"},\"inLanguage\":\"fr-FR\",\"potentialAction\":[{\"@type\":\"ReadAction\",\"target\":[\"https:\\\/\\\/www.jootjeshaakcadeautjes.nl\\\/fr\\\/produit\\\/fournitures-yarn-kit-rattle-and-wagon-puller-ladybird-knufl\\\/\"]}]},{\"@type\":\"ImageObject\",\"inLanguage\":\"fr-FR\",\"@id\":\"https:\\\/\\\/www.jootjeshaakcadeautjes.nl\\\/fr\\\/produit\\\/fournitures-yarn-kit-rattle-and-wagon-puller-ladybird-knufl\\\/#primaryimage\",\"url\":\"https:\\\/\\\/d1dyryakdmle7o.cloudfront.net\\\/wp-content\\\/uploads\\\/2023\\\/08\\\/Lieveheersbeestje-Deluxe-Rammelaar-en-Wagenspanner-Rosanne-Briggeman-Knufl-Garenpakket-Benodigdheden-Groothandel-Haken.jpg\",\"contentUrl\":\"https:\\\/\\\/d1dyryakdmle7o.cloudfront.net\\\/wp-content\\\/uploads\\\/2023\\\/08\\\/Lieveheersbeestje-Deluxe-Rammelaar-en-Wagenspanner-Rosanne-Briggeman-Knufl-Garenpakket-Benodigdheden-Groothandel-Haken.jpg\",\"width\":951,\"height\":909,\"caption\":\"Ladybird Deluxe Rattle and Wagon Spanner Rosanne Briggeman Knufl Yarn Package Supplies Wholesale Crochet\"},{\"@type\":\"BreadcrumbList\",\"@id\":\"https:\\\/\\\/www.jootjeshaakcadeautjes.nl\\\/fr\\\/produit\\\/fournitures-yarn-kit-rattle-and-wagon-puller-ladybird-knufl\\\/#breadcrumb\",\"itemListElement\":[{\"@type\":\"ListItem\",\"position\":1,\"name\":\"Accueil\",\"item\":\"https:\\\/\\\/www.jootjeshaakcadeautjes.nl\\\/fr\\\/\"},{\"@type\":\"ListItem\",\"position\":2,\"name\":\"Commerce de gros de perles en silicone &#8211; Entreprises et consommateurs\",\"item\":\"https:\\\/\\\/www.jootjeshaakcadeautjes.nl\\\/fr\\\/boutique\\\/\"},{\"@type\":\"ListItem\",\"position\":3,\"name\":\"Fournitures \\\/ Paquet de fils &#8211; Rattle and Wagon Spanner Ladybird &#8211; Knufl\"}]},{\"@type\":\"WebSite\",\"@id\":\"https:\\\/\\\/www.jootjeshaakcadeautjes.nl\\\/fr\\\/#website\",\"url\":\"https:\\\/\\\/www.jootjeshaakcadeautjes.nl\\\/fr\\\/\",\"name\":\"Jootjes Haakcadeautjes\",\"description\":\"Grossiste en perles de silicone\",\"publisher\":{\"@id\":\"https:\\\/\\\/www.jootjeshaakcadeautjes.nl\\\/fr\\\/#organization\"},\"potentialAction\":[{\"@type\":\"SearchAction\",\"target\":{\"@type\":\"EntryPoint\",\"urlTemplate\":\"https:\\\/\\\/www.jootjeshaakcadeautjes.nl\\\/fr\\\/?s={search_term_string}\"},\"query-input\":{\"@type\":\"PropertyValueSpecification\",\"valueRequired\":true,\"valueName\":\"search_term_string\"}}],\"inLanguage\":\"fr-FR\"},{\"@type\":\"Organization\",\"@id\":\"https:\\\/\\\/www.jootjeshaakcadeautjes.nl\\\/fr\\\/#organization\",\"name\":\"Jootjes Haakcadeautjes\",\"url\":\"https:\\\/\\\/www.jootjeshaakcadeautjes.nl\\\/fr\\\/\",\"logo\":{\"@type\":\"ImageObject\",\"inLanguage\":\"fr-FR\",\"@id\":\"https:\\\/\\\/www.jootjeshaakcadeautjes.nl\\\/fr\\\/#\\\/schema\\\/logo\\\/image\\\/\",\"url\":\"https:\\\/\\\/d1dyryakdmle7o.cloudfront.net\\\/wp-content\\\/uploads\\\/2023\\\/05\\\/Logo-rond.png\",\"contentUrl\":\"https:\\\/\\\/d1dyryakdmle7o.cloudfront.net\\\/wp-content\\\/uploads\\\/2023\\\/05\\\/Logo-rond.png\",\"width\":1222,\"height\":1222,\"caption\":\"Jootjes Haakcadeautjes\"},\"image\":{\"@id\":\"https:\\\/\\\/www.jootjeshaakcadeautjes.nl\\\/fr\\\/#\\\/schema\\\/logo\\\/image\\\/\"}}]}<\/script>\n<meta property=\"product:price:amount\" content=\"29.95\" \/>\n<meta property=\"product:price:currency\" content=\"EUR\" \/>\n<meta property=\"og:availability\" content=\"out of stock\" \/>\n<meta property=\"product:availability\" content=\"out of stock\" \/>\n<meta property=\"product:retailer_item_id\" content=\"PAK-UIL-LVH-KNUFL-1\" \/>\n<meta property=\"product:condition\" content=\"new\" \/>\n<!-- \/ Yoast SEO Premium plugin. -->","yoast_head_json":{"title":"Fournitures \/ Paquet de fils - Rattle and Wagon Spanner Ladybird - Knufl - Jootjes Haakcadeautjes","description":"Commandez vos fournitures pour le set Ladybird dans le livre Crocheting Animals for Baby de Rosanne Briggeman \/ Knufl ici.","robots":{"index":"index","follow":"follow","max-snippet":"max-snippet:-1","max-image-preview":"max-image-preview:large","max-video-preview":"max-video-preview:-1"},"canonical":"https:\/\/www.jootjeshaakcadeautjes.nl\/fr\/produit\/fournitures-yarn-kit-rattle-and-wagon-puller-ladybird-knufl\/","og_locale":"fr_FR","og_type":"article","og_title":"Fournitures \/ Paquet de fils - Rattle and Wagon Spanner Ladybird - Knufl","og_description":"Commandez vos fournitures pour le set Ladybird dans le livre Crocheting Animals for Baby de Rosanne Briggeman \/ Knufl ici.","og_url":"https:\/\/www.jootjeshaakcadeautjes.nl\/fr\/produit\/fournitures-yarn-kit-rattle-and-wagon-puller-ladybird-knufl\/","og_site_name":"Jootjes Haakcadeautjes","article_modified_time":"2025-03-11T03:32:28+00:00","og_image":[{"width":951,"height":909,"url":"https:\/\/www.jootjeshaakcadeautjes.nl\/wp-content\/uploads\/2023\/08\/Lieveheersbeestje-Deluxe-Rammelaar-en-Wagenspanner-Rosanne-Briggeman-Knufl-Garenpakket-Benodigdheden-Groothandel-Haken.jpg","type":"image\/jpeg"}],"twitter_card":"summary_large_image","twitter_misc":{"Prix":"&euro;29.95 TTC","Disponibilit\u00e9":"Rupture de stock"},"schema":{"@context":"https:\/\/schema.org","@graph":[{"@type":"WebPage","@id":"https:\/\/www.jootjeshaakcadeautjes.nl\/fr\/produit\/fournitures-yarn-kit-rattle-and-wagon-puller-ladybird-knufl\/","url":"https:\/\/www.jootjeshaakcadeautjes.nl\/fr\/produit\/fournitures-yarn-kit-rattle-and-wagon-puller-ladybird-knufl\/","name":"Fournitures \/ Paquet de fils - Rattle and Wagon Spanner Ladybird - Knufl - Jootjes Haakcadeautjes","isPartOf":{"@id":"https:\/\/www.jootjeshaakcadeautjes.nl\/fr\/#website"},"primaryImageOfPage":{"@id":"https:\/\/www.jootjeshaakcadeautjes.nl\/fr\/produit\/fournitures-yarn-kit-rattle-and-wagon-puller-ladybird-knufl\/#primaryimage"},"image":{"@id":"https:\/\/www.jootjeshaakcadeautjes.nl\/fr\/produit\/fournitures-yarn-kit-rattle-and-wagon-puller-ladybird-knufl\/#primaryimage"},"thumbnailUrl":"https:\/\/d1dyryakdmle7o.cloudfront.net\/wp-content\/uploads\/2023\/08\/Lieveheersbeestje-Deluxe-Rammelaar-en-Wagenspanner-Rosanne-Briggeman-Knufl-Garenpakket-Benodigdheden-Groothandel-Haken.jpg","datePublished":"2023-07-27T16:24:35+00:00","dateModified":"2025-03-11T03:32:28+00:00","description":"Commandez vos fournitures pour le set Ladybird dans le livre Crocheting Animals for Baby de Rosanne Briggeman \/ Knufl ici.","breadcrumb":{"@id":"https:\/\/www.jootjeshaakcadeautjes.nl\/fr\/produit\/fournitures-yarn-kit-rattle-and-wagon-puller-ladybird-knufl\/#breadcrumb"},"inLanguage":"fr-FR","potentialAction":[{"@type":"ReadAction","target":["https:\/\/www.jootjeshaakcadeautjes.nl\/fr\/produit\/fournitures-yarn-kit-rattle-and-wagon-puller-ladybird-knufl\/"]}]},{"@type":"ImageObject","inLanguage":"fr-FR","@id":"https:\/\/www.jootjeshaakcadeautjes.nl\/fr\/produit\/fournitures-yarn-kit-rattle-and-wagon-puller-ladybird-knufl\/#primaryimage","url":"https:\/\/d1dyryakdmle7o.cloudfront.net\/wp-content\/uploads\/2023\/08\/Lieveheersbeestje-Deluxe-Rammelaar-en-Wagenspanner-Rosanne-Briggeman-Knufl-Garenpakket-Benodigdheden-Groothandel-Haken.jpg","contentUrl":"https:\/\/d1dyryakdmle7o.cloudfront.net\/wp-content\/uploads\/2023\/08\/Lieveheersbeestje-Deluxe-Rammelaar-en-Wagenspanner-Rosanne-Briggeman-Knufl-Garenpakket-Benodigdheden-Groothandel-Haken.jpg","width":951,"height":909,"caption":"Ladybird Deluxe Rattle and Wagon Spanner Rosanne Briggeman Knufl Yarn Package Supplies Wholesale Crochet"},{"@type":"BreadcrumbList","@id":"https:\/\/www.jootjeshaakcadeautjes.nl\/fr\/produit\/fournitures-yarn-kit-rattle-and-wagon-puller-ladybird-knufl\/#breadcrumb","itemListElement":[{"@type":"ListItem","position":1,"name":"Accueil","item":"https:\/\/www.jootjeshaakcadeautjes.nl\/fr\/"},{"@type":"ListItem","position":2,"name":"Commerce de gros de perles en silicone &#8211; Entreprises et consommateurs","item":"https:\/\/www.jootjeshaakcadeautjes.nl\/fr\/boutique\/"},{"@type":"ListItem","position":3,"name":"Fournitures \/ Paquet de fils &#8211; Rattle and Wagon Spanner Ladybird &#8211; Knufl"}]},{"@type":"WebSite","@id":"https:\/\/www.jootjeshaakcadeautjes.nl\/fr\/#website","url":"https:\/\/www.jootjeshaakcadeautjes.nl\/fr\/","name":"Jootjes Haakcadeautjes","description":"Grossiste en perles de silicone","publisher":{"@id":"https:\/\/www.jootjeshaakcadeautjes.nl\/fr\/#organization"},"potentialAction":[{"@type":"SearchAction","target":{"@type":"EntryPoint","urlTemplate":"https:\/\/www.jootjeshaakcadeautjes.nl\/fr\/?s={search_term_string}"},"query-input":{"@type":"PropertyValueSpecification","valueRequired":true,"valueName":"search_term_string"}}],"inLanguage":"fr-FR"},{"@type":"Organization","@id":"https:\/\/www.jootjeshaakcadeautjes.nl\/fr\/#organization","name":"Jootjes Haakcadeautjes","url":"https:\/\/www.jootjeshaakcadeautjes.nl\/fr\/","logo":{"@type":"ImageObject","inLanguage":"fr-FR","@id":"https:\/\/www.jootjeshaakcadeautjes.nl\/fr\/#\/schema\/logo\/image\/","url":"https:\/\/d1dyryakdmle7o.cloudfront.net\/wp-content\/uploads\/2023\/05\/Logo-rond.png","contentUrl":"https:\/\/d1dyryakdmle7o.cloudfront.net\/wp-content\/uploads\/2023\/05\/Logo-rond.png","width":1222,"height":1222,"caption":"Jootjes Haakcadeautjes"},"image":{"@id":"https:\/\/www.jootjeshaakcadeautjes.nl\/fr\/#\/schema\/logo\/image\/"}}]},"product_price_amount":"29.95","product_price_currency":"EUR","og_availability":"out of stock","product_availability":"out of stock","product_retailer_item_id":"PAK-UIL-LVH-KNUFL-1","product_condition":"new"},"_links":{"self":[{"href":"https:\/\/www.jootjeshaakcadeautjes.nl\/fr\/wp-json\/wp\/v2\/product\/131531","targetHints":{"allow":["GET"]}}],"collection":[{"href":"https:\/\/www.jootjeshaakcadeautjes.nl\/fr\/wp-json\/wp\/v2\/product"}],"about":[{"href":"https:\/\/www.jootjeshaakcadeautjes.nl\/fr\/wp-json\/wp\/v2\/types\/product"}],"version-history":[{"count":0,"href":"https:\/\/www.jootjeshaakcadeautjes.nl\/fr\/wp-json\/wp\/v2\/product\/131531\/revisions"}],"wp:featuredmedia":[{"embeddable":true,"href":"https:\/\/www.jootjeshaakcadeautjes.nl\/fr\/wp-json\/wp\/v2\/media\/131538"}],"wp:attachment":[{"href":"https:\/\/www.jootjeshaakcadeautjes.nl\/fr\/wp-json\/wp\/v2\/media?parent=131531"}],"wp:term":[{"taxonomy":"product_brand","embeddable":true,"href":"https:\/\/www.jootjeshaakcadeautjes.nl\/fr\/wp-json\/wp\/v2\/product_brand?post=131531"},{"taxonomy":"product_cat","embeddable":true,"href":"https:\/\/www.jootjeshaakcadeautjes.nl\/fr\/wp-json\/wp\/v2\/product_cat?post=131531"},{"taxonomy":"product_tag","embeddable":true,"href":"https:\/\/www.jootjeshaakcadeautjes.nl\/fr\/wp-json\/wp\/v2\/product_tag?post=131531"}],"curies":[{"name":"wp","href":"https:\/\/api.w.org\/{rel}","templated":true}]}}