{"id":131551,"date":"2023-07-27T00:09:59","date_gmt":"2023-07-26T23:09:59","guid":{"rendered":"https:\/\/www.jootjeshaakcadeautjes.nl\/product\/supplies-yarn-kit-cart-hanger-monkey-knufl\/"},"modified":"2025-10-11T16:52:42","modified_gmt":"2025-10-11T14:52:42","slug":"supplies-yarn-kit-cart-hanger-monkey-knufl","status":"publish","type":"product","link":"https:\/\/www.jootjeshaakcadeautjes.nl\/fr\/produit\/supplies-yarn-kit-cart-hanger-monkey-knufl\/","title":{"rendered":"Fournitures \/ Paquet de fils &#8211; Pendentif Singe &#8211; Knufl"},"content":{"rendered":"<h2>Fournitures \/ Paquet de fils &#8211; Pendentif Singe &#8211; Knufl<\/h2>\n<p>Ce kit permet de r\u00e9aliser tr\u00e8s facilement le singe de Knufl.<\/p>\n<p>Non inclus :<\/p>\n<ul>\n<li><a href=\"https:\/\/www.jootjeshaakcadeautjes.nl\/product\/dieren-haken-voor-de-baby-rosanne-briggeman-knufl\/\">Le livre Animaux au crochet pour b\u00e9b\u00e9. Si vous ne les avez pas encore, vous pouvez les acheter ici.  <\/a><\/li>\n<li><a href=\"https:\/\/www.jootjeshaakcadeautjes.nl\/fr\/product\/set-daiguilles-a-crochet-soft-grip-large\/\">Crochet 2,5 mm &gt;&gt; Si vous n&#8217;avez pas encore de crochet, vous pouvez le trouver ici.<\/a><\/li>\n<li><a href=\"https:\/\/www.jootjeshaakcadeautjes.nl\/fr\/product-categorie\/materiel-de-bricolage-et-de-crochet\/ciseaux-a-broder\/\">Ciseaux de bricolage &gt;&gt; Si vous n&#8217;avez pas encore de ciseaux de broderie, vous les trouverez ici.<\/a><\/li>\n<li><a href=\"https:\/\/www.jootjeshaakcadeautjes.nl\/fr\/product\/enfiler-laiguille\/\">Aiguille enfil\u00e9e &gt;&gt; Si vous n&#8217;en avez pas d\u00e9j\u00e0 une, vous pouvez la trouver ici.  <\/a><\/li>\n<li>Remplissage*<\/li>\n<\/ul>\n<p>*Nous recommandons un oreiller lavable bon march\u00e9, par exemple de la marque Action. Il peut \u00eatre facilement vid\u00e9 et est parfait pour \u00eatre utilis\u00e9 comme remplissage.<\/p>\n","protected":false},"excerpt":{"rendered":"<p>Ce kit permet de r\u00e9aliser tr\u00e8s facilement le singe de Knufl.<\/p>\n<p>Non inclus :<\/p>\n<ul>\n<li><a href=\"https:\/\/www.jootjeshaakcadeautjes.nl\/product\/dieren-haken-voor-de-baby-rosanne-briggeman-knufl\/\">Le livre Animaux au crochet pour b\u00e9b\u00e9. Si vous ne les avez pas encore, vous pouvez les acheter ici.  <\/a><\/li>\n<li><a href=\"https:\/\/www.jootjeshaakcadeautjes.nl\/fr\/product\/set-daiguilles-a-crochet-soft-grip-large\/\">Crochet 2,5 mm &gt;&gt; Si vous n&#8217;avez pas encore de crochet, vous pouvez le trouver ici.<\/a><\/li>\n<li><a href=\"https:\/\/www.jootjeshaakcadeautjes.nl\/fr\/product-categorie\/materiel-de-bricolage-et-de-crochet\/ciseaux-a-broder\/\">Ciseaux de bricolage &gt;&gt; Si vous n&#8217;avez pas encore de ciseaux de broderie, vous les trouverez ici.<\/a><\/li>\n<li><a href=\"https:\/\/www.jootjeshaakcadeautjes.nl\/fr\/product\/enfiler-laiguille\/\">Aiguille enfil\u00e9e &gt;&gt; Si vous n&#8217;en avez pas d\u00e9j\u00e0 une, vous pouvez la trouver ici.  <\/a><\/li>\n<li>Remplissage*<\/li>\n<\/ul>\n","protected":false},"featured_media":131553,"template":"","meta":[],"product_brand":[],"product_cat":[12629,12308],"product_tag":[12636,12466,7401,12824,10223,12311,12563,12460,7637,12828,12428,12826,12854],"class_list":{"0":"post-131551","1":"product","2":"type-product","3":"status-publish","4":"has-post-thumbnail","6":"product_cat-livres-et-kits-de-crochet","7":"product_cat-materiel-de-bricolage-et-de-crochet","8":"product_tag-animaux","9":"product_tag-animaux-au-crochet-pour-bebe","10":"product_tag-bebe","11":"product_tag-briggeman-fr","12":"product_tag-crochet-de-wagon","13":"product_tag-crochets","14":"product_tag-fournitures","15":"product_tag-knufl-fr","16":"product_tag-les","17":"product_tag-paquet-de-fils","18":"product_tag-pour","19":"product_tag-rosanne-fr","20":"product_tag-singe","22":"first","23":"outofstock","24":"virtual","25":"taxable","26":"purchasable","27":"product-type-bundle"},"bundled_by":[],"bundle_stock_status":"outofstock","bundle_stock_quantity":0,"bundle_virtual":false,"bundle_layout":"default","bundle_add_to_cart_form_location":"default","bundle_editable_in_cart":false,"bundle_sold_individually_context":"product","bundle_item_grouping":"parent","bundle_min_size":"","bundle_max_size":"","bundle_price":{"price":{"min":{"incl_tax":"15.9","excl_tax":"13.14"},"max":{"incl_tax":"15.9","excl_tax":"13.14"}},"regular_price":{"min":{"incl_tax":"15.9","excl_tax":"13.14"},"max":{"incl_tax":"15.9","excl_tax":"13.14"}}},"bundled_items":[{"bundled_item_id":23029,"product_id":136252,"menu_order":0,"quantity_min":1,"quantity_max":1,"quantity_default":1,"priced_individually":false,"shipped_individually":false,"override_title":false,"title":"Oeil de s\u00e9curit\u00e9 6 mm &#8211; Noir &#8211; par paire","override_description":true,"description":"","optional":false,"hide_thumbnail":false,"discount":"","override_variations":false,"allowed_variations":[""],"override_default_variation_attributes":false,"default_variation_attributes":[],"single_product_visibility":"visible","cart_visibility":"visible","order_visibility":"visible","single_product_price_visibility":"visible","cart_price_visibility":"visible","order_price_visibility":"visible","stock_status":"out_of_stock"},{"bundled_item_id":263,"product_id":131528,"menu_order":1,"quantity_min":1,"quantity_max":1,"quantity_default":1,"priced_individually":false,"shipped_individually":false,"override_title":false,"title":"Anneau de dentition en silicone &#8211; Feuille de monstera &#8211; Pistache","override_description":true,"description":"","optional":false,"hide_thumbnail":false,"discount":"","override_variations":false,"allowed_variations":[""],"override_default_variation_attributes":false,"default_variation_attributes":[],"single_product_visibility":"visible","cart_visibility":"visible","order_visibility":"visible","single_product_price_visibility":"visible","cart_price_visibility":"visible","order_price_visibility":"visible","stock_status":"in_stock"},{"bundled_item_id":23030,"product_id":134689,"menu_order":2,"quantity_min":10,"quantity_max":10,"quantity_default":10,"priced_individually":false,"shipped_individually":false,"override_title":false,"title":"Perles en silicone 9 mm &#8211; Rondes &#8211; Pistache","override_description":true,"description":"","optional":false,"hide_thumbnail":false,"discount":"","override_variations":false,"allowed_variations":[""],"override_default_variation_attributes":false,"default_variation_attributes":[],"single_product_visibility":"visible","cart_visibility":"visible","order_visibility":"visible","single_product_price_visibility":"visible","cart_price_visibility":"visible","order_price_visibility":"visible","stock_status":"in_stock"},{"bundled_item_id":23031,"product_id":135753,"menu_order":3,"quantity_min":2,"quantity_max":2,"quantity_default":2,"priced_individually":false,"shipped_individually":false,"override_title":false,"title":"Perles en silicone &#8211; 16 mm &#8211; rondes &#8211; pistache","override_description":true,"description":"","optional":false,"hide_thumbnail":false,"discount":"","override_variations":false,"allowed_variations":[""],"override_default_variation_attributes":false,"default_variation_attributes":[],"single_product_visibility":"visible","cart_visibility":"visible","order_visibility":"visible","single_product_price_visibility":"visible","cart_price_visibility":"visible","order_price_visibility":"visible","stock_status":"in_stock"},{"bundled_item_id":23032,"product_id":135147,"menu_order":4,"quantity_min":2,"quantity_max":2,"quantity_default":2,"priced_individually":false,"shipped_individually":false,"override_title":false,"title":"Anneaux en h\u00eatre &#8211; 3.0 cm &#8211; Lisses, brillants et non trait\u00e9s","override_description":true,"description":"","optional":false,"hide_thumbnail":false,"discount":"","override_variations":false,"allowed_variations":[""],"override_default_variation_attributes":false,"default_variation_attributes":[],"single_product_visibility":"visible","cart_visibility":"visible","order_visibility":"visible","single_product_price_visibility":"visible","cart_price_visibility":"visible","order_price_visibility":"visible","stock_status":"in_stock"},{"bundled_item_id":266,"product_id":131610,"menu_order":5,"quantity_min":1,"quantity_max":1,"quantity_default":1,"priced_individually":false,"shipped_individually":false,"override_title":false,"title":"Perle en bois &#8211; Grav\u00e9e &#8211; Bois de h\u00eatre &#8211; Singe &#8211; 20 mm","override_description":true,"description":"","optional":false,"hide_thumbnail":false,"discount":"","override_variations":false,"allowed_variations":[""],"override_default_variation_attributes":false,"default_variation_attributes":[],"single_product_visibility":"visible","cart_visibility":"visible","order_visibility":"visible","single_product_price_visibility":"visible","cart_price_visibility":"visible","order_price_visibility":"visible","stock_status":"in_stock"},{"bundled_item_id":23033,"product_id":136197,"menu_order":6,"quantity_min":1,"quantity_max":1,"quantity_default":1,"priced_individually":false,"shipped_individually":false,"override_title":false,"title":"Attache-sucette en bois &#8211; Attache-sucette feuille Monstera &#8211; Bois de h\u00eatre","override_description":true,"description":"","optional":false,"hide_thumbnail":false,"discount":"","override_variations":false,"allowed_variations":[""],"override_default_variation_attributes":false,"default_variation_attributes":[],"single_product_visibility":"visible","cart_visibility":"visible","order_visibility":"visible","single_product_price_visibility":"visible","cart_price_visibility":"visible","order_price_visibility":"visible","stock_status":"in_stock"},{"bundled_item_id":23034,"product_id":135994,"menu_order":7,"quantity_min":1,"quantity_max":1,"quantity_default":1,"priced_individually":false,"shipped_individually":false,"override_title":false,"title":"Cordon satin\u00e9 2 mm &#8211; Blanc &#8211; au m\u00e8tre","override_description":true,"description":"","optional":false,"hide_thumbnail":false,"discount":"","override_variations":false,"allowed_variations":[""],"override_default_variation_attributes":false,"default_variation_attributes":[],"single_product_visibility":"visible","cart_visibility":"visible","order_visibility":"visible","single_product_price_visibility":"visible","cart_price_visibility":"visible","order_price_visibility":"visible","stock_status":"in_stock"},{"bundled_item_id":23035,"product_id":131835,"menu_order":8,"quantity_min":1,"quantity_max":1,"quantity_default":1,"priced_individually":false,"shipped_individually":false,"override_title":false,"title":"Corail durable &#8211; Couleur 2230 Marron fonc\u00e9","override_description":true,"description":"","optional":false,"hide_thumbnail":false,"discount":"","override_variations":false,"allowed_variations":[""],"override_default_variation_attributes":false,"default_variation_attributes":[],"single_product_visibility":"visible","cart_visibility":"visible","order_visibility":"visible","single_product_price_visibility":"visible","cart_price_visibility":"visible","order_price_visibility":"visible","stock_status":"in_stock"},{"bundled_item_id":23036,"product_id":131883,"menu_order":9,"quantity_min":1,"quantity_max":1,"quantity_default":1,"priced_individually":false,"shipped_individually":false,"override_title":false,"title":"Corail durable &#8211; Couleur 2223 Foie","override_description":true,"description":"","optional":false,"hide_thumbnail":false,"discount":"","override_variations":false,"allowed_variations":[""],"override_default_variation_attributes":false,"default_variation_attributes":[],"single_product_visibility":"visible","cart_visibility":"visible","order_visibility":"visible","single_product_price_visibility":"visible","cart_price_visibility":"visible","order_price_visibility":"visible","stock_status":"in_stock"},{"bundled_item_id":23037,"product_id":135756,"menu_order":10,"quantity_min":1,"quantity_max":1,"quantity_default":1,"priced_individually":true,"shipped_individually":false,"override_title":false,"title":"Perles de hochet &#8211; 24 mm &#8211; blanches","override_description":true,"description":"","optional":false,"hide_thumbnail":false,"discount":"","override_variations":false,"allowed_variations":[""],"override_default_variation_attributes":false,"default_variation_attributes":[],"single_product_visibility":"visible","cart_visibility":"visible","order_visibility":"visible","single_product_price_visibility":"visible","cart_price_visibility":"visible","order_price_visibility":"visible","stock_status":"in_stock"}],"bundle_sell_ids":[],"yoast_head":"<!-- This site is optimized with the Yoast SEO Premium plugin v27.6 (Yoast SEO v27.6) - https:\/\/yoast.com\/product\/yoast-seo-premium-wordpress\/ -->\n<title>Fournitures \/ Paquet de fils - Pendentif Singe - Knufl - Jootjes Haakcadeautjes<\/title>\n<meta name=\"description\" content=\"Commandez vos fournitures pour le cintre Monkey Wagon dans le livre Crocheting Animals for Baby de Rosanne Briggeman \/ Knufl ici. Singe \u00e0 sonnettes.\" \/>\n<meta name=\"robots\" content=\"index, follow, max-snippet:-1, max-image-preview:large, max-video-preview:-1\" \/>\n<link rel=\"canonical\" href=\"https:\/\/www.jootjeshaakcadeautjes.nl\/fr\/produit\/supplies-yarn-kit-cart-hanger-monkey-knufl\/\" \/>\n<meta property=\"og:locale\" content=\"fr_FR\" \/>\n<meta property=\"og:type\" content=\"article\" \/>\n<meta property=\"og:title\" content=\"Fournitures \/ Paquet de fils - Pendentif Singe - Knufl\" \/>\n<meta property=\"og:description\" content=\"Commandez vos fournitures pour le cintre Monkey Wagon dans le livre Crocheting Animals for Baby de Rosanne Briggeman \/ Knufl ici. Singe \u00e0 sonnettes.\" \/>\n<meta property=\"og:url\" content=\"https:\/\/www.jootjeshaakcadeautjes.nl\/fr\/produit\/supplies-yarn-kit-cart-hanger-monkey-knufl\/\" \/>\n<meta property=\"og:site_name\" content=\"Jootjes Haakcadeautjes\" \/>\n<meta property=\"article:modified_time\" content=\"2025-10-11T14:52:42+00:00\" \/>\n<meta property=\"og:image\" content=\"https:\/\/www.jootjeshaakcadeautjes.nl\/wp-content\/uploads\/2023\/08\/Wagenhanger-Aapje-Rosanne-Briggeman-Knufl-Garenpakket-Benodigdheden-Groothandel-Haken.jpg\" \/>\n\t<meta property=\"og:image:width\" content=\"951\" \/>\n\t<meta property=\"og:image:height\" content=\"909\" \/>\n\t<meta property=\"og:image:type\" content=\"image\/jpeg\" \/>\n<meta name=\"twitter:card\" content=\"summary_large_image\" \/>\n<meta name=\"twitter:label1\" content=\"Prix\" \/>\n\t<meta name=\"twitter:data1\" content=\"&euro;15.45 TTC\" \/>\n\t<meta name=\"twitter:label2\" content=\"Disponibilit\u00e9\" \/>\n\t<meta name=\"twitter:data2\" content=\"Rupture de stock\" \/>\n<script type=\"application\/ld+json\" class=\"yoast-schema-graph\">{\"@context\":\"https:\\\/\\\/schema.org\",\"@graph\":[{\"@type\":\"WebPage\",\"@id\":\"https:\\\/\\\/www.jootjeshaakcadeautjes.nl\\\/fr\\\/produit\\\/supplies-yarn-kit-cart-hanger-monkey-knufl\\\/\",\"url\":\"https:\\\/\\\/www.jootjeshaakcadeautjes.nl\\\/fr\\\/produit\\\/supplies-yarn-kit-cart-hanger-monkey-knufl\\\/\",\"name\":\"Fournitures \\\/ Paquet de fils - Pendentif Singe - Knufl - Jootjes Haakcadeautjes\",\"isPartOf\":{\"@id\":\"https:\\\/\\\/www.jootjeshaakcadeautjes.nl\\\/fr\\\/#website\"},\"primaryImageOfPage\":{\"@id\":\"https:\\\/\\\/www.jootjeshaakcadeautjes.nl\\\/fr\\\/produit\\\/supplies-yarn-kit-cart-hanger-monkey-knufl\\\/#primaryimage\"},\"image\":{\"@id\":\"https:\\\/\\\/www.jootjeshaakcadeautjes.nl\\\/fr\\\/produit\\\/supplies-yarn-kit-cart-hanger-monkey-knufl\\\/#primaryimage\"},\"thumbnailUrl\":\"https:\\\/\\\/d1dyryakdmle7o.cloudfront.net\\\/wp-content\\\/uploads\\\/2023\\\/08\\\/Wagenhanger-Aapje-Rosanne-Briggeman-Knufl-Garenpakket-Benodigdheden-Groothandel-Haken.jpg\",\"datePublished\":\"2023-07-26T23:09:59+00:00\",\"dateModified\":\"2025-10-11T14:52:42+00:00\",\"description\":\"Commandez vos fournitures pour le cintre Monkey Wagon dans le livre Crocheting Animals for Baby de Rosanne Briggeman \\\/ Knufl ici. Singe \u00e0 sonnettes.\",\"breadcrumb\":{\"@id\":\"https:\\\/\\\/www.jootjeshaakcadeautjes.nl\\\/fr\\\/produit\\\/supplies-yarn-kit-cart-hanger-monkey-knufl\\\/#breadcrumb\"},\"inLanguage\":\"fr-FR\",\"potentialAction\":[{\"@type\":\"ReadAction\",\"target\":[\"https:\\\/\\\/www.jootjeshaakcadeautjes.nl\\\/fr\\\/produit\\\/supplies-yarn-kit-cart-hanger-monkey-knufl\\\/\"]}]},{\"@type\":\"ImageObject\",\"inLanguage\":\"fr-FR\",\"@id\":\"https:\\\/\\\/www.jootjeshaakcadeautjes.nl\\\/fr\\\/produit\\\/supplies-yarn-kit-cart-hanger-monkey-knufl\\\/#primaryimage\",\"url\":\"https:\\\/\\\/d1dyryakdmle7o.cloudfront.net\\\/wp-content\\\/uploads\\\/2023\\\/08\\\/Wagenhanger-Aapje-Rosanne-Briggeman-Knufl-Garenpakket-Benodigdheden-Groothandel-Haken.jpg\",\"contentUrl\":\"https:\\\/\\\/d1dyryakdmle7o.cloudfront.net\\\/wp-content\\\/uploads\\\/2023\\\/08\\\/Wagenhanger-Aapje-Rosanne-Briggeman-Knufl-Garenpakket-Benodigdheden-Groothandel-Haken.jpg\",\"width\":951,\"height\":909,\"caption\":\"Wagon Hanger Monkey Rosanne Briggeman Knufl Yarn Package Supplies Wholesale Crochet\"},{\"@type\":\"BreadcrumbList\",\"@id\":\"https:\\\/\\\/www.jootjeshaakcadeautjes.nl\\\/fr\\\/produit\\\/supplies-yarn-kit-cart-hanger-monkey-knufl\\\/#breadcrumb\",\"itemListElement\":[{\"@type\":\"ListItem\",\"position\":1,\"name\":\"Accueil\",\"item\":\"https:\\\/\\\/www.jootjeshaakcadeautjes.nl\\\/fr\\\/\"},{\"@type\":\"ListItem\",\"position\":2,\"name\":\"Commerce de gros de perles en silicone &#8211; Entreprises et consommateurs\",\"item\":\"https:\\\/\\\/www.jootjeshaakcadeautjes.nl\\\/fr\\\/boutique\\\/\"},{\"@type\":\"ListItem\",\"position\":3,\"name\":\"Fournitures \\\/ Paquet de fils &#8211; Pendentif Singe &#8211; Knufl\"}]},{\"@type\":\"WebSite\",\"@id\":\"https:\\\/\\\/www.jootjeshaakcadeautjes.nl\\\/fr\\\/#website\",\"url\":\"https:\\\/\\\/www.jootjeshaakcadeautjes.nl\\\/fr\\\/\",\"name\":\"Jootjes Haakcadeautjes\",\"description\":\"Grossiste en perles de silicone\",\"publisher\":{\"@id\":\"https:\\\/\\\/www.jootjeshaakcadeautjes.nl\\\/fr\\\/#organization\"},\"potentialAction\":[{\"@type\":\"SearchAction\",\"target\":{\"@type\":\"EntryPoint\",\"urlTemplate\":\"https:\\\/\\\/www.jootjeshaakcadeautjes.nl\\\/fr\\\/?s={search_term_string}\"},\"query-input\":{\"@type\":\"PropertyValueSpecification\",\"valueRequired\":true,\"valueName\":\"search_term_string\"}}],\"inLanguage\":\"fr-FR\"},{\"@type\":\"Organization\",\"@id\":\"https:\\\/\\\/www.jootjeshaakcadeautjes.nl\\\/fr\\\/#organization\",\"name\":\"Jootjes Haakcadeautjes\",\"url\":\"https:\\\/\\\/www.jootjeshaakcadeautjes.nl\\\/fr\\\/\",\"logo\":{\"@type\":\"ImageObject\",\"inLanguage\":\"fr-FR\",\"@id\":\"https:\\\/\\\/www.jootjeshaakcadeautjes.nl\\\/fr\\\/#\\\/schema\\\/logo\\\/image\\\/\",\"url\":\"https:\\\/\\\/d1dyryakdmle7o.cloudfront.net\\\/wp-content\\\/uploads\\\/2023\\\/05\\\/Logo-rond.png\",\"contentUrl\":\"https:\\\/\\\/d1dyryakdmle7o.cloudfront.net\\\/wp-content\\\/uploads\\\/2023\\\/05\\\/Logo-rond.png\",\"width\":1222,\"height\":1222,\"caption\":\"Jootjes Haakcadeautjes\"},\"image\":{\"@id\":\"https:\\\/\\\/www.jootjeshaakcadeautjes.nl\\\/fr\\\/#\\\/schema\\\/logo\\\/image\\\/\"}}]}<\/script>\n<meta property=\"product:price:amount\" content=\"15.45\" \/>\n<meta property=\"product:price:currency\" content=\"EUR\" \/>\n<meta property=\"og:availability\" content=\"out of stock\" \/>\n<meta property=\"product:availability\" content=\"out of stock\" \/>\n<meta property=\"product:retailer_item_id\" content=\"PAK-AAP-WAG-KNUFL\" \/>\n<meta property=\"product:condition\" content=\"new\" \/>\n<!-- \/ Yoast SEO Premium plugin. -->","yoast_head_json":{"title":"Fournitures \/ Paquet de fils - Pendentif Singe - Knufl - Jootjes Haakcadeautjes","description":"Commandez vos fournitures pour le cintre Monkey Wagon dans le livre Crocheting Animals for Baby de Rosanne Briggeman \/ Knufl ici. Singe \u00e0 sonnettes.","robots":{"index":"index","follow":"follow","max-snippet":"max-snippet:-1","max-image-preview":"max-image-preview:large","max-video-preview":"max-video-preview:-1"},"canonical":"https:\/\/www.jootjeshaakcadeautjes.nl\/fr\/produit\/supplies-yarn-kit-cart-hanger-monkey-knufl\/","og_locale":"fr_FR","og_type":"article","og_title":"Fournitures \/ Paquet de fils - Pendentif Singe - Knufl","og_description":"Commandez vos fournitures pour le cintre Monkey Wagon dans le livre Crocheting Animals for Baby de Rosanne Briggeman \/ Knufl ici. Singe \u00e0 sonnettes.","og_url":"https:\/\/www.jootjeshaakcadeautjes.nl\/fr\/produit\/supplies-yarn-kit-cart-hanger-monkey-knufl\/","og_site_name":"Jootjes Haakcadeautjes","article_modified_time":"2025-10-11T14:52:42+00:00","og_image":[{"width":951,"height":909,"url":"https:\/\/www.jootjeshaakcadeautjes.nl\/wp-content\/uploads\/2023\/08\/Wagenhanger-Aapje-Rosanne-Briggeman-Knufl-Garenpakket-Benodigdheden-Groothandel-Haken.jpg","type":"image\/jpeg"}],"twitter_card":"summary_large_image","twitter_misc":{"Prix":"&euro;15.45 TTC","Disponibilit\u00e9":"Rupture de stock"},"schema":{"@context":"https:\/\/schema.org","@graph":[{"@type":"WebPage","@id":"https:\/\/www.jootjeshaakcadeautjes.nl\/fr\/produit\/supplies-yarn-kit-cart-hanger-monkey-knufl\/","url":"https:\/\/www.jootjeshaakcadeautjes.nl\/fr\/produit\/supplies-yarn-kit-cart-hanger-monkey-knufl\/","name":"Fournitures \/ Paquet de fils - Pendentif Singe - Knufl - Jootjes Haakcadeautjes","isPartOf":{"@id":"https:\/\/www.jootjeshaakcadeautjes.nl\/fr\/#website"},"primaryImageOfPage":{"@id":"https:\/\/www.jootjeshaakcadeautjes.nl\/fr\/produit\/supplies-yarn-kit-cart-hanger-monkey-knufl\/#primaryimage"},"image":{"@id":"https:\/\/www.jootjeshaakcadeautjes.nl\/fr\/produit\/supplies-yarn-kit-cart-hanger-monkey-knufl\/#primaryimage"},"thumbnailUrl":"https:\/\/d1dyryakdmle7o.cloudfront.net\/wp-content\/uploads\/2023\/08\/Wagenhanger-Aapje-Rosanne-Briggeman-Knufl-Garenpakket-Benodigdheden-Groothandel-Haken.jpg","datePublished":"2023-07-26T23:09:59+00:00","dateModified":"2025-10-11T14:52:42+00:00","description":"Commandez vos fournitures pour le cintre Monkey Wagon dans le livre Crocheting Animals for Baby de Rosanne Briggeman \/ Knufl ici. Singe \u00e0 sonnettes.","breadcrumb":{"@id":"https:\/\/www.jootjeshaakcadeautjes.nl\/fr\/produit\/supplies-yarn-kit-cart-hanger-monkey-knufl\/#breadcrumb"},"inLanguage":"fr-FR","potentialAction":[{"@type":"ReadAction","target":["https:\/\/www.jootjeshaakcadeautjes.nl\/fr\/produit\/supplies-yarn-kit-cart-hanger-monkey-knufl\/"]}]},{"@type":"ImageObject","inLanguage":"fr-FR","@id":"https:\/\/www.jootjeshaakcadeautjes.nl\/fr\/produit\/supplies-yarn-kit-cart-hanger-monkey-knufl\/#primaryimage","url":"https:\/\/d1dyryakdmle7o.cloudfront.net\/wp-content\/uploads\/2023\/08\/Wagenhanger-Aapje-Rosanne-Briggeman-Knufl-Garenpakket-Benodigdheden-Groothandel-Haken.jpg","contentUrl":"https:\/\/d1dyryakdmle7o.cloudfront.net\/wp-content\/uploads\/2023\/08\/Wagenhanger-Aapje-Rosanne-Briggeman-Knufl-Garenpakket-Benodigdheden-Groothandel-Haken.jpg","width":951,"height":909,"caption":"Wagon Hanger Monkey Rosanne Briggeman Knufl Yarn Package Supplies Wholesale Crochet"},{"@type":"BreadcrumbList","@id":"https:\/\/www.jootjeshaakcadeautjes.nl\/fr\/produit\/supplies-yarn-kit-cart-hanger-monkey-knufl\/#breadcrumb","itemListElement":[{"@type":"ListItem","position":1,"name":"Accueil","item":"https:\/\/www.jootjeshaakcadeautjes.nl\/fr\/"},{"@type":"ListItem","position":2,"name":"Commerce de gros de perles en silicone &#8211; Entreprises et consommateurs","item":"https:\/\/www.jootjeshaakcadeautjes.nl\/fr\/boutique\/"},{"@type":"ListItem","position":3,"name":"Fournitures \/ Paquet de fils &#8211; Pendentif Singe &#8211; Knufl"}]},{"@type":"WebSite","@id":"https:\/\/www.jootjeshaakcadeautjes.nl\/fr\/#website","url":"https:\/\/www.jootjeshaakcadeautjes.nl\/fr\/","name":"Jootjes Haakcadeautjes","description":"Grossiste en perles de silicone","publisher":{"@id":"https:\/\/www.jootjeshaakcadeautjes.nl\/fr\/#organization"},"potentialAction":[{"@type":"SearchAction","target":{"@type":"EntryPoint","urlTemplate":"https:\/\/www.jootjeshaakcadeautjes.nl\/fr\/?s={search_term_string}"},"query-input":{"@type":"PropertyValueSpecification","valueRequired":true,"valueName":"search_term_string"}}],"inLanguage":"fr-FR"},{"@type":"Organization","@id":"https:\/\/www.jootjeshaakcadeautjes.nl\/fr\/#organization","name":"Jootjes Haakcadeautjes","url":"https:\/\/www.jootjeshaakcadeautjes.nl\/fr\/","logo":{"@type":"ImageObject","inLanguage":"fr-FR","@id":"https:\/\/www.jootjeshaakcadeautjes.nl\/fr\/#\/schema\/logo\/image\/","url":"https:\/\/d1dyryakdmle7o.cloudfront.net\/wp-content\/uploads\/2023\/05\/Logo-rond.png","contentUrl":"https:\/\/d1dyryakdmle7o.cloudfront.net\/wp-content\/uploads\/2023\/05\/Logo-rond.png","width":1222,"height":1222,"caption":"Jootjes Haakcadeautjes"},"image":{"@id":"https:\/\/www.jootjeshaakcadeautjes.nl\/fr\/#\/schema\/logo\/image\/"}}]},"product_price_amount":"15.45","product_price_currency":"EUR","og_availability":"out of stock","product_availability":"out of stock","product_retailer_item_id":"PAK-AAP-WAG-KNUFL","product_condition":"new"},"_links":{"self":[{"href":"https:\/\/www.jootjeshaakcadeautjes.nl\/fr\/wp-json\/wp\/v2\/product\/131551","targetHints":{"allow":["GET"]}}],"collection":[{"href":"https:\/\/www.jootjeshaakcadeautjes.nl\/fr\/wp-json\/wp\/v2\/product"}],"about":[{"href":"https:\/\/www.jootjeshaakcadeautjes.nl\/fr\/wp-json\/wp\/v2\/types\/product"}],"version-history":[{"count":0,"href":"https:\/\/www.jootjeshaakcadeautjes.nl\/fr\/wp-json\/wp\/v2\/product\/131551\/revisions"}],"wp:featuredmedia":[{"embeddable":true,"href":"https:\/\/www.jootjeshaakcadeautjes.nl\/fr\/wp-json\/wp\/v2\/media\/131553"}],"wp:attachment":[{"href":"https:\/\/www.jootjeshaakcadeautjes.nl\/fr\/wp-json\/wp\/v2\/media?parent=131551"}],"wp:term":[{"taxonomy":"product_brand","embeddable":true,"href":"https:\/\/www.jootjeshaakcadeautjes.nl\/fr\/wp-json\/wp\/v2\/product_brand?post=131551"},{"taxonomy":"product_cat","embeddable":true,"href":"https:\/\/www.jootjeshaakcadeautjes.nl\/fr\/wp-json\/wp\/v2\/product_cat?post=131551"},{"taxonomy":"product_tag","embeddable":true,"href":"https:\/\/www.jootjeshaakcadeautjes.nl\/fr\/wp-json\/wp\/v2\/product_tag?post=131551"}],"curies":[{"name":"wp","href":"https:\/\/api.w.org\/{rel}","templated":true}]}}