{"id":131557,"date":"2023-08-09T14:58:02","date_gmt":"2023-08-09T13:58:02","guid":{"rendered":"https:\/\/www.jootjeshaakcadeautjes.nl\/product\/yeux-de-securite-12-mm-crochets-bleus\/"},"modified":"2025-03-11T04:32:28","modified_gmt":"2025-03-11T03:32:28","slug":"yeux-de-securite-12-mm-crochets-bleus","status":"publish","type":"product","link":"https:\/\/www.jootjeshaakcadeautjes.nl\/fr\/produit\/yeux-de-securite-12-mm-crochets-bleus\/","title":{"rendered":"Oeil de s\u00e9curit\u00e9 12 mm &#8211; Bleu &#8211; par paire"},"content":{"rendered":"<p><strong><strong style=\"font-size: 1.5rem;\">Oeil de s\u00e9curit\u00e9 <\/strong><strong style=\"font-size: 1.5rem;\">12 mm bleu<\/strong><strong style=\"font-size: 1.5rem;\">.<\/strong><\/strong><\/p>\n<p>\u0152il de s\u00e9curit\u00e9 pour le crochet et le tricot (peluches\/amigurumi).<br \/>\nIls sont vendus par paire, de sorte qu&#8217;il suffit d&#8217;en commander un seul pour obtenir un ensemble.<br \/>\n(1 pi\u00e8ce = 2 \u0153illets + 2 dos).<\/p>\n<p>Sans rayures et avec un bouchon de s\u00e9curit\u00e9 solide, qui ne se d\u00e9tache pas !<\/p>\n<p><strong>\u00c0 quoi servent ces yeux de s\u00e9curit\u00e9 ?<\/strong><\/p>\n<p>Les yeux de s\u00e9curit\u00e9 de 12 mm (bleus) sont largement utilis\u00e9s pour la fabrication de peluches. Les \u0153illets de s\u00e9curit\u00e9 des peluches doivent donc \u00eatre de haute qualit\u00e9 et ne pas se d\u00e9tacher facilement pour garantir la s\u00e9curit\u00e9 des (petits) enfants. Lorsque les peluches sont crochet\u00e9es, elles sont \u00e9galement appel\u00e9es amigurumi. Ces yeux sont donc parfois appel\u00e9s yeux de s\u00e9curit\u00e9 pour l&#8217;amigurumi. Nos \u0153illets ont une fermeture tr\u00e8s solide. Il faut donc un certain effort pour les attacher, mais une fois qu&#8217;elles sont attach\u00e9es, elles ne se d\u00e9tachent pas facilement.<\/p>\n","protected":false},"excerpt":{"rendered":"<p><strong>Yeux de s\u00e9curit\u00e9 bleus de 12 mm.<\/strong><\/p>\n<p>Vendus par lot de 2<br \/>\n(2 \u0153illets + 2 dos).<\/p>\n<p>Sans rayures !<\/p>\n","protected":false},"featured_media":131566,"template":"","meta":[],"product_brand":[],"product_cat":[12308,12923],"product_tag":[7406,7521,10450,12377,7656,7392,12924,12925,12926],"class_list":{"0":"post-131557","1":"product","2":"type-product","3":"status-publish","4":"has-post-thumbnail","6":"product_cat-materiel-de-bricolage-et-de-crochet","7":"product_cat-oeil-de-securite-pour-les-peluches","8":"product_tag-12-fr","9":"product_tag-12-mm-fr","10":"product_tag-12mm-fr","11":"product_tag-amigurumi-fr","12":"product_tag-bleu","13":"product_tag-mm-fr","14":"product_tag-oeil-de-securite","15":"product_tag-yeux-de-securite","16":"product_tag-yeux-de-securite-fr","18":"first","19":"instock","20":"taxable","21":"shipping-taxable","22":"purchasable","23":"product-type-simple"},"bundled_by":[],"bundle_stock_status":"instock","bundle_stock_quantity":54,"bundle_virtual":false,"bundle_layout":"","bundle_add_to_cart_form_location":"","bundle_editable_in_cart":false,"bundle_sold_individually_context":"","bundle_item_grouping":"","bundle_min_size":"","bundle_max_size":"","bundle_price":[],"bundled_items":[],"bundle_sell_ids":[],"yoast_head":"<!-- This site is optimized with the Yoast SEO Premium plugin v27.6 (Yoast SEO v27.6) - https:\/\/yoast.com\/product\/yoast-seo-premium-wordpress\/ -->\n<title>Oeil de s\u00e9curit\u00e9 12 mm bleu - Crochet et tricot - Jootjes Crochet presents<\/title>\n<meta name=\"description\" content=\"Oeil de s\u00e9curit\u00e9 12 mm bleu pour peluches\/amigurumi au crochet et au tricot. Haute qualit\u00e9, ne se d\u00e9tache pas. Un favori de toutes les crocheteuses depuis des ann\u00e9es.\" \/>\n<meta name=\"robots\" content=\"index, follow, max-snippet:-1, max-image-preview:large, max-video-preview:-1\" \/>\n<link rel=\"canonical\" href=\"https:\/\/www.jootjeshaakcadeautjes.nl\/fr\/produit\/yeux-de-securite-12-mm-crochets-bleus\/\" \/>\n<meta property=\"og:locale\" content=\"fr_FR\" \/>\n<meta property=\"og:type\" content=\"article\" \/>\n<meta property=\"og:title\" content=\"Oeil de s\u00e9curit\u00e9 12 mm - Bleu - par paire\" \/>\n<meta property=\"og:description\" content=\"Oeil de s\u00e9curit\u00e9 12 mm bleu pour peluches\/amigurumi au crochet et au tricot. Haute qualit\u00e9, ne se d\u00e9tache pas. Un favori de toutes les crocheteuses depuis des ann\u00e9es.\" \/>\n<meta property=\"og:url\" content=\"https:\/\/www.jootjeshaakcadeautjes.nl\/fr\/produit\/yeux-de-securite-12-mm-crochets-bleus\/\" \/>\n<meta property=\"og:site_name\" content=\"Jootjes Haakcadeautjes\" \/>\n<meta property=\"article:modified_time\" content=\"2025-03-11T03:32:28+00:00\" \/>\n<meta property=\"og:image\" content=\"https:\/\/www.jootjeshaakcadeautjes.nl\/wp-content\/uploads\/2023\/08\/IMG_20161216_120216.jpg\" \/>\n\t<meta property=\"og:image:width\" content=\"779\" \/>\n\t<meta property=\"og:image:height\" content=\"777\" \/>\n\t<meta property=\"og:image:type\" content=\"image\/jpeg\" \/>\n<meta name=\"twitter:card\" content=\"summary_large_image\" \/>\n<meta name=\"twitter:label1\" content=\"Prix\" \/>\n\t<meta name=\"twitter:data1\" content=\"&euro;0.35 TTC\" \/>\n\t<meta name=\"twitter:label2\" content=\"Disponibilit\u00e9\" \/>\n\t<meta name=\"twitter:data2\" content=\"En stock\" \/>\n<script type=\"application\/ld+json\" class=\"yoast-schema-graph\">{\"@context\":\"https:\\\/\\\/schema.org\",\"@graph\":[{\"@type\":\"WebPage\",\"@id\":\"https:\\\/\\\/www.jootjeshaakcadeautjes.nl\\\/fr\\\/produit\\\/yeux-de-securite-12-mm-crochets-bleus\\\/\",\"url\":\"https:\\\/\\\/www.jootjeshaakcadeautjes.nl\\\/fr\\\/produit\\\/yeux-de-securite-12-mm-crochets-bleus\\\/\",\"name\":\"Oeil de s\u00e9curit\u00e9 12 mm bleu - Crochet et tricot - Jootjes Crochet presents\",\"isPartOf\":{\"@id\":\"https:\\\/\\\/www.jootjeshaakcadeautjes.nl\\\/fr\\\/#website\"},\"primaryImageOfPage\":{\"@id\":\"https:\\\/\\\/www.jootjeshaakcadeautjes.nl\\\/fr\\\/produit\\\/yeux-de-securite-12-mm-crochets-bleus\\\/#primaryimage\"},\"image\":{\"@id\":\"https:\\\/\\\/www.jootjeshaakcadeautjes.nl\\\/fr\\\/produit\\\/yeux-de-securite-12-mm-crochets-bleus\\\/#primaryimage\"},\"thumbnailUrl\":\"https:\\\/\\\/d1dyryakdmle7o.cloudfront.net\\\/wp-content\\\/uploads\\\/2023\\\/08\\\/IMG_20161216_120216.jpg\",\"datePublished\":\"2023-08-09T13:58:02+00:00\",\"dateModified\":\"2025-03-11T03:32:28+00:00\",\"description\":\"Oeil de s\u00e9curit\u00e9 12 mm bleu pour peluches\\\/amigurumi au crochet et au tricot. Haute qualit\u00e9, ne se d\u00e9tache pas. Un favori de toutes les crocheteuses depuis des ann\u00e9es.\",\"breadcrumb\":{\"@id\":\"https:\\\/\\\/www.jootjeshaakcadeautjes.nl\\\/fr\\\/produit\\\/yeux-de-securite-12-mm-crochets-bleus\\\/#breadcrumb\"},\"inLanguage\":\"fr-FR\",\"potentialAction\":[{\"@type\":\"ReadAction\",\"target\":[\"https:\\\/\\\/www.jootjeshaakcadeautjes.nl\\\/fr\\\/produit\\\/yeux-de-securite-12-mm-crochets-bleus\\\/\"]}]},{\"@type\":\"ImageObject\",\"inLanguage\":\"fr-FR\",\"@id\":\"https:\\\/\\\/www.jootjeshaakcadeautjes.nl\\\/fr\\\/produit\\\/yeux-de-securite-12-mm-crochets-bleus\\\/#primaryimage\",\"url\":\"https:\\\/\\\/d1dyryakdmle7o.cloudfront.net\\\/wp-content\\\/uploads\\\/2023\\\/08\\\/IMG_20161216_120216.jpg\",\"contentUrl\":\"https:\\\/\\\/d1dyryakdmle7o.cloudfront.net\\\/wp-content\\\/uploads\\\/2023\\\/08\\\/IMG_20161216_120216.jpg\",\"width\":779,\"height\":777,\"caption\":\"Oeil de s\u00e9curit\u00e9 15 mm bleu crochet et tricot amigurumi et peluches\"},{\"@type\":\"BreadcrumbList\",\"@id\":\"https:\\\/\\\/www.jootjeshaakcadeautjes.nl\\\/fr\\\/produit\\\/yeux-de-securite-12-mm-crochets-bleus\\\/#breadcrumb\",\"itemListElement\":[{\"@type\":\"ListItem\",\"position\":1,\"name\":\"Accueil\",\"item\":\"https:\\\/\\\/www.jootjeshaakcadeautjes.nl\\\/fr\\\/\"},{\"@type\":\"ListItem\",\"position\":2,\"name\":\"Commerce de gros de perles en silicone &#8211; Entreprises et consommateurs\",\"item\":\"https:\\\/\\\/www.jootjeshaakcadeautjes.nl\\\/fr\\\/boutique\\\/\"},{\"@type\":\"ListItem\",\"position\":3,\"name\":\"Oeil de s\u00e9curit\u00e9 12 mm &#8211; Bleu &#8211; par paire\"}]},{\"@type\":\"WebSite\",\"@id\":\"https:\\\/\\\/www.jootjeshaakcadeautjes.nl\\\/fr\\\/#website\",\"url\":\"https:\\\/\\\/www.jootjeshaakcadeautjes.nl\\\/fr\\\/\",\"name\":\"Jootjes Haakcadeautjes\",\"description\":\"Grossiste en perles de silicone\",\"publisher\":{\"@id\":\"https:\\\/\\\/www.jootjeshaakcadeautjes.nl\\\/fr\\\/#organization\"},\"potentialAction\":[{\"@type\":\"SearchAction\",\"target\":{\"@type\":\"EntryPoint\",\"urlTemplate\":\"https:\\\/\\\/www.jootjeshaakcadeautjes.nl\\\/fr\\\/?s={search_term_string}\"},\"query-input\":{\"@type\":\"PropertyValueSpecification\",\"valueRequired\":true,\"valueName\":\"search_term_string\"}}],\"inLanguage\":\"fr-FR\"},{\"@type\":\"Organization\",\"@id\":\"https:\\\/\\\/www.jootjeshaakcadeautjes.nl\\\/fr\\\/#organization\",\"name\":\"Jootjes Haakcadeautjes\",\"url\":\"https:\\\/\\\/www.jootjeshaakcadeautjes.nl\\\/fr\\\/\",\"logo\":{\"@type\":\"ImageObject\",\"inLanguage\":\"fr-FR\",\"@id\":\"https:\\\/\\\/www.jootjeshaakcadeautjes.nl\\\/fr\\\/#\\\/schema\\\/logo\\\/image\\\/\",\"url\":\"https:\\\/\\\/d1dyryakdmle7o.cloudfront.net\\\/wp-content\\\/uploads\\\/2023\\\/05\\\/Logo-rond.png\",\"contentUrl\":\"https:\\\/\\\/d1dyryakdmle7o.cloudfront.net\\\/wp-content\\\/uploads\\\/2023\\\/05\\\/Logo-rond.png\",\"width\":1222,\"height\":1222,\"caption\":\"Jootjes Haakcadeautjes\"},\"image\":{\"@id\":\"https:\\\/\\\/www.jootjeshaakcadeautjes.nl\\\/fr\\\/#\\\/schema\\\/logo\\\/image\\\/\"}}]}<\/script>\n<meta property=\"product:price:amount\" content=\"0.35\" \/>\n<meta property=\"product:price:currency\" content=\"EUR\" \/>\n<meta property=\"og:availability\" content=\"instock\" \/>\n<meta property=\"product:availability\" content=\"instock\" \/>\n<meta property=\"product:retailer_item_id\" content=\"VHO-BLW-012\" \/>\n<meta property=\"product:condition\" content=\"new\" \/>\n<!-- \/ Yoast SEO Premium plugin. -->","yoast_head_json":{"title":"Oeil de s\u00e9curit\u00e9 12 mm bleu - Crochet et tricot - Jootjes Crochet presents","description":"Oeil de s\u00e9curit\u00e9 12 mm bleu pour peluches\/amigurumi au crochet et au tricot. Haute qualit\u00e9, ne se d\u00e9tache pas. Un favori de toutes les crocheteuses depuis des ann\u00e9es.","robots":{"index":"index","follow":"follow","max-snippet":"max-snippet:-1","max-image-preview":"max-image-preview:large","max-video-preview":"max-video-preview:-1"},"canonical":"https:\/\/www.jootjeshaakcadeautjes.nl\/fr\/produit\/yeux-de-securite-12-mm-crochets-bleus\/","og_locale":"fr_FR","og_type":"article","og_title":"Oeil de s\u00e9curit\u00e9 12 mm - Bleu - par paire","og_description":"Oeil de s\u00e9curit\u00e9 12 mm bleu pour peluches\/amigurumi au crochet et au tricot. Haute qualit\u00e9, ne se d\u00e9tache pas. Un favori de toutes les crocheteuses depuis des ann\u00e9es.","og_url":"https:\/\/www.jootjeshaakcadeautjes.nl\/fr\/produit\/yeux-de-securite-12-mm-crochets-bleus\/","og_site_name":"Jootjes Haakcadeautjes","article_modified_time":"2025-03-11T03:32:28+00:00","og_image":[{"width":779,"height":777,"url":"https:\/\/www.jootjeshaakcadeautjes.nl\/wp-content\/uploads\/2023\/08\/IMG_20161216_120216.jpg","type":"image\/jpeg"}],"twitter_card":"summary_large_image","twitter_misc":{"Prix":"&euro;0.35 TTC","Disponibilit\u00e9":"En stock"},"schema":{"@context":"https:\/\/schema.org","@graph":[{"@type":"WebPage","@id":"https:\/\/www.jootjeshaakcadeautjes.nl\/fr\/produit\/yeux-de-securite-12-mm-crochets-bleus\/","url":"https:\/\/www.jootjeshaakcadeautjes.nl\/fr\/produit\/yeux-de-securite-12-mm-crochets-bleus\/","name":"Oeil de s\u00e9curit\u00e9 12 mm bleu - Crochet et tricot - Jootjes Crochet presents","isPartOf":{"@id":"https:\/\/www.jootjeshaakcadeautjes.nl\/fr\/#website"},"primaryImageOfPage":{"@id":"https:\/\/www.jootjeshaakcadeautjes.nl\/fr\/produit\/yeux-de-securite-12-mm-crochets-bleus\/#primaryimage"},"image":{"@id":"https:\/\/www.jootjeshaakcadeautjes.nl\/fr\/produit\/yeux-de-securite-12-mm-crochets-bleus\/#primaryimage"},"thumbnailUrl":"https:\/\/d1dyryakdmle7o.cloudfront.net\/wp-content\/uploads\/2023\/08\/IMG_20161216_120216.jpg","datePublished":"2023-08-09T13:58:02+00:00","dateModified":"2025-03-11T03:32:28+00:00","description":"Oeil de s\u00e9curit\u00e9 12 mm bleu pour peluches\/amigurumi au crochet et au tricot. Haute qualit\u00e9, ne se d\u00e9tache pas. Un favori de toutes les crocheteuses depuis des ann\u00e9es.","breadcrumb":{"@id":"https:\/\/www.jootjeshaakcadeautjes.nl\/fr\/produit\/yeux-de-securite-12-mm-crochets-bleus\/#breadcrumb"},"inLanguage":"fr-FR","potentialAction":[{"@type":"ReadAction","target":["https:\/\/www.jootjeshaakcadeautjes.nl\/fr\/produit\/yeux-de-securite-12-mm-crochets-bleus\/"]}]},{"@type":"ImageObject","inLanguage":"fr-FR","@id":"https:\/\/www.jootjeshaakcadeautjes.nl\/fr\/produit\/yeux-de-securite-12-mm-crochets-bleus\/#primaryimage","url":"https:\/\/d1dyryakdmle7o.cloudfront.net\/wp-content\/uploads\/2023\/08\/IMG_20161216_120216.jpg","contentUrl":"https:\/\/d1dyryakdmle7o.cloudfront.net\/wp-content\/uploads\/2023\/08\/IMG_20161216_120216.jpg","width":779,"height":777,"caption":"Oeil de s\u00e9curit\u00e9 15 mm bleu crochet et tricot amigurumi et peluches"},{"@type":"BreadcrumbList","@id":"https:\/\/www.jootjeshaakcadeautjes.nl\/fr\/produit\/yeux-de-securite-12-mm-crochets-bleus\/#breadcrumb","itemListElement":[{"@type":"ListItem","position":1,"name":"Accueil","item":"https:\/\/www.jootjeshaakcadeautjes.nl\/fr\/"},{"@type":"ListItem","position":2,"name":"Commerce de gros de perles en silicone &#8211; Entreprises et consommateurs","item":"https:\/\/www.jootjeshaakcadeautjes.nl\/fr\/boutique\/"},{"@type":"ListItem","position":3,"name":"Oeil de s\u00e9curit\u00e9 12 mm &#8211; Bleu &#8211; par paire"}]},{"@type":"WebSite","@id":"https:\/\/www.jootjeshaakcadeautjes.nl\/fr\/#website","url":"https:\/\/www.jootjeshaakcadeautjes.nl\/fr\/","name":"Jootjes Haakcadeautjes","description":"Grossiste en perles de silicone","publisher":{"@id":"https:\/\/www.jootjeshaakcadeautjes.nl\/fr\/#organization"},"potentialAction":[{"@type":"SearchAction","target":{"@type":"EntryPoint","urlTemplate":"https:\/\/www.jootjeshaakcadeautjes.nl\/fr\/?s={search_term_string}"},"query-input":{"@type":"PropertyValueSpecification","valueRequired":true,"valueName":"search_term_string"}}],"inLanguage":"fr-FR"},{"@type":"Organization","@id":"https:\/\/www.jootjeshaakcadeautjes.nl\/fr\/#organization","name":"Jootjes Haakcadeautjes","url":"https:\/\/www.jootjeshaakcadeautjes.nl\/fr\/","logo":{"@type":"ImageObject","inLanguage":"fr-FR","@id":"https:\/\/www.jootjeshaakcadeautjes.nl\/fr\/#\/schema\/logo\/image\/","url":"https:\/\/d1dyryakdmle7o.cloudfront.net\/wp-content\/uploads\/2023\/05\/Logo-rond.png","contentUrl":"https:\/\/d1dyryakdmle7o.cloudfront.net\/wp-content\/uploads\/2023\/05\/Logo-rond.png","width":1222,"height":1222,"caption":"Jootjes Haakcadeautjes"},"image":{"@id":"https:\/\/www.jootjeshaakcadeautjes.nl\/fr\/#\/schema\/logo\/image\/"}}]},"product_price_amount":"0.35","product_price_currency":"EUR","og_availability":"instock","product_availability":"instock","product_retailer_item_id":"VHO-BLW-012","product_condition":"new"},"_links":{"self":[{"href":"https:\/\/www.jootjeshaakcadeautjes.nl\/fr\/wp-json\/wp\/v2\/product\/131557","targetHints":{"allow":["GET"]}}],"collection":[{"href":"https:\/\/www.jootjeshaakcadeautjes.nl\/fr\/wp-json\/wp\/v2\/product"}],"about":[{"href":"https:\/\/www.jootjeshaakcadeautjes.nl\/fr\/wp-json\/wp\/v2\/types\/product"}],"version-history":[{"count":0,"href":"https:\/\/www.jootjeshaakcadeautjes.nl\/fr\/wp-json\/wp\/v2\/product\/131557\/revisions"}],"wp:featuredmedia":[{"embeddable":true,"href":"https:\/\/www.jootjeshaakcadeautjes.nl\/fr\/wp-json\/wp\/v2\/media\/131566"}],"wp:attachment":[{"href":"https:\/\/www.jootjeshaakcadeautjes.nl\/fr\/wp-json\/wp\/v2\/media?parent=131557"}],"wp:term":[{"taxonomy":"product_brand","embeddable":true,"href":"https:\/\/www.jootjeshaakcadeautjes.nl\/fr\/wp-json\/wp\/v2\/product_brand?post=131557"},{"taxonomy":"product_cat","embeddable":true,"href":"https:\/\/www.jootjeshaakcadeautjes.nl\/fr\/wp-json\/wp\/v2\/product_cat?post=131557"},{"taxonomy":"product_tag","embeddable":true,"href":"https:\/\/www.jootjeshaakcadeautjes.nl\/fr\/wp-json\/wp\/v2\/product_tag?post=131557"}],"curies":[{"name":"wp","href":"https:\/\/api.w.org\/{rel}","templated":true}]}}