{"id":131570,"date":"2023-08-09T14:49:23","date_gmt":"2023-08-09T13:49:23","guid":{"rendered":"https:\/\/www.jootjeshaakcadeautjes.nl\/product\/yeux-de-securite-5-mm-crochets-noirs\/"},"modified":"2025-09-17T20:34:34","modified_gmt":"2025-09-17T18:34:34","slug":"yeux-de-securite-5-mm-crochets-noirs","status":"publish","type":"product","link":"https:\/\/www.jootjeshaakcadeautjes.nl\/fr\/produit\/yeux-de-securite-5-mm-crochets-noirs\/","title":{"rendered":"Oeil de s\u00e9curit\u00e9 5 mm &#8211; Noir &#8211; par paire"},"content":{"rendered":"<p><strong><span style=\"color: #3366ff;\"> <\/span><br \/>\n<\/strong><\/p>\n<p>Oeil <strong>de s\u00e9curit\u00e9 <span style=\"color: #000000;\">noir plein<\/span> mesurant 5 mm.<\/strong> Oeil de s\u00e9curit\u00e9 pour le crochet et le tricot (peluches\/amigurumi). Vendu par paire, 2 pi\u00e8ces.<strong><\/strong><\/p>\n<p>Sans rayures et avec un bouchon de s\u00e9curit\u00e9 solide, qui ne se d\u00e9tache pas !<\/p>\n<p><strong>\u00c0 quoi servent ces yeux de s\u00e9curit\u00e9 ?<\/strong><\/p>\n<p>Les yeux de s\u00e9curit\u00e9 de 5 mm (noirs) sont largement utilis\u00e9s pour la fabrication de peluches. Les \u0153illets de s\u00e9curit\u00e9 des peluches doivent donc \u00eatre de haute qualit\u00e9 et ne pas se d\u00e9tacher facilement pour garantir la s\u00e9curit\u00e9 des (petits) enfants. Lorsque les peluches sont crochet\u00e9es, elles sont \u00e9galement appel\u00e9es amigurumi. Ces yeux sont donc parfois appel\u00e9s yeux de s\u00e9curit\u00e9 pour l&#8217;amigurumi. Nos \u0153illets ont une fermeture tr\u00e8s solide. Il faut donc un certain effort pour les attacher, mais une fois qu&#8217;elles sont attach\u00e9es, elles ne se d\u00e9tachent pas facilement.<\/p>\n<p><span style=\"font-size: 1.5rem;\">N\u00e9anmoins : l&#8217;utilisation dans les jouets pour b\u00e9b\u00e9s et enfants en bas \u00e2ge n&#8217;est pas recommand\u00e9e et ne doit se faire que sous la surveillance d&#8217;un adulte !  <\/span><\/p>\n<p>Les \u0153illets de s\u00e9curit\u00e9 sont con\u00e7us de mani\u00e8re \u00e0 ce qu&#8217;ils ne puissent pratiquement jamais se d\u00e9tacher. Cependant, il est et reste en plastique. En cas de dommages graves ou de morsures par des enfants, il est important de faire preuve de prudence et de surveiller. Il convient donc de v\u00e9rifier r\u00e9guli\u00e8rement les accolades.<\/p>\n<p>\u00c9galement disponible dans les tailles <a href=\"https:\/\/www.jootjeshaakcadeautjes.nl\/fr\/produit\/paire-dyeux-de-securite-7-mm-noir-2-pieces\/\">7 mm,<\/a> <a href=\"https:\/\/www.jootjeshaakcadeautjes.nl\/fr\/produit\/oeillets-de-securite-8-mm-noir\/\">8 mm<\/a> et <a href=\"https:\/\/www.jootjeshaakcadeautjes.nl\/product\/veiligheidsoogjes-10-mm-zwart\/\">10 mm<\/a>.<\/p>\n","protected":false},"excerpt":{"rendered":"<p><strong><br \/>\n<\/strong><\/p>\n<p>Y<strong>eux de s\u00e9curit\u00e9 enti\u00e8rement noirs de 6 mm.<\/strong> Vendus par paires, 2 pi\u00e8ces.<strong>Haute qualit\u00e9 :<\/strong> Ne se d\u00e9tache pas ! Ne se raye pas !<\/p>\n","protected":false},"featured_media":131578,"template":"","meta":[],"product_brand":[],"product_cat":[12308,12923],"product_tag":[12931,12932,12377,12844,12311,12827,7392,12635,7608,12924,12838,12926,12925],"class_list":{"0":"post-131570","1":"product","2":"type-product","3":"status-publish","4":"has-post-thumbnail","6":"product_cat-materiel-de-bricolage-et-de-crochet","7":"product_cat-oeil-de-securite-pour-les-peluches","8":"product_tag-5-fr","9":"product_tag-5-mm-fr","10":"product_tag-amigurumi-fr","11":"product_tag-crochet-pour-bebe","12":"product_tag-crochets","13":"product_tag-kit-de-crochet","14":"product_tag-mm-fr","15":"product_tag-modeles-de-crochet","16":"product_tag-noir","17":"product_tag-oeil-de-securite","18":"product_tag-tricot","19":"product_tag-yeux-de-securite-fr","20":"product_tag-yeux-de-securite","22":"first","23":"instock","24":"taxable","25":"shipping-taxable","26":"purchasable","27":"product-type-simple"},"bundled_by":["131503"],"bundle_stock_status":"instock","bundle_stock_quantity":224,"bundle_virtual":false,"bundle_layout":"","bundle_add_to_cart_form_location":"","bundle_editable_in_cart":false,"bundle_sold_individually_context":"","bundle_item_grouping":"","bundle_min_size":"","bundle_max_size":"","bundle_price":[],"bundled_items":[],"bundle_sell_ids":[],"yoast_head":"<!-- This site is optimized with the Yoast SEO Premium plugin v27.4 (Yoast SEO v27.5) - https:\/\/yoast.com\/product\/yoast-seo-premium-wordpress\/ -->\n<title>Oeil de s\u00e9curit\u00e9 5 mm - Crochet et tricot - Jootjes Crochet presents<\/title>\n<meta name=\"description\" content=\"Oeil de s\u00e9curit\u00e9 5 mm noir pour peluches\/amigurumi au crochet et au tricot. Fermeture unique et solide, qui ne se d\u00e9tache pas facilement. Disponible en stock.\" \/>\n<meta name=\"robots\" content=\"index, follow, max-snippet:-1, max-image-preview:large, max-video-preview:-1\" \/>\n<link rel=\"canonical\" href=\"https:\/\/www.jootjeshaakcadeautjes.nl\/fr\/produit\/yeux-de-securite-5-mm-crochets-noirs\/\" \/>\n<meta property=\"og:locale\" content=\"fr_FR\" \/>\n<meta property=\"og:type\" content=\"article\" \/>\n<meta property=\"og:title\" content=\"Oeil de s\u00e9curit\u00e9 5 mm - Noir - par paire\" \/>\n<meta property=\"og:description\" content=\"Oeil de s\u00e9curit\u00e9 5 mm noir pour peluches\/amigurumi au crochet et au tricot. Fermeture unique et solide, qui ne se d\u00e9tache pas facilement. Disponible en stock.\" \/>\n<meta property=\"og:url\" content=\"https:\/\/www.jootjeshaakcadeautjes.nl\/fr\/produit\/yeux-de-securite-5-mm-crochets-noirs\/\" \/>\n<meta property=\"og:site_name\" content=\"Jootjes Haakcadeautjes\" \/>\n<meta property=\"article:modified_time\" content=\"2025-09-17T18:34:34+00:00\" \/>\n<meta property=\"og:image\" content=\"https:\/\/www.jootjeshaakcadeautjes.nl\/wp-content\/uploads\/2023\/08\/IMG_20170122_182618.jpg\" \/>\n\t<meta property=\"og:image:width\" content=\"1045\" \/>\n\t<meta property=\"og:image:height\" content=\"897\" \/>\n\t<meta property=\"og:image:type\" content=\"image\/jpeg\" \/>\n<meta name=\"twitter:card\" content=\"summary_large_image\" \/>\n<meta name=\"twitter:label1\" content=\"Prix\" \/>\n\t<meta name=\"twitter:data1\" content=\"&euro;0.30 TTC\" \/>\n\t<meta name=\"twitter:label2\" content=\"Disponibilit\u00e9\" \/>\n\t<meta name=\"twitter:data2\" content=\"En stock\" \/>\n<script type=\"application\/ld+json\" class=\"yoast-schema-graph\">{\"@context\":\"https:\\\/\\\/schema.org\",\"@graph\":[{\"@type\":\"WebPage\",\"@id\":\"https:\\\/\\\/www.jootjeshaakcadeautjes.nl\\\/fr\\\/produit\\\/yeux-de-securite-5-mm-crochets-noirs\\\/\",\"url\":\"https:\\\/\\\/www.jootjeshaakcadeautjes.nl\\\/fr\\\/produit\\\/yeux-de-securite-5-mm-crochets-noirs\\\/\",\"name\":\"Oeil de s\u00e9curit\u00e9 5 mm - Crochet et tricot - Jootjes Crochet presents\",\"isPartOf\":{\"@id\":\"https:\\\/\\\/www.jootjeshaakcadeautjes.nl\\\/fr\\\/#website\"},\"primaryImageOfPage\":{\"@id\":\"https:\\\/\\\/www.jootjeshaakcadeautjes.nl\\\/fr\\\/produit\\\/yeux-de-securite-5-mm-crochets-noirs\\\/#primaryimage\"},\"image\":{\"@id\":\"https:\\\/\\\/www.jootjeshaakcadeautjes.nl\\\/fr\\\/produit\\\/yeux-de-securite-5-mm-crochets-noirs\\\/#primaryimage\"},\"thumbnailUrl\":\"https:\\\/\\\/d1dyryakdmle7o.cloudfront.net\\\/wp-content\\\/uploads\\\/2023\\\/08\\\/IMG_20170122_182618.jpg\",\"datePublished\":\"2023-08-09T13:49:23+00:00\",\"dateModified\":\"2025-09-17T18:34:34+00:00\",\"description\":\"Oeil de s\u00e9curit\u00e9 5 mm noir pour peluches\\\/amigurumi au crochet et au tricot. Fermeture unique et solide, qui ne se d\u00e9tache pas facilement. Disponible en stock.\",\"breadcrumb\":{\"@id\":\"https:\\\/\\\/www.jootjeshaakcadeautjes.nl\\\/fr\\\/produit\\\/yeux-de-securite-5-mm-crochets-noirs\\\/#breadcrumb\"},\"inLanguage\":\"fr-FR\",\"potentialAction\":[{\"@type\":\"ReadAction\",\"target\":[\"https:\\\/\\\/www.jootjeshaakcadeautjes.nl\\\/fr\\\/produit\\\/yeux-de-securite-5-mm-crochets-noirs\\\/\"]}]},{\"@type\":\"ImageObject\",\"inLanguage\":\"fr-FR\",\"@id\":\"https:\\\/\\\/www.jootjeshaakcadeautjes.nl\\\/fr\\\/produit\\\/yeux-de-securite-5-mm-crochets-noirs\\\/#primaryimage\",\"url\":\"https:\\\/\\\/d1dyryakdmle7o.cloudfront.net\\\/wp-content\\\/uploads\\\/2023\\\/08\\\/IMG_20170122_182618.jpg\",\"contentUrl\":\"https:\\\/\\\/d1dyryakdmle7o.cloudfront.net\\\/wp-content\\\/uploads\\\/2023\\\/08\\\/IMG_20170122_182618.jpg\",\"width\":1045,\"height\":897,\"caption\":\"\u0152il de s\u00e9curit\u00e9 8 mm et \u0153il de s\u00e9curit\u00e9 6 mm pour les amigurumi et les peluches. \u0152illets de s\u00e9curit\u00e9 pour les crochets.\"},{\"@type\":\"BreadcrumbList\",\"@id\":\"https:\\\/\\\/www.jootjeshaakcadeautjes.nl\\\/fr\\\/produit\\\/yeux-de-securite-5-mm-crochets-noirs\\\/#breadcrumb\",\"itemListElement\":[{\"@type\":\"ListItem\",\"position\":1,\"name\":\"Accueil\",\"item\":\"https:\\\/\\\/www.jootjeshaakcadeautjes.nl\\\/fr\\\/\"},{\"@type\":\"ListItem\",\"position\":2,\"name\":\"Commerce de gros de perles en silicone &#8211; Entreprises et consommateurs\",\"item\":\"https:\\\/\\\/www.jootjeshaakcadeautjes.nl\\\/fr\\\/boutique\\\/\"},{\"@type\":\"ListItem\",\"position\":3,\"name\":\"Oeil de s\u00e9curit\u00e9 5 mm &#8211; Noir &#8211; par paire\"}]},{\"@type\":\"WebSite\",\"@id\":\"https:\\\/\\\/www.jootjeshaakcadeautjes.nl\\\/fr\\\/#website\",\"url\":\"https:\\\/\\\/www.jootjeshaakcadeautjes.nl\\\/fr\\\/\",\"name\":\"Jootjes Haakcadeautjes\",\"description\":\"Grossiste en perles de silicone\",\"publisher\":{\"@id\":\"https:\\\/\\\/www.jootjeshaakcadeautjes.nl\\\/fr\\\/#organization\"},\"potentialAction\":[{\"@type\":\"SearchAction\",\"target\":{\"@type\":\"EntryPoint\",\"urlTemplate\":\"https:\\\/\\\/www.jootjeshaakcadeautjes.nl\\\/fr\\\/?s={search_term_string}\"},\"query-input\":{\"@type\":\"PropertyValueSpecification\",\"valueRequired\":true,\"valueName\":\"search_term_string\"}}],\"inLanguage\":\"fr-FR\"},{\"@type\":\"Organization\",\"@id\":\"https:\\\/\\\/www.jootjeshaakcadeautjes.nl\\\/fr\\\/#organization\",\"name\":\"Jootjes Haakcadeautjes\",\"url\":\"https:\\\/\\\/www.jootjeshaakcadeautjes.nl\\\/fr\\\/\",\"logo\":{\"@type\":\"ImageObject\",\"inLanguage\":\"fr-FR\",\"@id\":\"https:\\\/\\\/www.jootjeshaakcadeautjes.nl\\\/fr\\\/#\\\/schema\\\/logo\\\/image\\\/\",\"url\":\"https:\\\/\\\/jootjes-haakcadeautjes-media.s3.amazonaws.com\\\/wp-content\\\/uploads\\\/2023\\\/05\\\/Logo-rond.png\",\"contentUrl\":\"https:\\\/\\\/jootjes-haakcadeautjes-media.s3.amazonaws.com\\\/wp-content\\\/uploads\\\/2023\\\/05\\\/Logo-rond.png\",\"width\":1222,\"height\":1222,\"caption\":\"Jootjes Haakcadeautjes\"},\"image\":{\"@id\":\"https:\\\/\\\/www.jootjeshaakcadeautjes.nl\\\/fr\\\/#\\\/schema\\\/logo\\\/image\\\/\"}}]}<\/script>\n<meta property=\"product:price:amount\" content=\"0.30\" \/>\n<meta property=\"product:price:currency\" content=\"EUR\" \/>\n<meta property=\"og:availability\" content=\"instock\" \/>\n<meta property=\"product:availability\" content=\"instock\" \/>\n<meta property=\"product:retailer_item_id\" content=\"VHO-ZWA-005\" \/>\n<meta property=\"product:condition\" content=\"new\" \/>\n<!-- \/ Yoast SEO Premium plugin. -->","yoast_head_json":{"title":"Oeil de s\u00e9curit\u00e9 5 mm - Crochet et tricot - Jootjes Crochet presents","description":"Oeil de s\u00e9curit\u00e9 5 mm noir pour peluches\/amigurumi au crochet et au tricot. Fermeture unique et solide, qui ne se d\u00e9tache pas facilement. Disponible en stock.","robots":{"index":"index","follow":"follow","max-snippet":"max-snippet:-1","max-image-preview":"max-image-preview:large","max-video-preview":"max-video-preview:-1"},"canonical":"https:\/\/www.jootjeshaakcadeautjes.nl\/fr\/produit\/yeux-de-securite-5-mm-crochets-noirs\/","og_locale":"fr_FR","og_type":"article","og_title":"Oeil de s\u00e9curit\u00e9 5 mm - Noir - par paire","og_description":"Oeil de s\u00e9curit\u00e9 5 mm noir pour peluches\/amigurumi au crochet et au tricot. Fermeture unique et solide, qui ne se d\u00e9tache pas facilement. Disponible en stock.","og_url":"https:\/\/www.jootjeshaakcadeautjes.nl\/fr\/produit\/yeux-de-securite-5-mm-crochets-noirs\/","og_site_name":"Jootjes Haakcadeautjes","article_modified_time":"2025-09-17T18:34:34+00:00","og_image":[{"width":1045,"height":897,"url":"https:\/\/www.jootjeshaakcadeautjes.nl\/wp-content\/uploads\/2023\/08\/IMG_20170122_182618.jpg","type":"image\/jpeg"}],"twitter_card":"summary_large_image","twitter_misc":{"Prix":"&euro;0.30 TTC","Disponibilit\u00e9":"En stock"},"schema":{"@context":"https:\/\/schema.org","@graph":[{"@type":"WebPage","@id":"https:\/\/www.jootjeshaakcadeautjes.nl\/fr\/produit\/yeux-de-securite-5-mm-crochets-noirs\/","url":"https:\/\/www.jootjeshaakcadeautjes.nl\/fr\/produit\/yeux-de-securite-5-mm-crochets-noirs\/","name":"Oeil de s\u00e9curit\u00e9 5 mm - Crochet et tricot - Jootjes Crochet presents","isPartOf":{"@id":"https:\/\/www.jootjeshaakcadeautjes.nl\/fr\/#website"},"primaryImageOfPage":{"@id":"https:\/\/www.jootjeshaakcadeautjes.nl\/fr\/produit\/yeux-de-securite-5-mm-crochets-noirs\/#primaryimage"},"image":{"@id":"https:\/\/www.jootjeshaakcadeautjes.nl\/fr\/produit\/yeux-de-securite-5-mm-crochets-noirs\/#primaryimage"},"thumbnailUrl":"https:\/\/d1dyryakdmle7o.cloudfront.net\/wp-content\/uploads\/2023\/08\/IMG_20170122_182618.jpg","datePublished":"2023-08-09T13:49:23+00:00","dateModified":"2025-09-17T18:34:34+00:00","description":"Oeil de s\u00e9curit\u00e9 5 mm noir pour peluches\/amigurumi au crochet et au tricot. Fermeture unique et solide, qui ne se d\u00e9tache pas facilement. Disponible en stock.","breadcrumb":{"@id":"https:\/\/www.jootjeshaakcadeautjes.nl\/fr\/produit\/yeux-de-securite-5-mm-crochets-noirs\/#breadcrumb"},"inLanguage":"fr-FR","potentialAction":[{"@type":"ReadAction","target":["https:\/\/www.jootjeshaakcadeautjes.nl\/fr\/produit\/yeux-de-securite-5-mm-crochets-noirs\/"]}]},{"@type":"ImageObject","inLanguage":"fr-FR","@id":"https:\/\/www.jootjeshaakcadeautjes.nl\/fr\/produit\/yeux-de-securite-5-mm-crochets-noirs\/#primaryimage","url":"https:\/\/d1dyryakdmle7o.cloudfront.net\/wp-content\/uploads\/2023\/08\/IMG_20170122_182618.jpg","contentUrl":"https:\/\/d1dyryakdmle7o.cloudfront.net\/wp-content\/uploads\/2023\/08\/IMG_20170122_182618.jpg","width":1045,"height":897,"caption":"\u0152il de s\u00e9curit\u00e9 8 mm et \u0153il de s\u00e9curit\u00e9 6 mm pour les amigurumi et les peluches. \u0152illets de s\u00e9curit\u00e9 pour les crochets."},{"@type":"BreadcrumbList","@id":"https:\/\/www.jootjeshaakcadeautjes.nl\/fr\/produit\/yeux-de-securite-5-mm-crochets-noirs\/#breadcrumb","itemListElement":[{"@type":"ListItem","position":1,"name":"Accueil","item":"https:\/\/www.jootjeshaakcadeautjes.nl\/fr\/"},{"@type":"ListItem","position":2,"name":"Commerce de gros de perles en silicone &#8211; Entreprises et consommateurs","item":"https:\/\/www.jootjeshaakcadeautjes.nl\/fr\/boutique\/"},{"@type":"ListItem","position":3,"name":"Oeil de s\u00e9curit\u00e9 5 mm &#8211; Noir &#8211; par paire"}]},{"@type":"WebSite","@id":"https:\/\/www.jootjeshaakcadeautjes.nl\/fr\/#website","url":"https:\/\/www.jootjeshaakcadeautjes.nl\/fr\/","name":"Jootjes Haakcadeautjes","description":"Grossiste en perles de silicone","publisher":{"@id":"https:\/\/www.jootjeshaakcadeautjes.nl\/fr\/#organization"},"potentialAction":[{"@type":"SearchAction","target":{"@type":"EntryPoint","urlTemplate":"https:\/\/www.jootjeshaakcadeautjes.nl\/fr\/?s={search_term_string}"},"query-input":{"@type":"PropertyValueSpecification","valueRequired":true,"valueName":"search_term_string"}}],"inLanguage":"fr-FR"},{"@type":"Organization","@id":"https:\/\/www.jootjeshaakcadeautjes.nl\/fr\/#organization","name":"Jootjes Haakcadeautjes","url":"https:\/\/www.jootjeshaakcadeautjes.nl\/fr\/","logo":{"@type":"ImageObject","inLanguage":"fr-FR","@id":"https:\/\/www.jootjeshaakcadeautjes.nl\/fr\/#\/schema\/logo\/image\/","url":"https:\/\/jootjes-haakcadeautjes-media.s3.amazonaws.com\/wp-content\/uploads\/2023\/05\/Logo-rond.png","contentUrl":"https:\/\/jootjes-haakcadeautjes-media.s3.amazonaws.com\/wp-content\/uploads\/2023\/05\/Logo-rond.png","width":1222,"height":1222,"caption":"Jootjes Haakcadeautjes"},"image":{"@id":"https:\/\/www.jootjeshaakcadeautjes.nl\/fr\/#\/schema\/logo\/image\/"}}]},"product_price_amount":"0.30","product_price_currency":"EUR","og_availability":"instock","product_availability":"instock","product_retailer_item_id":"VHO-ZWA-005","product_condition":"new"},"_links":{"self":[{"href":"https:\/\/www.jootjeshaakcadeautjes.nl\/fr\/wp-json\/wp\/v2\/product\/131570","targetHints":{"allow":["GET"]}}],"collection":[{"href":"https:\/\/www.jootjeshaakcadeautjes.nl\/fr\/wp-json\/wp\/v2\/product"}],"about":[{"href":"https:\/\/www.jootjeshaakcadeautjes.nl\/fr\/wp-json\/wp\/v2\/types\/product"}],"version-history":[{"count":0,"href":"https:\/\/www.jootjeshaakcadeautjes.nl\/fr\/wp-json\/wp\/v2\/product\/131570\/revisions"}],"wp:featuredmedia":[{"embeddable":true,"href":"https:\/\/www.jootjeshaakcadeautjes.nl\/fr\/wp-json\/wp\/v2\/media\/131578"}],"wp:attachment":[{"href":"https:\/\/www.jootjeshaakcadeautjes.nl\/fr\/wp-json\/wp\/v2\/media?parent=131570"}],"wp:term":[{"taxonomy":"product_brand","embeddable":true,"href":"https:\/\/www.jootjeshaakcadeautjes.nl\/fr\/wp-json\/wp\/v2\/product_brand?post=131570"},{"taxonomy":"product_cat","embeddable":true,"href":"https:\/\/www.jootjeshaakcadeautjes.nl\/fr\/wp-json\/wp\/v2\/product_cat?post=131570"},{"taxonomy":"product_tag","embeddable":true,"href":"https:\/\/www.jootjeshaakcadeautjes.nl\/fr\/wp-json\/wp\/v2\/product_tag?post=131570"}],"curies":[{"name":"wp","href":"https:\/\/api.w.org\/{rel}","templated":true}]}}