{"id":131575,"date":"2023-07-26T16:43:40","date_gmt":"2023-07-26T15:43:40","guid":{"rendered":"https:\/\/www.jootjeshaakcadeautjes.nl\/product\/silicone-trolley-crochet-perzik-rose\/"},"modified":"2025-03-11T04:31:52","modified_gmt":"2025-03-11T03:31:52","slug":"silicone-trolley-crochet-perzik-rose","status":"publish","type":"product","link":"https:\/\/www.jootjeshaakcadeautjes.nl\/fr\/produit\/silicone-trolley-crochet-perzik-rose\/","title":{"rendered":"Crochet \u00e0 chariot en silicone &#8211; Crochet \u00e0 chariot &#8211; Peach Pink"},"content":{"rendered":"<h2>Crochet \u00e0 chariot en silicone &#8211; Crochet \u00e0 chariot &#8211; Peach Pink<\/h2>\n<p>Sp\u00e9cifications :<\/p>\n<ul>\n<li>Couleur : rose p\u00eache<\/li>\n<li>Mat\u00e9riau en silicone test\u00e9 en toute s\u00e9curit\u00e9 selon la norme EN-71<\/li>\n<li>Parfait pour une utilisation comme crochet sup\u00e9rieur \/ attache pour un cintre de voiture<\/li>\n<li>Flexible, se plie pour s&#8217;adapter \u00e0 la plupart des chariots\/bo\u00eetes<\/li>\n<li>Attention, il ne s&#8217;agit pas d&#8217;un anneau de dentition. Sous la couche ext\u00e9rieure en silicone du crochet de chariot se trouve un plastique sans danger pour les b\u00e9b\u00e9s, qui permet \u00e0 l&#8217;anneau de se ressouder. Cependant, cela peut devenir visible lors de la morsure. Ils ne sont pas destin\u00e9s \u00e0 \u00eatre mordus.<\/li>\n<li>Antibact\u00e9rien, facile \u00e0 essuyer.<\/li>\n<\/ul>\n","protected":false},"excerpt":{"rendered":"<ul>\n<li>Couleur : rose p\u00eache<\/li>\n<li>Mat\u00e9riau en silicone test\u00e9 en toute s\u00e9curit\u00e9 selon la norme EN-71<\/li>\n<li>Parfait pour une utilisation comme crochet sup\u00e9rieur \/ attache pour un cintre de voiture<\/li>\n<li>Flexible, se plie pour s&#8217;adapter \u00e0 la plupart des chariots\/bo\u00eetes<\/li>\n<li>Attention, il ne s&#8217;agit pas d&#8217;un anneau de dentition. Sous la couche ext\u00e9rieure en silicone du crochet de chariot se trouve un plastique sans danger pour les b\u00e9b\u00e9s, qui permet \u00e0 l&#8217;anneau de se ressouder. Cependant, cela peut devenir visible lors de la morsure. Ils ne sont pas destin\u00e9s \u00e0 \u00eatre mordus.<\/li>\n<li>Antibact\u00e9rien, facile \u00e0 essuyer.<\/li>\n<\/ul>\n","protected":false},"featured_media":131583,"template":"","meta":[],"product_brand":[],"product_cat":[12891,7378],"product_tag":[7401,12899,12824,10295,7455,12893,12911,12914,12896,9997,12460,12907,12326,12826,10175,12905,7212,7408,12909,12904],"class_list":{"0":"post-131575","1":"product","2":"type-product","3":"status-publish","4":"has-post-thumbnail","6":"product_cat-crochets-maxicosi-crochet-de-transport","7":"product_cat-fabrication-de-jouets-de-dentition-pour-bebe-cordon-de-sucette-et-anneaux-de-dentition","8":"product_tag-bebe","9":"product_tag-boite-fr","10":"product_tag-briggeman-fr","11":"product_tag-certifie-fr","12":"product_tag-chaine-de-landau","13":"product_tag-crochet-de-wagon-fr","14":"product_tag-fabrication-de-cintres","15":"product_tag-fabriquez-votre-propre-cintre-fr","16":"product_tag-fixation-fr","17":"product_tag-fr-71","18":"product_tag-knufl-fr","19":"product_tag-landau","20":"product_tag-peche-fr","21":"product_tag-rosanne-fr","22":"product_tag-rose-fr-3","23":"product_tag-securite-des-bebes","24":"product_tag-silicone-fr","25":"product_tag-sur","26":"product_tag-tendeur","27":"product_tag-voiture-fr","29":"first","30":"instock","31":"taxable","32":"shipping-taxable","33":"purchasable","34":"product-type-simple"},"bundled_by":[],"bundle_stock_status":"instock","bundle_stock_quantity":50,"bundle_virtual":false,"bundle_layout":"","bundle_add_to_cart_form_location":"","bundle_editable_in_cart":false,"bundle_sold_individually_context":"","bundle_item_grouping":"","bundle_min_size":"","bundle_max_size":"","bundle_price":[],"bundled_items":[],"bundle_sell_ids":[],"yoast_head":"<!-- This site is optimized with the Yoast SEO Premium plugin v27.6 (Yoast SEO v27.6) - https:\/\/yoast.com\/product\/yoast-seo-premium-wordpress\/ -->\n<title>Crochet \u00e0 chariot en silicone - Crochet \u00e0 chariot - Peach Pink - Jootjes Haakcadeautjes<\/title>\n<meta name=\"description\" content=\"Le crochet de landau en silicone de couleur rose p\u00eache est parfait pour fabriquer votre propre crochet de landau. Fabriqu\u00e9 en silicone EN-71 sans danger pour les b\u00e9b\u00e9s.\" \/>\n<meta name=\"robots\" content=\"index, follow, max-snippet:-1, max-image-preview:large, max-video-preview:-1\" \/>\n<link rel=\"canonical\" href=\"https:\/\/www.jootjeshaakcadeautjes.nl\/fr\/produit\/silicone-trolley-crochet-perzik-rose\/\" \/>\n<meta property=\"og:locale\" content=\"fr_FR\" \/>\n<meta property=\"og:type\" content=\"article\" \/>\n<meta property=\"og:title\" content=\"Crochet \u00e0 chariot en silicone - Crochet \u00e0 chariot - Peach Pink\" \/>\n<meta property=\"og:description\" content=\"Le crochet de landau en silicone de couleur rose p\u00eache est parfait pour fabriquer votre propre crochet de landau. Fabriqu\u00e9 en silicone EN-71 sans danger pour les b\u00e9b\u00e9s.\" \/>\n<meta property=\"og:url\" content=\"https:\/\/www.jootjeshaakcadeautjes.nl\/fr\/produit\/silicone-trolley-crochet-perzik-rose\/\" \/>\n<meta property=\"og:site_name\" content=\"Jootjes Haakcadeautjes\" \/>\n<meta property=\"article:modified_time\" content=\"2025-03-11T03:31:52+00:00\" \/>\n<meta property=\"og:image\" content=\"https:\/\/www.jootjeshaakcadeautjes.nl\/wp-content\/uploads\/2023\/08\/20230724_211843.jpg\" \/>\n\t<meta property=\"og:image:width\" content=\"2048\" \/>\n\t<meta property=\"og:image:height\" content=\"2048\" \/>\n\t<meta property=\"og:image:type\" content=\"image\/jpeg\" \/>\n<meta name=\"twitter:card\" content=\"summary_large_image\" \/>\n<meta name=\"twitter:label1\" content=\"Prix\" \/>\n\t<meta name=\"twitter:data1\" content=\"&euro;1.85 TTC\" \/>\n\t<meta name=\"twitter:label2\" content=\"Disponibilit\u00e9\" \/>\n\t<meta name=\"twitter:data2\" content=\"En stock\" \/>\n<script type=\"application\/ld+json\" class=\"yoast-schema-graph\">{\"@context\":\"https:\\\/\\\/schema.org\",\"@graph\":[{\"@type\":\"WebPage\",\"@id\":\"https:\\\/\\\/www.jootjeshaakcadeautjes.nl\\\/fr\\\/produit\\\/silicone-trolley-crochet-perzik-rose\\\/\",\"url\":\"https:\\\/\\\/www.jootjeshaakcadeautjes.nl\\\/fr\\\/produit\\\/silicone-trolley-crochet-perzik-rose\\\/\",\"name\":\"Crochet \u00e0 chariot en silicone - Crochet \u00e0 chariot - Peach Pink - Jootjes Haakcadeautjes\",\"isPartOf\":{\"@id\":\"https:\\\/\\\/www.jootjeshaakcadeautjes.nl\\\/fr\\\/#website\"},\"primaryImageOfPage\":{\"@id\":\"https:\\\/\\\/www.jootjeshaakcadeautjes.nl\\\/fr\\\/produit\\\/silicone-trolley-crochet-perzik-rose\\\/#primaryimage\"},\"image\":{\"@id\":\"https:\\\/\\\/www.jootjeshaakcadeautjes.nl\\\/fr\\\/produit\\\/silicone-trolley-crochet-perzik-rose\\\/#primaryimage\"},\"thumbnailUrl\":\"https:\\\/\\\/d1dyryakdmle7o.cloudfront.net\\\/wp-content\\\/uploads\\\/2023\\\/08\\\/20230724_211843.jpg\",\"datePublished\":\"2023-07-26T15:43:40+00:00\",\"dateModified\":\"2025-03-11T03:31:52+00:00\",\"description\":\"Le crochet de landau en silicone de couleur rose p\u00eache est parfait pour fabriquer votre propre crochet de landau. Fabriqu\u00e9 en silicone EN-71 sans danger pour les b\u00e9b\u00e9s.\",\"breadcrumb\":{\"@id\":\"https:\\\/\\\/www.jootjeshaakcadeautjes.nl\\\/fr\\\/produit\\\/silicone-trolley-crochet-perzik-rose\\\/#breadcrumb\"},\"inLanguage\":\"fr-FR\",\"potentialAction\":[{\"@type\":\"ReadAction\",\"target\":[\"https:\\\/\\\/www.jootjeshaakcadeautjes.nl\\\/fr\\\/produit\\\/silicone-trolley-crochet-perzik-rose\\\/\"]}]},{\"@type\":\"ImageObject\",\"inLanguage\":\"fr-FR\",\"@id\":\"https:\\\/\\\/www.jootjeshaakcadeautjes.nl\\\/fr\\\/produit\\\/silicone-trolley-crochet-perzik-rose\\\/#primaryimage\",\"url\":\"https:\\\/\\\/d1dyryakdmle7o.cloudfront.net\\\/wp-content\\\/uploads\\\/2023\\\/08\\\/20230724_211843.jpg\",\"contentUrl\":\"https:\\\/\\\/d1dyryakdmle7o.cloudfront.net\\\/wp-content\\\/uploads\\\/2023\\\/08\\\/20230724_211843.jpg\",\"width\":2048,\"height\":2048,\"caption\":\"Crochet de landau en silicone tendeur de landau fait maison p\u00eache rose knufl rosanne briggeman crochets en gros baby safe\"},{\"@type\":\"BreadcrumbList\",\"@id\":\"https:\\\/\\\/www.jootjeshaakcadeautjes.nl\\\/fr\\\/produit\\\/silicone-trolley-crochet-perzik-rose\\\/#breadcrumb\",\"itemListElement\":[{\"@type\":\"ListItem\",\"position\":1,\"name\":\"Accueil\",\"item\":\"https:\\\/\\\/www.jootjeshaakcadeautjes.nl\\\/fr\\\/\"},{\"@type\":\"ListItem\",\"position\":2,\"name\":\"Commerce de gros de perles en silicone &#8211; Entreprises et consommateurs\",\"item\":\"https:\\\/\\\/www.jootjeshaakcadeautjes.nl\\\/fr\\\/boutique\\\/\"},{\"@type\":\"ListItem\",\"position\":3,\"name\":\"Crochet \u00e0 chariot en silicone &#8211; Crochet \u00e0 chariot &#8211; Peach Pink\"}]},{\"@type\":\"WebSite\",\"@id\":\"https:\\\/\\\/www.jootjeshaakcadeautjes.nl\\\/fr\\\/#website\",\"url\":\"https:\\\/\\\/www.jootjeshaakcadeautjes.nl\\\/fr\\\/\",\"name\":\"Jootjes Haakcadeautjes\",\"description\":\"Grossiste en perles de silicone\",\"publisher\":{\"@id\":\"https:\\\/\\\/www.jootjeshaakcadeautjes.nl\\\/fr\\\/#organization\"},\"potentialAction\":[{\"@type\":\"SearchAction\",\"target\":{\"@type\":\"EntryPoint\",\"urlTemplate\":\"https:\\\/\\\/www.jootjeshaakcadeautjes.nl\\\/fr\\\/?s={search_term_string}\"},\"query-input\":{\"@type\":\"PropertyValueSpecification\",\"valueRequired\":true,\"valueName\":\"search_term_string\"}}],\"inLanguage\":\"fr-FR\"},{\"@type\":\"Organization\",\"@id\":\"https:\\\/\\\/www.jootjeshaakcadeautjes.nl\\\/fr\\\/#organization\",\"name\":\"Jootjes Haakcadeautjes\",\"url\":\"https:\\\/\\\/www.jootjeshaakcadeautjes.nl\\\/fr\\\/\",\"logo\":{\"@type\":\"ImageObject\",\"inLanguage\":\"fr-FR\",\"@id\":\"https:\\\/\\\/www.jootjeshaakcadeautjes.nl\\\/fr\\\/#\\\/schema\\\/logo\\\/image\\\/\",\"url\":\"https:\\\/\\\/d1dyryakdmle7o.cloudfront.net\\\/wp-content\\\/uploads\\\/2023\\\/05\\\/Logo-rond.png\",\"contentUrl\":\"https:\\\/\\\/d1dyryakdmle7o.cloudfront.net\\\/wp-content\\\/uploads\\\/2023\\\/05\\\/Logo-rond.png\",\"width\":1222,\"height\":1222,\"caption\":\"Jootjes Haakcadeautjes\"},\"image\":{\"@id\":\"https:\\\/\\\/www.jootjeshaakcadeautjes.nl\\\/fr\\\/#\\\/schema\\\/logo\\\/image\\\/\"}}]}<\/script>\n<meta property=\"product:price:amount\" content=\"1.85\" \/>\n<meta property=\"product:price:currency\" content=\"EUR\" \/>\n<meta property=\"og:availability\" content=\"instock\" \/>\n<meta property=\"product:availability\" content=\"instock\" \/>\n<meta property=\"product:retailer_item_id\" content=\"SIL-WGH-PRO\" \/>\n<meta property=\"product:condition\" content=\"new\" \/>\n<!-- \/ Yoast SEO Premium plugin. -->","yoast_head_json":{"title":"Crochet \u00e0 chariot en silicone - Crochet \u00e0 chariot - Peach Pink - Jootjes Haakcadeautjes","description":"Le crochet de landau en silicone de couleur rose p\u00eache est parfait pour fabriquer votre propre crochet de landau. Fabriqu\u00e9 en silicone EN-71 sans danger pour les b\u00e9b\u00e9s.","robots":{"index":"index","follow":"follow","max-snippet":"max-snippet:-1","max-image-preview":"max-image-preview:large","max-video-preview":"max-video-preview:-1"},"canonical":"https:\/\/www.jootjeshaakcadeautjes.nl\/fr\/produit\/silicone-trolley-crochet-perzik-rose\/","og_locale":"fr_FR","og_type":"article","og_title":"Crochet \u00e0 chariot en silicone - Crochet \u00e0 chariot - Peach Pink","og_description":"Le crochet de landau en silicone de couleur rose p\u00eache est parfait pour fabriquer votre propre crochet de landau. Fabriqu\u00e9 en silicone EN-71 sans danger pour les b\u00e9b\u00e9s.","og_url":"https:\/\/www.jootjeshaakcadeautjes.nl\/fr\/produit\/silicone-trolley-crochet-perzik-rose\/","og_site_name":"Jootjes Haakcadeautjes","article_modified_time":"2025-03-11T03:31:52+00:00","og_image":[{"width":2048,"height":2048,"url":"https:\/\/www.jootjeshaakcadeautjes.nl\/wp-content\/uploads\/2023\/08\/20230724_211843.jpg","type":"image\/jpeg"}],"twitter_card":"summary_large_image","twitter_misc":{"Prix":"&euro;1.85 TTC","Disponibilit\u00e9":"En stock"},"schema":{"@context":"https:\/\/schema.org","@graph":[{"@type":"WebPage","@id":"https:\/\/www.jootjeshaakcadeautjes.nl\/fr\/produit\/silicone-trolley-crochet-perzik-rose\/","url":"https:\/\/www.jootjeshaakcadeautjes.nl\/fr\/produit\/silicone-trolley-crochet-perzik-rose\/","name":"Crochet \u00e0 chariot en silicone - Crochet \u00e0 chariot - Peach Pink - Jootjes Haakcadeautjes","isPartOf":{"@id":"https:\/\/www.jootjeshaakcadeautjes.nl\/fr\/#website"},"primaryImageOfPage":{"@id":"https:\/\/www.jootjeshaakcadeautjes.nl\/fr\/produit\/silicone-trolley-crochet-perzik-rose\/#primaryimage"},"image":{"@id":"https:\/\/www.jootjeshaakcadeautjes.nl\/fr\/produit\/silicone-trolley-crochet-perzik-rose\/#primaryimage"},"thumbnailUrl":"https:\/\/d1dyryakdmle7o.cloudfront.net\/wp-content\/uploads\/2023\/08\/20230724_211843.jpg","datePublished":"2023-07-26T15:43:40+00:00","dateModified":"2025-03-11T03:31:52+00:00","description":"Le crochet de landau en silicone de couleur rose p\u00eache est parfait pour fabriquer votre propre crochet de landau. Fabriqu\u00e9 en silicone EN-71 sans danger pour les b\u00e9b\u00e9s.","breadcrumb":{"@id":"https:\/\/www.jootjeshaakcadeautjes.nl\/fr\/produit\/silicone-trolley-crochet-perzik-rose\/#breadcrumb"},"inLanguage":"fr-FR","potentialAction":[{"@type":"ReadAction","target":["https:\/\/www.jootjeshaakcadeautjes.nl\/fr\/produit\/silicone-trolley-crochet-perzik-rose\/"]}]},{"@type":"ImageObject","inLanguage":"fr-FR","@id":"https:\/\/www.jootjeshaakcadeautjes.nl\/fr\/produit\/silicone-trolley-crochet-perzik-rose\/#primaryimage","url":"https:\/\/d1dyryakdmle7o.cloudfront.net\/wp-content\/uploads\/2023\/08\/20230724_211843.jpg","contentUrl":"https:\/\/d1dyryakdmle7o.cloudfront.net\/wp-content\/uploads\/2023\/08\/20230724_211843.jpg","width":2048,"height":2048,"caption":"Crochet de landau en silicone tendeur de landau fait maison p\u00eache rose knufl rosanne briggeman crochets en gros baby safe"},{"@type":"BreadcrumbList","@id":"https:\/\/www.jootjeshaakcadeautjes.nl\/fr\/produit\/silicone-trolley-crochet-perzik-rose\/#breadcrumb","itemListElement":[{"@type":"ListItem","position":1,"name":"Accueil","item":"https:\/\/www.jootjeshaakcadeautjes.nl\/fr\/"},{"@type":"ListItem","position":2,"name":"Commerce de gros de perles en silicone &#8211; Entreprises et consommateurs","item":"https:\/\/www.jootjeshaakcadeautjes.nl\/fr\/boutique\/"},{"@type":"ListItem","position":3,"name":"Crochet \u00e0 chariot en silicone &#8211; Crochet \u00e0 chariot &#8211; Peach Pink"}]},{"@type":"WebSite","@id":"https:\/\/www.jootjeshaakcadeautjes.nl\/fr\/#website","url":"https:\/\/www.jootjeshaakcadeautjes.nl\/fr\/","name":"Jootjes Haakcadeautjes","description":"Grossiste en perles de silicone","publisher":{"@id":"https:\/\/www.jootjeshaakcadeautjes.nl\/fr\/#organization"},"potentialAction":[{"@type":"SearchAction","target":{"@type":"EntryPoint","urlTemplate":"https:\/\/www.jootjeshaakcadeautjes.nl\/fr\/?s={search_term_string}"},"query-input":{"@type":"PropertyValueSpecification","valueRequired":true,"valueName":"search_term_string"}}],"inLanguage":"fr-FR"},{"@type":"Organization","@id":"https:\/\/www.jootjeshaakcadeautjes.nl\/fr\/#organization","name":"Jootjes Haakcadeautjes","url":"https:\/\/www.jootjeshaakcadeautjes.nl\/fr\/","logo":{"@type":"ImageObject","inLanguage":"fr-FR","@id":"https:\/\/www.jootjeshaakcadeautjes.nl\/fr\/#\/schema\/logo\/image\/","url":"https:\/\/d1dyryakdmle7o.cloudfront.net\/wp-content\/uploads\/2023\/05\/Logo-rond.png","contentUrl":"https:\/\/d1dyryakdmle7o.cloudfront.net\/wp-content\/uploads\/2023\/05\/Logo-rond.png","width":1222,"height":1222,"caption":"Jootjes Haakcadeautjes"},"image":{"@id":"https:\/\/www.jootjeshaakcadeautjes.nl\/fr\/#\/schema\/logo\/image\/"}}]},"product_price_amount":"1.85","product_price_currency":"EUR","og_availability":"instock","product_availability":"instock","product_retailer_item_id":"SIL-WGH-PRO","product_condition":"new"},"_links":{"self":[{"href":"https:\/\/www.jootjeshaakcadeautjes.nl\/fr\/wp-json\/wp\/v2\/product\/131575","targetHints":{"allow":["GET"]}}],"collection":[{"href":"https:\/\/www.jootjeshaakcadeautjes.nl\/fr\/wp-json\/wp\/v2\/product"}],"about":[{"href":"https:\/\/www.jootjeshaakcadeautjes.nl\/fr\/wp-json\/wp\/v2\/types\/product"}],"version-history":[{"count":0,"href":"https:\/\/www.jootjeshaakcadeautjes.nl\/fr\/wp-json\/wp\/v2\/product\/131575\/revisions"}],"wp:featuredmedia":[{"embeddable":true,"href":"https:\/\/www.jootjeshaakcadeautjes.nl\/fr\/wp-json\/wp\/v2\/media\/131583"}],"wp:attachment":[{"href":"https:\/\/www.jootjeshaakcadeautjes.nl\/fr\/wp-json\/wp\/v2\/media?parent=131575"}],"wp:term":[{"taxonomy":"product_brand","embeddable":true,"href":"https:\/\/www.jootjeshaakcadeautjes.nl\/fr\/wp-json\/wp\/v2\/product_brand?post=131575"},{"taxonomy":"product_cat","embeddable":true,"href":"https:\/\/www.jootjeshaakcadeautjes.nl\/fr\/wp-json\/wp\/v2\/product_cat?post=131575"},{"taxonomy":"product_tag","embeddable":true,"href":"https:\/\/www.jootjeshaakcadeautjes.nl\/fr\/wp-json\/wp\/v2\/product_tag?post=131575"}],"curies":[{"name":"wp","href":"https:\/\/api.w.org\/{rel}","templated":true}]}}