{"id":131691,"date":"2024-02-16T15:57:34","date_gmt":"2024-02-16T13:57:34","guid":{"rendered":"https:\/\/www.jootjeshaakcadeautjes.nl\/?post_type=product&#038;p=131691"},"modified":"2025-03-11T16:10:11","modified_gmt":"2025-03-11T15:10:11","slug":"perle-de-silicone-22-mm-lumiere-dans-lobscurite-rose-peche","status":"publish","type":"product","link":"https:\/\/www.jootjeshaakcadeautjes.nl\/fr\/produit\/perle-de-silicone-22-mm-lumiere-dans-lobscurite-rose-peche\/","title":{"rendered":"Perle de silicone &#8211; fleur\/marguerite &#8211; 22 mm &#8211; phosphorescente Peach Pink"},"content":{"rendered":"<h3>Perle de silicone &#8211; fleur\/marguerite &#8211; 22 mm &#8211; phosphorescente Peach Pink<\/h3>\n<p>Cette nouvelle perle en silicone en forme de fleur est tr\u00e8s populaire cet \u00e9t\u00e9. Le joli motif floral et les couleurs douces\/fra\u00eeches mais aussi neutres font de ces perles un accessoire id\u00e9al pour tout cordon de t\u00e9tine ou anneau de dentition.<\/p>\n<p>La perle de silicone en forme de fleur est fabriqu\u00e9e en silicone sans BPA. Cela signifie que les produits ont \u00e9t\u00e9 jug\u00e9s s\u00fbrs pour une utilisation dans les jouets pour enfants. L&#8217;application de silicone ne contient pas de substances nocives. Nos produits r\u00e9pondent donc \u00e0 toutes les certifications n\u00e9cessaires pour que vous puissiez fabriquer des jouets de dentition s\u00fbrs. N\u00e9anmoins, surveillez toujours l&#8217;usure des jouets et jetez-les si n\u00e9cessaire. Cela s&#8217;applique \u00e0 tout type de jouet pour b\u00e9b\u00e9. Malheureusement, tout peut toujours s&#8217;user \u00e0 un moment ou \u00e0 un autre et, bien s\u00fbr, la s\u00e9curit\u00e9 des petits passe avant tout.<\/p>\n<p>&nbsp;<\/p>\n","protected":false},"excerpt":{"rendered":"<p>Variante : Fleur &#8211; 22 mm &#8211; Rose p\u00eache phosphorescent<\/p>\n<p>Fabriqu\u00e9 en silicone sans BPA. Totalement exempt de produits chimiques nocifs, conform\u00e9ment aux crit\u00e8res d&#8217;essai europ\u00e9ens EN-71, et donc 100 % s\u00fbr pour les enfants.<\/p>\n<p>Pour plus d&#8217;informations sur l&#8217;utilisation,<br \/>\nlire en bas de page.<\/p>\n","protected":false},"featured_media":116634,"template":"","meta":[],"product_brand":[],"product_cat":[7378,7185,10277,6992,7398],"product_tag":[10297,10340,7384,7401,10302,7424,10295,7455,7463,7215,7418,10299,10282,10311,7440,10309,7392,10331,7200,12954,10290,7212,7408,7217],"class_list":{"0":"post-131691","1":"product","2":"type-product","3":"status-publish","4":"has-post-thumbnail","6":"product_cat-fabrication-de-jouets-de-dentition-pour-bebe-cordon-de-sucette-et-anneaux-de-dentition","7":"product_cat-nouveaux-produits","8":"product_cat-perles-en-silicone-daisy-daisies-daisies","9":"product_cat-perles-en-silicone-sans-bpa-grossiste","10":"product_cat-perles-en-silicone-toutes-les-perles-de-luxe-multicolores","11":"product_tag-22-fr","12":"product_tag-22-mm-fr","13":"product_tag-anneau-de-dentition","14":"product_tag-bebe","15":"product_tag-bijoux","16":"product_tag-bpa-fr","17":"product_tag-certifie-fr","18":"product_tag-chaine-de-landau","19":"product_tag-commerce-de-gros","20":"product_tag-faire","21":"product_tag-faux-cordon","22":"product_tag-filetage","23":"product_tag-fleur-fr-2","24":"product_tag-fleur-fr-3","25":"product_tag-gratuit","26":"product_tag-marguerite","27":"product_tag-mm-fr","28":"product_tag-peche-rose","29":"product_tag-perles","30":"product_tag-phosphorescente","31":"product_tag-protection-des-enfants","32":"product_tag-silicone-fr","33":"product_tag-sur","34":"product_tag-toi-meme","36":"first","37":"instock","38":"taxable","39":"shipping-taxable","40":"purchasable","41":"product-type-simple"},"bundled_by":[],"bundle_stock_status":"instock","bundle_stock_quantity":29,"bundle_virtual":false,"bundle_layout":"","bundle_add_to_cart_form_location":"","bundle_editable_in_cart":false,"bundle_sold_individually_context":"","bundle_item_grouping":"","bundle_min_size":"","bundle_max_size":"","bundle_price":[],"bundled_items":[],"bundle_sell_ids":[],"yoast_head":"<!-- This site is optimized with the Yoast SEO Premium plugin v27.4 (Yoast SEO v27.5) - https:\/\/yoast.com\/product\/yoast-seo-premium-wordpress\/ -->\n<title>Perle de silicone - fleur\/marguerite - 22 mm - phosphorescente Peach Pink - Chiffre de l&#039;abeille -%.<\/title>\n<meta name=\"description\" content=\"Figurine en silicone Monstera Leaf sans BPA, 100% sans danger pour les enfants. Pour anneau de dentition ou cordon de t\u00e9tine. Certifi\u00e9 CE EN71. Pour les gar\u00e7ons et les filles\" \/>\n<meta name=\"robots\" content=\"index, follow, max-snippet:-1, max-image-preview:large, max-video-preview:-1\" \/>\n<link rel=\"canonical\" href=\"https:\/\/www.jootjeshaakcadeautjes.nl\/fr\/produit\/perle-de-silicone-22-mm-lumiere-dans-lobscurite-rose-peche\/\" \/>\n<meta property=\"og:locale\" content=\"fr_FR\" \/>\n<meta property=\"og:type\" content=\"article\" \/>\n<meta property=\"og:title\" content=\"Perle de silicone - fleur\/marguerite - 22 mm - phosphorescente Peach Pink\" \/>\n<meta property=\"og:description\" content=\"Figurine en silicone Monstera Leaf sans BPA, 100% sans danger pour les enfants. Pour anneau de dentition ou cordon de t\u00e9tine. Certifi\u00e9 CE EN71. Pour les gar\u00e7ons et les filles\" \/>\n<meta property=\"og:url\" content=\"https:\/\/www.jootjeshaakcadeautjes.nl\/fr\/produit\/perle-de-silicone-22-mm-lumiere-dans-lobscurite-rose-peche\/\" \/>\n<meta property=\"og:site_name\" content=\"Jootjes Haakcadeautjes\" \/>\n<meta property=\"article:modified_time\" content=\"2025-03-11T15:10:11+00:00\" \/>\n<meta property=\"og:image\" content=\"https:\/\/www.jootjeshaakcadeautjes.nl\/wp-content\/uploads\/2024\/02\/20240127_175753.jpg\" \/>\n\t<meta property=\"og:image:width\" content=\"2048\" \/>\n\t<meta property=\"og:image:height\" content=\"2048\" \/>\n\t<meta property=\"og:image:type\" content=\"image\/jpeg\" \/>\n<meta name=\"twitter:card\" content=\"summary_large_image\" \/>\n<meta name=\"twitter:label1\" content=\"Prix\" \/>\n\t<meta name=\"twitter:data1\" content=\"&euro;0.75 TTC\" \/>\n\t<meta name=\"twitter:label2\" content=\"Disponibilit\u00e9\" \/>\n\t<meta name=\"twitter:data2\" content=\"En stock\" \/>\n<script type=\"application\/ld+json\" class=\"yoast-schema-graph\">{\"@context\":\"https:\\\/\\\/schema.org\",\"@graph\":[{\"@type\":\"WebPage\",\"@id\":\"https:\\\/\\\/www.jootjeshaakcadeautjes.nl\\\/fr\\\/produit\\\/perle-de-silicone-22-mm-lumiere-dans-lobscurite-rose-peche\\\/\",\"url\":\"https:\\\/\\\/www.jootjeshaakcadeautjes.nl\\\/fr\\\/produit\\\/perle-de-silicone-22-mm-lumiere-dans-lobscurite-rose-peche\\\/\",\"name\":\"Perle de silicone - fleur\\\/marguerite - 22 mm - phosphorescente Peach Pink - Chiffre de l'abeille -%.\",\"isPartOf\":{\"@id\":\"https:\\\/\\\/www.jootjeshaakcadeautjes.nl\\\/fr\\\/#website\"},\"primaryImageOfPage\":{\"@id\":\"https:\\\/\\\/www.jootjeshaakcadeautjes.nl\\\/fr\\\/produit\\\/perle-de-silicone-22-mm-lumiere-dans-lobscurite-rose-peche\\\/#primaryimage\"},\"image\":{\"@id\":\"https:\\\/\\\/www.jootjeshaakcadeautjes.nl\\\/fr\\\/produit\\\/perle-de-silicone-22-mm-lumiere-dans-lobscurite-rose-peche\\\/#primaryimage\"},\"thumbnailUrl\":\"https:\\\/\\\/d1dyryakdmle7o.cloudfront.net\\\/wp-content\\\/uploads\\\/2024\\\/02\\\/20240127_175753.jpg\",\"datePublished\":\"2024-02-16T13:57:34+00:00\",\"dateModified\":\"2025-03-11T15:10:11+00:00\",\"description\":\"Figurine en silicone Monstera Leaf sans BPA, 100% sans danger pour les enfants. Pour anneau de dentition ou cordon de t\u00e9tine. Certifi\u00e9 CE EN71. Pour les gar\u00e7ons et les filles\",\"breadcrumb\":{\"@id\":\"https:\\\/\\\/www.jootjeshaakcadeautjes.nl\\\/fr\\\/produit\\\/perle-de-silicone-22-mm-lumiere-dans-lobscurite-rose-peche\\\/#breadcrumb\"},\"inLanguage\":\"fr-FR\",\"potentialAction\":[{\"@type\":\"ReadAction\",\"target\":[\"https:\\\/\\\/www.jootjeshaakcadeautjes.nl\\\/fr\\\/produit\\\/perle-de-silicone-22-mm-lumiere-dans-lobscurite-rose-peche\\\/\"]}]},{\"@type\":\"ImageObject\",\"inLanguage\":\"fr-FR\",\"@id\":\"https:\\\/\\\/www.jootjeshaakcadeautjes.nl\\\/fr\\\/produit\\\/perle-de-silicone-22-mm-lumiere-dans-lobscurite-rose-peche\\\/#primaryimage\",\"url\":\"https:\\\/\\\/d1dyryakdmle7o.cloudfront.net\\\/wp-content\\\/uploads\\\/2024\\\/02\\\/20240127_175753.jpg\",\"contentUrl\":\"https:\\\/\\\/d1dyryakdmle7o.cloudfront.net\\\/wp-content\\\/uploads\\\/2024\\\/02\\\/20240127_175753.jpg\",\"width\":2048,\"height\":2048},{\"@type\":\"BreadcrumbList\",\"@id\":\"https:\\\/\\\/www.jootjeshaakcadeautjes.nl\\\/fr\\\/produit\\\/perle-de-silicone-22-mm-lumiere-dans-lobscurite-rose-peche\\\/#breadcrumb\",\"itemListElement\":[{\"@type\":\"ListItem\",\"position\":1,\"name\":\"Accueil\",\"item\":\"https:\\\/\\\/www.jootjeshaakcadeautjes.nl\\\/fr\\\/\"},{\"@type\":\"ListItem\",\"position\":2,\"name\":\"Commerce de gros de perles en silicone &#8211; Entreprises et consommateurs\",\"item\":\"https:\\\/\\\/www.jootjeshaakcadeautjes.nl\\\/fr\\\/boutique\\\/\"},{\"@type\":\"ListItem\",\"position\":3,\"name\":\"Perle de silicone &#8211; fleur\\\/marguerite &#8211; 22 mm &#8211; phosphorescente Peach Pink\"}]},{\"@type\":\"WebSite\",\"@id\":\"https:\\\/\\\/www.jootjeshaakcadeautjes.nl\\\/fr\\\/#website\",\"url\":\"https:\\\/\\\/www.jootjeshaakcadeautjes.nl\\\/fr\\\/\",\"name\":\"Jootjes Haakcadeautjes\",\"description\":\"Grossiste en perles de silicone\",\"publisher\":{\"@id\":\"https:\\\/\\\/www.jootjeshaakcadeautjes.nl\\\/fr\\\/#organization\"},\"potentialAction\":[{\"@type\":\"SearchAction\",\"target\":{\"@type\":\"EntryPoint\",\"urlTemplate\":\"https:\\\/\\\/www.jootjeshaakcadeautjes.nl\\\/fr\\\/?s={search_term_string}\"},\"query-input\":{\"@type\":\"PropertyValueSpecification\",\"valueRequired\":true,\"valueName\":\"search_term_string\"}}],\"inLanguage\":\"fr-FR\"},{\"@type\":\"Organization\",\"@id\":\"https:\\\/\\\/www.jootjeshaakcadeautjes.nl\\\/fr\\\/#organization\",\"name\":\"Jootjes Haakcadeautjes\",\"url\":\"https:\\\/\\\/www.jootjeshaakcadeautjes.nl\\\/fr\\\/\",\"logo\":{\"@type\":\"ImageObject\",\"inLanguage\":\"fr-FR\",\"@id\":\"https:\\\/\\\/www.jootjeshaakcadeautjes.nl\\\/fr\\\/#\\\/schema\\\/logo\\\/image\\\/\",\"url\":\"https:\\\/\\\/jootjes-haakcadeautjes-media.s3.amazonaws.com\\\/wp-content\\\/uploads\\\/2023\\\/05\\\/Logo-rond.png\",\"contentUrl\":\"https:\\\/\\\/jootjes-haakcadeautjes-media.s3.amazonaws.com\\\/wp-content\\\/uploads\\\/2023\\\/05\\\/Logo-rond.png\",\"width\":1222,\"height\":1222,\"caption\":\"Jootjes Haakcadeautjes\"},\"image\":{\"@id\":\"https:\\\/\\\/www.jootjeshaakcadeautjes.nl\\\/fr\\\/#\\\/schema\\\/logo\\\/image\\\/\"}}]}<\/script>\n<meta property=\"product:price:amount\" content=\"0.75\" \/>\n<meta property=\"product:price:currency\" content=\"EUR\" \/>\n<meta property=\"og:availability\" content=\"instock\" \/>\n<meta property=\"product:availability\" content=\"instock\" \/>\n<meta property=\"product:retailer_item_id\" content=\"SIL-DGD-PER\" \/>\n<meta property=\"product:condition\" content=\"new\" \/>\n<!-- \/ Yoast SEO Premium plugin. -->","yoast_head_json":{"title":"Perle de silicone - fleur\/marguerite - 22 mm - phosphorescente Peach Pink - Chiffre de l'abeille -%.","description":"Figurine en silicone Monstera Leaf sans BPA, 100% sans danger pour les enfants. Pour anneau de dentition ou cordon de t\u00e9tine. Certifi\u00e9 CE EN71. Pour les gar\u00e7ons et les filles","robots":{"index":"index","follow":"follow","max-snippet":"max-snippet:-1","max-image-preview":"max-image-preview:large","max-video-preview":"max-video-preview:-1"},"canonical":"https:\/\/www.jootjeshaakcadeautjes.nl\/fr\/produit\/perle-de-silicone-22-mm-lumiere-dans-lobscurite-rose-peche\/","og_locale":"fr_FR","og_type":"article","og_title":"Perle de silicone - fleur\/marguerite - 22 mm - phosphorescente Peach Pink","og_description":"Figurine en silicone Monstera Leaf sans BPA, 100% sans danger pour les enfants. Pour anneau de dentition ou cordon de t\u00e9tine. Certifi\u00e9 CE EN71. Pour les gar\u00e7ons et les filles","og_url":"https:\/\/www.jootjeshaakcadeautjes.nl\/fr\/produit\/perle-de-silicone-22-mm-lumiere-dans-lobscurite-rose-peche\/","og_site_name":"Jootjes Haakcadeautjes","article_modified_time":"2025-03-11T15:10:11+00:00","og_image":[{"width":2048,"height":2048,"url":"https:\/\/www.jootjeshaakcadeautjes.nl\/wp-content\/uploads\/2024\/02\/20240127_175753.jpg","type":"image\/jpeg"}],"twitter_card":"summary_large_image","twitter_misc":{"Prix":"&euro;0.75 TTC","Disponibilit\u00e9":"En stock"},"schema":{"@context":"https:\/\/schema.org","@graph":[{"@type":"WebPage","@id":"https:\/\/www.jootjeshaakcadeautjes.nl\/fr\/produit\/perle-de-silicone-22-mm-lumiere-dans-lobscurite-rose-peche\/","url":"https:\/\/www.jootjeshaakcadeautjes.nl\/fr\/produit\/perle-de-silicone-22-mm-lumiere-dans-lobscurite-rose-peche\/","name":"Perle de silicone - fleur\/marguerite - 22 mm - phosphorescente Peach Pink - Chiffre de l'abeille -%.","isPartOf":{"@id":"https:\/\/www.jootjeshaakcadeautjes.nl\/fr\/#website"},"primaryImageOfPage":{"@id":"https:\/\/www.jootjeshaakcadeautjes.nl\/fr\/produit\/perle-de-silicone-22-mm-lumiere-dans-lobscurite-rose-peche\/#primaryimage"},"image":{"@id":"https:\/\/www.jootjeshaakcadeautjes.nl\/fr\/produit\/perle-de-silicone-22-mm-lumiere-dans-lobscurite-rose-peche\/#primaryimage"},"thumbnailUrl":"https:\/\/d1dyryakdmle7o.cloudfront.net\/wp-content\/uploads\/2024\/02\/20240127_175753.jpg","datePublished":"2024-02-16T13:57:34+00:00","dateModified":"2025-03-11T15:10:11+00:00","description":"Figurine en silicone Monstera Leaf sans BPA, 100% sans danger pour les enfants. Pour anneau de dentition ou cordon de t\u00e9tine. Certifi\u00e9 CE EN71. Pour les gar\u00e7ons et les filles","breadcrumb":{"@id":"https:\/\/www.jootjeshaakcadeautjes.nl\/fr\/produit\/perle-de-silicone-22-mm-lumiere-dans-lobscurite-rose-peche\/#breadcrumb"},"inLanguage":"fr-FR","potentialAction":[{"@type":"ReadAction","target":["https:\/\/www.jootjeshaakcadeautjes.nl\/fr\/produit\/perle-de-silicone-22-mm-lumiere-dans-lobscurite-rose-peche\/"]}]},{"@type":"ImageObject","inLanguage":"fr-FR","@id":"https:\/\/www.jootjeshaakcadeautjes.nl\/fr\/produit\/perle-de-silicone-22-mm-lumiere-dans-lobscurite-rose-peche\/#primaryimage","url":"https:\/\/d1dyryakdmle7o.cloudfront.net\/wp-content\/uploads\/2024\/02\/20240127_175753.jpg","contentUrl":"https:\/\/d1dyryakdmle7o.cloudfront.net\/wp-content\/uploads\/2024\/02\/20240127_175753.jpg","width":2048,"height":2048},{"@type":"BreadcrumbList","@id":"https:\/\/www.jootjeshaakcadeautjes.nl\/fr\/produit\/perle-de-silicone-22-mm-lumiere-dans-lobscurite-rose-peche\/#breadcrumb","itemListElement":[{"@type":"ListItem","position":1,"name":"Accueil","item":"https:\/\/www.jootjeshaakcadeautjes.nl\/fr\/"},{"@type":"ListItem","position":2,"name":"Commerce de gros de perles en silicone &#8211; Entreprises et consommateurs","item":"https:\/\/www.jootjeshaakcadeautjes.nl\/fr\/boutique\/"},{"@type":"ListItem","position":3,"name":"Perle de silicone &#8211; fleur\/marguerite &#8211; 22 mm &#8211; phosphorescente Peach Pink"}]},{"@type":"WebSite","@id":"https:\/\/www.jootjeshaakcadeautjes.nl\/fr\/#website","url":"https:\/\/www.jootjeshaakcadeautjes.nl\/fr\/","name":"Jootjes Haakcadeautjes","description":"Grossiste en perles de silicone","publisher":{"@id":"https:\/\/www.jootjeshaakcadeautjes.nl\/fr\/#organization"},"potentialAction":[{"@type":"SearchAction","target":{"@type":"EntryPoint","urlTemplate":"https:\/\/www.jootjeshaakcadeautjes.nl\/fr\/?s={search_term_string}"},"query-input":{"@type":"PropertyValueSpecification","valueRequired":true,"valueName":"search_term_string"}}],"inLanguage":"fr-FR"},{"@type":"Organization","@id":"https:\/\/www.jootjeshaakcadeautjes.nl\/fr\/#organization","name":"Jootjes Haakcadeautjes","url":"https:\/\/www.jootjeshaakcadeautjes.nl\/fr\/","logo":{"@type":"ImageObject","inLanguage":"fr-FR","@id":"https:\/\/www.jootjeshaakcadeautjes.nl\/fr\/#\/schema\/logo\/image\/","url":"https:\/\/jootjes-haakcadeautjes-media.s3.amazonaws.com\/wp-content\/uploads\/2023\/05\/Logo-rond.png","contentUrl":"https:\/\/jootjes-haakcadeautjes-media.s3.amazonaws.com\/wp-content\/uploads\/2023\/05\/Logo-rond.png","width":1222,"height":1222,"caption":"Jootjes Haakcadeautjes"},"image":{"@id":"https:\/\/www.jootjeshaakcadeautjes.nl\/fr\/#\/schema\/logo\/image\/"}}]},"product_price_amount":"0.75","product_price_currency":"EUR","og_availability":"instock","product_availability":"instock","product_retailer_item_id":"SIL-DGD-PER","product_condition":"new"},"_links":{"self":[{"href":"https:\/\/www.jootjeshaakcadeautjes.nl\/fr\/wp-json\/wp\/v2\/product\/131691","targetHints":{"allow":["GET"]}}],"collection":[{"href":"https:\/\/www.jootjeshaakcadeautjes.nl\/fr\/wp-json\/wp\/v2\/product"}],"about":[{"href":"https:\/\/www.jootjeshaakcadeautjes.nl\/fr\/wp-json\/wp\/v2\/types\/product"}],"version-history":[{"count":0,"href":"https:\/\/www.jootjeshaakcadeautjes.nl\/fr\/wp-json\/wp\/v2\/product\/131691\/revisions"}],"wp:featuredmedia":[{"embeddable":true,"href":"https:\/\/www.jootjeshaakcadeautjes.nl\/fr\/wp-json\/wp\/v2\/media\/116634"}],"wp:attachment":[{"href":"https:\/\/www.jootjeshaakcadeautjes.nl\/fr\/wp-json\/wp\/v2\/media?parent=131691"}],"wp:term":[{"taxonomy":"product_brand","embeddable":true,"href":"https:\/\/www.jootjeshaakcadeautjes.nl\/fr\/wp-json\/wp\/v2\/product_brand?post=131691"},{"taxonomy":"product_cat","embeddable":true,"href":"https:\/\/www.jootjeshaakcadeautjes.nl\/fr\/wp-json\/wp\/v2\/product_cat?post=131691"},{"taxonomy":"product_tag","embeddable":true,"href":"https:\/\/www.jootjeshaakcadeautjes.nl\/fr\/wp-json\/wp\/v2\/product_tag?post=131691"}],"curies":[{"name":"wp","href":"https:\/\/api.w.org\/{rel}","templated":true}]}}