{"id":131779,"date":"2023-06-16T13:39:30","date_gmt":"2023-06-16T12:39:30","guid":{"rendered":"https:\/\/www.jootjeshaakcadeautjes.nl\/product\/hetre-disque-grave-tous-les-meilleurs-enseignants-36-mm\/"},"modified":"2025-08-13T12:58:34","modified_gmt":"2025-08-13T10:58:34","slug":"hetre-disque-grave-tous-les-meilleurs-enseignants-36-mm","status":"publish","type":"product","link":"https:\/\/www.jootjeshaakcadeautjes.nl\/fr\/produit\/hetre-disque-grave-tous-les-meilleurs-enseignants-36-mm\/","title":{"rendered":"Disque en bois de h\u00eatre &#8211; Grav\u00e9 &#8211; The Very Best Teacher &#8211; 36 mm"},"content":{"rendered":"<h1>Disque en bois de h\u00eatre &#8211; Grav\u00e9 &#8211; The Very Best Teacher &#8211; 36 mm<\/h1>\n<ul>\n<li>Disque en bois &#8211; 36 mm<\/li>\n<li>Grav\u00e9 avec texte Meilleur professeur<\/li>\n<li>Trou au sommet du disque, de part en part.<\/li>\n<li>Bois de h\u00eatre de haute qualit\u00e9<\/li>\n<\/ul>\n<p>Parfait pour les porte-cl\u00e9s et autres cr\u00e9ations cr\u00e9atives.<\/p>\n","protected":false},"excerpt":{"rendered":"<ul>\n<li>Disque en bois &#8211; 36 mm<\/li>\n<li>Grav\u00e9 avec texte Meilleur professeur<\/li>\n<li>Trou au sommet du disque, de part en part.<\/li>\n<li>Bois de h\u00eatre de haute qualit\u00e9<\/li>\n<\/ul>\n","protected":false},"featured_media":131788,"template":"","meta":[],"product_brand":[],"product_cat":[12441,6994],"product_tag":[10419,12443,10436,10426,10409,10126,10422,10434,7396,12448,10455,10132,10457,7197,13013,10438,10414,13018,10432,19618,7619,10442,10447,10453,7227,10452,10449,10028,10226,12451,10468],"class_list":{"0":"post-131779","1":"product","2":"type-product","3":"status-publish","4":"has-post-thumbnail","6":"product_cat-disques-en-bois-graves-porte-cles","7":"product_cat-gravure-au-laser-produits-cadeaux","8":"product_tag-a-fr-3","9":"product_tag-anniversaire","10":"product_tag-au-laser","11":"product_tag-biere","12":"product_tag-bois-fr","13":"product_tag-bouchon-de-vin","14":"product_tag-bouteille","15":"product_tag-bouteille-de-biere","16":"product_tag-cadeau-fr","17":"product_tag-cadeau-danniversaire","18":"product_tag-conception","19":"product_tag-decapsuleur","20":"product_tag-decapsuleur-de-biere","21":"product_tag-en-bois","22":"product_tag-enseignant","23":"product_tag-grave-fr","24":"product_tag-hetre","25":"product_tag-le-meilleur","26":"product_tag-ouvreur","27":"product_tag-personalisierte","28":"product_tag-porte-cles","29":"product_tag-presente","30":"product_tag-presente-fr","31":"product_tag-propre","32":"product_tag-rangee","33":"product_tag-souhait","34":"product_tag-sur-mesure-fr","35":"product_tag-taille","36":"product_tag-tireuse-a-biere","37":"product_tag-tranche-de","38":"product_tag-vacances","40":"first","41":"instock","42":"taxable","43":"shipping-taxable","44":"purchasable","45":"product-type-simple"},"bundled_by":[],"bundle_stock_status":"instock","bundle_stock_quantity":15,"bundle_virtual":false,"bundle_layout":"","bundle_add_to_cart_form_location":"","bundle_editable_in_cart":false,"bundle_sold_individually_context":"","bundle_item_grouping":"","bundle_min_size":"","bundle_max_size":"","bundle_price":[],"bundled_items":[],"bundle_sell_ids":[],"yoast_head":"<!-- This site is optimized with the Yoast SEO Premium plugin v27.6 (Yoast SEO v27.6) - https:\/\/yoast.com\/product\/yoast-seo-premium-wordpress\/ -->\n<title>Disque en bois de h\u00eatre - Grav\u00e9 - The Very Best Teacher - 36 mm - Jootjes Haakcadeautjes<\/title>\n<meta name=\"description\" content=\"Disque en bois de h\u00eatre grav\u00e9 avec texte All Best Teacher 36 mm. Pour les porte-cl\u00e9s et les cadeaux personnalis\u00e9s.\" \/>\n<meta name=\"robots\" content=\"index, follow, max-snippet:-1, max-image-preview:large, max-video-preview:-1\" \/>\n<link rel=\"canonical\" href=\"https:\/\/www.jootjeshaakcadeautjes.nl\/fr\/produit\/hetre-disque-grave-tous-les-meilleurs-enseignants-36-mm\/\" \/>\n<meta property=\"og:locale\" content=\"fr_FR\" \/>\n<meta property=\"og:type\" content=\"article\" \/>\n<meta property=\"og:title\" content=\"Disque en bois de h\u00eatre - Grav\u00e9 - The Very Best Teacher - 36 mm\" \/>\n<meta property=\"og:description\" content=\"Disque en bois de h\u00eatre grav\u00e9 avec texte All Best Teacher 36 mm. Pour les porte-cl\u00e9s et les cadeaux personnalis\u00e9s.\" \/>\n<meta property=\"og:url\" content=\"https:\/\/www.jootjeshaakcadeautjes.nl\/fr\/produit\/hetre-disque-grave-tous-les-meilleurs-enseignants-36-mm\/\" \/>\n<meta property=\"og:site_name\" content=\"Jootjes Haakcadeautjes\" \/>\n<meta property=\"article:modified_time\" content=\"2025-08-13T10:58:34+00:00\" \/>\n<meta property=\"og:image\" content=\"https:\/\/www.jootjeshaakcadeautjes.nl\/wp-content\/uploads\/2023\/08\/20230615_212843.jpg\" \/>\n\t<meta property=\"og:image:width\" content=\"2048\" \/>\n\t<meta property=\"og:image:height\" content=\"2048\" \/>\n\t<meta property=\"og:image:type\" content=\"image\/jpeg\" \/>\n<meta name=\"twitter:card\" content=\"summary_large_image\" \/>\n<meta name=\"twitter:label1\" content=\"Prix\" \/>\n\t<meta name=\"twitter:data1\" content=\"&euro;1.75 TTC\" \/>\n\t<meta name=\"twitter:label2\" content=\"Disponibilit\u00e9\" \/>\n\t<meta name=\"twitter:data2\" content=\"En stock\" \/>\n<script type=\"application\/ld+json\" class=\"yoast-schema-graph\">{\"@context\":\"https:\\\/\\\/schema.org\",\"@graph\":[{\"@type\":\"WebPage\",\"@id\":\"https:\\\/\\\/www.jootjeshaakcadeautjes.nl\\\/fr\\\/produit\\\/hetre-disque-grave-tous-les-meilleurs-enseignants-36-mm\\\/\",\"url\":\"https:\\\/\\\/www.jootjeshaakcadeautjes.nl\\\/fr\\\/produit\\\/hetre-disque-grave-tous-les-meilleurs-enseignants-36-mm\\\/\",\"name\":\"Disque en bois de h\u00eatre - Grav\u00e9 - The Very Best Teacher - 36 mm - Jootjes Haakcadeautjes\",\"isPartOf\":{\"@id\":\"https:\\\/\\\/www.jootjeshaakcadeautjes.nl\\\/fr\\\/#website\"},\"primaryImageOfPage\":{\"@id\":\"https:\\\/\\\/www.jootjeshaakcadeautjes.nl\\\/fr\\\/produit\\\/hetre-disque-grave-tous-les-meilleurs-enseignants-36-mm\\\/#primaryimage\"},\"image\":{\"@id\":\"https:\\\/\\\/www.jootjeshaakcadeautjes.nl\\\/fr\\\/produit\\\/hetre-disque-grave-tous-les-meilleurs-enseignants-36-mm\\\/#primaryimage\"},\"thumbnailUrl\":\"https:\\\/\\\/d1dyryakdmle7o.cloudfront.net\\\/wp-content\\\/uploads\\\/2023\\\/08\\\/20230615_212843.jpg\",\"datePublished\":\"2023-06-16T12:39:30+00:00\",\"dateModified\":\"2025-08-13T10:58:34+00:00\",\"description\":\"Disque en bois de h\u00eatre grav\u00e9 avec texte All Best Teacher 36 mm. Pour les porte-cl\u00e9s et les cadeaux personnalis\u00e9s.\",\"breadcrumb\":{\"@id\":\"https:\\\/\\\/www.jootjeshaakcadeautjes.nl\\\/fr\\\/produit\\\/hetre-disque-grave-tous-les-meilleurs-enseignants-36-mm\\\/#breadcrumb\"},\"inLanguage\":\"fr-FR\",\"potentialAction\":[{\"@type\":\"ReadAction\",\"target\":[\"https:\\\/\\\/www.jootjeshaakcadeautjes.nl\\\/fr\\\/produit\\\/hetre-disque-grave-tous-les-meilleurs-enseignants-36-mm\\\/\"]}]},{\"@type\":\"ImageObject\",\"inLanguage\":\"fr-FR\",\"@id\":\"https:\\\/\\\/www.jootjeshaakcadeautjes.nl\\\/fr\\\/produit\\\/hetre-disque-grave-tous-les-meilleurs-enseignants-36-mm\\\/#primaryimage\",\"url\":\"https:\\\/\\\/d1dyryakdmle7o.cloudfront.net\\\/wp-content\\\/uploads\\\/2023\\\/08\\\/20230615_212843.jpg\",\"contentUrl\":\"https:\\\/\\\/d1dyryakdmle7o.cloudfront.net\\\/wp-content\\\/uploads\\\/2023\\\/08\\\/20230615_212843.jpg\",\"width\":2048,\"height\":2048,\"caption\":\"Disque en bois de h\u00eatre tous les meilleurs enseignants grav\u00e9 pour porte-cl\u00e9s en gros perles porte-cl\u00e9s stylo DIY\"},{\"@type\":\"BreadcrumbList\",\"@id\":\"https:\\\/\\\/www.jootjeshaakcadeautjes.nl\\\/fr\\\/produit\\\/hetre-disque-grave-tous-les-meilleurs-enseignants-36-mm\\\/#breadcrumb\",\"itemListElement\":[{\"@type\":\"ListItem\",\"position\":1,\"name\":\"Accueil\",\"item\":\"https:\\\/\\\/www.jootjeshaakcadeautjes.nl\\\/fr\\\/\"},{\"@type\":\"ListItem\",\"position\":2,\"name\":\"Commerce de gros de perles en silicone &#8211; Entreprises et consommateurs\",\"item\":\"https:\\\/\\\/www.jootjeshaakcadeautjes.nl\\\/fr\\\/boutique\\\/\"},{\"@type\":\"ListItem\",\"position\":3,\"name\":\"Disque en bois de h\u00eatre &#8211; Grav\u00e9 &#8211; The Very Best Teacher &#8211; 36 mm\"}]},{\"@type\":\"WebSite\",\"@id\":\"https:\\\/\\\/www.jootjeshaakcadeautjes.nl\\\/fr\\\/#website\",\"url\":\"https:\\\/\\\/www.jootjeshaakcadeautjes.nl\\\/fr\\\/\",\"name\":\"Jootjes Haakcadeautjes\",\"description\":\"Grossiste en perles de silicone\",\"publisher\":{\"@id\":\"https:\\\/\\\/www.jootjeshaakcadeautjes.nl\\\/fr\\\/#organization\"},\"potentialAction\":[{\"@type\":\"SearchAction\",\"target\":{\"@type\":\"EntryPoint\",\"urlTemplate\":\"https:\\\/\\\/www.jootjeshaakcadeautjes.nl\\\/fr\\\/?s={search_term_string}\"},\"query-input\":{\"@type\":\"PropertyValueSpecification\",\"valueRequired\":true,\"valueName\":\"search_term_string\"}}],\"inLanguage\":\"fr-FR\"},{\"@type\":\"Organization\",\"@id\":\"https:\\\/\\\/www.jootjeshaakcadeautjes.nl\\\/fr\\\/#organization\",\"name\":\"Jootjes Haakcadeautjes\",\"url\":\"https:\\\/\\\/www.jootjeshaakcadeautjes.nl\\\/fr\\\/\",\"logo\":{\"@type\":\"ImageObject\",\"inLanguage\":\"fr-FR\",\"@id\":\"https:\\\/\\\/www.jootjeshaakcadeautjes.nl\\\/fr\\\/#\\\/schema\\\/logo\\\/image\\\/\",\"url\":\"https:\\\/\\\/d1dyryakdmle7o.cloudfront.net\\\/wp-content\\\/uploads\\\/2023\\\/05\\\/Logo-rond.png\",\"contentUrl\":\"https:\\\/\\\/d1dyryakdmle7o.cloudfront.net\\\/wp-content\\\/uploads\\\/2023\\\/05\\\/Logo-rond.png\",\"width\":1222,\"height\":1222,\"caption\":\"Jootjes Haakcadeautjes\"},\"image\":{\"@id\":\"https:\\\/\\\/www.jootjeshaakcadeautjes.nl\\\/fr\\\/#\\\/schema\\\/logo\\\/image\\\/\"}}]}<\/script>\n<meta property=\"product:price:amount\" content=\"1.75\" \/>\n<meta property=\"product:price:currency\" content=\"EUR\" \/>\n<meta property=\"og:availability\" content=\"instock\" \/>\n<meta property=\"product:availability\" content=\"instock\" \/>\n<meta property=\"product:retailer_item_id\" content=\"GKR-020-ABL\" \/>\n<meta property=\"product:condition\" content=\"new\" \/>\n<!-- \/ Yoast SEO Premium plugin. -->","yoast_head_json":{"title":"Disque en bois de h\u00eatre - Grav\u00e9 - The Very Best Teacher - 36 mm - Jootjes Haakcadeautjes","description":"Disque en bois de h\u00eatre grav\u00e9 avec texte All Best Teacher 36 mm. Pour les porte-cl\u00e9s et les cadeaux personnalis\u00e9s.","robots":{"index":"index","follow":"follow","max-snippet":"max-snippet:-1","max-image-preview":"max-image-preview:large","max-video-preview":"max-video-preview:-1"},"canonical":"https:\/\/www.jootjeshaakcadeautjes.nl\/fr\/produit\/hetre-disque-grave-tous-les-meilleurs-enseignants-36-mm\/","og_locale":"fr_FR","og_type":"article","og_title":"Disque en bois de h\u00eatre - Grav\u00e9 - The Very Best Teacher - 36 mm","og_description":"Disque en bois de h\u00eatre grav\u00e9 avec texte All Best Teacher 36 mm. Pour les porte-cl\u00e9s et les cadeaux personnalis\u00e9s.","og_url":"https:\/\/www.jootjeshaakcadeautjes.nl\/fr\/produit\/hetre-disque-grave-tous-les-meilleurs-enseignants-36-mm\/","og_site_name":"Jootjes Haakcadeautjes","article_modified_time":"2025-08-13T10:58:34+00:00","og_image":[{"width":2048,"height":2048,"url":"https:\/\/www.jootjeshaakcadeautjes.nl\/wp-content\/uploads\/2023\/08\/20230615_212843.jpg","type":"image\/jpeg"}],"twitter_card":"summary_large_image","twitter_misc":{"Prix":"&euro;1.75 TTC","Disponibilit\u00e9":"En stock"},"schema":{"@context":"https:\/\/schema.org","@graph":[{"@type":"WebPage","@id":"https:\/\/www.jootjeshaakcadeautjes.nl\/fr\/produit\/hetre-disque-grave-tous-les-meilleurs-enseignants-36-mm\/","url":"https:\/\/www.jootjeshaakcadeautjes.nl\/fr\/produit\/hetre-disque-grave-tous-les-meilleurs-enseignants-36-mm\/","name":"Disque en bois de h\u00eatre - Grav\u00e9 - The Very Best Teacher - 36 mm - Jootjes Haakcadeautjes","isPartOf":{"@id":"https:\/\/www.jootjeshaakcadeautjes.nl\/fr\/#website"},"primaryImageOfPage":{"@id":"https:\/\/www.jootjeshaakcadeautjes.nl\/fr\/produit\/hetre-disque-grave-tous-les-meilleurs-enseignants-36-mm\/#primaryimage"},"image":{"@id":"https:\/\/www.jootjeshaakcadeautjes.nl\/fr\/produit\/hetre-disque-grave-tous-les-meilleurs-enseignants-36-mm\/#primaryimage"},"thumbnailUrl":"https:\/\/d1dyryakdmle7o.cloudfront.net\/wp-content\/uploads\/2023\/08\/20230615_212843.jpg","datePublished":"2023-06-16T12:39:30+00:00","dateModified":"2025-08-13T10:58:34+00:00","description":"Disque en bois de h\u00eatre grav\u00e9 avec texte All Best Teacher 36 mm. Pour les porte-cl\u00e9s et les cadeaux personnalis\u00e9s.","breadcrumb":{"@id":"https:\/\/www.jootjeshaakcadeautjes.nl\/fr\/produit\/hetre-disque-grave-tous-les-meilleurs-enseignants-36-mm\/#breadcrumb"},"inLanguage":"fr-FR","potentialAction":[{"@type":"ReadAction","target":["https:\/\/www.jootjeshaakcadeautjes.nl\/fr\/produit\/hetre-disque-grave-tous-les-meilleurs-enseignants-36-mm\/"]}]},{"@type":"ImageObject","inLanguage":"fr-FR","@id":"https:\/\/www.jootjeshaakcadeautjes.nl\/fr\/produit\/hetre-disque-grave-tous-les-meilleurs-enseignants-36-mm\/#primaryimage","url":"https:\/\/d1dyryakdmle7o.cloudfront.net\/wp-content\/uploads\/2023\/08\/20230615_212843.jpg","contentUrl":"https:\/\/d1dyryakdmle7o.cloudfront.net\/wp-content\/uploads\/2023\/08\/20230615_212843.jpg","width":2048,"height":2048,"caption":"Disque en bois de h\u00eatre tous les meilleurs enseignants grav\u00e9 pour porte-cl\u00e9s en gros perles porte-cl\u00e9s stylo DIY"},{"@type":"BreadcrumbList","@id":"https:\/\/www.jootjeshaakcadeautjes.nl\/fr\/produit\/hetre-disque-grave-tous-les-meilleurs-enseignants-36-mm\/#breadcrumb","itemListElement":[{"@type":"ListItem","position":1,"name":"Accueil","item":"https:\/\/www.jootjeshaakcadeautjes.nl\/fr\/"},{"@type":"ListItem","position":2,"name":"Commerce de gros de perles en silicone &#8211; Entreprises et consommateurs","item":"https:\/\/www.jootjeshaakcadeautjes.nl\/fr\/boutique\/"},{"@type":"ListItem","position":3,"name":"Disque en bois de h\u00eatre &#8211; Grav\u00e9 &#8211; The Very Best Teacher &#8211; 36 mm"}]},{"@type":"WebSite","@id":"https:\/\/www.jootjeshaakcadeautjes.nl\/fr\/#website","url":"https:\/\/www.jootjeshaakcadeautjes.nl\/fr\/","name":"Jootjes Haakcadeautjes","description":"Grossiste en perles de silicone","publisher":{"@id":"https:\/\/www.jootjeshaakcadeautjes.nl\/fr\/#organization"},"potentialAction":[{"@type":"SearchAction","target":{"@type":"EntryPoint","urlTemplate":"https:\/\/www.jootjeshaakcadeautjes.nl\/fr\/?s={search_term_string}"},"query-input":{"@type":"PropertyValueSpecification","valueRequired":true,"valueName":"search_term_string"}}],"inLanguage":"fr-FR"},{"@type":"Organization","@id":"https:\/\/www.jootjeshaakcadeautjes.nl\/fr\/#organization","name":"Jootjes Haakcadeautjes","url":"https:\/\/www.jootjeshaakcadeautjes.nl\/fr\/","logo":{"@type":"ImageObject","inLanguage":"fr-FR","@id":"https:\/\/www.jootjeshaakcadeautjes.nl\/fr\/#\/schema\/logo\/image\/","url":"https:\/\/d1dyryakdmle7o.cloudfront.net\/wp-content\/uploads\/2023\/05\/Logo-rond.png","contentUrl":"https:\/\/d1dyryakdmle7o.cloudfront.net\/wp-content\/uploads\/2023\/05\/Logo-rond.png","width":1222,"height":1222,"caption":"Jootjes Haakcadeautjes"},"image":{"@id":"https:\/\/www.jootjeshaakcadeautjes.nl\/fr\/#\/schema\/logo\/image\/"}}]},"product_price_amount":"1.75","product_price_currency":"EUR","og_availability":"instock","product_availability":"instock","product_retailer_item_id":"GKR-020-ABL","product_condition":"new"},"_links":{"self":[{"href":"https:\/\/www.jootjeshaakcadeautjes.nl\/fr\/wp-json\/wp\/v2\/product\/131779","targetHints":{"allow":["GET"]}}],"collection":[{"href":"https:\/\/www.jootjeshaakcadeautjes.nl\/fr\/wp-json\/wp\/v2\/product"}],"about":[{"href":"https:\/\/www.jootjeshaakcadeautjes.nl\/fr\/wp-json\/wp\/v2\/types\/product"}],"version-history":[{"count":0,"href":"https:\/\/www.jootjeshaakcadeautjes.nl\/fr\/wp-json\/wp\/v2\/product\/131779\/revisions"}],"wp:featuredmedia":[{"embeddable":true,"href":"https:\/\/www.jootjeshaakcadeautjes.nl\/fr\/wp-json\/wp\/v2\/media\/131788"}],"wp:attachment":[{"href":"https:\/\/www.jootjeshaakcadeautjes.nl\/fr\/wp-json\/wp\/v2\/media?parent=131779"}],"wp:term":[{"taxonomy":"product_brand","embeddable":true,"href":"https:\/\/www.jootjeshaakcadeautjes.nl\/fr\/wp-json\/wp\/v2\/product_brand?post=131779"},{"taxonomy":"product_cat","embeddable":true,"href":"https:\/\/www.jootjeshaakcadeautjes.nl\/fr\/wp-json\/wp\/v2\/product_cat?post=131779"},{"taxonomy":"product_tag","embeddable":true,"href":"https:\/\/www.jootjeshaakcadeautjes.nl\/fr\/wp-json\/wp\/v2\/product_tag?post=131779"}],"curies":[{"name":"wp","href":"https:\/\/api.w.org\/{rel}","templated":true}]}}