{"id":131941,"date":"2023-02-16T23:40:25","date_gmt":"2023-02-16T21:40:25","guid":{"rendered":"https:\/\/www.jootjeshaakcadeautjes.nl\/product\/pompon-50-mm-milk-chocolat\/"},"modified":"2026-03-11T15:51:43","modified_gmt":"2026-03-11T14:51:43","slug":"pompon-50-mm-milk-chocolat","status":"publish","type":"product","link":"https:\/\/www.jootjeshaakcadeautjes.nl\/fr\/produit\/pompon-50-mm-milk-chocolat\/","title":{"rendered":"Pompon 50 mm &#8211; Chocolat au lait"},"content":{"rendered":"<h2>Pompon 50 mm &#8211; Chocolat au lait<\/h2>\n<p>Mati\u00e8re : synth\u00e9tique<br \/>\nTaille : 50 mm<br \/>\nCouleur : chocolat au lait<\/p>\n<p>Ces pompons sont d&#8217;une taille parfaite pour le bas d&#8217;un porte-cl\u00e9s. Ces pompons sont souvent combin\u00e9s dans des porte-cl\u00e9s avec des perles de luxe comme, par exemple, nos perles grav\u00e9es ou des poup\u00e9es porte-bonheur en bois\/silicium.<\/p>\n","protected":false},"excerpt":{"rendered":"<p>Mati\u00e8re Pompon : Synth\u00e9tique<br \/>\nCouleur : chocolat au lait<br \/>\nTaille : 50 mm<\/p>\n<p>Pour porte-cl\u00e9s et autres.<\/p>\n","protected":false},"featured_media":87365,"template":"","meta":[],"product_brand":[],"product_cat":[12308,13125],"product_tag":[12495,7384,7627,7463,10433,7197,7418,10288,10435,7392,7200,13127,7619,10431,12607,7209,7212,13126,7433],"class_list":{"0":"post-131941","1":"product","2":"type-product","3":"status-publish","4":"has-post-thumbnail","6":"product_cat-materiel-de-bricolage-et-de-crochet","7":"product_cat-pompons-pour-porte-cles","8":"product_tag-50-fr","9":"product_tag-anneau-de-dentition","10":"product_tag-chocolat","11":"product_tag-commerce-de-gros","12":"product_tag-de-fr","13":"product_tag-en-bois","14":"product_tag-faux-cordon","15":"product_tag-lait","16":"product_tag-le-bonheur","17":"product_tag-mm-fr","18":"product_tag-perles","19":"product_tag-pompon-fr","20":"product_tag-porte-cles","21":"product_tag-poupee","22":"product_tag-poupee-porte-bonheur-fr-2","23":"product_tag-poupee-porte-bonheur","24":"product_tag-silicone-fr","25":"product_tag-sourire","26":"product_tag-stylo","28":"first","29":"instock","30":"taxable","31":"shipping-taxable","32":"purchasable","33":"product-type-simple"},"bundled_by":[],"bundle_stock_status":"instock","bundle_stock_quantity":3,"bundle_virtual":false,"bundle_layout":"","bundle_add_to_cart_form_location":"","bundle_editable_in_cart":false,"bundle_sold_individually_context":"","bundle_item_grouping":"","bundle_min_size":"","bundle_max_size":"","bundle_price":[],"bundled_items":[],"bundle_sell_ids":[],"yoast_head":"<!-- This site is optimized with the Yoast SEO Premium plugin v27.6 (Yoast SEO v27.6) - https:\/\/yoast.com\/product\/yoast-seo-premium-wordpress\/ -->\n<title>Pompon 50 mm - Chocolat au lait - Jootjes Haakcadeautjes<\/title>\n<meta name=\"description\" content=\"Pompon de chocolat au lait de 50 mm de diam\u00e8tre. Couramment utilis\u00e9 dans les porte-cl\u00e9s et autres. Par exemple, en combinaison avec des poup\u00e9es chanceuses en silicone.\" \/>\n<meta name=\"robots\" content=\"index, follow, max-snippet:-1, max-image-preview:large, max-video-preview:-1\" \/>\n<link rel=\"canonical\" href=\"https:\/\/www.jootjeshaakcadeautjes.nl\/fr\/produit\/pompon-50-mm-milk-chocolat\/\" \/>\n<meta property=\"og:locale\" content=\"fr_FR\" \/>\n<meta property=\"og:type\" content=\"article\" \/>\n<meta property=\"og:title\" content=\"Pompon 50 mm - Chocolat au lait\" \/>\n<meta property=\"og:description\" content=\"Pompon de chocolat au lait de 50 mm de diam\u00e8tre. Couramment utilis\u00e9 dans les porte-cl\u00e9s et autres. Par exemple, en combinaison avec des poup\u00e9es chanceuses en silicone.\" \/>\n<meta property=\"og:url\" content=\"https:\/\/www.jootjeshaakcadeautjes.nl\/fr\/produit\/pompon-50-mm-milk-chocolat\/\" \/>\n<meta property=\"og:site_name\" content=\"Jootjes Haakcadeautjes\" \/>\n<meta property=\"article:modified_time\" content=\"2026-03-11T14:51:43+00:00\" \/>\n<meta property=\"og:image\" content=\"https:\/\/www.jootjeshaakcadeautjes.nl\/wp-content\/uploads\/2023\/02\/20230210_022212-1.jpg\" \/>\n\t<meta property=\"og:image:width\" content=\"2048\" \/>\n\t<meta property=\"og:image:height\" content=\"2048\" \/>\n\t<meta property=\"og:image:type\" content=\"image\/jpeg\" \/>\n<meta name=\"twitter:card\" content=\"summary_large_image\" \/>\n<meta name=\"twitter:label1\" content=\"Prix\" \/>\n\t<meta name=\"twitter:data1\" content=\"&euro;0.95 TTC\" \/>\n\t<meta name=\"twitter:label2\" content=\"Disponibilit\u00e9\" \/>\n\t<meta name=\"twitter:data2\" content=\"En stock\" \/>\n<script type=\"application\/ld+json\" class=\"yoast-schema-graph\">{\"@context\":\"https:\\\/\\\/schema.org\",\"@graph\":[{\"@type\":\"WebPage\",\"@id\":\"https:\\\/\\\/www.jootjeshaakcadeautjes.nl\\\/fr\\\/produit\\\/pompon-50-mm-milk-chocolat\\\/\",\"url\":\"https:\\\/\\\/www.jootjeshaakcadeautjes.nl\\\/fr\\\/produit\\\/pompon-50-mm-milk-chocolat\\\/\",\"name\":\"Pompon 50 mm - Chocolat au lait - Jootjes Haakcadeautjes\",\"isPartOf\":{\"@id\":\"https:\\\/\\\/www.jootjeshaakcadeautjes.nl\\\/fr\\\/#website\"},\"primaryImageOfPage\":{\"@id\":\"https:\\\/\\\/www.jootjeshaakcadeautjes.nl\\\/fr\\\/produit\\\/pompon-50-mm-milk-chocolat\\\/#primaryimage\"},\"image\":{\"@id\":\"https:\\\/\\\/www.jootjeshaakcadeautjes.nl\\\/fr\\\/produit\\\/pompon-50-mm-milk-chocolat\\\/#primaryimage\"},\"thumbnailUrl\":\"https:\\\/\\\/d1dyryakdmle7o.cloudfront.net\\\/wp-content\\\/uploads\\\/2023\\\/02\\\/20230210_022212-1.jpg\",\"datePublished\":\"2023-02-16T21:40:25+00:00\",\"dateModified\":\"2026-03-11T14:51:43+00:00\",\"description\":\"Pompon de chocolat au lait de 50 mm de diam\u00e8tre. Couramment utilis\u00e9 dans les porte-cl\u00e9s et autres. Par exemple, en combinaison avec des poup\u00e9es chanceuses en silicone.\",\"breadcrumb\":{\"@id\":\"https:\\\/\\\/www.jootjeshaakcadeautjes.nl\\\/fr\\\/produit\\\/pompon-50-mm-milk-chocolat\\\/#breadcrumb\"},\"inLanguage\":\"fr-FR\",\"potentialAction\":[{\"@type\":\"ReadAction\",\"target\":[\"https:\\\/\\\/www.jootjeshaakcadeautjes.nl\\\/fr\\\/produit\\\/pompon-50-mm-milk-chocolat\\\/\"]}]},{\"@type\":\"ImageObject\",\"inLanguage\":\"fr-FR\",\"@id\":\"https:\\\/\\\/www.jootjeshaakcadeautjes.nl\\\/fr\\\/produit\\\/pompon-50-mm-milk-chocolat\\\/#primaryimage\",\"url\":\"https:\\\/\\\/d1dyryakdmle7o.cloudfront.net\\\/wp-content\\\/uploads\\\/2023\\\/02\\\/20230210_022212-1.jpg\",\"contentUrl\":\"https:\\\/\\\/d1dyryakdmle7o.cloudfront.net\\\/wp-content\\\/uploads\\\/2023\\\/02\\\/20230210_022212-1.jpg\",\"width\":2048,\"height\":2048,\"caption\":\"Pompon pour porte-cl\u00e9s poup\u00e9es chanceuses perles en silicone perles en bois grossiste anneau de dentition pour t\u00e9tine chocolat au lait\"},{\"@type\":\"BreadcrumbList\",\"@id\":\"https:\\\/\\\/www.jootjeshaakcadeautjes.nl\\\/fr\\\/produit\\\/pompon-50-mm-milk-chocolat\\\/#breadcrumb\",\"itemListElement\":[{\"@type\":\"ListItem\",\"position\":1,\"name\":\"Accueil\",\"item\":\"https:\\\/\\\/www.jootjeshaakcadeautjes.nl\\\/fr\\\/\"},{\"@type\":\"ListItem\",\"position\":2,\"name\":\"Commerce de gros de perles en silicone &#8211; Entreprises et consommateurs\",\"item\":\"https:\\\/\\\/www.jootjeshaakcadeautjes.nl\\\/fr\\\/boutique\\\/\"},{\"@type\":\"ListItem\",\"position\":3,\"name\":\"Pompon 50 mm &#8211; Chocolat au lait\"}]},{\"@type\":\"WebSite\",\"@id\":\"https:\\\/\\\/www.jootjeshaakcadeautjes.nl\\\/fr\\\/#website\",\"url\":\"https:\\\/\\\/www.jootjeshaakcadeautjes.nl\\\/fr\\\/\",\"name\":\"Jootjes Haakcadeautjes\",\"description\":\"Grossiste en perles de silicone\",\"publisher\":{\"@id\":\"https:\\\/\\\/www.jootjeshaakcadeautjes.nl\\\/fr\\\/#organization\"},\"potentialAction\":[{\"@type\":\"SearchAction\",\"target\":{\"@type\":\"EntryPoint\",\"urlTemplate\":\"https:\\\/\\\/www.jootjeshaakcadeautjes.nl\\\/fr\\\/?s={search_term_string}\"},\"query-input\":{\"@type\":\"PropertyValueSpecification\",\"valueRequired\":true,\"valueName\":\"search_term_string\"}}],\"inLanguage\":\"fr-FR\"},{\"@type\":\"Organization\",\"@id\":\"https:\\\/\\\/www.jootjeshaakcadeautjes.nl\\\/fr\\\/#organization\",\"name\":\"Jootjes Haakcadeautjes\",\"url\":\"https:\\\/\\\/www.jootjeshaakcadeautjes.nl\\\/fr\\\/\",\"logo\":{\"@type\":\"ImageObject\",\"inLanguage\":\"fr-FR\",\"@id\":\"https:\\\/\\\/www.jootjeshaakcadeautjes.nl\\\/fr\\\/#\\\/schema\\\/logo\\\/image\\\/\",\"url\":\"https:\\\/\\\/d1dyryakdmle7o.cloudfront.net\\\/wp-content\\\/uploads\\\/2023\\\/05\\\/Logo-rond.png\",\"contentUrl\":\"https:\\\/\\\/d1dyryakdmle7o.cloudfront.net\\\/wp-content\\\/uploads\\\/2023\\\/05\\\/Logo-rond.png\",\"width\":1222,\"height\":1222,\"caption\":\"Jootjes Haakcadeautjes\"},\"image\":{\"@id\":\"https:\\\/\\\/www.jootjeshaakcadeautjes.nl\\\/fr\\\/#\\\/schema\\\/logo\\\/image\\\/\"}}]}<\/script>\n<meta property=\"product:price:amount\" content=\"0.95\" \/>\n<meta property=\"product:price:currency\" content=\"EUR\" \/>\n<meta property=\"og:availability\" content=\"instock\" \/>\n<meta property=\"product:availability\" content=\"instock\" \/>\n<meta property=\"product:retailer_item_id\" content=\"POM-PON-MC50\" \/>\n<meta property=\"product:condition\" content=\"new\" \/>\n<!-- \/ Yoast SEO Premium plugin. -->","yoast_head_json":{"title":"Pompon 50 mm - Chocolat au lait - Jootjes Haakcadeautjes","description":"Pompon de chocolat au lait de 50 mm de diam\u00e8tre. Couramment utilis\u00e9 dans les porte-cl\u00e9s et autres. Par exemple, en combinaison avec des poup\u00e9es chanceuses en silicone.","robots":{"index":"index","follow":"follow","max-snippet":"max-snippet:-1","max-image-preview":"max-image-preview:large","max-video-preview":"max-video-preview:-1"},"canonical":"https:\/\/www.jootjeshaakcadeautjes.nl\/fr\/produit\/pompon-50-mm-milk-chocolat\/","og_locale":"fr_FR","og_type":"article","og_title":"Pompon 50 mm - Chocolat au lait","og_description":"Pompon de chocolat au lait de 50 mm de diam\u00e8tre. Couramment utilis\u00e9 dans les porte-cl\u00e9s et autres. Par exemple, en combinaison avec des poup\u00e9es chanceuses en silicone.","og_url":"https:\/\/www.jootjeshaakcadeautjes.nl\/fr\/produit\/pompon-50-mm-milk-chocolat\/","og_site_name":"Jootjes Haakcadeautjes","article_modified_time":"2026-03-11T14:51:43+00:00","og_image":[{"width":2048,"height":2048,"url":"https:\/\/www.jootjeshaakcadeautjes.nl\/wp-content\/uploads\/2023\/02\/20230210_022212-1.jpg","type":"image\/jpeg"}],"twitter_card":"summary_large_image","twitter_misc":{"Prix":"&euro;0.95 TTC","Disponibilit\u00e9":"En stock"},"schema":{"@context":"https:\/\/schema.org","@graph":[{"@type":"WebPage","@id":"https:\/\/www.jootjeshaakcadeautjes.nl\/fr\/produit\/pompon-50-mm-milk-chocolat\/","url":"https:\/\/www.jootjeshaakcadeautjes.nl\/fr\/produit\/pompon-50-mm-milk-chocolat\/","name":"Pompon 50 mm - Chocolat au lait - Jootjes Haakcadeautjes","isPartOf":{"@id":"https:\/\/www.jootjeshaakcadeautjes.nl\/fr\/#website"},"primaryImageOfPage":{"@id":"https:\/\/www.jootjeshaakcadeautjes.nl\/fr\/produit\/pompon-50-mm-milk-chocolat\/#primaryimage"},"image":{"@id":"https:\/\/www.jootjeshaakcadeautjes.nl\/fr\/produit\/pompon-50-mm-milk-chocolat\/#primaryimage"},"thumbnailUrl":"https:\/\/d1dyryakdmle7o.cloudfront.net\/wp-content\/uploads\/2023\/02\/20230210_022212-1.jpg","datePublished":"2023-02-16T21:40:25+00:00","dateModified":"2026-03-11T14:51:43+00:00","description":"Pompon de chocolat au lait de 50 mm de diam\u00e8tre. Couramment utilis\u00e9 dans les porte-cl\u00e9s et autres. Par exemple, en combinaison avec des poup\u00e9es chanceuses en silicone.","breadcrumb":{"@id":"https:\/\/www.jootjeshaakcadeautjes.nl\/fr\/produit\/pompon-50-mm-milk-chocolat\/#breadcrumb"},"inLanguage":"fr-FR","potentialAction":[{"@type":"ReadAction","target":["https:\/\/www.jootjeshaakcadeautjes.nl\/fr\/produit\/pompon-50-mm-milk-chocolat\/"]}]},{"@type":"ImageObject","inLanguage":"fr-FR","@id":"https:\/\/www.jootjeshaakcadeautjes.nl\/fr\/produit\/pompon-50-mm-milk-chocolat\/#primaryimage","url":"https:\/\/d1dyryakdmle7o.cloudfront.net\/wp-content\/uploads\/2023\/02\/20230210_022212-1.jpg","contentUrl":"https:\/\/d1dyryakdmle7o.cloudfront.net\/wp-content\/uploads\/2023\/02\/20230210_022212-1.jpg","width":2048,"height":2048,"caption":"Pompon pour porte-cl\u00e9s poup\u00e9es chanceuses perles en silicone perles en bois grossiste anneau de dentition pour t\u00e9tine chocolat au lait"},{"@type":"BreadcrumbList","@id":"https:\/\/www.jootjeshaakcadeautjes.nl\/fr\/produit\/pompon-50-mm-milk-chocolat\/#breadcrumb","itemListElement":[{"@type":"ListItem","position":1,"name":"Accueil","item":"https:\/\/www.jootjeshaakcadeautjes.nl\/fr\/"},{"@type":"ListItem","position":2,"name":"Commerce de gros de perles en silicone &#8211; Entreprises et consommateurs","item":"https:\/\/www.jootjeshaakcadeautjes.nl\/fr\/boutique\/"},{"@type":"ListItem","position":3,"name":"Pompon 50 mm &#8211; Chocolat au lait"}]},{"@type":"WebSite","@id":"https:\/\/www.jootjeshaakcadeautjes.nl\/fr\/#website","url":"https:\/\/www.jootjeshaakcadeautjes.nl\/fr\/","name":"Jootjes Haakcadeautjes","description":"Grossiste en perles de silicone","publisher":{"@id":"https:\/\/www.jootjeshaakcadeautjes.nl\/fr\/#organization"},"potentialAction":[{"@type":"SearchAction","target":{"@type":"EntryPoint","urlTemplate":"https:\/\/www.jootjeshaakcadeautjes.nl\/fr\/?s={search_term_string}"},"query-input":{"@type":"PropertyValueSpecification","valueRequired":true,"valueName":"search_term_string"}}],"inLanguage":"fr-FR"},{"@type":"Organization","@id":"https:\/\/www.jootjeshaakcadeautjes.nl\/fr\/#organization","name":"Jootjes Haakcadeautjes","url":"https:\/\/www.jootjeshaakcadeautjes.nl\/fr\/","logo":{"@type":"ImageObject","inLanguage":"fr-FR","@id":"https:\/\/www.jootjeshaakcadeautjes.nl\/fr\/#\/schema\/logo\/image\/","url":"https:\/\/d1dyryakdmle7o.cloudfront.net\/wp-content\/uploads\/2023\/05\/Logo-rond.png","contentUrl":"https:\/\/d1dyryakdmle7o.cloudfront.net\/wp-content\/uploads\/2023\/05\/Logo-rond.png","width":1222,"height":1222,"caption":"Jootjes Haakcadeautjes"},"image":{"@id":"https:\/\/www.jootjeshaakcadeautjes.nl\/fr\/#\/schema\/logo\/image\/"}}]},"product_price_amount":"0.95","product_price_currency":"EUR","og_availability":"instock","product_availability":"instock","product_retailer_item_id":"POM-PON-MC50","product_condition":"new"},"_links":{"self":[{"href":"https:\/\/www.jootjeshaakcadeautjes.nl\/fr\/wp-json\/wp\/v2\/product\/131941","targetHints":{"allow":["GET"]}}],"collection":[{"href":"https:\/\/www.jootjeshaakcadeautjes.nl\/fr\/wp-json\/wp\/v2\/product"}],"about":[{"href":"https:\/\/www.jootjeshaakcadeautjes.nl\/fr\/wp-json\/wp\/v2\/types\/product"}],"version-history":[{"count":0,"href":"https:\/\/www.jootjeshaakcadeautjes.nl\/fr\/wp-json\/wp\/v2\/product\/131941\/revisions"}],"wp:featuredmedia":[{"embeddable":true,"href":"https:\/\/www.jootjeshaakcadeautjes.nl\/fr\/wp-json\/wp\/v2\/media\/87365"}],"wp:attachment":[{"href":"https:\/\/www.jootjeshaakcadeautjes.nl\/fr\/wp-json\/wp\/v2\/media?parent=131941"}],"wp:term":[{"taxonomy":"product_brand","embeddable":true,"href":"https:\/\/www.jootjeshaakcadeautjes.nl\/fr\/wp-json\/wp\/v2\/product_brand?post=131941"},{"taxonomy":"product_cat","embeddable":true,"href":"https:\/\/www.jootjeshaakcadeautjes.nl\/fr\/wp-json\/wp\/v2\/product_cat?post=131941"},{"taxonomy":"product_tag","embeddable":true,"href":"https:\/\/www.jootjeshaakcadeautjes.nl\/fr\/wp-json\/wp\/v2\/product_tag?post=131941"}],"curies":[{"name":"wp","href":"https:\/\/api.w.org\/{rel}","templated":true}]}}