{"id":131971,"date":"2023-02-16T23:16:08","date_gmt":"2023-02-16T22:16:08","guid":{"rendered":"https:\/\/www.jootjeshaakcadeautjes.nl\/product\/perles-de-silicone-14-mm-demi-spherique-pistache\/"},"modified":"2025-03-11T04:27:50","modified_gmt":"2025-03-11T03:27:50","slug":"perles-de-silicone-14-mm-demi-spherique-pistache","status":"publish","type":"product","link":"https:\/\/www.jootjeshaakcadeautjes.nl\/fr\/produit\/perles-de-silicone-14-mm-demi-spherique-pistache\/","title":{"rendered":"Perles en silicone 14 mm &#8211; Demi-sph\u00e8res &#8211; Pistache"},"content":{"rendered":"<h1>Perles en silicone 14 mm &#8211; Demi-sph\u00e8res &#8211; Pistache<\/h1>\n<h3>Sp\u00e9cifications :<\/h3>\n<ul>\n<li>Type : Demi-rond &#8211; Demi-perle<\/li>\n<li>Conception \u00e9tablie LittleJo BV (brevet en instance)<\/li>\n<li>Taille : 14 mm<\/li>\n<li>Couleur : pistache<\/li>\n<\/ul>\n<p>Toutes nos perles en silicone sont 100 % exemptes de BPA, de plomb, de toxines, de phtalates et de PVC. Nos perles de silicone sont donc de qualit\u00e9 m\u00e9dicale et conviennent aux jouets de dentition pour enfants. Les perles demi-sph\u00e9riques constituent un changement parfait dans un cordon factice. Ils sont super mignons avec pratiquement toutes les perles, mais surtout avec le boulier normal, notre mini-boulier, les perles lettres et les petits ovales.<\/p>\n<p>Vous pouvez trouver le reste de notre gamme de perles en silicone ici : <a href=\"\/?product_cat=siliconen-kralen\">perles en silicone<\/a>.<br \/>\nLes perles en bois peuvent \u00eatre trouv\u00e9es ici : <a href=\"\/?product_cat=houten-kralen-kralen\">perles en bois<\/a>.<\/p>\n<h3>Qualit\u00e9 et s\u00e9curit\u00e9 de nos perles Crescent &#8211; Perles en silicone<\/h3>\n<p>Toutes nos perles en silicone sont :<\/p>\n<ul>\n<li>Sans BPA<\/li>\n<li>Sans phtalates ni toxines<\/li>\n<li>Sans PVC<\/li>\n<li>Sans plomb<\/li>\n<li>Convient aux produits finis certifi\u00e9s CE<\/li>\n<li>Perles de silicone de qualit\u00e9 m\u00e9dicale<\/li>\n<\/ul>\n<h4>Fixation :<\/h4>\n<p>Les perles en silicone sont faciles \u00e0 enfiler sur un cordon de cire ou de satin. Attachez l&#8217;anneau de dentition en perles de silicone tr\u00e8s bien et plusieurs fois.<\/p>\n<h4>Nettoyage :<\/h4>\n<p>Ces demi-billes en silicone de couleur pistache de 14 mm de large conviennent donc aussi bien aux b\u00e9b\u00e9s qu&#8217;aux enfants plus \u00e2g\u00e9s qui aiment mordre dans quelque chose. Les perles sont adapt\u00e9es aux produits finis certifi\u00e9s CE et sont robustes. Par cons\u00e9quent, ils ne s&#8217;usent pratiquement pas. En outre, les perles sont faciles \u00e0 nettoyer. Ces perles de silicone peuvent facilement passer au lave-vaisselle ou \u00e0 l&#8217;eau savonneuse. Laissez-les ensuite s\u00e9cher compl\u00e8tement avant de les donner \u00e0 nouveau \u00e0 un enfant. Les perles de silicone peuvent \u00e9galement \u00eatre conserv\u00e9es au r\u00e9frig\u00e9rateur. Ils sont donc tr\u00e8s utiles pour soulager la douleur lors des pouss\u00e9es dentaires.<\/p>\n<p><em>Fixez toujours correctement les perles de silicone et v\u00e9rifiez r\u00e9guli\u00e8rement l&#8217;\u00e9tat d&#8217;usure de votre appareil. Vous en \u00eates vous-m\u00eame responsable. Jootjes Haakcadeautjes ne v\u00e9rifie pas le produit fini et ne peut donc pas assumer les dommages ou le rel\u00e2chement dus \u00e0 l&#8217;usure. Nous conseillons de n&#8217;utiliser les jouets de dentition faits \u00e0 la main que sous la surveillance d&#8217;un adulte afin d&#8217;\u00e9viter toute situation dangereuse.<\/em><\/p>\n<p>&nbsp;<\/p>\n","protected":false},"excerpt":{"rendered":"<p>Code couleur Pistache<\/p>\n<p>&#8211; Type : Perles en silicone &#8211; Perles en forme de croissant<br \/>\n&#8211; Taille : 14 mm<br \/>\n&#8211; Conception \u00e9tablie LittleJo BV (brevet en instance)<br \/>\n&#8211; Vendu \u00e0 l&#8217;unit\u00e9, nulle part moins cher<br \/>\n&#8211; Exempt de BPA, de phtalates, de plomb, de PVC et de toxines<br \/>\n&#8211; Convient aux produits finis certifi\u00e9s CE<br \/>\n&#8211; Perles de silicone de qualit\u00e9 m\u00e9dicale<br \/>\n&#8211; A conserver au r\u00e9frig\u00e9rateur<br \/>\n&#8211; Lavable au lave-vaisselle<\/p>\n","protected":false},"featured_media":87197,"template":"","meta":[],"product_brand":[],"product_cat":[7378,10469,6992],"product_tag":[7502,7384,7474,10423,7424,7455,7463,7418,7440,10417,7392,10427,10413,7495,7200,10222,7619,7415,7212,7468],"class_list":{"0":"post-131971","1":"product","2":"type-product","3":"status-publish","4":"has-post-thumbnail","6":"product_cat-fabrication-de-jouets-de-dentition-pour-bebe-cordon-de-sucette-et-anneaux-de-dentition","7":"product_cat-perles-en-silicone-demi-spheres-14-mm","8":"product_cat-perles-en-silicone-sans-bpa-grossiste","9":"product_tag-14-fr","10":"product_tag-anneau-de-dentition","11":"product_tag-autour-de","12":"product_tag-bollekes-fr","13":"product_tag-bpa-fr","14":"product_tag-chaine-de-landau","15":"product_tag-commerce-de-gros","16":"product_tag-faux-cordon","17":"product_tag-gratuit","18":"product_tag-hemispheres","19":"product_tag-mm-fr","20":"product_tag-moitie-fr","21":"product_tag-moitie","22":"product_tag-perles-fr","23":"product_tag-perles","24":"product_tag-pistache-fr","25":"product_tag-porte-cles","26":"product_tag-sans-bpa","27":"product_tag-silicone-fr","28":"product_tag-silicone-fr-2","30":"first","31":"instock","32":"taxable","33":"shipping-taxable","34":"purchasable","35":"product-type-simple"},"bundled_by":[],"bundle_stock_status":"instock","bundle_stock_quantity":884,"bundle_virtual":false,"bundle_layout":"","bundle_add_to_cart_form_location":"","bundle_editable_in_cart":false,"bundle_sold_individually_context":"","bundle_item_grouping":"","bundle_min_size":"","bundle_max_size":"","bundle_price":[],"bundled_items":[],"bundle_sell_ids":[],"yoast_head":"<!-- This site is optimized with the Yoast SEO Premium plugin v27.4 (Yoast SEO v27.5) - https:\/\/yoast.com\/product\/yoast-seo-premium-wordpress\/ -->\n<title>Perles en silicone 14 mm - Demi-sph\u00e8res - Pistache - JH.co.uk<\/title>\n<meta name=\"description\" content=\"Perles rondes en silicone de couleur Metallic Rose Quartz 12 mm, 100 % sans BPA, plomb, poison, phtalate ni PVC et marqu\u00e9es CE.\" \/>\n<meta name=\"robots\" content=\"index, follow, max-snippet:-1, max-image-preview:large, max-video-preview:-1\" \/>\n<link rel=\"canonical\" href=\"https:\/\/www.jootjeshaakcadeautjes.nl\/fr\/produit\/perles-de-silicone-14-mm-demi-spherique-pistache\/\" \/>\n<meta property=\"og:locale\" content=\"fr_FR\" \/>\n<meta property=\"og:type\" content=\"article\" \/>\n<meta property=\"og:title\" content=\"Perles en silicone 14 mm - Demi-sph\u00e8res - Pistache\" \/>\n<meta property=\"og:description\" content=\"Perles rondes en silicone de couleur Metallic Rose Quartz 12 mm, 100 % sans BPA, plomb, poison, phtalate ni PVC et marqu\u00e9es CE.\" \/>\n<meta property=\"og:url\" content=\"https:\/\/www.jootjeshaakcadeautjes.nl\/fr\/produit\/perles-de-silicone-14-mm-demi-spherique-pistache\/\" \/>\n<meta property=\"og:site_name\" content=\"Jootjes Haakcadeautjes\" \/>\n<meta property=\"article:modified_time\" content=\"2025-03-11T03:27:50+00:00\" \/>\n<meta property=\"og:image\" content=\"https:\/\/www.jootjeshaakcadeautjes.nl\/wp-content\/uploads\/2023\/02\/20230210_015118.jpg\" \/>\n\t<meta property=\"og:image:width\" content=\"2048\" \/>\n\t<meta property=\"og:image:height\" content=\"2048\" \/>\n\t<meta property=\"og:image:type\" content=\"image\/jpeg\" \/>\n<meta name=\"twitter:card\" content=\"summary_large_image\" \/>\n<meta name=\"twitter:label1\" content=\"Prix\" \/>\n\t<meta name=\"twitter:data1\" content=\"&euro;0.22 TTC\" \/>\n\t<meta name=\"twitter:label2\" content=\"Disponibilit\u00e9\" \/>\n\t<meta name=\"twitter:data2\" content=\"En stock\" \/>\n<script type=\"application\/ld+json\" class=\"yoast-schema-graph\">{\"@context\":\"https:\\\/\\\/schema.org\",\"@graph\":[{\"@type\":\"WebPage\",\"@id\":\"https:\\\/\\\/www.jootjeshaakcadeautjes.nl\\\/fr\\\/produit\\\/perles-de-silicone-14-mm-demi-spherique-pistache\\\/\",\"url\":\"https:\\\/\\\/www.jootjeshaakcadeautjes.nl\\\/fr\\\/produit\\\/perles-de-silicone-14-mm-demi-spherique-pistache\\\/\",\"name\":\"Perles en silicone 14 mm - Demi-sph\u00e8res - Pistache - JH.co.uk\",\"isPartOf\":{\"@id\":\"https:\\\/\\\/www.jootjeshaakcadeautjes.nl\\\/fr\\\/#website\"},\"primaryImageOfPage\":{\"@id\":\"https:\\\/\\\/www.jootjeshaakcadeautjes.nl\\\/fr\\\/produit\\\/perles-de-silicone-14-mm-demi-spherique-pistache\\\/#primaryimage\"},\"image\":{\"@id\":\"https:\\\/\\\/www.jootjeshaakcadeautjes.nl\\\/fr\\\/produit\\\/perles-de-silicone-14-mm-demi-spherique-pistache\\\/#primaryimage\"},\"thumbnailUrl\":\"https:\\\/\\\/d1dyryakdmle7o.cloudfront.net\\\/wp-content\\\/uploads\\\/2023\\\/02\\\/20230210_015118.jpg\",\"datePublished\":\"2023-02-16T22:16:08+00:00\",\"dateModified\":\"2025-03-11T03:27:50+00:00\",\"description\":\"Perles rondes en silicone de couleur Metallic Rose Quartz 12 mm, 100 % sans BPA, plomb, poison, phtalate ni PVC et marqu\u00e9es CE.\",\"breadcrumb\":{\"@id\":\"https:\\\/\\\/www.jootjeshaakcadeautjes.nl\\\/fr\\\/produit\\\/perles-de-silicone-14-mm-demi-spherique-pistache\\\/#breadcrumb\"},\"inLanguage\":\"fr-FR\",\"potentialAction\":[{\"@type\":\"ReadAction\",\"target\":[\"https:\\\/\\\/www.jootjeshaakcadeautjes.nl\\\/fr\\\/produit\\\/perles-de-silicone-14-mm-demi-spherique-pistache\\\/\"]}]},{\"@type\":\"ImageObject\",\"inLanguage\":\"fr-FR\",\"@id\":\"https:\\\/\\\/www.jootjeshaakcadeautjes.nl\\\/fr\\\/produit\\\/perles-de-silicone-14-mm-demi-spherique-pistache\\\/#primaryimage\",\"url\":\"https:\\\/\\\/d1dyryakdmle7o.cloudfront.net\\\/wp-content\\\/uploads\\\/2023\\\/02\\\/20230210_015118.jpg\",\"contentUrl\":\"https:\\\/\\\/d1dyryakdmle7o.cloudfront.net\\\/wp-content\\\/uploads\\\/2023\\\/02\\\/20230210_015118.jpg\",\"width\":2048,\"height\":2048,\"caption\":\"Anneau de dentition pour t\u00e9tine en silicone avec demi-boule pistache wholesale bpa free\"},{\"@type\":\"BreadcrumbList\",\"@id\":\"https:\\\/\\\/www.jootjeshaakcadeautjes.nl\\\/fr\\\/produit\\\/perles-de-silicone-14-mm-demi-spherique-pistache\\\/#breadcrumb\",\"itemListElement\":[{\"@type\":\"ListItem\",\"position\":1,\"name\":\"Accueil\",\"item\":\"https:\\\/\\\/www.jootjeshaakcadeautjes.nl\\\/fr\\\/\"},{\"@type\":\"ListItem\",\"position\":2,\"name\":\"Commerce de gros de perles en silicone &#8211; Entreprises et consommateurs\",\"item\":\"https:\\\/\\\/www.jootjeshaakcadeautjes.nl\\\/fr\\\/boutique\\\/\"},{\"@type\":\"ListItem\",\"position\":3,\"name\":\"Perles en silicone 14 mm &#8211; Demi-sph\u00e8res &#8211; Pistache\"}]},{\"@type\":\"WebSite\",\"@id\":\"https:\\\/\\\/www.jootjeshaakcadeautjes.nl\\\/fr\\\/#website\",\"url\":\"https:\\\/\\\/www.jootjeshaakcadeautjes.nl\\\/fr\\\/\",\"name\":\"Jootjes Haakcadeautjes\",\"description\":\"Grossiste en perles de silicone\",\"publisher\":{\"@id\":\"https:\\\/\\\/www.jootjeshaakcadeautjes.nl\\\/fr\\\/#organization\"},\"potentialAction\":[{\"@type\":\"SearchAction\",\"target\":{\"@type\":\"EntryPoint\",\"urlTemplate\":\"https:\\\/\\\/www.jootjeshaakcadeautjes.nl\\\/fr\\\/?s={search_term_string}\"},\"query-input\":{\"@type\":\"PropertyValueSpecification\",\"valueRequired\":true,\"valueName\":\"search_term_string\"}}],\"inLanguage\":\"fr-FR\"},{\"@type\":\"Organization\",\"@id\":\"https:\\\/\\\/www.jootjeshaakcadeautjes.nl\\\/fr\\\/#organization\",\"name\":\"Jootjes Haakcadeautjes\",\"url\":\"https:\\\/\\\/www.jootjeshaakcadeautjes.nl\\\/fr\\\/\",\"logo\":{\"@type\":\"ImageObject\",\"inLanguage\":\"fr-FR\",\"@id\":\"https:\\\/\\\/www.jootjeshaakcadeautjes.nl\\\/fr\\\/#\\\/schema\\\/logo\\\/image\\\/\",\"url\":\"https:\\\/\\\/jootjes-haakcadeautjes-media.s3.amazonaws.com\\\/wp-content\\\/uploads\\\/2023\\\/05\\\/Logo-rond.png\",\"contentUrl\":\"https:\\\/\\\/jootjes-haakcadeautjes-media.s3.amazonaws.com\\\/wp-content\\\/uploads\\\/2023\\\/05\\\/Logo-rond.png\",\"width\":1222,\"height\":1222,\"caption\":\"Jootjes Haakcadeautjes\"},\"image\":{\"@id\":\"https:\\\/\\\/www.jootjeshaakcadeautjes.nl\\\/fr\\\/#\\\/schema\\\/logo\\\/image\\\/\"}}]}<\/script>\n<meta property=\"product:price:amount\" content=\"0.22\" \/>\n<meta property=\"product:price:currency\" content=\"EUR\" \/>\n<meta property=\"og:availability\" content=\"instock\" \/>\n<meta property=\"product:availability\" content=\"instock\" \/>\n<meta property=\"product:retailer_item_id\" content=\"SKR-HALF14-PIS\" \/>\n<meta property=\"product:condition\" content=\"new\" \/>\n<!-- \/ Yoast SEO Premium plugin. -->","yoast_head_json":{"title":"Perles en silicone 14 mm - Demi-sph\u00e8res - Pistache - JH.co.uk","description":"Perles rondes en silicone de couleur Metallic Rose Quartz 12 mm, 100 % sans BPA, plomb, poison, phtalate ni PVC et marqu\u00e9es CE.","robots":{"index":"index","follow":"follow","max-snippet":"max-snippet:-1","max-image-preview":"max-image-preview:large","max-video-preview":"max-video-preview:-1"},"canonical":"https:\/\/www.jootjeshaakcadeautjes.nl\/fr\/produit\/perles-de-silicone-14-mm-demi-spherique-pistache\/","og_locale":"fr_FR","og_type":"article","og_title":"Perles en silicone 14 mm - Demi-sph\u00e8res - Pistache","og_description":"Perles rondes en silicone de couleur Metallic Rose Quartz 12 mm, 100 % sans BPA, plomb, poison, phtalate ni PVC et marqu\u00e9es CE.","og_url":"https:\/\/www.jootjeshaakcadeautjes.nl\/fr\/produit\/perles-de-silicone-14-mm-demi-spherique-pistache\/","og_site_name":"Jootjes Haakcadeautjes","article_modified_time":"2025-03-11T03:27:50+00:00","og_image":[{"width":2048,"height":2048,"url":"https:\/\/www.jootjeshaakcadeautjes.nl\/wp-content\/uploads\/2023\/02\/20230210_015118.jpg","type":"image\/jpeg"}],"twitter_card":"summary_large_image","twitter_misc":{"Prix":"&euro;0.22 TTC","Disponibilit\u00e9":"En stock"},"schema":{"@context":"https:\/\/schema.org","@graph":[{"@type":"WebPage","@id":"https:\/\/www.jootjeshaakcadeautjes.nl\/fr\/produit\/perles-de-silicone-14-mm-demi-spherique-pistache\/","url":"https:\/\/www.jootjeshaakcadeautjes.nl\/fr\/produit\/perles-de-silicone-14-mm-demi-spherique-pistache\/","name":"Perles en silicone 14 mm - Demi-sph\u00e8res - Pistache - JH.co.uk","isPartOf":{"@id":"https:\/\/www.jootjeshaakcadeautjes.nl\/fr\/#website"},"primaryImageOfPage":{"@id":"https:\/\/www.jootjeshaakcadeautjes.nl\/fr\/produit\/perles-de-silicone-14-mm-demi-spherique-pistache\/#primaryimage"},"image":{"@id":"https:\/\/www.jootjeshaakcadeautjes.nl\/fr\/produit\/perles-de-silicone-14-mm-demi-spherique-pistache\/#primaryimage"},"thumbnailUrl":"https:\/\/d1dyryakdmle7o.cloudfront.net\/wp-content\/uploads\/2023\/02\/20230210_015118.jpg","datePublished":"2023-02-16T22:16:08+00:00","dateModified":"2025-03-11T03:27:50+00:00","description":"Perles rondes en silicone de couleur Metallic Rose Quartz 12 mm, 100 % sans BPA, plomb, poison, phtalate ni PVC et marqu\u00e9es CE.","breadcrumb":{"@id":"https:\/\/www.jootjeshaakcadeautjes.nl\/fr\/produit\/perles-de-silicone-14-mm-demi-spherique-pistache\/#breadcrumb"},"inLanguage":"fr-FR","potentialAction":[{"@type":"ReadAction","target":["https:\/\/www.jootjeshaakcadeautjes.nl\/fr\/produit\/perles-de-silicone-14-mm-demi-spherique-pistache\/"]}]},{"@type":"ImageObject","inLanguage":"fr-FR","@id":"https:\/\/www.jootjeshaakcadeautjes.nl\/fr\/produit\/perles-de-silicone-14-mm-demi-spherique-pistache\/#primaryimage","url":"https:\/\/d1dyryakdmle7o.cloudfront.net\/wp-content\/uploads\/2023\/02\/20230210_015118.jpg","contentUrl":"https:\/\/d1dyryakdmle7o.cloudfront.net\/wp-content\/uploads\/2023\/02\/20230210_015118.jpg","width":2048,"height":2048,"caption":"Anneau de dentition pour t\u00e9tine en silicone avec demi-boule pistache wholesale bpa free"},{"@type":"BreadcrumbList","@id":"https:\/\/www.jootjeshaakcadeautjes.nl\/fr\/produit\/perles-de-silicone-14-mm-demi-spherique-pistache\/#breadcrumb","itemListElement":[{"@type":"ListItem","position":1,"name":"Accueil","item":"https:\/\/www.jootjeshaakcadeautjes.nl\/fr\/"},{"@type":"ListItem","position":2,"name":"Commerce de gros de perles en silicone &#8211; Entreprises et consommateurs","item":"https:\/\/www.jootjeshaakcadeautjes.nl\/fr\/boutique\/"},{"@type":"ListItem","position":3,"name":"Perles en silicone 14 mm &#8211; Demi-sph\u00e8res &#8211; Pistache"}]},{"@type":"WebSite","@id":"https:\/\/www.jootjeshaakcadeautjes.nl\/fr\/#website","url":"https:\/\/www.jootjeshaakcadeautjes.nl\/fr\/","name":"Jootjes Haakcadeautjes","description":"Grossiste en perles de silicone","publisher":{"@id":"https:\/\/www.jootjeshaakcadeautjes.nl\/fr\/#organization"},"potentialAction":[{"@type":"SearchAction","target":{"@type":"EntryPoint","urlTemplate":"https:\/\/www.jootjeshaakcadeautjes.nl\/fr\/?s={search_term_string}"},"query-input":{"@type":"PropertyValueSpecification","valueRequired":true,"valueName":"search_term_string"}}],"inLanguage":"fr-FR"},{"@type":"Organization","@id":"https:\/\/www.jootjeshaakcadeautjes.nl\/fr\/#organization","name":"Jootjes Haakcadeautjes","url":"https:\/\/www.jootjeshaakcadeautjes.nl\/fr\/","logo":{"@type":"ImageObject","inLanguage":"fr-FR","@id":"https:\/\/www.jootjeshaakcadeautjes.nl\/fr\/#\/schema\/logo\/image\/","url":"https:\/\/jootjes-haakcadeautjes-media.s3.amazonaws.com\/wp-content\/uploads\/2023\/05\/Logo-rond.png","contentUrl":"https:\/\/jootjes-haakcadeautjes-media.s3.amazonaws.com\/wp-content\/uploads\/2023\/05\/Logo-rond.png","width":1222,"height":1222,"caption":"Jootjes Haakcadeautjes"},"image":{"@id":"https:\/\/www.jootjeshaakcadeautjes.nl\/fr\/#\/schema\/logo\/image\/"}}]},"product_price_amount":"0.22","product_price_currency":"EUR","og_availability":"instock","product_availability":"instock","product_retailer_item_id":"SKR-HALF14-PIS","product_condition":"new"},"_links":{"self":[{"href":"https:\/\/www.jootjeshaakcadeautjes.nl\/fr\/wp-json\/wp\/v2\/product\/131971","targetHints":{"allow":["GET"]}}],"collection":[{"href":"https:\/\/www.jootjeshaakcadeautjes.nl\/fr\/wp-json\/wp\/v2\/product"}],"about":[{"href":"https:\/\/www.jootjeshaakcadeautjes.nl\/fr\/wp-json\/wp\/v2\/types\/product"}],"version-history":[{"count":0,"href":"https:\/\/www.jootjeshaakcadeautjes.nl\/fr\/wp-json\/wp\/v2\/product\/131971\/revisions"}],"wp:featuredmedia":[{"embeddable":true,"href":"https:\/\/www.jootjeshaakcadeautjes.nl\/fr\/wp-json\/wp\/v2\/media\/87197"}],"wp:attachment":[{"href":"https:\/\/www.jootjeshaakcadeautjes.nl\/fr\/wp-json\/wp\/v2\/media?parent=131971"}],"wp:term":[{"taxonomy":"product_brand","embeddable":true,"href":"https:\/\/www.jootjeshaakcadeautjes.nl\/fr\/wp-json\/wp\/v2\/product_brand?post=131971"},{"taxonomy":"product_cat","embeddable":true,"href":"https:\/\/www.jootjeshaakcadeautjes.nl\/fr\/wp-json\/wp\/v2\/product_cat?post=131971"},{"taxonomy":"product_tag","embeddable":true,"href":"https:\/\/www.jootjeshaakcadeautjes.nl\/fr\/wp-json\/wp\/v2\/product_tag?post=131971"}],"curies":[{"name":"wp","href":"https:\/\/api.w.org\/{rel}","templated":true}]}}