{"id":132087,"date":"2023-02-13T10:13:26","date_gmt":"2023-02-13T08:13:26","guid":{"rendered":"https:\/\/www.jootjeshaakcadeautjes.nl\/product\/perles-de-silicone-20-mm-rondes-bleu-poudre-impression-perle\/"},"modified":"2025-03-11T12:56:23","modified_gmt":"2025-03-11T11:56:23","slug":"perles-de-silicone-20-mm-rondes-bleu-poudre-impression-perle","status":"publish","type":"product","link":"https:\/\/www.jootjeshaakcadeautjes.nl\/fr\/produit\/perles-de-silicone-20-mm-rondes-bleu-poudre-impression-perle\/","title":{"rendered":"Perles en silicone 20 mm &#8211; rondes &#8211; bleu poudr\u00e9 imprim\u00e9 perle"},"content":{"rendered":"<h2>Perles en silicone &#8211; 20 mm &#8211; rondes &#8211; bleu poudr\u00e9 imprim\u00e9 perle<\/h2>\n<p>Taille : 20 mm<br \/>\nType : Perle<br \/>\nCouleur : bleu poudr\u00e9 imprim\u00e9 nacr\u00e9<\/p>\n<p>Ces perles se distinguent par leurs belles nuances de couleurs, ce qui permet de les combiner avec une large gamme d&#8217;autres perles color\u00e9es. Pour un r\u00e9sultat vraiment chic<\/p>\n<p>Mat\u00e9riau : Mat\u00e9riau test\u00e9 en toute s\u00e9curit\u00e9 pour un produit final certifi\u00e9 CE (conform\u00e9ment \u00e0 la norme EN-71 sur le silicone test\u00e9 en toute s\u00e9curit\u00e9). Sans BPA, sans phtalates, sans PVC et sans autres produits chimiques nocifs, conform\u00e9ment \u00e0 la norme EN-71.<\/p>\n","protected":false},"excerpt":{"rendered":"<p>Taille : 20 mm<br \/>\nCouleur : bleu poudr\u00e9 imprim\u00e9 nacr\u00e9<\/p>\n<p>De belles nuances de couleurs pour un r\u00e9sultat chic unique<\/p>\n<p>Mat\u00e9riau : Mat\u00e9riau test\u00e9 en toute s\u00e9curit\u00e9 pour un produit final certifi\u00e9 CE (conform\u00e9ment \u00e0 la norme EN-71 sur le silicone test\u00e9 en toute s\u00e9curit\u00e9). Sans BPA, sans phtalates, sans PVC et sans autres produits chimiques nocifs, conform\u00e9ment \u00e0 la norme EN-71.<\/p>\n<p>&nbsp;<\/p>\n","protected":false},"featured_media":86621,"template":"","meta":[],"product_brand":[],"product_cat":[7378,6992,10236,10482],"product_tag":[7457,7448,10489,7384,7474,7656,7424,7463,7418,7440,7513,10178,7392,7638,7200,10002,12359,9993,7415,7212,13157],"class_list":{"0":"post-132087","1":"product","2":"type-product","3":"status-publish","4":"has-post-thumbnail","6":"product_cat-fabrication-de-jouets-de-dentition-pour-bebe-cordon-de-sucette-et-anneaux-de-dentition","7":"product_cat-perles-en-silicone-sans-bpa-grossiste","8":"product_cat-perles-en-silicone-avec-impression-toutes-les-impressions-leopard-panthere-girafe-zebre-roses-feuilles-et-autres","9":"product_cat-perles-en-silicone-perles","10":"product_tag-20-fr","11":"product_tag-20-mm-fr","12":"product_tag-20mm-fr","13":"product_tag-anneau-de-dentition","14":"product_tag-autour-de","15":"product_tag-bleu","16":"product_tag-bpa-fr","17":"product_tag-commerce-de-gros","18":"product_tag-faux-cordon","19":"product_tag-gratuit","20":"product_tag-imprimer","21":"product_tag-metallique","22":"product_tag-mm-fr","23":"product_tag-perle-fr","24":"product_tag-perles","25":"product_tag-phtalate","26":"product_tag-poudre","27":"product_tag-pvc-fr","28":"product_tag-sans-bpa","29":"product_tag-silicone-fr","30":"product_tag-topaze","32":"first","33":"instock","34":"taxable","35":"shipping-taxable","36":"purchasable","37":"product-type-simple"},"bundled_by":[],"bundle_stock_status":"instock","bundle_stock_quantity":384,"bundle_virtual":false,"bundle_layout":"","bundle_add_to_cart_form_location":"","bundle_editable_in_cart":false,"bundle_sold_individually_context":"","bundle_item_grouping":"","bundle_min_size":"","bundle_max_size":"","bundle_price":[],"bundled_items":[],"bundle_sell_ids":[],"yoast_head":"<!-- This site is optimized with the Yoast SEO Premium plugin v26.4 (Yoast SEO v26.9) - https:\/\/yoast.com\/product\/yoast-seo-premium-wordpress\/ -->\n<title>Perles en silicone 20 mm - rondes - bleu poudr\u00e9 imprim\u00e9 perle - Baby<\/title>\n<meta name=\"description\" content=\"Perles en silicone - Impression dor\u00e9e. Sans BPA, phtalate ni PVC. Directement de nous, le grossiste. Sans danger pour les b\u00e9b\u00e9s, pour le cordon de la t\u00e9tine et l&#039;anneau de dentition.\" \/>\n<meta name=\"robots\" content=\"index, follow, max-snippet:-1, max-image-preview:large, max-video-preview:-1\" \/>\n<link rel=\"canonical\" href=\"https:\/\/www.jootjeshaakcadeautjes.nl\/fr\/produit\/perles-de-silicone-20-mm-rondes-bleu-poudre-impression-perle\/\" \/>\n<meta property=\"og:locale\" content=\"fr_FR\" \/>\n<meta property=\"og:type\" content=\"article\" \/>\n<meta property=\"og:title\" content=\"Perles en silicone 20 mm - rondes - bleu poudr\u00e9 imprim\u00e9 perle\" \/>\n<meta property=\"og:description\" content=\"Perles en silicone - Impression dor\u00e9e. Sans BPA, phtalate ni PVC. Directement de nous, le grossiste. Sans danger pour les b\u00e9b\u00e9s, pour le cordon de la t\u00e9tine et l&#039;anneau de dentition.\" \/>\n<meta property=\"og:url\" content=\"https:\/\/www.jootjeshaakcadeautjes.nl\/fr\/produit\/perles-de-silicone-20-mm-rondes-bleu-poudre-impression-perle\/\" \/>\n<meta property=\"og:site_name\" content=\"Jootjes Haakcadeautjes\" \/>\n<meta property=\"article:modified_time\" content=\"2025-03-11T11:56:23+00:00\" \/>\n<meta property=\"og:image\" content=\"https:\/\/www.jootjeshaakcadeautjes.nl\/wp-content\/uploads\/2023\/02\/20230209_202811.jpg\" \/>\n\t<meta property=\"og:image:width\" content=\"2048\" \/>\n\t<meta property=\"og:image:height\" content=\"2048\" \/>\n\t<meta property=\"og:image:type\" content=\"image\/jpeg\" \/>\n<meta name=\"twitter:card\" content=\"summary_large_image\" \/>\n<meta name=\"twitter:label1\" content=\"Prix\" \/>\n\t<meta name=\"twitter:data1\" content=\"&euro;0.60 TTC\" \/>\n\t<meta name=\"twitter:label2\" content=\"Disponibilit\u00e9\" \/>\n\t<meta name=\"twitter:data2\" content=\"En stock\" \/>\n<script type=\"application\/ld+json\" class=\"yoast-schema-graph\">{\"@context\":\"https:\/\/schema.org\",\"@graph\":[{\"@type\":\"WebPage\",\"@id\":\"https:\/\/www.jootjeshaakcadeautjes.nl\/fr\/produit\/perles-de-silicone-20-mm-rondes-bleu-poudre-impression-perle\/\",\"url\":\"https:\/\/www.jootjeshaakcadeautjes.nl\/fr\/produit\/perles-de-silicone-20-mm-rondes-bleu-poudre-impression-perle\/\",\"name\":\"Perles en silicone 20 mm - rondes - bleu poudr\u00e9 imprim\u00e9 perle - Baby\",\"isPartOf\":{\"@id\":\"https:\/\/www.jootjeshaakcadeautjes.nl\/fr\/#website\"},\"primaryImageOfPage\":{\"@id\":\"https:\/\/www.jootjeshaakcadeautjes.nl\/fr\/produit\/perles-de-silicone-20-mm-rondes-bleu-poudre-impression-perle\/#primaryimage\"},\"image\":{\"@id\":\"https:\/\/www.jootjeshaakcadeautjes.nl\/fr\/produit\/perles-de-silicone-20-mm-rondes-bleu-poudre-impression-perle\/#primaryimage\"},\"thumbnailUrl\":\"https:\/\/d1dyryakdmle7o.cloudfront.net\/wp-content\/uploads\/2023\/02\/20230209_202811.jpg\",\"datePublished\":\"2023-02-13T08:13:26+00:00\",\"dateModified\":\"2025-03-11T11:56:23+00:00\",\"description\":\"Perles en silicone - Impression dor\u00e9e. Sans BPA, phtalate ni PVC. Directement de nous, le grossiste. Sans danger pour les b\u00e9b\u00e9s, pour le cordon de la t\u00e9tine et l'anneau de dentition.\",\"breadcrumb\":{\"@id\":\"https:\/\/www.jootjeshaakcadeautjes.nl\/fr\/produit\/perles-de-silicone-20-mm-rondes-bleu-poudre-impression-perle\/#breadcrumb\"},\"inLanguage\":\"fr-FR\",\"potentialAction\":[{\"@type\":\"ReadAction\",\"target\":[\"https:\/\/www.jootjeshaakcadeautjes.nl\/fr\/produit\/perles-de-silicone-20-mm-rondes-bleu-poudre-impression-perle\/\"]}]},{\"@type\":\"ImageObject\",\"inLanguage\":\"fr-FR\",\"@id\":\"https:\/\/www.jootjeshaakcadeautjes.nl\/fr\/produit\/perles-de-silicone-20-mm-rondes-bleu-poudre-impression-perle\/#primaryimage\",\"url\":\"https:\/\/d1dyryakdmle7o.cloudfront.net\/wp-content\/uploads\/2023\/02\/20230209_202811.jpg\",\"contentUrl\":\"https:\/\/d1dyryakdmle7o.cloudfront.net\/wp-content\/uploads\/2023\/02\/20230209_202811.jpg\",\"width\":2048,\"height\":2048,\"caption\":\"Perles de silicone perles de silicone bleu poudre anneau de dentition en gros t\u00e9tine cordon sans bpa acheter\"},{\"@type\":\"BreadcrumbList\",\"@id\":\"https:\/\/www.jootjeshaakcadeautjes.nl\/fr\/produit\/perles-de-silicone-20-mm-rondes-bleu-poudre-impression-perle\/#breadcrumb\",\"itemListElement\":[{\"@type\":\"ListItem\",\"position\":1,\"name\":\"Accueil\",\"item\":\"https:\/\/www.jootjeshaakcadeautjes.nl\/fr\/\"},{\"@type\":\"ListItem\",\"position\":2,\"name\":\"Commerce de gros de perles en silicone &#8211; Entreprises et consommateurs\",\"item\":\"https:\/\/www.jootjeshaakcadeautjes.nl\/fr\/boutique\/\"},{\"@type\":\"ListItem\",\"position\":3,\"name\":\"Perles en silicone 20 mm &#8211; rondes &#8211; bleu poudr\u00e9 imprim\u00e9 perle\"}]},{\"@type\":\"WebSite\",\"@id\":\"https:\/\/www.jootjeshaakcadeautjes.nl\/fr\/#website\",\"url\":\"https:\/\/www.jootjeshaakcadeautjes.nl\/fr\/\",\"name\":\"Jootjes Haakcadeautjes\",\"description\":\"Grossiste en perles de silicone\",\"publisher\":{\"@id\":\"https:\/\/www.jootjeshaakcadeautjes.nl\/fr\/#organization\"},\"potentialAction\":[{\"@type\":\"SearchAction\",\"target\":{\"@type\":\"EntryPoint\",\"urlTemplate\":\"https:\/\/www.jootjeshaakcadeautjes.nl\/fr\/?s={search_term_string}\"},\"query-input\":{\"@type\":\"PropertyValueSpecification\",\"valueRequired\":true,\"valueName\":\"search_term_string\"}}],\"inLanguage\":\"fr-FR\"},{\"@type\":\"Organization\",\"@id\":\"https:\/\/www.jootjeshaakcadeautjes.nl\/fr\/#organization\",\"name\":\"Jootjes Haakcadeautjes\",\"url\":\"https:\/\/www.jootjeshaakcadeautjes.nl\/fr\/\",\"logo\":{\"@type\":\"ImageObject\",\"inLanguage\":\"fr-FR\",\"@id\":\"https:\/\/www.jootjeshaakcadeautjes.nl\/fr\/#\/schema\/logo\/image\/\",\"url\":\"https:\/\/jootjes-haakcadeautjes-media.s3.amazonaws.com\/wp-content\/uploads\/2023\/05\/Logo-rond.png\",\"contentUrl\":\"https:\/\/jootjes-haakcadeautjes-media.s3.amazonaws.com\/wp-content\/uploads\/2023\/05\/Logo-rond.png\",\"width\":1222,\"height\":1222,\"caption\":\"Jootjes Haakcadeautjes\"},\"image\":{\"@id\":\"https:\/\/www.jootjeshaakcadeautjes.nl\/fr\/#\/schema\/logo\/image\/\"}}]}<\/script>\n<meta property=\"product:price:amount\" content=\"0.60\" \/>\n<meta property=\"product:price:currency\" content=\"EUR\" \/>\n<meta property=\"og:availability\" content=\"instock\" \/>\n<meta property=\"product:availability\" content=\"instock\" \/>\n<meta property=\"product:retailer_item_id\" content=\"SKR-020-PTP\" \/>\n<meta property=\"product:condition\" content=\"new\" \/>\n<!-- \/ Yoast SEO Premium plugin. -->","yoast_head_json":{"title":"Perles en silicone 20 mm - rondes - bleu poudr\u00e9 imprim\u00e9 perle - Baby","description":"Perles en silicone - Impression dor\u00e9e. Sans BPA, phtalate ni PVC. Directement de nous, le grossiste. Sans danger pour les b\u00e9b\u00e9s, pour le cordon de la t\u00e9tine et l'anneau de dentition.","robots":{"index":"index","follow":"follow","max-snippet":"max-snippet:-1","max-image-preview":"max-image-preview:large","max-video-preview":"max-video-preview:-1"},"canonical":"https:\/\/www.jootjeshaakcadeautjes.nl\/fr\/produit\/perles-de-silicone-20-mm-rondes-bleu-poudre-impression-perle\/","og_locale":"fr_FR","og_type":"article","og_title":"Perles en silicone 20 mm - rondes - bleu poudr\u00e9 imprim\u00e9 perle","og_description":"Perles en silicone - Impression dor\u00e9e. Sans BPA, phtalate ni PVC. Directement de nous, le grossiste. Sans danger pour les b\u00e9b\u00e9s, pour le cordon de la t\u00e9tine et l'anneau de dentition.","og_url":"https:\/\/www.jootjeshaakcadeautjes.nl\/fr\/produit\/perles-de-silicone-20-mm-rondes-bleu-poudre-impression-perle\/","og_site_name":"Jootjes Haakcadeautjes","article_modified_time":"2025-03-11T11:56:23+00:00","og_image":[{"width":2048,"height":2048,"url":"https:\/\/www.jootjeshaakcadeautjes.nl\/wp-content\/uploads\/2023\/02\/20230209_202811.jpg","type":"image\/jpeg"}],"twitter_card":"summary_large_image","twitter_misc":{"Prix":"&euro;0.60 TTC","Disponibilit\u00e9":"En stock"},"schema":{"@context":"https:\/\/schema.org","@graph":[{"@type":"WebPage","@id":"https:\/\/www.jootjeshaakcadeautjes.nl\/fr\/produit\/perles-de-silicone-20-mm-rondes-bleu-poudre-impression-perle\/","url":"https:\/\/www.jootjeshaakcadeautjes.nl\/fr\/produit\/perles-de-silicone-20-mm-rondes-bleu-poudre-impression-perle\/","name":"Perles en silicone 20 mm - rondes - bleu poudr\u00e9 imprim\u00e9 perle - Baby","isPartOf":{"@id":"https:\/\/www.jootjeshaakcadeautjes.nl\/fr\/#website"},"primaryImageOfPage":{"@id":"https:\/\/www.jootjeshaakcadeautjes.nl\/fr\/produit\/perles-de-silicone-20-mm-rondes-bleu-poudre-impression-perle\/#primaryimage"},"image":{"@id":"https:\/\/www.jootjeshaakcadeautjes.nl\/fr\/produit\/perles-de-silicone-20-mm-rondes-bleu-poudre-impression-perle\/#primaryimage"},"thumbnailUrl":"https:\/\/d1dyryakdmle7o.cloudfront.net\/wp-content\/uploads\/2023\/02\/20230209_202811.jpg","datePublished":"2023-02-13T08:13:26+00:00","dateModified":"2025-03-11T11:56:23+00:00","description":"Perles en silicone - Impression dor\u00e9e. Sans BPA, phtalate ni PVC. Directement de nous, le grossiste. Sans danger pour les b\u00e9b\u00e9s, pour le cordon de la t\u00e9tine et l'anneau de dentition.","breadcrumb":{"@id":"https:\/\/www.jootjeshaakcadeautjes.nl\/fr\/produit\/perles-de-silicone-20-mm-rondes-bleu-poudre-impression-perle\/#breadcrumb"},"inLanguage":"fr-FR","potentialAction":[{"@type":"ReadAction","target":["https:\/\/www.jootjeshaakcadeautjes.nl\/fr\/produit\/perles-de-silicone-20-mm-rondes-bleu-poudre-impression-perle\/"]}]},{"@type":"ImageObject","inLanguage":"fr-FR","@id":"https:\/\/www.jootjeshaakcadeautjes.nl\/fr\/produit\/perles-de-silicone-20-mm-rondes-bleu-poudre-impression-perle\/#primaryimage","url":"https:\/\/d1dyryakdmle7o.cloudfront.net\/wp-content\/uploads\/2023\/02\/20230209_202811.jpg","contentUrl":"https:\/\/d1dyryakdmle7o.cloudfront.net\/wp-content\/uploads\/2023\/02\/20230209_202811.jpg","width":2048,"height":2048,"caption":"Perles de silicone perles de silicone bleu poudre anneau de dentition en gros t\u00e9tine cordon sans bpa acheter"},{"@type":"BreadcrumbList","@id":"https:\/\/www.jootjeshaakcadeautjes.nl\/fr\/produit\/perles-de-silicone-20-mm-rondes-bleu-poudre-impression-perle\/#breadcrumb","itemListElement":[{"@type":"ListItem","position":1,"name":"Accueil","item":"https:\/\/www.jootjeshaakcadeautjes.nl\/fr\/"},{"@type":"ListItem","position":2,"name":"Commerce de gros de perles en silicone &#8211; Entreprises et consommateurs","item":"https:\/\/www.jootjeshaakcadeautjes.nl\/fr\/boutique\/"},{"@type":"ListItem","position":3,"name":"Perles en silicone 20 mm &#8211; rondes &#8211; bleu poudr\u00e9 imprim\u00e9 perle"}]},{"@type":"WebSite","@id":"https:\/\/www.jootjeshaakcadeautjes.nl\/fr\/#website","url":"https:\/\/www.jootjeshaakcadeautjes.nl\/fr\/","name":"Jootjes Haakcadeautjes","description":"Grossiste en perles de silicone","publisher":{"@id":"https:\/\/www.jootjeshaakcadeautjes.nl\/fr\/#organization"},"potentialAction":[{"@type":"SearchAction","target":{"@type":"EntryPoint","urlTemplate":"https:\/\/www.jootjeshaakcadeautjes.nl\/fr\/?s={search_term_string}"},"query-input":{"@type":"PropertyValueSpecification","valueRequired":true,"valueName":"search_term_string"}}],"inLanguage":"fr-FR"},{"@type":"Organization","@id":"https:\/\/www.jootjeshaakcadeautjes.nl\/fr\/#organization","name":"Jootjes Haakcadeautjes","url":"https:\/\/www.jootjeshaakcadeautjes.nl\/fr\/","logo":{"@type":"ImageObject","inLanguage":"fr-FR","@id":"https:\/\/www.jootjeshaakcadeautjes.nl\/fr\/#\/schema\/logo\/image\/","url":"https:\/\/jootjes-haakcadeautjes-media.s3.amazonaws.com\/wp-content\/uploads\/2023\/05\/Logo-rond.png","contentUrl":"https:\/\/jootjes-haakcadeautjes-media.s3.amazonaws.com\/wp-content\/uploads\/2023\/05\/Logo-rond.png","width":1222,"height":1222,"caption":"Jootjes Haakcadeautjes"},"image":{"@id":"https:\/\/www.jootjeshaakcadeautjes.nl\/fr\/#\/schema\/logo\/image\/"}}]},"product_price_amount":"0.60","product_price_currency":"EUR","og_availability":"instock","product_availability":"instock","product_retailer_item_id":"SKR-020-PTP","product_condition":"new"},"_links":{"self":[{"href":"https:\/\/www.jootjeshaakcadeautjes.nl\/fr\/wp-json\/wp\/v2\/product\/132087","targetHints":{"allow":["GET"]}}],"collection":[{"href":"https:\/\/www.jootjeshaakcadeautjes.nl\/fr\/wp-json\/wp\/v2\/product"}],"about":[{"href":"https:\/\/www.jootjeshaakcadeautjes.nl\/fr\/wp-json\/wp\/v2\/types\/product"}],"version-history":[{"count":0,"href":"https:\/\/www.jootjeshaakcadeautjes.nl\/fr\/wp-json\/wp\/v2\/product\/132087\/revisions"}],"wp:featuredmedia":[{"embeddable":true,"href":"https:\/\/www.jootjeshaakcadeautjes.nl\/fr\/wp-json\/wp\/v2\/media\/86621"}],"wp:attachment":[{"href":"https:\/\/www.jootjeshaakcadeautjes.nl\/fr\/wp-json\/wp\/v2\/media?parent=132087"}],"wp:term":[{"taxonomy":"product_brand","embeddable":true,"href":"https:\/\/www.jootjeshaakcadeautjes.nl\/fr\/wp-json\/wp\/v2\/product_brand?post=132087"},{"taxonomy":"product_cat","embeddable":true,"href":"https:\/\/www.jootjeshaakcadeautjes.nl\/fr\/wp-json\/wp\/v2\/product_cat?post=132087"},{"taxonomy":"product_tag","embeddable":true,"href":"https:\/\/www.jootjeshaakcadeautjes.nl\/fr\/wp-json\/wp\/v2\/product_tag?post=132087"}],"curies":[{"name":"wp","href":"https:\/\/api.w.org\/{rel}","templated":true}]}}