{"id":132131,"date":"2023-02-07T21:20:17","date_gmt":"2023-02-07T19:20:17","guid":{"rendered":"https:\/\/www.jootjeshaakcadeautjes.nl\/product\/perles-de-silicone-9-mm-rond-fel-jaune\/"},"modified":"2026-02-24T19:10:41","modified_gmt":"2026-02-24T18:10:41","slug":"siliconen-kralen-9-mm-rond-fel-geel","status":"publish","type":"product","link":"https:\/\/www.jootjeshaakcadeautjes.nl\/fr\/produit\/siliconen-kralen-9-mm-rond-fel-geel\/","title":{"rendered":"Perles en silicone 9 mm &#8211; Rondes &#8211; Jaune Vif"},"content":{"rendered":"<h3>Sp\u00e9cifications :<\/h3>\n<ul>\n<li>Aussi connu sous le nom de : perles de silicone pour anneau de dentition<\/li>\n<li>Taille : 9 mm<\/li>\n<li>Couleur : Jaune Vif<\/li>\n<\/ul>\n<p>Toutes nos billes de silicone sont 100 % exemptes de BPA, de plomb, de toxines, de phtalates et de PVC. Nos billes de silicone sont donc de qualit\u00e9 m\u00e9dicale et conviennent aux jouets de dentition pour enfants.  Les perles rondes de 20 mm sont parfaites pour fabriquer des anneaux de dentition, des cordons de t\u00e9tine, des colliers d&#8217;allaitement, des pendentifs de sac ou des gymnases pour b\u00e9b\u00e9s, entre autres.<\/p>\n<p>Vous trouverez le reste de notre gamme de perles en silicone ici : <a href=\"https:\/\/www.jootjeshaakcadeautjes.nl\/fr\/product-categorie\/fabrication-de-jouets-de-dentition-pour-bebe-cordon-de-sucette-et-anneaux-de-dentition\/perles-en-silicone-sans-bpa-grossiste\/\">perles en silicone<\/a>.<br \/>\nVous trouverez les perles en bois ici : <a href=\"\/?product_cat=houten-kralen-kralen\">perles en bois.<\/a><\/p>\n<h3>Qualit\u00e9 et s\u00e9curit\u00e9 de nos perles de silicone<\/h3>\n<p>Toutes nos perles en silicone sont :<\/p>\n<ul>\n<li>Sans BPA<\/li>\n<li>Sans phtalates ni toxines<\/li>\n<li>Sans PVC<\/li>\n<li>Sans plomb<\/li>\n<li>Certifi\u00e9 CE<\/li>\n<li>Perles de silicone de qualit\u00e9 m\u00e9dicale<\/li>\n<\/ul>\n<h4>Fixation :<\/h4>\n<p>Les perles de silicone sont faciles \u00e0 enfiler sur un cordon de cire ou de satin. Nouez l&#8217;anneau de dentition en perles de silicone \u00e9norm\u00e9ment et plusieurs fois. <\/p>\n<h4>Nettoyage :<\/h4>\n<p>Ces perles en silicone de 9 mm de diam\u00e8tre conviennent donc aussi bien aux b\u00e9b\u00e9s qu&#8217;aux enfants plus \u00e2g\u00e9s qui aiment mordre dans quelque chose. Les perles sont certifi\u00e9es CE et sont robustes. Elles ne s&#8217;usent donc pratiquement pas. En outre, les perles sont faciles \u00e0 nettoyer. Ces perles en silicone peuvent facilement \u00eatre mises au lave-vaisselle ou dans de l&#8217;eau savonneuse. Laissez-les ensuite bien s\u00e9cher avant de les donner \u00e0 nouveau \u00e0 votre enfant. Les billes de silicone peuvent \u00e9galement \u00eatre conserv\u00e9es au r\u00e9frig\u00e9rateur. Elles sont donc tr\u00e8s utiles pour soulager la douleur lors des pouss\u00e9es dentaires.       <\/p>\n<p><em>Fixez toujours correctement les perles de silicone et contr\u00f4lez r\u00e9guli\u00e8rement vos cr\u00e9ations, par exemple pour v\u00e9rifier qu&#8217;elles ne s&#8217;usent pas. Vous en \u00eates vous-m\u00eame responsable. Jootjes Haakcadeautjes ne contr\u00f4le pas votre produit fini et ne peut donc pas assumer les dommages ou le rel\u00e2chement dus \u00e0 l&#8217;usure. Nous vous conseillons de n&#8217;utiliser les jouets de dentition faits \u00e0 la main que sous la surveillance d&#8217;un adulte afin d&#8217;\u00e9viter toute situation dangereuse.   <\/em><\/p>\n<h3>Avec quoi ces perles se combinent-elles bien ?<\/h3>\n<p>Toutes nos perles se combinent bien entre elles. Nous stockons le plus grand nombre possible de perles dans les m\u00eames couleurs. Toutefois, cela n&#8217;est pas toujours possible. Il est \u00e9galement amusant de combiner les couleurs et les formes les unes avec les autres. Cela stimule le d\u00e9veloppement de l&#8217;enfant. Plus c&#8217;est color\u00e9, mieux c&#8217;est.     <\/p>\n<h4>R\u00e9agir \u00e0 l&#8217;\u00e9volution de la vue d&#8217;un b\u00e9b\u00e9 ?<\/h4>\n<h4>C&#8217;est ainsi que se d\u00e9veloppe la vision d&#8217;un enfant :<\/h4>\n<p>Vers l&#8217;\u00e2ge d&#8217;un mois, un b\u00e9b\u00e9 per\u00e7oit principalement des contrastes nets entre l&#8217;obscurit\u00e9 et la lumi\u00e8re. Les contours se dessinent ensuite tr\u00e8s lentement et les principes de la couleur deviennent visibles. Cela commence par les couleurs rouge et verte, et seulement plus tard les couleurs bleue et jaune. Le bleu reste longtemps une nuance de gris\/noir. La v\u00e9ritable vision &#8220;bleue&#8221; ne se d\u00e9veloppe qu&#8217;\u00e0 partir de six mois environ. Bien s\u00fbr, cela ne veut pas dire qu&#8217;il ne faut pas changer de couleur avec une perle de couleur diff\u00e9rente. Outre les couleurs, un b\u00e9b\u00e9 commence \u00e0 rechercher des d\u00e9tails \u00e0 partir de deux mois environ.      <\/p>\n","protected":false},"excerpt":{"rendered":"<p>Code couleur Jaune Vif<\/p>\n<p> &#8211; Type : Perles de silicone rondes<br \/>\n&#8211; Taille : 9 mm<br \/>\n&#8211; Vendu \u00e0 la pi\u00e8ce, donc moins cher<br \/>\n&#8211; Sans BPA, Phtalates, Plomb, PVC et Toxine<br \/>\n&#8211; Certifi\u00e9 CE<br \/>\n&#8211; Perles de silicone de qualit\u00e9 m\u00e9dicale<br \/>\n&#8211; Refroidissable au r\u00e9frig\u00e9rateur<br \/>\n&#8211; Lavable au lave-vaisselle<\/p>\n","protected":false},"featured_media":71066,"template":"","meta":[],"product_brand":[],"product_cat":[7378,10335,6992],"product_tag":[10341,10347,7384,7424,10295,7455,7418,9997,7440,10348,12575,7392,7200,10002,9993,7468,7212],"class_list":{"0":"post-132131","1":"product","2":"type-product","3":"status-publish","4":"has-post-thumbnail","6":"product_cat-fabrication-de-jouets-de-dentition-pour-bebe-cordon-de-sucette-et-anneaux-de-dentition","7":"product_cat-perles-en-silicone-9-mm-rondes","8":"product_cat-perles-en-silicone-sans-bpa-grossiste","9":"product_tag-9-fr","10":"product_tag-9mm-fr","11":"product_tag-anneau-de-dentition","12":"product_tag-bpa-fr","13":"product_tag-certifie-fr","14":"product_tag-chaine-de-landau","15":"product_tag-faux-cordon","16":"product_tag-fr-71","17":"product_tag-gratuit","18":"product_tag-jaune","19":"product_tag-lumineux","20":"product_tag-mm-fr","21":"product_tag-perles","22":"product_tag-phtalate","23":"product_tag-pvc-fr","24":"product_tag-silicone-fr-2","25":"product_tag-silicone-fr","27":"first","28":"outofstock","29":"taxable","30":"shipping-taxable","31":"purchasable","32":"product-type-simple"},"bundled_by":[],"bundle_stock_status":"outofstock","bundle_stock_quantity":-50,"bundle_virtual":false,"bundle_layout":"","bundle_add_to_cart_form_location":"","bundle_editable_in_cart":false,"bundle_sold_individually_context":"","bundle_item_grouping":"","bundle_min_size":"","bundle_max_size":"","bundle_price":[],"bundled_items":[],"bundle_sell_ids":[],"yoast_head":"<!-- This site is optimized with the Yoast SEO Premium plugin v27.6 (Yoast SEO v27.6) - https:\/\/yoast.com\/product\/yoast-seo-premium-wordpress\/ -->\n<title>Perles en silicone 9 mm - Rondes - Jaune Vif - JH.nl | vente en gros<\/title>\n<meta name=\"description\" content=\"Billes de silicone rondes de couleur jaune tendre de 9 mm de diam\u00e8tre 100% sans BPA, plomb, poison, phtalate et PVC et marqu\u00e9es CE.\" \/>\n<meta name=\"robots\" content=\"index, follow, max-snippet:-1, max-image-preview:large, max-video-preview:-1\" \/>\n<link rel=\"canonical\" href=\"https:\/\/www.jootjeshaakcadeautjes.nl\/fr\/produit\/siliconen-kralen-9-mm-rond-fel-geel\/\" \/>\n<meta property=\"og:locale\" content=\"fr_FR\" \/>\n<meta property=\"og:type\" content=\"article\" \/>\n<meta property=\"og:title\" content=\"Perles en silicone 9 mm - Rondes - Jaune Vif\" \/>\n<meta property=\"og:description\" content=\"Billes de silicone rondes de couleur jaune tendre de 9 mm de diam\u00e8tre 100% sans BPA, plomb, poison, phtalate et PVC et marqu\u00e9es CE.\" \/>\n<meta property=\"og:url\" content=\"https:\/\/www.jootjeshaakcadeautjes.nl\/fr\/produit\/siliconen-kralen-9-mm-rond-fel-geel\/\" \/>\n<meta property=\"og:site_name\" content=\"Jootjes Haakcadeautjes\" \/>\n<meta property=\"article:modified_time\" content=\"2026-02-24T18:10:41+00:00\" \/>\n<meta property=\"og:image\" content=\"https:\/\/www.jootjeshaakcadeautjes.nl\/wp-content\/uploads\/2020\/08\/Siliconen-kralen-12-mm-fel-geel-tassenhanger-baby-veilig.jpg\" \/>\n\t<meta property=\"og:image:width\" content=\"1610\" \/>\n\t<meta property=\"og:image:height\" content=\"1610\" \/>\n\t<meta property=\"og:image:type\" content=\"image\/jpeg\" \/>\n<meta name=\"twitter:card\" content=\"summary_large_image\" \/>\n<meta name=\"twitter:label1\" content=\"Prix\" \/>\n\t<meta name=\"twitter:data1\" content=\"&euro;0.17 TTC\" \/>\n\t<meta name=\"twitter:label2\" content=\"Disponibilit\u00e9\" \/>\n\t<meta name=\"twitter:data2\" content=\"Rupture de stock\" \/>\n<script type=\"application\/ld+json\" class=\"yoast-schema-graph\">{\"@context\":\"https:\\\/\\\/schema.org\",\"@graph\":[{\"@type\":\"WebPage\",\"@id\":\"https:\\\/\\\/www.jootjeshaakcadeautjes.nl\\\/fr\\\/produit\\\/siliconen-kralen-9-mm-rond-fel-geel\\\/\",\"url\":\"https:\\\/\\\/www.jootjeshaakcadeautjes.nl\\\/fr\\\/produit\\\/siliconen-kralen-9-mm-rond-fel-geel\\\/\",\"name\":\"Perles en silicone 9 mm - Rondes - Jaune Vif - JH.nl | vente en gros\",\"isPartOf\":{\"@id\":\"https:\\\/\\\/www.jootjeshaakcadeautjes.nl\\\/fr\\\/#website\"},\"primaryImageOfPage\":{\"@id\":\"https:\\\/\\\/www.jootjeshaakcadeautjes.nl\\\/fr\\\/produit\\\/siliconen-kralen-9-mm-rond-fel-geel\\\/#primaryimage\"},\"image\":{\"@id\":\"https:\\\/\\\/www.jootjeshaakcadeautjes.nl\\\/fr\\\/produit\\\/siliconen-kralen-9-mm-rond-fel-geel\\\/#primaryimage\"},\"thumbnailUrl\":\"https:\\\/\\\/d1dyryakdmle7o.cloudfront.net\\\/wp-content\\\/uploads\\\/2020\\\/08\\\/Siliconen-kralen-12-mm-fel-geel-tassenhanger-baby-veilig.jpg\",\"datePublished\":\"2023-02-07T19:20:17+00:00\",\"dateModified\":\"2026-02-24T18:10:41+00:00\",\"description\":\"Billes de silicone rondes de couleur jaune tendre de 9 mm de diam\u00e8tre 100% sans BPA, plomb, poison, phtalate et PVC et marqu\u00e9es CE.\",\"breadcrumb\":{\"@id\":\"https:\\\/\\\/www.jootjeshaakcadeautjes.nl\\\/fr\\\/produit\\\/siliconen-kralen-9-mm-rond-fel-geel\\\/#breadcrumb\"},\"inLanguage\":\"fr-FR\",\"potentialAction\":[{\"@type\":\"ReadAction\",\"target\":[\"https:\\\/\\\/www.jootjeshaakcadeautjes.nl\\\/fr\\\/produit\\\/siliconen-kralen-9-mm-rond-fel-geel\\\/\"]}]},{\"@type\":\"ImageObject\",\"inLanguage\":\"fr-FR\",\"@id\":\"https:\\\/\\\/www.jootjeshaakcadeautjes.nl\\\/fr\\\/produit\\\/siliconen-kralen-9-mm-rond-fel-geel\\\/#primaryimage\",\"url\":\"https:\\\/\\\/d1dyryakdmle7o.cloudfront.net\\\/wp-content\\\/uploads\\\/2020\\\/08\\\/Siliconen-kralen-12-mm-fel-geel-tassenhanger-baby-veilig.jpg\",\"contentUrl\":\"https:\\\/\\\/d1dyryakdmle7o.cloudfront.net\\\/wp-content\\\/uploads\\\/2020\\\/08\\\/Siliconen-kralen-12-mm-fel-geel-tassenhanger-baby-veilig.jpg\",\"width\":1610,\"height\":1610,\"caption\":\"Perles de silicone 12 mm Jaune Vif pendentif sac b\u00e9b\u00e9 s\u00fbr\"},{\"@type\":\"BreadcrumbList\",\"@id\":\"https:\\\/\\\/www.jootjeshaakcadeautjes.nl\\\/fr\\\/produit\\\/siliconen-kralen-9-mm-rond-fel-geel\\\/#breadcrumb\",\"itemListElement\":[{\"@type\":\"ListItem\",\"position\":1,\"name\":\"Accueil\",\"item\":\"https:\\\/\\\/www.jootjeshaakcadeautjes.nl\\\/fr\\\/\"},{\"@type\":\"ListItem\",\"position\":2,\"name\":\"Commerce de gros de perles en silicone &#8211; Entreprises et consommateurs\",\"item\":\"https:\\\/\\\/www.jootjeshaakcadeautjes.nl\\\/fr\\\/boutique\\\/\"},{\"@type\":\"ListItem\",\"position\":3,\"name\":\"Perles en silicone 9 mm &#8211; Rondes &#8211; Jaune Vif\"}]},{\"@type\":\"WebSite\",\"@id\":\"https:\\\/\\\/www.jootjeshaakcadeautjes.nl\\\/fr\\\/#website\",\"url\":\"https:\\\/\\\/www.jootjeshaakcadeautjes.nl\\\/fr\\\/\",\"name\":\"Jootjes Haakcadeautjes\",\"description\":\"Grossiste en perles de silicone\",\"publisher\":{\"@id\":\"https:\\\/\\\/www.jootjeshaakcadeautjes.nl\\\/fr\\\/#organization\"},\"potentialAction\":[{\"@type\":\"SearchAction\",\"target\":{\"@type\":\"EntryPoint\",\"urlTemplate\":\"https:\\\/\\\/www.jootjeshaakcadeautjes.nl\\\/fr\\\/?s={search_term_string}\"},\"query-input\":{\"@type\":\"PropertyValueSpecification\",\"valueRequired\":true,\"valueName\":\"search_term_string\"}}],\"inLanguage\":\"fr-FR\"},{\"@type\":\"Organization\",\"@id\":\"https:\\\/\\\/www.jootjeshaakcadeautjes.nl\\\/fr\\\/#organization\",\"name\":\"Jootjes Haakcadeautjes\",\"url\":\"https:\\\/\\\/www.jootjeshaakcadeautjes.nl\\\/fr\\\/\",\"logo\":{\"@type\":\"ImageObject\",\"inLanguage\":\"fr-FR\",\"@id\":\"https:\\\/\\\/www.jootjeshaakcadeautjes.nl\\\/fr\\\/#\\\/schema\\\/logo\\\/image\\\/\",\"url\":\"https:\\\/\\\/d1dyryakdmle7o.cloudfront.net\\\/wp-content\\\/uploads\\\/2023\\\/05\\\/Logo-rond.png\",\"contentUrl\":\"https:\\\/\\\/d1dyryakdmle7o.cloudfront.net\\\/wp-content\\\/uploads\\\/2023\\\/05\\\/Logo-rond.png\",\"width\":1222,\"height\":1222,\"caption\":\"Jootjes Haakcadeautjes\"},\"image\":{\"@id\":\"https:\\\/\\\/www.jootjeshaakcadeautjes.nl\\\/fr\\\/#\\\/schema\\\/logo\\\/image\\\/\"}}]}<\/script>\n<meta property=\"product:price:amount\" content=\"0.17\" \/>\n<meta property=\"product:price:currency\" content=\"EUR\" \/>\n<meta property=\"og:availability\" content=\"out of stock\" \/>\n<meta property=\"product:availability\" content=\"out of stock\" \/>\n<meta property=\"product:retailer_item_id\" content=\"SKR-009-FGL\" \/>\n<meta property=\"product:condition\" content=\"new\" \/>\n<!-- \/ Yoast SEO Premium plugin. -->","yoast_head_json":{"title":"Perles en silicone 9 mm - Rondes - Jaune Vif - JH.nl | vente en gros","description":"Billes de silicone rondes de couleur jaune tendre de 9 mm de diam\u00e8tre 100% sans BPA, plomb, poison, phtalate et PVC et marqu\u00e9es CE.","robots":{"index":"index","follow":"follow","max-snippet":"max-snippet:-1","max-image-preview":"max-image-preview:large","max-video-preview":"max-video-preview:-1"},"canonical":"https:\/\/www.jootjeshaakcadeautjes.nl\/fr\/produit\/siliconen-kralen-9-mm-rond-fel-geel\/","og_locale":"fr_FR","og_type":"article","og_title":"Perles en silicone 9 mm - Rondes - Jaune Vif","og_description":"Billes de silicone rondes de couleur jaune tendre de 9 mm de diam\u00e8tre 100% sans BPA, plomb, poison, phtalate et PVC et marqu\u00e9es CE.","og_url":"https:\/\/www.jootjeshaakcadeautjes.nl\/fr\/produit\/siliconen-kralen-9-mm-rond-fel-geel\/","og_site_name":"Jootjes Haakcadeautjes","article_modified_time":"2026-02-24T18:10:41+00:00","og_image":[{"width":1610,"height":1610,"url":"https:\/\/www.jootjeshaakcadeautjes.nl\/wp-content\/uploads\/2020\/08\/Siliconen-kralen-12-mm-fel-geel-tassenhanger-baby-veilig.jpg","type":"image\/jpeg"}],"twitter_card":"summary_large_image","twitter_misc":{"Prix":"&euro;0.17 TTC","Disponibilit\u00e9":"Rupture de stock"},"schema":{"@context":"https:\/\/schema.org","@graph":[{"@type":"WebPage","@id":"https:\/\/www.jootjeshaakcadeautjes.nl\/fr\/produit\/siliconen-kralen-9-mm-rond-fel-geel\/","url":"https:\/\/www.jootjeshaakcadeautjes.nl\/fr\/produit\/siliconen-kralen-9-mm-rond-fel-geel\/","name":"Perles en silicone 9 mm - Rondes - Jaune Vif - JH.nl | vente en gros","isPartOf":{"@id":"https:\/\/www.jootjeshaakcadeautjes.nl\/fr\/#website"},"primaryImageOfPage":{"@id":"https:\/\/www.jootjeshaakcadeautjes.nl\/fr\/produit\/siliconen-kralen-9-mm-rond-fel-geel\/#primaryimage"},"image":{"@id":"https:\/\/www.jootjeshaakcadeautjes.nl\/fr\/produit\/siliconen-kralen-9-mm-rond-fel-geel\/#primaryimage"},"thumbnailUrl":"https:\/\/d1dyryakdmle7o.cloudfront.net\/wp-content\/uploads\/2020\/08\/Siliconen-kralen-12-mm-fel-geel-tassenhanger-baby-veilig.jpg","datePublished":"2023-02-07T19:20:17+00:00","dateModified":"2026-02-24T18:10:41+00:00","description":"Billes de silicone rondes de couleur jaune tendre de 9 mm de diam\u00e8tre 100% sans BPA, plomb, poison, phtalate et PVC et marqu\u00e9es CE.","breadcrumb":{"@id":"https:\/\/www.jootjeshaakcadeautjes.nl\/fr\/produit\/siliconen-kralen-9-mm-rond-fel-geel\/#breadcrumb"},"inLanguage":"fr-FR","potentialAction":[{"@type":"ReadAction","target":["https:\/\/www.jootjeshaakcadeautjes.nl\/fr\/produit\/siliconen-kralen-9-mm-rond-fel-geel\/"]}]},{"@type":"ImageObject","inLanguage":"fr-FR","@id":"https:\/\/www.jootjeshaakcadeautjes.nl\/fr\/produit\/siliconen-kralen-9-mm-rond-fel-geel\/#primaryimage","url":"https:\/\/d1dyryakdmle7o.cloudfront.net\/wp-content\/uploads\/2020\/08\/Siliconen-kralen-12-mm-fel-geel-tassenhanger-baby-veilig.jpg","contentUrl":"https:\/\/d1dyryakdmle7o.cloudfront.net\/wp-content\/uploads\/2020\/08\/Siliconen-kralen-12-mm-fel-geel-tassenhanger-baby-veilig.jpg","width":1610,"height":1610,"caption":"Perles de silicone 12 mm Jaune Vif pendentif sac b\u00e9b\u00e9 s\u00fbr"},{"@type":"BreadcrumbList","@id":"https:\/\/www.jootjeshaakcadeautjes.nl\/fr\/produit\/siliconen-kralen-9-mm-rond-fel-geel\/#breadcrumb","itemListElement":[{"@type":"ListItem","position":1,"name":"Accueil","item":"https:\/\/www.jootjeshaakcadeautjes.nl\/fr\/"},{"@type":"ListItem","position":2,"name":"Commerce de gros de perles en silicone &#8211; Entreprises et consommateurs","item":"https:\/\/www.jootjeshaakcadeautjes.nl\/fr\/boutique\/"},{"@type":"ListItem","position":3,"name":"Perles en silicone 9 mm &#8211; Rondes &#8211; Jaune Vif"}]},{"@type":"WebSite","@id":"https:\/\/www.jootjeshaakcadeautjes.nl\/fr\/#website","url":"https:\/\/www.jootjeshaakcadeautjes.nl\/fr\/","name":"Jootjes Haakcadeautjes","description":"Grossiste en perles de silicone","publisher":{"@id":"https:\/\/www.jootjeshaakcadeautjes.nl\/fr\/#organization"},"potentialAction":[{"@type":"SearchAction","target":{"@type":"EntryPoint","urlTemplate":"https:\/\/www.jootjeshaakcadeautjes.nl\/fr\/?s={search_term_string}"},"query-input":{"@type":"PropertyValueSpecification","valueRequired":true,"valueName":"search_term_string"}}],"inLanguage":"fr-FR"},{"@type":"Organization","@id":"https:\/\/www.jootjeshaakcadeautjes.nl\/fr\/#organization","name":"Jootjes Haakcadeautjes","url":"https:\/\/www.jootjeshaakcadeautjes.nl\/fr\/","logo":{"@type":"ImageObject","inLanguage":"fr-FR","@id":"https:\/\/www.jootjeshaakcadeautjes.nl\/fr\/#\/schema\/logo\/image\/","url":"https:\/\/d1dyryakdmle7o.cloudfront.net\/wp-content\/uploads\/2023\/05\/Logo-rond.png","contentUrl":"https:\/\/d1dyryakdmle7o.cloudfront.net\/wp-content\/uploads\/2023\/05\/Logo-rond.png","width":1222,"height":1222,"caption":"Jootjes Haakcadeautjes"},"image":{"@id":"https:\/\/www.jootjeshaakcadeautjes.nl\/fr\/#\/schema\/logo\/image\/"}}]},"product_price_amount":"0.17","product_price_currency":"EUR","og_availability":"out of stock","product_availability":"out of stock","product_retailer_item_id":"SKR-009-FGL","product_condition":"new"},"_links":{"self":[{"href":"https:\/\/www.jootjeshaakcadeautjes.nl\/fr\/wp-json\/wp\/v2\/product\/132131","targetHints":{"allow":["GET"]}}],"collection":[{"href":"https:\/\/www.jootjeshaakcadeautjes.nl\/fr\/wp-json\/wp\/v2\/product"}],"about":[{"href":"https:\/\/www.jootjeshaakcadeautjes.nl\/fr\/wp-json\/wp\/v2\/types\/product"}],"version-history":[{"count":0,"href":"https:\/\/www.jootjeshaakcadeautjes.nl\/fr\/wp-json\/wp\/v2\/product\/132131\/revisions"}],"wp:featuredmedia":[{"embeddable":true,"href":"https:\/\/www.jootjeshaakcadeautjes.nl\/fr\/wp-json\/wp\/v2\/media\/71066"}],"wp:attachment":[{"href":"https:\/\/www.jootjeshaakcadeautjes.nl\/fr\/wp-json\/wp\/v2\/media?parent=132131"}],"wp:term":[{"taxonomy":"product_brand","embeddable":true,"href":"https:\/\/www.jootjeshaakcadeautjes.nl\/fr\/wp-json\/wp\/v2\/product_brand?post=132131"},{"taxonomy":"product_cat","embeddable":true,"href":"https:\/\/www.jootjeshaakcadeautjes.nl\/fr\/wp-json\/wp\/v2\/product_cat?post=132131"},{"taxonomy":"product_tag","embeddable":true,"href":"https:\/\/www.jootjeshaakcadeautjes.nl\/fr\/wp-json\/wp\/v2\/product_tag?post=132131"}],"curies":[{"name":"wp","href":"https:\/\/api.w.org\/{rel}","templated":true}]}}