{"id":132189,"date":"2023-02-05T15:25:58","date_gmt":"2023-02-05T13:25:58","guid":{"rendered":"https:\/\/www.jootjeshaakcadeautjes.nl\/product\/perles-en-silicone-rond-plat-25-mm-aqua-bleu\/"},"modified":"2025-03-11T04:23:51","modified_gmt":"2025-03-11T03:23:51","slug":"perles-en-silicone-rond-plat-25-mm-aqua-bleu","status":"publish","type":"product","link":"https:\/\/www.jootjeshaakcadeautjes.nl\/fr\/produit\/perles-en-silicone-rond-plat-25-mm-aqua-bleu\/","title":{"rendered":"Perles en silicone &#8211; Circlet &#8211; plates\/rondes, 25 mm &#8211; Aqua Blue"},"content":{"rendered":"<h2>Perles en silicone &#8211; Circlet &#8211; plat\/ovale, 25 mm &#8211; Aqua Blue<\/h2>\n<p>Code couleur : Aqua Blue<br \/>\nMat\u00e9riau : 100% silicone sans BPA, test\u00e9 en toute s\u00e9curit\u00e9 chimique selon la norme EN-71.<br \/>\nType : Circulaire, plate et ovale, 25 mm de diam\u00e8tre<\/p>\n<h3>Comment utiliser ces perles de cercle en silicone ?<\/h3>\n<p>Les perles Circlet sont des perles rondes et plates qui ont l&#8217;air super cool, par exemple dans des porte-cl\u00e9s ou, par exemple, comme variation dans une cha\u00eene de landau ou un pendentif. Bien s\u00fbr, vous pouvez \u00e9galement utiliser ces perles de silicone dans un cordon de t\u00e9tine ou un anneau de dentition. L&#8217;avantage des perles de silicone est qu&#8217;elles peuvent \u00eatre facilement refroidies au r\u00e9frig\u00e9rateur ou m\u00eame au cong\u00e9lateur ! Les perles du cercle en silicone sont \u00e9galement faciles \u00e0 nettoyer.<\/p>\n","protected":false},"excerpt":{"rendered":"<p>Code couleur : Aqua Blue<br \/>\nMat\u00e9riau : 100% silicone sans BPA, test\u00e9 en toute s\u00e9curit\u00e9 chimique selon la norme EN-71.<br \/>\nType : Circulaire, plate et ovale, 25 mm de diam\u00e8tre<\/p>\n","protected":false},"featured_media":76692,"template":"","meta":[],"product_brand":[],"product_cat":[13230,7378,6992],"product_tag":[13231,7384,7672,7474,7656,10005,7424,7522,7418,7440,12657,7395,7200,13237,7619,7415,7212],"class_list":{"0":"post-132189","1":"product","2":"type-product","3":"status-publish","4":"has-post-thumbnail","6":"product_cat-circlets-perles-en-silicone-plates-et-rondes-22-mm","7":"product_cat-fabrication-de-jouets-de-dentition-pour-bebe-cordon-de-sucette-et-anneaux-de-dentition","8":"product_cat-perles-en-silicone-sans-bpa-grossiste","9":"product_tag-25-mm-fr","10":"product_tag-anneau-de-dentition","11":"product_tag-aqua-fr","12":"product_tag-autour-de","13":"product_tag-bleu","14":"product_tag-bleu-fr","15":"product_tag-bpa-fr","16":"product_tag-circulez","17":"product_tag-faux-cordon","18":"product_tag-gratuit","19":"product_tag-jouet-de-dentition","20":"product_tag-perle","21":"product_tag-perles","22":"product_tag-plat-fr-4","23":"product_tag-porte-cles","24":"product_tag-sans-bpa","25":"product_tag-silicone-fr","27":"first","28":"instock","29":"taxable","30":"shipping-taxable","31":"purchasable","32":"product-type-simple"},"bundled_by":[],"bundle_stock_status":"instock","bundle_stock_quantity":49,"bundle_virtual":false,"bundle_layout":"","bundle_add_to_cart_form_location":"","bundle_editable_in_cart":false,"bundle_sold_individually_context":"","bundle_item_grouping":"","bundle_min_size":"","bundle_max_size":"","bundle_price":[],"bundled_items":[],"bundle_sell_ids":[],"yoast_head":"<!-- This site is optimized with the Yoast SEO Premium plugin v27.6 (Yoast SEO v27.6) - https:\/\/yoast.com\/product\/yoast-seo-premium-wordpress\/ -->\n<title>Perles en silicone rondes et plates - Bleu aqua - Cercle-cercle<\/title>\n<meta name=\"description\" content=\"Perles rondes plates en silicone - 25 mm en couleur Aqua Blue en silicone 100%% sans BPA et sans danger pour les b\u00e9b\u00e9s achetez dans notre magasin de vente en gros ici.\" \/>\n<meta name=\"robots\" content=\"index, follow, max-snippet:-1, max-image-preview:large, max-video-preview:-1\" \/>\n<link rel=\"canonical\" href=\"https:\/\/www.jootjeshaakcadeautjes.nl\/fr\/produit\/perles-en-silicone-rond-plat-25-mm-aqua-bleu\/\" \/>\n<meta property=\"og:locale\" content=\"fr_FR\" \/>\n<meta property=\"og:type\" content=\"article\" \/>\n<meta property=\"og:title\" content=\"Perles en silicone - Circlet - plates\/rondes, 25 mm - Aqua Blue\" \/>\n<meta property=\"og:description\" content=\"Perles rondes plates en silicone - 25 mm en couleur Aqua Blue en silicone 100%% sans BPA et sans danger pour les b\u00e9b\u00e9s achetez dans notre magasin de vente en gros ici.\" \/>\n<meta property=\"og:url\" content=\"https:\/\/www.jootjeshaakcadeautjes.nl\/fr\/produit\/perles-en-silicone-rond-plat-25-mm-aqua-bleu\/\" \/>\n<meta property=\"og:site_name\" content=\"Jootjes Haakcadeautjes\" \/>\n<meta property=\"article:modified_time\" content=\"2025-03-11T03:23:51+00:00\" \/>\n<meta property=\"og:image\" content=\"https:\/\/www.jootjeshaakcadeautjes.nl\/wp-content\/uploads\/2021\/06\/Foto-volgt.jpg\" \/>\n\t<meta property=\"og:image:width\" content=\"1080\" \/>\n\t<meta property=\"og:image:height\" content=\"1080\" \/>\n\t<meta property=\"og:image:type\" content=\"image\/jpeg\" \/>\n<meta name=\"twitter:card\" content=\"summary_large_image\" \/>\n<meta name=\"twitter:label1\" content=\"Prix\" \/>\n\t<meta name=\"twitter:data1\" content=\"&euro;0.38 TTC\" \/>\n\t<meta name=\"twitter:label2\" content=\"Disponibilit\u00e9\" \/>\n\t<meta name=\"twitter:data2\" content=\"En stock\" \/>\n<script type=\"application\/ld+json\" class=\"yoast-schema-graph\">{\"@context\":\"https:\\\/\\\/schema.org\",\"@graph\":[{\"@type\":\"WebPage\",\"@id\":\"https:\\\/\\\/www.jootjeshaakcadeautjes.nl\\\/fr\\\/produit\\\/perles-en-silicone-rond-plat-25-mm-aqua-bleu\\\/\",\"url\":\"https:\\\/\\\/www.jootjeshaakcadeautjes.nl\\\/fr\\\/produit\\\/perles-en-silicone-rond-plat-25-mm-aqua-bleu\\\/\",\"name\":\"Perles en silicone rondes et plates - Bleu aqua - Cercle-cercle\",\"isPartOf\":{\"@id\":\"https:\\\/\\\/www.jootjeshaakcadeautjes.nl\\\/fr\\\/#website\"},\"primaryImageOfPage\":{\"@id\":\"https:\\\/\\\/www.jootjeshaakcadeautjes.nl\\\/fr\\\/produit\\\/perles-en-silicone-rond-plat-25-mm-aqua-bleu\\\/#primaryimage\"},\"image\":{\"@id\":\"https:\\\/\\\/www.jootjeshaakcadeautjes.nl\\\/fr\\\/produit\\\/perles-en-silicone-rond-plat-25-mm-aqua-bleu\\\/#primaryimage\"},\"thumbnailUrl\":\"https:\\\/\\\/d1dyryakdmle7o.cloudfront.net\\\/wp-content\\\/uploads\\\/2021\\\/06\\\/Foto-volgt.jpg\",\"datePublished\":\"2023-02-05T13:25:58+00:00\",\"dateModified\":\"2025-03-11T03:23:51+00:00\",\"description\":\"Perles rondes plates en silicone - 25 mm en couleur Aqua Blue en silicone 100%% sans BPA et sans danger pour les b\u00e9b\u00e9s achetez dans notre magasin de vente en gros ici.\",\"breadcrumb\":{\"@id\":\"https:\\\/\\\/www.jootjeshaakcadeautjes.nl\\\/fr\\\/produit\\\/perles-en-silicone-rond-plat-25-mm-aqua-bleu\\\/#breadcrumb\"},\"inLanguage\":\"fr-FR\",\"potentialAction\":[{\"@type\":\"ReadAction\",\"target\":[\"https:\\\/\\\/www.jootjeshaakcadeautjes.nl\\\/fr\\\/produit\\\/perles-en-silicone-rond-plat-25-mm-aqua-bleu\\\/\"]}]},{\"@type\":\"ImageObject\",\"inLanguage\":\"fr-FR\",\"@id\":\"https:\\\/\\\/www.jootjeshaakcadeautjes.nl\\\/fr\\\/produit\\\/perles-en-silicone-rond-plat-25-mm-aqua-bleu\\\/#primaryimage\",\"url\":\"https:\\\/\\\/d1dyryakdmle7o.cloudfront.net\\\/wp-content\\\/uploads\\\/2021\\\/06\\\/Foto-volgt.jpg\",\"contentUrl\":\"https:\\\/\\\/d1dyryakdmle7o.cloudfront.net\\\/wp-content\\\/uploads\\\/2021\\\/06\\\/Foto-volgt.jpg\",\"width\":1080,\"height\":1080,\"caption\":\"Photo suit perles de silicone sans bpa en gros\"},{\"@type\":\"BreadcrumbList\",\"@id\":\"https:\\\/\\\/www.jootjeshaakcadeautjes.nl\\\/fr\\\/produit\\\/perles-en-silicone-rond-plat-25-mm-aqua-bleu\\\/#breadcrumb\",\"itemListElement\":[{\"@type\":\"ListItem\",\"position\":1,\"name\":\"Accueil\",\"item\":\"https:\\\/\\\/www.jootjeshaakcadeautjes.nl\\\/fr\\\/\"},{\"@type\":\"ListItem\",\"position\":2,\"name\":\"Commerce de gros de perles en silicone &#8211; Entreprises et consommateurs\",\"item\":\"https:\\\/\\\/www.jootjeshaakcadeautjes.nl\\\/fr\\\/boutique\\\/\"},{\"@type\":\"ListItem\",\"position\":3,\"name\":\"Perles en silicone &#8211; Circlet &#8211; plates\\\/rondes, 25 mm &#8211; Aqua Blue\"}]},{\"@type\":\"WebSite\",\"@id\":\"https:\\\/\\\/www.jootjeshaakcadeautjes.nl\\\/fr\\\/#website\",\"url\":\"https:\\\/\\\/www.jootjeshaakcadeautjes.nl\\\/fr\\\/\",\"name\":\"Jootjes Haakcadeautjes\",\"description\":\"Grossiste en perles de silicone\",\"publisher\":{\"@id\":\"https:\\\/\\\/www.jootjeshaakcadeautjes.nl\\\/fr\\\/#organization\"},\"potentialAction\":[{\"@type\":\"SearchAction\",\"target\":{\"@type\":\"EntryPoint\",\"urlTemplate\":\"https:\\\/\\\/www.jootjeshaakcadeautjes.nl\\\/fr\\\/?s={search_term_string}\"},\"query-input\":{\"@type\":\"PropertyValueSpecification\",\"valueRequired\":true,\"valueName\":\"search_term_string\"}}],\"inLanguage\":\"fr-FR\"},{\"@type\":\"Organization\",\"@id\":\"https:\\\/\\\/www.jootjeshaakcadeautjes.nl\\\/fr\\\/#organization\",\"name\":\"Jootjes Haakcadeautjes\",\"url\":\"https:\\\/\\\/www.jootjeshaakcadeautjes.nl\\\/fr\\\/\",\"logo\":{\"@type\":\"ImageObject\",\"inLanguage\":\"fr-FR\",\"@id\":\"https:\\\/\\\/www.jootjeshaakcadeautjes.nl\\\/fr\\\/#\\\/schema\\\/logo\\\/image\\\/\",\"url\":\"https:\\\/\\\/d1dyryakdmle7o.cloudfront.net\\\/wp-content\\\/uploads\\\/2023\\\/05\\\/Logo-rond.png\",\"contentUrl\":\"https:\\\/\\\/d1dyryakdmle7o.cloudfront.net\\\/wp-content\\\/uploads\\\/2023\\\/05\\\/Logo-rond.png\",\"width\":1222,\"height\":1222,\"caption\":\"Jootjes Haakcadeautjes\"},\"image\":{\"@id\":\"https:\\\/\\\/www.jootjeshaakcadeautjes.nl\\\/fr\\\/#\\\/schema\\\/logo\\\/image\\\/\"}}]}<\/script>\n<meta property=\"product:price:amount\" content=\"0.38\" \/>\n<meta property=\"product:price:currency\" content=\"EUR\" \/>\n<meta property=\"og:availability\" content=\"instock\" \/>\n<meta property=\"product:availability\" content=\"instock\" \/>\n<meta property=\"product:retailer_item_id\" content=\"CIR-025-AQB\" \/>\n<meta property=\"product:condition\" content=\"new\" \/>\n<!-- \/ Yoast SEO Premium plugin. -->","yoast_head_json":{"title":"Perles en silicone rondes et plates - Bleu aqua - Cercle-cercle","description":"Perles rondes plates en silicone - 25 mm en couleur Aqua Blue en silicone 100%% sans BPA et sans danger pour les b\u00e9b\u00e9s achetez dans notre magasin de vente en gros ici.","robots":{"index":"index","follow":"follow","max-snippet":"max-snippet:-1","max-image-preview":"max-image-preview:large","max-video-preview":"max-video-preview:-1"},"canonical":"https:\/\/www.jootjeshaakcadeautjes.nl\/fr\/produit\/perles-en-silicone-rond-plat-25-mm-aqua-bleu\/","og_locale":"fr_FR","og_type":"article","og_title":"Perles en silicone - Circlet - plates\/rondes, 25 mm - Aqua Blue","og_description":"Perles rondes plates en silicone - 25 mm en couleur Aqua Blue en silicone 100%% sans BPA et sans danger pour les b\u00e9b\u00e9s achetez dans notre magasin de vente en gros ici.","og_url":"https:\/\/www.jootjeshaakcadeautjes.nl\/fr\/produit\/perles-en-silicone-rond-plat-25-mm-aqua-bleu\/","og_site_name":"Jootjes Haakcadeautjes","article_modified_time":"2025-03-11T03:23:51+00:00","og_image":[{"width":1080,"height":1080,"url":"https:\/\/www.jootjeshaakcadeautjes.nl\/wp-content\/uploads\/2021\/06\/Foto-volgt.jpg","type":"image\/jpeg"}],"twitter_card":"summary_large_image","twitter_misc":{"Prix":"&euro;0.38 TTC","Disponibilit\u00e9":"En stock"},"schema":{"@context":"https:\/\/schema.org","@graph":[{"@type":"WebPage","@id":"https:\/\/www.jootjeshaakcadeautjes.nl\/fr\/produit\/perles-en-silicone-rond-plat-25-mm-aqua-bleu\/","url":"https:\/\/www.jootjeshaakcadeautjes.nl\/fr\/produit\/perles-en-silicone-rond-plat-25-mm-aqua-bleu\/","name":"Perles en silicone rondes et plates - Bleu aqua - Cercle-cercle","isPartOf":{"@id":"https:\/\/www.jootjeshaakcadeautjes.nl\/fr\/#website"},"primaryImageOfPage":{"@id":"https:\/\/www.jootjeshaakcadeautjes.nl\/fr\/produit\/perles-en-silicone-rond-plat-25-mm-aqua-bleu\/#primaryimage"},"image":{"@id":"https:\/\/www.jootjeshaakcadeautjes.nl\/fr\/produit\/perles-en-silicone-rond-plat-25-mm-aqua-bleu\/#primaryimage"},"thumbnailUrl":"https:\/\/d1dyryakdmle7o.cloudfront.net\/wp-content\/uploads\/2021\/06\/Foto-volgt.jpg","datePublished":"2023-02-05T13:25:58+00:00","dateModified":"2025-03-11T03:23:51+00:00","description":"Perles rondes plates en silicone - 25 mm en couleur Aqua Blue en silicone 100%% sans BPA et sans danger pour les b\u00e9b\u00e9s achetez dans notre magasin de vente en gros ici.","breadcrumb":{"@id":"https:\/\/www.jootjeshaakcadeautjes.nl\/fr\/produit\/perles-en-silicone-rond-plat-25-mm-aqua-bleu\/#breadcrumb"},"inLanguage":"fr-FR","potentialAction":[{"@type":"ReadAction","target":["https:\/\/www.jootjeshaakcadeautjes.nl\/fr\/produit\/perles-en-silicone-rond-plat-25-mm-aqua-bleu\/"]}]},{"@type":"ImageObject","inLanguage":"fr-FR","@id":"https:\/\/www.jootjeshaakcadeautjes.nl\/fr\/produit\/perles-en-silicone-rond-plat-25-mm-aqua-bleu\/#primaryimage","url":"https:\/\/d1dyryakdmle7o.cloudfront.net\/wp-content\/uploads\/2021\/06\/Foto-volgt.jpg","contentUrl":"https:\/\/d1dyryakdmle7o.cloudfront.net\/wp-content\/uploads\/2021\/06\/Foto-volgt.jpg","width":1080,"height":1080,"caption":"Photo suit perles de silicone sans bpa en gros"},{"@type":"BreadcrumbList","@id":"https:\/\/www.jootjeshaakcadeautjes.nl\/fr\/produit\/perles-en-silicone-rond-plat-25-mm-aqua-bleu\/#breadcrumb","itemListElement":[{"@type":"ListItem","position":1,"name":"Accueil","item":"https:\/\/www.jootjeshaakcadeautjes.nl\/fr\/"},{"@type":"ListItem","position":2,"name":"Commerce de gros de perles en silicone &#8211; Entreprises et consommateurs","item":"https:\/\/www.jootjeshaakcadeautjes.nl\/fr\/boutique\/"},{"@type":"ListItem","position":3,"name":"Perles en silicone &#8211; Circlet &#8211; plates\/rondes, 25 mm &#8211; Aqua Blue"}]},{"@type":"WebSite","@id":"https:\/\/www.jootjeshaakcadeautjes.nl\/fr\/#website","url":"https:\/\/www.jootjeshaakcadeautjes.nl\/fr\/","name":"Jootjes Haakcadeautjes","description":"Grossiste en perles de silicone","publisher":{"@id":"https:\/\/www.jootjeshaakcadeautjes.nl\/fr\/#organization"},"potentialAction":[{"@type":"SearchAction","target":{"@type":"EntryPoint","urlTemplate":"https:\/\/www.jootjeshaakcadeautjes.nl\/fr\/?s={search_term_string}"},"query-input":{"@type":"PropertyValueSpecification","valueRequired":true,"valueName":"search_term_string"}}],"inLanguage":"fr-FR"},{"@type":"Organization","@id":"https:\/\/www.jootjeshaakcadeautjes.nl\/fr\/#organization","name":"Jootjes Haakcadeautjes","url":"https:\/\/www.jootjeshaakcadeautjes.nl\/fr\/","logo":{"@type":"ImageObject","inLanguage":"fr-FR","@id":"https:\/\/www.jootjeshaakcadeautjes.nl\/fr\/#\/schema\/logo\/image\/","url":"https:\/\/d1dyryakdmle7o.cloudfront.net\/wp-content\/uploads\/2023\/05\/Logo-rond.png","contentUrl":"https:\/\/d1dyryakdmle7o.cloudfront.net\/wp-content\/uploads\/2023\/05\/Logo-rond.png","width":1222,"height":1222,"caption":"Jootjes Haakcadeautjes"},"image":{"@id":"https:\/\/www.jootjeshaakcadeautjes.nl\/fr\/#\/schema\/logo\/image\/"}}]},"product_price_amount":"0.38","product_price_currency":"EUR","og_availability":"instock","product_availability":"instock","product_retailer_item_id":"CIR-025-AQB","product_condition":"new"},"_links":{"self":[{"href":"https:\/\/www.jootjeshaakcadeautjes.nl\/fr\/wp-json\/wp\/v2\/product\/132189","targetHints":{"allow":["GET"]}}],"collection":[{"href":"https:\/\/www.jootjeshaakcadeautjes.nl\/fr\/wp-json\/wp\/v2\/product"}],"about":[{"href":"https:\/\/www.jootjeshaakcadeautjes.nl\/fr\/wp-json\/wp\/v2\/types\/product"}],"version-history":[{"count":0,"href":"https:\/\/www.jootjeshaakcadeautjes.nl\/fr\/wp-json\/wp\/v2\/product\/132189\/revisions"}],"wp:featuredmedia":[{"embeddable":true,"href":"https:\/\/www.jootjeshaakcadeautjes.nl\/fr\/wp-json\/wp\/v2\/media\/76692"}],"wp:attachment":[{"href":"https:\/\/www.jootjeshaakcadeautjes.nl\/fr\/wp-json\/wp\/v2\/media?parent=132189"}],"wp:term":[{"taxonomy":"product_brand","embeddable":true,"href":"https:\/\/www.jootjeshaakcadeautjes.nl\/fr\/wp-json\/wp\/v2\/product_brand?post=132189"},{"taxonomy":"product_cat","embeddable":true,"href":"https:\/\/www.jootjeshaakcadeautjes.nl\/fr\/wp-json\/wp\/v2\/product_cat?post=132189"},{"taxonomy":"product_tag","embeddable":true,"href":"https:\/\/www.jootjeshaakcadeautjes.nl\/fr\/wp-json\/wp\/v2\/product_tag?post=132189"}],"curies":[{"name":"wp","href":"https:\/\/api.w.org\/{rel}","templated":true}]}}