{"id":132219,"date":"2023-02-03T14:07:28","date_gmt":"2023-02-03T13:07:28","guid":{"rendered":"https:\/\/www.jootjeshaakcadeautjes.nl\/product\/perles-en-bois-gravees-hetre-piece-de-gateau-20mm\/"},"modified":"2025-08-13T12:11:10","modified_gmt":"2025-08-13T10:11:10","slug":"perles-en-bois-gravees-hetre-piece-de-gateau-20mm","status":"publish","type":"product","link":"https:\/\/www.jootjeshaakcadeautjes.nl\/fr\/produit\/perles-en-bois-gravees-hetre-piece-de-gateau-20mm\/","title":{"rendered":"Perle en bois &#8211; Grav\u00e9e &#8211; Bois de h\u00eatre &#8211; A Piece of Cake \/ Cake &#8211; 20 mm"},"content":{"rendered":"<h1>Perle en bois &#8211; Grav\u00e9e &#8211; Bois de h\u00eatre &#8211; A Piece of Cake \/ Cake &#8211; 20 mm<\/h1>\n<ul>\n<li>Perles en bois de h\u00eatre de 20 mm.<\/li>\n<li>Grav\u00e9 avec le texte A Piece of Cake \/ Cake<\/li>\n<li>Trou de haut en bas<\/li>\n<li>Bois de h\u00eatre de haute qualit\u00e9, sans danger pour les b\u00e9b\u00e9s<\/li>\n<li>S\u00fbr selon EN-71 et sans formald\u00e9hyde<\/li>\n<\/ul>\n<p>Parfait pour nos bouchons de vin, porte-cl\u00e9s, d\u00e9capsuleurs, cordons de t\u00e9tine, cintres, cordons de t\u00e9tine, anneaux de dentition et autres. Super cool en combinaison avec nos badges heart for care et nos perles heart for care ou avec le st\u00e9thoscope !<\/p>\n","protected":false},"excerpt":{"rendered":"<ul>\n<li>Perles en bois de 20 mm grav\u00e9es avec le texte A Piece of Cake \/ Cake<\/li>\n<li>Trou de haut en bas<\/li>\n<li>Bois de h\u00eatre de haute qualit\u00e9, sans danger pour les b\u00e9b\u00e9s<\/li>\n<li>S\u00fbr selon EN-71 et sans formald\u00e9hyde<\/li>\n<\/ul>\n","protected":false},"featured_media":86435,"template":"","meta":[],"product_brand":[],"product_cat":[6994,10405,10408],"product_tag":[13268,10419,7384,10436,12421,10409,10126,10422,10434,12343,10455,10132,10457,7197,7418,13283,10438,7402,10414,12732,10432,7395,7200,19618,13286,7619,12428,10442,10447,10453,7227,13277,10452,10449,10028,10226,10468],"class_list":{"0":"post-132219","1":"product","2":"type-product","3":"status-publish","4":"has-post-thumbnail","6":"product_cat-gravure-au-laser-produits-cadeaux","7":"product_cat-perles-en-bois-fil-de-sucette-et-anneau-de-dentition-toutes-les-perles-en-bois","8":"product_cat-perles-en-bois-gravees-pour-cordon-de-sucette-et-anneau-de-dentition","9":"product_tag-a-fr-5","10":"product_tag-a-fr-3","11":"product_tag-anneau-de-dentition","12":"product_tag-au-laser","13":"product_tag-au-laser-fr","14":"product_tag-bois-fr","15":"product_tag-bouchon-de-vin","16":"product_tag-bouteille","17":"product_tag-bouteille-de-biere","18":"product_tag-coeur-fr","19":"product_tag-conception","20":"product_tag-decapsuleur","21":"product_tag-decapsuleur-de-biere","22":"product_tag-en-bois","23":"product_tag-faux-cordon","24":"product_tag-gateau","25":"product_tag-grave-fr","26":"product_tag-grave","27":"product_tag-hetre","28":"product_tag-ou","29":"product_tag-ouvreur","30":"product_tag-perle","31":"product_tag-perles","32":"product_tag-personalisierte","33":"product_tag-piece-fr","34":"product_tag-porte-cles","35":"product_tag-pour","36":"product_tag-presente","37":"product_tag-presente-fr","38":"product_tag-propre","39":"product_tag-rangee","40":"product_tag-seringue","41":"product_tag-souhait","42":"product_tag-sur-mesure-fr","43":"product_tag-taille","44":"product_tag-tireuse-a-biere","45":"product_tag-vacances","47":"first","48":"instock","49":"taxable","50":"shipping-taxable","51":"purchasable","52":"product-type-simple"},"bundled_by":[],"bundle_stock_status":"instock","bundle_stock_quantity":26,"bundle_virtual":false,"bundle_layout":"","bundle_add_to_cart_form_location":"","bundle_editable_in_cart":false,"bundle_sold_individually_context":"","bundle_item_grouping":"","bundle_min_size":"","bundle_max_size":"","bundle_price":[],"bundled_items":[],"bundle_sell_ids":[],"yoast_head":"<!-- This site is optimized with the Yoast SEO Premium plugin v27.6 (Yoast SEO v27.6) - https:\/\/yoast.com\/product\/yoast-seo-premium-wordpress\/ -->\n<title>Perle en bois - Grav\u00e9e - Bois de h\u00eatre - A Piece of Cake \/ Cake - 20 mm - Jootjes Haakcadeautjes<\/title>\n<meta name=\"description\" content=\"Perles en bois grav\u00e9es avec texte A Piece of Cake \/ Cake 20 mm. Parfait pour le cordon de t\u00e9tine, l&#039;anneau de dentition et d&#039;autres cadeaux faits \u00e0 la main.\" \/>\n<meta name=\"robots\" content=\"index, follow, max-snippet:-1, max-image-preview:large, max-video-preview:-1\" \/>\n<link rel=\"canonical\" href=\"https:\/\/www.jootjeshaakcadeautjes.nl\/fr\/produit\/perles-en-bois-gravees-hetre-piece-de-gateau-20mm\/\" \/>\n<meta property=\"og:locale\" content=\"fr_FR\" \/>\n<meta property=\"og:type\" content=\"article\" \/>\n<meta property=\"og:title\" content=\"Perle en bois - Grav\u00e9e - Bois de h\u00eatre - A Piece of Cake \/ Cake - 20 mm\" \/>\n<meta property=\"og:description\" content=\"Perles en bois grav\u00e9es avec texte A Piece of Cake \/ Cake 20 mm. Parfait pour le cordon de t\u00e9tine, l&#039;anneau de dentition et d&#039;autres cadeaux faits \u00e0 la main.\" \/>\n<meta property=\"og:url\" content=\"https:\/\/www.jootjeshaakcadeautjes.nl\/fr\/produit\/perles-en-bois-gravees-hetre-piece-de-gateau-20mm\/\" \/>\n<meta property=\"og:site_name\" content=\"Jootjes Haakcadeautjes\" \/>\n<meta property=\"article:modified_time\" content=\"2025-08-13T10:11:10+00:00\" \/>\n<meta property=\"og:image\" content=\"https:\/\/www.jootjeshaakcadeautjes.nl\/wp-content\/uploads\/2023\/02\/20230129_125054.jpg\" \/>\n\t<meta property=\"og:image:width\" content=\"2047\" \/>\n\t<meta property=\"og:image:height\" content=\"2048\" \/>\n\t<meta property=\"og:image:type\" content=\"image\/jpeg\" \/>\n<meta name=\"twitter:card\" content=\"summary_large_image\" \/>\n<meta name=\"twitter:label1\" content=\"Prix\" \/>\n\t<meta name=\"twitter:data1\" content=\"&euro;1.25 TTC\" \/>\n\t<meta name=\"twitter:label2\" content=\"Disponibilit\u00e9\" \/>\n\t<meta name=\"twitter:data2\" content=\"En stock\" \/>\n<script type=\"application\/ld+json\" class=\"yoast-schema-graph\">{\"@context\":\"https:\\\/\\\/schema.org\",\"@graph\":[{\"@type\":\"WebPage\",\"@id\":\"https:\\\/\\\/www.jootjeshaakcadeautjes.nl\\\/fr\\\/produit\\\/perles-en-bois-gravees-hetre-piece-de-gateau-20mm\\\/\",\"url\":\"https:\\\/\\\/www.jootjeshaakcadeautjes.nl\\\/fr\\\/produit\\\/perles-en-bois-gravees-hetre-piece-de-gateau-20mm\\\/\",\"name\":\"Perle en bois - Grav\u00e9e - Bois de h\u00eatre - A Piece of Cake \\\/ Cake - 20 mm - Jootjes Haakcadeautjes\",\"isPartOf\":{\"@id\":\"https:\\\/\\\/www.jootjeshaakcadeautjes.nl\\\/fr\\\/#website\"},\"primaryImageOfPage\":{\"@id\":\"https:\\\/\\\/www.jootjeshaakcadeautjes.nl\\\/fr\\\/produit\\\/perles-en-bois-gravees-hetre-piece-de-gateau-20mm\\\/#primaryimage\"},\"image\":{\"@id\":\"https:\\\/\\\/www.jootjeshaakcadeautjes.nl\\\/fr\\\/produit\\\/perles-en-bois-gravees-hetre-piece-de-gateau-20mm\\\/#primaryimage\"},\"thumbnailUrl\":\"https:\\\/\\\/d1dyryakdmle7o.cloudfront.net\\\/wp-content\\\/uploads\\\/2023\\\/02\\\/20230129_125054.jpg\",\"datePublished\":\"2023-02-03T13:07:28+00:00\",\"dateModified\":\"2025-08-13T10:11:10+00:00\",\"description\":\"Perles en bois grav\u00e9es avec texte A Piece of Cake \\\/ Cake 20 mm. Parfait pour le cordon de t\u00e9tine, l'anneau de dentition et d'autres cadeaux faits \u00e0 la main.\",\"breadcrumb\":{\"@id\":\"https:\\\/\\\/www.jootjeshaakcadeautjes.nl\\\/fr\\\/produit\\\/perles-en-bois-gravees-hetre-piece-de-gateau-20mm\\\/#breadcrumb\"},\"inLanguage\":\"fr-FR\",\"potentialAction\":[{\"@type\":\"ReadAction\",\"target\":[\"https:\\\/\\\/www.jootjeshaakcadeautjes.nl\\\/fr\\\/produit\\\/perles-en-bois-gravees-hetre-piece-de-gateau-20mm\\\/\"]}]},{\"@type\":\"ImageObject\",\"inLanguage\":\"fr-FR\",\"@id\":\"https:\\\/\\\/www.jootjeshaakcadeautjes.nl\\\/fr\\\/produit\\\/perles-en-bois-gravees-hetre-piece-de-gateau-20mm\\\/#primaryimage\",\"url\":\"https:\\\/\\\/d1dyryakdmle7o.cloudfront.net\\\/wp-content\\\/uploads\\\/2023\\\/02\\\/20230129_125054.jpg\",\"contentUrl\":\"https:\\\/\\\/d1dyryakdmle7o.cloudfront.net\\\/wp-content\\\/uploads\\\/2023\\\/02\\\/20230129_125054.jpg\",\"width\":2047,\"height\":2048,\"caption\":\"Anneau de dentition pour t\u00e9tine anneau de dentition anneau de cl\u00e9 ouvre-bouteille bouchon de vin\"},{\"@type\":\"BreadcrumbList\",\"@id\":\"https:\\\/\\\/www.jootjeshaakcadeautjes.nl\\\/fr\\\/produit\\\/perles-en-bois-gravees-hetre-piece-de-gateau-20mm\\\/#breadcrumb\",\"itemListElement\":[{\"@type\":\"ListItem\",\"position\":1,\"name\":\"Accueil\",\"item\":\"https:\\\/\\\/www.jootjeshaakcadeautjes.nl\\\/fr\\\/\"},{\"@type\":\"ListItem\",\"position\":2,\"name\":\"Commerce de gros de perles en silicone &#8211; Entreprises et consommateurs\",\"item\":\"https:\\\/\\\/www.jootjeshaakcadeautjes.nl\\\/fr\\\/boutique\\\/\"},{\"@type\":\"ListItem\",\"position\":3,\"name\":\"Perle en bois &#8211; Grav\u00e9e &#8211; Bois de h\u00eatre &#8211; A Piece of Cake \\\/ Cake &#8211; 20 mm\"}]},{\"@type\":\"WebSite\",\"@id\":\"https:\\\/\\\/www.jootjeshaakcadeautjes.nl\\\/fr\\\/#website\",\"url\":\"https:\\\/\\\/www.jootjeshaakcadeautjes.nl\\\/fr\\\/\",\"name\":\"Jootjes Haakcadeautjes\",\"description\":\"Grossiste en perles de silicone\",\"publisher\":{\"@id\":\"https:\\\/\\\/www.jootjeshaakcadeautjes.nl\\\/fr\\\/#organization\"},\"potentialAction\":[{\"@type\":\"SearchAction\",\"target\":{\"@type\":\"EntryPoint\",\"urlTemplate\":\"https:\\\/\\\/www.jootjeshaakcadeautjes.nl\\\/fr\\\/?s={search_term_string}\"},\"query-input\":{\"@type\":\"PropertyValueSpecification\",\"valueRequired\":true,\"valueName\":\"search_term_string\"}}],\"inLanguage\":\"fr-FR\"},{\"@type\":\"Organization\",\"@id\":\"https:\\\/\\\/www.jootjeshaakcadeautjes.nl\\\/fr\\\/#organization\",\"name\":\"Jootjes Haakcadeautjes\",\"url\":\"https:\\\/\\\/www.jootjeshaakcadeautjes.nl\\\/fr\\\/\",\"logo\":{\"@type\":\"ImageObject\",\"inLanguage\":\"fr-FR\",\"@id\":\"https:\\\/\\\/www.jootjeshaakcadeautjes.nl\\\/fr\\\/#\\\/schema\\\/logo\\\/image\\\/\",\"url\":\"https:\\\/\\\/d1dyryakdmle7o.cloudfront.net\\\/wp-content\\\/uploads\\\/2023\\\/05\\\/Logo-rond.png\",\"contentUrl\":\"https:\\\/\\\/d1dyryakdmle7o.cloudfront.net\\\/wp-content\\\/uploads\\\/2023\\\/05\\\/Logo-rond.png\",\"width\":1222,\"height\":1222,\"caption\":\"Jootjes Haakcadeautjes\"},\"image\":{\"@id\":\"https:\\\/\\\/www.jootjeshaakcadeautjes.nl\\\/fr\\\/#\\\/schema\\\/logo\\\/image\\\/\"}}]}<\/script>\n<meta property=\"product:price:amount\" content=\"1.25\" \/>\n<meta property=\"product:price:currency\" content=\"EUR\" \/>\n<meta property=\"og:availability\" content=\"instock\" \/>\n<meta property=\"product:availability\" content=\"instock\" \/>\n<meta property=\"product:retailer_item_id\" content=\"GKR-020-APCC\" \/>\n<meta property=\"product:condition\" content=\"new\" \/>\n<!-- \/ Yoast SEO Premium plugin. -->","yoast_head_json":{"title":"Perle en bois - Grav\u00e9e - Bois de h\u00eatre - A Piece of Cake \/ Cake - 20 mm - Jootjes Haakcadeautjes","description":"Perles en bois grav\u00e9es avec texte A Piece of Cake \/ Cake 20 mm. Parfait pour le cordon de t\u00e9tine, l'anneau de dentition et d'autres cadeaux faits \u00e0 la main.","robots":{"index":"index","follow":"follow","max-snippet":"max-snippet:-1","max-image-preview":"max-image-preview:large","max-video-preview":"max-video-preview:-1"},"canonical":"https:\/\/www.jootjeshaakcadeautjes.nl\/fr\/produit\/perles-en-bois-gravees-hetre-piece-de-gateau-20mm\/","og_locale":"fr_FR","og_type":"article","og_title":"Perle en bois - Grav\u00e9e - Bois de h\u00eatre - A Piece of Cake \/ Cake - 20 mm","og_description":"Perles en bois grav\u00e9es avec texte A Piece of Cake \/ Cake 20 mm. Parfait pour le cordon de t\u00e9tine, l'anneau de dentition et d'autres cadeaux faits \u00e0 la main.","og_url":"https:\/\/www.jootjeshaakcadeautjes.nl\/fr\/produit\/perles-en-bois-gravees-hetre-piece-de-gateau-20mm\/","og_site_name":"Jootjes Haakcadeautjes","article_modified_time":"2025-08-13T10:11:10+00:00","og_image":[{"width":2047,"height":2048,"url":"https:\/\/www.jootjeshaakcadeautjes.nl\/wp-content\/uploads\/2023\/02\/20230129_125054.jpg","type":"image\/jpeg"}],"twitter_card":"summary_large_image","twitter_misc":{"Prix":"&euro;1.25 TTC","Disponibilit\u00e9":"En stock"},"schema":{"@context":"https:\/\/schema.org","@graph":[{"@type":"WebPage","@id":"https:\/\/www.jootjeshaakcadeautjes.nl\/fr\/produit\/perles-en-bois-gravees-hetre-piece-de-gateau-20mm\/","url":"https:\/\/www.jootjeshaakcadeautjes.nl\/fr\/produit\/perles-en-bois-gravees-hetre-piece-de-gateau-20mm\/","name":"Perle en bois - Grav\u00e9e - Bois de h\u00eatre - A Piece of Cake \/ Cake - 20 mm - Jootjes Haakcadeautjes","isPartOf":{"@id":"https:\/\/www.jootjeshaakcadeautjes.nl\/fr\/#website"},"primaryImageOfPage":{"@id":"https:\/\/www.jootjeshaakcadeautjes.nl\/fr\/produit\/perles-en-bois-gravees-hetre-piece-de-gateau-20mm\/#primaryimage"},"image":{"@id":"https:\/\/www.jootjeshaakcadeautjes.nl\/fr\/produit\/perles-en-bois-gravees-hetre-piece-de-gateau-20mm\/#primaryimage"},"thumbnailUrl":"https:\/\/d1dyryakdmle7o.cloudfront.net\/wp-content\/uploads\/2023\/02\/20230129_125054.jpg","datePublished":"2023-02-03T13:07:28+00:00","dateModified":"2025-08-13T10:11:10+00:00","description":"Perles en bois grav\u00e9es avec texte A Piece of Cake \/ Cake 20 mm. Parfait pour le cordon de t\u00e9tine, l'anneau de dentition et d'autres cadeaux faits \u00e0 la main.","breadcrumb":{"@id":"https:\/\/www.jootjeshaakcadeautjes.nl\/fr\/produit\/perles-en-bois-gravees-hetre-piece-de-gateau-20mm\/#breadcrumb"},"inLanguage":"fr-FR","potentialAction":[{"@type":"ReadAction","target":["https:\/\/www.jootjeshaakcadeautjes.nl\/fr\/produit\/perles-en-bois-gravees-hetre-piece-de-gateau-20mm\/"]}]},{"@type":"ImageObject","inLanguage":"fr-FR","@id":"https:\/\/www.jootjeshaakcadeautjes.nl\/fr\/produit\/perles-en-bois-gravees-hetre-piece-de-gateau-20mm\/#primaryimage","url":"https:\/\/d1dyryakdmle7o.cloudfront.net\/wp-content\/uploads\/2023\/02\/20230129_125054.jpg","contentUrl":"https:\/\/d1dyryakdmle7o.cloudfront.net\/wp-content\/uploads\/2023\/02\/20230129_125054.jpg","width":2047,"height":2048,"caption":"Anneau de dentition pour t\u00e9tine anneau de dentition anneau de cl\u00e9 ouvre-bouteille bouchon de vin"},{"@type":"BreadcrumbList","@id":"https:\/\/www.jootjeshaakcadeautjes.nl\/fr\/produit\/perles-en-bois-gravees-hetre-piece-de-gateau-20mm\/#breadcrumb","itemListElement":[{"@type":"ListItem","position":1,"name":"Accueil","item":"https:\/\/www.jootjeshaakcadeautjes.nl\/fr\/"},{"@type":"ListItem","position":2,"name":"Commerce de gros de perles en silicone &#8211; Entreprises et consommateurs","item":"https:\/\/www.jootjeshaakcadeautjes.nl\/fr\/boutique\/"},{"@type":"ListItem","position":3,"name":"Perle en bois &#8211; Grav\u00e9e &#8211; Bois de h\u00eatre &#8211; A Piece of Cake \/ Cake &#8211; 20 mm"}]},{"@type":"WebSite","@id":"https:\/\/www.jootjeshaakcadeautjes.nl\/fr\/#website","url":"https:\/\/www.jootjeshaakcadeautjes.nl\/fr\/","name":"Jootjes Haakcadeautjes","description":"Grossiste en perles de silicone","publisher":{"@id":"https:\/\/www.jootjeshaakcadeautjes.nl\/fr\/#organization"},"potentialAction":[{"@type":"SearchAction","target":{"@type":"EntryPoint","urlTemplate":"https:\/\/www.jootjeshaakcadeautjes.nl\/fr\/?s={search_term_string}"},"query-input":{"@type":"PropertyValueSpecification","valueRequired":true,"valueName":"search_term_string"}}],"inLanguage":"fr-FR"},{"@type":"Organization","@id":"https:\/\/www.jootjeshaakcadeautjes.nl\/fr\/#organization","name":"Jootjes Haakcadeautjes","url":"https:\/\/www.jootjeshaakcadeautjes.nl\/fr\/","logo":{"@type":"ImageObject","inLanguage":"fr-FR","@id":"https:\/\/www.jootjeshaakcadeautjes.nl\/fr\/#\/schema\/logo\/image\/","url":"https:\/\/d1dyryakdmle7o.cloudfront.net\/wp-content\/uploads\/2023\/05\/Logo-rond.png","contentUrl":"https:\/\/d1dyryakdmle7o.cloudfront.net\/wp-content\/uploads\/2023\/05\/Logo-rond.png","width":1222,"height":1222,"caption":"Jootjes Haakcadeautjes"},"image":{"@id":"https:\/\/www.jootjeshaakcadeautjes.nl\/fr\/#\/schema\/logo\/image\/"}}]},"product_price_amount":"1.25","product_price_currency":"EUR","og_availability":"instock","product_availability":"instock","product_retailer_item_id":"GKR-020-APCC","product_condition":"new"},"_links":{"self":[{"href":"https:\/\/www.jootjeshaakcadeautjes.nl\/fr\/wp-json\/wp\/v2\/product\/132219","targetHints":{"allow":["GET"]}}],"collection":[{"href":"https:\/\/www.jootjeshaakcadeautjes.nl\/fr\/wp-json\/wp\/v2\/product"}],"about":[{"href":"https:\/\/www.jootjeshaakcadeautjes.nl\/fr\/wp-json\/wp\/v2\/types\/product"}],"version-history":[{"count":0,"href":"https:\/\/www.jootjeshaakcadeautjes.nl\/fr\/wp-json\/wp\/v2\/product\/132219\/revisions"}],"wp:featuredmedia":[{"embeddable":true,"href":"https:\/\/www.jootjeshaakcadeautjes.nl\/fr\/wp-json\/wp\/v2\/media\/86435"}],"wp:attachment":[{"href":"https:\/\/www.jootjeshaakcadeautjes.nl\/fr\/wp-json\/wp\/v2\/media?parent=132219"}],"wp:term":[{"taxonomy":"product_brand","embeddable":true,"href":"https:\/\/www.jootjeshaakcadeautjes.nl\/fr\/wp-json\/wp\/v2\/product_brand?post=132219"},{"taxonomy":"product_cat","embeddable":true,"href":"https:\/\/www.jootjeshaakcadeautjes.nl\/fr\/wp-json\/wp\/v2\/product_cat?post=132219"},{"taxonomy":"product_tag","embeddable":true,"href":"https:\/\/www.jootjeshaakcadeautjes.nl\/fr\/wp-json\/wp\/v2\/product_tag?post=132219"}],"curies":[{"name":"wp","href":"https:\/\/api.w.org\/{rel}","templated":true}]}}