{"id":132237,"date":"2023-02-02T23:03:47","date_gmt":"2023-02-02T21:03:47","guid":{"rendered":"https:\/\/www.jootjeshaakcadeautjes.nl\/product\/bell-22-mm-noir\/"},"modified":"2025-08-28T02:27:11","modified_gmt":"2025-08-28T00:27:11","slug":"bell-22-mm-noir","status":"publish","type":"product","link":"https:\/\/www.jootjeshaakcadeautjes.nl\/fr\/produit\/bell-22-mm-noir\/","title":{"rendered":"Cloche &#8211; 22 mm &#8211; Noir"},"content":{"rendered":"<h2>Sp\u00e9cifications :<\/h2>\n<ul>\n<li>Couleur : noir<\/li>\n<li>Taille : 22 mm avec crochet de fixation<\/li>\n<li>Vendu \u00e0 l&#8217;unit\u00e9<\/li>\n<\/ul>\n<h3>\u00c0 quoi servent ces bulles ?<\/h3>\n<p>Les cloches en argent sont largement utilis\u00e9es pour d\u00e9corer les amigurumi crochet\u00e9s. Ces cloches sont donc largement utilis\u00e9es dans les cr\u00e9ations de Kristel Droog. Entre autres dans son livre : &#8220;My Cuddles from Sock Wool&#8221; (Patron de Crochet Sheep Mollie et Kitten Mauw) et ses livres &#8220;My Dogs from Sock Wool&#8221; et &#8220;My Dogs from Sock Wool 2&#8221;. Les chiens au crochet sont souvent munis d&#8217;un collier auquel un grelot vient s&#8217;ajouter.<\/p>\n<p>En outre, les cloches sont de plus en plus utilis\u00e9es dans les jouets pour b\u00e9b\u00e9s fabriqu\u00e9s \u00e0 la main, tels que les cha\u00eenes et les suspensions de landau. Attention, les bulles ne sont pas destin\u00e9es \u00e0 \u00eatre aspir\u00e9es.<\/p>\n<h3>\u00c0 quoi servent ces bulles ?<\/h3>\n<p>Nous d\u00e9conseillons initialement l&#8217;utilisation de cloches dans les jouets pour b\u00e9b\u00e9s. Si vous l&#8217;utilisez quand m\u00eame, faites attention \u00e0 l&#8217;attachement. Les bulles sont petites et rondes et peuvent \u00eatre lib\u00e9r\u00e9es plus facilement. En outre, ils peuvent se d\u00e9former \u00e0 haute pression (creux \u00e0 l&#8217;int\u00e9rieur). Jootjes Haakcadeautjes n&#8217;est pas responsable des dommages caus\u00e9s par l&#8217;utilisation du produit fini. A n&#8217;utiliser que sous la stricte surveillance d&#8217;un adulte responsable.<\/p>\n<p>&nbsp;<\/p>\n","protected":false},"excerpt":{"rendered":"<p>Couleur : noir, avec crochet d&#8217;attache. Taille : 22 mm Vendu \u00e0 la pi\u00e8ce. Utilis\u00e9 entre autres pour d\u00e9corer les amigurumi et dans les jouets pour b\u00e9b\u00e9s. Lisez notre avis de non-responsabilit\u00e9 au bas de la page.<\/p>\n<p>&nbsp;<\/p>\n","protected":false},"featured_media":86549,"template":"","meta":[],"product_brand":[],"product_cat":[12927,12308],"product_tag":[10297,12377,7384,13281,12312,7401,7455,13289,13276,10223,12311,13265,7418,12657,13292,7392,10115],"class_list":{"0":"post-132237","1":"product","2":"type-product","3":"status-publish","4":"has-post-thumbnail","6":"product_cat-disques-hochets-perles-hochets-couineurs-feuilles-crepitantes-et-clochettes","7":"product_cat-materiel-de-bricolage-et-de-crochet","8":"product_tag-22-fr","9":"product_tag-amigurumi-fr","10":"product_tag-anneau-de-dentition","11":"product_tag-appel-fr","12":"product_tag-babygym-fr","13":"product_tag-bebe","14":"product_tag-chaine-de-landau","15":"product_tag-cloche","16":"product_tag-crochet-fr-5","17":"product_tag-crochet-de-wagon","18":"product_tag-crochets","19":"product_tag-decoration-fr-3","20":"product_tag-faux-cordon","21":"product_tag-jouet-de-dentition","22":"product_tag-livres-de-crochet","23":"product_tag-mm-fr","24":"product_tag-perles-de-silicone","26":"first","27":"instock","28":"taxable","29":"shipping-taxable","30":"purchasable","31":"product-type-simple"},"bundled_by":[],"bundle_stock_status":"instock","bundle_stock_quantity":31,"bundle_virtual":false,"bundle_layout":"","bundle_add_to_cart_form_location":"","bundle_editable_in_cart":false,"bundle_sold_individually_context":"","bundle_item_grouping":"","bundle_min_size":"","bundle_max_size":"","bundle_price":[],"bundled_items":[],"bundle_sell_ids":[],"yoast_head":"<!-- This site is optimized with the Yoast SEO Premium plugin v27.6 (Yoast SEO v27.6) - https:\/\/yoast.com\/product\/yoast-seo-premium-wordpress\/ -->\n<title>Cloche - 22 mm - Noir - Jootjes Haakcadeautjes<\/title>\n<meta name=\"description\" content=\"Cloche noire pour crochets, cha\u00eenes de landau, suspensions de landau, pendentifs, hochets et autres. Pour fabriquer vos propres jouets pour b\u00e9b\u00e9s.\" \/>\n<meta name=\"robots\" content=\"index, follow, max-snippet:-1, max-image-preview:large, max-video-preview:-1\" \/>\n<link rel=\"canonical\" href=\"https:\/\/www.jootjeshaakcadeautjes.nl\/fr\/produit\/bell-22-mm-noir\/\" \/>\n<meta property=\"og:locale\" content=\"fr_FR\" \/>\n<meta property=\"og:type\" content=\"article\" \/>\n<meta property=\"og:title\" content=\"Cloche - 22 mm - Noir\" \/>\n<meta property=\"og:description\" content=\"Cloche noire pour crochets, cha\u00eenes de landau, suspensions de landau, pendentifs, hochets et autres. Pour fabriquer vos propres jouets pour b\u00e9b\u00e9s.\" \/>\n<meta property=\"og:url\" content=\"https:\/\/www.jootjeshaakcadeautjes.nl\/fr\/produit\/bell-22-mm-noir\/\" \/>\n<meta property=\"og:site_name\" content=\"Jootjes Haakcadeautjes\" \/>\n<meta property=\"article:modified_time\" content=\"2025-08-28T00:27:11+00:00\" \/>\n<meta property=\"og:image\" content=\"https:\/\/www.jootjeshaakcadeautjes.nl\/wp-content\/uploads\/2023\/02\/20230129_201851.jpg\" \/>\n\t<meta property=\"og:image:width\" content=\"2048\" \/>\n\t<meta property=\"og:image:height\" content=\"2048\" \/>\n\t<meta property=\"og:image:type\" content=\"image\/jpeg\" \/>\n<meta name=\"twitter:card\" content=\"summary_large_image\" \/>\n<meta name=\"twitter:label1\" content=\"Prix\" \/>\n\t<meta name=\"twitter:data1\" content=\"&euro;0.85 TTC\" \/>\n\t<meta name=\"twitter:label2\" content=\"Disponibilit\u00e9\" \/>\n\t<meta name=\"twitter:data2\" content=\"En stock\" \/>\n<script type=\"application\/ld+json\" class=\"yoast-schema-graph\">{\"@context\":\"https:\\\/\\\/schema.org\",\"@graph\":[{\"@type\":\"WebPage\",\"@id\":\"https:\\\/\\\/www.jootjeshaakcadeautjes.nl\\\/fr\\\/produit\\\/bell-22-mm-noir\\\/\",\"url\":\"https:\\\/\\\/www.jootjeshaakcadeautjes.nl\\\/fr\\\/produit\\\/bell-22-mm-noir\\\/\",\"name\":\"Cloche - 22 mm - Noir - Jootjes Haakcadeautjes\",\"isPartOf\":{\"@id\":\"https:\\\/\\\/www.jootjeshaakcadeautjes.nl\\\/fr\\\/#website\"},\"primaryImageOfPage\":{\"@id\":\"https:\\\/\\\/www.jootjeshaakcadeautjes.nl\\\/fr\\\/produit\\\/bell-22-mm-noir\\\/#primaryimage\"},\"image\":{\"@id\":\"https:\\\/\\\/www.jootjeshaakcadeautjes.nl\\\/fr\\\/produit\\\/bell-22-mm-noir\\\/#primaryimage\"},\"thumbnailUrl\":\"https:\\\/\\\/d1dyryakdmle7o.cloudfront.net\\\/wp-content\\\/uploads\\\/2023\\\/02\\\/20230129_201851.jpg\",\"datePublished\":\"2023-02-02T21:03:47+00:00\",\"dateModified\":\"2025-08-28T00:27:11+00:00\",\"description\":\"Cloche noire pour crochets, cha\u00eenes de landau, suspensions de landau, pendentifs, hochets et autres. Pour fabriquer vos propres jouets pour b\u00e9b\u00e9s.\",\"breadcrumb\":{\"@id\":\"https:\\\/\\\/www.jootjeshaakcadeautjes.nl\\\/fr\\\/produit\\\/bell-22-mm-noir\\\/#breadcrumb\"},\"inLanguage\":\"fr-FR\",\"potentialAction\":[{\"@type\":\"ReadAction\",\"target\":[\"https:\\\/\\\/www.jootjeshaakcadeautjes.nl\\\/fr\\\/produit\\\/bell-22-mm-noir\\\/\"]}]},{\"@type\":\"ImageObject\",\"inLanguage\":\"fr-FR\",\"@id\":\"https:\\\/\\\/www.jootjeshaakcadeautjes.nl\\\/fr\\\/produit\\\/bell-22-mm-noir\\\/#primaryimage\",\"url\":\"https:\\\/\\\/d1dyryakdmle7o.cloudfront.net\\\/wp-content\\\/uploads\\\/2023\\\/02\\\/20230129_201851.jpg\",\"contentUrl\":\"https:\\\/\\\/d1dyryakdmle7o.cloudfront.net\\\/wp-content\\\/uploads\\\/2023\\\/02\\\/20230129_201851.jpg\",\"width\":2048,\"height\":2048,\"caption\":\"Cloche noir crochets pour poussette amigurumi pendentif poussette perles silicone jouets de dentition b\u00e9b\u00e9 en gros\"},{\"@type\":\"BreadcrumbList\",\"@id\":\"https:\\\/\\\/www.jootjeshaakcadeautjes.nl\\\/fr\\\/produit\\\/bell-22-mm-noir\\\/#breadcrumb\",\"itemListElement\":[{\"@type\":\"ListItem\",\"position\":1,\"name\":\"Accueil\",\"item\":\"https:\\\/\\\/www.jootjeshaakcadeautjes.nl\\\/fr\\\/\"},{\"@type\":\"ListItem\",\"position\":2,\"name\":\"Commerce de gros de perles en silicone &#8211; Entreprises et consommateurs\",\"item\":\"https:\\\/\\\/www.jootjeshaakcadeautjes.nl\\\/fr\\\/boutique\\\/\"},{\"@type\":\"ListItem\",\"position\":3,\"name\":\"Cloche &#8211; 22 mm &#8211; Noir\"}]},{\"@type\":\"WebSite\",\"@id\":\"https:\\\/\\\/www.jootjeshaakcadeautjes.nl\\\/fr\\\/#website\",\"url\":\"https:\\\/\\\/www.jootjeshaakcadeautjes.nl\\\/fr\\\/\",\"name\":\"Jootjes Haakcadeautjes\",\"description\":\"Grossiste en perles de silicone\",\"publisher\":{\"@id\":\"https:\\\/\\\/www.jootjeshaakcadeautjes.nl\\\/fr\\\/#organization\"},\"potentialAction\":[{\"@type\":\"SearchAction\",\"target\":{\"@type\":\"EntryPoint\",\"urlTemplate\":\"https:\\\/\\\/www.jootjeshaakcadeautjes.nl\\\/fr\\\/?s={search_term_string}\"},\"query-input\":{\"@type\":\"PropertyValueSpecification\",\"valueRequired\":true,\"valueName\":\"search_term_string\"}}],\"inLanguage\":\"fr-FR\"},{\"@type\":\"Organization\",\"@id\":\"https:\\\/\\\/www.jootjeshaakcadeautjes.nl\\\/fr\\\/#organization\",\"name\":\"Jootjes Haakcadeautjes\",\"url\":\"https:\\\/\\\/www.jootjeshaakcadeautjes.nl\\\/fr\\\/\",\"logo\":{\"@type\":\"ImageObject\",\"inLanguage\":\"fr-FR\",\"@id\":\"https:\\\/\\\/www.jootjeshaakcadeautjes.nl\\\/fr\\\/#\\\/schema\\\/logo\\\/image\\\/\",\"url\":\"https:\\\/\\\/d1dyryakdmle7o.cloudfront.net\\\/wp-content\\\/uploads\\\/2023\\\/05\\\/Logo-rond.png\",\"contentUrl\":\"https:\\\/\\\/d1dyryakdmle7o.cloudfront.net\\\/wp-content\\\/uploads\\\/2023\\\/05\\\/Logo-rond.png\",\"width\":1222,\"height\":1222,\"caption\":\"Jootjes Haakcadeautjes\"},\"image\":{\"@id\":\"https:\\\/\\\/www.jootjeshaakcadeautjes.nl\\\/fr\\\/#\\\/schema\\\/logo\\\/image\\\/\"}}]}<\/script>\n<meta property=\"product:price:amount\" content=\"0.85\" \/>\n<meta property=\"product:price:currency\" content=\"EUR\" \/>\n<meta property=\"og:availability\" content=\"instock\" \/>\n<meta property=\"product:availability\" content=\"instock\" \/>\n<meta property=\"product:retailer_item_id\" content=\"BEL-ZWA-022\" \/>\n<meta property=\"product:condition\" content=\"new\" \/>\n<!-- \/ Yoast SEO Premium plugin. -->","yoast_head_json":{"title":"Cloche - 22 mm - Noir - Jootjes Haakcadeautjes","description":"Cloche noire pour crochets, cha\u00eenes de landau, suspensions de landau, pendentifs, hochets et autres. Pour fabriquer vos propres jouets pour b\u00e9b\u00e9s.","robots":{"index":"index","follow":"follow","max-snippet":"max-snippet:-1","max-image-preview":"max-image-preview:large","max-video-preview":"max-video-preview:-1"},"canonical":"https:\/\/www.jootjeshaakcadeautjes.nl\/fr\/produit\/bell-22-mm-noir\/","og_locale":"fr_FR","og_type":"article","og_title":"Cloche - 22 mm - Noir","og_description":"Cloche noire pour crochets, cha\u00eenes de landau, suspensions de landau, pendentifs, hochets et autres. Pour fabriquer vos propres jouets pour b\u00e9b\u00e9s.","og_url":"https:\/\/www.jootjeshaakcadeautjes.nl\/fr\/produit\/bell-22-mm-noir\/","og_site_name":"Jootjes Haakcadeautjes","article_modified_time":"2025-08-28T00:27:11+00:00","og_image":[{"width":2048,"height":2048,"url":"https:\/\/www.jootjeshaakcadeautjes.nl\/wp-content\/uploads\/2023\/02\/20230129_201851.jpg","type":"image\/jpeg"}],"twitter_card":"summary_large_image","twitter_misc":{"Prix":"&euro;0.85 TTC","Disponibilit\u00e9":"En stock"},"schema":{"@context":"https:\/\/schema.org","@graph":[{"@type":"WebPage","@id":"https:\/\/www.jootjeshaakcadeautjes.nl\/fr\/produit\/bell-22-mm-noir\/","url":"https:\/\/www.jootjeshaakcadeautjes.nl\/fr\/produit\/bell-22-mm-noir\/","name":"Cloche - 22 mm - Noir - Jootjes Haakcadeautjes","isPartOf":{"@id":"https:\/\/www.jootjeshaakcadeautjes.nl\/fr\/#website"},"primaryImageOfPage":{"@id":"https:\/\/www.jootjeshaakcadeautjes.nl\/fr\/produit\/bell-22-mm-noir\/#primaryimage"},"image":{"@id":"https:\/\/www.jootjeshaakcadeautjes.nl\/fr\/produit\/bell-22-mm-noir\/#primaryimage"},"thumbnailUrl":"https:\/\/d1dyryakdmle7o.cloudfront.net\/wp-content\/uploads\/2023\/02\/20230129_201851.jpg","datePublished":"2023-02-02T21:03:47+00:00","dateModified":"2025-08-28T00:27:11+00:00","description":"Cloche noire pour crochets, cha\u00eenes de landau, suspensions de landau, pendentifs, hochets et autres. Pour fabriquer vos propres jouets pour b\u00e9b\u00e9s.","breadcrumb":{"@id":"https:\/\/www.jootjeshaakcadeautjes.nl\/fr\/produit\/bell-22-mm-noir\/#breadcrumb"},"inLanguage":"fr-FR","potentialAction":[{"@type":"ReadAction","target":["https:\/\/www.jootjeshaakcadeautjes.nl\/fr\/produit\/bell-22-mm-noir\/"]}]},{"@type":"ImageObject","inLanguage":"fr-FR","@id":"https:\/\/www.jootjeshaakcadeautjes.nl\/fr\/produit\/bell-22-mm-noir\/#primaryimage","url":"https:\/\/d1dyryakdmle7o.cloudfront.net\/wp-content\/uploads\/2023\/02\/20230129_201851.jpg","contentUrl":"https:\/\/d1dyryakdmle7o.cloudfront.net\/wp-content\/uploads\/2023\/02\/20230129_201851.jpg","width":2048,"height":2048,"caption":"Cloche noir crochets pour poussette amigurumi pendentif poussette perles silicone jouets de dentition b\u00e9b\u00e9 en gros"},{"@type":"BreadcrumbList","@id":"https:\/\/www.jootjeshaakcadeautjes.nl\/fr\/produit\/bell-22-mm-noir\/#breadcrumb","itemListElement":[{"@type":"ListItem","position":1,"name":"Accueil","item":"https:\/\/www.jootjeshaakcadeautjes.nl\/fr\/"},{"@type":"ListItem","position":2,"name":"Commerce de gros de perles en silicone &#8211; Entreprises et consommateurs","item":"https:\/\/www.jootjeshaakcadeautjes.nl\/fr\/boutique\/"},{"@type":"ListItem","position":3,"name":"Cloche &#8211; 22 mm &#8211; Noir"}]},{"@type":"WebSite","@id":"https:\/\/www.jootjeshaakcadeautjes.nl\/fr\/#website","url":"https:\/\/www.jootjeshaakcadeautjes.nl\/fr\/","name":"Jootjes Haakcadeautjes","description":"Grossiste en perles de silicone","publisher":{"@id":"https:\/\/www.jootjeshaakcadeautjes.nl\/fr\/#organization"},"potentialAction":[{"@type":"SearchAction","target":{"@type":"EntryPoint","urlTemplate":"https:\/\/www.jootjeshaakcadeautjes.nl\/fr\/?s={search_term_string}"},"query-input":{"@type":"PropertyValueSpecification","valueRequired":true,"valueName":"search_term_string"}}],"inLanguage":"fr-FR"},{"@type":"Organization","@id":"https:\/\/www.jootjeshaakcadeautjes.nl\/fr\/#organization","name":"Jootjes Haakcadeautjes","url":"https:\/\/www.jootjeshaakcadeautjes.nl\/fr\/","logo":{"@type":"ImageObject","inLanguage":"fr-FR","@id":"https:\/\/www.jootjeshaakcadeautjes.nl\/fr\/#\/schema\/logo\/image\/","url":"https:\/\/d1dyryakdmle7o.cloudfront.net\/wp-content\/uploads\/2023\/05\/Logo-rond.png","contentUrl":"https:\/\/d1dyryakdmle7o.cloudfront.net\/wp-content\/uploads\/2023\/05\/Logo-rond.png","width":1222,"height":1222,"caption":"Jootjes Haakcadeautjes"},"image":{"@id":"https:\/\/www.jootjeshaakcadeautjes.nl\/fr\/#\/schema\/logo\/image\/"}}]},"product_price_amount":"0.85","product_price_currency":"EUR","og_availability":"instock","product_availability":"instock","product_retailer_item_id":"BEL-ZWA-022","product_condition":"new"},"_links":{"self":[{"href":"https:\/\/www.jootjeshaakcadeautjes.nl\/fr\/wp-json\/wp\/v2\/product\/132237","targetHints":{"allow":["GET"]}}],"collection":[{"href":"https:\/\/www.jootjeshaakcadeautjes.nl\/fr\/wp-json\/wp\/v2\/product"}],"about":[{"href":"https:\/\/www.jootjeshaakcadeautjes.nl\/fr\/wp-json\/wp\/v2\/types\/product"}],"version-history":[{"count":0,"href":"https:\/\/www.jootjeshaakcadeautjes.nl\/fr\/wp-json\/wp\/v2\/product\/132237\/revisions"}],"wp:featuredmedia":[{"embeddable":true,"href":"https:\/\/www.jootjeshaakcadeautjes.nl\/fr\/wp-json\/wp\/v2\/media\/86549"}],"wp:attachment":[{"href":"https:\/\/www.jootjeshaakcadeautjes.nl\/fr\/wp-json\/wp\/v2\/media?parent=132237"}],"wp:term":[{"taxonomy":"product_brand","embeddable":true,"href":"https:\/\/www.jootjeshaakcadeautjes.nl\/fr\/wp-json\/wp\/v2\/product_brand?post=132237"},{"taxonomy":"product_cat","embeddable":true,"href":"https:\/\/www.jootjeshaakcadeautjes.nl\/fr\/wp-json\/wp\/v2\/product_cat?post=132237"},{"taxonomy":"product_tag","embeddable":true,"href":"https:\/\/www.jootjeshaakcadeautjes.nl\/fr\/wp-json\/wp\/v2\/product_tag?post=132237"}],"curies":[{"name":"wp","href":"https:\/\/api.w.org\/{rel}","templated":true}]}}