{"id":132259,"date":"2023-01-08T23:55:53","date_gmt":"2023-01-08T22:55:53","guid":{"rendered":"https:\/\/www.jootjeshaakcadeautjes.nl\/product\/silicone-play-formes-puzzle-plaque-geometrie-blocs-naturel\/"},"modified":"2025-03-11T04:22:41","modified_gmt":"2025-03-11T03:22:41","slug":"silicone-play-formes-puzzle-plaque-geometrie-blocs-naturel","status":"publish","type":"product","link":"https:\/\/www.jootjeshaakcadeautjes.nl\/fr\/produit\/silicone-play-formes-puzzle-plaque-geometrie-blocs-naturel\/","title":{"rendered":"Moules de jeu en silicone &#8211; Plaque de puzzle G\u00e9om\u00e9trie\/Blocs &#8211; Naturel"},"content":{"rendered":"<h2>Moules de jeu en silicone &#8211; Plaque de puzzle G\u00e9om\u00e9trie\/Blocs &#8211; Naturel<\/h2>\n<p>Type de couleur : naturel<br \/>\nMarque : LittleJo<\/p>\n<p>Mat\u00e9riau : Conform\u00e9ment aux normes europ\u00e9ennes (EN-71), le silicone a \u00e9t\u00e9 test\u00e9 en toute s\u00e9curit\u00e9 et est exempt \u00e0 100 % de produits chimiques nocifs, y compris de BPA. Sans BPA, sans PVC, sans latex et sans phtalates. <\/p>\n<p>Le jouet est fabriqu\u00e9 \u00e0 100 % en silicone de haute qualit\u00e9. Design : assiette en silicone avec des formes incrust\u00e9es, 4 formes libres qui correspondent aux figures g\u00e9om\u00e9triques. Taille : environ 12 x 12 cm Nettoyage : avec de l&#8217;eau savonneuse douce et de l&#8217;eau ti\u00e8de.<\/p>\n<p>Ce puzzle en silicone compos\u00e9 de 5 parties est le jouet id\u00e9al pour les tout-petits. Le mat\u00e9riau est facile \u00e0 nettoyer et peut \u00eatre mordill\u00e9 \u00e0 volont\u00e9 sans danger. En cas de pouss\u00e9e dentaire ou par temps chaud, les arcs-en-ciel peuvent \u00e9galement \u00eatre refroidis. Le silicone \u00e9tant facile \u00e0 nettoyer et r\u00e9sistant \u00e0 l&#8217;eau, ces formes g\u00e9om\u00e9triques sont \u00e9galement des jouets parfaits pour le bain, la plage ou la piscine. En outre, cet arc-en-ciel a l&#8217;air super cool comme pi\u00e8ce d&#8217;exposition dans la chambre d&#8217;enfant. En fait, les moules peuvent \u00e9galement \u00eatre remplis de sable pour s&#8217;amuser \u00e0 cr\u00e9er de belles formes dans le ch\u00e2teau de sable !<\/p>\n<p>Cette plaque de puzzle en silicone est indispensable \u00e0 l&#8217;\u00e9quipement de votre b\u00e9b\u00e9. Il convient comme figurine de dentition, comme puzzle ou pour empiler ou lancer \u00e0 volont\u00e9 et en toute s\u00e9curit\u00e9. Gr\u00e2ce \u00e0 cette planche de puzzle, votre enfant apprendra rapidement \u00e0 s&#8217;orienter dans l&#8217;espace, \u00e0 ajuster et \u00e0 mesurer, \u00e0 coordonner ses mouvements et \u00e0 d\u00e9velopper sa motricit\u00e9 globale. Ce plateau de puzzle est vraiment le premier jouet id\u00e9al pour inciter votre enfant \u00e0 apprendre en jouant et de mani\u00e8re simple.<\/p>\n<p>Avis de non-responsabilit\u00e9 : L&#8217;utilisation de jouets tels que l&#8217;arc-en-ciel empilable en silicone LittleJo doit toujours \u00eatre supervis\u00e9e par un adulte responsable. Un enfant ne doit jamais \u00eatre laiss\u00e9 seul avec des jouets, m\u00eame dans son parc ou son berceau. Nettoyez toujours l&#8217;arc-en-ciel avant la premi\u00e8re utilisation.<\/p>\n<p>En achetant ce produit, vous acceptez nos conditions g\u00e9n\u00e9rales, y compris les pr\u00e9sentes r\u00e9glementations\/d\u00e9n\u00e9gations de responsabilit\u00e9. C&#8217;est \u00e0 vous, l&#8217;utilisateur final, qu&#8217;incombe la responsabilit\u00e9 d&#8217;observer et de respecter les instructions d&#8217;utilisation que nous avons sp\u00e9cifi\u00e9es. Si vous ne respectez pas notre clause de non-responsabilit\u00e9, nous (LittleJo\/Jootjes Haakcadeautjes) ne pouvons \u00eatre tenus responsables de tout pr\u00e9judice r\u00e9sultant d&#8217;une utilisation inappropri\u00e9e de nos produits.<\/p>\n","protected":false},"excerpt":{"rendered":"<p>Type de couleur : Naturel Marque : LittleJo<\/p>\n<p>Mat\u00e9riau : Conform\u00e9ment aux normes europ\u00e9ennes (EN-71), le silicone a \u00e9t\u00e9 test\u00e9 en toute s\u00e9curit\u00e9 et est exempt \u00e0 100 % de produits chimiques nocifs, y compris de BPA. Sans BPA, sans PVC, sans latex et sans phtalates. <\/p>\n<p>Le jouet est compos\u00e9 \u00e0 100 % de ce silicone de haute qualit\u00e9. Design : plateau de puzzle avec quatre formes g\u00e9om\u00e9triques Taille : environ 12 x 12 cm Nettoyage : avec de l&#8217;eau savonneuse douce et de l&#8217;eau ti\u00e8de.<\/p>\n","protected":false},"featured_media":77376,"template":"","meta":[],"product_brand":[],"product_cat":[10172,12651],"product_tag":[10224,7384,7401,7424,10079,12608,13223,12665,13295,13313,12666,12654,12684,13305,13298,13287,9997,13278,13282,12663,12667,13173,12652,12657,13291,13320,13318,12656,13340,13310,12500,12661,13301,13272,7415,7212,12660,13307],"class_list":{"0":"post-132259","1":"product","2":"type-product","3":"status-publish","4":"has-post-thumbnail","6":"product_cat-accessoires-pour-bebes","7":"product_cat-tour-a-empiler-coupes-a-empiler-littlejo-mushie","8":"product_tag-accessoires-pour-bebes","9":"product_tag-anneau-de-dentition","10":"product_tag-bebe","11":"product_tag-bpa-fr","12":"product_tag-cadeau-de-maternite","13":"product_tag-carre","14":"product_tag-cercle","15":"product_tag-chambre-de-bebe","16":"product_tag-coordination-fr","17":"product_tag-cuir","18":"product_tag-dentition","19":"product_tag-enfant-en-bas-age","20":"product_tag-etoile","21":"product_tag-feuille-de-puzzle","22":"product_tag-formes-de-jeu","23":"product_tag-formulaires","24":"product_tag-fr-71","25":"product_tag-geometrie-fr","26":"product_tag-geometrique-fr","27":"product_tag-incontournables","28":"product_tag-jo-fr","29":"product_tag-jouer","30":"product_tag-jouet","31":"product_tag-jouet-de-dentition","32":"product_tag-lorientation","33":"product_tag-mastication","34":"product_tag-montessori-fr","35":"product_tag-morsure-fr-2","36":"product_tag-naturel-fr-2","37":"product_tag-perplexe","38":"product_tag-petit-fr","39":"product_tag-petitjo","40":"product_tag-puzzle-fr","41":"product_tag-refroidissable","42":"product_tag-sans-bpa","43":"product_tag-silicone-fr","44":"product_tag-tour-dempilage","45":"product_tag-triangle-fr","46":"product_shipping_class-envoi-de-colis-necessaire","48":"first","49":"outofstock","50":"taxable","51":"shipping-taxable","52":"purchasable","53":"product-type-simple"},"bundled_by":[],"bundle_stock_status":"outofstock","bundle_stock_quantity":0,"bundle_virtual":false,"bundle_layout":"","bundle_add_to_cart_form_location":"","bundle_editable_in_cart":false,"bundle_sold_individually_context":"","bundle_item_grouping":"","bundle_min_size":"","bundle_max_size":"","bundle_price":[],"bundled_items":[],"bundle_sell_ids":[],"yoast_head":"<!-- This site is optimized with the Yoast SEO Premium plugin v27.6 (Yoast SEO v27.6) - https:\/\/yoast.com\/product\/yoast-seo-premium-wordpress\/ -->\n<title>Formes de jeu en silicone - Plaque de puzzle Naturel - LittleJo<\/title>\n<meta name=\"description\" content=\"Plaque de puzzle en silicone de LittleJo en couleur naturelle. Le cadeau parfait pour b\u00e9b\u00e9, qui convient entre autres comme anneau de dentition et jouet, sans BPA.\" \/>\n<meta name=\"robots\" content=\"index, follow, max-snippet:-1, max-image-preview:large, max-video-preview:-1\" \/>\n<link rel=\"canonical\" href=\"https:\/\/www.jootjeshaakcadeautjes.nl\/fr\/produit\/silicone-play-formes-puzzle-plaque-geometrie-blocs-naturel\/\" \/>\n<meta property=\"og:locale\" content=\"fr_FR\" \/>\n<meta property=\"og:type\" content=\"article\" \/>\n<meta property=\"og:title\" content=\"Moules de jeu en silicone - Plaque de puzzle G\u00e9om\u00e9trie\/Blocs - Naturel\" \/>\n<meta property=\"og:description\" content=\"Plaque de puzzle en silicone de LittleJo en couleur naturelle. Le cadeau parfait pour b\u00e9b\u00e9, qui convient entre autres comme anneau de dentition et jouet, sans BPA.\" \/>\n<meta property=\"og:url\" content=\"https:\/\/www.jootjeshaakcadeautjes.nl\/fr\/produit\/silicone-play-formes-puzzle-plaque-geometrie-blocs-naturel\/\" \/>\n<meta property=\"og:site_name\" content=\"Jootjes Haakcadeautjes\" \/>\n<meta property=\"article:modified_time\" content=\"2025-03-11T03:22:41+00:00\" \/>\n<meta property=\"og:image\" content=\"https:\/\/www.jootjeshaakcadeautjes.nl\/wp-content\/uploads\/2021\/09\/20210801_173801.jpg\" \/>\n\t<meta property=\"og:image:width\" content=\"1755\" \/>\n\t<meta property=\"og:image:height\" content=\"1755\" \/>\n\t<meta property=\"og:image:type\" content=\"image\/jpeg\" \/>\n<meta name=\"twitter:card\" content=\"summary_large_image\" \/>\n<meta name=\"twitter:label1\" content=\"Prix\" \/>\n\t<meta name=\"twitter:data1\" content=\"&euro;10.25 TTC\" \/>\n\t<meta name=\"twitter:label2\" content=\"Disponibilit\u00e9\" \/>\n\t<meta name=\"twitter:data2\" content=\"Rupture de stock\" \/>\n<script type=\"application\/ld+json\" class=\"yoast-schema-graph\">{\"@context\":\"https:\\\/\\\/schema.org\",\"@graph\":[{\"@type\":\"WebPage\",\"@id\":\"https:\\\/\\\/www.jootjeshaakcadeautjes.nl\\\/fr\\\/produit\\\/silicone-play-formes-puzzle-plaque-geometrie-blocs-naturel\\\/\",\"url\":\"https:\\\/\\\/www.jootjeshaakcadeautjes.nl\\\/fr\\\/produit\\\/silicone-play-formes-puzzle-plaque-geometrie-blocs-naturel\\\/\",\"name\":\"Formes de jeu en silicone - Plaque de puzzle Naturel - LittleJo\",\"isPartOf\":{\"@id\":\"https:\\\/\\\/www.jootjeshaakcadeautjes.nl\\\/fr\\\/#website\"},\"primaryImageOfPage\":{\"@id\":\"https:\\\/\\\/www.jootjeshaakcadeautjes.nl\\\/fr\\\/produit\\\/silicone-play-formes-puzzle-plaque-geometrie-blocs-naturel\\\/#primaryimage\"},\"image\":{\"@id\":\"https:\\\/\\\/www.jootjeshaakcadeautjes.nl\\\/fr\\\/produit\\\/silicone-play-formes-puzzle-plaque-geometrie-blocs-naturel\\\/#primaryimage\"},\"thumbnailUrl\":\"https:\\\/\\\/d1dyryakdmle7o.cloudfront.net\\\/wp-content\\\/uploads\\\/2021\\\/09\\\/20210801_173801.jpg\",\"datePublished\":\"2023-01-08T22:55:53+00:00\",\"dateModified\":\"2025-03-11T03:22:41+00:00\",\"description\":\"Plaque de puzzle en silicone de LittleJo en couleur naturelle. Le cadeau parfait pour b\u00e9b\u00e9, qui convient entre autres comme anneau de dentition et jouet, sans BPA.\",\"breadcrumb\":{\"@id\":\"https:\\\/\\\/www.jootjeshaakcadeautjes.nl\\\/fr\\\/produit\\\/silicone-play-formes-puzzle-plaque-geometrie-blocs-naturel\\\/#breadcrumb\"},\"inLanguage\":\"fr-FR\",\"potentialAction\":[{\"@type\":\"ReadAction\",\"target\":[\"https:\\\/\\\/www.jootjeshaakcadeautjes.nl\\\/fr\\\/produit\\\/silicone-play-formes-puzzle-plaque-geometrie-blocs-naturel\\\/\"]}]},{\"@type\":\"ImageObject\",\"inLanguage\":\"fr-FR\",\"@id\":\"https:\\\/\\\/www.jootjeshaakcadeautjes.nl\\\/fr\\\/produit\\\/silicone-play-formes-puzzle-plaque-geometrie-blocs-naturel\\\/#primaryimage\",\"url\":\"https:\\\/\\\/d1dyryakdmle7o.cloudfront.net\\\/wp-content\\\/uploads\\\/2021\\\/09\\\/20210801_173801.jpg\",\"contentUrl\":\"https:\\\/\\\/d1dyryakdmle7o.cloudfront.net\\\/wp-content\\\/uploads\\\/2021\\\/09\\\/20210801_173801.jpg\",\"width\":1755,\"height\":1755,\"caption\":\"Les blocs de jouets en silicone s'adaptent aux formes g\u00e9om\u00e9triques pour le d\u00e9veloppement des tout-petits, en toute s\u00e9curit\u00e9.\"},{\"@type\":\"BreadcrumbList\",\"@id\":\"https:\\\/\\\/www.jootjeshaakcadeautjes.nl\\\/fr\\\/produit\\\/silicone-play-formes-puzzle-plaque-geometrie-blocs-naturel\\\/#breadcrumb\",\"itemListElement\":[{\"@type\":\"ListItem\",\"position\":1,\"name\":\"Accueil\",\"item\":\"https:\\\/\\\/www.jootjeshaakcadeautjes.nl\\\/fr\\\/\"},{\"@type\":\"ListItem\",\"position\":2,\"name\":\"Commerce de gros de perles en silicone &#8211; Entreprises et consommateurs\",\"item\":\"https:\\\/\\\/www.jootjeshaakcadeautjes.nl\\\/fr\\\/boutique\\\/\"},{\"@type\":\"ListItem\",\"position\":3,\"name\":\"Moules de jeu en silicone &#8211; Plaque de puzzle G\u00e9om\u00e9trie\\\/Blocs &#8211; Naturel\"}]},{\"@type\":\"WebSite\",\"@id\":\"https:\\\/\\\/www.jootjeshaakcadeautjes.nl\\\/fr\\\/#website\",\"url\":\"https:\\\/\\\/www.jootjeshaakcadeautjes.nl\\\/fr\\\/\",\"name\":\"Jootjes Haakcadeautjes\",\"description\":\"Grossiste en perles de silicone\",\"publisher\":{\"@id\":\"https:\\\/\\\/www.jootjeshaakcadeautjes.nl\\\/fr\\\/#organization\"},\"potentialAction\":[{\"@type\":\"SearchAction\",\"target\":{\"@type\":\"EntryPoint\",\"urlTemplate\":\"https:\\\/\\\/www.jootjeshaakcadeautjes.nl\\\/fr\\\/?s={search_term_string}\"},\"query-input\":{\"@type\":\"PropertyValueSpecification\",\"valueRequired\":true,\"valueName\":\"search_term_string\"}}],\"inLanguage\":\"fr-FR\"},{\"@type\":\"Organization\",\"@id\":\"https:\\\/\\\/www.jootjeshaakcadeautjes.nl\\\/fr\\\/#organization\",\"name\":\"Jootjes Haakcadeautjes\",\"url\":\"https:\\\/\\\/www.jootjeshaakcadeautjes.nl\\\/fr\\\/\",\"logo\":{\"@type\":\"ImageObject\",\"inLanguage\":\"fr-FR\",\"@id\":\"https:\\\/\\\/www.jootjeshaakcadeautjes.nl\\\/fr\\\/#\\\/schema\\\/logo\\\/image\\\/\",\"url\":\"https:\\\/\\\/d1dyryakdmle7o.cloudfront.net\\\/wp-content\\\/uploads\\\/2023\\\/05\\\/Logo-rond.png\",\"contentUrl\":\"https:\\\/\\\/d1dyryakdmle7o.cloudfront.net\\\/wp-content\\\/uploads\\\/2023\\\/05\\\/Logo-rond.png\",\"width\":1222,\"height\":1222,\"caption\":\"Jootjes Haakcadeautjes\"},\"image\":{\"@id\":\"https:\\\/\\\/www.jootjeshaakcadeautjes.nl\\\/fr\\\/#\\\/schema\\\/logo\\\/image\\\/\"}}]}<\/script>\n<meta property=\"product:price:amount\" content=\"10.25\" \/>\n<meta property=\"product:price:currency\" content=\"EUR\" \/>\n<meta property=\"og:availability\" content=\"out of stock\" \/>\n<meta property=\"product:availability\" content=\"out of stock\" \/>\n<meta property=\"product:retailer_item_id\" content=\"SIL-PZV-NAT\" \/>\n<meta property=\"product:condition\" content=\"new\" \/>\n<!-- \/ Yoast SEO Premium plugin. -->","yoast_head_json":{"title":"Formes de jeu en silicone - Plaque de puzzle Naturel - LittleJo","description":"Plaque de puzzle en silicone de LittleJo en couleur naturelle. Le cadeau parfait pour b\u00e9b\u00e9, qui convient entre autres comme anneau de dentition et jouet, sans BPA.","robots":{"index":"index","follow":"follow","max-snippet":"max-snippet:-1","max-image-preview":"max-image-preview:large","max-video-preview":"max-video-preview:-1"},"canonical":"https:\/\/www.jootjeshaakcadeautjes.nl\/fr\/produit\/silicone-play-formes-puzzle-plaque-geometrie-blocs-naturel\/","og_locale":"fr_FR","og_type":"article","og_title":"Moules de jeu en silicone - Plaque de puzzle G\u00e9om\u00e9trie\/Blocs - Naturel","og_description":"Plaque de puzzle en silicone de LittleJo en couleur naturelle. Le cadeau parfait pour b\u00e9b\u00e9, qui convient entre autres comme anneau de dentition et jouet, sans BPA.","og_url":"https:\/\/www.jootjeshaakcadeautjes.nl\/fr\/produit\/silicone-play-formes-puzzle-plaque-geometrie-blocs-naturel\/","og_site_name":"Jootjes Haakcadeautjes","article_modified_time":"2025-03-11T03:22:41+00:00","og_image":[{"width":1755,"height":1755,"url":"https:\/\/www.jootjeshaakcadeautjes.nl\/wp-content\/uploads\/2021\/09\/20210801_173801.jpg","type":"image\/jpeg"}],"twitter_card":"summary_large_image","twitter_misc":{"Prix":"&euro;10.25 TTC","Disponibilit\u00e9":"Rupture de stock"},"schema":{"@context":"https:\/\/schema.org","@graph":[{"@type":"WebPage","@id":"https:\/\/www.jootjeshaakcadeautjes.nl\/fr\/produit\/silicone-play-formes-puzzle-plaque-geometrie-blocs-naturel\/","url":"https:\/\/www.jootjeshaakcadeautjes.nl\/fr\/produit\/silicone-play-formes-puzzle-plaque-geometrie-blocs-naturel\/","name":"Formes de jeu en silicone - Plaque de puzzle Naturel - LittleJo","isPartOf":{"@id":"https:\/\/www.jootjeshaakcadeautjes.nl\/fr\/#website"},"primaryImageOfPage":{"@id":"https:\/\/www.jootjeshaakcadeautjes.nl\/fr\/produit\/silicone-play-formes-puzzle-plaque-geometrie-blocs-naturel\/#primaryimage"},"image":{"@id":"https:\/\/www.jootjeshaakcadeautjes.nl\/fr\/produit\/silicone-play-formes-puzzle-plaque-geometrie-blocs-naturel\/#primaryimage"},"thumbnailUrl":"https:\/\/d1dyryakdmle7o.cloudfront.net\/wp-content\/uploads\/2021\/09\/20210801_173801.jpg","datePublished":"2023-01-08T22:55:53+00:00","dateModified":"2025-03-11T03:22:41+00:00","description":"Plaque de puzzle en silicone de LittleJo en couleur naturelle. Le cadeau parfait pour b\u00e9b\u00e9, qui convient entre autres comme anneau de dentition et jouet, sans BPA.","breadcrumb":{"@id":"https:\/\/www.jootjeshaakcadeautjes.nl\/fr\/produit\/silicone-play-formes-puzzle-plaque-geometrie-blocs-naturel\/#breadcrumb"},"inLanguage":"fr-FR","potentialAction":[{"@type":"ReadAction","target":["https:\/\/www.jootjeshaakcadeautjes.nl\/fr\/produit\/silicone-play-formes-puzzle-plaque-geometrie-blocs-naturel\/"]}]},{"@type":"ImageObject","inLanguage":"fr-FR","@id":"https:\/\/www.jootjeshaakcadeautjes.nl\/fr\/produit\/silicone-play-formes-puzzle-plaque-geometrie-blocs-naturel\/#primaryimage","url":"https:\/\/d1dyryakdmle7o.cloudfront.net\/wp-content\/uploads\/2021\/09\/20210801_173801.jpg","contentUrl":"https:\/\/d1dyryakdmle7o.cloudfront.net\/wp-content\/uploads\/2021\/09\/20210801_173801.jpg","width":1755,"height":1755,"caption":"Les blocs de jouets en silicone s'adaptent aux formes g\u00e9om\u00e9triques pour le d\u00e9veloppement des tout-petits, en toute s\u00e9curit\u00e9."},{"@type":"BreadcrumbList","@id":"https:\/\/www.jootjeshaakcadeautjes.nl\/fr\/produit\/silicone-play-formes-puzzle-plaque-geometrie-blocs-naturel\/#breadcrumb","itemListElement":[{"@type":"ListItem","position":1,"name":"Accueil","item":"https:\/\/www.jootjeshaakcadeautjes.nl\/fr\/"},{"@type":"ListItem","position":2,"name":"Commerce de gros de perles en silicone &#8211; Entreprises et consommateurs","item":"https:\/\/www.jootjeshaakcadeautjes.nl\/fr\/boutique\/"},{"@type":"ListItem","position":3,"name":"Moules de jeu en silicone &#8211; Plaque de puzzle G\u00e9om\u00e9trie\/Blocs &#8211; Naturel"}]},{"@type":"WebSite","@id":"https:\/\/www.jootjeshaakcadeautjes.nl\/fr\/#website","url":"https:\/\/www.jootjeshaakcadeautjes.nl\/fr\/","name":"Jootjes Haakcadeautjes","description":"Grossiste en perles de silicone","publisher":{"@id":"https:\/\/www.jootjeshaakcadeautjes.nl\/fr\/#organization"},"potentialAction":[{"@type":"SearchAction","target":{"@type":"EntryPoint","urlTemplate":"https:\/\/www.jootjeshaakcadeautjes.nl\/fr\/?s={search_term_string}"},"query-input":{"@type":"PropertyValueSpecification","valueRequired":true,"valueName":"search_term_string"}}],"inLanguage":"fr-FR"},{"@type":"Organization","@id":"https:\/\/www.jootjeshaakcadeautjes.nl\/fr\/#organization","name":"Jootjes Haakcadeautjes","url":"https:\/\/www.jootjeshaakcadeautjes.nl\/fr\/","logo":{"@type":"ImageObject","inLanguage":"fr-FR","@id":"https:\/\/www.jootjeshaakcadeautjes.nl\/fr\/#\/schema\/logo\/image\/","url":"https:\/\/d1dyryakdmle7o.cloudfront.net\/wp-content\/uploads\/2023\/05\/Logo-rond.png","contentUrl":"https:\/\/d1dyryakdmle7o.cloudfront.net\/wp-content\/uploads\/2023\/05\/Logo-rond.png","width":1222,"height":1222,"caption":"Jootjes Haakcadeautjes"},"image":{"@id":"https:\/\/www.jootjeshaakcadeautjes.nl\/fr\/#\/schema\/logo\/image\/"}}]},"product_price_amount":"10.25","product_price_currency":"EUR","og_availability":"out of stock","product_availability":"out of stock","product_retailer_item_id":"SIL-PZV-NAT","product_condition":"new"},"_links":{"self":[{"href":"https:\/\/www.jootjeshaakcadeautjes.nl\/fr\/wp-json\/wp\/v2\/product\/132259","targetHints":{"allow":["GET"]}}],"collection":[{"href":"https:\/\/www.jootjeshaakcadeautjes.nl\/fr\/wp-json\/wp\/v2\/product"}],"about":[{"href":"https:\/\/www.jootjeshaakcadeautjes.nl\/fr\/wp-json\/wp\/v2\/types\/product"}],"version-history":[{"count":0,"href":"https:\/\/www.jootjeshaakcadeautjes.nl\/fr\/wp-json\/wp\/v2\/product\/132259\/revisions"}],"wp:featuredmedia":[{"embeddable":true,"href":"https:\/\/www.jootjeshaakcadeautjes.nl\/fr\/wp-json\/wp\/v2\/media\/77376"}],"wp:attachment":[{"href":"https:\/\/www.jootjeshaakcadeautjes.nl\/fr\/wp-json\/wp\/v2\/media?parent=132259"}],"wp:term":[{"taxonomy":"product_brand","embeddable":true,"href":"https:\/\/www.jootjeshaakcadeautjes.nl\/fr\/wp-json\/wp\/v2\/product_brand?post=132259"},{"taxonomy":"product_cat","embeddable":true,"href":"https:\/\/www.jootjeshaakcadeautjes.nl\/fr\/wp-json\/wp\/v2\/product_cat?post=132259"},{"taxonomy":"product_tag","embeddable":true,"href":"https:\/\/www.jootjeshaakcadeautjes.nl\/fr\/wp-json\/wp\/v2\/product_tag?post=132259"}],"curies":[{"name":"wp","href":"https:\/\/api.w.org\/{rel}","templated":true}]}}