{"id":132296,"date":"2022-12-27T03:02:46","date_gmt":"2022-12-27T02:02:46","guid":{"rendered":"https:\/\/www.jootjeshaakcadeautjes.nl\/product\/anneau-en-bois-grave-hetre-vous-etes-mon-soleil-55\/"},"modified":"2025-09-28T20:42:47","modified_gmt":"2025-09-28T18:42:47","slug":"anneau-en-bois-grave-hetre-vous-etes-mon-soleil-55","status":"publish","type":"product","link":"https:\/\/www.jootjeshaakcadeautjes.nl\/fr\/produit\/anneau-en-bois-grave-hetre-vous-etes-mon-soleil-55\/","title":{"rendered":"Bague en bois &#8211; Grav\u00e9e &#8211; Bois de h\u00eatre &#8211; You are my Sunshine &#8211; 5.5 cm"},"content":{"rendered":"<h1>Bague en bois &#8211; Grav\u00e9e &#8211; Bois de h\u00eatre &#8211; You are my Sunshine &#8211; 5.5 cm<\/h1>\n<ul>\n<li>Anneaux en bois de h\u00eatre de 5,5 cm.<\/li>\n<li>Grav\u00e9 avec le texte You are my Sunshine<\/li>\n<li>Parfait pour utiliser comme poign\u00e9e avec les bo\u00eetes \u00e0 musique avec la chanson You are my Sunshine<\/li>\n<li>Bois de h\u00eatre de haute qualit\u00e9, sans danger pour les b\u00e9b\u00e9s<\/li>\n<li>S\u00fbr selon EN-71 et sans formald\u00e9hyde<\/li>\n<\/ul>\n<p>Parfait pour les anneaux de dentition, les gymnases pour b\u00e9b\u00e9s, les cintres de landau et bien plus encore.<\/p>\n","protected":false},"excerpt":{"rendered":"<ul>\n<li>Anneaux en bois de h\u00eatre de 5,5 cm.<\/li>\n<li>Grav\u00e9 avec le texte You are my Sunshine<\/li>\n<li>Bo\u00eete \u00e0 musique assortie You are my Sunshine<\/li>\n<li>Bois de h\u00eatre de haute qualit\u00e9, sans danger pour les b\u00e9b\u00e9s<\/li>\n<li>S\u00fbr selon EN-71 et sans formald\u00e9hyde<\/li>\n<\/ul>\n","protected":false},"featured_media":85815,"template":"","meta":[],"product_brand":[],"product_cat":[12397,12294,6994],"product_tag":[10419,12415,12453,12298,7384,12418,10436,10426,10409,10126,10422,10434,10455,10132,10457,7197,7418,12329,10438,7402,10414,10062,10432,7200,19618,7619,10442,10447,10453,12413,7227,10452,10449,10028,10226,10468,12806],"class_list":{"0":"post-132296","1":"product","2":"type-product","3":"status-publish","4":"has-post-thumbnail","6":"product_cat-anneaux-en-bois-graves-pour-cordon-de-sucette-et-anneau-de-dentition","7":"product_cat-anneaux-en-bois-pour-le-macrame-et-le-crochet","8":"product_cat-gravure-au-laser-produits-cadeaux","9":"product_tag-a-fr-3","10":"product_tag-a-propos-de","11":"product_tag-animal-fr","12":"product_tag-anneau","13":"product_tag-anneau-de-dentition","14":"product_tag-arc-en-ciel","15":"product_tag-au-laser","16":"product_tag-biere","17":"product_tag-bois-fr","18":"product_tag-bouchon-de-vin","19":"product_tag-bouteille","20":"product_tag-bouteille-de-biere","21":"product_tag-conception","22":"product_tag-decapsuleur","23":"product_tag-decapsuleur-de-biere","24":"product_tag-en-bois","25":"product_tag-faux-cordon","26":"product_tag-feuilles","27":"product_tag-grave-fr","28":"product_tag-grave","29":"product_tag-hetre","30":"product_tag-les-fr","31":"product_tag-ouvreur","32":"product_tag-perles","33":"product_tag-personalisierte","34":"product_tag-porte-cles","35":"product_tag-presente","36":"product_tag-presente-fr","37":"product_tag-propre","38":"product_tag-quelque-part","39":"product_tag-rangee","40":"product_tag-souhait","41":"product_tag-sur-mesure-fr","42":"product_tag-taille","43":"product_tag-tireuse-a-biere","44":"product_tag-vacances","45":"product_tag-vert-fr","47":"first","48":"instock","49":"taxable","50":"shipping-taxable","51":"purchasable","52":"product-type-simple"},"bundled_by":[],"bundle_stock_status":"instock","bundle_stock_quantity":11,"bundle_virtual":false,"bundle_layout":"","bundle_add_to_cart_form_location":"","bundle_editable_in_cart":false,"bundle_sold_individually_context":"","bundle_item_grouping":"","bundle_min_size":"","bundle_max_size":"","bundle_price":[],"bundled_items":[],"bundle_sell_ids":[],"yoast_head":"<!-- This site is optimized with the Yoast SEO Premium plugin v27.6 (Yoast SEO v27.6) - https:\/\/yoast.com\/product\/yoast-seo-premium-wordpress\/ -->\n<title>Bague en bois - Grav\u00e9e - Bois de h\u00eatre - You are my Sunshine - 5.5 cm - Jootjes Haakcadeautjes<\/title>\n<meta name=\"description\" content=\"Bague en bois grav\u00e9e avec texte You are my sunshine. A utiliser pour les anneaux de dentition, les cintres de landau et bien d&#039;autres choses encore. Gravures s\u00e9curis\u00e9es pour les b\u00e9b\u00e9s.\" \/>\n<meta name=\"robots\" content=\"index, follow, max-snippet:-1, max-image-preview:large, max-video-preview:-1\" \/>\n<link rel=\"canonical\" href=\"https:\/\/www.jootjeshaakcadeautjes.nl\/fr\/produit\/anneau-en-bois-grave-hetre-vous-etes-mon-soleil-55\/\" \/>\n<meta property=\"og:locale\" content=\"fr_FR\" \/>\n<meta property=\"og:type\" content=\"article\" \/>\n<meta property=\"og:title\" content=\"Bague en bois - Grav\u00e9e - Bois de h\u00eatre - You are my Sunshine - 5.5 cm\" \/>\n<meta property=\"og:description\" content=\"Bague en bois grav\u00e9e avec texte You are my sunshine. A utiliser pour les anneaux de dentition, les cintres de landau et bien d&#039;autres choses encore. Gravures s\u00e9curis\u00e9es pour les b\u00e9b\u00e9s.\" \/>\n<meta property=\"og:url\" content=\"https:\/\/www.jootjeshaakcadeautjes.nl\/fr\/produit\/anneau-en-bois-grave-hetre-vous-etes-mon-soleil-55\/\" \/>\n<meta property=\"og:site_name\" content=\"Jootjes Haakcadeautjes\" \/>\n<meta property=\"article:modified_time\" content=\"2025-09-28T18:42:47+00:00\" \/>\n<meta property=\"og:image\" content=\"https:\/\/www.jootjeshaakcadeautjes.nl\/wp-content\/uploads\/2022\/12\/20221220_195811.jpg\" \/>\n\t<meta property=\"og:image:width\" content=\"2048\" \/>\n\t<meta property=\"og:image:height\" content=\"2048\" \/>\n\t<meta property=\"og:image:type\" content=\"image\/jpeg\" \/>\n<meta name=\"twitter:card\" content=\"summary_large_image\" \/>\n<meta name=\"twitter:label1\" content=\"Prix\" \/>\n\t<meta name=\"twitter:data1\" content=\"&euro;2.15 TTC\" \/>\n\t<meta name=\"twitter:label2\" content=\"Disponibilit\u00e9\" \/>\n\t<meta name=\"twitter:data2\" content=\"En stock\" \/>\n<script type=\"application\/ld+json\" class=\"yoast-schema-graph\">{\"@context\":\"https:\\\/\\\/schema.org\",\"@graph\":[{\"@type\":\"WebPage\",\"@id\":\"https:\\\/\\\/www.jootjeshaakcadeautjes.nl\\\/fr\\\/produit\\\/anneau-en-bois-grave-hetre-vous-etes-mon-soleil-55\\\/\",\"url\":\"https:\\\/\\\/www.jootjeshaakcadeautjes.nl\\\/fr\\\/produit\\\/anneau-en-bois-grave-hetre-vous-etes-mon-soleil-55\\\/\",\"name\":\"Bague en bois - Grav\u00e9e - Bois de h\u00eatre - You are my Sunshine - 5.5 cm - Jootjes Haakcadeautjes\",\"isPartOf\":{\"@id\":\"https:\\\/\\\/www.jootjeshaakcadeautjes.nl\\\/fr\\\/#website\"},\"primaryImageOfPage\":{\"@id\":\"https:\\\/\\\/www.jootjeshaakcadeautjes.nl\\\/fr\\\/produit\\\/anneau-en-bois-grave-hetre-vous-etes-mon-soleil-55\\\/#primaryimage\"},\"image\":{\"@id\":\"https:\\\/\\\/www.jootjeshaakcadeautjes.nl\\\/fr\\\/produit\\\/anneau-en-bois-grave-hetre-vous-etes-mon-soleil-55\\\/#primaryimage\"},\"thumbnailUrl\":\"https:\\\/\\\/d1dyryakdmle7o.cloudfront.net\\\/wp-content\\\/uploads\\\/2022\\\/12\\\/20221220_195811.jpg\",\"datePublished\":\"2022-12-27T02:02:46+00:00\",\"dateModified\":\"2025-09-28T18:42:47+00:00\",\"description\":\"Bague en bois grav\u00e9e avec texte You are my sunshine. A utiliser pour les anneaux de dentition, les cintres de landau et bien d'autres choses encore. Gravures s\u00e9curis\u00e9es pour les b\u00e9b\u00e9s.\",\"breadcrumb\":{\"@id\":\"https:\\\/\\\/www.jootjeshaakcadeautjes.nl\\\/fr\\\/produit\\\/anneau-en-bois-grave-hetre-vous-etes-mon-soleil-55\\\/#breadcrumb\"},\"inLanguage\":\"fr-FR\",\"potentialAction\":[{\"@type\":\"ReadAction\",\"target\":[\"https:\\\/\\\/www.jootjeshaakcadeautjes.nl\\\/fr\\\/produit\\\/anneau-en-bois-grave-hetre-vous-etes-mon-soleil-55\\\/\"]}]},{\"@type\":\"ImageObject\",\"inLanguage\":\"fr-FR\",\"@id\":\"https:\\\/\\\/www.jootjeshaakcadeautjes.nl\\\/fr\\\/produit\\\/anneau-en-bois-grave-hetre-vous-etes-mon-soleil-55\\\/#primaryimage\",\"url\":\"https:\\\/\\\/d1dyryakdmle7o.cloudfront.net\\\/wp-content\\\/uploads\\\/2022\\\/12\\\/20221220_195811.jpg\",\"contentUrl\":\"https:\\\/\\\/d1dyryakdmle7o.cloudfront.net\\\/wp-content\\\/uploads\\\/2022\\\/12\\\/20221220_195811.jpg\",\"width\":2048,\"height\":2048,\"caption\":\"Anneau en bois grav\u00e9 avec texte b\u00e9b\u00e9 you are my sunshine anneau de dentition t\u00e9tine cordon bo\u00eete \u00e0 musique\"},{\"@type\":\"BreadcrumbList\",\"@id\":\"https:\\\/\\\/www.jootjeshaakcadeautjes.nl\\\/fr\\\/produit\\\/anneau-en-bois-grave-hetre-vous-etes-mon-soleil-55\\\/#breadcrumb\",\"itemListElement\":[{\"@type\":\"ListItem\",\"position\":1,\"name\":\"Accueil\",\"item\":\"https:\\\/\\\/www.jootjeshaakcadeautjes.nl\\\/fr\\\/\"},{\"@type\":\"ListItem\",\"position\":2,\"name\":\"Commerce de gros de perles en silicone &#8211; Entreprises et consommateurs\",\"item\":\"https:\\\/\\\/www.jootjeshaakcadeautjes.nl\\\/fr\\\/boutique\\\/\"},{\"@type\":\"ListItem\",\"position\":3,\"name\":\"Bague en bois &#8211; Grav\u00e9e &#8211; Bois de h\u00eatre &#8211; You are my Sunshine &#8211; 5.5 cm\"}]},{\"@type\":\"WebSite\",\"@id\":\"https:\\\/\\\/www.jootjeshaakcadeautjes.nl\\\/fr\\\/#website\",\"url\":\"https:\\\/\\\/www.jootjeshaakcadeautjes.nl\\\/fr\\\/\",\"name\":\"Jootjes Haakcadeautjes\",\"description\":\"Grossiste en perles de silicone\",\"publisher\":{\"@id\":\"https:\\\/\\\/www.jootjeshaakcadeautjes.nl\\\/fr\\\/#organization\"},\"potentialAction\":[{\"@type\":\"SearchAction\",\"target\":{\"@type\":\"EntryPoint\",\"urlTemplate\":\"https:\\\/\\\/www.jootjeshaakcadeautjes.nl\\\/fr\\\/?s={search_term_string}\"},\"query-input\":{\"@type\":\"PropertyValueSpecification\",\"valueRequired\":true,\"valueName\":\"search_term_string\"}}],\"inLanguage\":\"fr-FR\"},{\"@type\":\"Organization\",\"@id\":\"https:\\\/\\\/www.jootjeshaakcadeautjes.nl\\\/fr\\\/#organization\",\"name\":\"Jootjes Haakcadeautjes\",\"url\":\"https:\\\/\\\/www.jootjeshaakcadeautjes.nl\\\/fr\\\/\",\"logo\":{\"@type\":\"ImageObject\",\"inLanguage\":\"fr-FR\",\"@id\":\"https:\\\/\\\/www.jootjeshaakcadeautjes.nl\\\/fr\\\/#\\\/schema\\\/logo\\\/image\\\/\",\"url\":\"https:\\\/\\\/d1dyryakdmle7o.cloudfront.net\\\/wp-content\\\/uploads\\\/2023\\\/05\\\/Logo-rond.png\",\"contentUrl\":\"https:\\\/\\\/d1dyryakdmle7o.cloudfront.net\\\/wp-content\\\/uploads\\\/2023\\\/05\\\/Logo-rond.png\",\"width\":1222,\"height\":1222,\"caption\":\"Jootjes Haakcadeautjes\"},\"image\":{\"@id\":\"https:\\\/\\\/www.jootjeshaakcadeautjes.nl\\\/fr\\\/#\\\/schema\\\/logo\\\/image\\\/\"}}]}<\/script>\n<meta property=\"product:price:amount\" content=\"2.15\" \/>\n<meta property=\"product:price:currency\" content=\"EUR\" \/>\n<meta property=\"og:availability\" content=\"instock\" \/>\n<meta property=\"product:availability\" content=\"instock\" \/>\n<meta property=\"product:retailer_item_id\" content=\"GRI-R55-YAS\" \/>\n<meta property=\"product:condition\" content=\"new\" \/>\n<!-- \/ Yoast SEO Premium plugin. -->","yoast_head_json":{"title":"Bague en bois - Grav\u00e9e - Bois de h\u00eatre - You are my Sunshine - 5.5 cm - Jootjes Haakcadeautjes","description":"Bague en bois grav\u00e9e avec texte You are my sunshine. A utiliser pour les anneaux de dentition, les cintres de landau et bien d'autres choses encore. Gravures s\u00e9curis\u00e9es pour les b\u00e9b\u00e9s.","robots":{"index":"index","follow":"follow","max-snippet":"max-snippet:-1","max-image-preview":"max-image-preview:large","max-video-preview":"max-video-preview:-1"},"canonical":"https:\/\/www.jootjeshaakcadeautjes.nl\/fr\/produit\/anneau-en-bois-grave-hetre-vous-etes-mon-soleil-55\/","og_locale":"fr_FR","og_type":"article","og_title":"Bague en bois - Grav\u00e9e - Bois de h\u00eatre - You are my Sunshine - 5.5 cm","og_description":"Bague en bois grav\u00e9e avec texte You are my sunshine. A utiliser pour les anneaux de dentition, les cintres de landau et bien d'autres choses encore. Gravures s\u00e9curis\u00e9es pour les b\u00e9b\u00e9s.","og_url":"https:\/\/www.jootjeshaakcadeautjes.nl\/fr\/produit\/anneau-en-bois-grave-hetre-vous-etes-mon-soleil-55\/","og_site_name":"Jootjes Haakcadeautjes","article_modified_time":"2025-09-28T18:42:47+00:00","og_image":[{"width":2048,"height":2048,"url":"https:\/\/www.jootjeshaakcadeautjes.nl\/wp-content\/uploads\/2022\/12\/20221220_195811.jpg","type":"image\/jpeg"}],"twitter_card":"summary_large_image","twitter_misc":{"Prix":"&euro;2.15 TTC","Disponibilit\u00e9":"En stock"},"schema":{"@context":"https:\/\/schema.org","@graph":[{"@type":"WebPage","@id":"https:\/\/www.jootjeshaakcadeautjes.nl\/fr\/produit\/anneau-en-bois-grave-hetre-vous-etes-mon-soleil-55\/","url":"https:\/\/www.jootjeshaakcadeautjes.nl\/fr\/produit\/anneau-en-bois-grave-hetre-vous-etes-mon-soleil-55\/","name":"Bague en bois - Grav\u00e9e - Bois de h\u00eatre - You are my Sunshine - 5.5 cm - Jootjes Haakcadeautjes","isPartOf":{"@id":"https:\/\/www.jootjeshaakcadeautjes.nl\/fr\/#website"},"primaryImageOfPage":{"@id":"https:\/\/www.jootjeshaakcadeautjes.nl\/fr\/produit\/anneau-en-bois-grave-hetre-vous-etes-mon-soleil-55\/#primaryimage"},"image":{"@id":"https:\/\/www.jootjeshaakcadeautjes.nl\/fr\/produit\/anneau-en-bois-grave-hetre-vous-etes-mon-soleil-55\/#primaryimage"},"thumbnailUrl":"https:\/\/d1dyryakdmle7o.cloudfront.net\/wp-content\/uploads\/2022\/12\/20221220_195811.jpg","datePublished":"2022-12-27T02:02:46+00:00","dateModified":"2025-09-28T18:42:47+00:00","description":"Bague en bois grav\u00e9e avec texte You are my sunshine. A utiliser pour les anneaux de dentition, les cintres de landau et bien d'autres choses encore. Gravures s\u00e9curis\u00e9es pour les b\u00e9b\u00e9s.","breadcrumb":{"@id":"https:\/\/www.jootjeshaakcadeautjes.nl\/fr\/produit\/anneau-en-bois-grave-hetre-vous-etes-mon-soleil-55\/#breadcrumb"},"inLanguage":"fr-FR","potentialAction":[{"@type":"ReadAction","target":["https:\/\/www.jootjeshaakcadeautjes.nl\/fr\/produit\/anneau-en-bois-grave-hetre-vous-etes-mon-soleil-55\/"]}]},{"@type":"ImageObject","inLanguage":"fr-FR","@id":"https:\/\/www.jootjeshaakcadeautjes.nl\/fr\/produit\/anneau-en-bois-grave-hetre-vous-etes-mon-soleil-55\/#primaryimage","url":"https:\/\/d1dyryakdmle7o.cloudfront.net\/wp-content\/uploads\/2022\/12\/20221220_195811.jpg","contentUrl":"https:\/\/d1dyryakdmle7o.cloudfront.net\/wp-content\/uploads\/2022\/12\/20221220_195811.jpg","width":2048,"height":2048,"caption":"Anneau en bois grav\u00e9 avec texte b\u00e9b\u00e9 you are my sunshine anneau de dentition t\u00e9tine cordon bo\u00eete \u00e0 musique"},{"@type":"BreadcrumbList","@id":"https:\/\/www.jootjeshaakcadeautjes.nl\/fr\/produit\/anneau-en-bois-grave-hetre-vous-etes-mon-soleil-55\/#breadcrumb","itemListElement":[{"@type":"ListItem","position":1,"name":"Accueil","item":"https:\/\/www.jootjeshaakcadeautjes.nl\/fr\/"},{"@type":"ListItem","position":2,"name":"Commerce de gros de perles en silicone &#8211; Entreprises et consommateurs","item":"https:\/\/www.jootjeshaakcadeautjes.nl\/fr\/boutique\/"},{"@type":"ListItem","position":3,"name":"Bague en bois &#8211; Grav\u00e9e &#8211; Bois de h\u00eatre &#8211; You are my Sunshine &#8211; 5.5 cm"}]},{"@type":"WebSite","@id":"https:\/\/www.jootjeshaakcadeautjes.nl\/fr\/#website","url":"https:\/\/www.jootjeshaakcadeautjes.nl\/fr\/","name":"Jootjes Haakcadeautjes","description":"Grossiste en perles de silicone","publisher":{"@id":"https:\/\/www.jootjeshaakcadeautjes.nl\/fr\/#organization"},"potentialAction":[{"@type":"SearchAction","target":{"@type":"EntryPoint","urlTemplate":"https:\/\/www.jootjeshaakcadeautjes.nl\/fr\/?s={search_term_string}"},"query-input":{"@type":"PropertyValueSpecification","valueRequired":true,"valueName":"search_term_string"}}],"inLanguage":"fr-FR"},{"@type":"Organization","@id":"https:\/\/www.jootjeshaakcadeautjes.nl\/fr\/#organization","name":"Jootjes Haakcadeautjes","url":"https:\/\/www.jootjeshaakcadeautjes.nl\/fr\/","logo":{"@type":"ImageObject","inLanguage":"fr-FR","@id":"https:\/\/www.jootjeshaakcadeautjes.nl\/fr\/#\/schema\/logo\/image\/","url":"https:\/\/d1dyryakdmle7o.cloudfront.net\/wp-content\/uploads\/2023\/05\/Logo-rond.png","contentUrl":"https:\/\/d1dyryakdmle7o.cloudfront.net\/wp-content\/uploads\/2023\/05\/Logo-rond.png","width":1222,"height":1222,"caption":"Jootjes Haakcadeautjes"},"image":{"@id":"https:\/\/www.jootjeshaakcadeautjes.nl\/fr\/#\/schema\/logo\/image\/"}}]},"product_price_amount":"2.15","product_price_currency":"EUR","og_availability":"instock","product_availability":"instock","product_retailer_item_id":"GRI-R55-YAS","product_condition":"new"},"_links":{"self":[{"href":"https:\/\/www.jootjeshaakcadeautjes.nl\/fr\/wp-json\/wp\/v2\/product\/132296","targetHints":{"allow":["GET"]}}],"collection":[{"href":"https:\/\/www.jootjeshaakcadeautjes.nl\/fr\/wp-json\/wp\/v2\/product"}],"about":[{"href":"https:\/\/www.jootjeshaakcadeautjes.nl\/fr\/wp-json\/wp\/v2\/types\/product"}],"version-history":[{"count":0,"href":"https:\/\/www.jootjeshaakcadeautjes.nl\/fr\/wp-json\/wp\/v2\/product\/132296\/revisions"}],"wp:featuredmedia":[{"embeddable":true,"href":"https:\/\/www.jootjeshaakcadeautjes.nl\/fr\/wp-json\/wp\/v2\/media\/85815"}],"wp:attachment":[{"href":"https:\/\/www.jootjeshaakcadeautjes.nl\/fr\/wp-json\/wp\/v2\/media?parent=132296"}],"wp:term":[{"taxonomy":"product_brand","embeddable":true,"href":"https:\/\/www.jootjeshaakcadeautjes.nl\/fr\/wp-json\/wp\/v2\/product_brand?post=132296"},{"taxonomy":"product_cat","embeddable":true,"href":"https:\/\/www.jootjeshaakcadeautjes.nl\/fr\/wp-json\/wp\/v2\/product_cat?post=132296"},{"taxonomy":"product_tag","embeddable":true,"href":"https:\/\/www.jootjeshaakcadeautjes.nl\/fr\/wp-json\/wp\/v2\/product_tag?post=132296"}],"curies":[{"name":"wp","href":"https:\/\/api.w.org\/{rel}","templated":true}]}}