{"id":132326,"date":"2022-12-18T20:57:31","date_gmt":"2022-12-18T19:57:31","guid":{"rendered":"https:\/\/www.jootjeshaakcadeautjes.nl\/product\/perle-en-silicone-gravee-or-mama-20mm\/"},"modified":"2026-03-19T00:59:32","modified_gmt":"2026-03-18T23:59:32","slug":"perle-en-silicone-gravee-or-mama-20mm","status":"publish","type":"product","link":"https:\/\/www.jootjeshaakcadeautjes.nl\/fr\/produit\/perle-en-silicone-gravee-or-mama-20mm\/","title":{"rendered":"Perle en silicone &#8211; Grav\u00e9e &#8211; P\u00e9pite d&#8217;or &#8211; Maman &#8211; 20mm"},"content":{"rendered":"<h1>Perle en silicone &#8211; Grav\u00e9e &#8211; P\u00e9pite d&#8217;or &#8211; Maman &#8211; 20mm<\/h1>\n<ul>\n<li>Perles en silicone sp\u00e9ciales sur mesure &#8211; 20 mm &#8211; Or<\/li>\n<li>Ces perles sont fabriqu\u00e9es \u00e0 l&#8217;aide d&#8217;une technique de fabrication unique et sp\u00e9ciale !<\/li>\n<li>Couleur or<\/li>\n<li>Grav\u00e9 avec le texte Mama, enti\u00e8rement s\u00e9curis\u00e9 pour les b\u00e9b\u00e9s !<\/li>\n<li>Trou de haut en bas<\/li>\n<li>Silicone de haute qualit\u00e9 sans danger pour les b\u00e9b\u00e9s<\/li>\n<li>S\u00fbr selon les tests chimiques EN-71 !<\/li>\n<\/ul>\n<p>Parfait pour nos bouchons de vin, porte-cl\u00e9s, d\u00e9capsuleurs, cintres et autres.<\/p>\n","protected":false},"excerpt":{"rendered":"<ul>\n<li>Perles en silicone sp\u00e9ciales sur mesure &#8211; 20 mm &#8211; Golden Nugget<\/li>\n<li>Ces perles sont fabriqu\u00e9es \u00e0 l&#8217;aide d&#8217;une technique de fabrication unique et sp\u00e9ciale !<\/li>\n<li>Notre couleur exclusive Rose Nugget<\/li>\n<li>Grav\u00e9 avec le texte Mama, enti\u00e8rement s\u00e9curis\u00e9 pour les b\u00e9b\u00e9s !<\/li>\n<li>Trou de haut en bas<\/li>\n<li>Silicone de haute qualit\u00e9 sans danger pour les b\u00e9b\u00e9s<\/li>\n<li>S\u00fbr selon les tests chimiques EN-71 !<\/li>\n<li>\n<\/li>\n<\/ul>\n","protected":false},"featured_media":85718,"template":"","meta":[],"product_brand":[],"product_cat":[7378,6994,10401,16045,14620,6992],"product_tag":[10419,10436,10409,10126,10422,10455,10132,12814,7197,10438,10414,12324,12289,10432,7200,7224,7619,10447,10442,10453,7227,7212,10452,10449,10028,10468],"class_list":{"0":"post-132326","1":"product","2":"type-product","3":"status-publish","4":"has-post-thumbnail","6":"product_cat-fabrication-de-jouets-de-dentition-pour-bebe-cordon-de-sucette-et-anneaux-de-dentition","7":"product_cat-gravure-au-laser-produits-cadeaux","8":"product_cat-perles-de-silicone-impressions-de-pepites-metalliques","9":"product_cat-perles-de-silicone-gravees-pour-cordon-de-sucette-et-anneau-de-dentition","10":"product_cat-perles-en-silicone-multicolore-avec-texte","11":"product_cat-perles-en-silicone-sans-bpa-grossiste","12":"product_tag-a-fr-3","13":"product_tag-au-laser","14":"product_tag-bois-fr","15":"product_tag-bouchon-de-vin","16":"product_tag-bouteille","17":"product_tag-conception","18":"product_tag-decapsuleur","19":"product_tag-dore","20":"product_tag-en-bois","21":"product_tag-grave-fr","22":"product_tag-hetre","23":"product_tag-lor","24":"product_tag-maman","25":"product_tag-ouvreur","26":"product_tag-perles","27":"product_tag-personnalise","28":"product_tag-porte-cles","29":"product_tag-presente-fr","30":"product_tag-presente","31":"product_tag-propre","32":"product_tag-rangee","33":"product_tag-silicone-fr","34":"product_tag-souhait","35":"product_tag-sur-mesure-fr","36":"product_tag-taille","37":"product_tag-vacances","39":"first","40":"instock","41":"taxable","42":"shipping-taxable","43":"purchasable","44":"product-type-simple"},"bundled_by":["147539"],"bundle_stock_status":"instock","bundle_stock_quantity":194,"bundle_virtual":false,"bundle_layout":"","bundle_add_to_cart_form_location":"","bundle_editable_in_cart":false,"bundle_sold_individually_context":"","bundle_item_grouping":"","bundle_min_size":"","bundle_max_size":"","bundle_price":[],"bundled_items":[],"bundle_sell_ids":[],"yoast_head":"<!-- This site is optimized with the Yoast SEO Premium plugin v27.4 (Yoast SEO v27.4) - https:\/\/yoast.com\/product\/yoast-seo-premium-wordpress\/ -->\n<title>Perle en silicone - Grav\u00e9e - P\u00e9pite d&#039;or - Maman - 20mm - Jootjes Haakcadeautjes<\/title>\n<meta name=\"description\" content=\"Perles de silicone grav\u00e9es or avec texte Mama - 20 mm . Parfait pour une f\u00eate, un anniversaire ou d&#039;autres cadeaux personnalis\u00e9s.\" \/>\n<meta name=\"robots\" content=\"index, follow, max-snippet:-1, max-image-preview:large, max-video-preview:-1\" \/>\n<link rel=\"canonical\" href=\"https:\/\/www.jootjeshaakcadeautjes.nl\/fr\/produit\/perle-en-silicone-gravee-or-mama-20mm\/\" \/>\n<meta property=\"og:locale\" content=\"fr_FR\" \/>\n<meta property=\"og:type\" content=\"article\" \/>\n<meta property=\"og:title\" content=\"Perle en silicone - Grav\u00e9e - P\u00e9pite d&#039;or - Maman - 20mm\" \/>\n<meta property=\"og:description\" content=\"Perles de silicone grav\u00e9es or avec texte Mama - 20 mm . Parfait pour une f\u00eate, un anniversaire ou d&#039;autres cadeaux personnalis\u00e9s.\" \/>\n<meta property=\"og:url\" content=\"https:\/\/www.jootjeshaakcadeautjes.nl\/fr\/produit\/perle-en-silicone-gravee-or-mama-20mm\/\" \/>\n<meta property=\"og:site_name\" content=\"Jootjes Haakcadeautjes\" \/>\n<meta property=\"article:modified_time\" content=\"2026-03-18T23:59:32+00:00\" \/>\n<meta property=\"og:image\" content=\"https:\/\/www.jootjeshaakcadeautjes.nl\/wp-content\/uploads\/2022\/12\/20221206_220146.jpg\" \/>\n\t<meta property=\"og:image:width\" content=\"2048\" \/>\n\t<meta property=\"og:image:height\" content=\"2048\" \/>\n\t<meta property=\"og:image:type\" content=\"image\/jpeg\" \/>\n<meta name=\"twitter:card\" content=\"summary_large_image\" \/>\n<meta name=\"twitter:label1\" content=\"Prix\" \/>\n\t<meta name=\"twitter:data1\" content=\"&euro;1.25 TTC\" \/>\n\t<meta name=\"twitter:label2\" content=\"Disponibilit\u00e9\" \/>\n\t<meta name=\"twitter:data2\" content=\"En stock\" \/>\n<script type=\"application\/ld+json\" class=\"yoast-schema-graph\">{\"@context\":\"https:\\\/\\\/schema.org\",\"@graph\":[{\"@type\":\"WebPage\",\"@id\":\"https:\\\/\\\/www.jootjeshaakcadeautjes.nl\\\/fr\\\/produit\\\/perle-en-silicone-gravee-or-mama-20mm\\\/\",\"url\":\"https:\\\/\\\/www.jootjeshaakcadeautjes.nl\\\/fr\\\/produit\\\/perle-en-silicone-gravee-or-mama-20mm\\\/\",\"name\":\"Perle en silicone - Grav\u00e9e - P\u00e9pite d'or - Maman - 20mm - Jootjes Haakcadeautjes\",\"isPartOf\":{\"@id\":\"https:\\\/\\\/www.jootjeshaakcadeautjes.nl\\\/fr\\\/#website\"},\"primaryImageOfPage\":{\"@id\":\"https:\\\/\\\/www.jootjeshaakcadeautjes.nl\\\/fr\\\/produit\\\/perle-en-silicone-gravee-or-mama-20mm\\\/#primaryimage\"},\"image\":{\"@id\":\"https:\\\/\\\/www.jootjeshaakcadeautjes.nl\\\/fr\\\/produit\\\/perle-en-silicone-gravee-or-mama-20mm\\\/#primaryimage\"},\"thumbnailUrl\":\"https:\\\/\\\/d1dyryakdmle7o.cloudfront.net\\\/wp-content\\\/uploads\\\/2022\\\/12\\\/20221206_220146.jpg\",\"datePublished\":\"2022-12-18T19:57:31+00:00\",\"dateModified\":\"2026-03-18T23:59:32+00:00\",\"description\":\"Perles de silicone grav\u00e9es or avec texte Mama - 20 mm . Parfait pour une f\u00eate, un anniversaire ou d'autres cadeaux personnalis\u00e9s.\",\"breadcrumb\":{\"@id\":\"https:\\\/\\\/www.jootjeshaakcadeautjes.nl\\\/fr\\\/produit\\\/perle-en-silicone-gravee-or-mama-20mm\\\/#breadcrumb\"},\"inLanguage\":\"fr-FR\",\"potentialAction\":[{\"@type\":\"ReadAction\",\"target\":[\"https:\\\/\\\/www.jootjeshaakcadeautjes.nl\\\/fr\\\/produit\\\/perle-en-silicone-gravee-or-mama-20mm\\\/\"]}]},{\"@type\":\"ImageObject\",\"inLanguage\":\"fr-FR\",\"@id\":\"https:\\\/\\\/www.jootjeshaakcadeautjes.nl\\\/fr\\\/produit\\\/perle-en-silicone-gravee-or-mama-20mm\\\/#primaryimage\",\"url\":\"https:\\\/\\\/d1dyryakdmle7o.cloudfront.net\\\/wp-content\\\/uploads\\\/2022\\\/12\\\/20221206_220146.jpg\",\"contentUrl\":\"https:\\\/\\\/d1dyryakdmle7o.cloudfront.net\\\/wp-content\\\/uploads\\\/2022\\\/12\\\/20221206_220146.jpg\",\"width\":2048,\"height\":2048},{\"@type\":\"BreadcrumbList\",\"@id\":\"https:\\\/\\\/www.jootjeshaakcadeautjes.nl\\\/fr\\\/produit\\\/perle-en-silicone-gravee-or-mama-20mm\\\/#breadcrumb\",\"itemListElement\":[{\"@type\":\"ListItem\",\"position\":1,\"name\":\"Accueil\",\"item\":\"https:\\\/\\\/www.jootjeshaakcadeautjes.nl\\\/fr\\\/\"},{\"@type\":\"ListItem\",\"position\":2,\"name\":\"Commerce de gros de perles en silicone &#8211; Entreprises et consommateurs\",\"item\":\"https:\\\/\\\/www.jootjeshaakcadeautjes.nl\\\/fr\\\/boutique\\\/\"},{\"@type\":\"ListItem\",\"position\":3,\"name\":\"Perle en silicone &#8211; Grav\u00e9e &#8211; P\u00e9pite d&#8217;or &#8211; Maman &#8211; 20mm\"}]},{\"@type\":\"WebSite\",\"@id\":\"https:\\\/\\\/www.jootjeshaakcadeautjes.nl\\\/fr\\\/#website\",\"url\":\"https:\\\/\\\/www.jootjeshaakcadeautjes.nl\\\/fr\\\/\",\"name\":\"Jootjes Haakcadeautjes\",\"description\":\"Grossiste en perles de silicone\",\"publisher\":{\"@id\":\"https:\\\/\\\/www.jootjeshaakcadeautjes.nl\\\/fr\\\/#organization\"},\"potentialAction\":[{\"@type\":\"SearchAction\",\"target\":{\"@type\":\"EntryPoint\",\"urlTemplate\":\"https:\\\/\\\/www.jootjeshaakcadeautjes.nl\\\/fr\\\/?s={search_term_string}\"},\"query-input\":{\"@type\":\"PropertyValueSpecification\",\"valueRequired\":true,\"valueName\":\"search_term_string\"}}],\"inLanguage\":\"fr-FR\"},{\"@type\":\"Organization\",\"@id\":\"https:\\\/\\\/www.jootjeshaakcadeautjes.nl\\\/fr\\\/#organization\",\"name\":\"Jootjes Haakcadeautjes\",\"url\":\"https:\\\/\\\/www.jootjeshaakcadeautjes.nl\\\/fr\\\/\",\"logo\":{\"@type\":\"ImageObject\",\"inLanguage\":\"fr-FR\",\"@id\":\"https:\\\/\\\/www.jootjeshaakcadeautjes.nl\\\/fr\\\/#\\\/schema\\\/logo\\\/image\\\/\",\"url\":\"https:\\\/\\\/jootjes-haakcadeautjes-media.s3.amazonaws.com\\\/wp-content\\\/uploads\\\/2023\\\/05\\\/Logo-rond.png\",\"contentUrl\":\"https:\\\/\\\/jootjes-haakcadeautjes-media.s3.amazonaws.com\\\/wp-content\\\/uploads\\\/2023\\\/05\\\/Logo-rond.png\",\"width\":1222,\"height\":1222,\"caption\":\"Jootjes Haakcadeautjes\"},\"image\":{\"@id\":\"https:\\\/\\\/www.jootjeshaakcadeautjes.nl\\\/fr\\\/#\\\/schema\\\/logo\\\/image\\\/\"}}]}<\/script>\n<meta property=\"product:price:amount\" content=\"1.25\" \/>\n<meta property=\"product:price:currency\" content=\"EUR\" \/>\n<meta property=\"og:availability\" content=\"instock\" \/>\n<meta property=\"product:availability\" content=\"instock\" \/>\n<meta property=\"product:retailer_item_id\" content=\"GKRS-020-MAMG\" \/>\n<meta property=\"product:condition\" content=\"new\" \/>\n<!-- \/ Yoast SEO Premium plugin. -->","yoast_head_json":{"title":"Perle en silicone - Grav\u00e9e - P\u00e9pite d'or - Maman - 20mm - Jootjes Haakcadeautjes","description":"Perles de silicone grav\u00e9es or avec texte Mama - 20 mm . Parfait pour une f\u00eate, un anniversaire ou d'autres cadeaux personnalis\u00e9s.","robots":{"index":"index","follow":"follow","max-snippet":"max-snippet:-1","max-image-preview":"max-image-preview:large","max-video-preview":"max-video-preview:-1"},"canonical":"https:\/\/www.jootjeshaakcadeautjes.nl\/fr\/produit\/perle-en-silicone-gravee-or-mama-20mm\/","og_locale":"fr_FR","og_type":"article","og_title":"Perle en silicone - Grav\u00e9e - P\u00e9pite d'or - Maman - 20mm","og_description":"Perles de silicone grav\u00e9es or avec texte Mama - 20 mm . Parfait pour une f\u00eate, un anniversaire ou d'autres cadeaux personnalis\u00e9s.","og_url":"https:\/\/www.jootjeshaakcadeautjes.nl\/fr\/produit\/perle-en-silicone-gravee-or-mama-20mm\/","og_site_name":"Jootjes Haakcadeautjes","article_modified_time":"2026-03-18T23:59:32+00:00","og_image":[{"width":2048,"height":2048,"url":"https:\/\/www.jootjeshaakcadeautjes.nl\/wp-content\/uploads\/2022\/12\/20221206_220146.jpg","type":"image\/jpeg"}],"twitter_card":"summary_large_image","twitter_misc":{"Prix":"&euro;1.25 TTC","Disponibilit\u00e9":"En stock"},"schema":{"@context":"https:\/\/schema.org","@graph":[{"@type":"WebPage","@id":"https:\/\/www.jootjeshaakcadeautjes.nl\/fr\/produit\/perle-en-silicone-gravee-or-mama-20mm\/","url":"https:\/\/www.jootjeshaakcadeautjes.nl\/fr\/produit\/perle-en-silicone-gravee-or-mama-20mm\/","name":"Perle en silicone - Grav\u00e9e - P\u00e9pite d'or - Maman - 20mm - Jootjes Haakcadeautjes","isPartOf":{"@id":"https:\/\/www.jootjeshaakcadeautjes.nl\/fr\/#website"},"primaryImageOfPage":{"@id":"https:\/\/www.jootjeshaakcadeautjes.nl\/fr\/produit\/perle-en-silicone-gravee-or-mama-20mm\/#primaryimage"},"image":{"@id":"https:\/\/www.jootjeshaakcadeautjes.nl\/fr\/produit\/perle-en-silicone-gravee-or-mama-20mm\/#primaryimage"},"thumbnailUrl":"https:\/\/d1dyryakdmle7o.cloudfront.net\/wp-content\/uploads\/2022\/12\/20221206_220146.jpg","datePublished":"2022-12-18T19:57:31+00:00","dateModified":"2026-03-18T23:59:32+00:00","description":"Perles de silicone grav\u00e9es or avec texte Mama - 20 mm . Parfait pour une f\u00eate, un anniversaire ou d'autres cadeaux personnalis\u00e9s.","breadcrumb":{"@id":"https:\/\/www.jootjeshaakcadeautjes.nl\/fr\/produit\/perle-en-silicone-gravee-or-mama-20mm\/#breadcrumb"},"inLanguage":"fr-FR","potentialAction":[{"@type":"ReadAction","target":["https:\/\/www.jootjeshaakcadeautjes.nl\/fr\/produit\/perle-en-silicone-gravee-or-mama-20mm\/"]}]},{"@type":"ImageObject","inLanguage":"fr-FR","@id":"https:\/\/www.jootjeshaakcadeautjes.nl\/fr\/produit\/perle-en-silicone-gravee-or-mama-20mm\/#primaryimage","url":"https:\/\/d1dyryakdmle7o.cloudfront.net\/wp-content\/uploads\/2022\/12\/20221206_220146.jpg","contentUrl":"https:\/\/d1dyryakdmle7o.cloudfront.net\/wp-content\/uploads\/2022\/12\/20221206_220146.jpg","width":2048,"height":2048},{"@type":"BreadcrumbList","@id":"https:\/\/www.jootjeshaakcadeautjes.nl\/fr\/produit\/perle-en-silicone-gravee-or-mama-20mm\/#breadcrumb","itemListElement":[{"@type":"ListItem","position":1,"name":"Accueil","item":"https:\/\/www.jootjeshaakcadeautjes.nl\/fr\/"},{"@type":"ListItem","position":2,"name":"Commerce de gros de perles en silicone &#8211; Entreprises et consommateurs","item":"https:\/\/www.jootjeshaakcadeautjes.nl\/fr\/boutique\/"},{"@type":"ListItem","position":3,"name":"Perle en silicone &#8211; Grav\u00e9e &#8211; P\u00e9pite d&#8217;or &#8211; Maman &#8211; 20mm"}]},{"@type":"WebSite","@id":"https:\/\/www.jootjeshaakcadeautjes.nl\/fr\/#website","url":"https:\/\/www.jootjeshaakcadeautjes.nl\/fr\/","name":"Jootjes Haakcadeautjes","description":"Grossiste en perles de silicone","publisher":{"@id":"https:\/\/www.jootjeshaakcadeautjes.nl\/fr\/#organization"},"potentialAction":[{"@type":"SearchAction","target":{"@type":"EntryPoint","urlTemplate":"https:\/\/www.jootjeshaakcadeautjes.nl\/fr\/?s={search_term_string}"},"query-input":{"@type":"PropertyValueSpecification","valueRequired":true,"valueName":"search_term_string"}}],"inLanguage":"fr-FR"},{"@type":"Organization","@id":"https:\/\/www.jootjeshaakcadeautjes.nl\/fr\/#organization","name":"Jootjes Haakcadeautjes","url":"https:\/\/www.jootjeshaakcadeautjes.nl\/fr\/","logo":{"@type":"ImageObject","inLanguage":"fr-FR","@id":"https:\/\/www.jootjeshaakcadeautjes.nl\/fr\/#\/schema\/logo\/image\/","url":"https:\/\/jootjes-haakcadeautjes-media.s3.amazonaws.com\/wp-content\/uploads\/2023\/05\/Logo-rond.png","contentUrl":"https:\/\/jootjes-haakcadeautjes-media.s3.amazonaws.com\/wp-content\/uploads\/2023\/05\/Logo-rond.png","width":1222,"height":1222,"caption":"Jootjes Haakcadeautjes"},"image":{"@id":"https:\/\/www.jootjeshaakcadeautjes.nl\/fr\/#\/schema\/logo\/image\/"}}]},"product_price_amount":"1.25","product_price_currency":"EUR","og_availability":"instock","product_availability":"instock","product_retailer_item_id":"GKRS-020-MAMG","product_condition":"new"},"_links":{"self":[{"href":"https:\/\/www.jootjeshaakcadeautjes.nl\/fr\/wp-json\/wp\/v2\/product\/132326","targetHints":{"allow":["GET"]}}],"collection":[{"href":"https:\/\/www.jootjeshaakcadeautjes.nl\/fr\/wp-json\/wp\/v2\/product"}],"about":[{"href":"https:\/\/www.jootjeshaakcadeautjes.nl\/fr\/wp-json\/wp\/v2\/types\/product"}],"version-history":[{"count":0,"href":"https:\/\/www.jootjeshaakcadeautjes.nl\/fr\/wp-json\/wp\/v2\/product\/132326\/revisions"}],"wp:featuredmedia":[{"embeddable":true,"href":"https:\/\/www.jootjeshaakcadeautjes.nl\/fr\/wp-json\/wp\/v2\/media\/85718"}],"wp:attachment":[{"href":"https:\/\/www.jootjeshaakcadeautjes.nl\/fr\/wp-json\/wp\/v2\/media?parent=132326"}],"wp:term":[{"taxonomy":"product_brand","embeddable":true,"href":"https:\/\/www.jootjeshaakcadeautjes.nl\/fr\/wp-json\/wp\/v2\/product_brand?post=132326"},{"taxonomy":"product_cat","embeddable":true,"href":"https:\/\/www.jootjeshaakcadeautjes.nl\/fr\/wp-json\/wp\/v2\/product_cat?post=132326"},{"taxonomy":"product_tag","embeddable":true,"href":"https:\/\/www.jootjeshaakcadeautjes.nl\/fr\/wp-json\/wp\/v2\/product_tag?post=132326"}],"curies":[{"name":"wp","href":"https:\/\/api.w.org\/{rel}","templated":true}]}}