{"id":132328,"date":"2022-12-21T18:34:11","date_gmt":"2022-12-21T16:34:11","guid":{"rendered":"https:\/\/www.jootjeshaakcadeautjes.nl\/product\/couteau-a-fromage-pret-pour-le-plateau-de-fromage\/"},"modified":"2025-03-11T17:28:03","modified_gmt":"2025-03-11T16:28:03","slug":"couteau-a-fromage-pret-pour-le-plateau-de-fromage","status":"publish","type":"product","link":"https:\/\/www.jootjeshaakcadeautjes.nl\/fr\/produit\/couteau-a-fromage-pret-pour-le-plateau-de-fromage\/","title":{"rendered":"Couteau \u00e0 fromage pour plateau de fromage &#8211; Rowable"},"content":{"rendered":"<h2>Couteau \u00e0 fromage pour plateau de fromage &#8211; Rowable &#8211; Perles en silicone, Perles en bois et plus<\/h2>\n<p>Ce couteau \u00e0 fromage fait un tr\u00e8s beau cadeau personnalis\u00e9 et se marie parfaitement avec un plateau de fromage personnalis\u00e9 ou habill\u00e9. Vous pouvez \u00eatre tr\u00e8s vari\u00e9, des perles en silicone aux perles en bois en passant par les perles grav\u00e9es avec un message sp\u00e9cial. Fabriqu\u00e9 en acier inoxydable de haute qualit\u00e9, ce couteau \u00e0 fromage ne se d\u00e9forme pas. Ces couteaux \u00e0 fromage sont durables, r\u00e9sistants et adaptables \u00e0 l&#8217;occasion ! Un cadeau id\u00e9al pour les papas, les mamans, les grands-p\u00e8res et les grands-m\u00e8res, mais aussi pour les coll\u00e8gues, No\u00ebl, les vacances et bien d&#8217;autres choses encore !<\/p>\n","protected":false},"excerpt":{"rendered":"<p>Type : Couteau \u00e0 fromage, argent<br \/>\nToutes les perles s&#8217;adaptent \u00e0 ce d\u00e9capsuleur (sauf les perles lettres en acrylique).<\/p>\n","protected":false},"featured_media":85857,"template":"","meta":[],"product_brand":[],"product_cat":[7190,18101,7195],"product_tag":[13150,10436,13401,13147,13148,13151,10438,10432,13389,7395,7200,12345,7230,13149,13145,12862,13399,7212,10028],"class_list":{"0":"post-132328","1":"product","2":"type-product","3":"status-publish","4":"has-post-thumbnail","6":"product_cat-couverts-reglables-pelle-a-gateau-couteau-coupe-pizza-couteau-a-fromage","7":"product_cat-perles-et-articles-de-bricolage-noel","8":"product_cat-produits-basteable-tous-les-produits-basteable","9":"product_tag-a-fr-4","10":"product_tag-au-laser","11":"product_tag-couteau-a-fromage","12":"product_tag-couverts","13":"product_tag-drive-through-fr","14":"product_tag-fait","15":"product_tag-grave-fr","16":"product_tag-ouvreur","17":"product_tag-patisserie","18":"product_tag-perle","19":"product_tag-perles","20":"product_tag-perles-en-bois","21":"product_tag-personnalisation","22":"product_tag-personnel","23":"product_tag-present-fr-2","24":"product_tag-present-fr","25":"product_tag-serveur-de-gateaux","26":"product_tag-silicone-fr","27":"product_tag-taille","29":"first","30":"instock","31":"taxable","32":"shipping-taxable","33":"purchasable","34":"product-type-simple"},"bundled_by":[],"bundle_stock_status":"instock","bundle_stock_quantity":119,"bundle_virtual":false,"bundle_layout":"","bundle_add_to_cart_form_location":"","bundle_editable_in_cart":false,"bundle_sold_individually_context":"","bundle_item_grouping":"","bundle_min_size":"","bundle_max_size":"","bundle_price":[],"bundled_items":[],"bundle_sell_ids":[],"yoast_head":"<!-- This site is optimized with the Yoast SEO Premium plugin v27.6 (Yoast SEO v27.6) - https:\/\/yoast.com\/product\/yoast-seo-premium-wordpress\/ -->\n<title>Couteau \u00e0 fromage pour plateau de fromage - Rowable - Jootjes Haakcadeautjes<\/title>\n<meta name=\"description\" content=\"Couteau \u00e0 fromage \u00e0 ranger pour d\u00e9corer avec des perles en silicone et en bois. Le cadeau du jour ! Un cadeau personnalis\u00e9 sur mesure !\" \/>\n<meta name=\"robots\" content=\"index, follow, max-snippet:-1, max-image-preview:large, max-video-preview:-1\" \/>\n<link rel=\"canonical\" href=\"https:\/\/www.jootjeshaakcadeautjes.nl\/fr\/produit\/couteau-a-fromage-pret-pour-le-plateau-de-fromage\/\" \/>\n<meta property=\"og:locale\" content=\"fr_FR\" \/>\n<meta property=\"og:type\" content=\"article\" \/>\n<meta property=\"og:title\" content=\"Couteau \u00e0 fromage pour plateau de fromage - Rowable\" \/>\n<meta property=\"og:description\" content=\"Couteau \u00e0 fromage \u00e0 ranger pour d\u00e9corer avec des perles en silicone et en bois. Le cadeau du jour ! Un cadeau personnalis\u00e9 sur mesure !\" \/>\n<meta property=\"og:url\" content=\"https:\/\/www.jootjeshaakcadeautjes.nl\/fr\/produit\/couteau-a-fromage-pret-pour-le-plateau-de-fromage\/\" \/>\n<meta property=\"og:site_name\" content=\"Jootjes Haakcadeautjes\" \/>\n<meta property=\"article:modified_time\" content=\"2025-03-11T16:28:03+00:00\" \/>\n<meta property=\"og:image\" content=\"https:\/\/www.jootjeshaakcadeautjes.nl\/wp-content\/uploads\/2022\/12\/20221220_200343.jpg\" \/>\n\t<meta property=\"og:image:width\" content=\"2048\" \/>\n\t<meta property=\"og:image:height\" content=\"2048\" \/>\n\t<meta property=\"og:image:type\" content=\"image\/jpeg\" \/>\n<meta name=\"twitter:card\" content=\"summary_large_image\" \/>\n<meta name=\"twitter:label1\" content=\"Prix\" \/>\n\t<meta name=\"twitter:data1\" content=\"&euro;2.95 TTC\" \/>\n\t<meta name=\"twitter:label2\" content=\"Disponibilit\u00e9\" \/>\n\t<meta name=\"twitter:data2\" content=\"En stock\" \/>\n<script type=\"application\/ld+json\" class=\"yoast-schema-graph\">{\"@context\":\"https:\\\/\\\/schema.org\",\"@graph\":[{\"@type\":\"WebPage\",\"@id\":\"https:\\\/\\\/www.jootjeshaakcadeautjes.nl\\\/fr\\\/produit\\\/couteau-a-fromage-pret-pour-le-plateau-de-fromage\\\/\",\"url\":\"https:\\\/\\\/www.jootjeshaakcadeautjes.nl\\\/fr\\\/produit\\\/couteau-a-fromage-pret-pour-le-plateau-de-fromage\\\/\",\"name\":\"Couteau \u00e0 fromage pour plateau de fromage - Rowable - Jootjes Haakcadeautjes\",\"isPartOf\":{\"@id\":\"https:\\\/\\\/www.jootjeshaakcadeautjes.nl\\\/fr\\\/#website\"},\"primaryImageOfPage\":{\"@id\":\"https:\\\/\\\/www.jootjeshaakcadeautjes.nl\\\/fr\\\/produit\\\/couteau-a-fromage-pret-pour-le-plateau-de-fromage\\\/#primaryimage\"},\"image\":{\"@id\":\"https:\\\/\\\/www.jootjeshaakcadeautjes.nl\\\/fr\\\/produit\\\/couteau-a-fromage-pret-pour-le-plateau-de-fromage\\\/#primaryimage\"},\"thumbnailUrl\":\"https:\\\/\\\/d1dyryakdmle7o.cloudfront.net\\\/wp-content\\\/uploads\\\/2022\\\/12\\\/20221220_200343.jpg\",\"datePublished\":\"2022-12-21T16:34:11+00:00\",\"dateModified\":\"2025-03-11T16:28:03+00:00\",\"description\":\"Couteau \u00e0 fromage \u00e0 ranger pour d\u00e9corer avec des perles en silicone et en bois. Le cadeau du jour ! Un cadeau personnalis\u00e9 sur mesure !\",\"breadcrumb\":{\"@id\":\"https:\\\/\\\/www.jootjeshaakcadeautjes.nl\\\/fr\\\/produit\\\/couteau-a-fromage-pret-pour-le-plateau-de-fromage\\\/#breadcrumb\"},\"inLanguage\":\"fr-FR\",\"potentialAction\":[{\"@type\":\"ReadAction\",\"target\":[\"https:\\\/\\\/www.jootjeshaakcadeautjes.nl\\\/fr\\\/produit\\\/couteau-a-fromage-pret-pour-le-plateau-de-fromage\\\/\"]}]},{\"@type\":\"ImageObject\",\"inLanguage\":\"fr-FR\",\"@id\":\"https:\\\/\\\/www.jootjeshaakcadeautjes.nl\\\/fr\\\/produit\\\/couteau-a-fromage-pret-pour-le-plateau-de-fromage\\\/#primaryimage\",\"url\":\"https:\\\/\\\/d1dyryakdmle7o.cloudfront.net\\\/wp-content\\\/uploads\\\/2022\\\/12\\\/20221220_200343.jpg\",\"contentUrl\":\"https:\\\/\\\/d1dyryakdmle7o.cloudfront.net\\\/wp-content\\\/uploads\\\/2022\\\/12\\\/20221220_200343.jpg\",\"width\":2048,\"height\":2048,\"caption\":\"Couteau \u00e0 fromage enfilable perles en silicone enfilables perles grav\u00e9es en gros sans bpa\"},{\"@type\":\"BreadcrumbList\",\"@id\":\"https:\\\/\\\/www.jootjeshaakcadeautjes.nl\\\/fr\\\/produit\\\/couteau-a-fromage-pret-pour-le-plateau-de-fromage\\\/#breadcrumb\",\"itemListElement\":[{\"@type\":\"ListItem\",\"position\":1,\"name\":\"Accueil\",\"item\":\"https:\\\/\\\/www.jootjeshaakcadeautjes.nl\\\/fr\\\/\"},{\"@type\":\"ListItem\",\"position\":2,\"name\":\"Commerce de gros de perles en silicone &#8211; Entreprises et consommateurs\",\"item\":\"https:\\\/\\\/www.jootjeshaakcadeautjes.nl\\\/fr\\\/boutique\\\/\"},{\"@type\":\"ListItem\",\"position\":3,\"name\":\"Couteau \u00e0 fromage pour plateau de fromage &#8211; Rowable\"}]},{\"@type\":\"WebSite\",\"@id\":\"https:\\\/\\\/www.jootjeshaakcadeautjes.nl\\\/fr\\\/#website\",\"url\":\"https:\\\/\\\/www.jootjeshaakcadeautjes.nl\\\/fr\\\/\",\"name\":\"Jootjes Haakcadeautjes\",\"description\":\"Grossiste en perles de silicone\",\"publisher\":{\"@id\":\"https:\\\/\\\/www.jootjeshaakcadeautjes.nl\\\/fr\\\/#organization\"},\"potentialAction\":[{\"@type\":\"SearchAction\",\"target\":{\"@type\":\"EntryPoint\",\"urlTemplate\":\"https:\\\/\\\/www.jootjeshaakcadeautjes.nl\\\/fr\\\/?s={search_term_string}\"},\"query-input\":{\"@type\":\"PropertyValueSpecification\",\"valueRequired\":true,\"valueName\":\"search_term_string\"}}],\"inLanguage\":\"fr-FR\"},{\"@type\":\"Organization\",\"@id\":\"https:\\\/\\\/www.jootjeshaakcadeautjes.nl\\\/fr\\\/#organization\",\"name\":\"Jootjes Haakcadeautjes\",\"url\":\"https:\\\/\\\/www.jootjeshaakcadeautjes.nl\\\/fr\\\/\",\"logo\":{\"@type\":\"ImageObject\",\"inLanguage\":\"fr-FR\",\"@id\":\"https:\\\/\\\/www.jootjeshaakcadeautjes.nl\\\/fr\\\/#\\\/schema\\\/logo\\\/image\\\/\",\"url\":\"https:\\\/\\\/d1dyryakdmle7o.cloudfront.net\\\/wp-content\\\/uploads\\\/2023\\\/05\\\/Logo-rond.png\",\"contentUrl\":\"https:\\\/\\\/d1dyryakdmle7o.cloudfront.net\\\/wp-content\\\/uploads\\\/2023\\\/05\\\/Logo-rond.png\",\"width\":1222,\"height\":1222,\"caption\":\"Jootjes Haakcadeautjes\"},\"image\":{\"@id\":\"https:\\\/\\\/www.jootjeshaakcadeautjes.nl\\\/fr\\\/#\\\/schema\\\/logo\\\/image\\\/\"}}]}<\/script>\n<meta property=\"product:price:amount\" content=\"2.95\" \/>\n<meta property=\"product:price:currency\" content=\"EUR\" \/>\n<meta property=\"og:availability\" content=\"instock\" \/>\n<meta property=\"product:availability\" content=\"instock\" \/>\n<meta property=\"product:retailer_item_id\" content=\"KAA-MES-RIJG\" \/>\n<meta property=\"product:condition\" content=\"new\" \/>\n<!-- \/ Yoast SEO Premium plugin. -->","yoast_head_json":{"title":"Couteau \u00e0 fromage pour plateau de fromage - Rowable - Jootjes Haakcadeautjes","description":"Couteau \u00e0 fromage \u00e0 ranger pour d\u00e9corer avec des perles en silicone et en bois. Le cadeau du jour ! Un cadeau personnalis\u00e9 sur mesure !","robots":{"index":"index","follow":"follow","max-snippet":"max-snippet:-1","max-image-preview":"max-image-preview:large","max-video-preview":"max-video-preview:-1"},"canonical":"https:\/\/www.jootjeshaakcadeautjes.nl\/fr\/produit\/couteau-a-fromage-pret-pour-le-plateau-de-fromage\/","og_locale":"fr_FR","og_type":"article","og_title":"Couteau \u00e0 fromage pour plateau de fromage - Rowable","og_description":"Couteau \u00e0 fromage \u00e0 ranger pour d\u00e9corer avec des perles en silicone et en bois. Le cadeau du jour ! Un cadeau personnalis\u00e9 sur mesure !","og_url":"https:\/\/www.jootjeshaakcadeautjes.nl\/fr\/produit\/couteau-a-fromage-pret-pour-le-plateau-de-fromage\/","og_site_name":"Jootjes Haakcadeautjes","article_modified_time":"2025-03-11T16:28:03+00:00","og_image":[{"width":2048,"height":2048,"url":"https:\/\/www.jootjeshaakcadeautjes.nl\/wp-content\/uploads\/2022\/12\/20221220_200343.jpg","type":"image\/jpeg"}],"twitter_card":"summary_large_image","twitter_misc":{"Prix":"&euro;2.95 TTC","Disponibilit\u00e9":"En stock"},"schema":{"@context":"https:\/\/schema.org","@graph":[{"@type":"WebPage","@id":"https:\/\/www.jootjeshaakcadeautjes.nl\/fr\/produit\/couteau-a-fromage-pret-pour-le-plateau-de-fromage\/","url":"https:\/\/www.jootjeshaakcadeautjes.nl\/fr\/produit\/couteau-a-fromage-pret-pour-le-plateau-de-fromage\/","name":"Couteau \u00e0 fromage pour plateau de fromage - Rowable - Jootjes Haakcadeautjes","isPartOf":{"@id":"https:\/\/www.jootjeshaakcadeautjes.nl\/fr\/#website"},"primaryImageOfPage":{"@id":"https:\/\/www.jootjeshaakcadeautjes.nl\/fr\/produit\/couteau-a-fromage-pret-pour-le-plateau-de-fromage\/#primaryimage"},"image":{"@id":"https:\/\/www.jootjeshaakcadeautjes.nl\/fr\/produit\/couteau-a-fromage-pret-pour-le-plateau-de-fromage\/#primaryimage"},"thumbnailUrl":"https:\/\/d1dyryakdmle7o.cloudfront.net\/wp-content\/uploads\/2022\/12\/20221220_200343.jpg","datePublished":"2022-12-21T16:34:11+00:00","dateModified":"2025-03-11T16:28:03+00:00","description":"Couteau \u00e0 fromage \u00e0 ranger pour d\u00e9corer avec des perles en silicone et en bois. Le cadeau du jour ! Un cadeau personnalis\u00e9 sur mesure !","breadcrumb":{"@id":"https:\/\/www.jootjeshaakcadeautjes.nl\/fr\/produit\/couteau-a-fromage-pret-pour-le-plateau-de-fromage\/#breadcrumb"},"inLanguage":"fr-FR","potentialAction":[{"@type":"ReadAction","target":["https:\/\/www.jootjeshaakcadeautjes.nl\/fr\/produit\/couteau-a-fromage-pret-pour-le-plateau-de-fromage\/"]}]},{"@type":"ImageObject","inLanguage":"fr-FR","@id":"https:\/\/www.jootjeshaakcadeautjes.nl\/fr\/produit\/couteau-a-fromage-pret-pour-le-plateau-de-fromage\/#primaryimage","url":"https:\/\/d1dyryakdmle7o.cloudfront.net\/wp-content\/uploads\/2022\/12\/20221220_200343.jpg","contentUrl":"https:\/\/d1dyryakdmle7o.cloudfront.net\/wp-content\/uploads\/2022\/12\/20221220_200343.jpg","width":2048,"height":2048,"caption":"Couteau \u00e0 fromage enfilable perles en silicone enfilables perles grav\u00e9es en gros sans bpa"},{"@type":"BreadcrumbList","@id":"https:\/\/www.jootjeshaakcadeautjes.nl\/fr\/produit\/couteau-a-fromage-pret-pour-le-plateau-de-fromage\/#breadcrumb","itemListElement":[{"@type":"ListItem","position":1,"name":"Accueil","item":"https:\/\/www.jootjeshaakcadeautjes.nl\/fr\/"},{"@type":"ListItem","position":2,"name":"Commerce de gros de perles en silicone &#8211; Entreprises et consommateurs","item":"https:\/\/www.jootjeshaakcadeautjes.nl\/fr\/boutique\/"},{"@type":"ListItem","position":3,"name":"Couteau \u00e0 fromage pour plateau de fromage &#8211; Rowable"}]},{"@type":"WebSite","@id":"https:\/\/www.jootjeshaakcadeautjes.nl\/fr\/#website","url":"https:\/\/www.jootjeshaakcadeautjes.nl\/fr\/","name":"Jootjes Haakcadeautjes","description":"Grossiste en perles de silicone","publisher":{"@id":"https:\/\/www.jootjeshaakcadeautjes.nl\/fr\/#organization"},"potentialAction":[{"@type":"SearchAction","target":{"@type":"EntryPoint","urlTemplate":"https:\/\/www.jootjeshaakcadeautjes.nl\/fr\/?s={search_term_string}"},"query-input":{"@type":"PropertyValueSpecification","valueRequired":true,"valueName":"search_term_string"}}],"inLanguage":"fr-FR"},{"@type":"Organization","@id":"https:\/\/www.jootjeshaakcadeautjes.nl\/fr\/#organization","name":"Jootjes Haakcadeautjes","url":"https:\/\/www.jootjeshaakcadeautjes.nl\/fr\/","logo":{"@type":"ImageObject","inLanguage":"fr-FR","@id":"https:\/\/www.jootjeshaakcadeautjes.nl\/fr\/#\/schema\/logo\/image\/","url":"https:\/\/d1dyryakdmle7o.cloudfront.net\/wp-content\/uploads\/2023\/05\/Logo-rond.png","contentUrl":"https:\/\/d1dyryakdmle7o.cloudfront.net\/wp-content\/uploads\/2023\/05\/Logo-rond.png","width":1222,"height":1222,"caption":"Jootjes Haakcadeautjes"},"image":{"@id":"https:\/\/www.jootjeshaakcadeautjes.nl\/fr\/#\/schema\/logo\/image\/"}}]},"product_price_amount":"2.95","product_price_currency":"EUR","og_availability":"instock","product_availability":"instock","product_retailer_item_id":"KAA-MES-RIJG","product_condition":"new"},"_links":{"self":[{"href":"https:\/\/www.jootjeshaakcadeautjes.nl\/fr\/wp-json\/wp\/v2\/product\/132328","targetHints":{"allow":["GET"]}}],"collection":[{"href":"https:\/\/www.jootjeshaakcadeautjes.nl\/fr\/wp-json\/wp\/v2\/product"}],"about":[{"href":"https:\/\/www.jootjeshaakcadeautjes.nl\/fr\/wp-json\/wp\/v2\/types\/product"}],"version-history":[{"count":0,"href":"https:\/\/www.jootjeshaakcadeautjes.nl\/fr\/wp-json\/wp\/v2\/product\/132328\/revisions"}],"wp:featuredmedia":[{"embeddable":true,"href":"https:\/\/www.jootjeshaakcadeautjes.nl\/fr\/wp-json\/wp\/v2\/media\/85857"}],"wp:attachment":[{"href":"https:\/\/www.jootjeshaakcadeautjes.nl\/fr\/wp-json\/wp\/v2\/media?parent=132328"}],"wp:term":[{"taxonomy":"product_brand","embeddable":true,"href":"https:\/\/www.jootjeshaakcadeautjes.nl\/fr\/wp-json\/wp\/v2\/product_brand?post=132328"},{"taxonomy":"product_cat","embeddable":true,"href":"https:\/\/www.jootjeshaakcadeautjes.nl\/fr\/wp-json\/wp\/v2\/product_cat?post=132328"},{"taxonomy":"product_tag","embeddable":true,"href":"https:\/\/www.jootjeshaakcadeautjes.nl\/fr\/wp-json\/wp\/v2\/product_tag?post=132328"}],"curies":[{"name":"wp","href":"https:\/\/api.w.org\/{rel}","templated":true}]}}