{"id":132347,"date":"2022-12-21T18:14:08","date_gmt":"2022-12-21T17:14:08","guid":{"rendered":"https:\/\/www.jootjeshaakcadeautjes.nl\/product\/pelle-a-gateau-pelle-a-gateau-mure\/"},"modified":"2025-03-11T17:28:03","modified_gmt":"2025-03-11T16:28:03","slug":"pelle-a-gateau-pelle-a-gateau-mure","status":"publish","type":"product","link":"https:\/\/www.jootjeshaakcadeautjes.nl\/fr\/produit\/pelle-a-gateau-pelle-a-gateau-mure\/","title":{"rendered":"Serveur de g\u00e2teaux &#8211; Serveur de p\u00e2tisseries &#8211; Rameur"},"content":{"rendered":"<h2>Serveur \u00e0 g\u00e2teaux &#8211; Serveur \u00e0 g\u00e2teaux &#8211; Rowable &#8211; Perles en silicone, Perles en bois et plus<\/h2>\n<p>Cet ouvre-g\u00e2teau est un tr\u00e8s beau cadeau personnalis\u00e9 et est parfait pour une soir\u00e9e au caf\u00e9. Vous pouvez \u00eatre tr\u00e8s vari\u00e9, des perles en silicone aux perles en bois en passant par les perles grav\u00e9es avec un message sp\u00e9cial. Fabriqu\u00e9e en acier inoxydable de haute qualit\u00e9, cette pelle \u00e0 g\u00e2teau ne se d\u00e9forme pas. Ces serveurs \u00e0 g\u00e2teaux sont durables et peuvent \u00eatre personnalis\u00e9s en fonction de l&#8217;occasion ! Un cadeau id\u00e9al pour les papas, les mamans, les grands-p\u00e8res et les grands-m\u00e8res, mais aussi pour les coll\u00e8gues, No\u00ebl, les vacances et bien d&#8217;autres choses encore !<\/p>\n","protected":false},"excerpt":{"rendered":"<p>Type : Serveur \u00e0 p\u00e2tisserie, rang\u00e9e, argent<br \/>\nToutes les perles s&#8217;adaptent \u00e0 ce d\u00e9capsuleur (sauf les perles lettres en acrylique).<\/p>\n","protected":false},"featured_media":85833,"template":"","meta":[],"product_brand":[],"product_cat":[7190,18101,7195],"product_tag":[13150,13147,10132,13148,13151,13404,10432,13389,7200,13152,12345,7230,13149,12862,13145,13405,13406,13399,7212,10028],"class_list":{"0":"post-132347","1":"product","2":"type-product","3":"status-publish","4":"has-post-thumbnail","6":"product_cat-couverts-reglables-pelle-a-gateau-couteau-coupe-pizza-couteau-a-fromage","7":"product_cat-perles-et-articles-de-bricolage-noel","8":"product_cat-produits-basteable-tous-les-produits-basteable","9":"product_tag-a-fr-4","10":"product_tag-couverts","11":"product_tag-decapsuleur","12":"product_tag-drive-through-fr","13":"product_tag-fait","14":"product_tag-gateau-fr","15":"product_tag-ouvreur","16":"product_tag-patisserie","17":"product_tag-perles","18":"product_tag-perles-au-laser","19":"product_tag-perles-en-bois","20":"product_tag-personnalisation","21":"product_tag-personnel","22":"product_tag-present-fr","23":"product_tag-present-fr-2","24":"product_tag-scoop-fr","25":"product_tag-serveur-de-gateaux-fr","26":"product_tag-serveur-de-gateaux","27":"product_tag-silicone-fr","28":"product_tag-taille","30":"first","31":"instock","32":"taxable","33":"shipping-taxable","34":"purchasable","35":"product-type-simple"},"bundled_by":["180886"],"bundle_stock_status":"instock","bundle_stock_quantity":3,"bundle_virtual":false,"bundle_layout":"","bundle_add_to_cart_form_location":"","bundle_editable_in_cart":false,"bundle_sold_individually_context":"","bundle_item_grouping":"","bundle_min_size":"","bundle_max_size":"","bundle_price":[],"bundled_items":[],"bundle_sell_ids":[],"yoast_head":"<!-- This site is optimized with the Yoast SEO Premium plugin v27.4 (Yoast SEO v27.4) - https:\/\/yoast.com\/product\/yoast-seo-premium-wordpress\/ -->\n<title>Serveur de g\u00e2teaux - Serveur de p\u00e2tisseries - Rameur - Jootjes Haakcadeautjes<\/title>\n<meta name=\"description\" content=\"Portion de g\u00e2teau enfilable \u00e0 d\u00e9corer avec des perles en silicone et en bois. Le cadeau du jour ! Un cadeau personnalis\u00e9 sur mesure !\" \/>\n<meta name=\"robots\" content=\"index, follow, max-snippet:-1, max-image-preview:large, max-video-preview:-1\" \/>\n<link rel=\"canonical\" href=\"https:\/\/www.jootjeshaakcadeautjes.nl\/fr\/produit\/pelle-a-gateau-pelle-a-gateau-mure\/\" \/>\n<meta property=\"og:locale\" content=\"fr_FR\" \/>\n<meta property=\"og:type\" content=\"article\" \/>\n<meta property=\"og:title\" content=\"Serveur de g\u00e2teaux - Serveur de p\u00e2tisseries - Rameur\" \/>\n<meta property=\"og:description\" content=\"Portion de g\u00e2teau enfilable \u00e0 d\u00e9corer avec des perles en silicone et en bois. Le cadeau du jour ! Un cadeau personnalis\u00e9 sur mesure !\" \/>\n<meta property=\"og:url\" content=\"https:\/\/www.jootjeshaakcadeautjes.nl\/fr\/produit\/pelle-a-gateau-pelle-a-gateau-mure\/\" \/>\n<meta property=\"og:site_name\" content=\"Jootjes Haakcadeautjes\" \/>\n<meta property=\"article:modified_time\" content=\"2025-03-11T16:28:03+00:00\" \/>\n<meta property=\"og:image\" content=\"https:\/\/www.jootjeshaakcadeautjes.nl\/wp-content\/uploads\/2022\/12\/20221220_200107.jpg\" \/>\n\t<meta property=\"og:image:width\" content=\"2048\" \/>\n\t<meta property=\"og:image:height\" content=\"2048\" \/>\n\t<meta property=\"og:image:type\" content=\"image\/jpeg\" \/>\n<meta name=\"twitter:card\" content=\"summary_large_image\" \/>\n<meta name=\"twitter:label1\" content=\"Prix\" \/>\n\t<meta name=\"twitter:data1\" content=\"&euro;2.95 TTC\" \/>\n\t<meta name=\"twitter:label2\" content=\"Disponibilit\u00e9\" \/>\n\t<meta name=\"twitter:data2\" content=\"En stock\" \/>\n<script type=\"application\/ld+json\" class=\"yoast-schema-graph\">{\"@context\":\"https:\\\/\\\/schema.org\",\"@graph\":[{\"@type\":\"WebPage\",\"@id\":\"https:\\\/\\\/www.jootjeshaakcadeautjes.nl\\\/fr\\\/produit\\\/pelle-a-gateau-pelle-a-gateau-mure\\\/\",\"url\":\"https:\\\/\\\/www.jootjeshaakcadeautjes.nl\\\/fr\\\/produit\\\/pelle-a-gateau-pelle-a-gateau-mure\\\/\",\"name\":\"Serveur de g\u00e2teaux - Serveur de p\u00e2tisseries - Rameur - Jootjes Haakcadeautjes\",\"isPartOf\":{\"@id\":\"https:\\\/\\\/www.jootjeshaakcadeautjes.nl\\\/fr\\\/#website\"},\"primaryImageOfPage\":{\"@id\":\"https:\\\/\\\/www.jootjeshaakcadeautjes.nl\\\/fr\\\/produit\\\/pelle-a-gateau-pelle-a-gateau-mure\\\/#primaryimage\"},\"image\":{\"@id\":\"https:\\\/\\\/www.jootjeshaakcadeautjes.nl\\\/fr\\\/produit\\\/pelle-a-gateau-pelle-a-gateau-mure\\\/#primaryimage\"},\"thumbnailUrl\":\"https:\\\/\\\/d1dyryakdmle7o.cloudfront.net\\\/wp-content\\\/uploads\\\/2022\\\/12\\\/20221220_200107.jpg\",\"datePublished\":\"2022-12-21T17:14:08+00:00\",\"dateModified\":\"2025-03-11T16:28:03+00:00\",\"description\":\"Portion de g\u00e2teau enfilable \u00e0 d\u00e9corer avec des perles en silicone et en bois. Le cadeau du jour ! Un cadeau personnalis\u00e9 sur mesure !\",\"breadcrumb\":{\"@id\":\"https:\\\/\\\/www.jootjeshaakcadeautjes.nl\\\/fr\\\/produit\\\/pelle-a-gateau-pelle-a-gateau-mure\\\/#breadcrumb\"},\"inLanguage\":\"fr-FR\",\"potentialAction\":[{\"@type\":\"ReadAction\",\"target\":[\"https:\\\/\\\/www.jootjeshaakcadeautjes.nl\\\/fr\\\/produit\\\/pelle-a-gateau-pelle-a-gateau-mure\\\/\"]}]},{\"@type\":\"ImageObject\",\"inLanguage\":\"fr-FR\",\"@id\":\"https:\\\/\\\/www.jootjeshaakcadeautjes.nl\\\/fr\\\/produit\\\/pelle-a-gateau-pelle-a-gateau-mure\\\/#primaryimage\",\"url\":\"https:\\\/\\\/d1dyryakdmle7o.cloudfront.net\\\/wp-content\\\/uploads\\\/2022\\\/12\\\/20221220_200107.jpg\",\"contentUrl\":\"https:\\\/\\\/d1dyryakdmle7o.cloudfront.net\\\/wp-content\\\/uploads\\\/2022\\\/12\\\/20221220_200107.jpg\",\"width\":2048,\"height\":2048,\"caption\":\"Serviteur \u00e0 g\u00e2teau enfilable perles en silicone enfilables perles grav\u00e9es grossiste bpa free\"},{\"@type\":\"BreadcrumbList\",\"@id\":\"https:\\\/\\\/www.jootjeshaakcadeautjes.nl\\\/fr\\\/produit\\\/pelle-a-gateau-pelle-a-gateau-mure\\\/#breadcrumb\",\"itemListElement\":[{\"@type\":\"ListItem\",\"position\":1,\"name\":\"Accueil\",\"item\":\"https:\\\/\\\/www.jootjeshaakcadeautjes.nl\\\/fr\\\/\"},{\"@type\":\"ListItem\",\"position\":2,\"name\":\"Commerce de gros de perles en silicone &#8211; Entreprises et consommateurs\",\"item\":\"https:\\\/\\\/www.jootjeshaakcadeautjes.nl\\\/fr\\\/boutique\\\/\"},{\"@type\":\"ListItem\",\"position\":3,\"name\":\"Serveur de g\u00e2teaux &#8211; Serveur de p\u00e2tisseries &#8211; Rameur\"}]},{\"@type\":\"WebSite\",\"@id\":\"https:\\\/\\\/www.jootjeshaakcadeautjes.nl\\\/fr\\\/#website\",\"url\":\"https:\\\/\\\/www.jootjeshaakcadeautjes.nl\\\/fr\\\/\",\"name\":\"Jootjes Haakcadeautjes\",\"description\":\"Grossiste en perles de silicone\",\"publisher\":{\"@id\":\"https:\\\/\\\/www.jootjeshaakcadeautjes.nl\\\/fr\\\/#organization\"},\"potentialAction\":[{\"@type\":\"SearchAction\",\"target\":{\"@type\":\"EntryPoint\",\"urlTemplate\":\"https:\\\/\\\/www.jootjeshaakcadeautjes.nl\\\/fr\\\/?s={search_term_string}\"},\"query-input\":{\"@type\":\"PropertyValueSpecification\",\"valueRequired\":true,\"valueName\":\"search_term_string\"}}],\"inLanguage\":\"fr-FR\"},{\"@type\":\"Organization\",\"@id\":\"https:\\\/\\\/www.jootjeshaakcadeautjes.nl\\\/fr\\\/#organization\",\"name\":\"Jootjes Haakcadeautjes\",\"url\":\"https:\\\/\\\/www.jootjeshaakcadeautjes.nl\\\/fr\\\/\",\"logo\":{\"@type\":\"ImageObject\",\"inLanguage\":\"fr-FR\",\"@id\":\"https:\\\/\\\/www.jootjeshaakcadeautjes.nl\\\/fr\\\/#\\\/schema\\\/logo\\\/image\\\/\",\"url\":\"https:\\\/\\\/jootjes-haakcadeautjes-media.s3.amazonaws.com\\\/wp-content\\\/uploads\\\/2023\\\/05\\\/Logo-rond.png\",\"contentUrl\":\"https:\\\/\\\/jootjes-haakcadeautjes-media.s3.amazonaws.com\\\/wp-content\\\/uploads\\\/2023\\\/05\\\/Logo-rond.png\",\"width\":1222,\"height\":1222,\"caption\":\"Jootjes Haakcadeautjes\"},\"image\":{\"@id\":\"https:\\\/\\\/www.jootjeshaakcadeautjes.nl\\\/fr\\\/#\\\/schema\\\/logo\\\/image\\\/\"}}]}<\/script>\n<meta property=\"product:price:amount\" content=\"2.95\" \/>\n<meta property=\"product:price:currency\" content=\"EUR\" \/>\n<meta property=\"og:availability\" content=\"instock\" \/>\n<meta property=\"product:availability\" content=\"instock\" \/>\n<meta property=\"product:retailer_item_id\" content=\"TAA-SCH-RIJG\" \/>\n<meta property=\"product:condition\" content=\"new\" \/>\n<!-- \/ Yoast SEO Premium plugin. -->","yoast_head_json":{"title":"Serveur de g\u00e2teaux - Serveur de p\u00e2tisseries - Rameur - Jootjes Haakcadeautjes","description":"Portion de g\u00e2teau enfilable \u00e0 d\u00e9corer avec des perles en silicone et en bois. Le cadeau du jour ! Un cadeau personnalis\u00e9 sur mesure !","robots":{"index":"index","follow":"follow","max-snippet":"max-snippet:-1","max-image-preview":"max-image-preview:large","max-video-preview":"max-video-preview:-1"},"canonical":"https:\/\/www.jootjeshaakcadeautjes.nl\/fr\/produit\/pelle-a-gateau-pelle-a-gateau-mure\/","og_locale":"fr_FR","og_type":"article","og_title":"Serveur de g\u00e2teaux - Serveur de p\u00e2tisseries - Rameur","og_description":"Portion de g\u00e2teau enfilable \u00e0 d\u00e9corer avec des perles en silicone et en bois. Le cadeau du jour ! Un cadeau personnalis\u00e9 sur mesure !","og_url":"https:\/\/www.jootjeshaakcadeautjes.nl\/fr\/produit\/pelle-a-gateau-pelle-a-gateau-mure\/","og_site_name":"Jootjes Haakcadeautjes","article_modified_time":"2025-03-11T16:28:03+00:00","og_image":[{"width":2048,"height":2048,"url":"https:\/\/www.jootjeshaakcadeautjes.nl\/wp-content\/uploads\/2022\/12\/20221220_200107.jpg","type":"image\/jpeg"}],"twitter_card":"summary_large_image","twitter_misc":{"Prix":"&euro;2.95 TTC","Disponibilit\u00e9":"En stock"},"schema":{"@context":"https:\/\/schema.org","@graph":[{"@type":"WebPage","@id":"https:\/\/www.jootjeshaakcadeautjes.nl\/fr\/produit\/pelle-a-gateau-pelle-a-gateau-mure\/","url":"https:\/\/www.jootjeshaakcadeautjes.nl\/fr\/produit\/pelle-a-gateau-pelle-a-gateau-mure\/","name":"Serveur de g\u00e2teaux - Serveur de p\u00e2tisseries - Rameur - Jootjes Haakcadeautjes","isPartOf":{"@id":"https:\/\/www.jootjeshaakcadeautjes.nl\/fr\/#website"},"primaryImageOfPage":{"@id":"https:\/\/www.jootjeshaakcadeautjes.nl\/fr\/produit\/pelle-a-gateau-pelle-a-gateau-mure\/#primaryimage"},"image":{"@id":"https:\/\/www.jootjeshaakcadeautjes.nl\/fr\/produit\/pelle-a-gateau-pelle-a-gateau-mure\/#primaryimage"},"thumbnailUrl":"https:\/\/d1dyryakdmle7o.cloudfront.net\/wp-content\/uploads\/2022\/12\/20221220_200107.jpg","datePublished":"2022-12-21T17:14:08+00:00","dateModified":"2025-03-11T16:28:03+00:00","description":"Portion de g\u00e2teau enfilable \u00e0 d\u00e9corer avec des perles en silicone et en bois. Le cadeau du jour ! Un cadeau personnalis\u00e9 sur mesure !","breadcrumb":{"@id":"https:\/\/www.jootjeshaakcadeautjes.nl\/fr\/produit\/pelle-a-gateau-pelle-a-gateau-mure\/#breadcrumb"},"inLanguage":"fr-FR","potentialAction":[{"@type":"ReadAction","target":["https:\/\/www.jootjeshaakcadeautjes.nl\/fr\/produit\/pelle-a-gateau-pelle-a-gateau-mure\/"]}]},{"@type":"ImageObject","inLanguage":"fr-FR","@id":"https:\/\/www.jootjeshaakcadeautjes.nl\/fr\/produit\/pelle-a-gateau-pelle-a-gateau-mure\/#primaryimage","url":"https:\/\/d1dyryakdmle7o.cloudfront.net\/wp-content\/uploads\/2022\/12\/20221220_200107.jpg","contentUrl":"https:\/\/d1dyryakdmle7o.cloudfront.net\/wp-content\/uploads\/2022\/12\/20221220_200107.jpg","width":2048,"height":2048,"caption":"Serviteur \u00e0 g\u00e2teau enfilable perles en silicone enfilables perles grav\u00e9es grossiste bpa free"},{"@type":"BreadcrumbList","@id":"https:\/\/www.jootjeshaakcadeautjes.nl\/fr\/produit\/pelle-a-gateau-pelle-a-gateau-mure\/#breadcrumb","itemListElement":[{"@type":"ListItem","position":1,"name":"Accueil","item":"https:\/\/www.jootjeshaakcadeautjes.nl\/fr\/"},{"@type":"ListItem","position":2,"name":"Commerce de gros de perles en silicone &#8211; Entreprises et consommateurs","item":"https:\/\/www.jootjeshaakcadeautjes.nl\/fr\/boutique\/"},{"@type":"ListItem","position":3,"name":"Serveur de g\u00e2teaux &#8211; Serveur de p\u00e2tisseries &#8211; Rameur"}]},{"@type":"WebSite","@id":"https:\/\/www.jootjeshaakcadeautjes.nl\/fr\/#website","url":"https:\/\/www.jootjeshaakcadeautjes.nl\/fr\/","name":"Jootjes Haakcadeautjes","description":"Grossiste en perles de silicone","publisher":{"@id":"https:\/\/www.jootjeshaakcadeautjes.nl\/fr\/#organization"},"potentialAction":[{"@type":"SearchAction","target":{"@type":"EntryPoint","urlTemplate":"https:\/\/www.jootjeshaakcadeautjes.nl\/fr\/?s={search_term_string}"},"query-input":{"@type":"PropertyValueSpecification","valueRequired":true,"valueName":"search_term_string"}}],"inLanguage":"fr-FR"},{"@type":"Organization","@id":"https:\/\/www.jootjeshaakcadeautjes.nl\/fr\/#organization","name":"Jootjes Haakcadeautjes","url":"https:\/\/www.jootjeshaakcadeautjes.nl\/fr\/","logo":{"@type":"ImageObject","inLanguage":"fr-FR","@id":"https:\/\/www.jootjeshaakcadeautjes.nl\/fr\/#\/schema\/logo\/image\/","url":"https:\/\/jootjes-haakcadeautjes-media.s3.amazonaws.com\/wp-content\/uploads\/2023\/05\/Logo-rond.png","contentUrl":"https:\/\/jootjes-haakcadeautjes-media.s3.amazonaws.com\/wp-content\/uploads\/2023\/05\/Logo-rond.png","width":1222,"height":1222,"caption":"Jootjes Haakcadeautjes"},"image":{"@id":"https:\/\/www.jootjeshaakcadeautjes.nl\/fr\/#\/schema\/logo\/image\/"}}]},"product_price_amount":"2.95","product_price_currency":"EUR","og_availability":"instock","product_availability":"instock","product_retailer_item_id":"TAA-SCH-RIJG","product_condition":"new"},"_links":{"self":[{"href":"https:\/\/www.jootjeshaakcadeautjes.nl\/fr\/wp-json\/wp\/v2\/product\/132347","targetHints":{"allow":["GET"]}}],"collection":[{"href":"https:\/\/www.jootjeshaakcadeautjes.nl\/fr\/wp-json\/wp\/v2\/product"}],"about":[{"href":"https:\/\/www.jootjeshaakcadeautjes.nl\/fr\/wp-json\/wp\/v2\/types\/product"}],"version-history":[{"count":0,"href":"https:\/\/www.jootjeshaakcadeautjes.nl\/fr\/wp-json\/wp\/v2\/product\/132347\/revisions"}],"wp:featuredmedia":[{"embeddable":true,"href":"https:\/\/www.jootjeshaakcadeautjes.nl\/fr\/wp-json\/wp\/v2\/media\/85833"}],"wp:attachment":[{"href":"https:\/\/www.jootjeshaakcadeautjes.nl\/fr\/wp-json\/wp\/v2\/media?parent=132347"}],"wp:term":[{"taxonomy":"product_brand","embeddable":true,"href":"https:\/\/www.jootjeshaakcadeautjes.nl\/fr\/wp-json\/wp\/v2\/product_brand?post=132347"},{"taxonomy":"product_cat","embeddable":true,"href":"https:\/\/www.jootjeshaakcadeautjes.nl\/fr\/wp-json\/wp\/v2\/product_cat?post=132347"},{"taxonomy":"product_tag","embeddable":true,"href":"https:\/\/www.jootjeshaakcadeautjes.nl\/fr\/wp-json\/wp\/v2\/product_tag?post=132347"}],"curies":[{"name":"wp","href":"https:\/\/api.w.org\/{rel}","templated":true}]}}