{"id":132500,"date":"2022-11-29T02:24:35","date_gmt":"2022-11-29T01:24:35","guid":{"rendered":"https:\/\/www.jootjeshaakcadeautjes.nl\/product\/pince-a-tetine-engravure-au-bois-de-brand\/"},"modified":"2026-03-19T17:01:27","modified_gmt":"2026-03-19T16:01:27","slug":"attache-sucette-50","status":"publish","type":"product","link":"https:\/\/www.jootjeshaakcadeautjes.nl\/fr\/produit\/attache-sucette-50\/","title":{"rendered":"Attache-sucette en bois grav\u00e9 &#8211; EN12586 &#8211; Marque propre &#8211; Gravure personnalis\u00e9e ! &#8211; A partir de 50 unit\u00e9s"},"content":{"rendered":"<h1>Attache-sucette en bois grav\u00e9 &#8211; EN12586 &#8211; Marque propre &#8211; Gravure personnalis\u00e9e !<\/h1>\n<ul>\n<li>Attache-sucette de taille 30 mm<\/li>\n<li>A partir de 50 pi\u00e8ces*<\/li>\n<li>Gravure avec logo.<\/li>\n<li>La gravure + l&#8217;Attache-sucette co\u00fbtent 1,75\/chacun. L&#8217;Attache-sucette est bien s\u00fbr incluse dans le prix.<\/li>\n<\/ul>\n<p>*Pour 50 pi\u00e8ces, \u00e9chantillons inclus. Les exigences et le positionnement sont convenus \u00e0 l&#8217;avance. Si nous faisons un mauvais \u00e9chantillonnage de notre c\u00f4t\u00e9, il sera produit \u00e0 nouveau. Si des modifications sont apport\u00e9es malgr\u00e9 les souhaits et le positionnement des accords, elles seront d\u00e9duites du nombre total. Supposons qu&#8217;un \u00e9chantillon produise \u00e0 nouveau 49 clips, et ainsi de suite.<\/p>\n<p>La livraison du logo doit se faire dans la meilleure qualit\u00e9 possible. De pr\u00e9f\u00e9rence en noir et blanc. De pr\u00e9f\u00e9rence, un fichier du cr\u00e9ateur original (vectoriel, EPS, AI, PDF, JPG, SVG, PNG). Si le fichier n&#8217;est pas imm\u00e9diatement utilisable pour la production, une consultation suppl\u00e9mentaire aura lieu concernant la n\u00e9cessit\u00e9 d&#8217;une conception graphique. Nous pouvons nous en charger pour vous, mais cela peut entra\u00eener des frais suppl\u00e9mentaires. Dans certains cas, le logo est trop grand ou trop complexe (par exemple, avec du texte et une image). Dans ce cas, nous pouvons vous consulter pour graver uniquement le texte ou l&#8217;image.<\/p>\n<p>Des photos peuvent \u00eatre prises de ce projet personnalis\u00e9 pour le b\u00e9n\u00e9fice de notre portefeuille. Jootjes Haakcadeautjes n&#8217;est jamais propri\u00e9taire de votre marque ou de votre logo et ne le revendique pas. En nous confiant la r\u00e9alisation de ces Attache-sucettes, vous acceptez que nous utilisions des photos des Attache-sucettes personnalis\u00e9es que nous avons r\u00e9alis\u00e9es dans le but de promouvoir nos services de gravure personnalis\u00e9e \/ gravure sur mesure.<\/p>\n<p>&nbsp;<\/p>\n","protected":false},"excerpt":{"rendered":"<ul>\n<li>Attache-sucette de taille 30 mm<\/li>\n<li>A partir de 50 pi\u00e8ces*<\/li>\n<li>Gravure avec logo.<\/li>\n<li>Le co\u00fbt de la gravure est d&#8217;environ 1,75 \u20ac\/pi\u00e8ce.<\/li>\n<\/ul>\n","protected":false},"featured_media":85124,"template":"","meta":[],"product_brand":[],"product_cat":[12483,12486,12482,12668,6994,12398],"product_tag":[10419,12421,12417,12427,12490,12410,7402,12403,12412,12424,12402,12419,12416,10453,10452,10242],"class_list":{"0":"post-132500","1":"product","2":"type-product","3":"status-publish","4":"has-post-thumbnail","6":"product_cat-attaches-de-sucette-en-bois-gravees-pour-cordon-de-sucette","7":"product_cat-attaches-tetines-attache-tetine-tendeur-de-sucette-allen-silicone-bois-metal","8":"product_cat-clips-de-tetine-pour-cordon-de-tetine-chaine-de-landau-et-autres","9":"product_cat-clips-pour-mannequins-en-bois-ronds-et-figures","10":"product_cat-gravure-au-laser-produits-cadeaux","11":"product_cat-gravure-au-laser-pour-wish-texte-image-ou-marque-de-votre-choix","12":"product_tag-a-fr-3","13":"product_tag-au-laser-fr","14":"product_tag-avec-logo","15":"product_tag-brandits-fr","16":"product_tag-clip-factice","17":"product_tag-fr12586","18":"product_tag-grave","19":"product_tag-gravure","20":"product_tag-gravure-fr","21":"product_tag-image-de-marque","22":"product_tag-laser-fr","23":"product_tag-logo-fr","24":"product_tag-marque","25":"product_tag-propre","26":"product_tag-souhait","27":"product_tag-sur-mesure","29":"first","30":"instock","31":"taxable","32":"shipping-taxable","33":"purchasable","34":"product-type-simple"},"bundled_by":[],"bundle_stock_status":"instock","bundle_stock_quantity":50,"bundle_virtual":false,"bundle_layout":"","bundle_add_to_cart_form_location":"","bundle_editable_in_cart":false,"bundle_sold_individually_context":"","bundle_item_grouping":"","bundle_min_size":"","bundle_max_size":"","bundle_price":[],"bundled_items":[],"bundle_sell_ids":[],"yoast_head":"<!-- This site is optimized with the Yoast SEO Premium plugin v27.4 (Yoast SEO v27.4) - https:\/\/yoast.com\/product\/yoast-seo-premium-wordpress\/ -->\n<title>Attache-sucette en bois grav\u00e9 - EN12586 - Marque propre - Gravure personnalis\u00e9e ! - A partir de 50 unit\u00e9s - Jootjes Haakcadeautjes<\/title>\n<meta name=\"description\" content=\"Attache-sucette en bois grav\u00e9e \u00e0 votre marque. Rapidement grav\u00e9 par Jootjes Crochet Gifts et Brandits Laser. Gravure laser personnalis\u00e9e.\" \/>\n<meta name=\"robots\" content=\"index, follow, max-snippet:-1, max-image-preview:large, max-video-preview:-1\" \/>\n<link rel=\"canonical\" href=\"https:\/\/www.jootjeshaakcadeautjes.nl\/fr\/produit\/attache-sucette-50\/\" \/>\n<meta property=\"og:locale\" content=\"fr_FR\" \/>\n<meta property=\"og:type\" content=\"article\" \/>\n<meta property=\"og:title\" content=\"Attache-sucette en bois grav\u00e9 - EN12586 - Marque propre - Gravure personnalis\u00e9e ! - A partir de 50 unit\u00e9s\" \/>\n<meta property=\"og:description\" content=\"Attache-sucette en bois grav\u00e9e \u00e0 votre marque. Rapidement grav\u00e9 par Jootjes Crochet Gifts et Brandits Laser. Gravure laser personnalis\u00e9e.\" \/>\n<meta property=\"og:url\" content=\"https:\/\/www.jootjeshaakcadeautjes.nl\/fr\/produit\/attache-sucette-50\/\" \/>\n<meta property=\"og:site_name\" content=\"Jootjes Haakcadeautjes\" \/>\n<meta property=\"article:modified_time\" content=\"2026-03-19T16:01:27+00:00\" \/>\n<meta property=\"og:image\" content=\"https:\/\/www.jootjeshaakcadeautjes.nl\/wp-content\/uploads\/2022\/11\/20221127_214404.jpg\" \/>\n\t<meta property=\"og:image:width\" content=\"2048\" \/>\n\t<meta property=\"og:image:height\" content=\"2048\" \/>\n\t<meta property=\"og:image:type\" content=\"image\/jpeg\" \/>\n<meta name=\"twitter:card\" content=\"summary_large_image\" \/>\n<meta name=\"twitter:label1\" content=\"Prix\" \/>\n\t<meta name=\"twitter:data1\" content=\"&euro;1.75 TTC\" \/>\n\t<meta name=\"twitter:label2\" content=\"Disponibilit\u00e9\" \/>\n\t<meta name=\"twitter:data2\" content=\"En stock\" \/>\n<script type=\"application\/ld+json\" class=\"yoast-schema-graph\">{\"@context\":\"https:\\\/\\\/schema.org\",\"@graph\":[{\"@type\":\"WebPage\",\"@id\":\"https:\\\/\\\/www.jootjeshaakcadeautjes.nl\\\/fr\\\/produit\\\/attache-sucette-50\\\/\",\"url\":\"https:\\\/\\\/www.jootjeshaakcadeautjes.nl\\\/fr\\\/produit\\\/attache-sucette-50\\\/\",\"name\":\"Attache-sucette en bois grav\u00e9 - EN12586 - Marque propre - Gravure personnalis\u00e9e ! - A partir de 50 unit\u00e9s - Jootjes Haakcadeautjes\",\"isPartOf\":{\"@id\":\"https:\\\/\\\/www.jootjeshaakcadeautjes.nl\\\/fr\\\/#website\"},\"primaryImageOfPage\":{\"@id\":\"https:\\\/\\\/www.jootjeshaakcadeautjes.nl\\\/fr\\\/produit\\\/attache-sucette-50\\\/#primaryimage\"},\"image\":{\"@id\":\"https:\\\/\\\/www.jootjeshaakcadeautjes.nl\\\/fr\\\/produit\\\/attache-sucette-50\\\/#primaryimage\"},\"thumbnailUrl\":\"https:\\\/\\\/d1dyryakdmle7o.cloudfront.net\\\/wp-content\\\/uploads\\\/2022\\\/11\\\/20221127_214404.jpg\",\"datePublished\":\"2022-11-29T01:24:35+00:00\",\"dateModified\":\"2026-03-19T16:01:27+00:00\",\"description\":\"Attache-sucette en bois grav\u00e9e \u00e0 votre marque. Rapidement grav\u00e9 par Jootjes Crochet Gifts et Brandits Laser. Gravure laser personnalis\u00e9e.\",\"breadcrumb\":{\"@id\":\"https:\\\/\\\/www.jootjeshaakcadeautjes.nl\\\/fr\\\/produit\\\/attache-sucette-50\\\/#breadcrumb\"},\"inLanguage\":\"fr-FR\",\"potentialAction\":[{\"@type\":\"ReadAction\",\"target\":[\"https:\\\/\\\/www.jootjeshaakcadeautjes.nl\\\/fr\\\/produit\\\/attache-sucette-50\\\/\"]}]},{\"@type\":\"ImageObject\",\"inLanguage\":\"fr-FR\",\"@id\":\"https:\\\/\\\/www.jootjeshaakcadeautjes.nl\\\/fr\\\/produit\\\/attache-sucette-50\\\/#primaryimage\",\"url\":\"https:\\\/\\\/d1dyryakdmle7o.cloudfront.net\\\/wp-content\\\/uploads\\\/2022\\\/11\\\/20221127_214404.jpg\",\"contentUrl\":\"https:\\\/\\\/d1dyryakdmle7o.cloudfront.net\\\/wp-content\\\/uploads\\\/2022\\\/11\\\/20221127_214404.jpg\",\"width\":2048,\"height\":2048,\"caption\":\"Attache-sucette grav\u00e9e avec marque laser propre marque grossiste anneau de dentition cordon de t\u00e9tine\"},{\"@type\":\"BreadcrumbList\",\"@id\":\"https:\\\/\\\/www.jootjeshaakcadeautjes.nl\\\/fr\\\/produit\\\/attache-sucette-50\\\/#breadcrumb\",\"itemListElement\":[{\"@type\":\"ListItem\",\"position\":1,\"name\":\"Accueil\",\"item\":\"https:\\\/\\\/www.jootjeshaakcadeautjes.nl\\\/fr\\\/\"},{\"@type\":\"ListItem\",\"position\":2,\"name\":\"Commerce de gros de perles en silicone &#8211; Entreprises et consommateurs\",\"item\":\"https:\\\/\\\/www.jootjeshaakcadeautjes.nl\\\/fr\\\/boutique\\\/\"},{\"@type\":\"ListItem\",\"position\":3,\"name\":\"Attache-sucette en bois grav\u00e9 &#8211; EN12586 &#8211; Marque propre &#8211; Gravure personnalis\u00e9e ! &#8211; A partir de 50 unit\u00e9s\"}]},{\"@type\":\"WebSite\",\"@id\":\"https:\\\/\\\/www.jootjeshaakcadeautjes.nl\\\/fr\\\/#website\",\"url\":\"https:\\\/\\\/www.jootjeshaakcadeautjes.nl\\\/fr\\\/\",\"name\":\"Jootjes Haakcadeautjes\",\"description\":\"Grossiste en perles de silicone\",\"publisher\":{\"@id\":\"https:\\\/\\\/www.jootjeshaakcadeautjes.nl\\\/fr\\\/#organization\"},\"potentialAction\":[{\"@type\":\"SearchAction\",\"target\":{\"@type\":\"EntryPoint\",\"urlTemplate\":\"https:\\\/\\\/www.jootjeshaakcadeautjes.nl\\\/fr\\\/?s={search_term_string}\"},\"query-input\":{\"@type\":\"PropertyValueSpecification\",\"valueRequired\":true,\"valueName\":\"search_term_string\"}}],\"inLanguage\":\"fr-FR\"},{\"@type\":\"Organization\",\"@id\":\"https:\\\/\\\/www.jootjeshaakcadeautjes.nl\\\/fr\\\/#organization\",\"name\":\"Jootjes Haakcadeautjes\",\"url\":\"https:\\\/\\\/www.jootjeshaakcadeautjes.nl\\\/fr\\\/\",\"logo\":{\"@type\":\"ImageObject\",\"inLanguage\":\"fr-FR\",\"@id\":\"https:\\\/\\\/www.jootjeshaakcadeautjes.nl\\\/fr\\\/#\\\/schema\\\/logo\\\/image\\\/\",\"url\":\"https:\\\/\\\/jootjes-haakcadeautjes-media.s3.amazonaws.com\\\/wp-content\\\/uploads\\\/2023\\\/05\\\/Logo-rond.png\",\"contentUrl\":\"https:\\\/\\\/jootjes-haakcadeautjes-media.s3.amazonaws.com\\\/wp-content\\\/uploads\\\/2023\\\/05\\\/Logo-rond.png\",\"width\":1222,\"height\":1222,\"caption\":\"Jootjes Haakcadeautjes\"},\"image\":{\"@id\":\"https:\\\/\\\/www.jootjeshaakcadeautjes.nl\\\/fr\\\/#\\\/schema\\\/logo\\\/image\\\/\"}}]}<\/script>\n<meta property=\"product:price:amount\" content=\"1.75\" \/>\n<meta property=\"product:price:currency\" content=\"EUR\" \/>\n<meta property=\"og:availability\" content=\"instock\" \/>\n<meta property=\"product:availability\" content=\"instock\" \/>\n<meta property=\"product:retailer_item_id\" content=\"GEG-SPC-050\" \/>\n<meta property=\"product:condition\" content=\"new\" \/>\n<!-- \/ Yoast SEO Premium plugin. -->","yoast_head_json":{"title":"Attache-sucette en bois grav\u00e9 - EN12586 - Marque propre - Gravure personnalis\u00e9e ! - A partir de 50 unit\u00e9s - Jootjes Haakcadeautjes","description":"Attache-sucette en bois grav\u00e9e \u00e0 votre marque. Rapidement grav\u00e9 par Jootjes Crochet Gifts et Brandits Laser. Gravure laser personnalis\u00e9e.","robots":{"index":"index","follow":"follow","max-snippet":"max-snippet:-1","max-image-preview":"max-image-preview:large","max-video-preview":"max-video-preview:-1"},"canonical":"https:\/\/www.jootjeshaakcadeautjes.nl\/fr\/produit\/attache-sucette-50\/","og_locale":"fr_FR","og_type":"article","og_title":"Attache-sucette en bois grav\u00e9 - EN12586 - Marque propre - Gravure personnalis\u00e9e ! - A partir de 50 unit\u00e9s","og_description":"Attache-sucette en bois grav\u00e9e \u00e0 votre marque. Rapidement grav\u00e9 par Jootjes Crochet Gifts et Brandits Laser. Gravure laser personnalis\u00e9e.","og_url":"https:\/\/www.jootjeshaakcadeautjes.nl\/fr\/produit\/attache-sucette-50\/","og_site_name":"Jootjes Haakcadeautjes","article_modified_time":"2026-03-19T16:01:27+00:00","og_image":[{"width":2048,"height":2048,"url":"https:\/\/www.jootjeshaakcadeautjes.nl\/wp-content\/uploads\/2022\/11\/20221127_214404.jpg","type":"image\/jpeg"}],"twitter_card":"summary_large_image","twitter_misc":{"Prix":"&euro;1.75 TTC","Disponibilit\u00e9":"En stock"},"schema":{"@context":"https:\/\/schema.org","@graph":[{"@type":"WebPage","@id":"https:\/\/www.jootjeshaakcadeautjes.nl\/fr\/produit\/attache-sucette-50\/","url":"https:\/\/www.jootjeshaakcadeautjes.nl\/fr\/produit\/attache-sucette-50\/","name":"Attache-sucette en bois grav\u00e9 - EN12586 - Marque propre - Gravure personnalis\u00e9e ! - A partir de 50 unit\u00e9s - Jootjes Haakcadeautjes","isPartOf":{"@id":"https:\/\/www.jootjeshaakcadeautjes.nl\/fr\/#website"},"primaryImageOfPage":{"@id":"https:\/\/www.jootjeshaakcadeautjes.nl\/fr\/produit\/attache-sucette-50\/#primaryimage"},"image":{"@id":"https:\/\/www.jootjeshaakcadeautjes.nl\/fr\/produit\/attache-sucette-50\/#primaryimage"},"thumbnailUrl":"https:\/\/d1dyryakdmle7o.cloudfront.net\/wp-content\/uploads\/2022\/11\/20221127_214404.jpg","datePublished":"2022-11-29T01:24:35+00:00","dateModified":"2026-03-19T16:01:27+00:00","description":"Attache-sucette en bois grav\u00e9e \u00e0 votre marque. Rapidement grav\u00e9 par Jootjes Crochet Gifts et Brandits Laser. Gravure laser personnalis\u00e9e.","breadcrumb":{"@id":"https:\/\/www.jootjeshaakcadeautjes.nl\/fr\/produit\/attache-sucette-50\/#breadcrumb"},"inLanguage":"fr-FR","potentialAction":[{"@type":"ReadAction","target":["https:\/\/www.jootjeshaakcadeautjes.nl\/fr\/produit\/attache-sucette-50\/"]}]},{"@type":"ImageObject","inLanguage":"fr-FR","@id":"https:\/\/www.jootjeshaakcadeautjes.nl\/fr\/produit\/attache-sucette-50\/#primaryimage","url":"https:\/\/d1dyryakdmle7o.cloudfront.net\/wp-content\/uploads\/2022\/11\/20221127_214404.jpg","contentUrl":"https:\/\/d1dyryakdmle7o.cloudfront.net\/wp-content\/uploads\/2022\/11\/20221127_214404.jpg","width":2048,"height":2048,"caption":"Attache-sucette grav\u00e9e avec marque laser propre marque grossiste anneau de dentition cordon de t\u00e9tine"},{"@type":"BreadcrumbList","@id":"https:\/\/www.jootjeshaakcadeautjes.nl\/fr\/produit\/attache-sucette-50\/#breadcrumb","itemListElement":[{"@type":"ListItem","position":1,"name":"Accueil","item":"https:\/\/www.jootjeshaakcadeautjes.nl\/fr\/"},{"@type":"ListItem","position":2,"name":"Commerce de gros de perles en silicone &#8211; Entreprises et consommateurs","item":"https:\/\/www.jootjeshaakcadeautjes.nl\/fr\/boutique\/"},{"@type":"ListItem","position":3,"name":"Attache-sucette en bois grav\u00e9 &#8211; EN12586 &#8211; Marque propre &#8211; Gravure personnalis\u00e9e ! &#8211; A partir de 50 unit\u00e9s"}]},{"@type":"WebSite","@id":"https:\/\/www.jootjeshaakcadeautjes.nl\/fr\/#website","url":"https:\/\/www.jootjeshaakcadeautjes.nl\/fr\/","name":"Jootjes Haakcadeautjes","description":"Grossiste en perles de silicone","publisher":{"@id":"https:\/\/www.jootjeshaakcadeautjes.nl\/fr\/#organization"},"potentialAction":[{"@type":"SearchAction","target":{"@type":"EntryPoint","urlTemplate":"https:\/\/www.jootjeshaakcadeautjes.nl\/fr\/?s={search_term_string}"},"query-input":{"@type":"PropertyValueSpecification","valueRequired":true,"valueName":"search_term_string"}}],"inLanguage":"fr-FR"},{"@type":"Organization","@id":"https:\/\/www.jootjeshaakcadeautjes.nl\/fr\/#organization","name":"Jootjes Haakcadeautjes","url":"https:\/\/www.jootjeshaakcadeautjes.nl\/fr\/","logo":{"@type":"ImageObject","inLanguage":"fr-FR","@id":"https:\/\/www.jootjeshaakcadeautjes.nl\/fr\/#\/schema\/logo\/image\/","url":"https:\/\/jootjes-haakcadeautjes-media.s3.amazonaws.com\/wp-content\/uploads\/2023\/05\/Logo-rond.png","contentUrl":"https:\/\/jootjes-haakcadeautjes-media.s3.amazonaws.com\/wp-content\/uploads\/2023\/05\/Logo-rond.png","width":1222,"height":1222,"caption":"Jootjes Haakcadeautjes"},"image":{"@id":"https:\/\/www.jootjeshaakcadeautjes.nl\/fr\/#\/schema\/logo\/image\/"}}]},"product_price_amount":"1.75","product_price_currency":"EUR","og_availability":"instock","product_availability":"instock","product_retailer_item_id":"GEG-SPC-050","product_condition":"new"},"_links":{"self":[{"href":"https:\/\/www.jootjeshaakcadeautjes.nl\/fr\/wp-json\/wp\/v2\/product\/132500","targetHints":{"allow":["GET"]}}],"collection":[{"href":"https:\/\/www.jootjeshaakcadeautjes.nl\/fr\/wp-json\/wp\/v2\/product"}],"about":[{"href":"https:\/\/www.jootjeshaakcadeautjes.nl\/fr\/wp-json\/wp\/v2\/types\/product"}],"version-history":[{"count":0,"href":"https:\/\/www.jootjeshaakcadeautjes.nl\/fr\/wp-json\/wp\/v2\/product\/132500\/revisions"}],"wp:featuredmedia":[{"embeddable":true,"href":"https:\/\/www.jootjeshaakcadeautjes.nl\/fr\/wp-json\/wp\/v2\/media\/85124"}],"wp:attachment":[{"href":"https:\/\/www.jootjeshaakcadeautjes.nl\/fr\/wp-json\/wp\/v2\/media?parent=132500"}],"wp:term":[{"taxonomy":"product_brand","embeddable":true,"href":"https:\/\/www.jootjeshaakcadeautjes.nl\/fr\/wp-json\/wp\/v2\/product_brand?post=132500"},{"taxonomy":"product_cat","embeddable":true,"href":"https:\/\/www.jootjeshaakcadeautjes.nl\/fr\/wp-json\/wp\/v2\/product_cat?post=132500"},{"taxonomy":"product_tag","embeddable":true,"href":"https:\/\/www.jootjeshaakcadeautjes.nl\/fr\/wp-json\/wp\/v2\/product_tag?post=132500"}],"curies":[{"name":"wp","href":"https:\/\/api.w.org\/{rel}","templated":true}]}}