{"id":132611,"date":"2022-11-24T08:44:45","date_gmt":"2022-11-24T06:44:45","guid":{"rendered":"https:\/\/www.jootjeshaakcadeautjes.nl\/product\/perles-de-silicone-ovale-12-mm-rose-or-nugget\/"},"modified":"2026-04-21T15:59:12","modified_gmt":"2026-04-21T13:59:12","slug":"perles-de-silicone-ovale-12-mm-rose-or-nugget","status":"publish","type":"product","link":"https:\/\/www.jootjeshaakcadeautjes.nl\/fr\/produit\/perles-de-silicone-ovale-12-mm-rose-or-nugget\/","title":{"rendered":"Perles en silicone &#8211; Ovale &#8211; 12 mm &#8211; Imprim\u00e9 p\u00e9pite d&#8217;or rose"},"content":{"rendered":"<h1>Perles en silicone &#8211; Ovale &#8211; 12 mm &#8211; &#8220;Rose Gold Nugget&#8221; &#8211; avec impression dor\u00e9e<\/h1>\n<h3>Sp\u00e9cifications :<\/h3>\n<ul>\n<li>\u00c9galement connu sous le nom de : Intercalaire en silicone pour perles de lettres<\/li>\n<li>Taille : 12 mm<\/li>\n<\/ul>\n<p>Toutes nos billes de silicone sont 100 % exemptes de BPA, de plomb, de toxines, de phtalates et de PVC. Nos billes de silicone sont donc de qualit\u00e9 m\u00e9dicale et conviennent aux jouets de dentition pour enfants.  Les perles rondes de 20 mm sont parfaites pour fabriquer des anneaux de dentition, des cordons de t\u00e9tine, des colliers d&#8217;allaitement, des pendentifs de sac ou des gymnases pour b\u00e9b\u00e9s, entre autres.<\/p>\n<p>Le reste de notre gamme de perles en silicone se trouve ici : <a href=\"https:\/\/www.jootjeshaakcadeautjes.nl\/fr\/product-categorie\/fabrication-de-jouets-de-dentition-pour-bebe-cordon-de-sucette-et-anneaux-de-dentition\/perles-en-silicone-sans-bpa-grossiste\/\">perles en silicone<\/a>.<br \/>\nLes perles en bois se trouvent ici : <a href=\"\/?product_cat=houten-kralen-kralen\">perles en bois.<\/a><\/p>\n<h3>Qualit\u00e9 et s\u00e9curit\u00e9 de nos perles de silicone<\/h3>\n<p>Toutes nos perles en silicone sont :<\/p>\n<ul>\n<li>Sans BPA<\/li>\n<li>Sans phtalates ni toxines<\/li>\n<li>Sans PVC<\/li>\n<li>Sans plomb<\/li>\n<li>Convient aux produits finis certifi\u00e9s CE<\/li>\n<li>Perles de silicone de qualit\u00e9 m\u00e9dicale<\/li>\n<\/ul>\n<h4>Fixation :<\/h4>\n<p>Les perles de silicone sont faciles \u00e0 enfiler sur un cordon de cire ou de satin. L&#8217;anneau de dentition hexagonal en silicone se noue tr\u00e8s bien et plusieurs fois.  Ces perles se pr\u00eatent bien \u00e0 l&#8217;utilisation de disques interm\u00e9diaires entre les perles de lettres. C&#8217;est non seulement un changement agr\u00e9able, mais cela permet aussi de rendre plus rond un anneau de dentition dans lequel vous voulez utiliser des perles de lettres. En effet, les perles de lettres en silicone sont carr\u00e9es. En les utilisant dans des anneaux de dentition sans entretoise, vous obtenez un segment qui ne veut pas se plier mais rester droit. La forme des disques ovales garantit que ce segment peut \u00e0 nouveau se plier. M\u00eame lorsqu&#8217;il est utilis\u00e9 dans un cordon de t\u00e9tine, ce cordon de t\u00e9tine reste plus souple.     <\/p>\n<h4>Nettoyage :<\/h4>\n<p>Ces perles ovales en silicone conviennent donc aussi bien aux b\u00e9b\u00e9s qu&#8217;aux enfants plus \u00e2g\u00e9s qui aiment mordre dans quelque chose. Les perles sont adapt\u00e9es aux produits finis certifi\u00e9s CE et sont robustes. Elles ne s&#8217;usent donc pratiquement pas. En outre, les perles sont faciles \u00e0 nettoyer. Ces perles en silicone peuvent facilement \u00eatre mises au lave-vaisselle ou dans de l&#8217;eau savonneuse.    Laissez-les ensuite bien s\u00e9cher avant de les donner \u00e0 nouveau \u00e0 un enfant. Les perles de silicone peuvent \u00e9galement \u00eatre conserv\u00e9es au r\u00e9frig\u00e9rateur.  Ils sont donc tr\u00e8s utiles pour soulager la douleur lors des pouss\u00e9es dentaires.<\/p>\n<p><em>Fixez toujours correctement les perles de silicone et contr\u00f4lez r\u00e9guli\u00e8rement vos cr\u00e9ations, par exemple pour v\u00e9rifier qu&#8217;elles ne s&#8217;usent pas. Vous en \u00eates vous-m\u00eame responsable.  Jootjes Haakcadeautjes ne contr\u00f4le pas le produit fini et ne peut donc pas assumer les dommages ou le rel\u00e2chement dus \u00e0 l&#8217;usure. Nous vous conseillons de n&#8217;utiliser les jouets de dentition faits \u00e0 la main que sous la surveillance d&#8217;un adulte afin d&#8217;\u00e9viter toute situation dangereuse. <\/em><\/p>\n<h3>Avec quoi ces perles se combinent-elles bien ?<\/h3>\n<p>Toutes nos perles se combinent bien entre elles. Nous stockons les m\u00eames couleurs dans le plus grand nombre possible de types de perles.  Ce n&#8217;est pas toujours possible. En outre, il est \u00e9galement amusant de combiner les couleurs et les formes.  Cela a un effet stimulant sur le d\u00e9veloppement de l&#8217;enfant. Plus elles sont color\u00e9es, mieux c&#8217;est. Comme mentionn\u00e9 ci-dessus, ces perles se pr\u00eatent bien \u00e0 une utilisation avec les perles de lettres, tant dans l&#8217;anneau de dentition que dans le cordon de la t\u00e9tine.  <\/p>\n<p>&nbsp;<\/p>\n<p>&nbsp;<\/p>\n<p>&nbsp;<\/p>\n","protected":false},"excerpt":{"rendered":"<p>Code couleur &#8220;Rose Gold Nugget&#8221; &#8211; avec impression m\u00e9tallique Rose<\/p>\n<p>&#8211; Type : Perles de silicone ovales &#8211; disque d&#8217;espacement<br \/>\n&#8211; Taille : 12 mm<br \/>\n&#8211; Vendu \u00e0 la pi\u00e8ce, nulle part moins cher<br \/>\n&#8211; Sans BPA, Phtalates, Plomb, PVC et poison<br \/>\n&#8211; Convient aux produits finis certifi\u00e9s CE<br \/>\n&#8211; Perles de silicone de qualit\u00e9 m\u00e9dicale<br \/>\n&#8211; Refroidissable au r\u00e9frig\u00e9rateur<br \/>\n&#8211; Lavable au lave-vaisselle<\/p>\n","protected":false},"featured_media":83165,"template":"","meta":[],"product_brand":[],"product_cat":[7378,10401,6992,10236],"product_tag":[7406,7521,7384,7424,7455,7428,7489,7418,7440,7513,12645,7392,7512,10124,7395,7200,7482,7415,7498,7468,7212],"class_list":{"0":"post-132611","1":"product","2":"type-product","3":"status-publish","4":"has-post-thumbnail","6":"product_cat-fabrication-de-jouets-de-dentition-pour-bebe-cordon-de-sucette-et-anneaux-de-dentition","7":"product_cat-perles-de-silicone-impressions-de-pepites-metalliques","8":"product_cat-perles-en-silicone-sans-bpa-grossiste","9":"product_cat-perles-en-silicone-avec-impression-toutes-les-impressions-leopard-panthere-girafe-zebre-roses-feuilles-et-autres","10":"product_tag-12-fr","11":"product_tag-12-mm-fr","12":"product_tag-anneau-de-dentition","13":"product_tag-bpa-fr","14":"product_tag-chaine-de-landau","15":"product_tag-collier-dallaitement","16":"product_tag-crochet-pour-sac","17":"product_tag-faux-cordon","18":"product_tag-gratuit","19":"product_tag-imprimer","20":"product_tag-lor-fr","21":"product_tag-mm-fr","22":"product_tag-ovale","23":"product_tag-pepite","24":"product_tag-perle","25":"product_tag-perles","26":"product_tag-phtalates","27":"product_tag-sans-bpa","28":"product_tag-septum","29":"product_tag-silicone-fr-2","30":"product_tag-silicone-fr","32":"first","33":"instock","34":"taxable","35":"shipping-taxable","36":"purchasable","37":"product-type-simple"},"bundled_by":["147552","150947","168134","220930"],"bundle_stock_status":"instock","bundle_stock_quantity":457,"bundle_virtual":false,"bundle_layout":"","bundle_add_to_cart_form_location":"","bundle_editable_in_cart":false,"bundle_sold_individually_context":"","bundle_item_grouping":"","bundle_min_size":"","bundle_max_size":"","bundle_price":[],"bundled_items":[],"bundle_sell_ids":[],"yoast_head":"<!-- This site is optimized with the Yoast SEO Premium plugin v27.6 (Yoast SEO v27.6) - https:\/\/yoast.com\/product\/yoast-seo-premium-wordpress\/ -->\n<title>Perles en silicone - Ovale - 12 mm - Imprim\u00e9 p\u00e9pite d&#039;or rose - Jootjes Crochet pr\u00e9sente<\/title>\n<meta name=\"description\" content=\"Les perles de silicone ovales de couleur vert sauge 12 mm sont exemptes de BPA, de plomb, de toxines, de phtalates et de PVC, et portent le marquage CE.\" \/>\n<meta name=\"robots\" content=\"index, follow, max-snippet:-1, max-image-preview:large, max-video-preview:-1\" \/>\n<link rel=\"canonical\" href=\"https:\/\/www.jootjeshaakcadeautjes.nl\/fr\/produit\/perles-de-silicone-ovale-12-mm-rose-or-nugget\/\" \/>\n<meta property=\"og:locale\" content=\"fr_FR\" \/>\n<meta property=\"og:type\" content=\"article\" \/>\n<meta property=\"og:title\" content=\"Perles en silicone - Ovale - 12 mm - Imprim\u00e9 p\u00e9pite d&#039;or rose\" \/>\n<meta property=\"og:description\" content=\"Les perles de silicone ovales de couleur vert sauge 12 mm sont exemptes de BPA, de plomb, de toxines, de phtalates et de PVC, et portent le marquage CE.\" \/>\n<meta property=\"og:url\" content=\"https:\/\/www.jootjeshaakcadeautjes.nl\/fr\/produit\/perles-de-silicone-ovale-12-mm-rose-or-nugget\/\" \/>\n<meta property=\"og:site_name\" content=\"Jootjes Haakcadeautjes\" \/>\n<meta property=\"article:modified_time\" content=\"2026-04-21T13:59:12+00:00\" \/>\n<meta property=\"og:image\" content=\"https:\/\/www.jootjeshaakcadeautjes.nl\/wp-content\/uploads\/2022\/10\/Siliconen-kralen-bpa-vrij-speenkoord-bijtring-groothandel-ovaal-12-mm-rose-gold-nugget.jpg\" \/>\n\t<meta property=\"og:image:width\" content=\"2048\" \/>\n\t<meta property=\"og:image:height\" content=\"2048\" \/>\n\t<meta property=\"og:image:type\" content=\"image\/jpeg\" \/>\n<meta name=\"twitter:card\" content=\"summary_large_image\" \/>\n<meta name=\"twitter:label1\" content=\"Prix\" \/>\n\t<meta name=\"twitter:data1\" content=\"&euro;0.26 TTC\" \/>\n\t<meta name=\"twitter:label2\" content=\"Disponibilit\u00e9\" \/>\n\t<meta name=\"twitter:data2\" content=\"En stock\" \/>\n<script type=\"application\/ld+json\" class=\"yoast-schema-graph\">{\"@context\":\"https:\\\/\\\/schema.org\",\"@graph\":[{\"@type\":\"WebPage\",\"@id\":\"https:\\\/\\\/www.jootjeshaakcadeautjes.nl\\\/fr\\\/produit\\\/perles-de-silicone-ovale-12-mm-rose-or-nugget\\\/\",\"url\":\"https:\\\/\\\/www.jootjeshaakcadeautjes.nl\\\/fr\\\/produit\\\/perles-de-silicone-ovale-12-mm-rose-or-nugget\\\/\",\"name\":\"Perles en silicone - Ovale - 12 mm - Imprim\u00e9 p\u00e9pite d'or rose - Jootjes Crochet pr\u00e9sente\",\"isPartOf\":{\"@id\":\"https:\\\/\\\/www.jootjeshaakcadeautjes.nl\\\/fr\\\/#website\"},\"primaryImageOfPage\":{\"@id\":\"https:\\\/\\\/www.jootjeshaakcadeautjes.nl\\\/fr\\\/produit\\\/perles-de-silicone-ovale-12-mm-rose-or-nugget\\\/#primaryimage\"},\"image\":{\"@id\":\"https:\\\/\\\/www.jootjeshaakcadeautjes.nl\\\/fr\\\/produit\\\/perles-de-silicone-ovale-12-mm-rose-or-nugget\\\/#primaryimage\"},\"thumbnailUrl\":\"https:\\\/\\\/d1dyryakdmle7o.cloudfront.net\\\/wp-content\\\/uploads\\\/2022\\\/10\\\/Siliconen-kralen-bpa-vrij-speenkoord-bijtring-groothandel-ovaal-12-mm-rose-gold-nugget.jpg\",\"datePublished\":\"2022-11-24T06:44:45+00:00\",\"dateModified\":\"2026-04-21T13:59:12+00:00\",\"description\":\"Les perles de silicone ovales de couleur vert sauge 12 mm sont exemptes de BPA, de plomb, de toxines, de phtalates et de PVC, et portent le marquage CE.\",\"breadcrumb\":{\"@id\":\"https:\\\/\\\/www.jootjeshaakcadeautjes.nl\\\/fr\\\/produit\\\/perles-de-silicone-ovale-12-mm-rose-or-nugget\\\/#breadcrumb\"},\"inLanguage\":\"fr-FR\",\"potentialAction\":[{\"@type\":\"ReadAction\",\"target\":[\"https:\\\/\\\/www.jootjeshaakcadeautjes.nl\\\/fr\\\/produit\\\/perles-de-silicone-ovale-12-mm-rose-or-nugget\\\/\"]}]},{\"@type\":\"ImageObject\",\"inLanguage\":\"fr-FR\",\"@id\":\"https:\\\/\\\/www.jootjeshaakcadeautjes.nl\\\/fr\\\/produit\\\/perles-de-silicone-ovale-12-mm-rose-or-nugget\\\/#primaryimage\",\"url\":\"https:\\\/\\\/d1dyryakdmle7o.cloudfront.net\\\/wp-content\\\/uploads\\\/2022\\\/10\\\/Siliconen-kralen-bpa-vrij-speenkoord-bijtring-groothandel-ovaal-12-mm-rose-gold-nugget.jpg\",\"contentUrl\":\"https:\\\/\\\/d1dyryakdmle7o.cloudfront.net\\\/wp-content\\\/uploads\\\/2022\\\/10\\\/Siliconen-kralen-bpa-vrij-speenkoord-bijtring-groothandel-ovaal-12-mm-rose-gold-nugget.jpg\",\"width\":2048,\"height\":2048,\"caption\":\"Perles en silicone bpa free dummy cordon anneau de dentition wholesale oval 12 mm rose gold nugget\"},{\"@type\":\"BreadcrumbList\",\"@id\":\"https:\\\/\\\/www.jootjeshaakcadeautjes.nl\\\/fr\\\/produit\\\/perles-de-silicone-ovale-12-mm-rose-or-nugget\\\/#breadcrumb\",\"itemListElement\":[{\"@type\":\"ListItem\",\"position\":1,\"name\":\"Accueil\",\"item\":\"https:\\\/\\\/www.jootjeshaakcadeautjes.nl\\\/fr\\\/\"},{\"@type\":\"ListItem\",\"position\":2,\"name\":\"Commerce de gros de perles en silicone &#8211; Entreprises et consommateurs\",\"item\":\"https:\\\/\\\/www.jootjeshaakcadeautjes.nl\\\/fr\\\/boutique\\\/\"},{\"@type\":\"ListItem\",\"position\":3,\"name\":\"Perles en silicone &#8211; Ovale &#8211; 12 mm &#8211; Imprim\u00e9 p\u00e9pite d&#8217;or rose\"}]},{\"@type\":\"WebSite\",\"@id\":\"https:\\\/\\\/www.jootjeshaakcadeautjes.nl\\\/fr\\\/#website\",\"url\":\"https:\\\/\\\/www.jootjeshaakcadeautjes.nl\\\/fr\\\/\",\"name\":\"Jootjes Haakcadeautjes\",\"description\":\"Grossiste en perles de silicone\",\"publisher\":{\"@id\":\"https:\\\/\\\/www.jootjeshaakcadeautjes.nl\\\/fr\\\/#organization\"},\"potentialAction\":[{\"@type\":\"SearchAction\",\"target\":{\"@type\":\"EntryPoint\",\"urlTemplate\":\"https:\\\/\\\/www.jootjeshaakcadeautjes.nl\\\/fr\\\/?s={search_term_string}\"},\"query-input\":{\"@type\":\"PropertyValueSpecification\",\"valueRequired\":true,\"valueName\":\"search_term_string\"}}],\"inLanguage\":\"fr-FR\"},{\"@type\":\"Organization\",\"@id\":\"https:\\\/\\\/www.jootjeshaakcadeautjes.nl\\\/fr\\\/#organization\",\"name\":\"Jootjes Haakcadeautjes\",\"url\":\"https:\\\/\\\/www.jootjeshaakcadeautjes.nl\\\/fr\\\/\",\"logo\":{\"@type\":\"ImageObject\",\"inLanguage\":\"fr-FR\",\"@id\":\"https:\\\/\\\/www.jootjeshaakcadeautjes.nl\\\/fr\\\/#\\\/schema\\\/logo\\\/image\\\/\",\"url\":\"https:\\\/\\\/d1dyryakdmle7o.cloudfront.net\\\/wp-content\\\/uploads\\\/2023\\\/05\\\/Logo-rond.png\",\"contentUrl\":\"https:\\\/\\\/d1dyryakdmle7o.cloudfront.net\\\/wp-content\\\/uploads\\\/2023\\\/05\\\/Logo-rond.png\",\"width\":1222,\"height\":1222,\"caption\":\"Jootjes Haakcadeautjes\"},\"image\":{\"@id\":\"https:\\\/\\\/www.jootjeshaakcadeautjes.nl\\\/fr\\\/#\\\/schema\\\/logo\\\/image\\\/\"}}]}<\/script>\n<meta property=\"product:price:amount\" content=\"0.26\" \/>\n<meta property=\"product:price:currency\" content=\"EUR\" \/>\n<meta property=\"og:availability\" content=\"instock\" \/>\n<meta property=\"product:availability\" content=\"instock\" \/>\n<meta property=\"product:retailer_item_id\" content=\"SKR-OTS-RGN\" \/>\n<meta property=\"product:condition\" content=\"new\" \/>\n<!-- \/ Yoast SEO Premium plugin. -->","yoast_head_json":{"title":"Perles en silicone - Ovale - 12 mm - Imprim\u00e9 p\u00e9pite d'or rose - Jootjes Crochet pr\u00e9sente","description":"Les perles de silicone ovales de couleur vert sauge 12 mm sont exemptes de BPA, de plomb, de toxines, de phtalates et de PVC, et portent le marquage CE.","robots":{"index":"index","follow":"follow","max-snippet":"max-snippet:-1","max-image-preview":"max-image-preview:large","max-video-preview":"max-video-preview:-1"},"canonical":"https:\/\/www.jootjeshaakcadeautjes.nl\/fr\/produit\/perles-de-silicone-ovale-12-mm-rose-or-nugget\/","og_locale":"fr_FR","og_type":"article","og_title":"Perles en silicone - Ovale - 12 mm - Imprim\u00e9 p\u00e9pite d'or rose","og_description":"Les perles de silicone ovales de couleur vert sauge 12 mm sont exemptes de BPA, de plomb, de toxines, de phtalates et de PVC, et portent le marquage CE.","og_url":"https:\/\/www.jootjeshaakcadeautjes.nl\/fr\/produit\/perles-de-silicone-ovale-12-mm-rose-or-nugget\/","og_site_name":"Jootjes Haakcadeautjes","article_modified_time":"2026-04-21T13:59:12+00:00","og_image":[{"width":2048,"height":2048,"url":"https:\/\/www.jootjeshaakcadeautjes.nl\/wp-content\/uploads\/2022\/10\/Siliconen-kralen-bpa-vrij-speenkoord-bijtring-groothandel-ovaal-12-mm-rose-gold-nugget.jpg","type":"image\/jpeg"}],"twitter_card":"summary_large_image","twitter_misc":{"Prix":"&euro;0.26 TTC","Disponibilit\u00e9":"En stock"},"schema":{"@context":"https:\/\/schema.org","@graph":[{"@type":"WebPage","@id":"https:\/\/www.jootjeshaakcadeautjes.nl\/fr\/produit\/perles-de-silicone-ovale-12-mm-rose-or-nugget\/","url":"https:\/\/www.jootjeshaakcadeautjes.nl\/fr\/produit\/perles-de-silicone-ovale-12-mm-rose-or-nugget\/","name":"Perles en silicone - Ovale - 12 mm - Imprim\u00e9 p\u00e9pite d'or rose - Jootjes Crochet pr\u00e9sente","isPartOf":{"@id":"https:\/\/www.jootjeshaakcadeautjes.nl\/fr\/#website"},"primaryImageOfPage":{"@id":"https:\/\/www.jootjeshaakcadeautjes.nl\/fr\/produit\/perles-de-silicone-ovale-12-mm-rose-or-nugget\/#primaryimage"},"image":{"@id":"https:\/\/www.jootjeshaakcadeautjes.nl\/fr\/produit\/perles-de-silicone-ovale-12-mm-rose-or-nugget\/#primaryimage"},"thumbnailUrl":"https:\/\/d1dyryakdmle7o.cloudfront.net\/wp-content\/uploads\/2022\/10\/Siliconen-kralen-bpa-vrij-speenkoord-bijtring-groothandel-ovaal-12-mm-rose-gold-nugget.jpg","datePublished":"2022-11-24T06:44:45+00:00","dateModified":"2026-04-21T13:59:12+00:00","description":"Les perles de silicone ovales de couleur vert sauge 12 mm sont exemptes de BPA, de plomb, de toxines, de phtalates et de PVC, et portent le marquage CE.","breadcrumb":{"@id":"https:\/\/www.jootjeshaakcadeautjes.nl\/fr\/produit\/perles-de-silicone-ovale-12-mm-rose-or-nugget\/#breadcrumb"},"inLanguage":"fr-FR","potentialAction":[{"@type":"ReadAction","target":["https:\/\/www.jootjeshaakcadeautjes.nl\/fr\/produit\/perles-de-silicone-ovale-12-mm-rose-or-nugget\/"]}]},{"@type":"ImageObject","inLanguage":"fr-FR","@id":"https:\/\/www.jootjeshaakcadeautjes.nl\/fr\/produit\/perles-de-silicone-ovale-12-mm-rose-or-nugget\/#primaryimage","url":"https:\/\/d1dyryakdmle7o.cloudfront.net\/wp-content\/uploads\/2022\/10\/Siliconen-kralen-bpa-vrij-speenkoord-bijtring-groothandel-ovaal-12-mm-rose-gold-nugget.jpg","contentUrl":"https:\/\/d1dyryakdmle7o.cloudfront.net\/wp-content\/uploads\/2022\/10\/Siliconen-kralen-bpa-vrij-speenkoord-bijtring-groothandel-ovaal-12-mm-rose-gold-nugget.jpg","width":2048,"height":2048,"caption":"Perles en silicone bpa free dummy cordon anneau de dentition wholesale oval 12 mm rose gold nugget"},{"@type":"BreadcrumbList","@id":"https:\/\/www.jootjeshaakcadeautjes.nl\/fr\/produit\/perles-de-silicone-ovale-12-mm-rose-or-nugget\/#breadcrumb","itemListElement":[{"@type":"ListItem","position":1,"name":"Accueil","item":"https:\/\/www.jootjeshaakcadeautjes.nl\/fr\/"},{"@type":"ListItem","position":2,"name":"Commerce de gros de perles en silicone &#8211; Entreprises et consommateurs","item":"https:\/\/www.jootjeshaakcadeautjes.nl\/fr\/boutique\/"},{"@type":"ListItem","position":3,"name":"Perles en silicone &#8211; Ovale &#8211; 12 mm &#8211; Imprim\u00e9 p\u00e9pite d&#8217;or rose"}]},{"@type":"WebSite","@id":"https:\/\/www.jootjeshaakcadeautjes.nl\/fr\/#website","url":"https:\/\/www.jootjeshaakcadeautjes.nl\/fr\/","name":"Jootjes Haakcadeautjes","description":"Grossiste en perles de silicone","publisher":{"@id":"https:\/\/www.jootjeshaakcadeautjes.nl\/fr\/#organization"},"potentialAction":[{"@type":"SearchAction","target":{"@type":"EntryPoint","urlTemplate":"https:\/\/www.jootjeshaakcadeautjes.nl\/fr\/?s={search_term_string}"},"query-input":{"@type":"PropertyValueSpecification","valueRequired":true,"valueName":"search_term_string"}}],"inLanguage":"fr-FR"},{"@type":"Organization","@id":"https:\/\/www.jootjeshaakcadeautjes.nl\/fr\/#organization","name":"Jootjes Haakcadeautjes","url":"https:\/\/www.jootjeshaakcadeautjes.nl\/fr\/","logo":{"@type":"ImageObject","inLanguage":"fr-FR","@id":"https:\/\/www.jootjeshaakcadeautjes.nl\/fr\/#\/schema\/logo\/image\/","url":"https:\/\/d1dyryakdmle7o.cloudfront.net\/wp-content\/uploads\/2023\/05\/Logo-rond.png","contentUrl":"https:\/\/d1dyryakdmle7o.cloudfront.net\/wp-content\/uploads\/2023\/05\/Logo-rond.png","width":1222,"height":1222,"caption":"Jootjes Haakcadeautjes"},"image":{"@id":"https:\/\/www.jootjeshaakcadeautjes.nl\/fr\/#\/schema\/logo\/image\/"}}]},"product_price_amount":"0.26","product_price_currency":"EUR","og_availability":"instock","product_availability":"instock","product_retailer_item_id":"SKR-OTS-RGN","product_condition":"new"},"_links":{"self":[{"href":"https:\/\/www.jootjeshaakcadeautjes.nl\/fr\/wp-json\/wp\/v2\/product\/132611","targetHints":{"allow":["GET"]}}],"collection":[{"href":"https:\/\/www.jootjeshaakcadeautjes.nl\/fr\/wp-json\/wp\/v2\/product"}],"about":[{"href":"https:\/\/www.jootjeshaakcadeautjes.nl\/fr\/wp-json\/wp\/v2\/types\/product"}],"version-history":[{"count":0,"href":"https:\/\/www.jootjeshaakcadeautjes.nl\/fr\/wp-json\/wp\/v2\/product\/132611\/revisions"}],"wp:featuredmedia":[{"embeddable":true,"href":"https:\/\/www.jootjeshaakcadeautjes.nl\/fr\/wp-json\/wp\/v2\/media\/83165"}],"wp:attachment":[{"href":"https:\/\/www.jootjeshaakcadeautjes.nl\/fr\/wp-json\/wp\/v2\/media?parent=132611"}],"wp:term":[{"taxonomy":"product_brand","embeddable":true,"href":"https:\/\/www.jootjeshaakcadeautjes.nl\/fr\/wp-json\/wp\/v2\/product_brand?post=132611"},{"taxonomy":"product_cat","embeddable":true,"href":"https:\/\/www.jootjeshaakcadeautjes.nl\/fr\/wp-json\/wp\/v2\/product_cat?post=132611"},{"taxonomy":"product_tag","embeddable":true,"href":"https:\/\/www.jootjeshaakcadeautjes.nl\/fr\/wp-json\/wp\/v2\/product_tag?post=132611"}],"curies":[{"name":"wp","href":"https:\/\/api.w.org\/{rel}","templated":true}]}}