{"id":132737,"date":"2022-11-03T21:54:53","date_gmt":"2022-11-03T20:54:53","guid":{"rendered":"https:\/\/www.jootjeshaakcadeautjes.nl\/product\/perles-de-bois-hexagone-10-mm-hetre\/"},"modified":"2025-03-11T17:01:59","modified_gmt":"2025-03-11T16:01:59","slug":"perles-de-bois-hexagone-10-mm-hetre","status":"publish","type":"product","link":"https:\/\/www.jootjeshaakcadeautjes.nl\/fr\/produit\/perles-de-bois-hexagone-10-mm-hetre\/","title":{"rendered":"Perle en bois &#8211; 10 mm Hexagone &#8211; Bois de h\u00eatre"},"content":{"rendered":"<h2><span style=\"text-decoration: underline; color: #38002d;\"><br \/>\n  <strong>Perle en bois hexagonale <span style=\"color: #38002d;\">g\u00e9om\u00e9trique<\/span><\/strong><br \/>\n<\/span><span style=\"text-decoration: underline;\"> <strong style=\"color: #38002d; font-size: 24px; text-decoration: underline;\">10 mm <\/strong><\/span> <\/h2>\n<p><span style=\"color: #000000;\">Ces perles en bois de h\u00eatre sont broy\u00e9es en formes hexagonales\/g\u00e9om\u00e9triques. Les perles en bois sont fabriqu\u00e9es en bois de h\u00eatre clair non trait\u00e9. En choisissant des perles en bois de forme hexagonale, vous obtiendrez une variation amusante pour votre cordon de landau, votre anneau de dentition ou votre cordon de t\u00e9tine. Les perles hexagonales en bois sont disponibles en trois tailles.  <\/span><\/p>\n<p><span style=\"color: #000000;\">Les perles hexagonales en bois peuvent parfois pr\u00e9senter des \u00e9carts minimes car elles sont fabriqu\u00e9es \u00e0 partir de mat\u00e9riaux naturels. Nous recyclons la perle hexagonale d\u00e8s que nous d\u00e9tectons une d\u00e9viation excessive. Par cons\u00e9quent, nous pouvons toujours garantir des produits de haute qualit\u00e9.<\/span><\/p>\n<p><span style=\"color: #000000;\">Faites attention lorsque vous utilisez des perles en bois hexagonales dans des jouets pour b\u00e9b\u00e9s ou pour enfants. Le h\u00eatre est le meilleur bois pour les jouets d&#8217;enfants en raison de son faible risque d&#8217;\u00e9chardes. N\u00e9anmoins, i<\/span><span style=\"color: #000000;\">nstruire aux parents\/grands-parents\/clients de v\u00e9rifier soigneusement que le produit n&#8217;est pas us\u00e9 ou d\u00e9chir\u00e9. Il est \u00e9galement important de v\u00e9rifier r\u00e9guli\u00e8rement que les cordons utilis\u00e9s pour enfiler les perles ne sont pas us\u00e9s ou d\u00e9chir\u00e9s. Par cons\u00e9quent, les projets r\u00e9alis\u00e9s ne doivent \u00eatre utilis\u00e9s que sous la supervision d&#8217;un adulte. Jootjes Haakcadeautjes ne contr\u00f4le pas votre projet termin\u00e9 et n&#8217;est donc en aucun cas responsable des dommages caus\u00e9s par le produit fini.  <\/span><\/p>\n<h3><span style=\"color: #38002d;\"><strong>\u00c0 quoi peuvent servir ces perles en bois hexagonales et g\u00e9om\u00e9triques ?<\/strong><\/span><\/h3>\n<p><span style=\"color: #000000;\">Les perles ovales en bois sont une variante amusante pour tous vos projets maison. Vous pouvez utiliser ces perles pour fabriquer des anneaux de dentition, des pendentifs de landau, mais aussi les clips plus longs pour une t\u00e9tine, un jouet\/c\u00e2lin ou un anneau de dentition. Ces perles sont semblables \u00e0 celles d&#8217;un boulier d&#8217;antan. Les perles sont fabriqu\u00e9es en bois de h\u00eatre brut (non laqu\u00e9, teint\u00e9 ou huil\u00e9).  <\/span><\/p>\n<p>&nbsp;<\/p>\n","protected":false},"excerpt":{"rendered":"<p>Bois de h\u00eatre poli non trait\u00e9.<br \/>\nCoupe g\u00e9om\u00e9trique en forme d&#8217;hexagone.<br \/>\nTaille de 10 mm.<\/p>\n<p>&nbsp;<\/p>\n","protected":false},"featured_media":69842,"template":"","meta":[],"product_brand":[],"product_cat":[7378,13490,10405,13493],"product_tag":[12297,12871,13449,7384,12653,12316,7455,7197,13495,7418,7586,13502,10414,7596,7392,13500,13498,7200,10290,7408],"class_list":{"0":"post-132737","1":"product","2":"type-product","3":"status-publish","4":"has-post-thumbnail","6":"product_cat-fabrication-de-jouets-de-dentition-pour-bebe-cordon-de-sucette-et-anneaux-de-dentition","7":"product_cat-perles-en-bois-bois-de-hetre-attache-sucette-et-anneau-de-dentition","8":"product_cat-perles-en-bois-fil-de-sucette-et-anneau-de-dentition-toutes-les-perles-en-bois","9":"product_cat-perles-en-bois-pour-le-macrame-et-le-crochet","10":"product_tag-10-fr","11":"product_tag-10-mm-fr","12":"product_tag-adapte-aux-enfants","13":"product_tag-anneau-de-dentition","14":"product_tag-bois-de-hetre-fr","15":"product_tag-brut","16":"product_tag-chaine-de-landau","17":"product_tag-en-bois","18":"product_tag-facette-fr","19":"product_tag-faux-cordon","20":"product_tag-geometrique","21":"product_tag-hetre-fr","22":"product_tag-hetre","23":"product_tag-hexagone","24":"product_tag-mm-fr","25":"product_tag-non-toxique","26":"product_tag-non-traite","27":"product_tag-perles","28":"product_tag-protection-des-enfants","29":"product_tag-sur","31":"first","32":"instock","33":"taxable","34":"shipping-taxable","35":"purchasable","36":"product-type-simple"},"bundled_by":[],"bundle_stock_status":"instock","bundle_stock_quantity":52,"bundle_virtual":false,"bundle_layout":"","bundle_add_to_cart_form_location":"","bundle_editable_in_cart":false,"bundle_sold_individually_context":"","bundle_item_grouping":"","bundle_min_size":"","bundle_max_size":"","bundle_price":[],"bundled_items":[],"bundle_sell_ids":[],"yoast_head":"<!-- This site is optimized with the Yoast SEO Premium plugin v27.4 (Yoast SEO v27.4) - https:\/\/yoast.com\/product\/yoast-seo-premium-wordpress\/ -->\n<title>Perles en bois Hexagone\/g\u00e9om\u00e9trique - Jootjes Crochet presents<\/title>\n<meta name=\"description\" content=\"Perles en bois de h\u00eatre hexagonales g\u00e9om\u00e9triques de petite taille 12 mm pour votre cordon de landau, anneau de dentition ou cordon de t\u00e9tine. Les perles hexagonales sont id\u00e9ales pour les jouets de dentition.\" \/>\n<meta name=\"robots\" content=\"index, follow, max-snippet:-1, max-image-preview:large, max-video-preview:-1\" \/>\n<link rel=\"canonical\" href=\"https:\/\/www.jootjeshaakcadeautjes.nl\/fr\/produit\/perles-de-bois-hexagone-10-mm-hetre\/\" \/>\n<meta property=\"og:locale\" content=\"fr_FR\" \/>\n<meta property=\"og:type\" content=\"article\" \/>\n<meta property=\"og:title\" content=\"Perle en bois - 10 mm Hexagone - Bois de h\u00eatre\" \/>\n<meta property=\"og:description\" content=\"Perles en bois de h\u00eatre hexagonales g\u00e9om\u00e9triques de petite taille 12 mm pour votre cordon de landau, anneau de dentition ou cordon de t\u00e9tine. Les perles hexagonales sont id\u00e9ales pour les jouets de dentition.\" \/>\n<meta property=\"og:url\" content=\"https:\/\/www.jootjeshaakcadeautjes.nl\/fr\/produit\/perles-de-bois-hexagone-10-mm-hetre\/\" \/>\n<meta property=\"og:site_name\" content=\"Jootjes Haakcadeautjes\" \/>\n<meta property=\"article:modified_time\" content=\"2025-03-11T16:01:59+00:00\" \/>\n<meta property=\"og:image\" content=\"https:\/\/www.jootjeshaakcadeautjes.nl\/wp-content\/uploads\/2020\/06\/20200608_210025.jpg\" \/>\n\t<meta property=\"og:image:width\" content=\"572\" \/>\n\t<meta property=\"og:image:height\" content=\"572\" \/>\n\t<meta property=\"og:image:type\" content=\"image\/jpeg\" \/>\n<meta name=\"twitter:card\" content=\"summary_large_image\" \/>\n<meta name=\"twitter:label1\" content=\"Prix\" \/>\n\t<meta name=\"twitter:data1\" content=\"&euro;0.25 TTC\" \/>\n\t<meta name=\"twitter:label2\" content=\"Disponibilit\u00e9\" \/>\n\t<meta name=\"twitter:data2\" content=\"En stock\" \/>\n<script type=\"application\/ld+json\" class=\"yoast-schema-graph\">{\"@context\":\"https:\\\/\\\/schema.org\",\"@graph\":[{\"@type\":\"WebPage\",\"@id\":\"https:\\\/\\\/www.jootjeshaakcadeautjes.nl\\\/fr\\\/produit\\\/perles-de-bois-hexagone-10-mm-hetre\\\/\",\"url\":\"https:\\\/\\\/www.jootjeshaakcadeautjes.nl\\\/fr\\\/produit\\\/perles-de-bois-hexagone-10-mm-hetre\\\/\",\"name\":\"Perles en bois Hexagone\\\/g\u00e9om\u00e9trique - Jootjes Crochet presents\",\"isPartOf\":{\"@id\":\"https:\\\/\\\/www.jootjeshaakcadeautjes.nl\\\/fr\\\/#website\"},\"primaryImageOfPage\":{\"@id\":\"https:\\\/\\\/www.jootjeshaakcadeautjes.nl\\\/fr\\\/produit\\\/perles-de-bois-hexagone-10-mm-hetre\\\/#primaryimage\"},\"image\":{\"@id\":\"https:\\\/\\\/www.jootjeshaakcadeautjes.nl\\\/fr\\\/produit\\\/perles-de-bois-hexagone-10-mm-hetre\\\/#primaryimage\"},\"thumbnailUrl\":\"https:\\\/\\\/d1dyryakdmle7o.cloudfront.net\\\/wp-content\\\/uploads\\\/2020\\\/06\\\/20200608_210025.jpg\",\"datePublished\":\"2022-11-03T20:54:53+00:00\",\"dateModified\":\"2025-03-11T16:01:59+00:00\",\"description\":\"Perles en bois de h\u00eatre hexagonales g\u00e9om\u00e9triques de petite taille 12 mm pour votre cordon de landau, anneau de dentition ou cordon de t\u00e9tine. Les perles hexagonales sont id\u00e9ales pour les jouets de dentition.\",\"breadcrumb\":{\"@id\":\"https:\\\/\\\/www.jootjeshaakcadeautjes.nl\\\/fr\\\/produit\\\/perles-de-bois-hexagone-10-mm-hetre\\\/#breadcrumb\"},\"inLanguage\":\"fr-FR\",\"potentialAction\":[{\"@type\":\"ReadAction\",\"target\":[\"https:\\\/\\\/www.jootjeshaakcadeautjes.nl\\\/fr\\\/produit\\\/perles-de-bois-hexagone-10-mm-hetre\\\/\"]}]},{\"@type\":\"ImageObject\",\"inLanguage\":\"fr-FR\",\"@id\":\"https:\\\/\\\/www.jootjeshaakcadeautjes.nl\\\/fr\\\/produit\\\/perles-de-bois-hexagone-10-mm-hetre\\\/#primaryimage\",\"url\":\"https:\\\/\\\/d1dyryakdmle7o.cloudfront.net\\\/wp-content\\\/uploads\\\/2020\\\/06\\\/20200608_210025.jpg\",\"contentUrl\":\"https:\\\/\\\/d1dyryakdmle7o.cloudfront.net\\\/wp-content\\\/uploads\\\/2020\\\/06\\\/20200608_210025.jpg\",\"width\":572,\"height\":572,\"caption\":\"Anneau de dentition en bois de h\u00eatre hexagonal 12 mm anneau de dentition pour b\u00e9b\u00e9 cordon de t\u00e9tine jouet de dentition tire landau NEN\"},{\"@type\":\"BreadcrumbList\",\"@id\":\"https:\\\/\\\/www.jootjeshaakcadeautjes.nl\\\/fr\\\/produit\\\/perles-de-bois-hexagone-10-mm-hetre\\\/#breadcrumb\",\"itemListElement\":[{\"@type\":\"ListItem\",\"position\":1,\"name\":\"Accueil\",\"item\":\"https:\\\/\\\/www.jootjeshaakcadeautjes.nl\\\/fr\\\/\"},{\"@type\":\"ListItem\",\"position\":2,\"name\":\"Commerce de gros de perles en silicone &#8211; Entreprises et consommateurs\",\"item\":\"https:\\\/\\\/www.jootjeshaakcadeautjes.nl\\\/fr\\\/boutique\\\/\"},{\"@type\":\"ListItem\",\"position\":3,\"name\":\"Perle en bois &#8211; 10 mm Hexagone &#8211; Bois de h\u00eatre\"}]},{\"@type\":\"WebSite\",\"@id\":\"https:\\\/\\\/www.jootjeshaakcadeautjes.nl\\\/fr\\\/#website\",\"url\":\"https:\\\/\\\/www.jootjeshaakcadeautjes.nl\\\/fr\\\/\",\"name\":\"Jootjes Haakcadeautjes\",\"description\":\"Grossiste en perles de silicone\",\"publisher\":{\"@id\":\"https:\\\/\\\/www.jootjeshaakcadeautjes.nl\\\/fr\\\/#organization\"},\"potentialAction\":[{\"@type\":\"SearchAction\",\"target\":{\"@type\":\"EntryPoint\",\"urlTemplate\":\"https:\\\/\\\/www.jootjeshaakcadeautjes.nl\\\/fr\\\/?s={search_term_string}\"},\"query-input\":{\"@type\":\"PropertyValueSpecification\",\"valueRequired\":true,\"valueName\":\"search_term_string\"}}],\"inLanguage\":\"fr-FR\"},{\"@type\":\"Organization\",\"@id\":\"https:\\\/\\\/www.jootjeshaakcadeautjes.nl\\\/fr\\\/#organization\",\"name\":\"Jootjes Haakcadeautjes\",\"url\":\"https:\\\/\\\/www.jootjeshaakcadeautjes.nl\\\/fr\\\/\",\"logo\":{\"@type\":\"ImageObject\",\"inLanguage\":\"fr-FR\",\"@id\":\"https:\\\/\\\/www.jootjeshaakcadeautjes.nl\\\/fr\\\/#\\\/schema\\\/logo\\\/image\\\/\",\"url\":\"https:\\\/\\\/jootjes-haakcadeautjes-media.s3.amazonaws.com\\\/wp-content\\\/uploads\\\/2023\\\/05\\\/Logo-rond.png\",\"contentUrl\":\"https:\\\/\\\/jootjes-haakcadeautjes-media.s3.amazonaws.com\\\/wp-content\\\/uploads\\\/2023\\\/05\\\/Logo-rond.png\",\"width\":1222,\"height\":1222,\"caption\":\"Jootjes Haakcadeautjes\"},\"image\":{\"@id\":\"https:\\\/\\\/www.jootjeshaakcadeautjes.nl\\\/fr\\\/#\\\/schema\\\/logo\\\/image\\\/\"}}]}<\/script>\n<meta property=\"product:price:amount\" content=\"0.25\" \/>\n<meta property=\"product:price:currency\" content=\"EUR\" \/>\n<meta property=\"og:availability\" content=\"instock\" \/>\n<meta property=\"product:availability\" content=\"instock\" \/>\n<meta property=\"product:retailer_item_id\" content=\"BHO-HEX-010\" \/>\n<meta property=\"product:condition\" content=\"new\" \/>\n<!-- \/ Yoast SEO Premium plugin. -->","yoast_head_json":{"title":"Perles en bois Hexagone\/g\u00e9om\u00e9trique - Jootjes Crochet presents","description":"Perles en bois de h\u00eatre hexagonales g\u00e9om\u00e9triques de petite taille 12 mm pour votre cordon de landau, anneau de dentition ou cordon de t\u00e9tine. Les perles hexagonales sont id\u00e9ales pour les jouets de dentition.","robots":{"index":"index","follow":"follow","max-snippet":"max-snippet:-1","max-image-preview":"max-image-preview:large","max-video-preview":"max-video-preview:-1"},"canonical":"https:\/\/www.jootjeshaakcadeautjes.nl\/fr\/produit\/perles-de-bois-hexagone-10-mm-hetre\/","og_locale":"fr_FR","og_type":"article","og_title":"Perle en bois - 10 mm Hexagone - Bois de h\u00eatre","og_description":"Perles en bois de h\u00eatre hexagonales g\u00e9om\u00e9triques de petite taille 12 mm pour votre cordon de landau, anneau de dentition ou cordon de t\u00e9tine. Les perles hexagonales sont id\u00e9ales pour les jouets de dentition.","og_url":"https:\/\/www.jootjeshaakcadeautjes.nl\/fr\/produit\/perles-de-bois-hexagone-10-mm-hetre\/","og_site_name":"Jootjes Haakcadeautjes","article_modified_time":"2025-03-11T16:01:59+00:00","og_image":[{"width":572,"height":572,"url":"https:\/\/www.jootjeshaakcadeautjes.nl\/wp-content\/uploads\/2020\/06\/20200608_210025.jpg","type":"image\/jpeg"}],"twitter_card":"summary_large_image","twitter_misc":{"Prix":"&euro;0.25 TTC","Disponibilit\u00e9":"En stock"},"schema":{"@context":"https:\/\/schema.org","@graph":[{"@type":"WebPage","@id":"https:\/\/www.jootjeshaakcadeautjes.nl\/fr\/produit\/perles-de-bois-hexagone-10-mm-hetre\/","url":"https:\/\/www.jootjeshaakcadeautjes.nl\/fr\/produit\/perles-de-bois-hexagone-10-mm-hetre\/","name":"Perles en bois Hexagone\/g\u00e9om\u00e9trique - Jootjes Crochet presents","isPartOf":{"@id":"https:\/\/www.jootjeshaakcadeautjes.nl\/fr\/#website"},"primaryImageOfPage":{"@id":"https:\/\/www.jootjeshaakcadeautjes.nl\/fr\/produit\/perles-de-bois-hexagone-10-mm-hetre\/#primaryimage"},"image":{"@id":"https:\/\/www.jootjeshaakcadeautjes.nl\/fr\/produit\/perles-de-bois-hexagone-10-mm-hetre\/#primaryimage"},"thumbnailUrl":"https:\/\/d1dyryakdmle7o.cloudfront.net\/wp-content\/uploads\/2020\/06\/20200608_210025.jpg","datePublished":"2022-11-03T20:54:53+00:00","dateModified":"2025-03-11T16:01:59+00:00","description":"Perles en bois de h\u00eatre hexagonales g\u00e9om\u00e9triques de petite taille 12 mm pour votre cordon de landau, anneau de dentition ou cordon de t\u00e9tine. Les perles hexagonales sont id\u00e9ales pour les jouets de dentition.","breadcrumb":{"@id":"https:\/\/www.jootjeshaakcadeautjes.nl\/fr\/produit\/perles-de-bois-hexagone-10-mm-hetre\/#breadcrumb"},"inLanguage":"fr-FR","potentialAction":[{"@type":"ReadAction","target":["https:\/\/www.jootjeshaakcadeautjes.nl\/fr\/produit\/perles-de-bois-hexagone-10-mm-hetre\/"]}]},{"@type":"ImageObject","inLanguage":"fr-FR","@id":"https:\/\/www.jootjeshaakcadeautjes.nl\/fr\/produit\/perles-de-bois-hexagone-10-mm-hetre\/#primaryimage","url":"https:\/\/d1dyryakdmle7o.cloudfront.net\/wp-content\/uploads\/2020\/06\/20200608_210025.jpg","contentUrl":"https:\/\/d1dyryakdmle7o.cloudfront.net\/wp-content\/uploads\/2020\/06\/20200608_210025.jpg","width":572,"height":572,"caption":"Anneau de dentition en bois de h\u00eatre hexagonal 12 mm anneau de dentition pour b\u00e9b\u00e9 cordon de t\u00e9tine jouet de dentition tire landau NEN"},{"@type":"BreadcrumbList","@id":"https:\/\/www.jootjeshaakcadeautjes.nl\/fr\/produit\/perles-de-bois-hexagone-10-mm-hetre\/#breadcrumb","itemListElement":[{"@type":"ListItem","position":1,"name":"Accueil","item":"https:\/\/www.jootjeshaakcadeautjes.nl\/fr\/"},{"@type":"ListItem","position":2,"name":"Commerce de gros de perles en silicone &#8211; Entreprises et consommateurs","item":"https:\/\/www.jootjeshaakcadeautjes.nl\/fr\/boutique\/"},{"@type":"ListItem","position":3,"name":"Perle en bois &#8211; 10 mm Hexagone &#8211; Bois de h\u00eatre"}]},{"@type":"WebSite","@id":"https:\/\/www.jootjeshaakcadeautjes.nl\/fr\/#website","url":"https:\/\/www.jootjeshaakcadeautjes.nl\/fr\/","name":"Jootjes Haakcadeautjes","description":"Grossiste en perles de silicone","publisher":{"@id":"https:\/\/www.jootjeshaakcadeautjes.nl\/fr\/#organization"},"potentialAction":[{"@type":"SearchAction","target":{"@type":"EntryPoint","urlTemplate":"https:\/\/www.jootjeshaakcadeautjes.nl\/fr\/?s={search_term_string}"},"query-input":{"@type":"PropertyValueSpecification","valueRequired":true,"valueName":"search_term_string"}}],"inLanguage":"fr-FR"},{"@type":"Organization","@id":"https:\/\/www.jootjeshaakcadeautjes.nl\/fr\/#organization","name":"Jootjes Haakcadeautjes","url":"https:\/\/www.jootjeshaakcadeautjes.nl\/fr\/","logo":{"@type":"ImageObject","inLanguage":"fr-FR","@id":"https:\/\/www.jootjeshaakcadeautjes.nl\/fr\/#\/schema\/logo\/image\/","url":"https:\/\/jootjes-haakcadeautjes-media.s3.amazonaws.com\/wp-content\/uploads\/2023\/05\/Logo-rond.png","contentUrl":"https:\/\/jootjes-haakcadeautjes-media.s3.amazonaws.com\/wp-content\/uploads\/2023\/05\/Logo-rond.png","width":1222,"height":1222,"caption":"Jootjes Haakcadeautjes"},"image":{"@id":"https:\/\/www.jootjeshaakcadeautjes.nl\/fr\/#\/schema\/logo\/image\/"}}]},"product_price_amount":"0.25","product_price_currency":"EUR","og_availability":"instock","product_availability":"instock","product_retailer_item_id":"BHO-HEX-010","product_condition":"new"},"_links":{"self":[{"href":"https:\/\/www.jootjeshaakcadeautjes.nl\/fr\/wp-json\/wp\/v2\/product\/132737","targetHints":{"allow":["GET"]}}],"collection":[{"href":"https:\/\/www.jootjeshaakcadeautjes.nl\/fr\/wp-json\/wp\/v2\/product"}],"about":[{"href":"https:\/\/www.jootjeshaakcadeautjes.nl\/fr\/wp-json\/wp\/v2\/types\/product"}],"version-history":[{"count":0,"href":"https:\/\/www.jootjeshaakcadeautjes.nl\/fr\/wp-json\/wp\/v2\/product\/132737\/revisions"}],"wp:featuredmedia":[{"embeddable":true,"href":"https:\/\/www.jootjeshaakcadeautjes.nl\/fr\/wp-json\/wp\/v2\/media\/69842"}],"wp:attachment":[{"href":"https:\/\/www.jootjeshaakcadeautjes.nl\/fr\/wp-json\/wp\/v2\/media?parent=132737"}],"wp:term":[{"taxonomy":"product_brand","embeddable":true,"href":"https:\/\/www.jootjeshaakcadeautjes.nl\/fr\/wp-json\/wp\/v2\/product_brand?post=132737"},{"taxonomy":"product_cat","embeddable":true,"href":"https:\/\/www.jootjeshaakcadeautjes.nl\/fr\/wp-json\/wp\/v2\/product_cat?post=132737"},{"taxonomy":"product_tag","embeddable":true,"href":"https:\/\/www.jootjeshaakcadeautjes.nl\/fr\/wp-json\/wp\/v2\/product_tag?post=132737"}],"curies":[{"name":"wp","href":"https:\/\/api.w.org\/{rel}","templated":true}]}}