{"id":132970,"date":"2022-10-20T02:54:28","date_gmt":"2022-10-20T00:54:28","guid":{"rendered":"https:\/\/www.jootjeshaakcadeautjes.nl\/product\/bois-en-forme-de-perles-nid-dabeille-nervure-16-mm-hetre\/"},"modified":"2026-05-02T23:04:37","modified_gmt":"2026-05-02T21:04:37","slug":"bois-en-forme-de-perles-nid-dabeille-nervure-16-mm-hetre","status":"publish","type":"product","link":"https:\/\/www.jootjeshaakcadeautjes.nl\/fr\/produit\/bois-en-forme-de-perles-nid-dabeille-nervure-16-mm-hetre\/","title":{"rendered":"Perle en bois &#8211; Nid d&#8217;abeille\/Ribelle &#8211; 16 mm &#8211; Bois de h\u00eatre"},"content":{"rendered":"<p><strong>Perles en bois 16 mm nid d&#8217;abeille &#8211; Bois de h\u00eatre<\/strong><\/p>\n<p>Les perles en bois sont fabriqu\u00e9es en bois de h\u00eatre brut (non laqu\u00e9, teint\u00e9 ou huil\u00e9).<\/p>\n<p>Les perles de bois sont un produit naturel. Par cons\u00e9quent, les perles de bois peuvent parfois pr\u00e9senter des \u00e9carts minimes. Lorsque nous d\u00e9tectons un \u00e9cart excessif, le produit n&#8217;est pas vendu mais mis au rebut. Par cons\u00e9quent, nous pouvons toujours garantir des produits de haute qualit\u00e9.<\/p>\n<p>Ces perles uniques en nid d&#8217;abeille sont tr\u00e8s agr\u00e9ables \u00e0 utiliser dans les cordons de t\u00e9tine, les anneaux de dentition, le macram\u00e9 et bien d&#8217;autres choses encore !<\/p>\n<p>Il est tr\u00e8s important de pr\u00eater attention \u00e0 ces produits lorsqu&#8217;ils sont utilis\u00e9s dans des jouets pour b\u00e9b\u00e9s ou enfants. En effet, le bois n&#8217;est pas couramment utilis\u00e9 \u00e0 cette fin.<br \/>\nPar cons\u00e9quent, demandez aux parents\/grands-parents\/clients de v\u00e9rifier soigneusement l&#8217;usure du produit (le bois tubulaire ne s&#8217;\u00e9charde normalement pas\/peu). Il est \u00e9galement important de v\u00e9rifier r\u00e9guli\u00e8rement que les cordons utilis\u00e9s pour enfiler les perles ne sont pas us\u00e9s ou d\u00e9chir\u00e9s. Les projets achev\u00e9s ne doivent donc \u00eatre utilis\u00e9s que sous la supervision d&#8217;un adulte.<\/p>\n","protected":false},"excerpt":{"rendered":"<p>Bois de h\u00eatre non fini et non verni.<br \/>\nVariante : nid d&#8217;abeille de 16 mm<\/p>\n<p><small>Pour plus d&#8217;informations, <\/small><small>consultez le bas de la page.<\/small><\/p>\n","protected":false},"featured_media":83959,"template":"","meta":[],"product_brand":[],"product_cat":[7378,13490,10405,13493],"product_tag":[7665,7647,7384,7401,10409,7455,7463,7197,7418,10414,7392,12816,7395,7200,7408],"class_list":{"0":"post-132970","1":"product","2":"type-product","3":"status-publish","4":"has-post-thumbnail","6":"product_cat-fabrication-de-jouets-de-dentition-pour-bebe-cordon-de-sucette-et-anneaux-de-dentition","7":"product_cat-perles-en-bois-bois-de-hetre-attache-sucette-et-anneau-de-dentition","8":"product_cat-perles-en-bois-fil-de-sucette-et-anneau-de-dentition-toutes-les-perles-en-bois","9":"product_cat-perles-en-bois-pour-le-macrame-et-le-crochet","10":"product_tag-16-fr","11":"product_tag-16-mm-fr","12":"product_tag-anneau-de-dentition","13":"product_tag-bebe","14":"product_tag-bois-fr","15":"product_tag-chaine-de-landau","16":"product_tag-commerce-de-gros","17":"product_tag-en-bois","18":"product_tag-faux-cordon","19":"product_tag-hetre","20":"product_tag-mm-fr","21":"product_tag-nid-dabeille","22":"product_tag-perle","23":"product_tag-perles","24":"product_tag-sur","26":"first","27":"instock","28":"taxable","29":"shipping-taxable","30":"purchasable","31":"product-type-simple"},"bundled_by":[],"bundle_stock_status":"instock","bundle_stock_quantity":75,"bundle_virtual":false,"bundle_layout":"","bundle_add_to_cart_form_location":"","bundle_editable_in_cart":false,"bundle_sold_individually_context":"","bundle_item_grouping":"","bundle_min_size":"","bundle_max_size":"","bundle_price":[],"bundled_items":[],"bundle_sell_ids":[],"yoast_head":"<!-- This site is optimized with the Yoast SEO Premium plugin v27.6 (Yoast SEO v27.6) - https:\/\/yoast.com\/product\/yoast-seo-premium-wordpress\/ -->\n<title>Perles en bois 20 mm Nid d&#039;abeille - Jootjes Crochet presents<\/title>\n<meta name=\"description\" content=\"Perles en bois 20 mm nid d&#039;abeille. Pour une vari\u00e9t\u00e9 amusante dans tous vos jouets en bois faits \u00e0 la main, maintenant chez Jootjes Crochet Gifts, pour seulement 0,25 euros l&#039;unit\u00e9 !\" \/>\n<meta name=\"robots\" content=\"index, follow, max-snippet:-1, max-image-preview:large, max-video-preview:-1\" \/>\n<link rel=\"canonical\" href=\"https:\/\/www.jootjeshaakcadeautjes.nl\/fr\/produit\/bois-en-forme-de-perles-nid-dabeille-nervure-16-mm-hetre\/\" \/>\n<meta property=\"og:locale\" content=\"fr_FR\" \/>\n<meta property=\"og:type\" content=\"article\" \/>\n<meta property=\"og:title\" content=\"Perle en bois - Nid d&#039;abeille\/Ribelle - 16 mm - Bois de h\u00eatre\" \/>\n<meta property=\"og:description\" content=\"Perles en bois 20 mm nid d&#039;abeille. Pour une vari\u00e9t\u00e9 amusante dans tous vos jouets en bois faits \u00e0 la main, maintenant chez Jootjes Crochet Gifts, pour seulement 0,25 euros l&#039;unit\u00e9 !\" \/>\n<meta property=\"og:url\" content=\"https:\/\/www.jootjeshaakcadeautjes.nl\/fr\/produit\/bois-en-forme-de-perles-nid-dabeille-nervure-16-mm-hetre\/\" \/>\n<meta property=\"og:site_name\" content=\"Jootjes Haakcadeautjes\" \/>\n<meta property=\"article:modified_time\" content=\"2026-05-02T21:04:37+00:00\" \/>\n<meta property=\"og:image\" content=\"https:\/\/www.jootjeshaakcadeautjes.nl\/wp-content\/uploads\/2022\/10\/20221023_191302.jpg\" \/>\n\t<meta property=\"og:image:width\" content=\"2048\" \/>\n\t<meta property=\"og:image:height\" content=\"2048\" \/>\n\t<meta property=\"og:image:type\" content=\"image\/jpeg\" \/>\n<meta name=\"twitter:card\" content=\"summary_large_image\" \/>\n<meta name=\"twitter:label1\" content=\"Prix\" \/>\n\t<meta name=\"twitter:data1\" content=\"&euro;0.30 TTC\" \/>\n\t<meta name=\"twitter:label2\" content=\"Disponibilit\u00e9\" \/>\n\t<meta name=\"twitter:data2\" content=\"En stock\" \/>\n<script type=\"application\/ld+json\" class=\"yoast-schema-graph\">{\"@context\":\"https:\\\/\\\/schema.org\",\"@graph\":[{\"@type\":\"WebPage\",\"@id\":\"https:\\\/\\\/www.jootjeshaakcadeautjes.nl\\\/fr\\\/produit\\\/bois-en-forme-de-perles-nid-dabeille-nervure-16-mm-hetre\\\/\",\"url\":\"https:\\\/\\\/www.jootjeshaakcadeautjes.nl\\\/fr\\\/produit\\\/bois-en-forme-de-perles-nid-dabeille-nervure-16-mm-hetre\\\/\",\"name\":\"Perles en bois 20 mm Nid d'abeille - Jootjes Crochet presents\",\"isPartOf\":{\"@id\":\"https:\\\/\\\/www.jootjeshaakcadeautjes.nl\\\/fr\\\/#website\"},\"primaryImageOfPage\":{\"@id\":\"https:\\\/\\\/www.jootjeshaakcadeautjes.nl\\\/fr\\\/produit\\\/bois-en-forme-de-perles-nid-dabeille-nervure-16-mm-hetre\\\/#primaryimage\"},\"image\":{\"@id\":\"https:\\\/\\\/www.jootjeshaakcadeautjes.nl\\\/fr\\\/produit\\\/bois-en-forme-de-perles-nid-dabeille-nervure-16-mm-hetre\\\/#primaryimage\"},\"thumbnailUrl\":\"https:\\\/\\\/d1dyryakdmle7o.cloudfront.net\\\/wp-content\\\/uploads\\\/2022\\\/10\\\/20221023_191302.jpg\",\"datePublished\":\"2022-10-20T00:54:28+00:00\",\"dateModified\":\"2026-05-02T21:04:37+00:00\",\"description\":\"Perles en bois 20 mm nid d'abeille. Pour une vari\u00e9t\u00e9 amusante dans tous vos jouets en bois faits \u00e0 la main, maintenant chez Jootjes Crochet Gifts, pour seulement 0,25 euros l'unit\u00e9 !\",\"breadcrumb\":{\"@id\":\"https:\\\/\\\/www.jootjeshaakcadeautjes.nl\\\/fr\\\/produit\\\/bois-en-forme-de-perles-nid-dabeille-nervure-16-mm-hetre\\\/#breadcrumb\"},\"inLanguage\":\"fr-FR\",\"potentialAction\":[{\"@type\":\"ReadAction\",\"target\":[\"https:\\\/\\\/www.jootjeshaakcadeautjes.nl\\\/fr\\\/produit\\\/bois-en-forme-de-perles-nid-dabeille-nervure-16-mm-hetre\\\/\"]}]},{\"@type\":\"ImageObject\",\"inLanguage\":\"fr-FR\",\"@id\":\"https:\\\/\\\/www.jootjeshaakcadeautjes.nl\\\/fr\\\/produit\\\/bois-en-forme-de-perles-nid-dabeille-nervure-16-mm-hetre\\\/#primaryimage\",\"url\":\"https:\\\/\\\/d1dyryakdmle7o.cloudfront.net\\\/wp-content\\\/uploads\\\/2022\\\/10\\\/20221023_191302.jpg\",\"contentUrl\":\"https:\\\/\\\/d1dyryakdmle7o.cloudfront.net\\\/wp-content\\\/uploads\\\/2022\\\/10\\\/20221023_191302.jpg\",\"width\":2048,\"height\":2048,\"caption\":\"Anneau de dentition en bois de h\u00eatre nid d'abeille 16 mm anneau de dentition wholesale beads\"},{\"@type\":\"BreadcrumbList\",\"@id\":\"https:\\\/\\\/www.jootjeshaakcadeautjes.nl\\\/fr\\\/produit\\\/bois-en-forme-de-perles-nid-dabeille-nervure-16-mm-hetre\\\/#breadcrumb\",\"itemListElement\":[{\"@type\":\"ListItem\",\"position\":1,\"name\":\"Accueil\",\"item\":\"https:\\\/\\\/www.jootjeshaakcadeautjes.nl\\\/fr\\\/\"},{\"@type\":\"ListItem\",\"position\":2,\"name\":\"Commerce de gros de perles en silicone &#8211; Entreprises et consommateurs\",\"item\":\"https:\\\/\\\/www.jootjeshaakcadeautjes.nl\\\/fr\\\/boutique\\\/\"},{\"@type\":\"ListItem\",\"position\":3,\"name\":\"Perle en bois &#8211; Nid d&#8217;abeille\\\/Ribelle &#8211; 16 mm &#8211; Bois de h\u00eatre\"}]},{\"@type\":\"WebSite\",\"@id\":\"https:\\\/\\\/www.jootjeshaakcadeautjes.nl\\\/fr\\\/#website\",\"url\":\"https:\\\/\\\/www.jootjeshaakcadeautjes.nl\\\/fr\\\/\",\"name\":\"Jootjes Haakcadeautjes\",\"description\":\"Grossiste en perles de silicone\",\"publisher\":{\"@id\":\"https:\\\/\\\/www.jootjeshaakcadeautjes.nl\\\/fr\\\/#organization\"},\"potentialAction\":[{\"@type\":\"SearchAction\",\"target\":{\"@type\":\"EntryPoint\",\"urlTemplate\":\"https:\\\/\\\/www.jootjeshaakcadeautjes.nl\\\/fr\\\/?s={search_term_string}\"},\"query-input\":{\"@type\":\"PropertyValueSpecification\",\"valueRequired\":true,\"valueName\":\"search_term_string\"}}],\"inLanguage\":\"fr-FR\"},{\"@type\":\"Organization\",\"@id\":\"https:\\\/\\\/www.jootjeshaakcadeautjes.nl\\\/fr\\\/#organization\",\"name\":\"Jootjes Haakcadeautjes\",\"url\":\"https:\\\/\\\/www.jootjeshaakcadeautjes.nl\\\/fr\\\/\",\"logo\":{\"@type\":\"ImageObject\",\"inLanguage\":\"fr-FR\",\"@id\":\"https:\\\/\\\/www.jootjeshaakcadeautjes.nl\\\/fr\\\/#\\\/schema\\\/logo\\\/image\\\/\",\"url\":\"https:\\\/\\\/d1dyryakdmle7o.cloudfront.net\\\/wp-content\\\/uploads\\\/2023\\\/05\\\/Logo-rond.png\",\"contentUrl\":\"https:\\\/\\\/d1dyryakdmle7o.cloudfront.net\\\/wp-content\\\/uploads\\\/2023\\\/05\\\/Logo-rond.png\",\"width\":1222,\"height\":1222,\"caption\":\"Jootjes Haakcadeautjes\"},\"image\":{\"@id\":\"https:\\\/\\\/www.jootjeshaakcadeautjes.nl\\\/fr\\\/#\\\/schema\\\/logo\\\/image\\\/\"}}]}<\/script>\n<meta property=\"product:price:amount\" content=\"0.30\" \/>\n<meta property=\"product:price:currency\" content=\"EUR\" \/>\n<meta property=\"og:availability\" content=\"instock\" \/>\n<meta property=\"product:availability\" content=\"instock\" \/>\n<meta property=\"product:retailer_item_id\" content=\"HOU-KRA-H16-BEU\" \/>\n<meta property=\"product:condition\" content=\"new\" \/>\n<!-- \/ Yoast SEO Premium plugin. -->","yoast_head_json":{"title":"Perles en bois 20 mm Nid d'abeille - Jootjes Crochet presents","description":"Perles en bois 20 mm nid d'abeille. Pour une vari\u00e9t\u00e9 amusante dans tous vos jouets en bois faits \u00e0 la main, maintenant chez Jootjes Crochet Gifts, pour seulement 0,25 euros l'unit\u00e9 !","robots":{"index":"index","follow":"follow","max-snippet":"max-snippet:-1","max-image-preview":"max-image-preview:large","max-video-preview":"max-video-preview:-1"},"canonical":"https:\/\/www.jootjeshaakcadeautjes.nl\/fr\/produit\/bois-en-forme-de-perles-nid-dabeille-nervure-16-mm-hetre\/","og_locale":"fr_FR","og_type":"article","og_title":"Perle en bois - Nid d'abeille\/Ribelle - 16 mm - Bois de h\u00eatre","og_description":"Perles en bois 20 mm nid d'abeille. Pour une vari\u00e9t\u00e9 amusante dans tous vos jouets en bois faits \u00e0 la main, maintenant chez Jootjes Crochet Gifts, pour seulement 0,25 euros l'unit\u00e9 !","og_url":"https:\/\/www.jootjeshaakcadeautjes.nl\/fr\/produit\/bois-en-forme-de-perles-nid-dabeille-nervure-16-mm-hetre\/","og_site_name":"Jootjes Haakcadeautjes","article_modified_time":"2026-05-02T21:04:37+00:00","og_image":[{"width":2048,"height":2048,"url":"https:\/\/www.jootjeshaakcadeautjes.nl\/wp-content\/uploads\/2022\/10\/20221023_191302.jpg","type":"image\/jpeg"}],"twitter_card":"summary_large_image","twitter_misc":{"Prix":"&euro;0.30 TTC","Disponibilit\u00e9":"En stock"},"schema":{"@context":"https:\/\/schema.org","@graph":[{"@type":"WebPage","@id":"https:\/\/www.jootjeshaakcadeautjes.nl\/fr\/produit\/bois-en-forme-de-perles-nid-dabeille-nervure-16-mm-hetre\/","url":"https:\/\/www.jootjeshaakcadeautjes.nl\/fr\/produit\/bois-en-forme-de-perles-nid-dabeille-nervure-16-mm-hetre\/","name":"Perles en bois 20 mm Nid d'abeille - Jootjes Crochet presents","isPartOf":{"@id":"https:\/\/www.jootjeshaakcadeautjes.nl\/fr\/#website"},"primaryImageOfPage":{"@id":"https:\/\/www.jootjeshaakcadeautjes.nl\/fr\/produit\/bois-en-forme-de-perles-nid-dabeille-nervure-16-mm-hetre\/#primaryimage"},"image":{"@id":"https:\/\/www.jootjeshaakcadeautjes.nl\/fr\/produit\/bois-en-forme-de-perles-nid-dabeille-nervure-16-mm-hetre\/#primaryimage"},"thumbnailUrl":"https:\/\/d1dyryakdmle7o.cloudfront.net\/wp-content\/uploads\/2022\/10\/20221023_191302.jpg","datePublished":"2022-10-20T00:54:28+00:00","dateModified":"2026-05-02T21:04:37+00:00","description":"Perles en bois 20 mm nid d'abeille. Pour une vari\u00e9t\u00e9 amusante dans tous vos jouets en bois faits \u00e0 la main, maintenant chez Jootjes Crochet Gifts, pour seulement 0,25 euros l'unit\u00e9 !","breadcrumb":{"@id":"https:\/\/www.jootjeshaakcadeautjes.nl\/fr\/produit\/bois-en-forme-de-perles-nid-dabeille-nervure-16-mm-hetre\/#breadcrumb"},"inLanguage":"fr-FR","potentialAction":[{"@type":"ReadAction","target":["https:\/\/www.jootjeshaakcadeautjes.nl\/fr\/produit\/bois-en-forme-de-perles-nid-dabeille-nervure-16-mm-hetre\/"]}]},{"@type":"ImageObject","inLanguage":"fr-FR","@id":"https:\/\/www.jootjeshaakcadeautjes.nl\/fr\/produit\/bois-en-forme-de-perles-nid-dabeille-nervure-16-mm-hetre\/#primaryimage","url":"https:\/\/d1dyryakdmle7o.cloudfront.net\/wp-content\/uploads\/2022\/10\/20221023_191302.jpg","contentUrl":"https:\/\/d1dyryakdmle7o.cloudfront.net\/wp-content\/uploads\/2022\/10\/20221023_191302.jpg","width":2048,"height":2048,"caption":"Anneau de dentition en bois de h\u00eatre nid d'abeille 16 mm anneau de dentition wholesale beads"},{"@type":"BreadcrumbList","@id":"https:\/\/www.jootjeshaakcadeautjes.nl\/fr\/produit\/bois-en-forme-de-perles-nid-dabeille-nervure-16-mm-hetre\/#breadcrumb","itemListElement":[{"@type":"ListItem","position":1,"name":"Accueil","item":"https:\/\/www.jootjeshaakcadeautjes.nl\/fr\/"},{"@type":"ListItem","position":2,"name":"Commerce de gros de perles en silicone &#8211; Entreprises et consommateurs","item":"https:\/\/www.jootjeshaakcadeautjes.nl\/fr\/boutique\/"},{"@type":"ListItem","position":3,"name":"Perle en bois &#8211; Nid d&#8217;abeille\/Ribelle &#8211; 16 mm &#8211; Bois de h\u00eatre"}]},{"@type":"WebSite","@id":"https:\/\/www.jootjeshaakcadeautjes.nl\/fr\/#website","url":"https:\/\/www.jootjeshaakcadeautjes.nl\/fr\/","name":"Jootjes Haakcadeautjes","description":"Grossiste en perles de silicone","publisher":{"@id":"https:\/\/www.jootjeshaakcadeautjes.nl\/fr\/#organization"},"potentialAction":[{"@type":"SearchAction","target":{"@type":"EntryPoint","urlTemplate":"https:\/\/www.jootjeshaakcadeautjes.nl\/fr\/?s={search_term_string}"},"query-input":{"@type":"PropertyValueSpecification","valueRequired":true,"valueName":"search_term_string"}}],"inLanguage":"fr-FR"},{"@type":"Organization","@id":"https:\/\/www.jootjeshaakcadeautjes.nl\/fr\/#organization","name":"Jootjes Haakcadeautjes","url":"https:\/\/www.jootjeshaakcadeautjes.nl\/fr\/","logo":{"@type":"ImageObject","inLanguage":"fr-FR","@id":"https:\/\/www.jootjeshaakcadeautjes.nl\/fr\/#\/schema\/logo\/image\/","url":"https:\/\/d1dyryakdmle7o.cloudfront.net\/wp-content\/uploads\/2023\/05\/Logo-rond.png","contentUrl":"https:\/\/d1dyryakdmle7o.cloudfront.net\/wp-content\/uploads\/2023\/05\/Logo-rond.png","width":1222,"height":1222,"caption":"Jootjes Haakcadeautjes"},"image":{"@id":"https:\/\/www.jootjeshaakcadeautjes.nl\/fr\/#\/schema\/logo\/image\/"}}]},"product_price_amount":"0.30","product_price_currency":"EUR","og_availability":"instock","product_availability":"instock","product_retailer_item_id":"HOU-KRA-H16-BEU","product_condition":"new"},"_links":{"self":[{"href":"https:\/\/www.jootjeshaakcadeautjes.nl\/fr\/wp-json\/wp\/v2\/product\/132970","targetHints":{"allow":["GET"]}}],"collection":[{"href":"https:\/\/www.jootjeshaakcadeautjes.nl\/fr\/wp-json\/wp\/v2\/product"}],"about":[{"href":"https:\/\/www.jootjeshaakcadeautjes.nl\/fr\/wp-json\/wp\/v2\/types\/product"}],"version-history":[{"count":0,"href":"https:\/\/www.jootjeshaakcadeautjes.nl\/fr\/wp-json\/wp\/v2\/product\/132970\/revisions"}],"wp:featuredmedia":[{"embeddable":true,"href":"https:\/\/www.jootjeshaakcadeautjes.nl\/fr\/wp-json\/wp\/v2\/media\/83959"}],"wp:attachment":[{"href":"https:\/\/www.jootjeshaakcadeautjes.nl\/fr\/wp-json\/wp\/v2\/media?parent=132970"}],"wp:term":[{"taxonomy":"product_brand","embeddable":true,"href":"https:\/\/www.jootjeshaakcadeautjes.nl\/fr\/wp-json\/wp\/v2\/product_brand?post=132970"},{"taxonomy":"product_cat","embeddable":true,"href":"https:\/\/www.jootjeshaakcadeautjes.nl\/fr\/wp-json\/wp\/v2\/product_cat?post=132970"},{"taxonomy":"product_tag","embeddable":true,"href":"https:\/\/www.jootjeshaakcadeautjes.nl\/fr\/wp-json\/wp\/v2\/product_tag?post=132970"}],"curies":[{"name":"wp","href":"https:\/\/api.w.org\/{rel}","templated":true}]}}