{"id":132978,"date":"2022-10-20T21:02:31","date_gmt":"2022-10-20T19:02:31","guid":{"rendered":"https:\/\/www.jootjeshaakcadeautjes.nl\/product\/porte-badge-pull-cord-noir-robuste\/"},"modified":"2025-11-11T14:22:04","modified_gmt":"2025-11-11T13:22:04","slug":"porte-badge-pull-cord-noir-robuste","status":"publish","type":"product","link":"https:\/\/www.jootjeshaakcadeautjes.nl\/fr\/produit\/porte-badge-pull-cord-noir-robuste\/","title":{"rendered":"Porte-badges avec cordon de serrage &#8211; Noir &#8211; Tr\u00e8s robuste"},"content":{"rendered":"<h2>Porte-badges avec cordon de serrage &#8211; Noir &#8211; Tr\u00e8s robuste<\/h2>\n<p>Mat\u00e9riau : plastique de haute qualit\u00e9, avec cordon en nylon solide. Ce porte-badge est fabriqu\u00e9 en m\u00e9tal tr\u00e8s robuste. Ces porte-badges sont \u00e9galement dot\u00e9s d&#8217;une attache fusionn\u00e9e. Comme vous le fixez au pantalon ou \u00e0 la veste, il ne s&#8217;enl\u00e8vera pas comme \u00e7a. Ainsi, m\u00eame dans les professions o\u00f9 les badges peuvent \u00eatre tir\u00e9s de mani\u00e8re excessive (par exemple, le travail avec des enfants, des personnes \u00e2g\u00e9es ou des personnes handicap\u00e9es), ces porte-badges sont vivement recommand\u00e9s !<\/p>\n<p>Ces porte-badges sont largement utilis\u00e9s dans le secteur des soins de sant\u00e9, mais aussi dans d&#8217;autres professions utilisant des badges, des identifiants ou des jetons d&#8217;acc\u00e8s.<\/p>\n<p>Le porte-badge peut \u00eatre utilis\u00e9 en combinaison avec des perles en silicone. Pour ce faire, il suffit de couper le cordon de serrage et d&#8217;enfiler des perles de silicone par-dessus. Vous pouvez ensuite replier le n\u0153ud sous la perle. Veillez donc \u00e0 ne pas couper pr\u00e8s de l&#8217;extr\u00e9mit\u00e9 (l&#8217;attache du badge). Dans ce cas, en effet, elle ne peut plus \u00eatre r\u00e9par\u00e9e. D&#8217;autre part, il convient de ne pas utiliser trop de perles de silicone. En effet, cela ne fonctionne pas bien non plus lorsque cela cr\u00e9e une tr\u00e8s longue &#8220;queue&#8221; qui pendouille toute la journ\u00e9e pendant que l&#8217;on travaille. Par exemple, 2 \u00e0 4 perles et 1 perle d&#8217;accent sont le maximum que nous recommandons.<\/p>\n","protected":false},"excerpt":{"rendered":"<p>Type : Porte-badge avec cordon de serrage &#8211; Robuste<br \/>\nCouleur : noir<\/p>\n<p>Filet\u00e9 avec des perles de silicone.<\/p>\n<p>Pour plus d&#8217;informations, voir ci-dessous.<\/p>\n","protected":false},"featured_media":82458,"template":"","meta":[],"product_brand":[],"product_cat":[13489],"product_tag":[13480,13497,13494,12394,13501,13148,13505,13506,7608,13499,7200,13507,13496,12560,7212,12351,13503],"class_list":{"0":"post-132978","1":"product","2":"type-product","3":"status-publish","4":"has-post-thumbnail","6":"product_cat-porte-badges-avec-cordon-de-serrage","7":"product_tag-badge-fr","8":"product_tag-badges-fr","9":"product_tag-cordon-fr","10":"product_tag-cordon-de-serrage","11":"product_tag-detenteur","12":"product_tag-drive-through-fr","13":"product_tag-enfants","14":"product_tag-handicape","15":"product_tag-noir","16":"product_tag-passe","17":"product_tag-perles","18":"product_tag-personnes-agees","19":"product_tag-porte-badge","20":"product_tag-robuste-fr","21":"product_tag-silicone-fr","22":"product_tag-soins","23":"product_tag-tirer","25":"first","26":"instock","27":"taxable","28":"shipping-taxable","29":"purchasable","30":"product-type-simple"},"bundled_by":[],"bundle_stock_status":"instock","bundle_stock_quantity":194,"bundle_virtual":false,"bundle_layout":"","bundle_add_to_cart_form_location":"","bundle_editable_in_cart":false,"bundle_sold_individually_context":"","bundle_item_grouping":"","bundle_min_size":"","bundle_max_size":"","bundle_price":[],"bundled_items":[],"bundle_sell_ids":[],"yoast_head":"<!-- This site is optimized with the Yoast SEO Premium plugin v27.6 (Yoast SEO v27.6) - https:\/\/yoast.com\/product\/yoast-seo-premium-wordpress\/ -->\n<title>Porte-badges avec cordon de serrage - Noir - Tr\u00e8s robuste - Jootjes Haakcadeautjes<\/title>\n<meta name=\"description\" content=\"Porte-badge avec cordon de serrage en noir. Parfait pour les soins de sant\u00e9 et les autres professions utilisant des laissez-passer. Filet\u00e9 avec des perles de silicone.\" \/>\n<meta name=\"robots\" content=\"index, follow, max-snippet:-1, max-image-preview:large, max-video-preview:-1\" \/>\n<link rel=\"canonical\" href=\"https:\/\/www.jootjeshaakcadeautjes.nl\/fr\/produit\/porte-badge-pull-cord-noir-robuste\/\" \/>\n<meta property=\"og:locale\" content=\"fr_FR\" \/>\n<meta property=\"og:type\" content=\"article\" \/>\n<meta property=\"og:title\" content=\"Porte-badges avec cordon de serrage - Noir - Tr\u00e8s robuste\" \/>\n<meta property=\"og:description\" content=\"Porte-badge avec cordon de serrage en noir. Parfait pour les soins de sant\u00e9 et les autres professions utilisant des laissez-passer. Filet\u00e9 avec des perles de silicone.\" \/>\n<meta property=\"og:url\" content=\"https:\/\/www.jootjeshaakcadeautjes.nl\/fr\/produit\/porte-badge-pull-cord-noir-robuste\/\" \/>\n<meta property=\"og:site_name\" content=\"Jootjes Haakcadeautjes\" \/>\n<meta property=\"article:modified_time\" content=\"2025-11-11T13:22:04+00:00\" \/>\n<meta property=\"og:image\" content=\"https:\/\/www.jootjeshaakcadeautjes.nl\/wp-content\/uploads\/2022\/10\/Badge-badgehouder-reel-houder-trekkoord-siliconen-kralen-stevig-zorg-zwart.jpg\" \/>\n\t<meta property=\"og:image:width\" content=\"2048\" \/>\n\t<meta property=\"og:image:height\" content=\"2048\" \/>\n\t<meta property=\"og:image:type\" content=\"image\/jpeg\" \/>\n<meta name=\"twitter:card\" content=\"summary_large_image\" \/>\n<meta name=\"twitter:label1\" content=\"Prix\" \/>\n\t<meta name=\"twitter:data1\" content=\"&euro;1.20 TTC\" \/>\n\t<meta name=\"twitter:label2\" content=\"Disponibilit\u00e9\" \/>\n\t<meta name=\"twitter:data2\" content=\"En stock\" \/>\n<script type=\"application\/ld+json\" class=\"yoast-schema-graph\">{\"@context\":\"https:\\\/\\\/schema.org\",\"@graph\":[{\"@type\":\"WebPage\",\"@id\":\"https:\\\/\\\/www.jootjeshaakcadeautjes.nl\\\/fr\\\/produit\\\/porte-badge-pull-cord-noir-robuste\\\/\",\"url\":\"https:\\\/\\\/www.jootjeshaakcadeautjes.nl\\\/fr\\\/produit\\\/porte-badge-pull-cord-noir-robuste\\\/\",\"name\":\"Porte-badges avec cordon de serrage - Noir - Tr\u00e8s robuste - Jootjes Haakcadeautjes\",\"isPartOf\":{\"@id\":\"https:\\\/\\\/www.jootjeshaakcadeautjes.nl\\\/fr\\\/#website\"},\"primaryImageOfPage\":{\"@id\":\"https:\\\/\\\/www.jootjeshaakcadeautjes.nl\\\/fr\\\/produit\\\/porte-badge-pull-cord-noir-robuste\\\/#primaryimage\"},\"image\":{\"@id\":\"https:\\\/\\\/www.jootjeshaakcadeautjes.nl\\\/fr\\\/produit\\\/porte-badge-pull-cord-noir-robuste\\\/#primaryimage\"},\"thumbnailUrl\":\"https:\\\/\\\/d1dyryakdmle7o.cloudfront.net\\\/wp-content\\\/uploads\\\/2022\\\/10\\\/Badge-badgehouder-reel-houder-trekkoord-siliconen-kralen-stevig-zorg-zwart.jpg\",\"datePublished\":\"2022-10-20T19:02:31+00:00\",\"dateModified\":\"2025-11-11T13:22:04+00:00\",\"description\":\"Porte-badge avec cordon de serrage en noir. Parfait pour les soins de sant\u00e9 et les autres professions utilisant des laissez-passer. Filet\u00e9 avec des perles de silicone.\",\"breadcrumb\":{\"@id\":\"https:\\\/\\\/www.jootjeshaakcadeautjes.nl\\\/fr\\\/produit\\\/porte-badge-pull-cord-noir-robuste\\\/#breadcrumb\"},\"inLanguage\":\"fr-FR\",\"potentialAction\":[{\"@type\":\"ReadAction\",\"target\":[\"https:\\\/\\\/www.jootjeshaakcadeautjes.nl\\\/fr\\\/produit\\\/porte-badge-pull-cord-noir-robuste\\\/\"]}]},{\"@type\":\"ImageObject\",\"inLanguage\":\"fr-FR\",\"@id\":\"https:\\\/\\\/www.jootjeshaakcadeautjes.nl\\\/fr\\\/produit\\\/porte-badge-pull-cord-noir-robuste\\\/#primaryimage\",\"url\":\"https:\\\/\\\/d1dyryakdmle7o.cloudfront.net\\\/wp-content\\\/uploads\\\/2022\\\/10\\\/Badge-badgehouder-reel-houder-trekkoord-siliconen-kralen-stevig-zorg-zwart.jpg\",\"contentUrl\":\"https:\\\/\\\/d1dyryakdmle7o.cloudfront.net\\\/wp-content\\\/uploads\\\/2022\\\/10\\\/Badge-badgehouder-reel-houder-trekkoord-siliconen-kralen-stevig-zorg-zwart.jpg\",\"width\":2048,\"height\":2048,\"caption\":\"Porte-badge porte-bobine cordon silicone perles solid care noir\"},{\"@type\":\"BreadcrumbList\",\"@id\":\"https:\\\/\\\/www.jootjeshaakcadeautjes.nl\\\/fr\\\/produit\\\/porte-badge-pull-cord-noir-robuste\\\/#breadcrumb\",\"itemListElement\":[{\"@type\":\"ListItem\",\"position\":1,\"name\":\"Accueil\",\"item\":\"https:\\\/\\\/www.jootjeshaakcadeautjes.nl\\\/fr\\\/\"},{\"@type\":\"ListItem\",\"position\":2,\"name\":\"Commerce de gros de perles en silicone &#8211; Entreprises et consommateurs\",\"item\":\"https:\\\/\\\/www.jootjeshaakcadeautjes.nl\\\/fr\\\/boutique\\\/\"},{\"@type\":\"ListItem\",\"position\":3,\"name\":\"Porte-badges avec cordon de serrage &#8211; Noir &#8211; Tr\u00e8s robuste\"}]},{\"@type\":\"WebSite\",\"@id\":\"https:\\\/\\\/www.jootjeshaakcadeautjes.nl\\\/fr\\\/#website\",\"url\":\"https:\\\/\\\/www.jootjeshaakcadeautjes.nl\\\/fr\\\/\",\"name\":\"Jootjes Haakcadeautjes\",\"description\":\"Grossiste en perles de silicone\",\"publisher\":{\"@id\":\"https:\\\/\\\/www.jootjeshaakcadeautjes.nl\\\/fr\\\/#organization\"},\"potentialAction\":[{\"@type\":\"SearchAction\",\"target\":{\"@type\":\"EntryPoint\",\"urlTemplate\":\"https:\\\/\\\/www.jootjeshaakcadeautjes.nl\\\/fr\\\/?s={search_term_string}\"},\"query-input\":{\"@type\":\"PropertyValueSpecification\",\"valueRequired\":true,\"valueName\":\"search_term_string\"}}],\"inLanguage\":\"fr-FR\"},{\"@type\":\"Organization\",\"@id\":\"https:\\\/\\\/www.jootjeshaakcadeautjes.nl\\\/fr\\\/#organization\",\"name\":\"Jootjes Haakcadeautjes\",\"url\":\"https:\\\/\\\/www.jootjeshaakcadeautjes.nl\\\/fr\\\/\",\"logo\":{\"@type\":\"ImageObject\",\"inLanguage\":\"fr-FR\",\"@id\":\"https:\\\/\\\/www.jootjeshaakcadeautjes.nl\\\/fr\\\/#\\\/schema\\\/logo\\\/image\\\/\",\"url\":\"https:\\\/\\\/d1dyryakdmle7o.cloudfront.net\\\/wp-content\\\/uploads\\\/2023\\\/05\\\/Logo-rond.png\",\"contentUrl\":\"https:\\\/\\\/d1dyryakdmle7o.cloudfront.net\\\/wp-content\\\/uploads\\\/2023\\\/05\\\/Logo-rond.png\",\"width\":1222,\"height\":1222,\"caption\":\"Jootjes Haakcadeautjes\"},\"image\":{\"@id\":\"https:\\\/\\\/www.jootjeshaakcadeautjes.nl\\\/fr\\\/#\\\/schema\\\/logo\\\/image\\\/\"}}]}<\/script>\n<meta property=\"product:price:amount\" content=\"1.20\" \/>\n<meta property=\"product:price:currency\" content=\"EUR\" \/>\n<meta property=\"og:availability\" content=\"instock\" \/>\n<meta property=\"product:availability\" content=\"instock\" \/>\n<meta property=\"product:retailer_item_id\" content=\"BDG-STK-ZWA\" \/>\n<meta property=\"product:condition\" content=\"new\" \/>\n<!-- \/ Yoast SEO Premium plugin. -->","yoast_head_json":{"title":"Porte-badges avec cordon de serrage - Noir - Tr\u00e8s robuste - Jootjes Haakcadeautjes","description":"Porte-badge avec cordon de serrage en noir. Parfait pour les soins de sant\u00e9 et les autres professions utilisant des laissez-passer. Filet\u00e9 avec des perles de silicone.","robots":{"index":"index","follow":"follow","max-snippet":"max-snippet:-1","max-image-preview":"max-image-preview:large","max-video-preview":"max-video-preview:-1"},"canonical":"https:\/\/www.jootjeshaakcadeautjes.nl\/fr\/produit\/porte-badge-pull-cord-noir-robuste\/","og_locale":"fr_FR","og_type":"article","og_title":"Porte-badges avec cordon de serrage - Noir - Tr\u00e8s robuste","og_description":"Porte-badge avec cordon de serrage en noir. Parfait pour les soins de sant\u00e9 et les autres professions utilisant des laissez-passer. Filet\u00e9 avec des perles de silicone.","og_url":"https:\/\/www.jootjeshaakcadeautjes.nl\/fr\/produit\/porte-badge-pull-cord-noir-robuste\/","og_site_name":"Jootjes Haakcadeautjes","article_modified_time":"2025-11-11T13:22:04+00:00","og_image":[{"width":2048,"height":2048,"url":"https:\/\/www.jootjeshaakcadeautjes.nl\/wp-content\/uploads\/2022\/10\/Badge-badgehouder-reel-houder-trekkoord-siliconen-kralen-stevig-zorg-zwart.jpg","type":"image\/jpeg"}],"twitter_card":"summary_large_image","twitter_misc":{"Prix":"&euro;1.20 TTC","Disponibilit\u00e9":"En stock"},"schema":{"@context":"https:\/\/schema.org","@graph":[{"@type":"WebPage","@id":"https:\/\/www.jootjeshaakcadeautjes.nl\/fr\/produit\/porte-badge-pull-cord-noir-robuste\/","url":"https:\/\/www.jootjeshaakcadeautjes.nl\/fr\/produit\/porte-badge-pull-cord-noir-robuste\/","name":"Porte-badges avec cordon de serrage - Noir - Tr\u00e8s robuste - Jootjes Haakcadeautjes","isPartOf":{"@id":"https:\/\/www.jootjeshaakcadeautjes.nl\/fr\/#website"},"primaryImageOfPage":{"@id":"https:\/\/www.jootjeshaakcadeautjes.nl\/fr\/produit\/porte-badge-pull-cord-noir-robuste\/#primaryimage"},"image":{"@id":"https:\/\/www.jootjeshaakcadeautjes.nl\/fr\/produit\/porte-badge-pull-cord-noir-robuste\/#primaryimage"},"thumbnailUrl":"https:\/\/d1dyryakdmle7o.cloudfront.net\/wp-content\/uploads\/2022\/10\/Badge-badgehouder-reel-houder-trekkoord-siliconen-kralen-stevig-zorg-zwart.jpg","datePublished":"2022-10-20T19:02:31+00:00","dateModified":"2025-11-11T13:22:04+00:00","description":"Porte-badge avec cordon de serrage en noir. Parfait pour les soins de sant\u00e9 et les autres professions utilisant des laissez-passer. Filet\u00e9 avec des perles de silicone.","breadcrumb":{"@id":"https:\/\/www.jootjeshaakcadeautjes.nl\/fr\/produit\/porte-badge-pull-cord-noir-robuste\/#breadcrumb"},"inLanguage":"fr-FR","potentialAction":[{"@type":"ReadAction","target":["https:\/\/www.jootjeshaakcadeautjes.nl\/fr\/produit\/porte-badge-pull-cord-noir-robuste\/"]}]},{"@type":"ImageObject","inLanguage":"fr-FR","@id":"https:\/\/www.jootjeshaakcadeautjes.nl\/fr\/produit\/porte-badge-pull-cord-noir-robuste\/#primaryimage","url":"https:\/\/d1dyryakdmle7o.cloudfront.net\/wp-content\/uploads\/2022\/10\/Badge-badgehouder-reel-houder-trekkoord-siliconen-kralen-stevig-zorg-zwart.jpg","contentUrl":"https:\/\/d1dyryakdmle7o.cloudfront.net\/wp-content\/uploads\/2022\/10\/Badge-badgehouder-reel-houder-trekkoord-siliconen-kralen-stevig-zorg-zwart.jpg","width":2048,"height":2048,"caption":"Porte-badge porte-bobine cordon silicone perles solid care noir"},{"@type":"BreadcrumbList","@id":"https:\/\/www.jootjeshaakcadeautjes.nl\/fr\/produit\/porte-badge-pull-cord-noir-robuste\/#breadcrumb","itemListElement":[{"@type":"ListItem","position":1,"name":"Accueil","item":"https:\/\/www.jootjeshaakcadeautjes.nl\/fr\/"},{"@type":"ListItem","position":2,"name":"Commerce de gros de perles en silicone &#8211; Entreprises et consommateurs","item":"https:\/\/www.jootjeshaakcadeautjes.nl\/fr\/boutique\/"},{"@type":"ListItem","position":3,"name":"Porte-badges avec cordon de serrage &#8211; Noir &#8211; Tr\u00e8s robuste"}]},{"@type":"WebSite","@id":"https:\/\/www.jootjeshaakcadeautjes.nl\/fr\/#website","url":"https:\/\/www.jootjeshaakcadeautjes.nl\/fr\/","name":"Jootjes Haakcadeautjes","description":"Grossiste en perles de silicone","publisher":{"@id":"https:\/\/www.jootjeshaakcadeautjes.nl\/fr\/#organization"},"potentialAction":[{"@type":"SearchAction","target":{"@type":"EntryPoint","urlTemplate":"https:\/\/www.jootjeshaakcadeautjes.nl\/fr\/?s={search_term_string}"},"query-input":{"@type":"PropertyValueSpecification","valueRequired":true,"valueName":"search_term_string"}}],"inLanguage":"fr-FR"},{"@type":"Organization","@id":"https:\/\/www.jootjeshaakcadeautjes.nl\/fr\/#organization","name":"Jootjes Haakcadeautjes","url":"https:\/\/www.jootjeshaakcadeautjes.nl\/fr\/","logo":{"@type":"ImageObject","inLanguage":"fr-FR","@id":"https:\/\/www.jootjeshaakcadeautjes.nl\/fr\/#\/schema\/logo\/image\/","url":"https:\/\/d1dyryakdmle7o.cloudfront.net\/wp-content\/uploads\/2023\/05\/Logo-rond.png","contentUrl":"https:\/\/d1dyryakdmle7o.cloudfront.net\/wp-content\/uploads\/2023\/05\/Logo-rond.png","width":1222,"height":1222,"caption":"Jootjes Haakcadeautjes"},"image":{"@id":"https:\/\/www.jootjeshaakcadeautjes.nl\/fr\/#\/schema\/logo\/image\/"}}]},"product_price_amount":"1.20","product_price_currency":"EUR","og_availability":"instock","product_availability":"instock","product_retailer_item_id":"BDG-STK-ZWA","product_condition":"new"},"_links":{"self":[{"href":"https:\/\/www.jootjeshaakcadeautjes.nl\/fr\/wp-json\/wp\/v2\/product\/132978","targetHints":{"allow":["GET"]}}],"collection":[{"href":"https:\/\/www.jootjeshaakcadeautjes.nl\/fr\/wp-json\/wp\/v2\/product"}],"about":[{"href":"https:\/\/www.jootjeshaakcadeautjes.nl\/fr\/wp-json\/wp\/v2\/types\/product"}],"version-history":[{"count":0,"href":"https:\/\/www.jootjeshaakcadeautjes.nl\/fr\/wp-json\/wp\/v2\/product\/132978\/revisions"}],"wp:featuredmedia":[{"embeddable":true,"href":"https:\/\/www.jootjeshaakcadeautjes.nl\/fr\/wp-json\/wp\/v2\/media\/82458"}],"wp:attachment":[{"href":"https:\/\/www.jootjeshaakcadeautjes.nl\/fr\/wp-json\/wp\/v2\/media?parent=132978"}],"wp:term":[{"taxonomy":"product_brand","embeddable":true,"href":"https:\/\/www.jootjeshaakcadeautjes.nl\/fr\/wp-json\/wp\/v2\/product_brand?post=132978"},{"taxonomy":"product_cat","embeddable":true,"href":"https:\/\/www.jootjeshaakcadeautjes.nl\/fr\/wp-json\/wp\/v2\/product_cat?post=132978"},{"taxonomy":"product_tag","embeddable":true,"href":"https:\/\/www.jootjeshaakcadeautjes.nl\/fr\/wp-json\/wp\/v2\/product_tag?post=132978"}],"curies":[{"name":"wp","href":"https:\/\/api.w.org\/{rel}","templated":true}]}}