{"id":133023,"date":"2022-10-19T15:50:14","date_gmt":"2022-10-19T13:50:14","guid":{"rendered":"https:\/\/www.jootjeshaakcadeautjes.nl\/product\/figurine-de-dentition-silicium-et-tigre-de-bois-ambre-brun\/"},"modified":"2025-03-11T17:06:41","modified_gmt":"2025-03-11T16:06:41","slug":"figurine-de-dentition-silicium-et-tigre-de-bois-ambre-brun","status":"publish","type":"product","link":"https:\/\/www.jootjeshaakcadeautjes.nl\/fr\/produit\/figurine-de-dentition-silicium-et-tigre-de-bois-ambre-brun\/","title":{"rendered":"Figurine de dentition &#8211; Silicone et bois &#8211; Tigre &#8211; Brun ambr\u00e9"},"content":{"rendered":"<h2>Figurine de dentition en silicone &#8211; Silicone et bois &#8211; Tigre &#8211; Brun ambr\u00e9<\/h2>\n<ul>\n<li>Mat\u00e9riau : bois de h\u00eatre et silicone test\u00e9s EN-71, enti\u00e8rement sans BPA<\/li>\n<li>Mod\u00e8le : Tigre<\/li>\n<\/ul>\n<p>Cette figurine de dentition s&#8217;accorde parfaitement avec nos perles en bois de h\u00eatre, nos anneaux et nos perles en silicone.<\/p>\n","protected":false},"excerpt":{"rendered":"<ul>\n<li>Couleur : brun ambr\u00e9<\/li>\n<li>Mat\u00e9riau : bois de h\u00eatre et silicone test\u00e9s EN-71, enti\u00e8rement sans BPA<\/li>\n<li>Mod\u00e8le : Tigre<\/li>\n<\/ul>\n<p>Cette figurine de dentition s&#8217;accorde parfaitement avec nos perles en bois de h\u00eatre, nos anneaux et nos perles en silicone.<\/p>\n","protected":false},"featured_media":82638,"template":"","meta":[],"product_brand":[],"product_cat":[12389],"product_tag":[13536,7401,10409,7424,12391,12395,9997,7440,10414,10519,7508,12400,7212,7408,12404],"class_list":{"0":"post-133023","1":"product","2":"type-product","3":"status-publish","4":"has-post-thumbnail","6":"product_cat-anneaux-de-dentition-et-marques-de-morsure-en-silicone-et-en-bois","7":"product_tag-ambre","8":"product_tag-bebe","9":"product_tag-bois-fr","10":"product_tag-bpa-fr","11":"product_tag-dents","12":"product_tag-en-passant-par","13":"product_tag-fr-71","14":"product_tag-gratuit","15":"product_tag-hetre","16":"product_tag-marron","17":"product_tag-morsure","18":"product_tag-refroidissement","19":"product_tag-silicone-fr","20":"product_tag-sur","21":"product_tag-tigre","23":"first","24":"instock","25":"taxable","26":"shipping-taxable","27":"purchasable","28":"product-type-simple"},"bundled_by":[],"bundle_stock_status":"instock","bundle_stock_quantity":12,"bundle_virtual":false,"bundle_layout":"","bundle_add_to_cart_form_location":"","bundle_editable_in_cart":false,"bundle_sold_individually_context":"","bundle_item_grouping":"","bundle_min_size":"","bundle_max_size":"","bundle_price":[],"bundled_items":[],"bundle_sell_ids":[],"yoast_head":"<!-- This site is optimized with the Yoast SEO Premium plugin v27.6 (Yoast SEO v27.6) - https:\/\/yoast.com\/product\/yoast-seo-premium-wordpress\/ -->\n<title>Figurine de dentition - Silicone et bois - Tigre - Amber Brown<\/title>\n<meta name=\"description\" content=\"Figurine de dentition en forme de tigre - en silicone et bois de h\u00eatre de haute qualit\u00e9 et sans danger pour les b\u00e9b\u00e9s, de couleur marron ambr\u00e9. Sans BPA.\" \/>\n<meta name=\"robots\" content=\"index, follow, max-snippet:-1, max-image-preview:large, max-video-preview:-1\" \/>\n<link rel=\"canonical\" href=\"https:\/\/www.jootjeshaakcadeautjes.nl\/fr\/produit\/figurine-de-dentition-silicium-et-tigre-de-bois-ambre-brun\/\" \/>\n<meta property=\"og:locale\" content=\"fr_FR\" \/>\n<meta property=\"og:type\" content=\"article\" \/>\n<meta property=\"og:title\" content=\"Figurine de dentition - Silicone et bois - Tigre - Brun ambr\u00e9\" \/>\n<meta property=\"og:description\" content=\"Figurine de dentition en forme de tigre - en silicone et bois de h\u00eatre de haute qualit\u00e9 et sans danger pour les b\u00e9b\u00e9s, de couleur marron ambr\u00e9. Sans BPA.\" \/>\n<meta property=\"og:url\" content=\"https:\/\/www.jootjeshaakcadeautjes.nl\/fr\/produit\/figurine-de-dentition-silicium-et-tigre-de-bois-ambre-brun\/\" \/>\n<meta property=\"og:site_name\" content=\"Jootjes Haakcadeautjes\" \/>\n<meta property=\"article:modified_time\" content=\"2025-03-11T16:06:41+00:00\" \/>\n<meta property=\"og:image\" content=\"https:\/\/www.jootjeshaakcadeautjes.nl\/wp-content\/uploads\/2022\/10\/Siliconen-bijtfiguur-bijtring-hout-tijger-bruin-kaneel-groothandel-bpa-vrij-speenkoord.jpg\" \/>\n\t<meta property=\"og:image:width\" content=\"2048\" \/>\n\t<meta property=\"og:image:height\" content=\"2048\" \/>\n\t<meta property=\"og:image:type\" content=\"image\/jpeg\" \/>\n<meta name=\"twitter:card\" content=\"summary_large_image\" \/>\n<meta name=\"twitter:label1\" content=\"Prix\" \/>\n\t<meta name=\"twitter:data1\" content=\"&euro;3.75 TTC\" \/>\n\t<meta name=\"twitter:label2\" content=\"Disponibilit\u00e9\" \/>\n\t<meta name=\"twitter:data2\" content=\"En stock\" \/>\n<script type=\"application\/ld+json\" class=\"yoast-schema-graph\">{\"@context\":\"https:\\\/\\\/schema.org\",\"@graph\":[{\"@type\":\"WebPage\",\"@id\":\"https:\\\/\\\/www.jootjeshaakcadeautjes.nl\\\/fr\\\/produit\\\/figurine-de-dentition-silicium-et-tigre-de-bois-ambre-brun\\\/\",\"url\":\"https:\\\/\\\/www.jootjeshaakcadeautjes.nl\\\/fr\\\/produit\\\/figurine-de-dentition-silicium-et-tigre-de-bois-ambre-brun\\\/\",\"name\":\"Figurine de dentition - Silicone et bois - Tigre - Amber Brown\",\"isPartOf\":{\"@id\":\"https:\\\/\\\/www.jootjeshaakcadeautjes.nl\\\/fr\\\/#website\"},\"primaryImageOfPage\":{\"@id\":\"https:\\\/\\\/www.jootjeshaakcadeautjes.nl\\\/fr\\\/produit\\\/figurine-de-dentition-silicium-et-tigre-de-bois-ambre-brun\\\/#primaryimage\"},\"image\":{\"@id\":\"https:\\\/\\\/www.jootjeshaakcadeautjes.nl\\\/fr\\\/produit\\\/figurine-de-dentition-silicium-et-tigre-de-bois-ambre-brun\\\/#primaryimage\"},\"thumbnailUrl\":\"https:\\\/\\\/d1dyryakdmle7o.cloudfront.net\\\/wp-content\\\/uploads\\\/2022\\\/10\\\/Siliconen-bijtfiguur-bijtring-hout-tijger-bruin-kaneel-groothandel-bpa-vrij-speenkoord.jpg\",\"datePublished\":\"2022-10-19T13:50:14+00:00\",\"dateModified\":\"2025-03-11T16:06:41+00:00\",\"description\":\"Figurine de dentition en forme de tigre - en silicone et bois de h\u00eatre de haute qualit\u00e9 et sans danger pour les b\u00e9b\u00e9s, de couleur marron ambr\u00e9. Sans BPA.\",\"breadcrumb\":{\"@id\":\"https:\\\/\\\/www.jootjeshaakcadeautjes.nl\\\/fr\\\/produit\\\/figurine-de-dentition-silicium-et-tigre-de-bois-ambre-brun\\\/#breadcrumb\"},\"inLanguage\":\"fr-FR\",\"potentialAction\":[{\"@type\":\"ReadAction\",\"target\":[\"https:\\\/\\\/www.jootjeshaakcadeautjes.nl\\\/fr\\\/produit\\\/figurine-de-dentition-silicium-et-tigre-de-bois-ambre-brun\\\/\"]}]},{\"@type\":\"ImageObject\",\"inLanguage\":\"fr-FR\",\"@id\":\"https:\\\/\\\/www.jootjeshaakcadeautjes.nl\\\/fr\\\/produit\\\/figurine-de-dentition-silicium-et-tigre-de-bois-ambre-brun\\\/#primaryimage\",\"url\":\"https:\\\/\\\/d1dyryakdmle7o.cloudfront.net\\\/wp-content\\\/uploads\\\/2022\\\/10\\\/Siliconen-bijtfiguur-bijtring-hout-tijger-bruin-kaneel-groothandel-bpa-vrij-speenkoord.jpg\",\"contentUrl\":\"https:\\\/\\\/d1dyryakdmle7o.cloudfront.net\\\/wp-content\\\/uploads\\\/2022\\\/10\\\/Siliconen-bijtfiguur-bijtring-hout-tijger-bruin-kaneel-groothandel-bpa-vrij-speenkoord.jpg\",\"width\":2048,\"height\":2048,\"caption\":\"Anneau de dentition en silicone bois tigre marron cannelle grossiste t\u00e9tine sans bpa\"},{\"@type\":\"BreadcrumbList\",\"@id\":\"https:\\\/\\\/www.jootjeshaakcadeautjes.nl\\\/fr\\\/produit\\\/figurine-de-dentition-silicium-et-tigre-de-bois-ambre-brun\\\/#breadcrumb\",\"itemListElement\":[{\"@type\":\"ListItem\",\"position\":1,\"name\":\"Accueil\",\"item\":\"https:\\\/\\\/www.jootjeshaakcadeautjes.nl\\\/fr\\\/\"},{\"@type\":\"ListItem\",\"position\":2,\"name\":\"Commerce de gros de perles en silicone &#8211; Entreprises et consommateurs\",\"item\":\"https:\\\/\\\/www.jootjeshaakcadeautjes.nl\\\/fr\\\/boutique\\\/\"},{\"@type\":\"ListItem\",\"position\":3,\"name\":\"Figurine de dentition &#8211; Silicone et bois &#8211; Tigre &#8211; Brun ambr\u00e9\"}]},{\"@type\":\"WebSite\",\"@id\":\"https:\\\/\\\/www.jootjeshaakcadeautjes.nl\\\/fr\\\/#website\",\"url\":\"https:\\\/\\\/www.jootjeshaakcadeautjes.nl\\\/fr\\\/\",\"name\":\"Jootjes Haakcadeautjes\",\"description\":\"Grossiste en perles de silicone\",\"publisher\":{\"@id\":\"https:\\\/\\\/www.jootjeshaakcadeautjes.nl\\\/fr\\\/#organization\"},\"potentialAction\":[{\"@type\":\"SearchAction\",\"target\":{\"@type\":\"EntryPoint\",\"urlTemplate\":\"https:\\\/\\\/www.jootjeshaakcadeautjes.nl\\\/fr\\\/?s={search_term_string}\"},\"query-input\":{\"@type\":\"PropertyValueSpecification\",\"valueRequired\":true,\"valueName\":\"search_term_string\"}}],\"inLanguage\":\"fr-FR\"},{\"@type\":\"Organization\",\"@id\":\"https:\\\/\\\/www.jootjeshaakcadeautjes.nl\\\/fr\\\/#organization\",\"name\":\"Jootjes Haakcadeautjes\",\"url\":\"https:\\\/\\\/www.jootjeshaakcadeautjes.nl\\\/fr\\\/\",\"logo\":{\"@type\":\"ImageObject\",\"inLanguage\":\"fr-FR\",\"@id\":\"https:\\\/\\\/www.jootjeshaakcadeautjes.nl\\\/fr\\\/#\\\/schema\\\/logo\\\/image\\\/\",\"url\":\"https:\\\/\\\/d1dyryakdmle7o.cloudfront.net\\\/wp-content\\\/uploads\\\/2023\\\/05\\\/Logo-rond.png\",\"contentUrl\":\"https:\\\/\\\/d1dyryakdmle7o.cloudfront.net\\\/wp-content\\\/uploads\\\/2023\\\/05\\\/Logo-rond.png\",\"width\":1222,\"height\":1222,\"caption\":\"Jootjes Haakcadeautjes\"},\"image\":{\"@id\":\"https:\\\/\\\/www.jootjeshaakcadeautjes.nl\\\/fr\\\/#\\\/schema\\\/logo\\\/image\\\/\"}}]}<\/script>\n<meta property=\"product:price:amount\" content=\"3.75\" \/>\n<meta property=\"product:price:currency\" content=\"EUR\" \/>\n<meta property=\"og:availability\" content=\"instock\" \/>\n<meta property=\"product:availability\" content=\"instock\" \/>\n<meta property=\"product:retailer_item_id\" content=\"SIL-TGR-ABR\" \/>\n<meta property=\"product:condition\" content=\"new\" \/>\n<!-- \/ Yoast SEO Premium plugin. -->","yoast_head_json":{"title":"Figurine de dentition - Silicone et bois - Tigre - Amber Brown","description":"Figurine de dentition en forme de tigre - en silicone et bois de h\u00eatre de haute qualit\u00e9 et sans danger pour les b\u00e9b\u00e9s, de couleur marron ambr\u00e9. Sans BPA.","robots":{"index":"index","follow":"follow","max-snippet":"max-snippet:-1","max-image-preview":"max-image-preview:large","max-video-preview":"max-video-preview:-1"},"canonical":"https:\/\/www.jootjeshaakcadeautjes.nl\/fr\/produit\/figurine-de-dentition-silicium-et-tigre-de-bois-ambre-brun\/","og_locale":"fr_FR","og_type":"article","og_title":"Figurine de dentition - Silicone et bois - Tigre - Brun ambr\u00e9","og_description":"Figurine de dentition en forme de tigre - en silicone et bois de h\u00eatre de haute qualit\u00e9 et sans danger pour les b\u00e9b\u00e9s, de couleur marron ambr\u00e9. Sans BPA.","og_url":"https:\/\/www.jootjeshaakcadeautjes.nl\/fr\/produit\/figurine-de-dentition-silicium-et-tigre-de-bois-ambre-brun\/","og_site_name":"Jootjes Haakcadeautjes","article_modified_time":"2025-03-11T16:06:41+00:00","og_image":[{"width":2048,"height":2048,"url":"https:\/\/www.jootjeshaakcadeautjes.nl\/wp-content\/uploads\/2022\/10\/Siliconen-bijtfiguur-bijtring-hout-tijger-bruin-kaneel-groothandel-bpa-vrij-speenkoord.jpg","type":"image\/jpeg"}],"twitter_card":"summary_large_image","twitter_misc":{"Prix":"&euro;3.75 TTC","Disponibilit\u00e9":"En stock"},"schema":{"@context":"https:\/\/schema.org","@graph":[{"@type":"WebPage","@id":"https:\/\/www.jootjeshaakcadeautjes.nl\/fr\/produit\/figurine-de-dentition-silicium-et-tigre-de-bois-ambre-brun\/","url":"https:\/\/www.jootjeshaakcadeautjes.nl\/fr\/produit\/figurine-de-dentition-silicium-et-tigre-de-bois-ambre-brun\/","name":"Figurine de dentition - Silicone et bois - Tigre - Amber Brown","isPartOf":{"@id":"https:\/\/www.jootjeshaakcadeautjes.nl\/fr\/#website"},"primaryImageOfPage":{"@id":"https:\/\/www.jootjeshaakcadeautjes.nl\/fr\/produit\/figurine-de-dentition-silicium-et-tigre-de-bois-ambre-brun\/#primaryimage"},"image":{"@id":"https:\/\/www.jootjeshaakcadeautjes.nl\/fr\/produit\/figurine-de-dentition-silicium-et-tigre-de-bois-ambre-brun\/#primaryimage"},"thumbnailUrl":"https:\/\/d1dyryakdmle7o.cloudfront.net\/wp-content\/uploads\/2022\/10\/Siliconen-bijtfiguur-bijtring-hout-tijger-bruin-kaneel-groothandel-bpa-vrij-speenkoord.jpg","datePublished":"2022-10-19T13:50:14+00:00","dateModified":"2025-03-11T16:06:41+00:00","description":"Figurine de dentition en forme de tigre - en silicone et bois de h\u00eatre de haute qualit\u00e9 et sans danger pour les b\u00e9b\u00e9s, de couleur marron ambr\u00e9. Sans BPA.","breadcrumb":{"@id":"https:\/\/www.jootjeshaakcadeautjes.nl\/fr\/produit\/figurine-de-dentition-silicium-et-tigre-de-bois-ambre-brun\/#breadcrumb"},"inLanguage":"fr-FR","potentialAction":[{"@type":"ReadAction","target":["https:\/\/www.jootjeshaakcadeautjes.nl\/fr\/produit\/figurine-de-dentition-silicium-et-tigre-de-bois-ambre-brun\/"]}]},{"@type":"ImageObject","inLanguage":"fr-FR","@id":"https:\/\/www.jootjeshaakcadeautjes.nl\/fr\/produit\/figurine-de-dentition-silicium-et-tigre-de-bois-ambre-brun\/#primaryimage","url":"https:\/\/d1dyryakdmle7o.cloudfront.net\/wp-content\/uploads\/2022\/10\/Siliconen-bijtfiguur-bijtring-hout-tijger-bruin-kaneel-groothandel-bpa-vrij-speenkoord.jpg","contentUrl":"https:\/\/d1dyryakdmle7o.cloudfront.net\/wp-content\/uploads\/2022\/10\/Siliconen-bijtfiguur-bijtring-hout-tijger-bruin-kaneel-groothandel-bpa-vrij-speenkoord.jpg","width":2048,"height":2048,"caption":"Anneau de dentition en silicone bois tigre marron cannelle grossiste t\u00e9tine sans bpa"},{"@type":"BreadcrumbList","@id":"https:\/\/www.jootjeshaakcadeautjes.nl\/fr\/produit\/figurine-de-dentition-silicium-et-tigre-de-bois-ambre-brun\/#breadcrumb","itemListElement":[{"@type":"ListItem","position":1,"name":"Accueil","item":"https:\/\/www.jootjeshaakcadeautjes.nl\/fr\/"},{"@type":"ListItem","position":2,"name":"Commerce de gros de perles en silicone &#8211; Entreprises et consommateurs","item":"https:\/\/www.jootjeshaakcadeautjes.nl\/fr\/boutique\/"},{"@type":"ListItem","position":3,"name":"Figurine de dentition &#8211; Silicone et bois &#8211; Tigre &#8211; Brun ambr\u00e9"}]},{"@type":"WebSite","@id":"https:\/\/www.jootjeshaakcadeautjes.nl\/fr\/#website","url":"https:\/\/www.jootjeshaakcadeautjes.nl\/fr\/","name":"Jootjes Haakcadeautjes","description":"Grossiste en perles de silicone","publisher":{"@id":"https:\/\/www.jootjeshaakcadeautjes.nl\/fr\/#organization"},"potentialAction":[{"@type":"SearchAction","target":{"@type":"EntryPoint","urlTemplate":"https:\/\/www.jootjeshaakcadeautjes.nl\/fr\/?s={search_term_string}"},"query-input":{"@type":"PropertyValueSpecification","valueRequired":true,"valueName":"search_term_string"}}],"inLanguage":"fr-FR"},{"@type":"Organization","@id":"https:\/\/www.jootjeshaakcadeautjes.nl\/fr\/#organization","name":"Jootjes Haakcadeautjes","url":"https:\/\/www.jootjeshaakcadeautjes.nl\/fr\/","logo":{"@type":"ImageObject","inLanguage":"fr-FR","@id":"https:\/\/www.jootjeshaakcadeautjes.nl\/fr\/#\/schema\/logo\/image\/","url":"https:\/\/d1dyryakdmle7o.cloudfront.net\/wp-content\/uploads\/2023\/05\/Logo-rond.png","contentUrl":"https:\/\/d1dyryakdmle7o.cloudfront.net\/wp-content\/uploads\/2023\/05\/Logo-rond.png","width":1222,"height":1222,"caption":"Jootjes Haakcadeautjes"},"image":{"@id":"https:\/\/www.jootjeshaakcadeautjes.nl\/fr\/#\/schema\/logo\/image\/"}}]},"product_price_amount":"3.75","product_price_currency":"EUR","og_availability":"instock","product_availability":"instock","product_retailer_item_id":"SIL-TGR-ABR","product_condition":"new"},"_links":{"self":[{"href":"https:\/\/www.jootjeshaakcadeautjes.nl\/fr\/wp-json\/wp\/v2\/product\/133023","targetHints":{"allow":["GET"]}}],"collection":[{"href":"https:\/\/www.jootjeshaakcadeautjes.nl\/fr\/wp-json\/wp\/v2\/product"}],"about":[{"href":"https:\/\/www.jootjeshaakcadeautjes.nl\/fr\/wp-json\/wp\/v2\/types\/product"}],"version-history":[{"count":0,"href":"https:\/\/www.jootjeshaakcadeautjes.nl\/fr\/wp-json\/wp\/v2\/product\/133023\/revisions"}],"wp:featuredmedia":[{"embeddable":true,"href":"https:\/\/www.jootjeshaakcadeautjes.nl\/fr\/wp-json\/wp\/v2\/media\/82638"}],"wp:attachment":[{"href":"https:\/\/www.jootjeshaakcadeautjes.nl\/fr\/wp-json\/wp\/v2\/media?parent=133023"}],"wp:term":[{"taxonomy":"product_brand","embeddable":true,"href":"https:\/\/www.jootjeshaakcadeautjes.nl\/fr\/wp-json\/wp\/v2\/product_brand?post=133023"},{"taxonomy":"product_cat","embeddable":true,"href":"https:\/\/www.jootjeshaakcadeautjes.nl\/fr\/wp-json\/wp\/v2\/product_cat?post=133023"},{"taxonomy":"product_tag","embeddable":true,"href":"https:\/\/www.jootjeshaakcadeautjes.nl\/fr\/wp-json\/wp\/v2\/product_tag?post=133023"}],"curies":[{"name":"wp","href":"https:\/\/api.w.org\/{rel}","templated":true}]}}