{"id":133116,"date":"2022-10-18T17:00:05","date_gmt":"2022-10-18T15:00:05","guid":{"rendered":"https:\/\/www.jootjeshaakcadeautjes.nl\/product\/porte-cles-mousqueton-crochet-macrame-37\/"},"modified":"2026-03-11T17:58:37","modified_gmt":"2026-03-11T16:58:37","slug":"porte-cles-mousqueton-crochet-macrame-37","status":"publish","type":"product","link":"https:\/\/www.jootjeshaakcadeautjes.nl\/fr\/produit\/porte-cles-mousqueton-crochet-macrame-37\/","title":{"rendered":"Porte-cl\u00e9s Crochet mousqueton &#8211; Macram\u00e9 &#8211; Argent\u00e9 &#8211; 37 x 16 mm"},"content":{"rendered":"<h3>Porte-cl\u00e9s Crochet mousqueton &#8211; Macram\u00e9 &#8211; Argent\u00e9 &#8211; 37 x 16 mm<\/h3>\n<p>Les anneaux de cl\u00e9s en forme de crochet de mousqueton avec une base plate sont largement utilis\u00e9s pour fabriquer des liens ou des anneaux de cl\u00e9s en macram\u00e9. En effet, des morsures peuvent y \u00eatre attach\u00e9es. Il est \u00e9galement possible d&#8217;y fixer du tissu.<\/p>\n<p>&nbsp;<\/p>\n","protected":false},"excerpt":{"rendered":"<h4>Porte-cl\u00e9s mousqueton &#8211; Macram\u00e9<\/h4>\n<p>Taille : 37 x 16 mm<br \/>\nCouleur : argent<\/p>\n","protected":false},"featured_media":82333,"template":"","meta":[],"product_brand":[],"product_cat":[12308,12306,12310],"product_tag":[13576,10189,12318,12311,13566,13563,12314,7392,7619,7209,13558],"class_list":{"0":"post-133116","1":"product","2":"type-product","3":"status-publish","4":"has-post-thumbnail","6":"product_cat-materiel-de-bricolage-et-de-crochet","7":"product_cat-porte-cles-et-crochets","8":"product_cat-poupees-chanceuses-diy-perles-et-fournitures","9":"product_tag-37-fr","10":"product_tag-argent-fr","11":"product_tag-crochet-de-mousqueton","12":"product_tag-crochets","13":"product_tag-fixation-a-plat","14":"product_tag-macrame-fr","15":"product_tag-metal-fr","16":"product_tag-mm-fr","17":"product_tag-porte-cles","18":"product_tag-poupee-porte-bonheur","19":"product_tag-x-fr","21":"first","22":"instock","23":"taxable","24":"shipping-taxable","25":"purchasable","26":"product-type-simple"},"bundled_by":[],"bundle_stock_status":"instock","bundle_stock_quantity":111,"bundle_virtual":false,"bundle_layout":"","bundle_add_to_cart_form_location":"","bundle_editable_in_cart":false,"bundle_sold_individually_context":"","bundle_item_grouping":"","bundle_min_size":"","bundle_max_size":"","bundle_price":[],"bundled_items":[],"bundle_sell_ids":[],"yoast_head":"<!-- This site is optimized with the Yoast SEO Premium plugin v27.6 (Yoast SEO v27.6) - https:\/\/yoast.com\/product\/yoast-seo-premium-wordpress\/ -->\n<title>Porte-cl\u00e9s Crochet mousqueton - Macram\u00e9 - Argent\u00e9 - 37 x 16 mm - Jootjes Haakcadeautjes<\/title>\n<meta name=\"description\" content=\"Les porte-cl\u00e9s avec crochet de mousqueton sont disponibles sur JootjesHaakcadeautjes.nl. Id\u00e9al pour fabriquer des porte-cl\u00e9s au crochet ou des poup\u00e9es porte-bonheur, par exemple, pour une f\u00eate de groupe dans une \u00e9cole primaire. Le crochet mousqueton permet d&#039;attacher le pendentif \u00e0 un sac ou \u00e0 un porte-cl\u00e9s.\" \/>\n<meta name=\"robots\" content=\"index, follow, max-snippet:-1, max-image-preview:large, max-video-preview:-1\" \/>\n<link rel=\"canonical\" href=\"https:\/\/www.jootjeshaakcadeautjes.nl\/fr\/produit\/porte-cles-mousqueton-crochet-macrame-37\/\" \/>\n<meta property=\"og:locale\" content=\"fr_FR\" \/>\n<meta property=\"og:type\" content=\"article\" \/>\n<meta property=\"og:title\" content=\"Porte-cl\u00e9s Crochet mousqueton - Macram\u00e9 - Argent\u00e9 - 37 x 16 mm\" \/>\n<meta property=\"og:description\" content=\"Les porte-cl\u00e9s avec crochet de mousqueton sont disponibles sur JootjesHaakcadeautjes.nl. Id\u00e9al pour fabriquer des porte-cl\u00e9s au crochet ou des poup\u00e9es porte-bonheur, par exemple, pour une f\u00eate de groupe dans une \u00e9cole primaire. Le crochet mousqueton permet d&#039;attacher le pendentif \u00e0 un sac ou \u00e0 un porte-cl\u00e9s.\" \/>\n<meta property=\"og:url\" content=\"https:\/\/www.jootjeshaakcadeautjes.nl\/fr\/produit\/porte-cles-mousqueton-crochet-macrame-37\/\" \/>\n<meta property=\"og:site_name\" content=\"Jootjes Haakcadeautjes\" \/>\n<meta property=\"article:modified_time\" content=\"2026-03-11T16:58:37+00:00\" \/>\n<meta property=\"og:image\" content=\"https:\/\/www.jootjeshaakcadeautjes.nl\/wp-content\/uploads\/2022\/10\/20221013_200502.jpg\" \/>\n\t<meta property=\"og:image:width\" content=\"2048\" \/>\n\t<meta property=\"og:image:height\" content=\"2048\" \/>\n\t<meta property=\"og:image:type\" content=\"image\/jpeg\" \/>\n<meta name=\"twitter:card\" content=\"summary_large_image\" \/>\n<meta name=\"twitter:label1\" content=\"Prix\" \/>\n\t<meta name=\"twitter:data1\" content=\"&euro;0.40 TTC\" \/>\n\t<meta name=\"twitter:label2\" content=\"Disponibilit\u00e9\" \/>\n\t<meta name=\"twitter:data2\" content=\"En stock\" \/>\n<script type=\"application\/ld+json\" class=\"yoast-schema-graph\">{\"@context\":\"https:\\\/\\\/schema.org\",\"@graph\":[{\"@type\":\"WebPage\",\"@id\":\"https:\\\/\\\/www.jootjeshaakcadeautjes.nl\\\/fr\\\/produit\\\/porte-cles-mousqueton-crochet-macrame-37\\\/\",\"url\":\"https:\\\/\\\/www.jootjeshaakcadeautjes.nl\\\/fr\\\/produit\\\/porte-cles-mousqueton-crochet-macrame-37\\\/\",\"name\":\"Porte-cl\u00e9s Crochet mousqueton - Macram\u00e9 - Argent\u00e9 - 37 x 16 mm - Jootjes Haakcadeautjes\",\"isPartOf\":{\"@id\":\"https:\\\/\\\/www.jootjeshaakcadeautjes.nl\\\/fr\\\/#website\"},\"primaryImageOfPage\":{\"@id\":\"https:\\\/\\\/www.jootjeshaakcadeautjes.nl\\\/fr\\\/produit\\\/porte-cles-mousqueton-crochet-macrame-37\\\/#primaryimage\"},\"image\":{\"@id\":\"https:\\\/\\\/www.jootjeshaakcadeautjes.nl\\\/fr\\\/produit\\\/porte-cles-mousqueton-crochet-macrame-37\\\/#primaryimage\"},\"thumbnailUrl\":\"https:\\\/\\\/d1dyryakdmle7o.cloudfront.net\\\/wp-content\\\/uploads\\\/2022\\\/10\\\/20221013_200502.jpg\",\"datePublished\":\"2022-10-18T15:00:05+00:00\",\"dateModified\":\"2026-03-11T16:58:37+00:00\",\"description\":\"Les porte-cl\u00e9s avec crochet de mousqueton sont disponibles sur JootjesHaakcadeautjes.nl. Id\u00e9al pour fabriquer des porte-cl\u00e9s au crochet ou des poup\u00e9es porte-bonheur, par exemple, pour une f\u00eate de groupe dans une \u00e9cole primaire. Le crochet mousqueton permet d'attacher le pendentif \u00e0 un sac ou \u00e0 un porte-cl\u00e9s.\",\"breadcrumb\":{\"@id\":\"https:\\\/\\\/www.jootjeshaakcadeautjes.nl\\\/fr\\\/produit\\\/porte-cles-mousqueton-crochet-macrame-37\\\/#breadcrumb\"},\"inLanguage\":\"fr-FR\",\"potentialAction\":[{\"@type\":\"ReadAction\",\"target\":[\"https:\\\/\\\/www.jootjeshaakcadeautjes.nl\\\/fr\\\/produit\\\/porte-cles-mousqueton-crochet-macrame-37\\\/\"]}]},{\"@type\":\"ImageObject\",\"inLanguage\":\"fr-FR\",\"@id\":\"https:\\\/\\\/www.jootjeshaakcadeautjes.nl\\\/fr\\\/produit\\\/porte-cles-mousqueton-crochet-macrame-37\\\/#primaryimage\",\"url\":\"https:\\\/\\\/d1dyryakdmle7o.cloudfront.net\\\/wp-content\\\/uploads\\\/2022\\\/10\\\/20221013_200502.jpg\",\"contentUrl\":\"https:\\\/\\\/d1dyryakdmle7o.cloudfront.net\\\/wp-content\\\/uploads\\\/2022\\\/10\\\/20221013_200502.jpg\",\"width\":2048,\"height\":2048,\"caption\":\"Porte-cl\u00e9s macram\u00e9 crochet mousqueton plat pour fixation\"},{\"@type\":\"BreadcrumbList\",\"@id\":\"https:\\\/\\\/www.jootjeshaakcadeautjes.nl\\\/fr\\\/produit\\\/porte-cles-mousqueton-crochet-macrame-37\\\/#breadcrumb\",\"itemListElement\":[{\"@type\":\"ListItem\",\"position\":1,\"name\":\"Accueil\",\"item\":\"https:\\\/\\\/www.jootjeshaakcadeautjes.nl\\\/fr\\\/\"},{\"@type\":\"ListItem\",\"position\":2,\"name\":\"Commerce de gros de perles en silicone &#8211; Entreprises et consommateurs\",\"item\":\"https:\\\/\\\/www.jootjeshaakcadeautjes.nl\\\/fr\\\/boutique\\\/\"},{\"@type\":\"ListItem\",\"position\":3,\"name\":\"Porte-cl\u00e9s Crochet mousqueton &#8211; Macram\u00e9 &#8211; Argent\u00e9 &#8211; 37 x 16 mm\"}]},{\"@type\":\"WebSite\",\"@id\":\"https:\\\/\\\/www.jootjeshaakcadeautjes.nl\\\/fr\\\/#website\",\"url\":\"https:\\\/\\\/www.jootjeshaakcadeautjes.nl\\\/fr\\\/\",\"name\":\"Jootjes Haakcadeautjes\",\"description\":\"Grossiste en perles de silicone\",\"publisher\":{\"@id\":\"https:\\\/\\\/www.jootjeshaakcadeautjes.nl\\\/fr\\\/#organization\"},\"potentialAction\":[{\"@type\":\"SearchAction\",\"target\":{\"@type\":\"EntryPoint\",\"urlTemplate\":\"https:\\\/\\\/www.jootjeshaakcadeautjes.nl\\\/fr\\\/?s={search_term_string}\"},\"query-input\":{\"@type\":\"PropertyValueSpecification\",\"valueRequired\":true,\"valueName\":\"search_term_string\"}}],\"inLanguage\":\"fr-FR\"},{\"@type\":\"Organization\",\"@id\":\"https:\\\/\\\/www.jootjeshaakcadeautjes.nl\\\/fr\\\/#organization\",\"name\":\"Jootjes Haakcadeautjes\",\"url\":\"https:\\\/\\\/www.jootjeshaakcadeautjes.nl\\\/fr\\\/\",\"logo\":{\"@type\":\"ImageObject\",\"inLanguage\":\"fr-FR\",\"@id\":\"https:\\\/\\\/www.jootjeshaakcadeautjes.nl\\\/fr\\\/#\\\/schema\\\/logo\\\/image\\\/\",\"url\":\"https:\\\/\\\/d1dyryakdmle7o.cloudfront.net\\\/wp-content\\\/uploads\\\/2023\\\/05\\\/Logo-rond.png\",\"contentUrl\":\"https:\\\/\\\/d1dyryakdmle7o.cloudfront.net\\\/wp-content\\\/uploads\\\/2023\\\/05\\\/Logo-rond.png\",\"width\":1222,\"height\":1222,\"caption\":\"Jootjes Haakcadeautjes\"},\"image\":{\"@id\":\"https:\\\/\\\/www.jootjeshaakcadeautjes.nl\\\/fr\\\/#\\\/schema\\\/logo\\\/image\\\/\"}}]}<\/script>\n<meta property=\"product:price:amount\" content=\"0.40\" \/>\n<meta property=\"product:price:currency\" content=\"EUR\" \/>\n<meta property=\"og:availability\" content=\"instock\" \/>\n<meta property=\"product:availability\" content=\"instock\" \/>\n<meta property=\"product:retailer_item_id\" content=\"SLH-MUS-ZILM\" \/>\n<meta property=\"product:condition\" content=\"new\" \/>\n<!-- \/ Yoast SEO Premium plugin. -->","yoast_head_json":{"title":"Porte-cl\u00e9s Crochet mousqueton - Macram\u00e9 - Argent\u00e9 - 37 x 16 mm - Jootjes Haakcadeautjes","description":"Les porte-cl\u00e9s avec crochet de mousqueton sont disponibles sur JootjesHaakcadeautjes.nl. Id\u00e9al pour fabriquer des porte-cl\u00e9s au crochet ou des poup\u00e9es porte-bonheur, par exemple, pour une f\u00eate de groupe dans une \u00e9cole primaire. Le crochet mousqueton permet d'attacher le pendentif \u00e0 un sac ou \u00e0 un porte-cl\u00e9s.","robots":{"index":"index","follow":"follow","max-snippet":"max-snippet:-1","max-image-preview":"max-image-preview:large","max-video-preview":"max-video-preview:-1"},"canonical":"https:\/\/www.jootjeshaakcadeautjes.nl\/fr\/produit\/porte-cles-mousqueton-crochet-macrame-37\/","og_locale":"fr_FR","og_type":"article","og_title":"Porte-cl\u00e9s Crochet mousqueton - Macram\u00e9 - Argent\u00e9 - 37 x 16 mm","og_description":"Les porte-cl\u00e9s avec crochet de mousqueton sont disponibles sur JootjesHaakcadeautjes.nl. Id\u00e9al pour fabriquer des porte-cl\u00e9s au crochet ou des poup\u00e9es porte-bonheur, par exemple, pour une f\u00eate de groupe dans une \u00e9cole primaire. Le crochet mousqueton permet d'attacher le pendentif \u00e0 un sac ou \u00e0 un porte-cl\u00e9s.","og_url":"https:\/\/www.jootjeshaakcadeautjes.nl\/fr\/produit\/porte-cles-mousqueton-crochet-macrame-37\/","og_site_name":"Jootjes Haakcadeautjes","article_modified_time":"2026-03-11T16:58:37+00:00","og_image":[{"width":2048,"height":2048,"url":"https:\/\/www.jootjeshaakcadeautjes.nl\/wp-content\/uploads\/2022\/10\/20221013_200502.jpg","type":"image\/jpeg"}],"twitter_card":"summary_large_image","twitter_misc":{"Prix":"&euro;0.40 TTC","Disponibilit\u00e9":"En stock"},"schema":{"@context":"https:\/\/schema.org","@graph":[{"@type":"WebPage","@id":"https:\/\/www.jootjeshaakcadeautjes.nl\/fr\/produit\/porte-cles-mousqueton-crochet-macrame-37\/","url":"https:\/\/www.jootjeshaakcadeautjes.nl\/fr\/produit\/porte-cles-mousqueton-crochet-macrame-37\/","name":"Porte-cl\u00e9s Crochet mousqueton - Macram\u00e9 - Argent\u00e9 - 37 x 16 mm - Jootjes Haakcadeautjes","isPartOf":{"@id":"https:\/\/www.jootjeshaakcadeautjes.nl\/fr\/#website"},"primaryImageOfPage":{"@id":"https:\/\/www.jootjeshaakcadeautjes.nl\/fr\/produit\/porte-cles-mousqueton-crochet-macrame-37\/#primaryimage"},"image":{"@id":"https:\/\/www.jootjeshaakcadeautjes.nl\/fr\/produit\/porte-cles-mousqueton-crochet-macrame-37\/#primaryimage"},"thumbnailUrl":"https:\/\/d1dyryakdmle7o.cloudfront.net\/wp-content\/uploads\/2022\/10\/20221013_200502.jpg","datePublished":"2022-10-18T15:00:05+00:00","dateModified":"2026-03-11T16:58:37+00:00","description":"Les porte-cl\u00e9s avec crochet de mousqueton sont disponibles sur JootjesHaakcadeautjes.nl. Id\u00e9al pour fabriquer des porte-cl\u00e9s au crochet ou des poup\u00e9es porte-bonheur, par exemple, pour une f\u00eate de groupe dans une \u00e9cole primaire. Le crochet mousqueton permet d'attacher le pendentif \u00e0 un sac ou \u00e0 un porte-cl\u00e9s.","breadcrumb":{"@id":"https:\/\/www.jootjeshaakcadeautjes.nl\/fr\/produit\/porte-cles-mousqueton-crochet-macrame-37\/#breadcrumb"},"inLanguage":"fr-FR","potentialAction":[{"@type":"ReadAction","target":["https:\/\/www.jootjeshaakcadeautjes.nl\/fr\/produit\/porte-cles-mousqueton-crochet-macrame-37\/"]}]},{"@type":"ImageObject","inLanguage":"fr-FR","@id":"https:\/\/www.jootjeshaakcadeautjes.nl\/fr\/produit\/porte-cles-mousqueton-crochet-macrame-37\/#primaryimage","url":"https:\/\/d1dyryakdmle7o.cloudfront.net\/wp-content\/uploads\/2022\/10\/20221013_200502.jpg","contentUrl":"https:\/\/d1dyryakdmle7o.cloudfront.net\/wp-content\/uploads\/2022\/10\/20221013_200502.jpg","width":2048,"height":2048,"caption":"Porte-cl\u00e9s macram\u00e9 crochet mousqueton plat pour fixation"},{"@type":"BreadcrumbList","@id":"https:\/\/www.jootjeshaakcadeautjes.nl\/fr\/produit\/porte-cles-mousqueton-crochet-macrame-37\/#breadcrumb","itemListElement":[{"@type":"ListItem","position":1,"name":"Accueil","item":"https:\/\/www.jootjeshaakcadeautjes.nl\/fr\/"},{"@type":"ListItem","position":2,"name":"Commerce de gros de perles en silicone &#8211; Entreprises et consommateurs","item":"https:\/\/www.jootjeshaakcadeautjes.nl\/fr\/boutique\/"},{"@type":"ListItem","position":3,"name":"Porte-cl\u00e9s Crochet mousqueton &#8211; Macram\u00e9 &#8211; Argent\u00e9 &#8211; 37 x 16 mm"}]},{"@type":"WebSite","@id":"https:\/\/www.jootjeshaakcadeautjes.nl\/fr\/#website","url":"https:\/\/www.jootjeshaakcadeautjes.nl\/fr\/","name":"Jootjes Haakcadeautjes","description":"Grossiste en perles de silicone","publisher":{"@id":"https:\/\/www.jootjeshaakcadeautjes.nl\/fr\/#organization"},"potentialAction":[{"@type":"SearchAction","target":{"@type":"EntryPoint","urlTemplate":"https:\/\/www.jootjeshaakcadeautjes.nl\/fr\/?s={search_term_string}"},"query-input":{"@type":"PropertyValueSpecification","valueRequired":true,"valueName":"search_term_string"}}],"inLanguage":"fr-FR"},{"@type":"Organization","@id":"https:\/\/www.jootjeshaakcadeautjes.nl\/fr\/#organization","name":"Jootjes Haakcadeautjes","url":"https:\/\/www.jootjeshaakcadeautjes.nl\/fr\/","logo":{"@type":"ImageObject","inLanguage":"fr-FR","@id":"https:\/\/www.jootjeshaakcadeautjes.nl\/fr\/#\/schema\/logo\/image\/","url":"https:\/\/d1dyryakdmle7o.cloudfront.net\/wp-content\/uploads\/2023\/05\/Logo-rond.png","contentUrl":"https:\/\/d1dyryakdmle7o.cloudfront.net\/wp-content\/uploads\/2023\/05\/Logo-rond.png","width":1222,"height":1222,"caption":"Jootjes Haakcadeautjes"},"image":{"@id":"https:\/\/www.jootjeshaakcadeautjes.nl\/fr\/#\/schema\/logo\/image\/"}}]},"product_price_amount":"0.40","product_price_currency":"EUR","og_availability":"instock","product_availability":"instock","product_retailer_item_id":"SLH-MUS-ZILM","product_condition":"new"},"_links":{"self":[{"href":"https:\/\/www.jootjeshaakcadeautjes.nl\/fr\/wp-json\/wp\/v2\/product\/133116","targetHints":{"allow":["GET"]}}],"collection":[{"href":"https:\/\/www.jootjeshaakcadeautjes.nl\/fr\/wp-json\/wp\/v2\/product"}],"about":[{"href":"https:\/\/www.jootjeshaakcadeautjes.nl\/fr\/wp-json\/wp\/v2\/types\/product"}],"version-history":[{"count":0,"href":"https:\/\/www.jootjeshaakcadeautjes.nl\/fr\/wp-json\/wp\/v2\/product\/133116\/revisions"}],"wp:featuredmedia":[{"embeddable":true,"href":"https:\/\/www.jootjeshaakcadeautjes.nl\/fr\/wp-json\/wp\/v2\/media\/82333"}],"wp:attachment":[{"href":"https:\/\/www.jootjeshaakcadeautjes.nl\/fr\/wp-json\/wp\/v2\/media?parent=133116"}],"wp:term":[{"taxonomy":"product_brand","embeddable":true,"href":"https:\/\/www.jootjeshaakcadeautjes.nl\/fr\/wp-json\/wp\/v2\/product_brand?post=133116"},{"taxonomy":"product_cat","embeddable":true,"href":"https:\/\/www.jootjeshaakcadeautjes.nl\/fr\/wp-json\/wp\/v2\/product_cat?post=133116"},{"taxonomy":"product_tag","embeddable":true,"href":"https:\/\/www.jootjeshaakcadeautjes.nl\/fr\/wp-json\/wp\/v2\/product_tag?post=133116"}],"curies":[{"name":"wp","href":"https:\/\/api.w.org\/{rel}","templated":true}]}}