{"id":133165,"date":"2022-10-09T22:23:19","date_gmt":"2022-10-09T20:23:19","guid":{"rendered":"https:\/\/www.jootjeshaakcadeautjes.nl\/product\/aiguille-inversee-pour-le-cordon-tetine-petitjo-special\/"},"modified":"2026-03-27T20:21:43","modified_gmt":"2026-03-27T19:21:43","slug":"aiguille-inversee-pour-le-cordon-tetine-petitjo-special","status":"publish","type":"product","link":"https:\/\/www.jootjeshaakcadeautjes.nl\/fr\/produit\/aiguille-inversee-pour-le-cordon-tetine-petitjo-special\/","title":{"rendered":"Aiguille \u00e0 rebrousse-poil pour cordelette factice &#8211; LittleJo Special !"},"content":{"rendered":"<h2>Aiguille d&#8217;inversion pour faux cordon &#8211; LittleJo Special<\/h2>\n<p>Enfilez sur l&#8217;aiguille invers\u00e9e toutes vos perles de silicone et tirez-les en une seule fois avec la ficelle. Voici comment fabriquer facilement et rapidement un faux cordon. C&#8217;est notre propre aiguille \u00e0 enfiler. Il s&#8217;agit et il s&#8217;agira toujours d&#8217;une aiguille \u00e0 enfiler. Les aiguilles \u00e0 b\u00e2tonnets sont officiellement destin\u00e9es \u00e0 l&#8217;enfilage de tissus tels que les \u00e9lastiques et n&#8217;ont pas \u00e9t\u00e9 con\u00e7ues \u00e0 l&#8217;origine pour la fabrication de faux cordons. Cependant, nos propres aiguilles de b\u00e2ti ont \u00e9t\u00e9 sp\u00e9cialement s\u00e9lectionn\u00e9es pour permettre un meilleur b\u00e2ti et un enfilage plus facile que les autres aiguilles de b\u00e2ti. Ces aiguilles de b\u00e2ti sont donc plus faciles \u00e0 utiliser et durent plus longtemps que les autres aiguilles de b\u00e2ti.<\/p>\n<p>Marque : LittleJo Longueur : 26.7 cm Couleur : Argent<\/p>\n","protected":false},"excerpt":{"rendered":"<p>Marque : LittleJo Longueur : 26.7 cm Couleur : Argent<\/p>\n<p>Enfilez sur l&#8217;aiguille invers\u00e9e toutes vos perles de silicone et tirez-les en une seule fois avec la ficelle. Voici comment fabriquer facilement et rapidement un faux cordon. Cette aiguille de b\u00e2ti a \u00e9t\u00e9 sp\u00e9cialement s\u00e9lectionn\u00e9e par nos soins et s&#8217;enfile plus facilement que les autres aiguilles de b\u00e2ti !<\/p>\n","protected":false},"featured_media":82095,"template":"","meta":[],"product_brand":[],"product_cat":[12374,12376,7378,13544,13580],"product_tag":[13583,7401,7206,13581,13582,13584,7215,7418,10299,12657,7200,12661,7212,7408,9992,7217],"class_list":{"0":"post-133165","1":"product","2":"type-product","3":"status-publish","4":"has-post-thumbnail","6":"product_cat-tous-les-outils-aiguilles-pinces-combinees-ciseaux-tous","7":"product_cat-outils-tapis-de-travail-et-planche-a-perles-cordon-de-sucette-anneau-de-dentition-et-plus-encore","8":"product_cat-fabrication-de-jouets-de-dentition-pour-bebe-cordon-de-sucette-et-anneaux-de-dentition","9":"product_cat-cordon-de-satin-cordon-de-cire-et-aiguille-a-badigeonner","10":"product_cat-aiguille-de-bati-et-dinversion","11":"product_tag-aiguille-de-retournement","12":"product_tag-bebe","13":"product_tag-bricolage","14":"product_tag-crochet-dinversion","15":"product_tag-fabriquez-votre-propre-cordelette-factice","16":"product_tag-facile","17":"product_tag-faire","18":"product_tag-faux-cordon","19":"product_tag-filetage","20":"product_tag-jouet-de-dentition","21":"product_tag-perles","22":"product_tag-petitjo","23":"product_tag-silicone-fr","24":"product_tag-sur","25":"product_tag-tetine","26":"product_tag-toi-meme","28":"first","29":"instock","30":"taxable","31":"shipping-taxable","32":"purchasable","33":"product-type-simple"},"bundled_by":[],"bundle_stock_status":"instock","bundle_stock_quantity":252,"bundle_virtual":false,"bundle_layout":"","bundle_add_to_cart_form_location":"","bundle_editable_in_cart":false,"bundle_sold_individually_context":"","bundle_item_grouping":"","bundle_min_size":"","bundle_max_size":"","bundle_price":[],"bundled_items":[],"bundle_sell_ids":[],"yoast_head":"<!-- This site is optimized with the Yoast SEO Premium plugin v26.4 (Yoast SEO v26.9) - https:\/\/yoast.com\/product\/yoast-seo-premium-wordpress\/ -->\n<title>Aiguille \u00e0 rebrousse-poil pour cordelette factice - LittleJo Special ! - Fabriquer un cordon factice<\/title>\n<meta name=\"description\" content=\"Aiguille \u00e0 rebrousse-poil pour la r\u00e9alisation rapide de faux cordons. Marque de crochet invers\u00e9 Prym. Enfilez vos perles de silicone et cr\u00e9ez un cordon factice en un rien de temps.\" \/>\n<meta name=\"robots\" content=\"index, follow, max-snippet:-1, max-image-preview:large, max-video-preview:-1\" \/>\n<link rel=\"canonical\" href=\"https:\/\/www.jootjeshaakcadeautjes.nl\/fr\/produit\/aiguille-inversee-pour-le-cordon-tetine-petitjo-special\/\" \/>\n<meta property=\"og:locale\" content=\"fr_FR\" \/>\n<meta property=\"og:type\" content=\"article\" \/>\n<meta property=\"og:title\" content=\"Aiguille \u00e0 rebrousse-poil pour cordelette factice - LittleJo Special !\" \/>\n<meta property=\"og:description\" content=\"Aiguille \u00e0 rebrousse-poil pour la r\u00e9alisation rapide de faux cordons. Marque de crochet invers\u00e9 Prym. Enfilez vos perles de silicone et cr\u00e9ez un cordon factice en un rien de temps.\" \/>\n<meta property=\"og:url\" content=\"https:\/\/www.jootjeshaakcadeautjes.nl\/fr\/produit\/aiguille-inversee-pour-le-cordon-tetine-petitjo-special\/\" \/>\n<meta property=\"og:site_name\" content=\"Jootjes Haakcadeautjes\" \/>\n<meta property=\"article:modified_time\" content=\"2026-03-27T19:21:43+00:00\" \/>\n<meta property=\"og:image\" content=\"https:\/\/www.jootjeshaakcadeautjes.nl\/wp-content\/uploads\/2022\/10\/Categorieen-Copy-13-kopie-NaN-kopie-NaN-kopie-NaN-kopie-NaN-kopie-NaN-kopie-1.jpg\" \/>\n\t<meta property=\"og:image:width\" content=\"1080\" \/>\n\t<meta property=\"og:image:height\" content=\"1080\" \/>\n\t<meta property=\"og:image:type\" content=\"image\/jpeg\" \/>\n<meta name=\"twitter:card\" content=\"summary_large_image\" \/>\n<meta name=\"twitter:label1\" content=\"Prix\" \/>\n\t<meta name=\"twitter:data1\" content=\"&euro;3.25 TTC\" \/>\n\t<meta name=\"twitter:label2\" content=\"Disponibilit\u00e9\" \/>\n\t<meta name=\"twitter:data2\" content=\"En stock\" \/>\n<script type=\"application\/ld+json\" class=\"yoast-schema-graph\">{\"@context\":\"https:\/\/schema.org\",\"@graph\":[{\"@type\":\"WebPage\",\"@id\":\"https:\/\/www.jootjeshaakcadeautjes.nl\/fr\/produit\/aiguille-inversee-pour-le-cordon-tetine-petitjo-special\/\",\"url\":\"https:\/\/www.jootjeshaakcadeautjes.nl\/fr\/produit\/aiguille-inversee-pour-le-cordon-tetine-petitjo-special\/\",\"name\":\"Aiguille \u00e0 rebrousse-poil pour cordelette factice - LittleJo Special ! - Fabriquer un cordon factice\",\"isPartOf\":{\"@id\":\"https:\/\/www.jootjeshaakcadeautjes.nl\/fr\/#website\"},\"primaryImageOfPage\":{\"@id\":\"https:\/\/www.jootjeshaakcadeautjes.nl\/fr\/produit\/aiguille-inversee-pour-le-cordon-tetine-petitjo-special\/#primaryimage\"},\"image\":{\"@id\":\"https:\/\/www.jootjeshaakcadeautjes.nl\/fr\/produit\/aiguille-inversee-pour-le-cordon-tetine-petitjo-special\/#primaryimage\"},\"thumbnailUrl\":\"https:\/\/d1dyryakdmle7o.cloudfront.net\/wp-content\/uploads\/2022\/10\/Categorieen-Copy-13-kopie-NaN-kopie-NaN-kopie-NaN-kopie-NaN-kopie-NaN-kopie-1.jpg\",\"datePublished\":\"2022-10-09T20:23:19+00:00\",\"dateModified\":\"2026-03-27T19:21:43+00:00\",\"description\":\"Aiguille \u00e0 rebrousse-poil pour la r\u00e9alisation rapide de faux cordons. Marque de crochet invers\u00e9 Prym. Enfilez vos perles de silicone et cr\u00e9ez un cordon factice en un rien de temps.\",\"breadcrumb\":{\"@id\":\"https:\/\/www.jootjeshaakcadeautjes.nl\/fr\/produit\/aiguille-inversee-pour-le-cordon-tetine-petitjo-special\/#breadcrumb\"},\"inLanguage\":\"fr-FR\",\"potentialAction\":[{\"@type\":\"ReadAction\",\"target\":[\"https:\/\/www.jootjeshaakcadeautjes.nl\/fr\/produit\/aiguille-inversee-pour-le-cordon-tetine-petitjo-special\/\"]}]},{\"@type\":\"ImageObject\",\"inLanguage\":\"fr-FR\",\"@id\":\"https:\/\/www.jootjeshaakcadeautjes.nl\/fr\/produit\/aiguille-inversee-pour-le-cordon-tetine-petitjo-special\/#primaryimage\",\"url\":\"https:\/\/d1dyryakdmle7o.cloudfront.net\/wp-content\/uploads\/2022\/10\/Categorieen-Copy-13-kopie-NaN-kopie-NaN-kopie-NaN-kopie-NaN-kopie-NaN-kopie-1.jpg\",\"contentUrl\":\"https:\/\/d1dyryakdmle7o.cloudfront.net\/wp-content\/uploads\/2022\/10\/Categorieen-Copy-13-kopie-NaN-kopie-NaN-kopie-NaN-kopie-NaN-kopie-NaN-kopie-1.jpg\",\"width\":1080,\"height\":1080,\"caption\":\"Aiguille \u00e0 rebrousse-poil sp\u00e9ciale pour les cordons de t\u00e9tine LittleJo Attache-t\u00e9tine \u00e0 fabriquer soi-m\u00eame\"},{\"@type\":\"BreadcrumbList\",\"@id\":\"https:\/\/www.jootjeshaakcadeautjes.nl\/fr\/produit\/aiguille-inversee-pour-le-cordon-tetine-petitjo-special\/#breadcrumb\",\"itemListElement\":[{\"@type\":\"ListItem\",\"position\":1,\"name\":\"Accueil\",\"item\":\"https:\/\/www.jootjeshaakcadeautjes.nl\/fr\/\"},{\"@type\":\"ListItem\",\"position\":2,\"name\":\"Commerce de gros de perles en silicone &#8211; Entreprises et consommateurs\",\"item\":\"https:\/\/www.jootjeshaakcadeautjes.nl\/fr\/boutique\/\"},{\"@type\":\"ListItem\",\"position\":3,\"name\":\"Aiguille \u00e0 rebrousse-poil pour cordelette factice &#8211; LittleJo Special !\"}]},{\"@type\":\"WebSite\",\"@id\":\"https:\/\/www.jootjeshaakcadeautjes.nl\/fr\/#website\",\"url\":\"https:\/\/www.jootjeshaakcadeautjes.nl\/fr\/\",\"name\":\"Jootjes Haakcadeautjes\",\"description\":\"Grossiste en perles de silicone\",\"publisher\":{\"@id\":\"https:\/\/www.jootjeshaakcadeautjes.nl\/fr\/#organization\"},\"potentialAction\":[{\"@type\":\"SearchAction\",\"target\":{\"@type\":\"EntryPoint\",\"urlTemplate\":\"https:\/\/www.jootjeshaakcadeautjes.nl\/fr\/?s={search_term_string}\"},\"query-input\":{\"@type\":\"PropertyValueSpecification\",\"valueRequired\":true,\"valueName\":\"search_term_string\"}}],\"inLanguage\":\"fr-FR\"},{\"@type\":\"Organization\",\"@id\":\"https:\/\/www.jootjeshaakcadeautjes.nl\/fr\/#organization\",\"name\":\"Jootjes Haakcadeautjes\",\"url\":\"https:\/\/www.jootjeshaakcadeautjes.nl\/fr\/\",\"logo\":{\"@type\":\"ImageObject\",\"inLanguage\":\"fr-FR\",\"@id\":\"https:\/\/www.jootjeshaakcadeautjes.nl\/fr\/#\/schema\/logo\/image\/\",\"url\":\"https:\/\/jootjes-haakcadeautjes-media.s3.amazonaws.com\/wp-content\/uploads\/2023\/05\/Logo-rond.png\",\"contentUrl\":\"https:\/\/jootjes-haakcadeautjes-media.s3.amazonaws.com\/wp-content\/uploads\/2023\/05\/Logo-rond.png\",\"width\":1222,\"height\":1222,\"caption\":\"Jootjes Haakcadeautjes\"},\"image\":{\"@id\":\"https:\/\/www.jootjeshaakcadeautjes.nl\/fr\/#\/schema\/logo\/image\/\"}}]}<\/script>\n<meta property=\"product:price:amount\" content=\"3.25\" \/>\n<meta property=\"product:price:currency\" content=\"EUR\" \/>\n<meta property=\"og:availability\" content=\"instock\" \/>\n<meta property=\"product:availability\" content=\"instock\" \/>\n<meta property=\"product:retailer_item_id\" content=\"LJO-OMK-NAL\" \/>\n<meta property=\"product:condition\" content=\"new\" \/>\n<!-- \/ Yoast SEO Premium plugin. -->","yoast_head_json":{"title":"Aiguille \u00e0 rebrousse-poil pour cordelette factice - LittleJo Special ! - Fabriquer un cordon factice","description":"Aiguille \u00e0 rebrousse-poil pour la r\u00e9alisation rapide de faux cordons. Marque de crochet invers\u00e9 Prym. Enfilez vos perles de silicone et cr\u00e9ez un cordon factice en un rien de temps.","robots":{"index":"index","follow":"follow","max-snippet":"max-snippet:-1","max-image-preview":"max-image-preview:large","max-video-preview":"max-video-preview:-1"},"canonical":"https:\/\/www.jootjeshaakcadeautjes.nl\/fr\/produit\/aiguille-inversee-pour-le-cordon-tetine-petitjo-special\/","og_locale":"fr_FR","og_type":"article","og_title":"Aiguille \u00e0 rebrousse-poil pour cordelette factice - LittleJo Special !","og_description":"Aiguille \u00e0 rebrousse-poil pour la r\u00e9alisation rapide de faux cordons. Marque de crochet invers\u00e9 Prym. Enfilez vos perles de silicone et cr\u00e9ez un cordon factice en un rien de temps.","og_url":"https:\/\/www.jootjeshaakcadeautjes.nl\/fr\/produit\/aiguille-inversee-pour-le-cordon-tetine-petitjo-special\/","og_site_name":"Jootjes Haakcadeautjes","article_modified_time":"2026-03-27T19:21:43+00:00","og_image":[{"width":1080,"height":1080,"url":"https:\/\/www.jootjeshaakcadeautjes.nl\/wp-content\/uploads\/2022\/10\/Categorieen-Copy-13-kopie-NaN-kopie-NaN-kopie-NaN-kopie-NaN-kopie-NaN-kopie-1.jpg","type":"image\/jpeg"}],"twitter_card":"summary_large_image","twitter_misc":{"Prix":"&euro;3.25 TTC","Disponibilit\u00e9":"En stock"},"schema":{"@context":"https:\/\/schema.org","@graph":[{"@type":"WebPage","@id":"https:\/\/www.jootjeshaakcadeautjes.nl\/fr\/produit\/aiguille-inversee-pour-le-cordon-tetine-petitjo-special\/","url":"https:\/\/www.jootjeshaakcadeautjes.nl\/fr\/produit\/aiguille-inversee-pour-le-cordon-tetine-petitjo-special\/","name":"Aiguille \u00e0 rebrousse-poil pour cordelette factice - LittleJo Special ! - Fabriquer un cordon factice","isPartOf":{"@id":"https:\/\/www.jootjeshaakcadeautjes.nl\/fr\/#website"},"primaryImageOfPage":{"@id":"https:\/\/www.jootjeshaakcadeautjes.nl\/fr\/produit\/aiguille-inversee-pour-le-cordon-tetine-petitjo-special\/#primaryimage"},"image":{"@id":"https:\/\/www.jootjeshaakcadeautjes.nl\/fr\/produit\/aiguille-inversee-pour-le-cordon-tetine-petitjo-special\/#primaryimage"},"thumbnailUrl":"https:\/\/d1dyryakdmle7o.cloudfront.net\/wp-content\/uploads\/2022\/10\/Categorieen-Copy-13-kopie-NaN-kopie-NaN-kopie-NaN-kopie-NaN-kopie-NaN-kopie-1.jpg","datePublished":"2022-10-09T20:23:19+00:00","dateModified":"2026-03-27T19:21:43+00:00","description":"Aiguille \u00e0 rebrousse-poil pour la r\u00e9alisation rapide de faux cordons. Marque de crochet invers\u00e9 Prym. Enfilez vos perles de silicone et cr\u00e9ez un cordon factice en un rien de temps.","breadcrumb":{"@id":"https:\/\/www.jootjeshaakcadeautjes.nl\/fr\/produit\/aiguille-inversee-pour-le-cordon-tetine-petitjo-special\/#breadcrumb"},"inLanguage":"fr-FR","potentialAction":[{"@type":"ReadAction","target":["https:\/\/www.jootjeshaakcadeautjes.nl\/fr\/produit\/aiguille-inversee-pour-le-cordon-tetine-petitjo-special\/"]}]},{"@type":"ImageObject","inLanguage":"fr-FR","@id":"https:\/\/www.jootjeshaakcadeautjes.nl\/fr\/produit\/aiguille-inversee-pour-le-cordon-tetine-petitjo-special\/#primaryimage","url":"https:\/\/d1dyryakdmle7o.cloudfront.net\/wp-content\/uploads\/2022\/10\/Categorieen-Copy-13-kopie-NaN-kopie-NaN-kopie-NaN-kopie-NaN-kopie-NaN-kopie-1.jpg","contentUrl":"https:\/\/d1dyryakdmle7o.cloudfront.net\/wp-content\/uploads\/2022\/10\/Categorieen-Copy-13-kopie-NaN-kopie-NaN-kopie-NaN-kopie-NaN-kopie-NaN-kopie-1.jpg","width":1080,"height":1080,"caption":"Aiguille \u00e0 rebrousse-poil sp\u00e9ciale pour les cordons de t\u00e9tine LittleJo Attache-t\u00e9tine \u00e0 fabriquer soi-m\u00eame"},{"@type":"BreadcrumbList","@id":"https:\/\/www.jootjeshaakcadeautjes.nl\/fr\/produit\/aiguille-inversee-pour-le-cordon-tetine-petitjo-special\/#breadcrumb","itemListElement":[{"@type":"ListItem","position":1,"name":"Accueil","item":"https:\/\/www.jootjeshaakcadeautjes.nl\/fr\/"},{"@type":"ListItem","position":2,"name":"Commerce de gros de perles en silicone &#8211; Entreprises et consommateurs","item":"https:\/\/www.jootjeshaakcadeautjes.nl\/fr\/boutique\/"},{"@type":"ListItem","position":3,"name":"Aiguille \u00e0 rebrousse-poil pour cordelette factice &#8211; LittleJo Special !"}]},{"@type":"WebSite","@id":"https:\/\/www.jootjeshaakcadeautjes.nl\/fr\/#website","url":"https:\/\/www.jootjeshaakcadeautjes.nl\/fr\/","name":"Jootjes Haakcadeautjes","description":"Grossiste en perles de silicone","publisher":{"@id":"https:\/\/www.jootjeshaakcadeautjes.nl\/fr\/#organization"},"potentialAction":[{"@type":"SearchAction","target":{"@type":"EntryPoint","urlTemplate":"https:\/\/www.jootjeshaakcadeautjes.nl\/fr\/?s={search_term_string}"},"query-input":{"@type":"PropertyValueSpecification","valueRequired":true,"valueName":"search_term_string"}}],"inLanguage":"fr-FR"},{"@type":"Organization","@id":"https:\/\/www.jootjeshaakcadeautjes.nl\/fr\/#organization","name":"Jootjes Haakcadeautjes","url":"https:\/\/www.jootjeshaakcadeautjes.nl\/fr\/","logo":{"@type":"ImageObject","inLanguage":"fr-FR","@id":"https:\/\/www.jootjeshaakcadeautjes.nl\/fr\/#\/schema\/logo\/image\/","url":"https:\/\/jootjes-haakcadeautjes-media.s3.amazonaws.com\/wp-content\/uploads\/2023\/05\/Logo-rond.png","contentUrl":"https:\/\/jootjes-haakcadeautjes-media.s3.amazonaws.com\/wp-content\/uploads\/2023\/05\/Logo-rond.png","width":1222,"height":1222,"caption":"Jootjes Haakcadeautjes"},"image":{"@id":"https:\/\/www.jootjeshaakcadeautjes.nl\/fr\/#\/schema\/logo\/image\/"}}]},"product_price_amount":"3.25","product_price_currency":"EUR","og_availability":"instock","product_availability":"instock","product_retailer_item_id":"LJO-OMK-NAL","product_condition":"new"},"_links":{"self":[{"href":"https:\/\/www.jootjeshaakcadeautjes.nl\/fr\/wp-json\/wp\/v2\/product\/133165","targetHints":{"allow":["GET"]}}],"collection":[{"href":"https:\/\/www.jootjeshaakcadeautjes.nl\/fr\/wp-json\/wp\/v2\/product"}],"about":[{"href":"https:\/\/www.jootjeshaakcadeautjes.nl\/fr\/wp-json\/wp\/v2\/types\/product"}],"version-history":[{"count":0,"href":"https:\/\/www.jootjeshaakcadeautjes.nl\/fr\/wp-json\/wp\/v2\/product\/133165\/revisions"}],"wp:featuredmedia":[{"embeddable":true,"href":"https:\/\/www.jootjeshaakcadeautjes.nl\/fr\/wp-json\/wp\/v2\/media\/82095"}],"wp:attachment":[{"href":"https:\/\/www.jootjeshaakcadeautjes.nl\/fr\/wp-json\/wp\/v2\/media?parent=133165"}],"wp:term":[{"taxonomy":"product_brand","embeddable":true,"href":"https:\/\/www.jootjeshaakcadeautjes.nl\/fr\/wp-json\/wp\/v2\/product_brand?post=133165"},{"taxonomy":"product_cat","embeddable":true,"href":"https:\/\/www.jootjeshaakcadeautjes.nl\/fr\/wp-json\/wp\/v2\/product_cat?post=133165"},{"taxonomy":"product_tag","embeddable":true,"href":"https:\/\/www.jootjeshaakcadeautjes.nl\/fr\/wp-json\/wp\/v2\/product_tag?post=133165"}],"curies":[{"name":"wp","href":"https:\/\/api.w.org\/{rel}","templated":true}]}}