{"id":133223,"date":"2022-09-25T20:50:00","date_gmt":"2022-09-25T18:50:00","guid":{"rendered":"https:\/\/www.jootjeshaakcadeautjes.nl\/product\/bois-bite-anneau-fleur-petit\/"},"modified":"2026-02-09T22:33:24","modified_gmt":"2026-02-09T21:33:24","slug":"bois-bite-anneau-fleur-petit","status":"publish","type":"product","link":"https:\/\/www.jootjeshaakcadeautjes.nl\/fr\/produit\/bois-bite-anneau-fleur-petit\/","title":{"rendered":"Anneau de dentition en bois &#8211; Fleur &#8211; 51 x 48 mm (Petit) &#8211; Bois de h\u00eatre"},"content":{"rendered":"<h1>Anneau de dentition en bois &#8211; Fleur &#8211; 51 x 48 mm &#8211; Bois de h\u00eatre<\/h1>\n<p>Fabriqu\u00e9 en bois brut (non laqu\u00e9, teint\u00e9 ou huil\u00e9).<br \/>\nTaille : 51 x 48 mm.<br \/>\nLes anneaux de dentition en forme de fleur sont fabriqu\u00e9s en bois de h\u00eatre de haute qualit\u00e9. Comme il s&#8217;agit d&#8217;un produit naturel, les anneaux peuvent pr\u00e9senter des \u00e9carts minimes.<\/p>\n<p>&nbsp;<\/p>\n","protected":false},"excerpt":{"rendered":"<p>Fabriqu\u00e9 en bois brut (non laqu\u00e9, teint\u00e9 ou huil\u00e9). Finition lisse et soign\u00e9e. Taille : 51 x 48 mm Diam\u00e8tre du trou : 25 cm (pour plus d&#8217;informations, voir le bas de la page).<\/p>\n","protected":false},"featured_media":81235,"template":"","meta":[],"product_brand":[],"product_cat":[12293,12339,13161,12292,12294,7378],"product_tag":[7384,7401,12653,12316,10079,7455,7463,7197,7418,10282,12313,12657,10402,7408],"class_list":{"0":"post-133223","1":"product","2":"type-product","3":"status-publish","4":"has-post-thumbnail","6":"product_cat-anneaux-de-dentition-bebe-silicone-et-bois","7":"product_cat-anneaux-de-dentition-en-bois-bois-de-hetre","8":"product_cat-anneaux-de-dentition-pour-animaux","9":"product_cat-anneaux-en-bois","10":"product_cat-anneaux-en-bois-pour-le-macrame-et-le-crochet","11":"product_cat-fabrication-de-jouets-de-dentition-pour-bebe-cordon-de-sucette-et-anneaux-de-dentition","12":"product_tag-anneau-de-dentition","13":"product_tag-bebe","14":"product_tag-bois-de-hetre-fr","15":"product_tag-brut","16":"product_tag-cadeau-de-maternite","17":"product_tag-chaine-de-landau","18":"product_tag-commerce-de-gros","19":"product_tag-en-bois","20":"product_tag-faux-cordon","21":"product_tag-fleur-fr-2","22":"product_tag-gymnastique-pour-bebes","23":"product_tag-jouet-de-dentition","24":"product_tag-pendentif","25":"product_tag-sur","27":"first","28":"instock","29":"taxable","30":"shipping-taxable","31":"purchasable","32":"product-type-simple"},"bundled_by":[],"bundle_stock_status":"instock","bundle_stock_quantity":30,"bundle_virtual":false,"bundle_layout":"","bundle_add_to_cart_form_location":"","bundle_editable_in_cart":false,"bundle_sold_individually_context":"","bundle_item_grouping":"","bundle_min_size":"","bundle_max_size":"","bundle_price":[],"bundled_items":[],"bundle_sell_ids":[],"yoast_head":"<!-- This site is optimized with the Yoast SEO Premium plugin v27.6 (Yoast SEO v27.6) - https:\/\/yoast.com\/product\/yoast-seo-premium-wordpress\/ -->\n<title>Anneau de dentition en bois - Fleur - 51 x 48 mm (Petit) - Bois de h\u00eatre - Jootjes Haakcadeautjes<\/title>\n<meta name=\"description\" content=\"Anneau de dentition \u00e9l\u00e9phant en bois \/ anneau pendentif \u00e9l\u00e9phant pour vos jouets de b\u00e9b\u00e9 faits \u00e0 la main. Par exemple, pour un anneau de dentition, un hochet ou un porte-b\u00e9b\u00e9 en bois.\" \/>\n<meta name=\"robots\" content=\"index, follow, max-snippet:-1, max-image-preview:large, max-video-preview:-1\" \/>\n<link rel=\"canonical\" href=\"https:\/\/www.jootjeshaakcadeautjes.nl\/fr\/produit\/bois-bite-anneau-fleur-petit\/\" \/>\n<meta property=\"og:locale\" content=\"fr_FR\" \/>\n<meta property=\"og:type\" content=\"article\" \/>\n<meta property=\"og:title\" content=\"Anneau de dentition en bois - Fleur - 51 x 48 mm (Petit) - Bois de h\u00eatre\" \/>\n<meta property=\"og:description\" content=\"Anneau de dentition \u00e9l\u00e9phant en bois \/ anneau pendentif \u00e9l\u00e9phant pour vos jouets de b\u00e9b\u00e9 faits \u00e0 la main. Par exemple, pour un anneau de dentition, un hochet ou un porte-b\u00e9b\u00e9 en bois.\" \/>\n<meta property=\"og:url\" content=\"https:\/\/www.jootjeshaakcadeautjes.nl\/fr\/produit\/bois-bite-anneau-fleur-petit\/\" \/>\n<meta property=\"og:site_name\" content=\"Jootjes Haakcadeautjes\" \/>\n<meta property=\"article:modified_time\" content=\"2026-02-09T21:33:24+00:00\" \/>\n<meta property=\"og:image\" content=\"https:\/\/www.jootjeshaakcadeautjes.nl\/wp-content\/uploads\/2022\/08\/20220718_095027.jpg\" \/>\n\t<meta property=\"og:image:width\" content=\"2048\" \/>\n\t<meta property=\"og:image:height\" content=\"2048\" \/>\n\t<meta property=\"og:image:type\" content=\"image\/jpeg\" \/>\n<meta name=\"twitter:card\" content=\"summary_large_image\" \/>\n<meta name=\"twitter:label1\" content=\"Prix\" \/>\n\t<meta name=\"twitter:data1\" content=\"&euro;2.00 TTC\" \/>\n\t<meta name=\"twitter:label2\" content=\"Disponibilit\u00e9\" \/>\n\t<meta name=\"twitter:data2\" content=\"En stock\" \/>\n<script type=\"application\/ld+json\" class=\"yoast-schema-graph\">{\"@context\":\"https:\\\/\\\/schema.org\",\"@graph\":[{\"@type\":\"WebPage\",\"@id\":\"https:\\\/\\\/www.jootjeshaakcadeautjes.nl\\\/fr\\\/produit\\\/bois-bite-anneau-fleur-petit\\\/\",\"url\":\"https:\\\/\\\/www.jootjeshaakcadeautjes.nl\\\/fr\\\/produit\\\/bois-bite-anneau-fleur-petit\\\/\",\"name\":\"Anneau de dentition en bois - Fleur - 51 x 48 mm (Petit) - Bois de h\u00eatre - Jootjes Haakcadeautjes\",\"isPartOf\":{\"@id\":\"https:\\\/\\\/www.jootjeshaakcadeautjes.nl\\\/fr\\\/#website\"},\"primaryImageOfPage\":{\"@id\":\"https:\\\/\\\/www.jootjeshaakcadeautjes.nl\\\/fr\\\/produit\\\/bois-bite-anneau-fleur-petit\\\/#primaryimage\"},\"image\":{\"@id\":\"https:\\\/\\\/www.jootjeshaakcadeautjes.nl\\\/fr\\\/produit\\\/bois-bite-anneau-fleur-petit\\\/#primaryimage\"},\"thumbnailUrl\":\"https:\\\/\\\/d1dyryakdmle7o.cloudfront.net\\\/wp-content\\\/uploads\\\/2022\\\/08\\\/20220718_095027.jpg\",\"datePublished\":\"2022-09-25T18:50:00+00:00\",\"dateModified\":\"2026-02-09T21:33:24+00:00\",\"description\":\"Anneau de dentition \u00e9l\u00e9phant en bois \\\/ anneau pendentif \u00e9l\u00e9phant pour vos jouets de b\u00e9b\u00e9 faits \u00e0 la main. Par exemple, pour un anneau de dentition, un hochet ou un porte-b\u00e9b\u00e9 en bois.\",\"breadcrumb\":{\"@id\":\"https:\\\/\\\/www.jootjeshaakcadeautjes.nl\\\/fr\\\/produit\\\/bois-bite-anneau-fleur-petit\\\/#breadcrumb\"},\"inLanguage\":\"fr-FR\",\"potentialAction\":[{\"@type\":\"ReadAction\",\"target\":[\"https:\\\/\\\/www.jootjeshaakcadeautjes.nl\\\/fr\\\/produit\\\/bois-bite-anneau-fleur-petit\\\/\"]}]},{\"@type\":\"ImageObject\",\"inLanguage\":\"fr-FR\",\"@id\":\"https:\\\/\\\/www.jootjeshaakcadeautjes.nl\\\/fr\\\/produit\\\/bois-bite-anneau-fleur-petit\\\/#primaryimage\",\"url\":\"https:\\\/\\\/d1dyryakdmle7o.cloudfront.net\\\/wp-content\\\/uploads\\\/2022\\\/08\\\/20220718_095027.jpg\",\"contentUrl\":\"https:\\\/\\\/d1dyryakdmle7o.cloudfront.net\\\/wp-content\\\/uploads\\\/2022\\\/08\\\/20220718_095027.jpg\",\"width\":2048,\"height\":2048,\"caption\":\"Anneau de dentition en bois fleur petit grossiste\"},{\"@type\":\"BreadcrumbList\",\"@id\":\"https:\\\/\\\/www.jootjeshaakcadeautjes.nl\\\/fr\\\/produit\\\/bois-bite-anneau-fleur-petit\\\/#breadcrumb\",\"itemListElement\":[{\"@type\":\"ListItem\",\"position\":1,\"name\":\"Accueil\",\"item\":\"https:\\\/\\\/www.jootjeshaakcadeautjes.nl\\\/fr\\\/\"},{\"@type\":\"ListItem\",\"position\":2,\"name\":\"Commerce de gros de perles en silicone &#8211; Entreprises et consommateurs\",\"item\":\"https:\\\/\\\/www.jootjeshaakcadeautjes.nl\\\/fr\\\/boutique\\\/\"},{\"@type\":\"ListItem\",\"position\":3,\"name\":\"Anneau de dentition en bois &#8211; Fleur &#8211; 51 x 48 mm (Petit) &#8211; Bois de h\u00eatre\"}]},{\"@type\":\"WebSite\",\"@id\":\"https:\\\/\\\/www.jootjeshaakcadeautjes.nl\\\/fr\\\/#website\",\"url\":\"https:\\\/\\\/www.jootjeshaakcadeautjes.nl\\\/fr\\\/\",\"name\":\"Jootjes Haakcadeautjes\",\"description\":\"Grossiste en perles de silicone\",\"publisher\":{\"@id\":\"https:\\\/\\\/www.jootjeshaakcadeautjes.nl\\\/fr\\\/#organization\"},\"potentialAction\":[{\"@type\":\"SearchAction\",\"target\":{\"@type\":\"EntryPoint\",\"urlTemplate\":\"https:\\\/\\\/www.jootjeshaakcadeautjes.nl\\\/fr\\\/?s={search_term_string}\"},\"query-input\":{\"@type\":\"PropertyValueSpecification\",\"valueRequired\":true,\"valueName\":\"search_term_string\"}}],\"inLanguage\":\"fr-FR\"},{\"@type\":\"Organization\",\"@id\":\"https:\\\/\\\/www.jootjeshaakcadeautjes.nl\\\/fr\\\/#organization\",\"name\":\"Jootjes Haakcadeautjes\",\"url\":\"https:\\\/\\\/www.jootjeshaakcadeautjes.nl\\\/fr\\\/\",\"logo\":{\"@type\":\"ImageObject\",\"inLanguage\":\"fr-FR\",\"@id\":\"https:\\\/\\\/www.jootjeshaakcadeautjes.nl\\\/fr\\\/#\\\/schema\\\/logo\\\/image\\\/\",\"url\":\"https:\\\/\\\/d1dyryakdmle7o.cloudfront.net\\\/wp-content\\\/uploads\\\/2023\\\/05\\\/Logo-rond.png\",\"contentUrl\":\"https:\\\/\\\/d1dyryakdmle7o.cloudfront.net\\\/wp-content\\\/uploads\\\/2023\\\/05\\\/Logo-rond.png\",\"width\":1222,\"height\":1222,\"caption\":\"Jootjes Haakcadeautjes\"},\"image\":{\"@id\":\"https:\\\/\\\/www.jootjeshaakcadeautjes.nl\\\/fr\\\/#\\\/schema\\\/logo\\\/image\\\/\"}}]}<\/script>\n<meta property=\"product:price:amount\" content=\"2.00\" \/>\n<meta property=\"product:price:currency\" content=\"EUR\" \/>\n<meta property=\"og:availability\" content=\"instock\" \/>\n<meta property=\"product:availability\" content=\"instock\" \/>\n<meta property=\"product:retailer_item_id\" content=\"HOU-HAN-BLO2\" \/>\n<meta property=\"product:condition\" content=\"new\" \/>\n<!-- \/ Yoast SEO Premium plugin. -->","yoast_head_json":{"title":"Anneau de dentition en bois - Fleur - 51 x 48 mm (Petit) - Bois de h\u00eatre - Jootjes Haakcadeautjes","description":"Anneau de dentition \u00e9l\u00e9phant en bois \/ anneau pendentif \u00e9l\u00e9phant pour vos jouets de b\u00e9b\u00e9 faits \u00e0 la main. Par exemple, pour un anneau de dentition, un hochet ou un porte-b\u00e9b\u00e9 en bois.","robots":{"index":"index","follow":"follow","max-snippet":"max-snippet:-1","max-image-preview":"max-image-preview:large","max-video-preview":"max-video-preview:-1"},"canonical":"https:\/\/www.jootjeshaakcadeautjes.nl\/fr\/produit\/bois-bite-anneau-fleur-petit\/","og_locale":"fr_FR","og_type":"article","og_title":"Anneau de dentition en bois - Fleur - 51 x 48 mm (Petit) - Bois de h\u00eatre","og_description":"Anneau de dentition \u00e9l\u00e9phant en bois \/ anneau pendentif \u00e9l\u00e9phant pour vos jouets de b\u00e9b\u00e9 faits \u00e0 la main. Par exemple, pour un anneau de dentition, un hochet ou un porte-b\u00e9b\u00e9 en bois.","og_url":"https:\/\/www.jootjeshaakcadeautjes.nl\/fr\/produit\/bois-bite-anneau-fleur-petit\/","og_site_name":"Jootjes Haakcadeautjes","article_modified_time":"2026-02-09T21:33:24+00:00","og_image":[{"width":2048,"height":2048,"url":"https:\/\/www.jootjeshaakcadeautjes.nl\/wp-content\/uploads\/2022\/08\/20220718_095027.jpg","type":"image\/jpeg"}],"twitter_card":"summary_large_image","twitter_misc":{"Prix":"&euro;2.00 TTC","Disponibilit\u00e9":"En stock"},"schema":{"@context":"https:\/\/schema.org","@graph":[{"@type":"WebPage","@id":"https:\/\/www.jootjeshaakcadeautjes.nl\/fr\/produit\/bois-bite-anneau-fleur-petit\/","url":"https:\/\/www.jootjeshaakcadeautjes.nl\/fr\/produit\/bois-bite-anneau-fleur-petit\/","name":"Anneau de dentition en bois - Fleur - 51 x 48 mm (Petit) - Bois de h\u00eatre - Jootjes Haakcadeautjes","isPartOf":{"@id":"https:\/\/www.jootjeshaakcadeautjes.nl\/fr\/#website"},"primaryImageOfPage":{"@id":"https:\/\/www.jootjeshaakcadeautjes.nl\/fr\/produit\/bois-bite-anneau-fleur-petit\/#primaryimage"},"image":{"@id":"https:\/\/www.jootjeshaakcadeautjes.nl\/fr\/produit\/bois-bite-anneau-fleur-petit\/#primaryimage"},"thumbnailUrl":"https:\/\/d1dyryakdmle7o.cloudfront.net\/wp-content\/uploads\/2022\/08\/20220718_095027.jpg","datePublished":"2022-09-25T18:50:00+00:00","dateModified":"2026-02-09T21:33:24+00:00","description":"Anneau de dentition \u00e9l\u00e9phant en bois \/ anneau pendentif \u00e9l\u00e9phant pour vos jouets de b\u00e9b\u00e9 faits \u00e0 la main. Par exemple, pour un anneau de dentition, un hochet ou un porte-b\u00e9b\u00e9 en bois.","breadcrumb":{"@id":"https:\/\/www.jootjeshaakcadeautjes.nl\/fr\/produit\/bois-bite-anneau-fleur-petit\/#breadcrumb"},"inLanguage":"fr-FR","potentialAction":[{"@type":"ReadAction","target":["https:\/\/www.jootjeshaakcadeautjes.nl\/fr\/produit\/bois-bite-anneau-fleur-petit\/"]}]},{"@type":"ImageObject","inLanguage":"fr-FR","@id":"https:\/\/www.jootjeshaakcadeautjes.nl\/fr\/produit\/bois-bite-anneau-fleur-petit\/#primaryimage","url":"https:\/\/d1dyryakdmle7o.cloudfront.net\/wp-content\/uploads\/2022\/08\/20220718_095027.jpg","contentUrl":"https:\/\/d1dyryakdmle7o.cloudfront.net\/wp-content\/uploads\/2022\/08\/20220718_095027.jpg","width":2048,"height":2048,"caption":"Anneau de dentition en bois fleur petit grossiste"},{"@type":"BreadcrumbList","@id":"https:\/\/www.jootjeshaakcadeautjes.nl\/fr\/produit\/bois-bite-anneau-fleur-petit\/#breadcrumb","itemListElement":[{"@type":"ListItem","position":1,"name":"Accueil","item":"https:\/\/www.jootjeshaakcadeautjes.nl\/fr\/"},{"@type":"ListItem","position":2,"name":"Commerce de gros de perles en silicone &#8211; Entreprises et consommateurs","item":"https:\/\/www.jootjeshaakcadeautjes.nl\/fr\/boutique\/"},{"@type":"ListItem","position":3,"name":"Anneau de dentition en bois &#8211; Fleur &#8211; 51 x 48 mm (Petit) &#8211; Bois de h\u00eatre"}]},{"@type":"WebSite","@id":"https:\/\/www.jootjeshaakcadeautjes.nl\/fr\/#website","url":"https:\/\/www.jootjeshaakcadeautjes.nl\/fr\/","name":"Jootjes Haakcadeautjes","description":"Grossiste en perles de silicone","publisher":{"@id":"https:\/\/www.jootjeshaakcadeautjes.nl\/fr\/#organization"},"potentialAction":[{"@type":"SearchAction","target":{"@type":"EntryPoint","urlTemplate":"https:\/\/www.jootjeshaakcadeautjes.nl\/fr\/?s={search_term_string}"},"query-input":{"@type":"PropertyValueSpecification","valueRequired":true,"valueName":"search_term_string"}}],"inLanguage":"fr-FR"},{"@type":"Organization","@id":"https:\/\/www.jootjeshaakcadeautjes.nl\/fr\/#organization","name":"Jootjes Haakcadeautjes","url":"https:\/\/www.jootjeshaakcadeautjes.nl\/fr\/","logo":{"@type":"ImageObject","inLanguage":"fr-FR","@id":"https:\/\/www.jootjeshaakcadeautjes.nl\/fr\/#\/schema\/logo\/image\/","url":"https:\/\/d1dyryakdmle7o.cloudfront.net\/wp-content\/uploads\/2023\/05\/Logo-rond.png","contentUrl":"https:\/\/d1dyryakdmle7o.cloudfront.net\/wp-content\/uploads\/2023\/05\/Logo-rond.png","width":1222,"height":1222,"caption":"Jootjes Haakcadeautjes"},"image":{"@id":"https:\/\/www.jootjeshaakcadeautjes.nl\/fr\/#\/schema\/logo\/image\/"}}]},"product_price_amount":"2.00","product_price_currency":"EUR","og_availability":"instock","product_availability":"instock","product_retailer_item_id":"HOU-HAN-BLO2","product_condition":"new"},"_links":{"self":[{"href":"https:\/\/www.jootjeshaakcadeautjes.nl\/fr\/wp-json\/wp\/v2\/product\/133223","targetHints":{"allow":["GET"]}}],"collection":[{"href":"https:\/\/www.jootjeshaakcadeautjes.nl\/fr\/wp-json\/wp\/v2\/product"}],"about":[{"href":"https:\/\/www.jootjeshaakcadeautjes.nl\/fr\/wp-json\/wp\/v2\/types\/product"}],"version-history":[{"count":0,"href":"https:\/\/www.jootjeshaakcadeautjes.nl\/fr\/wp-json\/wp\/v2\/product\/133223\/revisions"}],"wp:featuredmedia":[{"embeddable":true,"href":"https:\/\/www.jootjeshaakcadeautjes.nl\/fr\/wp-json\/wp\/v2\/media\/81235"}],"wp:attachment":[{"href":"https:\/\/www.jootjeshaakcadeautjes.nl\/fr\/wp-json\/wp\/v2\/media?parent=133223"}],"wp:term":[{"taxonomy":"product_brand","embeddable":true,"href":"https:\/\/www.jootjeshaakcadeautjes.nl\/fr\/wp-json\/wp\/v2\/product_brand?post=133223"},{"taxonomy":"product_cat","embeddable":true,"href":"https:\/\/www.jootjeshaakcadeautjes.nl\/fr\/wp-json\/wp\/v2\/product_cat?post=133223"},{"taxonomy":"product_tag","embeddable":true,"href":"https:\/\/www.jootjeshaakcadeautjes.nl\/fr\/wp-json\/wp\/v2\/product_tag?post=133223"}],"curies":[{"name":"wp","href":"https:\/\/api.w.org\/{rel}","templated":true}]}}