{"id":133232,"date":"2022-08-09T23:31:32","date_gmt":"2022-08-09T21:31:32","guid":{"rendered":"https:\/\/www.jootjeshaakcadeautjes.nl\/product\/lunettes-pour-tout-petits-uv400-littlejo-dahlia\/"},"modified":"2025-03-11T04:09:13","modified_gmt":"2025-03-11T03:09:13","slug":"lunettes-pour-tout-petits-uv400-littlejo-dahlia","status":"publish","type":"product","link":"https:\/\/www.jootjeshaakcadeautjes.nl\/fr\/produit\/lunettes-pour-tout-petits-uv400-littlejo-dahlia\/","title":{"rendered":"Lunettes de soleil pour enfant &#8211; UV400 &#8211; LittleJo &#8211; Dahlia"},"content":{"rendered":"<h2>Lunettes de soleil pour enfant &#8211; UV400 &#8211; LittleJo &#8211; Dahlia<\/h2>\n<p>Marque : LittleJo<br \/>\nNom du coloris : Dahlia<br \/>\nQualit\u00e9\/classe : UV400<br \/>\nAdapt\u00e9 \u00e0 l&#8217;\u00e2ge : 2-10 ans<br \/>\nDimensions : 12,5 cm (largeur\/cadre) x 14 cm (pied)<\/p>\n<p>Donnez \u00e0 votre enfant un look branch\u00e9 et s\u00fbr avec une paire de lunettes de soleil de LittleJo. Ces lunettes de soleil se marient tr\u00e8s bien avec la couleur des perles de silicone Lever et nos autres perles de silicone, de sorte que vous pouvez facilement cr\u00e9er votre propre cordon de lunettes de soleil. Ainsi, vous ne perdrez pas facilement ces lunettes de soleil pour enfants et votre enfant pourra les utiliser pendant longtemps.<\/p>\n","protected":false},"excerpt":{"rendered":"<p>Marque : LittleJo Nom de la couleur : Dahlia Convient \u00e0 l&#8217;\u00e2ge : 2-10 ans Qualit\u00e9\/Classe : UV400 Dimensions : 12,5 cm (largeur\/cadre) x 14 cm (jambe)<\/p>\n","protected":false},"featured_media":81182,"template":"","meta":[],"product_brand":[],"product_cat":[],"product_tag":[],"class_list":{"0":"post-133232","1":"product","2":"type-product","3":"status-publish","4":"has-post-thumbnail","7":"first","8":"outofstock","9":"taxable","10":"shipping-taxable","11":"purchasable","12":"product-type-simple"},"bundled_by":[],"bundle_stock_status":"outofstock","bundle_stock_quantity":0,"bundle_virtual":false,"bundle_layout":"","bundle_add_to_cart_form_location":"","bundle_editable_in_cart":false,"bundle_sold_individually_context":"","bundle_item_grouping":"","bundle_min_size":"","bundle_max_size":"","bundle_price":[],"bundled_items":[],"bundle_sell_ids":[],"yoast_head":"<!-- This site is optimized with the Yoast SEO Premium plugin v26.4 (Yoast SEO v27.3) - https:\/\/yoast.com\/product\/yoast-seo-premium-wordpress\/ -->\n<title>Lunettes de soleil pour enfant - UV400 - LittleJo - Dahlia - Wholesale<\/title>\n<meta name=\"description\" content=\"Lunettes de soleil Toddler pour votre enfant en couleur Dahlia. Lunettes de soleil pour enfants certifi\u00e9es CE, s\u00fbres selon l&#039;indice UV400.\" \/>\n<meta name=\"robots\" content=\"index, follow, max-snippet:-1, max-image-preview:large, max-video-preview:-1\" \/>\n<link rel=\"canonical\" href=\"https:\/\/www.jootjeshaakcadeautjes.nl\/fr\/produit\/lunettes-pour-tout-petits-uv400-littlejo-dahlia\/\" \/>\n<meta property=\"og:locale\" content=\"fr_FR\" \/>\n<meta property=\"og:type\" content=\"article\" \/>\n<meta property=\"og:title\" content=\"Lunettes de soleil pour enfant - UV400 - LittleJo - Dahlia\" \/>\n<meta property=\"og:description\" content=\"Lunettes de soleil Toddler pour votre enfant en couleur Dahlia. Lunettes de soleil pour enfants certifi\u00e9es CE, s\u00fbres selon l&#039;indice UV400.\" \/>\n<meta property=\"og:url\" content=\"https:\/\/www.jootjeshaakcadeautjes.nl\/fr\/produit\/lunettes-pour-tout-petits-uv400-littlejo-dahlia\/\" \/>\n<meta property=\"og:site_name\" content=\"Jootjes Haakcadeautjes\" \/>\n<meta property=\"article:modified_time\" content=\"2025-03-11T03:09:13+00:00\" \/>\n<meta property=\"og:image\" content=\"https:\/\/www.jootjeshaakcadeautjes.nl\/wp-content\/uploads\/2022\/08\/20220712_203945.jpg\" \/>\n\t<meta property=\"og:image:width\" content=\"2048\" \/>\n\t<meta property=\"og:image:height\" content=\"2048\" \/>\n\t<meta property=\"og:image:type\" content=\"image\/jpeg\" \/>\n<meta name=\"twitter:card\" content=\"summary_large_image\" \/>\n<meta name=\"twitter:label1\" content=\"Prix\" \/>\n\t<meta name=\"twitter:data1\" content=\"&euro;8.95 TTC\" \/>\n\t<meta name=\"twitter:label2\" content=\"Disponibilit\u00e9\" \/>\n\t<meta name=\"twitter:data2\" content=\"Rupture de stock\" \/>\n<script type=\"application\/ld+json\" class=\"yoast-schema-graph\">{\"@context\":\"https:\\\/\\\/schema.org\",\"@graph\":[{\"@type\":\"WebPage\",\"@id\":\"https:\\\/\\\/www.jootjeshaakcadeautjes.nl\\\/fr\\\/produit\\\/lunettes-pour-tout-petits-uv400-littlejo-dahlia\\\/\",\"url\":\"https:\\\/\\\/www.jootjeshaakcadeautjes.nl\\\/fr\\\/produit\\\/lunettes-pour-tout-petits-uv400-littlejo-dahlia\\\/\",\"name\":\"Lunettes de soleil pour enfant - UV400 - LittleJo - Dahlia - Wholesale\",\"isPartOf\":{\"@id\":\"https:\\\/\\\/www.jootjeshaakcadeautjes.nl\\\/fr\\\/#website\"},\"primaryImageOfPage\":{\"@id\":\"https:\\\/\\\/www.jootjeshaakcadeautjes.nl\\\/fr\\\/produit\\\/lunettes-pour-tout-petits-uv400-littlejo-dahlia\\\/#primaryimage\"},\"image\":{\"@id\":\"https:\\\/\\\/www.jootjeshaakcadeautjes.nl\\\/fr\\\/produit\\\/lunettes-pour-tout-petits-uv400-littlejo-dahlia\\\/#primaryimage\"},\"thumbnailUrl\":\"https:\\\/\\\/d1dyryakdmle7o.cloudfront.net\\\/wp-content\\\/uploads\\\/2022\\\/08\\\/20220712_203945.jpg\",\"datePublished\":\"2022-08-09T21:31:32+00:00\",\"dateModified\":\"2025-03-11T03:09:13+00:00\",\"description\":\"Lunettes de soleil Toddler pour votre enfant en couleur Dahlia. Lunettes de soleil pour enfants certifi\u00e9es CE, s\u00fbres selon l'indice UV400.\",\"breadcrumb\":{\"@id\":\"https:\\\/\\\/www.jootjeshaakcadeautjes.nl\\\/fr\\\/produit\\\/lunettes-pour-tout-petits-uv400-littlejo-dahlia\\\/#breadcrumb\"},\"inLanguage\":\"fr-FR\",\"potentialAction\":[{\"@type\":\"ReadAction\",\"target\":[\"https:\\\/\\\/www.jootjeshaakcadeautjes.nl\\\/fr\\\/produit\\\/lunettes-pour-tout-petits-uv400-littlejo-dahlia\\\/\"]}]},{\"@type\":\"ImageObject\",\"inLanguage\":\"fr-FR\",\"@id\":\"https:\\\/\\\/www.jootjeshaakcadeautjes.nl\\\/fr\\\/produit\\\/lunettes-pour-tout-petits-uv400-littlejo-dahlia\\\/#primaryimage\",\"url\":\"https:\\\/\\\/d1dyryakdmle7o.cloudfront.net\\\/wp-content\\\/uploads\\\/2022\\\/08\\\/20220712_203945.jpg\",\"contentUrl\":\"https:\\\/\\\/d1dyryakdmle7o.cloudfront.net\\\/wp-content\\\/uploads\\\/2022\\\/08\\\/20220712_203945.jpg\",\"width\":2048,\"height\":2048,\"caption\":\"Lunettes de soleil pour enfant UV400 Lunettes de soleil Wholesale Acheter dahlia\"},{\"@type\":\"BreadcrumbList\",\"@id\":\"https:\\\/\\\/www.jootjeshaakcadeautjes.nl\\\/fr\\\/produit\\\/lunettes-pour-tout-petits-uv400-littlejo-dahlia\\\/#breadcrumb\",\"itemListElement\":[{\"@type\":\"ListItem\",\"position\":1,\"name\":\"Accueil\",\"item\":\"https:\\\/\\\/www.jootjeshaakcadeautjes.nl\\\/fr\\\/\"},{\"@type\":\"ListItem\",\"position\":2,\"name\":\"Commerce de gros de perles en silicone &#8211; Entreprises et consommateurs\",\"item\":\"https:\\\/\\\/www.jootjeshaakcadeautjes.nl\\\/fr\\\/boutique\\\/\"},{\"@type\":\"ListItem\",\"position\":3,\"name\":\"Lunettes de soleil pour enfant &#8211; UV400 &#8211; LittleJo &#8211; Dahlia\"}]},{\"@type\":\"WebSite\",\"@id\":\"https:\\\/\\\/www.jootjeshaakcadeautjes.nl\\\/fr\\\/#website\",\"url\":\"https:\\\/\\\/www.jootjeshaakcadeautjes.nl\\\/fr\\\/\",\"name\":\"Jootjes Haakcadeautjes\",\"description\":\"Grossiste en perles de silicone\",\"publisher\":{\"@id\":\"https:\\\/\\\/www.jootjeshaakcadeautjes.nl\\\/fr\\\/#organization\"},\"potentialAction\":[{\"@type\":\"SearchAction\",\"target\":{\"@type\":\"EntryPoint\",\"urlTemplate\":\"https:\\\/\\\/www.jootjeshaakcadeautjes.nl\\\/fr\\\/?s={search_term_string}\"},\"query-input\":{\"@type\":\"PropertyValueSpecification\",\"valueRequired\":true,\"valueName\":\"search_term_string\"}}],\"inLanguage\":\"fr-FR\"},{\"@type\":\"Organization\",\"@id\":\"https:\\\/\\\/www.jootjeshaakcadeautjes.nl\\\/fr\\\/#organization\",\"name\":\"Jootjes Haakcadeautjes\",\"url\":\"https:\\\/\\\/www.jootjeshaakcadeautjes.nl\\\/fr\\\/\",\"logo\":{\"@type\":\"ImageObject\",\"inLanguage\":\"fr-FR\",\"@id\":\"https:\\\/\\\/www.jootjeshaakcadeautjes.nl\\\/fr\\\/#\\\/schema\\\/logo\\\/image\\\/\",\"url\":\"https:\\\/\\\/jootjes-haakcadeautjes-media.s3.amazonaws.com\\\/wp-content\\\/uploads\\\/2023\\\/05\\\/Logo-rond.png\",\"contentUrl\":\"https:\\\/\\\/jootjes-haakcadeautjes-media.s3.amazonaws.com\\\/wp-content\\\/uploads\\\/2023\\\/05\\\/Logo-rond.png\",\"width\":1222,\"height\":1222,\"caption\":\"Jootjes Haakcadeautjes\"},\"image\":{\"@id\":\"https:\\\/\\\/www.jootjeshaakcadeautjes.nl\\\/fr\\\/#\\\/schema\\\/logo\\\/image\\\/\"}}]}<\/script>\n<meta property=\"product:price:amount\" content=\"8.95\" \/>\n<meta property=\"product:price:currency\" content=\"EUR\" \/>\n<meta property=\"og:availability\" content=\"out of stock\" \/>\n<meta property=\"product:availability\" content=\"out of stock\" \/>\n<meta property=\"product:retailer_item_id\" content=\"PEU-ZON-DAHLIA\" \/>\n<meta property=\"product:condition\" content=\"new\" \/>\n<!-- \/ Yoast SEO Premium plugin. -->","yoast_head_json":{"title":"Lunettes de soleil pour enfant - UV400 - LittleJo - Dahlia - Wholesale","description":"Lunettes de soleil Toddler pour votre enfant en couleur Dahlia. Lunettes de soleil pour enfants certifi\u00e9es CE, s\u00fbres selon l'indice UV400.","robots":{"index":"index","follow":"follow","max-snippet":"max-snippet:-1","max-image-preview":"max-image-preview:large","max-video-preview":"max-video-preview:-1"},"canonical":"https:\/\/www.jootjeshaakcadeautjes.nl\/fr\/produit\/lunettes-pour-tout-petits-uv400-littlejo-dahlia\/","og_locale":"fr_FR","og_type":"article","og_title":"Lunettes de soleil pour enfant - UV400 - LittleJo - Dahlia","og_description":"Lunettes de soleil Toddler pour votre enfant en couleur Dahlia. Lunettes de soleil pour enfants certifi\u00e9es CE, s\u00fbres selon l'indice UV400.","og_url":"https:\/\/www.jootjeshaakcadeautjes.nl\/fr\/produit\/lunettes-pour-tout-petits-uv400-littlejo-dahlia\/","og_site_name":"Jootjes Haakcadeautjes","article_modified_time":"2025-03-11T03:09:13+00:00","og_image":[{"width":2048,"height":2048,"url":"https:\/\/www.jootjeshaakcadeautjes.nl\/wp-content\/uploads\/2022\/08\/20220712_203945.jpg","type":"image\/jpeg"}],"twitter_card":"summary_large_image","twitter_misc":{"Prix":"&euro;8.95 TTC","Disponibilit\u00e9":"Rupture de stock"},"schema":{"@context":"https:\/\/schema.org","@graph":[{"@type":"WebPage","@id":"https:\/\/www.jootjeshaakcadeautjes.nl\/fr\/produit\/lunettes-pour-tout-petits-uv400-littlejo-dahlia\/","url":"https:\/\/www.jootjeshaakcadeautjes.nl\/fr\/produit\/lunettes-pour-tout-petits-uv400-littlejo-dahlia\/","name":"Lunettes de soleil pour enfant - UV400 - LittleJo - Dahlia - Wholesale","isPartOf":{"@id":"https:\/\/www.jootjeshaakcadeautjes.nl\/fr\/#website"},"primaryImageOfPage":{"@id":"https:\/\/www.jootjeshaakcadeautjes.nl\/fr\/produit\/lunettes-pour-tout-petits-uv400-littlejo-dahlia\/#primaryimage"},"image":{"@id":"https:\/\/www.jootjeshaakcadeautjes.nl\/fr\/produit\/lunettes-pour-tout-petits-uv400-littlejo-dahlia\/#primaryimage"},"thumbnailUrl":"https:\/\/d1dyryakdmle7o.cloudfront.net\/wp-content\/uploads\/2022\/08\/20220712_203945.jpg","datePublished":"2022-08-09T21:31:32+00:00","dateModified":"2025-03-11T03:09:13+00:00","description":"Lunettes de soleil Toddler pour votre enfant en couleur Dahlia. Lunettes de soleil pour enfants certifi\u00e9es CE, s\u00fbres selon l'indice UV400.","breadcrumb":{"@id":"https:\/\/www.jootjeshaakcadeautjes.nl\/fr\/produit\/lunettes-pour-tout-petits-uv400-littlejo-dahlia\/#breadcrumb"},"inLanguage":"fr-FR","potentialAction":[{"@type":"ReadAction","target":["https:\/\/www.jootjeshaakcadeautjes.nl\/fr\/produit\/lunettes-pour-tout-petits-uv400-littlejo-dahlia\/"]}]},{"@type":"ImageObject","inLanguage":"fr-FR","@id":"https:\/\/www.jootjeshaakcadeautjes.nl\/fr\/produit\/lunettes-pour-tout-petits-uv400-littlejo-dahlia\/#primaryimage","url":"https:\/\/d1dyryakdmle7o.cloudfront.net\/wp-content\/uploads\/2022\/08\/20220712_203945.jpg","contentUrl":"https:\/\/d1dyryakdmle7o.cloudfront.net\/wp-content\/uploads\/2022\/08\/20220712_203945.jpg","width":2048,"height":2048,"caption":"Lunettes de soleil pour enfant UV400 Lunettes de soleil Wholesale Acheter dahlia"},{"@type":"BreadcrumbList","@id":"https:\/\/www.jootjeshaakcadeautjes.nl\/fr\/produit\/lunettes-pour-tout-petits-uv400-littlejo-dahlia\/#breadcrumb","itemListElement":[{"@type":"ListItem","position":1,"name":"Accueil","item":"https:\/\/www.jootjeshaakcadeautjes.nl\/fr\/"},{"@type":"ListItem","position":2,"name":"Commerce de gros de perles en silicone &#8211; Entreprises et consommateurs","item":"https:\/\/www.jootjeshaakcadeautjes.nl\/fr\/boutique\/"},{"@type":"ListItem","position":3,"name":"Lunettes de soleil pour enfant &#8211; UV400 &#8211; LittleJo &#8211; Dahlia"}]},{"@type":"WebSite","@id":"https:\/\/www.jootjeshaakcadeautjes.nl\/fr\/#website","url":"https:\/\/www.jootjeshaakcadeautjes.nl\/fr\/","name":"Jootjes Haakcadeautjes","description":"Grossiste en perles de silicone","publisher":{"@id":"https:\/\/www.jootjeshaakcadeautjes.nl\/fr\/#organization"},"potentialAction":[{"@type":"SearchAction","target":{"@type":"EntryPoint","urlTemplate":"https:\/\/www.jootjeshaakcadeautjes.nl\/fr\/?s={search_term_string}"},"query-input":{"@type":"PropertyValueSpecification","valueRequired":true,"valueName":"search_term_string"}}],"inLanguage":"fr-FR"},{"@type":"Organization","@id":"https:\/\/www.jootjeshaakcadeautjes.nl\/fr\/#organization","name":"Jootjes Haakcadeautjes","url":"https:\/\/www.jootjeshaakcadeautjes.nl\/fr\/","logo":{"@type":"ImageObject","inLanguage":"fr-FR","@id":"https:\/\/www.jootjeshaakcadeautjes.nl\/fr\/#\/schema\/logo\/image\/","url":"https:\/\/jootjes-haakcadeautjes-media.s3.amazonaws.com\/wp-content\/uploads\/2023\/05\/Logo-rond.png","contentUrl":"https:\/\/jootjes-haakcadeautjes-media.s3.amazonaws.com\/wp-content\/uploads\/2023\/05\/Logo-rond.png","width":1222,"height":1222,"caption":"Jootjes Haakcadeautjes"},"image":{"@id":"https:\/\/www.jootjeshaakcadeautjes.nl\/fr\/#\/schema\/logo\/image\/"}}]},"product_price_amount":"8.95","product_price_currency":"EUR","og_availability":"out of stock","product_availability":"out of stock","product_retailer_item_id":"PEU-ZON-DAHLIA","product_condition":"new"},"_links":{"self":[{"href":"https:\/\/www.jootjeshaakcadeautjes.nl\/fr\/wp-json\/wp\/v2\/product\/133232","targetHints":{"allow":["GET"]}}],"collection":[{"href":"https:\/\/www.jootjeshaakcadeautjes.nl\/fr\/wp-json\/wp\/v2\/product"}],"about":[{"href":"https:\/\/www.jootjeshaakcadeautjes.nl\/fr\/wp-json\/wp\/v2\/types\/product"}],"version-history":[{"count":0,"href":"https:\/\/www.jootjeshaakcadeautjes.nl\/fr\/wp-json\/wp\/v2\/product\/133232\/revisions"}],"wp:featuredmedia":[{"embeddable":true,"href":"https:\/\/www.jootjeshaakcadeautjes.nl\/fr\/wp-json\/wp\/v2\/media\/81182"}],"wp:attachment":[{"href":"https:\/\/www.jootjeshaakcadeautjes.nl\/fr\/wp-json\/wp\/v2\/media?parent=133232"}],"wp:term":[{"taxonomy":"product_brand","embeddable":true,"href":"https:\/\/www.jootjeshaakcadeautjes.nl\/fr\/wp-json\/wp\/v2\/product_brand?post=133232"},{"taxonomy":"product_cat","embeddable":true,"href":"https:\/\/www.jootjeshaakcadeautjes.nl\/fr\/wp-json\/wp\/v2\/product_cat?post=133232"},{"taxonomy":"product_tag","embeddable":true,"href":"https:\/\/www.jootjeshaakcadeautjes.nl\/fr\/wp-json\/wp\/v2\/product_tag?post=133232"}],"curies":[{"name":"wp","href":"https:\/\/api.w.org\/{rel}","templated":true}]}}